{"id":15883,"date":"2021-05-12T09:22:22","date_gmt":"2021-05-12T07:22:22","guid":{"rendered":"https:\/\/radarservice.eu\/produkt\/escort-max-360c-miedzynarodowy\/"},"modified":"2025-06-24T21:51:33","modified_gmt":"2025-06-24T19:51:33","slug":"escort-max-360c-miedzynarodowy","status":"publish","type":"product","link":"https:\/\/radarservice.eu\/pl\/produkt\/escort-max-360c-miedzynarodowy\/","title":{"rendered":"Escort MAX 360c Mi\u0119dzynarodowy"},"content":{"rendered":"<p>Escort Max 360c International posiada zaawansowany odbiornik radarowy, kt\u00f3ry zapewnia ostrze\u017cenie dalekiego zasi\u0119gu przy wszystkich wykryciach piorun\u00f3w. <\/p>\n<p>Wy\u015bwietlacz Escort MAX 360c posiada wy\u015bwietlacz OLED, kt\u00f3ry pozwala na wiele ustawie\u0144 kolor\u00f3w. Wy\u015bwietlacz mo\u017cna ustawi\u0107 na kolor niebieski, zielony, czerwony lub bursztynowy. Jasno\u015b\u0107 wy\u015bwietlacza mo\u017ce by\u0107 ustawiona na ciemn\u0105, minimaln\u0105, \u015bredni\u0105, maksymaln\u0105 lub automatyczn\u0105.<\/p>\n<p>.<\/p>\n<p><strong>Uwaga:<\/strong> Escort Max 360c posiada odbi\u00f3r lasera, ale dla bezpiecznej ochrony przed laserem zalecamy u\u017cycie aktywnego blokera lasera np. Antilaser ALP Priority lub Lasertrack Flare!<\/p>\n<p><strong>Overview:<\/strong><br \/>\n+ mobilny detektor radar\u00f3w z anten\u0105 radarow\u0105 HD<br \/>.<br \/>\n+ Multaradarowe wykrywanie CD (wa\u017cne do stosowania w Austrii, Holandii &amp; S\u0142owacji)<br \/>\n+ 360 \u00b0 stopni wykrywania wszystkich \u017ar\u00f3de\u0142 radarowych w Europie (X \/ K \/ Ka-band)<br \/>\n+ Ostrze\u017cenie o pomiarach laserowych<br \/>\n+ Ostrze\u017cenie o stacjonarnych systemach pomiaru pr\u0119dko\u015bci<br \/>\n+ Ostrze\u017cenie o monitorowaniu czerwonego \u015bwiat\u0142a<br \/>\n+ Ostrze\u017cenie dla pomiar\u00f3w kontrolnych sekcji (kontrole sekcji)<br \/>\n+ Wy\u015bwietlacz OLED z r\u00f3\u017cnymi kolorami t\u0142a<br \/>\n+ baza danych EUROPA dotycz\u0105ca fotoradar\u00f3w stacjonarnych<br \/>\n+ w\u0142asne punkty zagro\u017cenia do przechowywania<br \/>\n+ Oprogramowanie aktualizuj\u0105ce dla system\u00f3w Windows i Mac<\/p>\n<p><strong>Zakres dostaw:<\/strong><br \/>\n* Detektor radarowy Escort Max 360c z wbudowanym odbiornikiem GPS<br \/>\n* Akcesoria do monta\u017cu na przedniej szybie (przyssawki)<br \/>\n* Zasilacz 12V z gniazdem zapalniczki<br \/>.<br \/>\n* Instrukcja obs\u0142ugi<\/p>\n","protected":false},"excerpt":{"rendered":"<p>Escort Max 360c International posiada zaawansowany odbiornik radarowy, kt\u00f3ry zapewnia ostrze\u017cenie dalekiego zasi\u0119gu przy wszystkich wykryciach piorun\u00f3w. Wy\u015bwietlacz Escort MAX 360c posiada wy\u015bwietlacz OLED, kt\u00f3ry pozwala na wiele ustawie\u0144 kolor\u00f3w. Wy\u015bwietlacz mo\u017cna ustawi\u0107 na kolor niebieski, zielony, czerwony lub bursztynowy. Jasno\u015b\u0107 wy\u015bwietlacza mo\u017ce by\u0107 ustawiona na ciemn\u0105, minimaln\u0105, \u015bredni\u0105, maksymaln\u0105 lub automatyczn\u0105. . Uwaga: Escort [&#8230;]\n","protected":false},"featured_media":15884,"comment_status":"open","ping_status":"closed","template":"","meta":[],"product_brand":[],"product_cat":[1681,1603],"product_tag":[1716,1718,1587,1610,1717,1682,1655],"class_list":{"0":"post-15883","1":"product","2":"type-product","3":"status-publish","4":"has-post-thumbnail","6":"product_cat-escort-pl","7":"product_cat-przenosne-detektory-radarow","8":"product_tag-escort-pl","9":"product_tag-escort-max-360c-pl","10":"product_tag-europa-pl","11":"product_tag-gps-pl","12":"product_tag-max-360c-pl","13":"product_tag-przenosny-wykrywacz-radarow","14":"product_tag-pulapka-predkosci","16":"first","17":"instock","18":"taxable","19":"shipping-taxable","20":"purchasable","21":"product-type-simple"},"yoast_head":"<!-- This site is optimized with the Yoast SEO plugin v27.2 - https:\/\/yoast.com\/product\/yoast-seo-wordpress\/ -->\n<title>Escort MAX 360c Mi\u0119dzynarodowy | Radar Service<\/title>\n<meta name=\"description\" content=\"Escort Max 360c International posiada nowoczesn\u0105 anten\u0119 radarow\u0105 i niezawodnie ostrzega przed mobilnymi pu\u0142apkami pr\u0119dko\u015bci i pomiarami laserowymi.\" \/>\n<meta name=\"robots\" content=\"index, follow, max-snippet:-1, max-image-preview:large, max-video-preview:-1\" \/>\n<link rel=\"canonical\" href=\"https:\/\/radarservice.eu\/pl\/produkt\/escort-max-360c-miedzynarodowy\/\" \/>\n<meta property=\"og:locale\" content=\"pl_PL\" \/>\n<meta property=\"og:type\" content=\"article\" \/>\n<meta property=\"og:title\" content=\"Escort MAX 360c Mi\u0119dzynarodowy | Radar Service\" \/>\n<meta property=\"og:description\" content=\"Escort Max 360c International posiada nowoczesn\u0105 anten\u0119 radarow\u0105 i niezawodnie ostrzega przed mobilnymi pu\u0142apkami pr\u0119dko\u015bci i pomiarami laserowymi.\" \/>\n<meta property=\"og:url\" content=\"https:\/\/radarservice.eu\/pl\/produkt\/escort-max-360c-miedzynarodowy\/\" \/>\n<meta property=\"og:site_name\" content=\"Radar Service\" \/>\n<meta property=\"article:modified_time\" content=\"2025-06-24T19:51:33+00:00\" \/>\n<meta property=\"og:image\" content=\"https:\/\/radarservice.eu\/wp-content\/uploads\/2020\/09\/Escort_Max_360c_International_display.png\" \/>\n\t<meta property=\"og:image:width\" content=\"800\" \/>\n\t<meta property=\"og:image:height\" content=\"800\" \/>\n\t<meta property=\"og:image:type\" content=\"image\/png\" \/>\n<meta name=\"twitter:card\" content=\"summary_large_image\" \/>\n<meta name=\"twitter:label1\" content=\"Szacowany czas czytania\" \/>\n\t<meta name=\"twitter:data1\" content=\"1 minuta\" \/>\n<script type=\"application\/ld+json\" class=\"yoast-schema-graph\">{\"@context\":\"https:\/\/schema.org\",\"@graph\":[{\"@type\":\"WebPage\",\"@id\":\"https:\/\/radarservice.eu\/pl\/produkt\/escort-max-360c-miedzynarodowy\/\",\"url\":\"https:\/\/radarservice.eu\/pl\/produkt\/escort-max-360c-miedzynarodowy\/\",\"name\":\"Escort MAX 360c Mi\u0119dzynarodowy | Radar Service\",\"isPartOf\":{\"@id\":\"https:\/\/radarservice.eu\/pl\/#website\"},\"primaryImageOfPage\":{\"@id\":\"https:\/\/radarservice.eu\/pl\/produkt\/escort-max-360c-miedzynarodowy\/#primaryimage\"},\"image\":{\"@id\":\"https:\/\/radarservice.eu\/pl\/produkt\/escort-max-360c-miedzynarodowy\/#primaryimage\"},\"thumbnailUrl\":\"https:\/\/radarservice.eu\/wp-content\/uploads\/2020\/09\/Escort_Max_360c_International_display.png\",\"datePublished\":\"2021-05-12T07:22:22+00:00\",\"dateModified\":\"2025-06-24T19:51:33+00:00\",\"description\":\"Escort Max 360c International posiada nowoczesn\u0105 anten\u0119 radarow\u0105 i niezawodnie ostrzega przed mobilnymi pu\u0142apkami pr\u0119dko\u015bci i pomiarami laserowymi.\",\"breadcrumb\":{\"@id\":\"https:\/\/radarservice.eu\/pl\/produkt\/escort-max-360c-miedzynarodowy\/#breadcrumb\"},\"inLanguage\":\"pl-PL\",\"potentialAction\":[{\"@type\":\"ReadAction\",\"target\":[\"https:\/\/radarservice.eu\/pl\/produkt\/escort-max-360c-miedzynarodowy\/\"]}]},{\"@type\":\"ImageObject\",\"inLanguage\":\"pl-PL\",\"@id\":\"https:\/\/radarservice.eu\/pl\/produkt\/escort-max-360c-miedzynarodowy\/#primaryimage\",\"url\":\"https:\/\/radarservice.eu\/wp-content\/uploads\/2020\/09\/Escort_Max_360c_International_display.png\",\"contentUrl\":\"https:\/\/radarservice.eu\/wp-content\/uploads\/2020\/09\/Escort_Max_360c_International_display.png\",\"width\":800,\"height\":800,\"caption\":\"Escort MAX 360c Mi\u0119dzynarodowy\"},{\"@type\":\"BreadcrumbList\",\"@id\":\"https:\/\/radarservice.eu\/pl\/produkt\/escort-max-360c-miedzynarodowy\/#breadcrumb\",\"itemListElement\":[{\"@type\":\"ListItem\",\"position\":1,\"name\":\"Sklep\",\"item\":\"https:\/\/radarservice.eu\/pl\/sklep\/\"},{\"@type\":\"ListItem\",\"position\":2,\"name\":\"Escort MAX 360c Mi\u0119dzynarodowy\"}]},{\"@type\":\"WebSite\",\"@id\":\"https:\/\/radarservice.eu\/pl\/#website\",\"url\":\"https:\/\/radarservice.eu\/pl\/\",\"name\":\"Radar Service\",\"description\":\"Radar detector Laser jammer mobile fix\",\"publisher\":{\"@id\":\"https:\/\/radarservice.eu\/pl\/#organization\"},\"potentialAction\":[{\"@type\":\"SearchAction\",\"target\":{\"@type\":\"EntryPoint\",\"urlTemplate\":\"https:\/\/radarservice.eu\/pl\/?s={search_term_string}\"},\"query-input\":{\"@type\":\"PropertyValueSpecification\",\"valueRequired\":true,\"valueName\":\"search_term_string\"}}],\"inLanguage\":\"pl-PL\"},{\"@type\":\"Organization\",\"@id\":\"https:\/\/radarservice.eu\/pl\/#organization\",\"name\":\"RadarService\",\"url\":\"https:\/\/radarservice.eu\/pl\/\",\"logo\":{\"@type\":\"ImageObject\",\"inLanguage\":\"pl-PL\",\"@id\":\"https:\/\/radarservice.eu\/pl\/#\/schema\/logo\/image\/\",\"url\":\"https:\/\/radarservice.eu\/wp-content\/uploads\/2021\/03\/Radar_detector_service.png\",\"contentUrl\":\"https:\/\/radarservice.eu\/wp-content\/uploads\/2021\/03\/Radar_detector_service.png\",\"width\":174,\"height\":48,\"caption\":\"RadarService\"},\"image\":{\"@id\":\"https:\/\/radarservice.eu\/pl\/#\/schema\/logo\/image\/\"}}]}<\/script>\n<!-- \/ Yoast SEO plugin. -->","yoast_head_json":{"title":"Escort MAX 360c Mi\u0119dzynarodowy | Radar Service","description":"Escort Max 360c International posiada nowoczesn\u0105 anten\u0119 radarow\u0105 i niezawodnie ostrzega przed mobilnymi pu\u0142apkami pr\u0119dko\u015bci i pomiarami laserowymi.","robots":{"index":"index","follow":"follow","max-snippet":"max-snippet:-1","max-image-preview":"max-image-preview:large","max-video-preview":"max-video-preview:-1"},"canonical":"https:\/\/radarservice.eu\/pl\/produkt\/escort-max-360c-miedzynarodowy\/","og_locale":"pl_PL","og_type":"article","og_title":"Escort MAX 360c Mi\u0119dzynarodowy | Radar Service","og_description":"Escort Max 360c International posiada nowoczesn\u0105 anten\u0119 radarow\u0105 i niezawodnie ostrzega przed mobilnymi pu\u0142apkami pr\u0119dko\u015bci i pomiarami laserowymi.","og_url":"https:\/\/radarservice.eu\/pl\/produkt\/escort-max-360c-miedzynarodowy\/","og_site_name":"Radar Service","article_modified_time":"2025-06-24T19:51:33+00:00","og_image":[{"width":800,"height":800,"url":"https:\/\/radarservice.eu\/wp-content\/uploads\/2020\/09\/Escort_Max_360c_International_display.png","type":"image\/png"}],"twitter_card":"summary_large_image","twitter_misc":{"Szacowany czas czytania":"1 minuta"},"schema":{"@context":"https:\/\/schema.org","@graph":[{"@type":"WebPage","@id":"https:\/\/radarservice.eu\/pl\/produkt\/escort-max-360c-miedzynarodowy\/","url":"https:\/\/radarservice.eu\/pl\/produkt\/escort-max-360c-miedzynarodowy\/","name":"Escort MAX 360c Mi\u0119dzynarodowy | Radar Service","isPartOf":{"@id":"https:\/\/radarservice.eu\/pl\/#website"},"primaryImageOfPage":{"@id":"https:\/\/radarservice.eu\/pl\/produkt\/escort-max-360c-miedzynarodowy\/#primaryimage"},"image":{"@id":"https:\/\/radarservice.eu\/pl\/produkt\/escort-max-360c-miedzynarodowy\/#primaryimage"},"thumbnailUrl":"https:\/\/radarservice.eu\/wp-content\/uploads\/2020\/09\/Escort_Max_360c_International_display.png","datePublished":"2021-05-12T07:22:22+00:00","dateModified":"2025-06-24T19:51:33+00:00","description":"Escort Max 360c International posiada nowoczesn\u0105 anten\u0119 radarow\u0105 i niezawodnie ostrzega przed mobilnymi pu\u0142apkami pr\u0119dko\u015bci i pomiarami laserowymi.","breadcrumb":{"@id":"https:\/\/radarservice.eu\/pl\/produkt\/escort-max-360c-miedzynarodowy\/#breadcrumb"},"inLanguage":"pl-PL","potentialAction":[{"@type":"ReadAction","target":["https:\/\/radarservice.eu\/pl\/produkt\/escort-max-360c-miedzynarodowy\/"]}]},{"@type":"ImageObject","inLanguage":"pl-PL","@id":"https:\/\/radarservice.eu\/pl\/produkt\/escort-max-360c-miedzynarodowy\/#primaryimage","url":"https:\/\/radarservice.eu\/wp-content\/uploads\/2020\/09\/Escort_Max_360c_International_display.png","contentUrl":"https:\/\/radarservice.eu\/wp-content\/uploads\/2020\/09\/Escort_Max_360c_International_display.png","width":800,"height":800,"caption":"Escort MAX 360c Mi\u0119dzynarodowy"},{"@type":"BreadcrumbList","@id":"https:\/\/radarservice.eu\/pl\/produkt\/escort-max-360c-miedzynarodowy\/#breadcrumb","itemListElement":[{"@type":"ListItem","position":1,"name":"Sklep","item":"https:\/\/radarservice.eu\/pl\/sklep\/"},{"@type":"ListItem","position":2,"name":"Escort MAX 360c Mi\u0119dzynarodowy"}]},{"@type":"WebSite","@id":"https:\/\/radarservice.eu\/pl\/#website","url":"https:\/\/radarservice.eu\/pl\/","name":"Radar Service","description":"Radar detector Laser jammer mobile fix","publisher":{"@id":"https:\/\/radarservice.eu\/pl\/#organization"},"potentialAction":[{"@type":"SearchAction","target":{"@type":"EntryPoint","urlTemplate":"https:\/\/radarservice.eu\/pl\/?s={search_term_string}"},"query-input":{"@type":"PropertyValueSpecification","valueRequired":true,"valueName":"search_term_string"}}],"inLanguage":"pl-PL"},{"@type":"Organization","@id":"https:\/\/radarservice.eu\/pl\/#organization","name":"RadarService","url":"https:\/\/radarservice.eu\/pl\/","logo":{"@type":"ImageObject","inLanguage":"pl-PL","@id":"https:\/\/radarservice.eu\/pl\/#\/schema\/logo\/image\/","url":"https:\/\/radarservice.eu\/wp-content\/uploads\/2021\/03\/Radar_detector_service.png","contentUrl":"https:\/\/radarservice.eu\/wp-content\/uploads\/2021\/03\/Radar_detector_service.png","width":174,"height":48,"caption":"RadarService"},"image":{"@id":"https:\/\/radarservice.eu\/pl\/#\/schema\/logo\/image\/"}}]}},"_links":{"self":[{"href":"https:\/\/radarservice.eu\/pl\/wp-json\/wp\/v2\/product\/15883","targetHints":{"allow":["GET"]}}],"collection":[{"href":"https:\/\/radarservice.eu\/pl\/wp-json\/wp\/v2\/product"}],"about":[{"href":"https:\/\/radarservice.eu\/pl\/wp-json\/wp\/v2\/types\/product"}],"replies":[{"embeddable":true,"href":"https:\/\/radarservice.eu\/pl\/wp-json\/wp\/v2\/comments?post=15883"}],"wp:featuredmedia":[{"embeddable":true,"href":"https:\/\/radarservice.eu\/pl\/wp-json\/wp\/v2\/media\/15884"}],"wp:attachment":[{"href":"https:\/\/radarservice.eu\/pl\/wp-json\/wp\/v2\/media?parent=15883"}],"wp:term":[{"taxonomy":"product_brand","embeddable":true,"href":"https:\/\/radarservice.eu\/pl\/wp-json\/wp\/v2\/product_brand?post=15883"},{"taxonomy":"product_cat","embeddable":true,"href":"https:\/\/radarservice.eu\/pl\/wp-json\/wp\/v2\/product_cat?post=15883"},{"taxonomy":"product_tag","embeddable":true,"href":"https:\/\/radarservice.eu\/pl\/wp-json\/wp\/v2\/product_tag?post=15883"}],"curies":[{"name":"wp","href":"https:\/\/api.w.org\/{rel}","templated":true}]}}