{"id":15877,"date":"2021-05-12T09:09:51","date_gmt":"2021-05-12T07:09:51","guid":{"rendered":"https:\/\/radarservice.eu\/produkt\/escort-redline-360c-international\/"},"modified":"2025-03-23T19:32:16","modified_gmt":"2025-03-23T18:32:16","slug":"escort-redline-360c-international","status":"publish","type":"product","link":"https:\/\/radarservice.eu\/pl\/produkt\/escort-redline-360c-international\/","title":{"rendered":"Escort Redline 360c International"},"content":{"rendered":"<p>Escort Redline 360c nie jest dla ka\u017cdego, ale tylko dla tych, kt\u00f3rzy oczekuj\u0105 najlepszego.  Dzi\u0119ki ekstremalnemu zasi\u0119gowi (2x wi\u0119kszy zasi\u0119g w por\u00f3wnaniu do Escort Redline EX) wiesz dok\u0142adnie co dzieje si\u0119 przed Tob\u0105, za Tob\u0105 i wsz\u0119dzie wok\u00f3\u0142 Ciebie. Detektor radaru Escort Redline 360c niezawodnie wykrywa pu\u0142apki pr\u0119dko\u015bci i pomiary laserowe. Nawet nowe radary MultaRadar (MRCD \/ MRCT \/ Moving) i Gatso s\u0105 zg\u0142aszane na czas. Informacje o fotoradarach stacjonarnych i odcinkach kontrolnych s\u0105 przekazywane przez zintegrowany odbiornik GPS i europejsk\u0105 baz\u0119 danych. <\/p>\n<p>Dzi\u0119ki nowemu filtrowi fa\u0142szywych alarm\u00f3w, fa\u0142szywe alarmy s\u0105 specjalnie t\u0142umione.<\/p>\n<p>.<\/p>\n<p>Zaawansowana technologia stealth w Escort Redline 360c zapewnia niezawodn\u0105 ochron\u0119 przed detektorami radar\u00f3w u\u017cywanymi przez francusk\u0105 i holendersk\u0105 policj\u0119.<\/p>\n<p>.<\/p>\n<p><strong>Overview:<\/strong><br \/>\n+ Przeno\u015bny detektor radaru z gniazdem zapalniczki samochodowej 12V<br \/>.<br \/>\n+ Ostrze\u017cenie radarowe i laserowe (X-band \/ K-band \/ KA-band \/ MultaRadar \/ Gatso i laser)<br \/>\n+ True-Lock GPS AutoLearn technologia dla t\u0142umienia fa\u0142szywych alarm\u00f3w<br \/>.<br \/>\n+ GPS pr\u0119dko\u015bciomierz<br \/>\n+ Elektroniczna ochrona przed wykryciem przez detektory radarowe<br \/>\n+ wielokolorowy wy\u015bwietlacz OLED<br \/>\n+ wielopoziomowa regulacja jasno\u015bci plus tryb ciemny<br \/>\n+ wiele opcji ustawie\u0144<\/p>\n<p><strong>Zakres dostawy:<\/strong><br \/>\n* Escort Redline 360c wykrywacz radar\u00f3w<br \/>\n* Akcesoria do monta\u017cu na przedniej szybie (przyssawki)<br \/>.<br \/>\n* Zasilacz 12V z gniazdem zapalniczki<br \/>.<br \/>\n* Instrukcja obs\u0142ugi<\/p>\n<p><strong>Uwaga:<\/strong> Escort Redline 360c odbiera sygna\u0142y laserowe, ale dla bezpiecznej ochrony przed nimi zalecamy stosowanie aktywnej blokady lasera np. Antilaser ALP Priority lub Lasertrack Flare.<\/p>\n","protected":false},"excerpt":{"rendered":"<p>Escort Redline 360c nie jest dla ka\u017cdego, ale tylko dla tych, kt\u00f3rzy oczekuj\u0105 najlepszego. Dzi\u0119ki ekstremalnemu zasi\u0119gowi (2x wi\u0119kszy zasi\u0119g w por\u00f3wnaniu do Escort Redline EX) wiesz dok\u0142adnie co dzieje si\u0119 przed Tob\u0105, za Tob\u0105 i wsz\u0119dzie wok\u00f3\u0142 Ciebie. Detektor radaru Escort Redline 360c niezawodnie wykrywa pu\u0142apki pr\u0119dko\u015bci i pomiary laserowe. Nawet nowe radary MultaRadar [&#8230;]\n","protected":false},"featured_media":15882,"comment_status":"open","ping_status":"closed","template":"","meta":[],"product_brand":[],"product_cat":[1681,1603],"product_tag":[1586,1683,1714,1587,1713,1711,1715,1712],"class_list":{"0":"post-15877","1":"product","2":"type-product","3":"status-publish","4":"has-post-thumbnail","6":"product_cat-escort-pl","7":"product_cat-przenosne-detektory-radarow","8":"product_tag-detektor-radarowy","9":"product_tag-escort-redline-pl","10":"product_tag-escort-redline-360c-pl","11":"product_tag-europa-pl","12":"product_tag-model-podstawowy","13":"product_tag-niemcy","14":"product_tag-redline-360c-pl","15":"product_tag-tani","17":"first","18":"onbackorder","19":"sale","20":"taxable","21":"shipping-taxable","22":"purchasable","23":"product-type-simple"},"yoast_head":"<!-- This site is optimized with the Yoast SEO plugin v27.2 - https:\/\/yoast.com\/product\/yoast-seo-wordpress\/ -->\n<title>Escort Redline 360c International | Radar Service<\/title>\n<meta name=\"description\" content=\"Escort Redline 360c International | Radar Service\" \/>\n<meta name=\"robots\" content=\"index, follow, max-snippet:-1, max-image-preview:large, max-video-preview:-1\" \/>\n<link rel=\"canonical\" href=\"https:\/\/radarservice.eu\/pl\/produkt\/escort-redline-360c-international\/\" \/>\n<meta property=\"og:locale\" content=\"pl_PL\" \/>\n<meta property=\"og:type\" content=\"article\" \/>\n<meta property=\"og:title\" content=\"Escort Redline 360c International | Radar Service\" \/>\n<meta property=\"og:description\" content=\"Escort Redline 360c International | Radar Service\" \/>\n<meta property=\"og:url\" content=\"https:\/\/radarservice.eu\/pl\/produkt\/escort-redline-360c-international\/\" \/>\n<meta property=\"og:site_name\" content=\"Radar Service\" \/>\n<meta property=\"article:modified_time\" content=\"2025-03-23T18:32:16+00:00\" \/>\n<meta property=\"og:image\" content=\"https:\/\/radarservice.eu\/wp-content\/uploads\/2020\/09\/Escort_Redline_360c_International_display.jpg\" \/>\n\t<meta property=\"og:image:width\" content=\"800\" \/>\n\t<meta property=\"og:image:height\" content=\"800\" \/>\n\t<meta property=\"og:image:type\" content=\"image\/jpeg\" \/>\n<meta name=\"twitter:card\" content=\"summary_large_image\" \/>\n<meta name=\"twitter:label1\" content=\"Szacowany czas czytania\" \/>\n\t<meta name=\"twitter:data1\" content=\"1 minuta\" \/>\n<script type=\"application\/ld+json\" class=\"yoast-schema-graph\">{\"@context\":\"https:\/\/schema.org\",\"@graph\":[{\"@type\":\"WebPage\",\"@id\":\"https:\/\/radarservice.eu\/pl\/produkt\/escort-redline-360c-international\/\",\"url\":\"https:\/\/radarservice.eu\/pl\/produkt\/escort-redline-360c-international\/\",\"name\":\"Escort Redline 360c International | Radar Service\",\"isPartOf\":{\"@id\":\"https:\/\/radarservice.eu\/pl\/#website\"},\"primaryImageOfPage\":{\"@id\":\"https:\/\/radarservice.eu\/pl\/produkt\/escort-redline-360c-international\/#primaryimage\"},\"image\":{\"@id\":\"https:\/\/radarservice.eu\/pl\/produkt\/escort-redline-360c-international\/#primaryimage\"},\"thumbnailUrl\":\"https:\/\/radarservice.eu\/wp-content\/uploads\/2020\/09\/Escort_Redline_360c_International_display.jpg\",\"datePublished\":\"2021-05-12T07:09:51+00:00\",\"dateModified\":\"2025-03-23T18:32:16+00:00\",\"description\":\"Escort Redline 360c International | Radar Service\",\"breadcrumb\":{\"@id\":\"https:\/\/radarservice.eu\/pl\/produkt\/escort-redline-360c-international\/#breadcrumb\"},\"inLanguage\":\"pl-PL\",\"potentialAction\":[{\"@type\":\"ReadAction\",\"target\":[\"https:\/\/radarservice.eu\/pl\/produkt\/escort-redline-360c-international\/\"]}]},{\"@type\":\"ImageObject\",\"inLanguage\":\"pl-PL\",\"@id\":\"https:\/\/radarservice.eu\/pl\/produkt\/escort-redline-360c-international\/#primaryimage\",\"url\":\"https:\/\/radarservice.eu\/wp-content\/uploads\/2020\/09\/Escort_Redline_360c_International_display.jpg\",\"contentUrl\":\"https:\/\/radarservice.eu\/wp-content\/uploads\/2020\/09\/Escort_Redline_360c_International_display.jpg\",\"width\":800,\"height\":800,\"caption\":\"Escort Redline 360c International\"},{\"@type\":\"BreadcrumbList\",\"@id\":\"https:\/\/radarservice.eu\/pl\/produkt\/escort-redline-360c-international\/#breadcrumb\",\"itemListElement\":[{\"@type\":\"ListItem\",\"position\":1,\"name\":\"Sklep\",\"item\":\"https:\/\/radarservice.eu\/pl\/sklep\/\"},{\"@type\":\"ListItem\",\"position\":2,\"name\":\"Escort Redline 360c International\"}]},{\"@type\":\"WebSite\",\"@id\":\"https:\/\/radarservice.eu\/pl\/#website\",\"url\":\"https:\/\/radarservice.eu\/pl\/\",\"name\":\"Radar Service\",\"description\":\"Radar detector Laser jammer mobile fix\",\"publisher\":{\"@id\":\"https:\/\/radarservice.eu\/pl\/#organization\"},\"potentialAction\":[{\"@type\":\"SearchAction\",\"target\":{\"@type\":\"EntryPoint\",\"urlTemplate\":\"https:\/\/radarservice.eu\/pl\/?s={search_term_string}\"},\"query-input\":{\"@type\":\"PropertyValueSpecification\",\"valueRequired\":true,\"valueName\":\"search_term_string\"}}],\"inLanguage\":\"pl-PL\"},{\"@type\":\"Organization\",\"@id\":\"https:\/\/radarservice.eu\/pl\/#organization\",\"name\":\"RadarService\",\"url\":\"https:\/\/radarservice.eu\/pl\/\",\"logo\":{\"@type\":\"ImageObject\",\"inLanguage\":\"pl-PL\",\"@id\":\"https:\/\/radarservice.eu\/pl\/#\/schema\/logo\/image\/\",\"url\":\"https:\/\/radarservice.eu\/wp-content\/uploads\/2021\/03\/Radar_detector_service.png\",\"contentUrl\":\"https:\/\/radarservice.eu\/wp-content\/uploads\/2021\/03\/Radar_detector_service.png\",\"width\":174,\"height\":48,\"caption\":\"RadarService\"},\"image\":{\"@id\":\"https:\/\/radarservice.eu\/pl\/#\/schema\/logo\/image\/\"}}]}<\/script>\n<!-- \/ Yoast SEO plugin. -->","yoast_head_json":{"title":"Escort Redline 360c International | Radar Service","description":"Escort Redline 360c International | Radar Service","robots":{"index":"index","follow":"follow","max-snippet":"max-snippet:-1","max-image-preview":"max-image-preview:large","max-video-preview":"max-video-preview:-1"},"canonical":"https:\/\/radarservice.eu\/pl\/produkt\/escort-redline-360c-international\/","og_locale":"pl_PL","og_type":"article","og_title":"Escort Redline 360c International | Radar Service","og_description":"Escort Redline 360c International | Radar Service","og_url":"https:\/\/radarservice.eu\/pl\/produkt\/escort-redline-360c-international\/","og_site_name":"Radar Service","article_modified_time":"2025-03-23T18:32:16+00:00","og_image":[{"width":800,"height":800,"url":"https:\/\/radarservice.eu\/wp-content\/uploads\/2020\/09\/Escort_Redline_360c_International_display.jpg","type":"image\/jpeg"}],"twitter_card":"summary_large_image","twitter_misc":{"Szacowany czas czytania":"1 minuta"},"schema":{"@context":"https:\/\/schema.org","@graph":[{"@type":"WebPage","@id":"https:\/\/radarservice.eu\/pl\/produkt\/escort-redline-360c-international\/","url":"https:\/\/radarservice.eu\/pl\/produkt\/escort-redline-360c-international\/","name":"Escort Redline 360c International | Radar Service","isPartOf":{"@id":"https:\/\/radarservice.eu\/pl\/#website"},"primaryImageOfPage":{"@id":"https:\/\/radarservice.eu\/pl\/produkt\/escort-redline-360c-international\/#primaryimage"},"image":{"@id":"https:\/\/radarservice.eu\/pl\/produkt\/escort-redline-360c-international\/#primaryimage"},"thumbnailUrl":"https:\/\/radarservice.eu\/wp-content\/uploads\/2020\/09\/Escort_Redline_360c_International_display.jpg","datePublished":"2021-05-12T07:09:51+00:00","dateModified":"2025-03-23T18:32:16+00:00","description":"Escort Redline 360c International | Radar Service","breadcrumb":{"@id":"https:\/\/radarservice.eu\/pl\/produkt\/escort-redline-360c-international\/#breadcrumb"},"inLanguage":"pl-PL","potentialAction":[{"@type":"ReadAction","target":["https:\/\/radarservice.eu\/pl\/produkt\/escort-redline-360c-international\/"]}]},{"@type":"ImageObject","inLanguage":"pl-PL","@id":"https:\/\/radarservice.eu\/pl\/produkt\/escort-redline-360c-international\/#primaryimage","url":"https:\/\/radarservice.eu\/wp-content\/uploads\/2020\/09\/Escort_Redline_360c_International_display.jpg","contentUrl":"https:\/\/radarservice.eu\/wp-content\/uploads\/2020\/09\/Escort_Redline_360c_International_display.jpg","width":800,"height":800,"caption":"Escort Redline 360c International"},{"@type":"BreadcrumbList","@id":"https:\/\/radarservice.eu\/pl\/produkt\/escort-redline-360c-international\/#breadcrumb","itemListElement":[{"@type":"ListItem","position":1,"name":"Sklep","item":"https:\/\/radarservice.eu\/pl\/sklep\/"},{"@type":"ListItem","position":2,"name":"Escort Redline 360c International"}]},{"@type":"WebSite","@id":"https:\/\/radarservice.eu\/pl\/#website","url":"https:\/\/radarservice.eu\/pl\/","name":"Radar Service","description":"Radar detector Laser jammer mobile fix","publisher":{"@id":"https:\/\/radarservice.eu\/pl\/#organization"},"potentialAction":[{"@type":"SearchAction","target":{"@type":"EntryPoint","urlTemplate":"https:\/\/radarservice.eu\/pl\/?s={search_term_string}"},"query-input":{"@type":"PropertyValueSpecification","valueRequired":true,"valueName":"search_term_string"}}],"inLanguage":"pl-PL"},{"@type":"Organization","@id":"https:\/\/radarservice.eu\/pl\/#organization","name":"RadarService","url":"https:\/\/radarservice.eu\/pl\/","logo":{"@type":"ImageObject","inLanguage":"pl-PL","@id":"https:\/\/radarservice.eu\/pl\/#\/schema\/logo\/image\/","url":"https:\/\/radarservice.eu\/wp-content\/uploads\/2021\/03\/Radar_detector_service.png","contentUrl":"https:\/\/radarservice.eu\/wp-content\/uploads\/2021\/03\/Radar_detector_service.png","width":174,"height":48,"caption":"RadarService"},"image":{"@id":"https:\/\/radarservice.eu\/pl\/#\/schema\/logo\/image\/"}}]}},"_links":{"self":[{"href":"https:\/\/radarservice.eu\/pl\/wp-json\/wp\/v2\/product\/15877","targetHints":{"allow":["GET"]}}],"collection":[{"href":"https:\/\/radarservice.eu\/pl\/wp-json\/wp\/v2\/product"}],"about":[{"href":"https:\/\/radarservice.eu\/pl\/wp-json\/wp\/v2\/types\/product"}],"replies":[{"embeddable":true,"href":"https:\/\/radarservice.eu\/pl\/wp-json\/wp\/v2\/comments?post=15877"}],"wp:featuredmedia":[{"embeddable":true,"href":"https:\/\/radarservice.eu\/pl\/wp-json\/wp\/v2\/media\/15882"}],"wp:attachment":[{"href":"https:\/\/radarservice.eu\/pl\/wp-json\/wp\/v2\/media?parent=15877"}],"wp:term":[{"taxonomy":"product_brand","embeddable":true,"href":"https:\/\/radarservice.eu\/pl\/wp-json\/wp\/v2\/product_brand?post=15877"},{"taxonomy":"product_cat","embeddable":true,"href":"https:\/\/radarservice.eu\/pl\/wp-json\/wp\/v2\/product_cat?post=15877"},{"taxonomy":"product_tag","embeddable":true,"href":"https:\/\/radarservice.eu\/pl\/wp-json\/wp\/v2\/product_tag?post=15877"}],"curies":[{"name":"wp","href":"https:\/\/api.w.org\/{rel}","templated":true}]}}