{"id":15870,"date":"2021-05-12T08:55:13","date_gmt":"2021-05-12T06:55:13","guid":{"rendered":"https:\/\/radarservice.eu\/produkt\/detektor-radarowy-genevo-gps-hdm\/"},"modified":"2021-05-12T08:55:13","modified_gmt":"2021-05-12T06:55:13","slug":"detektor-radarowy-genevo-gps-hdm","status":"publish","type":"product","link":"https:\/\/radarservice.eu\/pl\/produkt\/detektor-radarowy-genevo-gps-hdm\/","title":{"rendered":"Detektor radarowy Genevo GPS+ HDM+"},"content":{"rendered":"<p>Bezprzewodowy detektor radarowy Genevo HDM+ to ma\u0142y i mocny stacjonarny detektor radarowy do ukrytej instalacji w przedniej cz\u0119\u015bci pojazdu.<br \/>.<br \/>\nDzi\u0119ki bryzgoszczelnej obudowie, niewidoczny monta\u017c nie stanowi problemu. Ostrze\u017cenia akustyczne i wizualne s\u0105 wydawane przez Genevo GPS + POI Warner z niemieckim komunikatem g\u0142osowym. Genevo GPS+ mo\u017cna opcjonalnie przymocowa\u0107 za pomoc\u0105 przyssawek do przedniej szyby lub umie\u015bci\u0107 w wygodnym miejscu na konsoli \u015brodkowej.<br \/>\nDzi\u0119ki GPS+ Warner b\u0119dziesz r\u00f3wnie\u017c otrzymywa\u0107 ostrze\u017cenia o sta\u0142ych systemach monitorowania pr\u0119dko\u015bci i czerwonych \u015bwiate\u0142 w ca\u0142ej Europie.<\/p>\n<p>.<\/p>\n<p>Wydajna antena radarowa HDM+ niezawodnie ostrzega r\u00f3wnie\u017c przed nowymi pu\u0142apkami pr\u0119dko\u015bci MultaRadar (MRCD \/ MRCT \/ Moving) i Gatso w Europie.<\/p>\n<p><p><strong>Overview:<\/strong><br \/>\n+ ma\u0142y i wydajny stacjonarny detektor radaru<br \/>\n+ ostrze\u017cenie laserowe<br \/>\n+ monta\u017c bezprzewodowy<br \/>\n+ X-, K-, KA-Band, MultaRadar, Gatso<br \/>\n+ Ostrze\u017cenie o radarze stacjonarnym<br \/>\n+ Ostrze\u017cenie o monitorowaniu czerwonego \u015bwiat\u0142a<br \/>\n+ Ostrze\u017cenie dla pomiar\u00f3w kontrolnych sekcji (kontrole sekcji)<br \/>\n+ sygna\u0142y alarmowe w j\u0119zyku niemieckim<br \/>\n+ Odpowiedni do u\u017cytku w Europie<br \/>\n+ Baza danych EUROPA dla fotoradar\u00f3w stacjonarnych jest ju\u017c wst\u0119pnie zainstalowana<\/p>\n<p><strong>Zakres dostaw:<\/strong><br \/>\n* zewn\u0119trzna bezprzewodowa antena radarowa Genevo HDM+<br \/>\n* Genevo GPS+ POI Warner<br \/>\n* zestaw kablowy<br \/>\n* kompletny materia\u0142 monta\u017cowy do instalacji<br \/>\n* Instrukcja obs\u0142ugi<\/p>\n<p><strong>Uwaga:<\/strong> Detektor radarowy Genevo HDM+ ma mo\u017cliwo\u015b\u0107 odbioru sygna\u0142\u00f3w laserowych, ale w celu zapewnienia bezpiecznej ochrony przed nimi zalecamy stosowanie aktywnej blokady lasera, np. Antilaser ALP Priority i Lasertrack Flare.<\/p>\n","protected":false},"excerpt":{"rendered":"<p>Bezprzewodowy detektor radarowy Genevo HDM+ to ma\u0142y i mocny stacjonarny detektor radarowy do ukrytej instalacji w przedniej cz\u0119\u015bci pojazdu.. Dzi\u0119ki bryzgoszczelnej obudowie, niewidoczny monta\u017c nie stanowi problemu. Ostrze\u017cenia akustyczne i wizualne s\u0105 wydawane przez Genevo GPS + POI Warner z niemieckim komunikatem g\u0142osowym. Genevo GPS+ mo\u017cna opcjonalnie przymocowa\u0107 za pomoc\u0105 przyssawek do przedniej szyby lub [&#8230;]\n","protected":false},"featured_media":15737,"comment_status":"open","ping_status":"closed","template":"","meta":[],"product_brand":[],"product_cat":[1584,1583],"product_tag":[1705,1609,1586,1587,1693,1704,1708],"class_list":{"0":"post-15870","1":"product","2":"type-product","3":"status-publish","4":"has-post-thumbnail","6":"product_cat-genevo-pl","7":"product_cat-stale-detektory-radarowe","8":"product_tag-antena-radaru-hdm","9":"product_tag-detektor-laserowy","10":"product_tag-detektor-radarowy","11":"product_tag-europa-pl","12":"product_tag-genevo-gps-pl","13":"product_tag-genevo-hdm-pl","14":"product_tag-stala-instalacja-bezprzewodowa","16":"first","17":"instock","18":"sale","19":"taxable","20":"shipping-taxable","21":"purchasable","22":"product-type-simple"},"yoast_head":"<!-- This site is optimized with the Yoast SEO plugin v27.2 - https:\/\/yoast.com\/product\/yoast-seo-wordpress\/ -->\n<title>Detektor radarowy Genevo GPS+ HDM+ | Radar Service<\/title>\n<meta name=\"description\" content=\"Bezprzewodowy detektor radaru Genevo HDM+ jest ma\u0142ym stacjonarnym detektorem radaru do ukrytego monta\u017cu z przodu pojazdu.\" \/>\n<meta name=\"robots\" content=\"index, follow, max-snippet:-1, max-image-preview:large, max-video-preview:-1\" \/>\n<link rel=\"canonical\" href=\"https:\/\/radarservice.eu\/pl\/produkt\/detektor-radarowy-genevo-gps-hdm\/\" \/>\n<meta property=\"og:locale\" content=\"pl_PL\" \/>\n<meta property=\"og:type\" content=\"article\" \/>\n<meta property=\"og:title\" content=\"Detektor radarowy Genevo GPS+ HDM+ | Radar Service\" \/>\n<meta property=\"og:description\" content=\"Bezprzewodowy detektor radaru Genevo HDM+ jest ma\u0142ym stacjonarnym detektorem radaru do ukrytego monta\u017cu z przodu pojazdu.\" \/>\n<meta property=\"og:url\" content=\"https:\/\/radarservice.eu\/pl\/produkt\/detektor-radarowy-genevo-gps-hdm\/\" \/>\n<meta property=\"og:site_name\" content=\"Radar Service\" \/>\n<meta property=\"og:image\" content=\"https:\/\/radarservice.eu\/wp-content\/uploads\/2020\/09\/genevo_gpshdm_radarwarner.jpg\" \/>\n\t<meta property=\"og:image:width\" content=\"990\" \/>\n\t<meta property=\"og:image:height\" content=\"720\" \/>\n\t<meta property=\"og:image:type\" content=\"image\/jpeg\" \/>\n<meta name=\"twitter:card\" content=\"summary_large_image\" \/>\n<meta name=\"twitter:label1\" content=\"Szacowany czas czytania\" \/>\n\t<meta name=\"twitter:data1\" content=\"1 minuta\" \/>\n<script type=\"application\/ld+json\" class=\"yoast-schema-graph\">{\"@context\":\"https:\/\/schema.org\",\"@graph\":[{\"@type\":\"WebPage\",\"@id\":\"https:\/\/radarservice.eu\/pl\/produkt\/detektor-radarowy-genevo-gps-hdm\/\",\"url\":\"https:\/\/radarservice.eu\/pl\/produkt\/detektor-radarowy-genevo-gps-hdm\/\",\"name\":\"Detektor radarowy Genevo GPS+ HDM+ | Radar Service\",\"isPartOf\":{\"@id\":\"https:\/\/radarservice.eu\/pl\/#website\"},\"primaryImageOfPage\":{\"@id\":\"https:\/\/radarservice.eu\/pl\/produkt\/detektor-radarowy-genevo-gps-hdm\/#primaryimage\"},\"image\":{\"@id\":\"https:\/\/radarservice.eu\/pl\/produkt\/detektor-radarowy-genevo-gps-hdm\/#primaryimage\"},\"thumbnailUrl\":\"https:\/\/radarservice.eu\/wp-content\/uploads\/2020\/09\/genevo_gpshdm_radarwarner.jpg\",\"datePublished\":\"2021-05-12T06:55:13+00:00\",\"description\":\"Bezprzewodowy detektor radaru Genevo HDM+ jest ma\u0142ym stacjonarnym detektorem radaru do ukrytego monta\u017cu z przodu pojazdu.\",\"breadcrumb\":{\"@id\":\"https:\/\/radarservice.eu\/pl\/produkt\/detektor-radarowy-genevo-gps-hdm\/#breadcrumb\"},\"inLanguage\":\"pl-PL\",\"potentialAction\":[{\"@type\":\"ReadAction\",\"target\":[\"https:\/\/radarservice.eu\/pl\/produkt\/detektor-radarowy-genevo-gps-hdm\/\"]}]},{\"@type\":\"ImageObject\",\"inLanguage\":\"pl-PL\",\"@id\":\"https:\/\/radarservice.eu\/pl\/produkt\/detektor-radarowy-genevo-gps-hdm\/#primaryimage\",\"url\":\"https:\/\/radarservice.eu\/wp-content\/uploads\/2020\/09\/genevo_gpshdm_radarwarner.jpg\",\"contentUrl\":\"https:\/\/radarservice.eu\/wp-content\/uploads\/2020\/09\/genevo_gpshdm_radarwarner.jpg\",\"width\":990,\"height\":720,\"caption\":\"Genevo HDM+ GPS Radarowy\"},{\"@type\":\"BreadcrumbList\",\"@id\":\"https:\/\/radarservice.eu\/pl\/produkt\/detektor-radarowy-genevo-gps-hdm\/#breadcrumb\",\"itemListElement\":[{\"@type\":\"ListItem\",\"position\":1,\"name\":\"Sklep\",\"item\":\"https:\/\/radarservice.eu\/pl\/sklep\/\"},{\"@type\":\"ListItem\",\"position\":2,\"name\":\"Detektor radarowy Genevo GPS+ HDM+\"}]},{\"@type\":\"WebSite\",\"@id\":\"https:\/\/radarservice.eu\/pl\/#website\",\"url\":\"https:\/\/radarservice.eu\/pl\/\",\"name\":\"Radar Service\",\"description\":\"Radar detector Laser jammer mobile fix\",\"publisher\":{\"@id\":\"https:\/\/radarservice.eu\/pl\/#organization\"},\"potentialAction\":[{\"@type\":\"SearchAction\",\"target\":{\"@type\":\"EntryPoint\",\"urlTemplate\":\"https:\/\/radarservice.eu\/pl\/?s={search_term_string}\"},\"query-input\":{\"@type\":\"PropertyValueSpecification\",\"valueRequired\":true,\"valueName\":\"search_term_string\"}}],\"inLanguage\":\"pl-PL\"},{\"@type\":\"Organization\",\"@id\":\"https:\/\/radarservice.eu\/pl\/#organization\",\"name\":\"RadarService\",\"url\":\"https:\/\/radarservice.eu\/pl\/\",\"logo\":{\"@type\":\"ImageObject\",\"inLanguage\":\"pl-PL\",\"@id\":\"https:\/\/radarservice.eu\/pl\/#\/schema\/logo\/image\/\",\"url\":\"https:\/\/radarservice.eu\/wp-content\/uploads\/2021\/03\/Radar_detector_service.png\",\"contentUrl\":\"https:\/\/radarservice.eu\/wp-content\/uploads\/2021\/03\/Radar_detector_service.png\",\"width\":174,\"height\":48,\"caption\":\"RadarService\"},\"image\":{\"@id\":\"https:\/\/radarservice.eu\/pl\/#\/schema\/logo\/image\/\"}}]}<\/script>\n<!-- \/ Yoast SEO plugin. -->","yoast_head_json":{"title":"Detektor radarowy Genevo GPS+ HDM+ | Radar Service","description":"Bezprzewodowy detektor radaru Genevo HDM+ jest ma\u0142ym stacjonarnym detektorem radaru do ukrytego monta\u017cu z przodu pojazdu.","robots":{"index":"index","follow":"follow","max-snippet":"max-snippet:-1","max-image-preview":"max-image-preview:large","max-video-preview":"max-video-preview:-1"},"canonical":"https:\/\/radarservice.eu\/pl\/produkt\/detektor-radarowy-genevo-gps-hdm\/","og_locale":"pl_PL","og_type":"article","og_title":"Detektor radarowy Genevo GPS+ HDM+ | Radar Service","og_description":"Bezprzewodowy detektor radaru Genevo HDM+ jest ma\u0142ym stacjonarnym detektorem radaru do ukrytego monta\u017cu z przodu pojazdu.","og_url":"https:\/\/radarservice.eu\/pl\/produkt\/detektor-radarowy-genevo-gps-hdm\/","og_site_name":"Radar Service","og_image":[{"width":990,"height":720,"url":"https:\/\/radarservice.eu\/wp-content\/uploads\/2020\/09\/genevo_gpshdm_radarwarner.jpg","type":"image\/jpeg"}],"twitter_card":"summary_large_image","twitter_misc":{"Szacowany czas czytania":"1 minuta"},"schema":{"@context":"https:\/\/schema.org","@graph":[{"@type":"WebPage","@id":"https:\/\/radarservice.eu\/pl\/produkt\/detektor-radarowy-genevo-gps-hdm\/","url":"https:\/\/radarservice.eu\/pl\/produkt\/detektor-radarowy-genevo-gps-hdm\/","name":"Detektor radarowy Genevo GPS+ HDM+ | Radar Service","isPartOf":{"@id":"https:\/\/radarservice.eu\/pl\/#website"},"primaryImageOfPage":{"@id":"https:\/\/radarservice.eu\/pl\/produkt\/detektor-radarowy-genevo-gps-hdm\/#primaryimage"},"image":{"@id":"https:\/\/radarservice.eu\/pl\/produkt\/detektor-radarowy-genevo-gps-hdm\/#primaryimage"},"thumbnailUrl":"https:\/\/radarservice.eu\/wp-content\/uploads\/2020\/09\/genevo_gpshdm_radarwarner.jpg","datePublished":"2021-05-12T06:55:13+00:00","description":"Bezprzewodowy detektor radaru Genevo HDM+ jest ma\u0142ym stacjonarnym detektorem radaru do ukrytego monta\u017cu z przodu pojazdu.","breadcrumb":{"@id":"https:\/\/radarservice.eu\/pl\/produkt\/detektor-radarowy-genevo-gps-hdm\/#breadcrumb"},"inLanguage":"pl-PL","potentialAction":[{"@type":"ReadAction","target":["https:\/\/radarservice.eu\/pl\/produkt\/detektor-radarowy-genevo-gps-hdm\/"]}]},{"@type":"ImageObject","inLanguage":"pl-PL","@id":"https:\/\/radarservice.eu\/pl\/produkt\/detektor-radarowy-genevo-gps-hdm\/#primaryimage","url":"https:\/\/radarservice.eu\/wp-content\/uploads\/2020\/09\/genevo_gpshdm_radarwarner.jpg","contentUrl":"https:\/\/radarservice.eu\/wp-content\/uploads\/2020\/09\/genevo_gpshdm_radarwarner.jpg","width":990,"height":720,"caption":"Genevo HDM+ GPS Radarowy"},{"@type":"BreadcrumbList","@id":"https:\/\/radarservice.eu\/pl\/produkt\/detektor-radarowy-genevo-gps-hdm\/#breadcrumb","itemListElement":[{"@type":"ListItem","position":1,"name":"Sklep","item":"https:\/\/radarservice.eu\/pl\/sklep\/"},{"@type":"ListItem","position":2,"name":"Detektor radarowy Genevo GPS+ HDM+"}]},{"@type":"WebSite","@id":"https:\/\/radarservice.eu\/pl\/#website","url":"https:\/\/radarservice.eu\/pl\/","name":"Radar Service","description":"Radar detector Laser jammer mobile fix","publisher":{"@id":"https:\/\/radarservice.eu\/pl\/#organization"},"potentialAction":[{"@type":"SearchAction","target":{"@type":"EntryPoint","urlTemplate":"https:\/\/radarservice.eu\/pl\/?s={search_term_string}"},"query-input":{"@type":"PropertyValueSpecification","valueRequired":true,"valueName":"search_term_string"}}],"inLanguage":"pl-PL"},{"@type":"Organization","@id":"https:\/\/radarservice.eu\/pl\/#organization","name":"RadarService","url":"https:\/\/radarservice.eu\/pl\/","logo":{"@type":"ImageObject","inLanguage":"pl-PL","@id":"https:\/\/radarservice.eu\/pl\/#\/schema\/logo\/image\/","url":"https:\/\/radarservice.eu\/wp-content\/uploads\/2021\/03\/Radar_detector_service.png","contentUrl":"https:\/\/radarservice.eu\/wp-content\/uploads\/2021\/03\/Radar_detector_service.png","width":174,"height":48,"caption":"RadarService"},"image":{"@id":"https:\/\/radarservice.eu\/pl\/#\/schema\/logo\/image\/"}}]}},"_links":{"self":[{"href":"https:\/\/radarservice.eu\/pl\/wp-json\/wp\/v2\/product\/15870","targetHints":{"allow":["GET"]}}],"collection":[{"href":"https:\/\/radarservice.eu\/pl\/wp-json\/wp\/v2\/product"}],"about":[{"href":"https:\/\/radarservice.eu\/pl\/wp-json\/wp\/v2\/types\/product"}],"replies":[{"embeddable":true,"href":"https:\/\/radarservice.eu\/pl\/wp-json\/wp\/v2\/comments?post=15870"}],"wp:featuredmedia":[{"embeddable":true,"href":"https:\/\/radarservice.eu\/pl\/wp-json\/wp\/v2\/media\/15737"}],"wp:attachment":[{"href":"https:\/\/radarservice.eu\/pl\/wp-json\/wp\/v2\/media?parent=15870"}],"wp:term":[{"taxonomy":"product_brand","embeddable":true,"href":"https:\/\/radarservice.eu\/pl\/wp-json\/wp\/v2\/product_brand?post=15870"},{"taxonomy":"product_cat","embeddable":true,"href":"https:\/\/radarservice.eu\/pl\/wp-json\/wp\/v2\/product_cat?post=15870"},{"taxonomy":"product_tag","embeddable":true,"href":"https:\/\/radarservice.eu\/pl\/wp-json\/wp\/v2\/product_tag?post=15870"}],"curies":[{"name":"wp","href":"https:\/\/api.w.org\/{rel}","templated":true}]}}