{"id":15869,"date":"2021-05-12T08:48:22","date_gmt":"2021-05-12T06:48:22","guid":{"rendered":"https:\/\/radarservice.eu\/produkt\/genevo-hd-gps-ff2-detektor-radarowy-i-blokada-lasera\/"},"modified":"2021-05-12T08:48:22","modified_gmt":"2021-05-12T06:48:22","slug":"genevo-hd-gps-ff2-detektor-radarowy-i-blokada-lasera","status":"publish","type":"product","link":"https:\/\/radarservice.eu\/pl\/produkt\/genevo-hd-gps-ff2-detektor-radarowy-i-blokada-lasera\/","title":{"rendered":"Genevo HD+ &#038; GPS+ &#038; FF2 detektor radarowy i blokada lasera"},"content":{"rendered":"<p>Drogi, podstawowy pakiet stacjonarnego detektora radaru Genevo i blokera lasera. <\/p>\n<p> <strong>Bezprzewodowy stacjonarny detektor radaru:<\/strong><br \/>Bezprzewodowy detektor radaru Genevo HD+ to ma\u0142y i mocny stacjonarny detektor radaru do ukrytej instalacji w przedniej cz\u0119\u015bci pojazdu. <br \/>Obudowa bryzgoszczelna sprawia, \u017ce niewidoczna instalacja nie stanowi problemu. Ostrze\u017cenia akustyczne i wizualne s\u0105 wysy\u0142ane przez urz\u0105dzenie Genevo GPS+ POI Warner z niemieckimi komunikatami g\u0142osowymi. Genevo GPS+ mo\u017ce by\u0107 opcjonalnie przymocowany do przedniej szyby za pomoc\u0105 przyssawek lub r\u00f3wnie\u017c w wygodny spos\u00f3b umieszczony w konsoli \u015brodkowej.<br \/>Od GPS+ Warner otrzymujesz r\u00f3wnie\u017c ostrze\u017cenia o stale zainstalowanych system\u00f3w monitorowania pr\u0119dko\u015bci i czerwonego \u015bwiat\u0142a w ca\u0142ej Europie. <\/p>\n<p><strong>Overview: <\/strong><br \/>+ ma\u0142y i wydajny stacjonarny detektor radar\u00f3w<br \/>+ ostrzeganie laserowe<br \/>+ monta\u017c bezprzewodowy<br \/>+ pasmo X-, K-, KA- i Ku<br \/>+ ostrzeganie o radarach stacjonarnych<br \/>+ ostrzeganie o monitorowaniu czerwonego \u015bwiat\u0142a<br \/>+ ostrzeganie o pomiarach kontrolnych sekcji (section controls)<br \/>+ sygna\u0142y alarmowe w j\u0119zyku niemieckim<br \/>+ nadaje si\u0119 do u\u017cytku w Europie<br \/>+ baza danych EUROPA dla stacjonarnych fotoradar\u00f3w ju\u017c wst\u0119pnie zainstalowana<\/p>\n<p><strong>bloker laserowy: <\/strong><br \/>Nowy Genevo FF2 mo\u017ce by\u0107 u\u017cywany zar\u00f3wno jako legalny czujnik parkowania i\/lub jako laserowy bloker przed pomiarami pr\u0119dko\u015bci za pomoc\u0105 pistolet\u00f3w laserowych. <br \/>Bardzo ma\u0142a konstrukcja czujnik\u00f3w i specjalnie opracowany Genevo uchwyt tablicy rejestracyjnej dla standardowej instalacji niewidoczny pozwalaj\u0105 po raz pierwszy ca\u0142kowicie niewidoczne i jednocze\u015bnie prosta instalacja parkowania i czujnik\u00f3w laserowych jammer.<br \/>Funkcja blokady laserowej jest r\u00f3wnie\u017c na \u017c\u0105danie za naci\u015bni\u0119ciem przycisku i zgodnie z StVO nieodwo\u0142alnie prze\u0142\u0105czane. Oznacza to, \u017ce legalne dzia\u0142anie mo\u017ce zosta\u0107 ustanowione w dowolnym momencie. <\/p>\n<p><strong>Overview:<\/strong><br \/>+ najmniejsze czujniki laserowe na rynku<br \/>+ specjalny uchwyt do tablic rejestracyjnych dla \u0142atwej i niewidocznej instalacji (wymiary uchwytu: 520mm x 110mm &#8211; standard UE, nie nadaje si\u0119 do Austrii)<br \/>+ Mo\u017cliwo\u015b\u0107 zastosowania jako laserowy asystent parkowania<br \/>+ Ostrze\u017cenie laserowe lub aktywna ingerencja lasera wobec wszystkich pomiar\u00f3w laserowych<br \/>+ Legalne dzia\u0142anie jako czysty asystent parkowania mo\u017cna aktywowa\u0107 przez naci\u015bni\u0119cie przycisku<br \/>+ Certyfikat CE i znak E<\/p>\n<p><strong>Ca\u0142kowity zakres dostawy: <\/strong><br \/>* zewn\u0119trzna, bezprzewodowa antena radarowa Genevo HD+<br \/>* Genevo GPS+ POI Warner<br \/>* zestaw kabli do detektora radaru<br \/>* kompletny materia\u0142 monta\u017cowy do instalacji detektora radaru<br \/>* instrukcja obs\u0142ugi detektora radaru<br \/>* 2 czujniki laserowe<br \/>* uchwyt tablicy rejestracyjnej do czujnik\u00f3w laserowych<br \/>* centrala steruj\u0105ca blokad\u0105 lasera<br \/>* zestaw kabli w komplecie. G\u0142o\u015bnik i dioda LED do blokady lasera<\/p>\n","protected":false},"excerpt":{"rendered":"<p>Drogi, podstawowy pakiet stacjonarnego detektora radaru Genevo i blokera lasera. Bezprzewodowy stacjonarny detektor radaru:Bezprzewodowy detektor radaru Genevo HD+ to ma\u0142y i mocny stacjonarny detektor radaru do ukrytej instalacji w przedniej cz\u0119\u015bci pojazdu. Obudowa bryzgoszczelna sprawia, \u017ce niewidoczna instalacja nie stanowi problemu. Ostrze\u017cenia akustyczne i wizualne s\u0105 wysy\u0142ane przez urz\u0105dzenie Genevo GPS+ POI Warner z niemieckimi [&#8230;]\n","protected":false},"featured_media":0,"comment_status":"open","ping_status":"closed","template":"","meta":[],"product_brand":[],"product_cat":[1584],"product_tag":[1636,1586,1707,1693,1706,1637],"class_list":{"0":"post-15869","1":"product","2":"type-product","3":"status-publish","5":"product_cat-genevo-pl","6":"product_tag-blokada-lasera","7":"product_tag-detektor-radarowy","8":"product_tag-genevo-ff2-pl","9":"product_tag-genevo-gps-pl","10":"product_tag-genevo-hd-pl","11":"product_tag-slepy-laser","13":"first","14":"instock","15":"sale","16":"taxable","17":"shipping-taxable","18":"purchasable","19":"product-type-simple"},"yoast_head":"<!-- This site is optimized with the Yoast SEO plugin v27.2 - https:\/\/yoast.com\/product\/yoast-seo-wordpress\/ -->\n<title>Genevo HD+ &amp; GPS+ &amp; FF2 detektor radarowy i blokada lasera | Radar Service<\/title>\n<meta name=\"description\" content=\"Genevo HD+ &amp; GPS+ &amp; FF2 detektor radarowy i blokada lasera | Radar Service\" \/>\n<meta name=\"robots\" content=\"index, follow, max-snippet:-1, max-image-preview:large, max-video-preview:-1\" \/>\n<link rel=\"canonical\" href=\"https:\/\/radarservice.eu\/pl\/produkt\/genevo-hd-gps-ff2-detektor-radarowy-i-blokada-lasera\/\" \/>\n<meta property=\"og:locale\" content=\"pl_PL\" \/>\n<meta property=\"og:type\" content=\"article\" \/>\n<meta property=\"og:title\" content=\"Genevo HD+ &amp; GPS+ &amp; FF2 detektor radarowy i blokada lasera | Radar Service\" \/>\n<meta property=\"og:description\" content=\"Genevo HD+ &amp; GPS+ &amp; FF2 detektor radarowy i blokada lasera | Radar Service\" \/>\n<meta property=\"og:url\" content=\"https:\/\/radarservice.eu\/pl\/produkt\/genevo-hd-gps-ff2-detektor-radarowy-i-blokada-lasera\/\" \/>\n<meta property=\"og:site_name\" content=\"Radar Service\" \/>\n<meta name=\"twitter:card\" content=\"summary_large_image\" \/>\n<meta name=\"twitter:label1\" content=\"Szacowany czas czytania\" \/>\n\t<meta name=\"twitter:data1\" content=\"2 minuty\" \/>\n<script type=\"application\/ld+json\" class=\"yoast-schema-graph\">{\"@context\":\"https:\/\/schema.org\",\"@graph\":[{\"@type\":\"WebPage\",\"@id\":\"https:\/\/radarservice.eu\/pl\/produkt\/genevo-hd-gps-ff2-detektor-radarowy-i-blokada-lasera\/\",\"url\":\"https:\/\/radarservice.eu\/pl\/produkt\/genevo-hd-gps-ff2-detektor-radarowy-i-blokada-lasera\/\",\"name\":\"Genevo HD+ & GPS+ & FF2 detektor radarowy i blokada lasera | Radar Service\",\"isPartOf\":{\"@id\":\"https:\/\/radarservice.eu\/pl\/#website\"},\"datePublished\":\"2021-05-12T06:48:22+00:00\",\"description\":\"Genevo HD+ & GPS+ & FF2 detektor radarowy i blokada lasera | Radar Service\",\"breadcrumb\":{\"@id\":\"https:\/\/radarservice.eu\/pl\/produkt\/genevo-hd-gps-ff2-detektor-radarowy-i-blokada-lasera\/#breadcrumb\"},\"inLanguage\":\"pl-PL\",\"potentialAction\":[{\"@type\":\"ReadAction\",\"target\":[\"https:\/\/radarservice.eu\/pl\/produkt\/genevo-hd-gps-ff2-detektor-radarowy-i-blokada-lasera\/\"]}]},{\"@type\":\"BreadcrumbList\",\"@id\":\"https:\/\/radarservice.eu\/pl\/produkt\/genevo-hd-gps-ff2-detektor-radarowy-i-blokada-lasera\/#breadcrumb\",\"itemListElement\":[{\"@type\":\"ListItem\",\"position\":1,\"name\":\"Sklep\",\"item\":\"https:\/\/radarservice.eu\/pl\/sklep\/\"},{\"@type\":\"ListItem\",\"position\":2,\"name\":\"Genevo HD+ &#038; GPS+ &#038; FF2 detektor radarowy i blokada lasera\"}]},{\"@type\":\"WebSite\",\"@id\":\"https:\/\/radarservice.eu\/pl\/#website\",\"url\":\"https:\/\/radarservice.eu\/pl\/\",\"name\":\"Radar Service\",\"description\":\"Radar detector Laser jammer mobile fix\",\"publisher\":{\"@id\":\"https:\/\/radarservice.eu\/pl\/#organization\"},\"potentialAction\":[{\"@type\":\"SearchAction\",\"target\":{\"@type\":\"EntryPoint\",\"urlTemplate\":\"https:\/\/radarservice.eu\/pl\/?s={search_term_string}\"},\"query-input\":{\"@type\":\"PropertyValueSpecification\",\"valueRequired\":true,\"valueName\":\"search_term_string\"}}],\"inLanguage\":\"pl-PL\"},{\"@type\":\"Organization\",\"@id\":\"https:\/\/radarservice.eu\/pl\/#organization\",\"name\":\"RadarService\",\"url\":\"https:\/\/radarservice.eu\/pl\/\",\"logo\":{\"@type\":\"ImageObject\",\"inLanguage\":\"pl-PL\",\"@id\":\"https:\/\/radarservice.eu\/pl\/#\/schema\/logo\/image\/\",\"url\":\"https:\/\/radarservice.eu\/wp-content\/uploads\/2021\/03\/Radar_detector_service.png\",\"contentUrl\":\"https:\/\/radarservice.eu\/wp-content\/uploads\/2021\/03\/Radar_detector_service.png\",\"width\":174,\"height\":48,\"caption\":\"RadarService\"},\"image\":{\"@id\":\"https:\/\/radarservice.eu\/pl\/#\/schema\/logo\/image\/\"}}]}<\/script>\n<!-- \/ Yoast SEO plugin. -->","yoast_head_json":{"title":"Genevo HD+ & GPS+ & FF2 detektor radarowy i blokada lasera | Radar Service","description":"Genevo HD+ & GPS+ & FF2 detektor radarowy i blokada lasera | Radar Service","robots":{"index":"index","follow":"follow","max-snippet":"max-snippet:-1","max-image-preview":"max-image-preview:large","max-video-preview":"max-video-preview:-1"},"canonical":"https:\/\/radarservice.eu\/pl\/produkt\/genevo-hd-gps-ff2-detektor-radarowy-i-blokada-lasera\/","og_locale":"pl_PL","og_type":"article","og_title":"Genevo HD+ & GPS+ & FF2 detektor radarowy i blokada lasera | Radar Service","og_description":"Genevo HD+ & GPS+ & FF2 detektor radarowy i blokada lasera | Radar Service","og_url":"https:\/\/radarservice.eu\/pl\/produkt\/genevo-hd-gps-ff2-detektor-radarowy-i-blokada-lasera\/","og_site_name":"Radar Service","twitter_card":"summary_large_image","twitter_misc":{"Szacowany czas czytania":"2 minuty"},"schema":{"@context":"https:\/\/schema.org","@graph":[{"@type":"WebPage","@id":"https:\/\/radarservice.eu\/pl\/produkt\/genevo-hd-gps-ff2-detektor-radarowy-i-blokada-lasera\/","url":"https:\/\/radarservice.eu\/pl\/produkt\/genevo-hd-gps-ff2-detektor-radarowy-i-blokada-lasera\/","name":"Genevo HD+ & GPS+ & FF2 detektor radarowy i blokada lasera | Radar Service","isPartOf":{"@id":"https:\/\/radarservice.eu\/pl\/#website"},"datePublished":"2021-05-12T06:48:22+00:00","description":"Genevo HD+ & GPS+ & FF2 detektor radarowy i blokada lasera | Radar Service","breadcrumb":{"@id":"https:\/\/radarservice.eu\/pl\/produkt\/genevo-hd-gps-ff2-detektor-radarowy-i-blokada-lasera\/#breadcrumb"},"inLanguage":"pl-PL","potentialAction":[{"@type":"ReadAction","target":["https:\/\/radarservice.eu\/pl\/produkt\/genevo-hd-gps-ff2-detektor-radarowy-i-blokada-lasera\/"]}]},{"@type":"BreadcrumbList","@id":"https:\/\/radarservice.eu\/pl\/produkt\/genevo-hd-gps-ff2-detektor-radarowy-i-blokada-lasera\/#breadcrumb","itemListElement":[{"@type":"ListItem","position":1,"name":"Sklep","item":"https:\/\/radarservice.eu\/pl\/sklep\/"},{"@type":"ListItem","position":2,"name":"Genevo HD+ &#038; GPS+ &#038; FF2 detektor radarowy i blokada lasera"}]},{"@type":"WebSite","@id":"https:\/\/radarservice.eu\/pl\/#website","url":"https:\/\/radarservice.eu\/pl\/","name":"Radar Service","description":"Radar detector Laser jammer mobile fix","publisher":{"@id":"https:\/\/radarservice.eu\/pl\/#organization"},"potentialAction":[{"@type":"SearchAction","target":{"@type":"EntryPoint","urlTemplate":"https:\/\/radarservice.eu\/pl\/?s={search_term_string}"},"query-input":{"@type":"PropertyValueSpecification","valueRequired":true,"valueName":"search_term_string"}}],"inLanguage":"pl-PL"},{"@type":"Organization","@id":"https:\/\/radarservice.eu\/pl\/#organization","name":"RadarService","url":"https:\/\/radarservice.eu\/pl\/","logo":{"@type":"ImageObject","inLanguage":"pl-PL","@id":"https:\/\/radarservice.eu\/pl\/#\/schema\/logo\/image\/","url":"https:\/\/radarservice.eu\/wp-content\/uploads\/2021\/03\/Radar_detector_service.png","contentUrl":"https:\/\/radarservice.eu\/wp-content\/uploads\/2021\/03\/Radar_detector_service.png","width":174,"height":48,"caption":"RadarService"},"image":{"@id":"https:\/\/radarservice.eu\/pl\/#\/schema\/logo\/image\/"}}]}},"_links":{"self":[{"href":"https:\/\/radarservice.eu\/pl\/wp-json\/wp\/v2\/product\/15869","targetHints":{"allow":["GET"]}}],"collection":[{"href":"https:\/\/radarservice.eu\/pl\/wp-json\/wp\/v2\/product"}],"about":[{"href":"https:\/\/radarservice.eu\/pl\/wp-json\/wp\/v2\/types\/product"}],"replies":[{"embeddable":true,"href":"https:\/\/radarservice.eu\/pl\/wp-json\/wp\/v2\/comments?post=15869"}],"wp:attachment":[{"href":"https:\/\/radarservice.eu\/pl\/wp-json\/wp\/v2\/media?parent=15869"}],"wp:term":[{"taxonomy":"product_brand","embeddable":true,"href":"https:\/\/radarservice.eu\/pl\/wp-json\/wp\/v2\/product_brand?post=15869"},{"taxonomy":"product_cat","embeddable":true,"href":"https:\/\/radarservice.eu\/pl\/wp-json\/wp\/v2\/product_cat?post=15869"},{"taxonomy":"product_tag","embeddable":true,"href":"https:\/\/radarservice.eu\/pl\/wp-json\/wp\/v2\/product_tag?post=15869"}],"curies":[{"name":"wp","href":"https:\/\/api.w.org\/{rel}","templated":true}]}}