{"id":15866,"date":"2021-05-12T08:46:08","date_gmt":"2021-05-12T06:46:08","guid":{"rendered":"https:\/\/radarservice.eu\/produkt\/bezprzewodowa-antena-radarowa-genevo-hdm\/"},"modified":"2021-11-27T15:54:07","modified_gmt":"2021-11-27T14:54:07","slug":"antena-radarowa-egnevo-hdm","status":"publish","type":"product","link":"https:\/\/radarservice.eu\/pl\/produkt\/antena-radarowa-egnevo-hdm\/","title":{"rendered":"Antena radarowa Genevo HDM+"},"content":{"rendered":"<p>Antena radarowa Genevo HDM+ jest ma\u0142\u0105 i mocn\u0105 sta\u0142\u0105 anten\u0105 detektora radaru do ukrytego monta\u017cu z przodu pojazdu. Bryzgoszczelna obudowa sprawia, \u017ce niewidoczny monta\u017c nie stanowi problemu.<\/p>\n<p><strong>Przegl\u0105d: <\/strong><br \/>\n+ ma\u0142a i mocna sta\u0142a antena radarowa<br \/>\n+ ostrze\u017cenie laserowe<br \/>\n+ X-, K-, KA-Band, MultaRadar i Gatso<\/p>\n<p><strong>Zakres dostawy:<\/strong><br \/>\n* zewn\u0119trzna antena radarowa Genevo HDM+<br \/>\n* zestaw kabli<br \/>\n* kompletny materia\u0142 monta\u017cowy do instalacji<br \/>\n* Instrukcja obs\u0142ugi<\/p>\n","protected":false},"excerpt":{"rendered":"<p>Antena radarowa Genevo HDM+ jest ma\u0142\u0105 i mocn\u0105 sta\u0142\u0105 anten\u0105 detektora radaru do ukrytego monta\u017cu z przodu pojazdu. Bryzgoszczelna obudowa sprawia, \u017ce niewidoczny monta\u017c nie stanowi problemu. Przegl\u0105d: + ma\u0142a i mocna sta\u0142a antena radarowa + ostrze\u017cenie laserowe + X-, K-, KA-Band, MultaRadar i Gatso Zakres dostawy: * zewn\u0119trzna antena radarowa Genevo HDM+ * zestaw [&#8230;]\n","protected":false},"featured_media":15867,"comment_status":"open","ping_status":"closed","template":"","meta":[],"product_brand":[],"product_cat":[1584,1583],"product_tag":[1705,1703,1587,1590,1704,1588],"class_list":{"0":"post-15866","1":"product","2":"type-product","3":"status-publish","4":"has-post-thumbnail","6":"product_cat-genevo-pl","7":"product_cat-stale-detektory-radarowe","8":"product_tag-antena-radaru-hdm","9":"product_tag-bezprzewodowy","10":"product_tag-europa-pl","11":"product_tag-genevo-pl","12":"product_tag-genevo-hdm-pl","13":"product_tag-stala-instalacja","15":"first","16":"instock","17":"sale","18":"taxable","19":"shipping-taxable","20":"purchasable","21":"product-type-variable","22":"has-default-attributes"},"yoast_head":"<!-- This site is optimized with the Yoast SEO plugin v27.2 - https:\/\/yoast.com\/product\/yoast-seo-wordpress\/ -->\n<title>Antena radarowa Genevo HDM+ | Radar Service<\/title>\n<meta name=\"description\" content=\"Antena radarowa Genevo HDM+ jest ma\u0142\u0105 i mocn\u0105 anten\u0105 radarow\u0105 do ukrytego monta\u017cu z przodu pojazdu.\" \/>\n<meta name=\"robots\" content=\"index, follow, max-snippet:-1, max-image-preview:large, max-video-preview:-1\" \/>\n<link rel=\"canonical\" href=\"https:\/\/radarservice.eu\/pl\/produkt\/antena-radarowa-egnevo-hdm\/\" \/>\n<meta property=\"og:locale\" content=\"pl_PL\" \/>\n<meta property=\"og:type\" content=\"article\" \/>\n<meta property=\"og:title\" content=\"Antena radarowa Genevo HDM+ | Radar Service\" \/>\n<meta property=\"og:description\" content=\"Antena radarowa Genevo HDM+ jest ma\u0142\u0105 i mocn\u0105 anten\u0105 radarow\u0105 do ukrytego monta\u017cu z przodu pojazdu.\" \/>\n<meta property=\"og:url\" content=\"https:\/\/radarservice.eu\/pl\/produkt\/antena-radarowa-egnevo-hdm\/\" \/>\n<meta property=\"og:site_name\" content=\"Radar Service\" \/>\n<meta property=\"article:modified_time\" content=\"2021-11-27T14:54:07+00:00\" \/>\n<meta property=\"og:image\" content=\"https:\/\/radarservice.eu\/wp-content\/uploads\/2020\/09\/genevo_hdm_radarantenne.jpg\" \/>\n\t<meta property=\"og:image:width\" content=\"600\" \/>\n\t<meta property=\"og:image:height\" content=\"398\" \/>\n\t<meta property=\"og:image:type\" content=\"image\/jpeg\" \/>\n<meta name=\"twitter:card\" content=\"summary_large_image\" \/>\n<script type=\"application\/ld+json\" class=\"yoast-schema-graph\">{\"@context\":\"https:\/\/schema.org\",\"@graph\":[{\"@type\":\"WebPage\",\"@id\":\"https:\/\/radarservice.eu\/pl\/produkt\/antena-radarowa-egnevo-hdm\/\",\"url\":\"https:\/\/radarservice.eu\/pl\/produkt\/antena-radarowa-egnevo-hdm\/\",\"name\":\"Antena radarowa Genevo HDM+ | Radar Service\",\"isPartOf\":{\"@id\":\"https:\/\/radarservice.eu\/pl\/#website\"},\"primaryImageOfPage\":{\"@id\":\"https:\/\/radarservice.eu\/pl\/produkt\/antena-radarowa-egnevo-hdm\/#primaryimage\"},\"image\":{\"@id\":\"https:\/\/radarservice.eu\/pl\/produkt\/antena-radarowa-egnevo-hdm\/#primaryimage\"},\"thumbnailUrl\":\"https:\/\/radarservice.eu\/wp-content\/uploads\/2020\/09\/genevo_hdm_radarantenne.jpg\",\"datePublished\":\"2021-05-12T06:46:08+00:00\",\"dateModified\":\"2021-11-27T14:54:07+00:00\",\"description\":\"Antena radarowa Genevo HDM+ jest ma\u0142\u0105 i mocn\u0105 anten\u0105 radarow\u0105 do ukrytego monta\u017cu z przodu pojazdu.\",\"breadcrumb\":{\"@id\":\"https:\/\/radarservice.eu\/pl\/produkt\/antena-radarowa-egnevo-hdm\/#breadcrumb\"},\"inLanguage\":\"pl-PL\",\"potentialAction\":[{\"@type\":\"ReadAction\",\"target\":[\"https:\/\/radarservice.eu\/pl\/produkt\/antena-radarowa-egnevo-hdm\/\"]}]},{\"@type\":\"ImageObject\",\"inLanguage\":\"pl-PL\",\"@id\":\"https:\/\/radarservice.eu\/pl\/produkt\/antena-radarowa-egnevo-hdm\/#primaryimage\",\"url\":\"https:\/\/radarservice.eu\/wp-content\/uploads\/2020\/09\/genevo_hdm_radarantenne.jpg\",\"contentUrl\":\"https:\/\/radarservice.eu\/wp-content\/uploads\/2020\/09\/genevo_hdm_radarantenne.jpg\",\"width\":600,\"height\":398,\"caption\":\"Antena radarowa Genevo HDM+\"},{\"@type\":\"BreadcrumbList\",\"@id\":\"https:\/\/radarservice.eu\/pl\/produkt\/antena-radarowa-egnevo-hdm\/#breadcrumb\",\"itemListElement\":[{\"@type\":\"ListItem\",\"position\":1,\"name\":\"Sklep\",\"item\":\"https:\/\/radarservice.eu\/pl\/sklep\/\"},{\"@type\":\"ListItem\",\"position\":2,\"name\":\"Antena radarowa Genevo HDM+\"}]},{\"@type\":\"WebSite\",\"@id\":\"https:\/\/radarservice.eu\/pl\/#website\",\"url\":\"https:\/\/radarservice.eu\/pl\/\",\"name\":\"Radar Service\",\"description\":\"Radar detector Laser jammer mobile fix\",\"publisher\":{\"@id\":\"https:\/\/radarservice.eu\/pl\/#organization\"},\"potentialAction\":[{\"@type\":\"SearchAction\",\"target\":{\"@type\":\"EntryPoint\",\"urlTemplate\":\"https:\/\/radarservice.eu\/pl\/?s={search_term_string}\"},\"query-input\":{\"@type\":\"PropertyValueSpecification\",\"valueRequired\":true,\"valueName\":\"search_term_string\"}}],\"inLanguage\":\"pl-PL\"},{\"@type\":\"Organization\",\"@id\":\"https:\/\/radarservice.eu\/pl\/#organization\",\"name\":\"RadarService\",\"url\":\"https:\/\/radarservice.eu\/pl\/\",\"logo\":{\"@type\":\"ImageObject\",\"inLanguage\":\"pl-PL\",\"@id\":\"https:\/\/radarservice.eu\/pl\/#\/schema\/logo\/image\/\",\"url\":\"https:\/\/radarservice.eu\/wp-content\/uploads\/2021\/03\/Radar_detector_service.png\",\"contentUrl\":\"https:\/\/radarservice.eu\/wp-content\/uploads\/2021\/03\/Radar_detector_service.png\",\"width\":174,\"height\":48,\"caption\":\"RadarService\"},\"image\":{\"@id\":\"https:\/\/radarservice.eu\/pl\/#\/schema\/logo\/image\/\"}}]}<\/script>\n<!-- \/ Yoast SEO plugin. -->","yoast_head_json":{"title":"Antena radarowa Genevo HDM+ | Radar Service","description":"Antena radarowa Genevo HDM+ jest ma\u0142\u0105 i mocn\u0105 anten\u0105 radarow\u0105 do ukrytego monta\u017cu z przodu pojazdu.","robots":{"index":"index","follow":"follow","max-snippet":"max-snippet:-1","max-image-preview":"max-image-preview:large","max-video-preview":"max-video-preview:-1"},"canonical":"https:\/\/radarservice.eu\/pl\/produkt\/antena-radarowa-egnevo-hdm\/","og_locale":"pl_PL","og_type":"article","og_title":"Antena radarowa Genevo HDM+ | Radar Service","og_description":"Antena radarowa Genevo HDM+ jest ma\u0142\u0105 i mocn\u0105 anten\u0105 radarow\u0105 do ukrytego monta\u017cu z przodu pojazdu.","og_url":"https:\/\/radarservice.eu\/pl\/produkt\/antena-radarowa-egnevo-hdm\/","og_site_name":"Radar Service","article_modified_time":"2021-11-27T14:54:07+00:00","og_image":[{"width":600,"height":398,"url":"https:\/\/radarservice.eu\/wp-content\/uploads\/2020\/09\/genevo_hdm_radarantenne.jpg","type":"image\/jpeg"}],"twitter_card":"summary_large_image","schema":{"@context":"https:\/\/schema.org","@graph":[{"@type":"WebPage","@id":"https:\/\/radarservice.eu\/pl\/produkt\/antena-radarowa-egnevo-hdm\/","url":"https:\/\/radarservice.eu\/pl\/produkt\/antena-radarowa-egnevo-hdm\/","name":"Antena radarowa Genevo HDM+ | Radar Service","isPartOf":{"@id":"https:\/\/radarservice.eu\/pl\/#website"},"primaryImageOfPage":{"@id":"https:\/\/radarservice.eu\/pl\/produkt\/antena-radarowa-egnevo-hdm\/#primaryimage"},"image":{"@id":"https:\/\/radarservice.eu\/pl\/produkt\/antena-radarowa-egnevo-hdm\/#primaryimage"},"thumbnailUrl":"https:\/\/radarservice.eu\/wp-content\/uploads\/2020\/09\/genevo_hdm_radarantenne.jpg","datePublished":"2021-05-12T06:46:08+00:00","dateModified":"2021-11-27T14:54:07+00:00","description":"Antena radarowa Genevo HDM+ jest ma\u0142\u0105 i mocn\u0105 anten\u0105 radarow\u0105 do ukrytego monta\u017cu z przodu pojazdu.","breadcrumb":{"@id":"https:\/\/radarservice.eu\/pl\/produkt\/antena-radarowa-egnevo-hdm\/#breadcrumb"},"inLanguage":"pl-PL","potentialAction":[{"@type":"ReadAction","target":["https:\/\/radarservice.eu\/pl\/produkt\/antena-radarowa-egnevo-hdm\/"]}]},{"@type":"ImageObject","inLanguage":"pl-PL","@id":"https:\/\/radarservice.eu\/pl\/produkt\/antena-radarowa-egnevo-hdm\/#primaryimage","url":"https:\/\/radarservice.eu\/wp-content\/uploads\/2020\/09\/genevo_hdm_radarantenne.jpg","contentUrl":"https:\/\/radarservice.eu\/wp-content\/uploads\/2020\/09\/genevo_hdm_radarantenne.jpg","width":600,"height":398,"caption":"Antena radarowa Genevo HDM+"},{"@type":"BreadcrumbList","@id":"https:\/\/radarservice.eu\/pl\/produkt\/antena-radarowa-egnevo-hdm\/#breadcrumb","itemListElement":[{"@type":"ListItem","position":1,"name":"Sklep","item":"https:\/\/radarservice.eu\/pl\/sklep\/"},{"@type":"ListItem","position":2,"name":"Antena radarowa Genevo HDM+"}]},{"@type":"WebSite","@id":"https:\/\/radarservice.eu\/pl\/#website","url":"https:\/\/radarservice.eu\/pl\/","name":"Radar Service","description":"Radar detector Laser jammer mobile fix","publisher":{"@id":"https:\/\/radarservice.eu\/pl\/#organization"},"potentialAction":[{"@type":"SearchAction","target":{"@type":"EntryPoint","urlTemplate":"https:\/\/radarservice.eu\/pl\/?s={search_term_string}"},"query-input":{"@type":"PropertyValueSpecification","valueRequired":true,"valueName":"search_term_string"}}],"inLanguage":"pl-PL"},{"@type":"Organization","@id":"https:\/\/radarservice.eu\/pl\/#organization","name":"RadarService","url":"https:\/\/radarservice.eu\/pl\/","logo":{"@type":"ImageObject","inLanguage":"pl-PL","@id":"https:\/\/radarservice.eu\/pl\/#\/schema\/logo\/image\/","url":"https:\/\/radarservice.eu\/wp-content\/uploads\/2021\/03\/Radar_detector_service.png","contentUrl":"https:\/\/radarservice.eu\/wp-content\/uploads\/2021\/03\/Radar_detector_service.png","width":174,"height":48,"caption":"RadarService"},"image":{"@id":"https:\/\/radarservice.eu\/pl\/#\/schema\/logo\/image\/"}}]}},"_links":{"self":[{"href":"https:\/\/radarservice.eu\/pl\/wp-json\/wp\/v2\/product\/15866","targetHints":{"allow":["GET"]}}],"collection":[{"href":"https:\/\/radarservice.eu\/pl\/wp-json\/wp\/v2\/product"}],"about":[{"href":"https:\/\/radarservice.eu\/pl\/wp-json\/wp\/v2\/types\/product"}],"replies":[{"embeddable":true,"href":"https:\/\/radarservice.eu\/pl\/wp-json\/wp\/v2\/comments?post=15866"}],"wp:featuredmedia":[{"embeddable":true,"href":"https:\/\/radarservice.eu\/pl\/wp-json\/wp\/v2\/media\/15867"}],"wp:attachment":[{"href":"https:\/\/radarservice.eu\/pl\/wp-json\/wp\/v2\/media?parent=15866"}],"wp:term":[{"taxonomy":"product_brand","embeddable":true,"href":"https:\/\/radarservice.eu\/pl\/wp-json\/wp\/v2\/product_brand?post=15866"},{"taxonomy":"product_cat","embeddable":true,"href":"https:\/\/radarservice.eu\/pl\/wp-json\/wp\/v2\/product_cat?post=15866"},{"taxonomy":"product_tag","embeddable":true,"href":"https:\/\/radarservice.eu\/pl\/wp-json\/wp\/v2\/product_tag?post=15866"}],"curies":[{"name":"wp","href":"https:\/\/api.w.org\/{rel}","templated":true}]}}