{"id":15860,"date":"2021-05-12T08:34:10","date_gmt":"2021-05-12T06:34:10","guid":{"rendered":"https:\/\/radarservice.eu\/produkt\/detektor-radarowy-genevo-max\/"},"modified":"2023-04-02T20:29:13","modified_gmt":"2023-04-02T18:29:13","slug":"detektor-radarowy-genevo-max","status":"publish","type":"product","link":"https:\/\/radarservice.eu\/pl\/produkt\/detektor-radarowy-genevo-max\/","title":{"rendered":"Detektor radarowy Genevo Max"},"content":{"rendered":"<p>Wykrywacz radar\u00f3w Genevo Max jest doskonale przystosowany do pracy w Europie i mo\u017ce by\u0107 elastycznie stosowany jako mobilny wykrywacz radar\u00f3w w kilku prostych krokach. Genevo Max oferuje bardzo dobre wyprzedzenie dla mobilnych pomiar\u00f3w pr\u0119dko\u015bci i pomiar\u00f3w laserowych. Dodatkowo otrzymasz ostrze\u017cenia o fotoradarach stacjonarnych i \u015bwietlnych oraz systemach pomiarowych SectioControl.<\/p>\n<p>Genevo Max informuje o pu\u0142apkach radarowych zar\u00f3wno na wy\u015bwietlaczu, jak i za pomoc\u0105 niemieckiego komunikatu g\u0142osowego. Kierowca otrzymuje szczeg\u00f3\u0142owe informacje o wykrytej pu\u0142apce pr\u0119dko\u015bci, ostrze\u017ceniu o punkcie POI lub pomiarze laserowym. W przypadku detekcji radarowej, si\u0142a sygna\u0142u jest r\u00f3wnie\u017c wy\u015bwietlana za pomoc\u0105 sygna\u0142u d\u017awi\u0119kowego, aby wskaza\u0107 odleg\u0142o\u015b\u0107 do pu\u0142apki radarowej.<\/p>\n<p>.<\/p>\n<p>U\u017cytkownik mo\u017ce r\u00f3wnie\u017c zapisywa\u0107 lub usuwa\u0107 w\u0142asne lokalizacje GPS (POI), aby w razie potrzeby w tych miejscach by\u0142o emitowane ostrze\u017cenie d\u017awi\u0119kowe.<\/p>\n<p>Genevo Max mo\u017ce by\u0107 zaprogramowany w zale\u017cno\u015bci od potrzeb za pomoc\u0105 niemieckiego menu, co sprawia, \u017ce mo\u017cna go dostosowa\u0107 do konkretnych potrzeb i preferencji.<\/p>\n<p><strong>Overview:<\/strong><br \/>\n+ najbardziej kompaktowy przeno\u015bny detektor radarowy z anten\u0105 radarow\u0105 dla mobilnych fotoradar\u00f3w oraz technologi\u0105 GPS<br \/>.<br \/>\n+ 360 \u00b0 stopni wykrywania wszystkich \u017ar\u00f3de\u0142 radarowych w Europie (X \/ K \/ Ka-band \/ MultaRadar \/ Gatso)<br \/>\n+ Ostrze\u017cenie o pomiarach laserowych<br \/>\n+ Ostrze\u017cenie o radarze stacjonarnym<br \/>\n+ Ostrze\u017cenie o monitorowaniu czerwonego \u015bwiat\u0142a<br \/>\n+ Ostrze\u017cenie dla pomiar\u00f3w kontrolnych sekcji<br \/>\n+ Mo\u017cliwo\u015bci konfiguracyjne za pomoc\u0105 niemieckiego menu<br \/>\n+ mo\u017cliwo\u015b\u0107 aktualizacji przez z\u0142\u0105cze USB<br \/>\n+ sygna\u0142y alarmowe i ustawienia ca\u0142kowicie w j\u0119zyku niemieckim<br \/>\n+ w\u0142asne punkty zagro\u017cenia do przechowywania<\/p>\n<p><strong>Zakres dostaw:<\/strong><br \/>\n* Detektor radaru Genevo Max z wbudowanym odbiornikiem GPS<br \/>\n* Preinstalowana baza danych Europy<br \/>\n* magnetyczny uchwyt na szyb\u0119 przedni\u0105<br \/>\n* zestaw kabli zasilacz 12V<br \/>\n* Niemiecka instrukcja obs\u0142ugi<\/p>\n<p><strong>Uwaga:<\/strong> Detektor radarowy Genevo Max ma mo\u017cliwo\u015b\u0107 odbioru sygna\u0142\u00f3w laserowych, ale dla bezpiecznej ochrony przed nimi zalecamy stosowanie aktywnej blokady lasera np. Antilaser ALP Priority lub Lasertrack Flare.<\/p>\n","protected":false},"excerpt":{"rendered":"<p>Detektor radarowy Genevo Max jest idealny do u\u017cytku w Europie.<\/p>\n","protected":false},"featured_media":15865,"comment_status":"open","ping_status":"closed","template":"","meta":[],"product_brand":[],"product_cat":[1584,1603,1585],"product_tag":[1586,1587,1590,1702],"class_list":{"0":"post-15860","1":"product","2":"type-product","3":"status-publish","4":"has-post-thumbnail","6":"product_cat-genevo-pl","7":"product_cat-przenosne-detektory-radarow","8":"product_cat-zalecane-detektory-radaru","9":"product_tag-detektor-radarowy","10":"product_tag-europa-pl","11":"product_tag-genevo-pl","12":"product_tag-genevo-max-pl","14":"first","15":"instock","16":"sale","17":"taxable","18":"shipping-taxable","19":"purchasable","20":"product-type-simple"},"yoast_head":"<!-- This site is optimized with the Yoast SEO plugin v27.2 - https:\/\/yoast.com\/product\/yoast-seo-wordpress\/ -->\n<title>Detektor radarowy Genevo Max | Radar Service<\/title>\n<meta name=\"description\" content=\"Detektor radarowy Genevo Max jest doskonale przystosowany do pracy w Europie i mo\u017ce by\u0107 elastycznie stosowany jako mobilny detektor radarowy.\" \/>\n<meta name=\"robots\" content=\"index, follow, max-snippet:-1, max-image-preview:large, max-video-preview:-1\" \/>\n<link rel=\"canonical\" href=\"https:\/\/radarservice.eu\/pl\/produkt\/detektor-radarowy-genevo-max\/\" \/>\n<meta property=\"og:locale\" content=\"pl_PL\" \/>\n<meta property=\"og:type\" content=\"article\" \/>\n<meta property=\"og:title\" content=\"Detektor radarowy Genevo Max | Radar Service\" \/>\n<meta property=\"og:description\" content=\"Detektor radarowy Genevo Max jest doskonale przystosowany do pracy w Europie i mo\u017ce by\u0107 elastycznie stosowany jako mobilny detektor radarowy.\" \/>\n<meta property=\"og:url\" content=\"https:\/\/radarservice.eu\/pl\/produkt\/detektor-radarowy-genevo-max\/\" \/>\n<meta property=\"og:site_name\" content=\"Radar Service\" \/>\n<meta property=\"article:modified_time\" content=\"2023-04-02T18:29:13+00:00\" \/>\n<meta property=\"og:image\" content=\"https:\/\/radarservice.eu\/wp-content\/uploads\/2020\/09\/Genevo_Max_Seite.jpg\" \/>\n\t<meta property=\"og:image:width\" content=\"1096\" \/>\n\t<meta property=\"og:image:height\" content=\"949\" \/>\n\t<meta property=\"og:image:type\" content=\"image\/jpeg\" \/>\n<meta name=\"twitter:card\" content=\"summary_large_image\" \/>\n<meta name=\"twitter:label1\" content=\"Szacowany czas czytania\" \/>\n\t<meta name=\"twitter:data1\" content=\"2 minuty\" \/>\n<script type=\"application\/ld+json\" class=\"yoast-schema-graph\">{\"@context\":\"https:\/\/schema.org\",\"@graph\":[{\"@type\":\"WebPage\",\"@id\":\"https:\/\/radarservice.eu\/pl\/produkt\/detektor-radarowy-genevo-max\/\",\"url\":\"https:\/\/radarservice.eu\/pl\/produkt\/detektor-radarowy-genevo-max\/\",\"name\":\"Detektor radarowy Genevo Max | Radar Service\",\"isPartOf\":{\"@id\":\"https:\/\/radarservice.eu\/pl\/#website\"},\"primaryImageOfPage\":{\"@id\":\"https:\/\/radarservice.eu\/pl\/produkt\/detektor-radarowy-genevo-max\/#primaryimage\"},\"image\":{\"@id\":\"https:\/\/radarservice.eu\/pl\/produkt\/detektor-radarowy-genevo-max\/#primaryimage\"},\"thumbnailUrl\":\"https:\/\/radarservice.eu\/wp-content\/uploads\/2020\/09\/Genevo_Max_Seite.jpg\",\"datePublished\":\"2021-05-12T06:34:10+00:00\",\"dateModified\":\"2023-04-02T18:29:13+00:00\",\"description\":\"Detektor radarowy Genevo Max jest doskonale przystosowany do pracy w Europie i mo\u017ce by\u0107 elastycznie stosowany jako mobilny detektor radarowy.\",\"breadcrumb\":{\"@id\":\"https:\/\/radarservice.eu\/pl\/produkt\/detektor-radarowy-genevo-max\/#breadcrumb\"},\"inLanguage\":\"pl-PL\",\"potentialAction\":[{\"@type\":\"ReadAction\",\"target\":[\"https:\/\/radarservice.eu\/pl\/produkt\/detektor-radarowy-genevo-max\/\"]}]},{\"@type\":\"ImageObject\",\"inLanguage\":\"pl-PL\",\"@id\":\"https:\/\/radarservice.eu\/pl\/produkt\/detektor-radarowy-genevo-max\/#primaryimage\",\"url\":\"https:\/\/radarservice.eu\/wp-content\/uploads\/2020\/09\/Genevo_Max_Seite.jpg\",\"contentUrl\":\"https:\/\/radarservice.eu\/wp-content\/uploads\/2020\/09\/Genevo_Max_Seite.jpg\",\"width\":1096,\"height\":949,\"caption\":\"Detektor radarowy Genevo Max\"},{\"@type\":\"BreadcrumbList\",\"@id\":\"https:\/\/radarservice.eu\/pl\/produkt\/detektor-radarowy-genevo-max\/#breadcrumb\",\"itemListElement\":[{\"@type\":\"ListItem\",\"position\":1,\"name\":\"Sklep\",\"item\":\"https:\/\/radarservice.eu\/pl\/sklep\/\"},{\"@type\":\"ListItem\",\"position\":2,\"name\":\"Detektor radarowy Genevo Max\"}]},{\"@type\":\"WebSite\",\"@id\":\"https:\/\/radarservice.eu\/pl\/#website\",\"url\":\"https:\/\/radarservice.eu\/pl\/\",\"name\":\"Radar Service\",\"description\":\"Radar detector Laser jammer mobile fix\",\"publisher\":{\"@id\":\"https:\/\/radarservice.eu\/pl\/#organization\"},\"potentialAction\":[{\"@type\":\"SearchAction\",\"target\":{\"@type\":\"EntryPoint\",\"urlTemplate\":\"https:\/\/radarservice.eu\/pl\/?s={search_term_string}\"},\"query-input\":{\"@type\":\"PropertyValueSpecification\",\"valueRequired\":true,\"valueName\":\"search_term_string\"}}],\"inLanguage\":\"pl-PL\"},{\"@type\":\"Organization\",\"@id\":\"https:\/\/radarservice.eu\/pl\/#organization\",\"name\":\"RadarService\",\"url\":\"https:\/\/radarservice.eu\/pl\/\",\"logo\":{\"@type\":\"ImageObject\",\"inLanguage\":\"pl-PL\",\"@id\":\"https:\/\/radarservice.eu\/pl\/#\/schema\/logo\/image\/\",\"url\":\"https:\/\/radarservice.eu\/wp-content\/uploads\/2021\/03\/Radar_detector_service.png\",\"contentUrl\":\"https:\/\/radarservice.eu\/wp-content\/uploads\/2021\/03\/Radar_detector_service.png\",\"width\":174,\"height\":48,\"caption\":\"RadarService\"},\"image\":{\"@id\":\"https:\/\/radarservice.eu\/pl\/#\/schema\/logo\/image\/\"}}]}<\/script>\n<!-- \/ Yoast SEO plugin. -->","yoast_head_json":{"title":"Detektor radarowy Genevo Max | Radar Service","description":"Detektor radarowy Genevo Max jest doskonale przystosowany do pracy w Europie i mo\u017ce by\u0107 elastycznie stosowany jako mobilny detektor radarowy.","robots":{"index":"index","follow":"follow","max-snippet":"max-snippet:-1","max-image-preview":"max-image-preview:large","max-video-preview":"max-video-preview:-1"},"canonical":"https:\/\/radarservice.eu\/pl\/produkt\/detektor-radarowy-genevo-max\/","og_locale":"pl_PL","og_type":"article","og_title":"Detektor radarowy Genevo Max | Radar Service","og_description":"Detektor radarowy Genevo Max jest doskonale przystosowany do pracy w Europie i mo\u017ce by\u0107 elastycznie stosowany jako mobilny detektor radarowy.","og_url":"https:\/\/radarservice.eu\/pl\/produkt\/detektor-radarowy-genevo-max\/","og_site_name":"Radar Service","article_modified_time":"2023-04-02T18:29:13+00:00","og_image":[{"width":1096,"height":949,"url":"https:\/\/radarservice.eu\/wp-content\/uploads\/2020\/09\/Genevo_Max_Seite.jpg","type":"image\/jpeg"}],"twitter_card":"summary_large_image","twitter_misc":{"Szacowany czas czytania":"2 minuty"},"schema":{"@context":"https:\/\/schema.org","@graph":[{"@type":"WebPage","@id":"https:\/\/radarservice.eu\/pl\/produkt\/detektor-radarowy-genevo-max\/","url":"https:\/\/radarservice.eu\/pl\/produkt\/detektor-radarowy-genevo-max\/","name":"Detektor radarowy Genevo Max | Radar Service","isPartOf":{"@id":"https:\/\/radarservice.eu\/pl\/#website"},"primaryImageOfPage":{"@id":"https:\/\/radarservice.eu\/pl\/produkt\/detektor-radarowy-genevo-max\/#primaryimage"},"image":{"@id":"https:\/\/radarservice.eu\/pl\/produkt\/detektor-radarowy-genevo-max\/#primaryimage"},"thumbnailUrl":"https:\/\/radarservice.eu\/wp-content\/uploads\/2020\/09\/Genevo_Max_Seite.jpg","datePublished":"2021-05-12T06:34:10+00:00","dateModified":"2023-04-02T18:29:13+00:00","description":"Detektor radarowy Genevo Max jest doskonale przystosowany do pracy w Europie i mo\u017ce by\u0107 elastycznie stosowany jako mobilny detektor radarowy.","breadcrumb":{"@id":"https:\/\/radarservice.eu\/pl\/produkt\/detektor-radarowy-genevo-max\/#breadcrumb"},"inLanguage":"pl-PL","potentialAction":[{"@type":"ReadAction","target":["https:\/\/radarservice.eu\/pl\/produkt\/detektor-radarowy-genevo-max\/"]}]},{"@type":"ImageObject","inLanguage":"pl-PL","@id":"https:\/\/radarservice.eu\/pl\/produkt\/detektor-radarowy-genevo-max\/#primaryimage","url":"https:\/\/radarservice.eu\/wp-content\/uploads\/2020\/09\/Genevo_Max_Seite.jpg","contentUrl":"https:\/\/radarservice.eu\/wp-content\/uploads\/2020\/09\/Genevo_Max_Seite.jpg","width":1096,"height":949,"caption":"Detektor radarowy Genevo Max"},{"@type":"BreadcrumbList","@id":"https:\/\/radarservice.eu\/pl\/produkt\/detektor-radarowy-genevo-max\/#breadcrumb","itemListElement":[{"@type":"ListItem","position":1,"name":"Sklep","item":"https:\/\/radarservice.eu\/pl\/sklep\/"},{"@type":"ListItem","position":2,"name":"Detektor radarowy Genevo Max"}]},{"@type":"WebSite","@id":"https:\/\/radarservice.eu\/pl\/#website","url":"https:\/\/radarservice.eu\/pl\/","name":"Radar Service","description":"Radar detector Laser jammer mobile fix","publisher":{"@id":"https:\/\/radarservice.eu\/pl\/#organization"},"potentialAction":[{"@type":"SearchAction","target":{"@type":"EntryPoint","urlTemplate":"https:\/\/radarservice.eu\/pl\/?s={search_term_string}"},"query-input":{"@type":"PropertyValueSpecification","valueRequired":true,"valueName":"search_term_string"}}],"inLanguage":"pl-PL"},{"@type":"Organization","@id":"https:\/\/radarservice.eu\/pl\/#organization","name":"RadarService","url":"https:\/\/radarservice.eu\/pl\/","logo":{"@type":"ImageObject","inLanguage":"pl-PL","@id":"https:\/\/radarservice.eu\/pl\/#\/schema\/logo\/image\/","url":"https:\/\/radarservice.eu\/wp-content\/uploads\/2021\/03\/Radar_detector_service.png","contentUrl":"https:\/\/radarservice.eu\/wp-content\/uploads\/2021\/03\/Radar_detector_service.png","width":174,"height":48,"caption":"RadarService"},"image":{"@id":"https:\/\/radarservice.eu\/pl\/#\/schema\/logo\/image\/"}}]}},"_links":{"self":[{"href":"https:\/\/radarservice.eu\/pl\/wp-json\/wp\/v2\/product\/15860","targetHints":{"allow":["GET"]}}],"collection":[{"href":"https:\/\/radarservice.eu\/pl\/wp-json\/wp\/v2\/product"}],"about":[{"href":"https:\/\/radarservice.eu\/pl\/wp-json\/wp\/v2\/types\/product"}],"replies":[{"embeddable":true,"href":"https:\/\/radarservice.eu\/pl\/wp-json\/wp\/v2\/comments?post=15860"}],"wp:featuredmedia":[{"embeddable":true,"href":"https:\/\/radarservice.eu\/pl\/wp-json\/wp\/v2\/media\/15865"}],"wp:attachment":[{"href":"https:\/\/radarservice.eu\/pl\/wp-json\/wp\/v2\/media?parent=15860"}],"wp:term":[{"taxonomy":"product_brand","embeddable":true,"href":"https:\/\/radarservice.eu\/pl\/wp-json\/wp\/v2\/product_brand?post=15860"},{"taxonomy":"product_cat","embeddable":true,"href":"https:\/\/radarservice.eu\/pl\/wp-json\/wp\/v2\/product_cat?post=15860"},{"taxonomy":"product_tag","embeddable":true,"href":"https:\/\/radarservice.eu\/pl\/wp-json\/wp\/v2\/product_tag?post=15860"}],"curies":[{"name":"wp","href":"https:\/\/api.w.org\/{rel}","templated":true}]}}