{"id":15855,"date":"2021-05-12T08:29:25","date_gmt":"2021-05-12T06:29:25","guid":{"rendered":"https:\/\/radarservice.eu\/produkt\/genevo-one-s-czarny-radarowy\/"},"modified":"2023-04-02T20:26:06","modified_gmt":"2023-04-02T18:26:06","slug":"genevo-one-s-czarny-radarowy","status":"publish","type":"product","link":"https:\/\/radarservice.eu\/pl\/produkt\/genevo-one-s-czarny-radarowy\/","title":{"rendered":"Genevo One S &#8211; czarny radarowy"},"content":{"rendered":"<p>Dzi\u0119ki nowo opracowanej antenie radarowej UHD, Genevo G1 S Black Edition zosta\u0142 zaprojektowany specjalnie na rynek europejski.<\/p>\n<p>W razie potrzeby, Genevo Black Edition mo\u017ce aktywowa\u0107 tryb prawny (tylko wy\u015bwietlanie pr\u0119dko\u015bci) za pomoc\u0105 jednego przycisku, wy\u0142\u0105czaj\u0105c funkcj\u0119 ostrzegania o niedozwolonych radarach i laserach. Funkcj\u0119 ostrzegania przed radarem mo\u017cna p\u00f3\u017aniej ponownie aktywowa\u0107 na laptopie lub domowym komputerze PC.<\/p>\n<p>.<\/p>\n<p>Czarny wykrywacz radar\u00f3w Genevo One S jest idealny do mobilnego u\u017cytku z wykrywaczem radar\u00f3w. Oferuje najlepsze wyniki pre-alert dla mobilnych pomiar\u00f3w pr\u0119dko\u015bci, jak r\u00f3wnie\u017c og\u00f3lnoeuropejskie ostrze\u017cenie o fotoradarach stacjonarnych.<br \/>.<br \/>\nDo\u017cywotnie aktualizacje bazy danych UE dla Radafallen sta\u0142ych s\u0105 selbstverst\u00e4ndlich inclusive.<\/p>\n<p>.<\/p>\n<p>Pu\u0142apki Radar zg\u0142asza Genevo S Black zar\u00f3wno w nowym wy\u015bwietlaczu matrycy za pomoc\u0105 komunikatu g\u0142osowego. Kierowca otrzymuje szczeg\u00f3\u0142owe informacje na temat wykrytych<br \/>\nPu\u0142apka pr\u0119dko\u015bci, ostrzeganie o punktach POI lub pomiar laserowy. W przypadku detekcji radarowej, si\u0142a sygna\u0142u jest r\u00f3wnie\u017c wy\u015bwietlana za pomoc\u0105 sygna\u0142u d\u017awi\u0119kowego, aby wskaza\u0107 odleg\u0142o\u015b\u0107 do pu\u0142apki radarowej.<\/p>\n<p>.<\/p>\n<p>U\u017cytkownik mo\u017ce r\u00f3wnie\u017c zapisywa\u0107 lub usuwa\u0107 w\u0142asne lokalizacje GPS (POI), aby w razie potrzeby w tych miejscach by\u0142o emitowane ostrze\u017cenie d\u017awi\u0119kowe.<\/p>\n<p>Genevo G1 S Black Edition mo\u017ce by\u0107 zaprogramowany w zale\u017cno\u015bci od potrzeb za pomoc\u0105 niemieckiego menu, dzi\u0119ki czemu mo\u017cna go dostosowa\u0107 do konkretnych potrzeb i preferencji klienta.<\/p>\n<p><strong>Overview:<\/strong><br \/>\n+ najbardziej kompaktowy przeno\u015bny detektor radarowy z anten\u0105 radarow\u0105 dla mobilnych fotoradar\u00f3w oraz technologi\u0105 GPS<br \/>.<br \/>\n+ 360\u00b0 stopni wykrywania wszystkich \u017ar\u00f3de\u0142 radarowych w Europie (pasmo X \/ K \/ Ka)<br \/>\n+ Ostrze\u017cenie o pomiarze radarowym<br \/>\n+ Ostrze\u017cenie o pomiarach laserowych<br \/>\n+ Ostrze\u017cenie o radarze stacjonarnym<br \/>\n+ Ostrze\u017cenie o monitorowaniu czerwonego \u015bwiat\u0142a<br \/>\n+ Ostrze\u017cenie o kontrolnych pomiarach odcinkowych<br \/> + Ostrze\u017cenie o kontrolnych pomiarach odcinkowych<br \/>\n+ Mo\u017cliwo\u015bci konfiguracyjne za pomoc\u0105 niemieckiego menu<br \/>\n+ mo\u017cliwo\u015b\u0107 aktualizacji przez z\u0142\u0105cze USB<br \/> + baza danych EUROPA dla fotoradar\u00f3w stacjonarnych<br \/>\n+ Baza danych EUROPA dla fotoradar\u00f3w stacjonarnych jest ju\u017c wst\u0119pnie zainstalowana<br \/>\n+ Do\u017cywotnie aktualizacje bazy danych UE w zestawie<br \/>\n+ Sygna\u0142y alarmowe i ustawienia w ca\u0142o\u015bci w j\u0119zyku niemieckim<br \/>\n+ nadaje si\u0119 do stosowania w Europie<br \/>\n+ w\u0142asne punkty zagro\u017cenia do przechowywania<\/p>\n<p><strong>Zakres dostaw:<\/strong><br \/>\n* Detektor radaru Genevo One S Black Edition z wbudowanym odbiornikiem GPS<br \/>.<br \/>\n* Preinstalowana baza danych UE dla ca\u0142ej Europy<br \/>\n* Akcesoria do monta\u017cu na przedniej szybie (przyssawki)<br \/>\n* zasilanie 12V z przy\u0142\u0105czem do zapalniczki<br \/>\n* Instrukcja obs\u0142ugi<br \/>\n* 24 miesi\u0105ce gwarancji<\/p>\n<p><strong>Uwaga:<\/strong> Genevo One S Black Edition posiada odbi\u00f3r sygna\u0142u laserowego, ale dla bezpiecznej ochrony przed laserem zalecamy stosowanie aktywnej blokady lasera, np. Antilaser ALP Priority lub Lasertrack Flare.<\/p>\n","protected":false},"excerpt":{"rendered":"<p>Dzi\u0119ki nowo opracowanej antenie radarowej UHD, Genevo G1 S Black Edition zosta\u0142 zaprojektowany specjalnie na rynek europejski. W razie potrzeby, Genevo Black Edition mo\u017ce aktywowa\u0107 tryb prawny (tylko wy\u015bwietlanie pr\u0119dko\u015bci) za pomoc\u0105 jednego przycisku, wy\u0142\u0105czaj\u0105c funkcj\u0119 ostrzegania o niedozwolonych radarach i laserach. Funkcj\u0119 ostrzegania przed radarem mo\u017cna p\u00f3\u017aniej ponownie aktywowa\u0107 na laptopie lub domowym komputerze [&#8230;]\n","protected":false},"featured_media":15857,"comment_status":"open","ping_status":"closed","template":"","meta":[],"product_brand":[],"product_cat":[1584,1603],"product_tag":[1587,1695,1696,1697,1682,1698],"class_list":{"0":"post-15855","1":"product","2":"type-product","3":"status-publish","4":"has-post-thumbnail","6":"product_cat-genevo-pl","7":"product_cat-przenosne-detektory-radarow","8":"product_tag-europa-pl","9":"product_tag-genevo-g1-s-black-edition-pl","10":"product_tag-genevo-g1-s-black-edition-pl-2","11":"product_tag-high-end-radarwarner-pl","12":"product_tag-przenosny-wykrywacz-radarow","13":"product_tag-zwyciezca-testu","15":"first","16":"instock","17":"taxable","18":"shipping-taxable","19":"purchasable","20":"product-type-simple"},"yoast_head":"<!-- This site is optimized with the Yoast SEO plugin v27.2 - https:\/\/yoast.com\/product\/yoast-seo-wordpress\/ -->\n<title>Genevo One S - czarny radarowy | Radar Service<\/title>\n<meta name=\"description\" content=\"Dzi\u0119ki nowo opracowanej antenie radarowej UHD, Genevo G1 S Black Edition zosta\u0142 specjalnie zaprojektowany na rynek europejski.\" \/>\n<meta name=\"robots\" content=\"index, follow, max-snippet:-1, max-image-preview:large, max-video-preview:-1\" \/>\n<link rel=\"canonical\" href=\"https:\/\/radarservice.eu\/pl\/produkt\/genevo-one-s-czarny-radarowy\/\" \/>\n<meta property=\"og:locale\" content=\"pl_PL\" \/>\n<meta property=\"og:type\" content=\"article\" \/>\n<meta property=\"og:title\" content=\"Genevo One S - czarny radarowy | Radar Service\" \/>\n<meta property=\"og:description\" content=\"Dzi\u0119ki nowo opracowanej antenie radarowej UHD, Genevo G1 S Black Edition zosta\u0142 specjalnie zaprojektowany na rynek europejski.\" \/>\n<meta property=\"og:url\" content=\"https:\/\/radarservice.eu\/pl\/produkt\/genevo-one-s-czarny-radarowy\/\" \/>\n<meta property=\"og:site_name\" content=\"Radar Service\" \/>\n<meta property=\"article:modified_time\" content=\"2023-04-02T18:26:06+00:00\" \/>\n<meta property=\"og:image\" content=\"https:\/\/radarservice.eu\/wp-content\/uploads\/2020\/09\/genevo-black-edition-radarwarner.jpg\" \/>\n\t<meta property=\"og:image:width\" content=\"800\" \/>\n\t<meta property=\"og:image:height\" content=\"636\" \/>\n\t<meta property=\"og:image:type\" content=\"image\/jpeg\" \/>\n<meta name=\"twitter:card\" content=\"summary_large_image\" \/>\n<meta name=\"twitter:label1\" content=\"Szacowany czas czytania\" \/>\n\t<meta name=\"twitter:data1\" content=\"2 minuty\" \/>\n<script type=\"application\/ld+json\" class=\"yoast-schema-graph\">{\"@context\":\"https:\/\/schema.org\",\"@graph\":[{\"@type\":\"WebPage\",\"@id\":\"https:\/\/radarservice.eu\/pl\/produkt\/genevo-one-s-czarny-radarowy\/\",\"url\":\"https:\/\/radarservice.eu\/pl\/produkt\/genevo-one-s-czarny-radarowy\/\",\"name\":\"Genevo One S - czarny radarowy | Radar Service\",\"isPartOf\":{\"@id\":\"https:\/\/radarservice.eu\/pl\/#website\"},\"primaryImageOfPage\":{\"@id\":\"https:\/\/radarservice.eu\/pl\/produkt\/genevo-one-s-czarny-radarowy\/#primaryimage\"},\"image\":{\"@id\":\"https:\/\/radarservice.eu\/pl\/produkt\/genevo-one-s-czarny-radarowy\/#primaryimage\"},\"thumbnailUrl\":\"https:\/\/radarservice.eu\/wp-content\/uploads\/2020\/09\/genevo-black-edition-radarwarner.jpg\",\"datePublished\":\"2021-05-12T06:29:25+00:00\",\"dateModified\":\"2023-04-02T18:26:06+00:00\",\"description\":\"Dzi\u0119ki nowo opracowanej antenie radarowej UHD, Genevo G1 S Black Edition zosta\u0142 specjalnie zaprojektowany na rynek europejski.\",\"breadcrumb\":{\"@id\":\"https:\/\/radarservice.eu\/pl\/produkt\/genevo-one-s-czarny-radarowy\/#breadcrumb\"},\"inLanguage\":\"pl-PL\",\"potentialAction\":[{\"@type\":\"ReadAction\",\"target\":[\"https:\/\/radarservice.eu\/pl\/produkt\/genevo-one-s-czarny-radarowy\/\"]}]},{\"@type\":\"ImageObject\",\"inLanguage\":\"pl-PL\",\"@id\":\"https:\/\/radarservice.eu\/pl\/produkt\/genevo-one-s-czarny-radarowy\/#primaryimage\",\"url\":\"https:\/\/radarservice.eu\/wp-content\/uploads\/2020\/09\/genevo-black-edition-radarwarner.jpg\",\"contentUrl\":\"https:\/\/radarservice.eu\/wp-content\/uploads\/2020\/09\/genevo-black-edition-radarwarner.jpg\",\"width\":800,\"height\":636,\"caption\":\"Genevo One S - czarny radarowy\"},{\"@type\":\"BreadcrumbList\",\"@id\":\"https:\/\/radarservice.eu\/pl\/produkt\/genevo-one-s-czarny-radarowy\/#breadcrumb\",\"itemListElement\":[{\"@type\":\"ListItem\",\"position\":1,\"name\":\"Sklep\",\"item\":\"https:\/\/radarservice.eu\/pl\/sklep\/\"},{\"@type\":\"ListItem\",\"position\":2,\"name\":\"Genevo One S &#8211; czarny radarowy\"}]},{\"@type\":\"WebSite\",\"@id\":\"https:\/\/radarservice.eu\/pl\/#website\",\"url\":\"https:\/\/radarservice.eu\/pl\/\",\"name\":\"Radar Service\",\"description\":\"Radar detector Laser jammer mobile fix\",\"publisher\":{\"@id\":\"https:\/\/radarservice.eu\/pl\/#organization\"},\"potentialAction\":[{\"@type\":\"SearchAction\",\"target\":{\"@type\":\"EntryPoint\",\"urlTemplate\":\"https:\/\/radarservice.eu\/pl\/?s={search_term_string}\"},\"query-input\":{\"@type\":\"PropertyValueSpecification\",\"valueRequired\":true,\"valueName\":\"search_term_string\"}}],\"inLanguage\":\"pl-PL\"},{\"@type\":\"Organization\",\"@id\":\"https:\/\/radarservice.eu\/pl\/#organization\",\"name\":\"RadarService\",\"url\":\"https:\/\/radarservice.eu\/pl\/\",\"logo\":{\"@type\":\"ImageObject\",\"inLanguage\":\"pl-PL\",\"@id\":\"https:\/\/radarservice.eu\/pl\/#\/schema\/logo\/image\/\",\"url\":\"https:\/\/radarservice.eu\/wp-content\/uploads\/2021\/03\/Radar_detector_service.png\",\"contentUrl\":\"https:\/\/radarservice.eu\/wp-content\/uploads\/2021\/03\/Radar_detector_service.png\",\"width\":174,\"height\":48,\"caption\":\"RadarService\"},\"image\":{\"@id\":\"https:\/\/radarservice.eu\/pl\/#\/schema\/logo\/image\/\"}}]}<\/script>\n<!-- \/ Yoast SEO plugin. -->","yoast_head_json":{"title":"Genevo One S - czarny radarowy | Radar Service","description":"Dzi\u0119ki nowo opracowanej antenie radarowej UHD, Genevo G1 S Black Edition zosta\u0142 specjalnie zaprojektowany na rynek europejski.","robots":{"index":"index","follow":"follow","max-snippet":"max-snippet:-1","max-image-preview":"max-image-preview:large","max-video-preview":"max-video-preview:-1"},"canonical":"https:\/\/radarservice.eu\/pl\/produkt\/genevo-one-s-czarny-radarowy\/","og_locale":"pl_PL","og_type":"article","og_title":"Genevo One S - czarny radarowy | Radar Service","og_description":"Dzi\u0119ki nowo opracowanej antenie radarowej UHD, Genevo G1 S Black Edition zosta\u0142 specjalnie zaprojektowany na rynek europejski.","og_url":"https:\/\/radarservice.eu\/pl\/produkt\/genevo-one-s-czarny-radarowy\/","og_site_name":"Radar Service","article_modified_time":"2023-04-02T18:26:06+00:00","og_image":[{"width":800,"height":636,"url":"https:\/\/radarservice.eu\/wp-content\/uploads\/2020\/09\/genevo-black-edition-radarwarner.jpg","type":"image\/jpeg"}],"twitter_card":"summary_large_image","twitter_misc":{"Szacowany czas czytania":"2 minuty"},"schema":{"@context":"https:\/\/schema.org","@graph":[{"@type":"WebPage","@id":"https:\/\/radarservice.eu\/pl\/produkt\/genevo-one-s-czarny-radarowy\/","url":"https:\/\/radarservice.eu\/pl\/produkt\/genevo-one-s-czarny-radarowy\/","name":"Genevo One S - czarny radarowy | Radar Service","isPartOf":{"@id":"https:\/\/radarservice.eu\/pl\/#website"},"primaryImageOfPage":{"@id":"https:\/\/radarservice.eu\/pl\/produkt\/genevo-one-s-czarny-radarowy\/#primaryimage"},"image":{"@id":"https:\/\/radarservice.eu\/pl\/produkt\/genevo-one-s-czarny-radarowy\/#primaryimage"},"thumbnailUrl":"https:\/\/radarservice.eu\/wp-content\/uploads\/2020\/09\/genevo-black-edition-radarwarner.jpg","datePublished":"2021-05-12T06:29:25+00:00","dateModified":"2023-04-02T18:26:06+00:00","description":"Dzi\u0119ki nowo opracowanej antenie radarowej UHD, Genevo G1 S Black Edition zosta\u0142 specjalnie zaprojektowany na rynek europejski.","breadcrumb":{"@id":"https:\/\/radarservice.eu\/pl\/produkt\/genevo-one-s-czarny-radarowy\/#breadcrumb"},"inLanguage":"pl-PL","potentialAction":[{"@type":"ReadAction","target":["https:\/\/radarservice.eu\/pl\/produkt\/genevo-one-s-czarny-radarowy\/"]}]},{"@type":"ImageObject","inLanguage":"pl-PL","@id":"https:\/\/radarservice.eu\/pl\/produkt\/genevo-one-s-czarny-radarowy\/#primaryimage","url":"https:\/\/radarservice.eu\/wp-content\/uploads\/2020\/09\/genevo-black-edition-radarwarner.jpg","contentUrl":"https:\/\/radarservice.eu\/wp-content\/uploads\/2020\/09\/genevo-black-edition-radarwarner.jpg","width":800,"height":636,"caption":"Genevo One S - czarny radarowy"},{"@type":"BreadcrumbList","@id":"https:\/\/radarservice.eu\/pl\/produkt\/genevo-one-s-czarny-radarowy\/#breadcrumb","itemListElement":[{"@type":"ListItem","position":1,"name":"Sklep","item":"https:\/\/radarservice.eu\/pl\/sklep\/"},{"@type":"ListItem","position":2,"name":"Genevo One S &#8211; czarny radarowy"}]},{"@type":"WebSite","@id":"https:\/\/radarservice.eu\/pl\/#website","url":"https:\/\/radarservice.eu\/pl\/","name":"Radar Service","description":"Radar detector Laser jammer mobile fix","publisher":{"@id":"https:\/\/radarservice.eu\/pl\/#organization"},"potentialAction":[{"@type":"SearchAction","target":{"@type":"EntryPoint","urlTemplate":"https:\/\/radarservice.eu\/pl\/?s={search_term_string}"},"query-input":{"@type":"PropertyValueSpecification","valueRequired":true,"valueName":"search_term_string"}}],"inLanguage":"pl-PL"},{"@type":"Organization","@id":"https:\/\/radarservice.eu\/pl\/#organization","name":"RadarService","url":"https:\/\/radarservice.eu\/pl\/","logo":{"@type":"ImageObject","inLanguage":"pl-PL","@id":"https:\/\/radarservice.eu\/pl\/#\/schema\/logo\/image\/","url":"https:\/\/radarservice.eu\/wp-content\/uploads\/2021\/03\/Radar_detector_service.png","contentUrl":"https:\/\/radarservice.eu\/wp-content\/uploads\/2021\/03\/Radar_detector_service.png","width":174,"height":48,"caption":"RadarService"},"image":{"@id":"https:\/\/radarservice.eu\/pl\/#\/schema\/logo\/image\/"}}]}},"_links":{"self":[{"href":"https:\/\/radarservice.eu\/pl\/wp-json\/wp\/v2\/product\/15855","targetHints":{"allow":["GET"]}}],"collection":[{"href":"https:\/\/radarservice.eu\/pl\/wp-json\/wp\/v2\/product"}],"about":[{"href":"https:\/\/radarservice.eu\/pl\/wp-json\/wp\/v2\/types\/product"}],"replies":[{"embeddable":true,"href":"https:\/\/radarservice.eu\/pl\/wp-json\/wp\/v2\/comments?post=15855"}],"wp:featuredmedia":[{"embeddable":true,"href":"https:\/\/radarservice.eu\/pl\/wp-json\/wp\/v2\/media\/15857"}],"wp:attachment":[{"href":"https:\/\/radarservice.eu\/pl\/wp-json\/wp\/v2\/media?parent=15855"}],"wp:term":[{"taxonomy":"product_brand","embeddable":true,"href":"https:\/\/radarservice.eu\/pl\/wp-json\/wp\/v2\/product_brand?post=15855"},{"taxonomy":"product_cat","embeddable":true,"href":"https:\/\/radarservice.eu\/pl\/wp-json\/wp\/v2\/product_cat?post=15855"},{"taxonomy":"product_tag","embeddable":true,"href":"https:\/\/radarservice.eu\/pl\/wp-json\/wp\/v2\/product_tag?post=15855"}],"curies":[{"name":"wp","href":"https:\/\/api.w.org\/{rel}","templated":true}]}}