{"id":15850,"date":"2021-05-12T08:24:13","date_gmt":"2021-05-12T06:24:13","guid":{"rendered":"https:\/\/radarservice.eu\/produkt\/zagluszacz-barier-swietlnych-eso-radio\/"},"modified":"2021-05-12T08:24:13","modified_gmt":"2021-05-12T06:24:13","slug":"zagluszacz-barier-swietlnych-eso-radio","status":"publish","type":"product","link":"https:\/\/radarservice.eu\/pl\/produkt\/zagluszacz-barier-swietlnych-eso-radio\/","title":{"rendered":"Zag\u0142uszacz barier \u015bwietlnych ESO (radio)"},"content":{"rendered":"<p>Zag\u0142uszacz fotokom\u00f3rek ESO skutecznie zapobiega pomiarom za pomoc\u0105 fotokom\u00f3rek, zwanych r\u00f3wnie\u017c &#8222;statywami&#8221;. Bariery \u015bwietlne ESO s\u0105 stosowane g\u0142\u00f3wnie tylko w Niemczech.<\/p>\n<p><p>Urz\u0105dzenie mo\u017ce by\u0107 stosowane jako wersja do monta\u017cu na sta\u0142e lub jako mobilna wersja wewn\u0119trzna (zasilanie poprzez zapalniczk\u0119 samochodow\u0105 12V).<br \/>\nZe wzgl\u0119du na niewielkie wymiary, ESO disruptor mo\u017ce by\u0107 dyskretnie ukryty w os\u0142onie ch\u0142odnicy lub schowku na r\u0119kawiczki. Aktywowany jest jammer czujnik fotoelektryczny poprzez zasilanie (pr\u0105d zap\u0142onu) z samochodu.<\/p>\n<p>.<\/p>\n<p><strong>Overview:<\/strong><br \/>\n+ zag\u0142usza radia ESO (np. ESO uP 80\/VI i ESO uP 80\/VI-4, ESO uP 80\/VIII i ESO uP 80\/VIII-4 \/ cz\u0119\u015bciowo ESO FE2.X)<\/p>\n<p><strong>Zakres dostawy:<\/strong><br \/>\n* ESO jammer<br \/>\n* Kabel po\u0142\u0105czeniowy<\/p>\n","protected":false},"excerpt":{"rendered":"<p>Zag\u0142uszacz fotokom\u00f3rek ESO skutecznie zapobiega pomiarom za pomoc\u0105 fotokom\u00f3rek, zwanych r\u00f3wnie\u017c &#8222;statywami&#8221;. Bariery \u015bwietlne ESO s\u0105 stosowane g\u0142\u00f3wnie tylko w Niemczech. Urz\u0105dzenie mo\u017ce by\u0107 stosowane jako wersja do monta\u017cu na sta\u0142e lub jako mobilna wersja wewn\u0119trzna (zasilanie poprzez zapalniczk\u0119 samochodow\u0105 12V). Ze wzgl\u0119du na niewielkie wymiary, ESO disruptor mo\u017ce by\u0107 dyskretnie ukryty w os\u0142onie ch\u0142odnicy [&#8230;]\n","protected":false},"featured_media":15763,"comment_status":"open","ping_status":"closed","template":"","meta":[],"product_brand":[],"product_cat":[1616],"product_tag":[1690,1692,1691,1618],"class_list":{"0":"post-15850","1":"product","2":"type-product","3":"status-publish","4":"has-post-thumbnail","6":"product_cat-zagluszacz-barier-swietlnych","7":"product_tag-eso-pl","8":"product_tag-radio-pl","9":"product_tag-up-80-pl","10":"product_tag-zagluszacz-barier-swietlnych","12":"first","13":"outofstock","14":"taxable","15":"shipping-taxable","16":"purchasable","17":"product-type-simple"},"yoast_head":"<!-- This site is optimized with the Yoast SEO plugin v27.2 - https:\/\/yoast.com\/product\/yoast-seo-wordpress\/ -->\n<title>Zag\u0142uszacz barier \u015bwietlnych ESO (radio) | Radar Service<\/title>\n<meta name=\"description\" content=\"Zak\u0142\u00f3cacz bariery \u015bwietlnej ESO skutecznie zapobiega pomiarom za pomoc\u0105 barier \u015bwietlnych, zwanych r\u00f3wnie\u017c &quot;statywami&quot;.\" \/>\n<meta name=\"robots\" content=\"index, follow, max-snippet:-1, max-image-preview:large, max-video-preview:-1\" \/>\n<link rel=\"canonical\" href=\"https:\/\/radarservice.eu\/pl\/produkt\/zagluszacz-barier-swietlnych-eso-radio\/\" \/>\n<meta property=\"og:locale\" content=\"pl_PL\" \/>\n<meta property=\"og:type\" content=\"article\" \/>\n<meta property=\"og:title\" content=\"Zag\u0142uszacz barier \u015bwietlnych ESO (radio) | Radar Service\" \/>\n<meta property=\"og:description\" content=\"Zak\u0142\u00f3cacz bariery \u015bwietlnej ESO skutecznie zapobiega pomiarom za pomoc\u0105 barier \u015bwietlnych, zwanych r\u00f3wnie\u017c &quot;statywami&quot;.\" \/>\n<meta property=\"og:url\" content=\"https:\/\/radarservice.eu\/pl\/produkt\/zagluszacz-barier-swietlnych-eso-radio\/\" \/>\n<meta property=\"og:site_name\" content=\"Radar Service\" \/>\n<meta property=\"og:image\" content=\"https:\/\/radarservice.eu\/wp-content\/uploads\/2019\/07\/eso_stoerer.jpg\" \/>\n\t<meta property=\"og:image:width\" content=\"500\" \/>\n\t<meta property=\"og:image:height\" content=\"500\" \/>\n\t<meta property=\"og:image:type\" content=\"image\/jpeg\" \/>\n<meta name=\"twitter:card\" content=\"summary_large_image\" \/>\n<meta name=\"twitter:label1\" content=\"Szacowany czas czytania\" \/>\n\t<meta name=\"twitter:data1\" content=\"1 minuta\" \/>\n<script type=\"application\/ld+json\" class=\"yoast-schema-graph\">{\"@context\":\"https:\/\/schema.org\",\"@graph\":[{\"@type\":\"WebPage\",\"@id\":\"https:\/\/radarservice.eu\/pl\/produkt\/zagluszacz-barier-swietlnych-eso-radio\/\",\"url\":\"https:\/\/radarservice.eu\/pl\/produkt\/zagluszacz-barier-swietlnych-eso-radio\/\",\"name\":\"Zag\u0142uszacz barier \u015bwietlnych ESO (radio) | Radar Service\",\"isPartOf\":{\"@id\":\"https:\/\/radarservice.eu\/pl\/#website\"},\"primaryImageOfPage\":{\"@id\":\"https:\/\/radarservice.eu\/pl\/produkt\/zagluszacz-barier-swietlnych-eso-radio\/#primaryimage\"},\"image\":{\"@id\":\"https:\/\/radarservice.eu\/pl\/produkt\/zagluszacz-barier-swietlnych-eso-radio\/#primaryimage\"},\"thumbnailUrl\":\"https:\/\/radarservice.eu\/wp-content\/uploads\/2019\/07\/eso_stoerer.jpg\",\"datePublished\":\"2021-05-12T06:24:13+00:00\",\"description\":\"Zak\u0142\u00f3cacz bariery \u015bwietlnej ESO skutecznie zapobiega pomiarom za pomoc\u0105 barier \u015bwietlnych, zwanych r\u00f3wnie\u017c \\\"statywami\\\".\",\"breadcrumb\":{\"@id\":\"https:\/\/radarservice.eu\/pl\/produkt\/zagluszacz-barier-swietlnych-eso-radio\/#breadcrumb\"},\"inLanguage\":\"pl-PL\",\"potentialAction\":[{\"@type\":\"ReadAction\",\"target\":[\"https:\/\/radarservice.eu\/pl\/produkt\/zagluszacz-barier-swietlnych-eso-radio\/\"]}]},{\"@type\":\"ImageObject\",\"inLanguage\":\"pl-PL\",\"@id\":\"https:\/\/radarservice.eu\/pl\/produkt\/zagluszacz-barier-swietlnych-eso-radio\/#primaryimage\",\"url\":\"https:\/\/radarservice.eu\/wp-content\/uploads\/2019\/07\/eso_stoerer.jpg\",\"contentUrl\":\"https:\/\/radarservice.eu\/wp-content\/uploads\/2019\/07\/eso_stoerer.jpg\",\"width\":500,\"height\":500,\"caption\":\"Zak\u0142\u00f3cenia ESO\"},{\"@type\":\"BreadcrumbList\",\"@id\":\"https:\/\/radarservice.eu\/pl\/produkt\/zagluszacz-barier-swietlnych-eso-radio\/#breadcrumb\",\"itemListElement\":[{\"@type\":\"ListItem\",\"position\":1,\"name\":\"Sklep\",\"item\":\"https:\/\/radarservice.eu\/pl\/sklep\/\"},{\"@type\":\"ListItem\",\"position\":2,\"name\":\"Zag\u0142uszacz barier \u015bwietlnych ESO (radio)\"}]},{\"@type\":\"WebSite\",\"@id\":\"https:\/\/radarservice.eu\/pl\/#website\",\"url\":\"https:\/\/radarservice.eu\/pl\/\",\"name\":\"Radar Service\",\"description\":\"Radar detector Laser jammer mobile fix\",\"publisher\":{\"@id\":\"https:\/\/radarservice.eu\/pl\/#organization\"},\"potentialAction\":[{\"@type\":\"SearchAction\",\"target\":{\"@type\":\"EntryPoint\",\"urlTemplate\":\"https:\/\/radarservice.eu\/pl\/?s={search_term_string}\"},\"query-input\":{\"@type\":\"PropertyValueSpecification\",\"valueRequired\":true,\"valueName\":\"search_term_string\"}}],\"inLanguage\":\"pl-PL\"},{\"@type\":\"Organization\",\"@id\":\"https:\/\/radarservice.eu\/pl\/#organization\",\"name\":\"RadarService\",\"url\":\"https:\/\/radarservice.eu\/pl\/\",\"logo\":{\"@type\":\"ImageObject\",\"inLanguage\":\"pl-PL\",\"@id\":\"https:\/\/radarservice.eu\/pl\/#\/schema\/logo\/image\/\",\"url\":\"https:\/\/radarservice.eu\/wp-content\/uploads\/2021\/03\/Radar_detector_service.png\",\"contentUrl\":\"https:\/\/radarservice.eu\/wp-content\/uploads\/2021\/03\/Radar_detector_service.png\",\"width\":174,\"height\":48,\"caption\":\"RadarService\"},\"image\":{\"@id\":\"https:\/\/radarservice.eu\/pl\/#\/schema\/logo\/image\/\"}}]}<\/script>\n<!-- \/ Yoast SEO plugin. -->","yoast_head_json":{"title":"Zag\u0142uszacz barier \u015bwietlnych ESO (radio) | Radar Service","description":"Zak\u0142\u00f3cacz bariery \u015bwietlnej ESO skutecznie zapobiega pomiarom za pomoc\u0105 barier \u015bwietlnych, zwanych r\u00f3wnie\u017c \"statywami\".","robots":{"index":"index","follow":"follow","max-snippet":"max-snippet:-1","max-image-preview":"max-image-preview:large","max-video-preview":"max-video-preview:-1"},"canonical":"https:\/\/radarservice.eu\/pl\/produkt\/zagluszacz-barier-swietlnych-eso-radio\/","og_locale":"pl_PL","og_type":"article","og_title":"Zag\u0142uszacz barier \u015bwietlnych ESO (radio) | Radar Service","og_description":"Zak\u0142\u00f3cacz bariery \u015bwietlnej ESO skutecznie zapobiega pomiarom za pomoc\u0105 barier \u015bwietlnych, zwanych r\u00f3wnie\u017c \"statywami\".","og_url":"https:\/\/radarservice.eu\/pl\/produkt\/zagluszacz-barier-swietlnych-eso-radio\/","og_site_name":"Radar Service","og_image":[{"width":500,"height":500,"url":"https:\/\/radarservice.eu\/wp-content\/uploads\/2019\/07\/eso_stoerer.jpg","type":"image\/jpeg"}],"twitter_card":"summary_large_image","twitter_misc":{"Szacowany czas czytania":"1 minuta"},"schema":{"@context":"https:\/\/schema.org","@graph":[{"@type":"WebPage","@id":"https:\/\/radarservice.eu\/pl\/produkt\/zagluszacz-barier-swietlnych-eso-radio\/","url":"https:\/\/radarservice.eu\/pl\/produkt\/zagluszacz-barier-swietlnych-eso-radio\/","name":"Zag\u0142uszacz barier \u015bwietlnych ESO (radio) | Radar Service","isPartOf":{"@id":"https:\/\/radarservice.eu\/pl\/#website"},"primaryImageOfPage":{"@id":"https:\/\/radarservice.eu\/pl\/produkt\/zagluszacz-barier-swietlnych-eso-radio\/#primaryimage"},"image":{"@id":"https:\/\/radarservice.eu\/pl\/produkt\/zagluszacz-barier-swietlnych-eso-radio\/#primaryimage"},"thumbnailUrl":"https:\/\/radarservice.eu\/wp-content\/uploads\/2019\/07\/eso_stoerer.jpg","datePublished":"2021-05-12T06:24:13+00:00","description":"Zak\u0142\u00f3cacz bariery \u015bwietlnej ESO skutecznie zapobiega pomiarom za pomoc\u0105 barier \u015bwietlnych, zwanych r\u00f3wnie\u017c \"statywami\".","breadcrumb":{"@id":"https:\/\/radarservice.eu\/pl\/produkt\/zagluszacz-barier-swietlnych-eso-radio\/#breadcrumb"},"inLanguage":"pl-PL","potentialAction":[{"@type":"ReadAction","target":["https:\/\/radarservice.eu\/pl\/produkt\/zagluszacz-barier-swietlnych-eso-radio\/"]}]},{"@type":"ImageObject","inLanguage":"pl-PL","@id":"https:\/\/radarservice.eu\/pl\/produkt\/zagluszacz-barier-swietlnych-eso-radio\/#primaryimage","url":"https:\/\/radarservice.eu\/wp-content\/uploads\/2019\/07\/eso_stoerer.jpg","contentUrl":"https:\/\/radarservice.eu\/wp-content\/uploads\/2019\/07\/eso_stoerer.jpg","width":500,"height":500,"caption":"Zak\u0142\u00f3cenia ESO"},{"@type":"BreadcrumbList","@id":"https:\/\/radarservice.eu\/pl\/produkt\/zagluszacz-barier-swietlnych-eso-radio\/#breadcrumb","itemListElement":[{"@type":"ListItem","position":1,"name":"Sklep","item":"https:\/\/radarservice.eu\/pl\/sklep\/"},{"@type":"ListItem","position":2,"name":"Zag\u0142uszacz barier \u015bwietlnych ESO (radio)"}]},{"@type":"WebSite","@id":"https:\/\/radarservice.eu\/pl\/#website","url":"https:\/\/radarservice.eu\/pl\/","name":"Radar Service","description":"Radar detector Laser jammer mobile fix","publisher":{"@id":"https:\/\/radarservice.eu\/pl\/#organization"},"potentialAction":[{"@type":"SearchAction","target":{"@type":"EntryPoint","urlTemplate":"https:\/\/radarservice.eu\/pl\/?s={search_term_string}"},"query-input":{"@type":"PropertyValueSpecification","valueRequired":true,"valueName":"search_term_string"}}],"inLanguage":"pl-PL"},{"@type":"Organization","@id":"https:\/\/radarservice.eu\/pl\/#organization","name":"RadarService","url":"https:\/\/radarservice.eu\/pl\/","logo":{"@type":"ImageObject","inLanguage":"pl-PL","@id":"https:\/\/radarservice.eu\/pl\/#\/schema\/logo\/image\/","url":"https:\/\/radarservice.eu\/wp-content\/uploads\/2021\/03\/Radar_detector_service.png","contentUrl":"https:\/\/radarservice.eu\/wp-content\/uploads\/2021\/03\/Radar_detector_service.png","width":174,"height":48,"caption":"RadarService"},"image":{"@id":"https:\/\/radarservice.eu\/pl\/#\/schema\/logo\/image\/"}}]}},"_links":{"self":[{"href":"https:\/\/radarservice.eu\/pl\/wp-json\/wp\/v2\/product\/15850","targetHints":{"allow":["GET"]}}],"collection":[{"href":"https:\/\/radarservice.eu\/pl\/wp-json\/wp\/v2\/product"}],"about":[{"href":"https:\/\/radarservice.eu\/pl\/wp-json\/wp\/v2\/types\/product"}],"replies":[{"embeddable":true,"href":"https:\/\/radarservice.eu\/pl\/wp-json\/wp\/v2\/comments?post=15850"}],"wp:featuredmedia":[{"embeddable":true,"href":"https:\/\/radarservice.eu\/pl\/wp-json\/wp\/v2\/media\/15763"}],"wp:attachment":[{"href":"https:\/\/radarservice.eu\/pl\/wp-json\/wp\/v2\/media?parent=15850"}],"wp:term":[{"taxonomy":"product_brand","embeddable":true,"href":"https:\/\/radarservice.eu\/pl\/wp-json\/wp\/v2\/product_brand?post=15850"},{"taxonomy":"product_cat","embeddable":true,"href":"https:\/\/radarservice.eu\/pl\/wp-json\/wp\/v2\/product_cat?post=15850"},{"taxonomy":"product_tag","embeddable":true,"href":"https:\/\/radarservice.eu\/pl\/wp-json\/wp\/v2\/product_tag?post=15850"}],"curies":[{"name":"wp","href":"https:\/\/api.w.org\/{rel}","templated":true}]}}