{"id":15848,"date":"2021-05-12T08:23:02","date_gmt":"2021-05-12T06:23:02","guid":{"rendered":"https:\/\/radarservice.eu\/produkt\/quintezz-drive-control-gps-v4-0\/"},"modified":"2021-05-12T08:23:02","modified_gmt":"2021-05-12T06:23:02","slug":"quintezz-drive-control-gps-v4-0","status":"publish","type":"product","link":"https:\/\/radarservice.eu\/pl\/produkt\/quintezz-drive-control-gps-v4-0\/","title":{"rendered":"Quintezz Drive Control GPS V4.0"},"content":{"rendered":"<p>Mobilny detektor radar\u00f3w Quintezz Drive Control to niedrogie urz\u0105dzenie klasy podstawowej, kt\u00f3re mo\u017ce by\u0107 u\u017cywane w Europie. Przez wbudowany odbiornik GPS, otrzymasz nie tylko radar i ostrze\u017cenia laserowe, ale tak\u017ce ostrze\u017cenia o sta\u0142ej pr\u0119dko\u015bci i czerwone \u015bwiat\u0142o system\u00f3w monitorowania.<br \/>.<br \/>\nW razie potrzeby (np. kontrola ruchu drogowego, ruch graniczny) funkcj\u0119 ostrzegania radarowego i laserowego mo\u017cna wy\u0142\u0105czy\u0107 jednym naci\u015bni\u0119ciem przycisku, a nast\u0119pnie aktywowa\u0107 j\u0105 ponownie za pomoc\u0105 tajnego kodu.<\/p>\n<p>.<\/p>\n<p>Kwintezz Drive Control to optymalne rozwi\u0105zanie dla kierowc\u00f3w, kt\u00f3rzy radz\u0105 sobie z przeci\u0119tnymi osi\u0105gami i kt\u00f3rym wystarcza podstawowa ochrona.<\/p>\n<p><strong>Uwaga:<\/strong> Urz\u0105dzenie Quintezz Drive Control odbiera sygna\u0142y laserowe, ale w celu zapewnienia bezpiecznej ochrony przed laserami zalecamy<br \/>\nzastosowanie aktywnego blokera laserowego np. Genevo FF2 lub AL Priority.<\/p>\n<p><strong>Overview:<\/strong><br \/>\n+ przeno\u015bny detektor radaru z gniazdem zapalniczki samochodowej 12V<br \/>.<br \/>\n+ Ostrzeganie radarowe i laserowe<br \/>\n+ Ka-narrow band for max. performance with European Multanova radars<br \/>\n+ Wymiary: 34 x 75 x 117 (wysoko\u015b\u0107 x szeroko\u015b\u0107 x d\u0142ugo\u015b\u0107 w mm)<\/p>\n<p>.<\/p>\n<p><strong>Zakresy cz\u0119stotliwo\u015bci:<\/strong><br \/>.<br \/>\n+ X-Band &#8211; 9.41 GHz, 9.90 GHz, 10.50 GHz, 10.525 GHz, 10.60 GHz<br \/>\n+ pasmo K &#8211; 24,10 GHz, 24,125 GHz, 24,150 GHz<br \/>\n+ Ka-Narrow &#8211; 34.00 GHz, 34.30 GHz, 34.36 GHz<br \/>\n+ Ka-Wide &#8211; 35,50 GHz, 35,70 GHz<br \/>\n+ KU-Band &#8211; 13,450 GHz<\/p>\n<p><strong>Zakres dostawy:<\/strong><br \/>\n* Quintezz Drive Control V4.0 Radar Detector<br \/>.<br \/>\n* Uchwyt &amp; 12V kabel po\u0142\u0105czeniowy<br \/>.<br \/>\n* Kabel USB<br \/>\n* Aktualizacja oprogramowania (fotoradar stacjonarny)<br \/>.<br \/>\n* Niemiecka instrukcja obs\u0142ugi<\/p>\n","protected":false},"excerpt":{"rendered":"<p>Mobilny detektor radar\u00f3w Quintezz Drive Control to niedrogie urz\u0105dzenie klasy podstawowej, kt\u00f3re mo\u017ce by\u0107 u\u017cywane w Europie. Przez wbudowany odbiornik GPS, otrzymasz nie tylko radar i ostrze\u017cenia laserowe, ale tak\u017ce ostrze\u017cenia o sta\u0142ej pr\u0119dko\u015bci i czerwone \u015bwiat\u0142o system\u00f3w monitorowania.. W razie potrzeby (np. kontrola ruchu drogowego, ruch graniczny) funkcj\u0119 ostrzegania radarowego i laserowego mo\u017cna wy\u0142\u0105czy\u0107 [&#8230;]\n","protected":false},"featured_media":15849,"comment_status":"open","ping_status":"closed","template":"","meta":[],"product_brand":[],"product_cat":[1603,1685],"product_tag":[1609,1586,1587,1610,1611,1688,1689],"class_list":{"0":"post-15848","1":"product","2":"type-product","3":"status-publish","4":"has-post-thumbnail","6":"product_cat-przenosne-detektory-radarow","7":"product_cat-quintezz-pl","8":"product_tag-detektor-laserowy","9":"product_tag-detektor-radarowy","10":"product_tag-europa-pl","11":"product_tag-gps-pl","12":"product_tag-poi-warnera","13":"product_tag-quintezz-drive-control-pl","14":"product_tag-urzadzenie-klasy-podstawowej","16":"first","17":"instock","18":"taxable","19":"shipping-taxable","20":"purchasable","21":"product-type-simple"},"yoast_head":"<!-- This site is optimized with the Yoast SEO plugin v27.2 - https:\/\/yoast.com\/product\/yoast-seo-wordpress\/ -->\n<title>Quintezz Drive Control GPS V4.0 | Radar Service<\/title>\n<meta name=\"description\" content=\"Przeno\u015bny detektor radaru Quintezz Drive Control to niedrogie urz\u0105dzenie klasy podstawowej, kt\u00f3re nadaje si\u0119 do u\u017cytku w Europie.\" \/>\n<meta name=\"robots\" content=\"index, follow, max-snippet:-1, max-image-preview:large, max-video-preview:-1\" \/>\n<link rel=\"canonical\" href=\"https:\/\/radarservice.eu\/pl\/produkt\/quintezz-drive-control-gps-v4-0\/\" \/>\n<meta property=\"og:locale\" content=\"pl_PL\" \/>\n<meta property=\"og:type\" content=\"article\" \/>\n<meta property=\"og:title\" content=\"Quintezz Drive Control GPS V4.0 | Radar Service\" \/>\n<meta property=\"og:description\" content=\"Przeno\u015bny detektor radaru Quintezz Drive Control to niedrogie urz\u0105dzenie klasy podstawowej, kt\u00f3re nadaje si\u0119 do u\u017cytku w Europie.\" \/>\n<meta property=\"og:url\" content=\"https:\/\/radarservice.eu\/pl\/produkt\/quintezz-drive-control-gps-v4-0\/\" \/>\n<meta property=\"og:site_name\" content=\"Radar Service\" \/>\n<meta property=\"og:image\" content=\"https:\/\/radarservice.eu\/wp-content\/uploads\/2020\/09\/quintezz_drive_control_gps_v4.jpg\" \/>\n\t<meta property=\"og:image:width\" content=\"450\" \/>\n\t<meta property=\"og:image:height\" content=\"450\" \/>\n\t<meta property=\"og:image:type\" content=\"image\/jpeg\" \/>\n<meta name=\"twitter:card\" content=\"summary_large_image\" \/>\n<meta name=\"twitter:label1\" content=\"Szacowany czas czytania\" \/>\n\t<meta name=\"twitter:data1\" content=\"1 minuta\" \/>\n<script type=\"application\/ld+json\" class=\"yoast-schema-graph\">{\"@context\":\"https:\/\/schema.org\",\"@graph\":[{\"@type\":\"WebPage\",\"@id\":\"https:\/\/radarservice.eu\/pl\/produkt\/quintezz-drive-control-gps-v4-0\/\",\"url\":\"https:\/\/radarservice.eu\/pl\/produkt\/quintezz-drive-control-gps-v4-0\/\",\"name\":\"Quintezz Drive Control GPS V4.0 | Radar Service\",\"isPartOf\":{\"@id\":\"https:\/\/radarservice.eu\/pl\/#website\"},\"primaryImageOfPage\":{\"@id\":\"https:\/\/radarservice.eu\/pl\/produkt\/quintezz-drive-control-gps-v4-0\/#primaryimage\"},\"image\":{\"@id\":\"https:\/\/radarservice.eu\/pl\/produkt\/quintezz-drive-control-gps-v4-0\/#primaryimage\"},\"thumbnailUrl\":\"https:\/\/radarservice.eu\/wp-content\/uploads\/2020\/09\/quintezz_drive_control_gps_v4.jpg\",\"datePublished\":\"2021-05-12T06:23:02+00:00\",\"description\":\"Przeno\u015bny detektor radaru Quintezz Drive Control to niedrogie urz\u0105dzenie klasy podstawowej, kt\u00f3re nadaje si\u0119 do u\u017cytku w Europie.\",\"breadcrumb\":{\"@id\":\"https:\/\/radarservice.eu\/pl\/produkt\/quintezz-drive-control-gps-v4-0\/#breadcrumb\"},\"inLanguage\":\"pl-PL\",\"potentialAction\":[{\"@type\":\"ReadAction\",\"target\":[\"https:\/\/radarservice.eu\/pl\/produkt\/quintezz-drive-control-gps-v4-0\/\"]}]},{\"@type\":\"ImageObject\",\"inLanguage\":\"pl-PL\",\"@id\":\"https:\/\/radarservice.eu\/pl\/produkt\/quintezz-drive-control-gps-v4-0\/#primaryimage\",\"url\":\"https:\/\/radarservice.eu\/wp-content\/uploads\/2020\/09\/quintezz_drive_control_gps_v4.jpg\",\"contentUrl\":\"https:\/\/radarservice.eu\/wp-content\/uploads\/2020\/09\/quintezz_drive_control_gps_v4.jpg\",\"width\":450,\"height\":450,\"caption\":\"Quintezz Drive Control GPS V4.0\"},{\"@type\":\"BreadcrumbList\",\"@id\":\"https:\/\/radarservice.eu\/pl\/produkt\/quintezz-drive-control-gps-v4-0\/#breadcrumb\",\"itemListElement\":[{\"@type\":\"ListItem\",\"position\":1,\"name\":\"Sklep\",\"item\":\"https:\/\/radarservice.eu\/pl\/sklep\/\"},{\"@type\":\"ListItem\",\"position\":2,\"name\":\"Quintezz Drive Control GPS V4.0\"}]},{\"@type\":\"WebSite\",\"@id\":\"https:\/\/radarservice.eu\/pl\/#website\",\"url\":\"https:\/\/radarservice.eu\/pl\/\",\"name\":\"Radar Service\",\"description\":\"Radar detector Laser jammer mobile fix\",\"publisher\":{\"@id\":\"https:\/\/radarservice.eu\/pl\/#organization\"},\"potentialAction\":[{\"@type\":\"SearchAction\",\"target\":{\"@type\":\"EntryPoint\",\"urlTemplate\":\"https:\/\/radarservice.eu\/pl\/?s={search_term_string}\"},\"query-input\":{\"@type\":\"PropertyValueSpecification\",\"valueRequired\":true,\"valueName\":\"search_term_string\"}}],\"inLanguage\":\"pl-PL\"},{\"@type\":\"Organization\",\"@id\":\"https:\/\/radarservice.eu\/pl\/#organization\",\"name\":\"RadarService\",\"url\":\"https:\/\/radarservice.eu\/pl\/\",\"logo\":{\"@type\":\"ImageObject\",\"inLanguage\":\"pl-PL\",\"@id\":\"https:\/\/radarservice.eu\/pl\/#\/schema\/logo\/image\/\",\"url\":\"https:\/\/radarservice.eu\/wp-content\/uploads\/2021\/03\/Radar_detector_service.png\",\"contentUrl\":\"https:\/\/radarservice.eu\/wp-content\/uploads\/2021\/03\/Radar_detector_service.png\",\"width\":174,\"height\":48,\"caption\":\"RadarService\"},\"image\":{\"@id\":\"https:\/\/radarservice.eu\/pl\/#\/schema\/logo\/image\/\"}}]}<\/script>\n<!-- \/ Yoast SEO plugin. -->","yoast_head_json":{"title":"Quintezz Drive Control GPS V4.0 | Radar Service","description":"Przeno\u015bny detektor radaru Quintezz Drive Control to niedrogie urz\u0105dzenie klasy podstawowej, kt\u00f3re nadaje si\u0119 do u\u017cytku w Europie.","robots":{"index":"index","follow":"follow","max-snippet":"max-snippet:-1","max-image-preview":"max-image-preview:large","max-video-preview":"max-video-preview:-1"},"canonical":"https:\/\/radarservice.eu\/pl\/produkt\/quintezz-drive-control-gps-v4-0\/","og_locale":"pl_PL","og_type":"article","og_title":"Quintezz Drive Control GPS V4.0 | Radar Service","og_description":"Przeno\u015bny detektor radaru Quintezz Drive Control to niedrogie urz\u0105dzenie klasy podstawowej, kt\u00f3re nadaje si\u0119 do u\u017cytku w Europie.","og_url":"https:\/\/radarservice.eu\/pl\/produkt\/quintezz-drive-control-gps-v4-0\/","og_site_name":"Radar Service","og_image":[{"width":450,"height":450,"url":"https:\/\/radarservice.eu\/wp-content\/uploads\/2020\/09\/quintezz_drive_control_gps_v4.jpg","type":"image\/jpeg"}],"twitter_card":"summary_large_image","twitter_misc":{"Szacowany czas czytania":"1 minuta"},"schema":{"@context":"https:\/\/schema.org","@graph":[{"@type":"WebPage","@id":"https:\/\/radarservice.eu\/pl\/produkt\/quintezz-drive-control-gps-v4-0\/","url":"https:\/\/radarservice.eu\/pl\/produkt\/quintezz-drive-control-gps-v4-0\/","name":"Quintezz Drive Control GPS V4.0 | Radar Service","isPartOf":{"@id":"https:\/\/radarservice.eu\/pl\/#website"},"primaryImageOfPage":{"@id":"https:\/\/radarservice.eu\/pl\/produkt\/quintezz-drive-control-gps-v4-0\/#primaryimage"},"image":{"@id":"https:\/\/radarservice.eu\/pl\/produkt\/quintezz-drive-control-gps-v4-0\/#primaryimage"},"thumbnailUrl":"https:\/\/radarservice.eu\/wp-content\/uploads\/2020\/09\/quintezz_drive_control_gps_v4.jpg","datePublished":"2021-05-12T06:23:02+00:00","description":"Przeno\u015bny detektor radaru Quintezz Drive Control to niedrogie urz\u0105dzenie klasy podstawowej, kt\u00f3re nadaje si\u0119 do u\u017cytku w Europie.","breadcrumb":{"@id":"https:\/\/radarservice.eu\/pl\/produkt\/quintezz-drive-control-gps-v4-0\/#breadcrumb"},"inLanguage":"pl-PL","potentialAction":[{"@type":"ReadAction","target":["https:\/\/radarservice.eu\/pl\/produkt\/quintezz-drive-control-gps-v4-0\/"]}]},{"@type":"ImageObject","inLanguage":"pl-PL","@id":"https:\/\/radarservice.eu\/pl\/produkt\/quintezz-drive-control-gps-v4-0\/#primaryimage","url":"https:\/\/radarservice.eu\/wp-content\/uploads\/2020\/09\/quintezz_drive_control_gps_v4.jpg","contentUrl":"https:\/\/radarservice.eu\/wp-content\/uploads\/2020\/09\/quintezz_drive_control_gps_v4.jpg","width":450,"height":450,"caption":"Quintezz Drive Control GPS V4.0"},{"@type":"BreadcrumbList","@id":"https:\/\/radarservice.eu\/pl\/produkt\/quintezz-drive-control-gps-v4-0\/#breadcrumb","itemListElement":[{"@type":"ListItem","position":1,"name":"Sklep","item":"https:\/\/radarservice.eu\/pl\/sklep\/"},{"@type":"ListItem","position":2,"name":"Quintezz Drive Control GPS V4.0"}]},{"@type":"WebSite","@id":"https:\/\/radarservice.eu\/pl\/#website","url":"https:\/\/radarservice.eu\/pl\/","name":"Radar Service","description":"Radar detector Laser jammer mobile fix","publisher":{"@id":"https:\/\/radarservice.eu\/pl\/#organization"},"potentialAction":[{"@type":"SearchAction","target":{"@type":"EntryPoint","urlTemplate":"https:\/\/radarservice.eu\/pl\/?s={search_term_string}"},"query-input":{"@type":"PropertyValueSpecification","valueRequired":true,"valueName":"search_term_string"}}],"inLanguage":"pl-PL"},{"@type":"Organization","@id":"https:\/\/radarservice.eu\/pl\/#organization","name":"RadarService","url":"https:\/\/radarservice.eu\/pl\/","logo":{"@type":"ImageObject","inLanguage":"pl-PL","@id":"https:\/\/radarservice.eu\/pl\/#\/schema\/logo\/image\/","url":"https:\/\/radarservice.eu\/wp-content\/uploads\/2021\/03\/Radar_detector_service.png","contentUrl":"https:\/\/radarservice.eu\/wp-content\/uploads\/2021\/03\/Radar_detector_service.png","width":174,"height":48,"caption":"RadarService"},"image":{"@id":"https:\/\/radarservice.eu\/pl\/#\/schema\/logo\/image\/"}}]}},"_links":{"self":[{"href":"https:\/\/radarservice.eu\/pl\/wp-json\/wp\/v2\/product\/15848","targetHints":{"allow":["GET"]}}],"collection":[{"href":"https:\/\/radarservice.eu\/pl\/wp-json\/wp\/v2\/product"}],"about":[{"href":"https:\/\/radarservice.eu\/pl\/wp-json\/wp\/v2\/types\/product"}],"replies":[{"embeddable":true,"href":"https:\/\/radarservice.eu\/pl\/wp-json\/wp\/v2\/comments?post=15848"}],"wp:featuredmedia":[{"embeddable":true,"href":"https:\/\/radarservice.eu\/pl\/wp-json\/wp\/v2\/media\/15849"}],"wp:attachment":[{"href":"https:\/\/radarservice.eu\/pl\/wp-json\/wp\/v2\/media?parent=15848"}],"wp:term":[{"taxonomy":"product_brand","embeddable":true,"href":"https:\/\/radarservice.eu\/pl\/wp-json\/wp\/v2\/product_brand?post=15848"},{"taxonomy":"product_cat","embeddable":true,"href":"https:\/\/radarservice.eu\/pl\/wp-json\/wp\/v2\/product_cat?post=15848"},{"taxonomy":"product_tag","embeddable":true,"href":"https:\/\/radarservice.eu\/pl\/wp-json\/wp\/v2\/product_tag?post=15848"}],"curies":[{"name":"wp","href":"https:\/\/api.w.org\/{rel}","templated":true}]}}