{"id":15846,"date":"2021-05-12T08:19:33","date_gmt":"2021-05-12T06:19:33","guid":{"rendered":"https:\/\/radarservice.eu\/produkt\/quintezz-xt7000-z2-euro\/"},"modified":"2021-05-12T08:19:33","modified_gmt":"2021-05-12T06:19:33","slug":"quintezz-xt7000-z2-euro","status":"publish","type":"product","link":"https:\/\/radarservice.eu\/pl\/produkt\/quintezz-xt7000-z2-euro\/","title":{"rendered":"Quintezz XT7000 Z2 Euro"},"content":{"rendered":"<p>Mobilny detektor radarowy Quintezz XT7000 Z2 to przyst\u0119pne cenowo urz\u0105dzenie przeznaczone do u\u017cytku w Europie.<br \/>\nOptymalne dla kierowc\u00f3w, kt\u00f3rzy mog\u0105 sobie poradzi\u0107 z przeci\u0119tnymi osi\u0105gami i kt\u00f3rym wystarcza podstawowy zakres ochrony ubezpieczeniowej.<\/p>\n<\/p>\n<p><strong>Uwaga:<\/strong> Quintezz XT7000 Z2 odbiera sygna\u0142y laserowe, ale w celu zapewnienia bezpiecznej ochrony przed laserami zalecamy<br \/>\nzastosowanie aktywnego blokera laserowego, np. Genevo FF2 lub AL Priority.<\/p>\n<p><strong>Overview:<\/strong><br \/>\n+ przeno\u015bny detektor radaru z gniazdem zapalniczki samochodowej 12V<br \/>.<br \/>\n+ X, K, KA i pasmo Ku<br \/>\n+ Ka-narrow band for max. performance with European Multanova radars<br \/>\n+ Wymiary: 34 x 75 x 117 (wysoko\u015b\u0107 x szeroko\u015b\u0107 x d\u0142ugo\u015b\u0107 w mm)<\/p>\n<p>.<\/p>\n<p><strong>Zakresy cz\u0119stotliwo\u015bci:<\/strong><br \/>.<br \/>\n+ X-Band &#8211; 9.41 GHz, 9.90 GHz, 10.525 GHz, 10.600 GHz<br \/>\n+ pasmo K &#8211; 24,125 GHz, 24,150 GHz, 24,220 GHz<br \/>\n+ Ka Band &#8211; 34,700 GHz \u00b1 1300 MHz<br \/>\n+ Ka Narrow &#8211; 34.00 GHz, 34.30 GHz, 34.36 GHz, 35.70 GHz<br \/>\n+ Pasmo KU &#8211; 13,450 GHz<\/p>\n<p><strong>Zakres dostawy:<\/strong><br \/>\n* Quintezz XT7000 Z2 Radar Detector<br \/>.<br \/>\n* Uchwyt &amp; 12V kabel po\u0142\u0105czeniowy<br \/>.<br \/>\n* Instrukcja obs\u0142ugi<\/p>\n","protected":false},"excerpt":{"rendered":"<p>Mobilny detektor radarowy Quintezz XT7000 Z2 to przyst\u0119pne cenowo urz\u0105dzenie przeznaczone do u\u017cytku w Europie. Optymalne dla kierowc\u00f3w, kt\u00f3rzy mog\u0105 sobie poradzi\u0107 z przeci\u0119tnymi osi\u0105gami i kt\u00f3rym wystarcza podstawowy zakres ochrony ubezpieczeniowej. Uwaga: Quintezz XT7000 Z2 odbiera sygna\u0142y laserowe, ale w celu zapewnienia bezpiecznej ochrony przed laserami zalecamy zastosowanie aktywnego blokera laserowego, np. Genevo FF2 [&#8230;]\n","protected":false},"featured_media":15847,"comment_status":"open","ping_status":"closed","template":"","meta":[],"product_brand":[],"product_cat":[1603,1685],"product_tag":[1586,1687,1587,1686],"class_list":{"0":"post-15846","1":"product","2":"type-product","3":"status-publish","4":"has-post-thumbnail","6":"product_cat-przenosne-detektory-radarow","7":"product_cat-quintezz-pl","8":"product_tag-detektor-radarowy","9":"product_tag-euro-pl","10":"product_tag-europa-pl","11":"product_tag-quintezz-xt7000-pl","13":"first","14":"instock","15":"sale","16":"taxable","17":"shipping-taxable","18":"purchasable","19":"product-type-simple"},"yoast_head":"<!-- This site is optimized with the Yoast SEO plugin v27.2 - https:\/\/yoast.com\/product\/yoast-seo-wordpress\/ -->\n<title>Quintezz XT7000 Z2 Euro | Radar Service<\/title>\n<meta name=\"description\" content=\"Przeno\u015bny detektor radarowy Quintezz XT7000 Z2 to niedrogie urz\u0105dzenie klasy podstawowej, kt\u00f3re nadaje si\u0119 do u\u017cytku w Europie.\" \/>\n<meta name=\"robots\" content=\"index, follow, max-snippet:-1, max-image-preview:large, max-video-preview:-1\" \/>\n<link rel=\"canonical\" href=\"https:\/\/radarservice.eu\/pl\/produkt\/quintezz-xt7000-z2-euro\/\" \/>\n<meta property=\"og:locale\" content=\"pl_PL\" \/>\n<meta property=\"og:type\" content=\"article\" \/>\n<meta property=\"og:title\" content=\"Quintezz XT7000 Z2 Euro | Radar Service\" \/>\n<meta property=\"og:description\" content=\"Przeno\u015bny detektor radarowy Quintezz XT7000 Z2 to niedrogie urz\u0105dzenie klasy podstawowej, kt\u00f3re nadaje si\u0119 do u\u017cytku w Europie.\" \/>\n<meta property=\"og:url\" content=\"https:\/\/radarservice.eu\/pl\/produkt\/quintezz-xt7000-z2-euro\/\" \/>\n<meta property=\"og:site_name\" content=\"Radar Service\" \/>\n<meta property=\"og:image\" content=\"https:\/\/radarservice.eu\/wp-content\/uploads\/2020\/09\/quintezz_xt_7000.jpg\" \/>\n\t<meta property=\"og:image:width\" content=\"450\" \/>\n\t<meta property=\"og:image:height\" content=\"450\" \/>\n\t<meta property=\"og:image:type\" content=\"image\/jpeg\" \/>\n<meta name=\"twitter:card\" content=\"summary_large_image\" \/>\n<meta name=\"twitter:label1\" content=\"Szacowany czas czytania\" \/>\n\t<meta name=\"twitter:data1\" content=\"1 minuta\" \/>\n<script type=\"application\/ld+json\" class=\"yoast-schema-graph\">{\"@context\":\"https:\/\/schema.org\",\"@graph\":[{\"@type\":\"WebPage\",\"@id\":\"https:\/\/radarservice.eu\/pl\/produkt\/quintezz-xt7000-z2-euro\/\",\"url\":\"https:\/\/radarservice.eu\/pl\/produkt\/quintezz-xt7000-z2-euro\/\",\"name\":\"Quintezz XT7000 Z2 Euro | Radar Service\",\"isPartOf\":{\"@id\":\"https:\/\/radarservice.eu\/pl\/#website\"},\"primaryImageOfPage\":{\"@id\":\"https:\/\/radarservice.eu\/pl\/produkt\/quintezz-xt7000-z2-euro\/#primaryimage\"},\"image\":{\"@id\":\"https:\/\/radarservice.eu\/pl\/produkt\/quintezz-xt7000-z2-euro\/#primaryimage\"},\"thumbnailUrl\":\"https:\/\/radarservice.eu\/wp-content\/uploads\/2020\/09\/quintezz_xt_7000.jpg\",\"datePublished\":\"2021-05-12T06:19:33+00:00\",\"description\":\"Przeno\u015bny detektor radarowy Quintezz XT7000 Z2 to niedrogie urz\u0105dzenie klasy podstawowej, kt\u00f3re nadaje si\u0119 do u\u017cytku w Europie.\",\"breadcrumb\":{\"@id\":\"https:\/\/radarservice.eu\/pl\/produkt\/quintezz-xt7000-z2-euro\/#breadcrumb\"},\"inLanguage\":\"pl-PL\",\"potentialAction\":[{\"@type\":\"ReadAction\",\"target\":[\"https:\/\/radarservice.eu\/pl\/produkt\/quintezz-xt7000-z2-euro\/\"]}]},{\"@type\":\"ImageObject\",\"inLanguage\":\"pl-PL\",\"@id\":\"https:\/\/radarservice.eu\/pl\/produkt\/quintezz-xt7000-z2-euro\/#primaryimage\",\"url\":\"https:\/\/radarservice.eu\/wp-content\/uploads\/2020\/09\/quintezz_xt_7000.jpg\",\"contentUrl\":\"https:\/\/radarservice.eu\/wp-content\/uploads\/2020\/09\/quintezz_xt_7000.jpg\",\"width\":450,\"height\":450,\"caption\":\"Quintezz XT7000\"},{\"@type\":\"BreadcrumbList\",\"@id\":\"https:\/\/radarservice.eu\/pl\/produkt\/quintezz-xt7000-z2-euro\/#breadcrumb\",\"itemListElement\":[{\"@type\":\"ListItem\",\"position\":1,\"name\":\"Sklep\",\"item\":\"https:\/\/radarservice.eu\/pl\/sklep\/\"},{\"@type\":\"ListItem\",\"position\":2,\"name\":\"Quintezz XT7000 Z2 Euro\"}]},{\"@type\":\"WebSite\",\"@id\":\"https:\/\/radarservice.eu\/pl\/#website\",\"url\":\"https:\/\/radarservice.eu\/pl\/\",\"name\":\"Radar Service\",\"description\":\"Radar detector Laser jammer mobile fix\",\"publisher\":{\"@id\":\"https:\/\/radarservice.eu\/pl\/#organization\"},\"potentialAction\":[{\"@type\":\"SearchAction\",\"target\":{\"@type\":\"EntryPoint\",\"urlTemplate\":\"https:\/\/radarservice.eu\/pl\/?s={search_term_string}\"},\"query-input\":{\"@type\":\"PropertyValueSpecification\",\"valueRequired\":true,\"valueName\":\"search_term_string\"}}],\"inLanguage\":\"pl-PL\"},{\"@type\":\"Organization\",\"@id\":\"https:\/\/radarservice.eu\/pl\/#organization\",\"name\":\"RadarService\",\"url\":\"https:\/\/radarservice.eu\/pl\/\",\"logo\":{\"@type\":\"ImageObject\",\"inLanguage\":\"pl-PL\",\"@id\":\"https:\/\/radarservice.eu\/pl\/#\/schema\/logo\/image\/\",\"url\":\"https:\/\/radarservice.eu\/wp-content\/uploads\/2021\/03\/Radar_detector_service.png\",\"contentUrl\":\"https:\/\/radarservice.eu\/wp-content\/uploads\/2021\/03\/Radar_detector_service.png\",\"width\":174,\"height\":48,\"caption\":\"RadarService\"},\"image\":{\"@id\":\"https:\/\/radarservice.eu\/pl\/#\/schema\/logo\/image\/\"}}]}<\/script>\n<!-- \/ Yoast SEO plugin. -->","yoast_head_json":{"title":"Quintezz XT7000 Z2 Euro | Radar Service","description":"Przeno\u015bny detektor radarowy Quintezz XT7000 Z2 to niedrogie urz\u0105dzenie klasy podstawowej, kt\u00f3re nadaje si\u0119 do u\u017cytku w Europie.","robots":{"index":"index","follow":"follow","max-snippet":"max-snippet:-1","max-image-preview":"max-image-preview:large","max-video-preview":"max-video-preview:-1"},"canonical":"https:\/\/radarservice.eu\/pl\/produkt\/quintezz-xt7000-z2-euro\/","og_locale":"pl_PL","og_type":"article","og_title":"Quintezz XT7000 Z2 Euro | Radar Service","og_description":"Przeno\u015bny detektor radarowy Quintezz XT7000 Z2 to niedrogie urz\u0105dzenie klasy podstawowej, kt\u00f3re nadaje si\u0119 do u\u017cytku w Europie.","og_url":"https:\/\/radarservice.eu\/pl\/produkt\/quintezz-xt7000-z2-euro\/","og_site_name":"Radar Service","og_image":[{"width":450,"height":450,"url":"https:\/\/radarservice.eu\/wp-content\/uploads\/2020\/09\/quintezz_xt_7000.jpg","type":"image\/jpeg"}],"twitter_card":"summary_large_image","twitter_misc":{"Szacowany czas czytania":"1 minuta"},"schema":{"@context":"https:\/\/schema.org","@graph":[{"@type":"WebPage","@id":"https:\/\/radarservice.eu\/pl\/produkt\/quintezz-xt7000-z2-euro\/","url":"https:\/\/radarservice.eu\/pl\/produkt\/quintezz-xt7000-z2-euro\/","name":"Quintezz XT7000 Z2 Euro | Radar Service","isPartOf":{"@id":"https:\/\/radarservice.eu\/pl\/#website"},"primaryImageOfPage":{"@id":"https:\/\/radarservice.eu\/pl\/produkt\/quintezz-xt7000-z2-euro\/#primaryimage"},"image":{"@id":"https:\/\/radarservice.eu\/pl\/produkt\/quintezz-xt7000-z2-euro\/#primaryimage"},"thumbnailUrl":"https:\/\/radarservice.eu\/wp-content\/uploads\/2020\/09\/quintezz_xt_7000.jpg","datePublished":"2021-05-12T06:19:33+00:00","description":"Przeno\u015bny detektor radarowy Quintezz XT7000 Z2 to niedrogie urz\u0105dzenie klasy podstawowej, kt\u00f3re nadaje si\u0119 do u\u017cytku w Europie.","breadcrumb":{"@id":"https:\/\/radarservice.eu\/pl\/produkt\/quintezz-xt7000-z2-euro\/#breadcrumb"},"inLanguage":"pl-PL","potentialAction":[{"@type":"ReadAction","target":["https:\/\/radarservice.eu\/pl\/produkt\/quintezz-xt7000-z2-euro\/"]}]},{"@type":"ImageObject","inLanguage":"pl-PL","@id":"https:\/\/radarservice.eu\/pl\/produkt\/quintezz-xt7000-z2-euro\/#primaryimage","url":"https:\/\/radarservice.eu\/wp-content\/uploads\/2020\/09\/quintezz_xt_7000.jpg","contentUrl":"https:\/\/radarservice.eu\/wp-content\/uploads\/2020\/09\/quintezz_xt_7000.jpg","width":450,"height":450,"caption":"Quintezz XT7000"},{"@type":"BreadcrumbList","@id":"https:\/\/radarservice.eu\/pl\/produkt\/quintezz-xt7000-z2-euro\/#breadcrumb","itemListElement":[{"@type":"ListItem","position":1,"name":"Sklep","item":"https:\/\/radarservice.eu\/pl\/sklep\/"},{"@type":"ListItem","position":2,"name":"Quintezz XT7000 Z2 Euro"}]},{"@type":"WebSite","@id":"https:\/\/radarservice.eu\/pl\/#website","url":"https:\/\/radarservice.eu\/pl\/","name":"Radar Service","description":"Radar detector Laser jammer mobile fix","publisher":{"@id":"https:\/\/radarservice.eu\/pl\/#organization"},"potentialAction":[{"@type":"SearchAction","target":{"@type":"EntryPoint","urlTemplate":"https:\/\/radarservice.eu\/pl\/?s={search_term_string}"},"query-input":{"@type":"PropertyValueSpecification","valueRequired":true,"valueName":"search_term_string"}}],"inLanguage":"pl-PL"},{"@type":"Organization","@id":"https:\/\/radarservice.eu\/pl\/#organization","name":"RadarService","url":"https:\/\/radarservice.eu\/pl\/","logo":{"@type":"ImageObject","inLanguage":"pl-PL","@id":"https:\/\/radarservice.eu\/pl\/#\/schema\/logo\/image\/","url":"https:\/\/radarservice.eu\/wp-content\/uploads\/2021\/03\/Radar_detector_service.png","contentUrl":"https:\/\/radarservice.eu\/wp-content\/uploads\/2021\/03\/Radar_detector_service.png","width":174,"height":48,"caption":"RadarService"},"image":{"@id":"https:\/\/radarservice.eu\/pl\/#\/schema\/logo\/image\/"}}]}},"_links":{"self":[{"href":"https:\/\/radarservice.eu\/pl\/wp-json\/wp\/v2\/product\/15846","targetHints":{"allow":["GET"]}}],"collection":[{"href":"https:\/\/radarservice.eu\/pl\/wp-json\/wp\/v2\/product"}],"about":[{"href":"https:\/\/radarservice.eu\/pl\/wp-json\/wp\/v2\/types\/product"}],"replies":[{"embeddable":true,"href":"https:\/\/radarservice.eu\/pl\/wp-json\/wp\/v2\/comments?post=15846"}],"wp:featuredmedia":[{"embeddable":true,"href":"https:\/\/radarservice.eu\/pl\/wp-json\/wp\/v2\/media\/15847"}],"wp:attachment":[{"href":"https:\/\/radarservice.eu\/pl\/wp-json\/wp\/v2\/media?parent=15846"}],"wp:term":[{"taxonomy":"product_brand","embeddable":true,"href":"https:\/\/radarservice.eu\/pl\/wp-json\/wp\/v2\/product_brand?post=15846"},{"taxonomy":"product_cat","embeddable":true,"href":"https:\/\/radarservice.eu\/pl\/wp-json\/wp\/v2\/product_cat?post=15846"},{"taxonomy":"product_tag","embeddable":true,"href":"https:\/\/radarservice.eu\/pl\/wp-json\/wp\/v2\/product_tag?post=15846"}],"curies":[{"name":"wp","href":"https:\/\/api.w.org\/{rel}","templated":true}]}}