{"id":15826,"date":"2021-04-29T11:52:08","date_gmt":"2021-04-29T09:52:08","guid":{"rendered":"https:\/\/radarservice.eu\/produkt\/escort-redline-ex-international\/"},"modified":"2025-06-22T05:10:32","modified_gmt":"2025-06-22T03:10:32","slug":"escort-redline-ex-international","status":"publish","type":"product","link":"https:\/\/radarservice.eu\/pl\/produkt\/escort-redline-ex-international\/","title":{"rendered":"Escort RedLine EX International"},"content":{"rendered":"<h2>Escort RedLine EX International Radar Detector<\/h2>\n<p>.<\/p>\n<p>Seria RedLine firmy Escort jest jednym z najbardziej cenionych wykrywaczy radar\u00f3w w ostatnich latach i otrzyma\u0142a wiele pozytywnych opinii klient\u00f3w. W detektorze radaru RedLine EX, Escort ulepsza klasyk\u0119 poprzez wprowadzenie nowoczesnego kolorowego wy\u015bwietlacza i ulepszonego filtra fa\u0142szywych alarm\u00f3w.<\/p>\n<p>.<\/p>\n<figure id=\"attachment_13938\" aria-describedby=\"caption-attachment-13938\" style=\"width: 600px\" class=\"wp-caption aligncenter\"><img loading=\"lazy\" decoding=\"async\" src=\"https:\/\/radarservice.eu\/wp-content\/uploads\/2020\/09\/Escort_Redline_Lieferumfang.jpg\" alt=\"Escort Redline EX Scope of Delivery\" width=\"600\" height=\"600\" class=\"size-full wp-image-15832\" srcset=\"https:\/\/radarservice.eu\/wp-content\/uploads\/2020\/09\/Escort_Redline_Lieferumfang.jpg 800w, https:\/\/radarservice.eu\/wp-content\/uploads\/2020\/09\/Escort_Redline_Lieferumfang-300x300.jpg 300w, https:\/\/radarservice.eu\/wp-content\/uploads\/2020\/09\/Escort_Redline_Lieferumfang-150x150.jpg 150w, https:\/\/radarservice.eu\/wp-content\/uploads\/2020\/09\/Escort_Redline_Lieferumfang-768x768.jpg 768w, https:\/\/radarservice.eu\/wp-content\/uploads\/2020\/09\/Escort_Redline_Lieferumfang-510x510.jpg 510w, https:\/\/radarservice.eu\/wp-content\/uploads\/2020\/09\/Escort_Redline_Lieferumfang-100x100.jpg 100w\" sizes=\"auto, (max-width: 600px) 100vw, 600px\" \/><figcaption id=\"caption-attachment-13938\" class=\"wp-caption-text\">Escort Redline EX Scope of Delivery<\/figcaption><\/figure>\n<h3>Ulepszony filtr fa\u0142szywych alarm\u00f3w<\/h3>\n<p>Wraz z wprowadzeniem w nowoczesnych samochodach system\u00f3w wspomagania kierowcy, pojawi\u0142y si\u0119 dodatkowe problemy i cz\u0119ste fa\u0142szywe alarmy dla detektor\u00f3w radar\u00f3w.  Poniewa\u017c systemy wspomagania wykorzystuj\u0105 podobne cz\u0119stotliwo\u015bci jak konwencjonalne pu\u0142apki na pr\u0119dko\u015b\u0107. Escort RedLine EX wykrywa sygna\u0142y z system\u00f3w wspomagania kierowcy i oddziela je od sygna\u0142\u00f3w z prawdziwych pu\u0142apek pr\u0119dko\u015bci, unikaj\u0105c w ten spos\u00f3b niepotrzebnych fa\u0142szywych alarm\u00f3w.<\/p>\n<p>.<\/p>\n<h3>Technologia AutoLearn<\/h3>\n<p>Funkcja AutoLearn urz\u0105dzenia RedLine EX \u0142\u0105czy informacje o lokalizacji GPS z unikalnym zakresem cz\u0119stotliwo\u015bci odbieranych sygna\u0142\u00f3w radarowych. Dzi\u0119ki temu detektor radaru mo\u017ce automatycznie wykrywa\u0107 fa\u0142szywe alarmy i filtrowa\u0107 je w przysz\u0142o\u015bci. Us\u0142yszysz mniej fa\u0142szywych alarm\u00f3w, nawet je\u015bli nie oznaczysz tych lokalizacji r\u0119cznie jako fa\u0142szywe alarmy. Po zaledwie trzech przypadkach fa\u0142szywego alarmu w tej samej lokalizacji, lokalizacja ta b\u0119dzie w przysz\u0142o\u015bci filtrowana w pe\u0142ni automatycznie przy u\u017cyciu pozycjonowania GPS.<\/p>\n<p>.<\/p>\n<h3>Szybka wizualizacja zagro\u017ce\u0144<\/h3>\n<p>.<\/p>\n<p>Nowy wy\u015bwietlacz OLED zapewnia szybki i przejrzysty przegl\u0105d istotnych informacji na temat przychodz\u0105cych alarm\u00f3w o zagro\u017ceniach. Wyra\u017ane symbole i dodatkowa dioda LED stanowi\u0105 doskona\u0142e wizualne ostrze\u017cenie dla dodatkowej ochrony. Jasno\u015b\u0107 wy\u015bwietlacza mo\u017ce by\u0107 regulowana stopniowo od jasnego do ciemnego i dostosowana pod wzgl\u0119dem kolorystycznym.<\/p>\n<p>.<\/p>\n<h3>Dwie anteny dla doskona\u0142ego odbioru<\/h3>\n<p>.<\/p>\n<p>Dwie anteny radarowe daj\u0105 Ci najwcze\u015bniejsze mo\u017cliwe ostrze\u017cenia dla wszystkich europejskich cz\u0119stotliwo\u015bci. Nowe pu\u0142apki radarowe GATSO, Multaradar CT (MRCT) \/ Multaradar CD (MRCD) \/ MultaRadar Moving i Gatso s\u0105 r\u00f3wnie\u017c wcze\u015bnie wykrywane. Redline EX jest r\u00f3wnie\u017c wyposa\u017cony w kilka czujnik\u00f3w laserowych. W\u015br\u00f3d nich jest specjalny odbiornik laserowy do wykrywania pomiaru pr\u0119dko\u015bci z ty\u0142u. Opatentowane cyfrowe przetwarzanie sygna\u0142u analizuje przychodz\u0105ce transmisje i odfiltrowuje szumy, minimalizuj\u0105c uci\u0105\u017cliwe fa\u0142szywe alarmy. <\/p>\n<h3>GPS POI Warner z baz\u0105 fotoradar\u00f3w w Europie<\/h3>\n<p>.<\/p>\n<p>RedLine EX International jest wyposa\u017cony w fabrycznie za\u0142adowan\u0105 baz\u0119 danych fotoradar\u00f3w stacjonarnych i \u015bwietlnych oraz odcink\u00f3w kontrolnych w ca\u0142ej Europie. Dzi\u0119ki zintegrowanemu odbiornikowi GPS i europejskiej bazie danych nawet sta\u0142e pu\u0142apki pr\u0119dko\u015bci s\u0105 niezawodnie zg\u0142aszane. Aktualizacje dla bazy danych mo\u017cna pobra\u0107 i zainstalowa\u0107 w dowolnym momencie. Do aktualizacji bazy danych RedLine EX potrzebna jest subskrypcja i komputer z systemem Windows\u00ae. <\/p>\n<h3>Praktycznie niewidoczny do wykrycia<\/h3>\n<p>.<\/p>\n<p>Technologia TotalShield zapewnia, \u017ce nie mo\u017cesz by\u0107 \u015bledzony.  Nawet u\u017cywane obecnie przez policj\u0119 detektory radaru VG2 i Spectre nie s\u0105 w stanie zlokalizowa\u0107 detektora radaru Escort. Dzi\u0119ki tej dodatkowej korzy\u015bci, mo\u017cesz u\u017cywa\u0107 Escort Redline EX bez obaw.<\/p>\n<p>.<\/p>\n<h3>Pod\u0142\u0105cz smartfon przez Bluetooth<\/h3>\n<p>.<\/p>\n<p>Dzi\u0119ki wbudowanemu interfejsowi Bluetooth, mo\u017cesz \u0142atwo sparowa\u0107 detektor radaru Escort z telefonem i po\u0142\u0105czy\u0107 go z aplikacj\u0105 Escort Live. <\/p>\n<h3>Zapisz swoje w\u0142asne miejsca zagro\u017cenia i automatyczne wyciszanie<\/h3>\n<p>.<\/p>\n<p>Mo\u017cesz zapisa\u0107 swoje w\u0142asne punkty zagro\u017cenia za pomoc\u0105 jednego przycisku. System RedLine EX b\u0119dzie ostrzega\u0142 Ci\u0119 w tych miejscach w przysz\u0142o\u015bci, gdy b\u0119dziesz si\u0119 zbli\u017ca\u0142.  Lub naci\u015bnij przycisk wyciszenia w miejscu, w kt\u00f3rym nie chcesz otrzymywa\u0107 ostrze\u017ce\u0144 w przysz\u0142o\u015bci. Detektor radarowy Redline zapami\u0119ta wsp\u00f3\u0142rz\u0119dne GPS oraz cz\u0119stotliwo\u015b\u0107 radaru i wyciszy alarm, gdy nast\u0119pnym razem b\u0119dziesz przeje\u017cd\u017ca\u0107 obok tego miejsca. Je\u015bli w tym miejscu odbierana jest inna cz\u0119stotliwo\u015b\u0107 radaru, na przyk\u0142ad z powodu pu\u0142apki pr\u0119dko\u015bci, Escort EX b\u0119dzie Ci\u0119 ostrzega\u0142 w przysz\u0142o\u015bci.<\/p>\n<p>.<\/p>\n<h3>Przyjazne dla u\u017cytkownika dzia\u0142anie<\/h3>\n<p>.<br \/>\np>Wykrywacz radar\u00f3w RedLine EX u\u0142atwia korzystanie z jego wspania\u0142ej technologii. Dzi\u0119ki dw\u00f3m wst\u0119pnie skonfigurowanym poziomom czu\u0142o\u015bci mo\u017cna ustawi\u0107 wykrywacz radar\u00f3w do pracy w mie\u015bcie i na autostradzie. Cyfrowe powiadomienie g\u0142osowe jest w j\u0119zyku angielskim lub hiszpa\u0144skim, a u\u017cytkownik mo\u017ce u\u017cy\u0107 funkcji wyciszenia, aby dostosowa\u0107 g\u0142o\u015bno\u015b\u0107 lub ca\u0142kowicie j\u0105 wy\u0142\u0105czy\u0107.<\/p>\n<\/p>\n<h3>SmartCord i etui podr\u00f3\u017cne<\/h3>\n<p>Tw\u00f3j Escort RedLine EX jest dostarczany z walizk\u0105 podr\u00f3\u017cn\u0105 i 12-woltowym kablem po\u0142\u0105czeniowym SmartCord do zapalniczki samochodowej.  Zaawansowany uchwyt mocuje si\u0119 bezpiecznie do przedniej szyby i pozwala na szybkie zamocowanie detektora radaru. Dzi\u0119ki zintegrowanej diodzie LED w kablu SmartCord, mo\u017cesz zobaczy\u0107 ostrze\u017cenia nawet wtedy, gdy wy\u015bwietlacz jest wy\u0142\u0105czony. <\/p>\n<p><strong>Uwaga:<\/strong> Chocia\u017c Escort Redline dobrze odbiera sygna\u0142y laserowe, zalecamy stosowanie aktywnej blokady lasera, takiej jak AL Priority lub LaserTrack Flare, w celu zapewnienia bezpiecznej ochrony przed laserami.<\/p>\n<p>.<\/p>\n","protected":false},"excerpt":{"rendered":"<h2>Escort RedLine EX International<\/h2>\n<p>Wykrywacz radar\u00f3w z Bluetooth, GPS i baz\u0105 danych dla Europy. Bardzo dobry wykrywacz radar\u00f3w do u\u017cytku w Europie.<br \/>\nSpecjalnie dostrojony do u\u017cytku w Europie, ochrona przed pu\u0142apkami radarowymi X, K, Ka, MultaRadar, Gatso. <\/p>\n","protected":false},"featured_media":15831,"comment_status":"open","ping_status":"closed","template":"","meta":[],"product_brand":[],"product_cat":[1681,1603,1585],"product_tag":[1609,1586,1683,1587,1682],"class_list":{"0":"post-15826","1":"product","2":"type-product","3":"status-publish","4":"has-post-thumbnail","6":"product_cat-escort-pl","7":"product_cat-przenosne-detektory-radarow","8":"product_cat-zalecane-detektory-radaru","9":"product_tag-detektor-laserowy","10":"product_tag-detektor-radarowy","11":"product_tag-escort-redline-pl","12":"product_tag-europa-pl","13":"product_tag-przenosny-wykrywacz-radarow","15":"first","16":"onbackorder","17":"sale","18":"taxable","19":"shipping-taxable","20":"purchasable","21":"product-type-simple"},"yoast_head":"<!-- This site is optimized with the Yoast SEO plugin v27.2 - https:\/\/yoast.com\/product\/yoast-seo-wordpress\/ -->\n<title>Escort RedLine EX International | Radar Service<\/title>\n<meta name=\"description\" content=\"Detektor radaru Escort RedLine EX oferuje bardzo dobre ostrzeganie radarowe i najlepsz\u0105 mo\u017cliw\u0105 ochron\u0119 przed mobilnymi pu\u0142apkami pr\u0119dko\u015bci i pomiarami laserowymi.\" \/>\n<meta name=\"robots\" content=\"index, follow, max-snippet:-1, max-image-preview:large, max-video-preview:-1\" \/>\n<link rel=\"canonical\" href=\"https:\/\/radarservice.eu\/pl\/produkt\/escort-redline-ex-international\/\" \/>\n<meta property=\"og:locale\" content=\"pl_PL\" \/>\n<meta property=\"og:type\" content=\"article\" \/>\n<meta property=\"og:title\" content=\"Escort RedLine EX International | Radar Service\" \/>\n<meta property=\"og:description\" content=\"Detektor radaru Escort RedLine EX oferuje bardzo dobre ostrzeganie radarowe i najlepsz\u0105 mo\u017cliw\u0105 ochron\u0119 przed mobilnymi pu\u0142apkami pr\u0119dko\u015bci i pomiarami laserowymi.\" \/>\n<meta property=\"og:url\" content=\"https:\/\/radarservice.eu\/pl\/produkt\/escort-redline-ex-international\/\" \/>\n<meta property=\"og:site_name\" content=\"Radar Service\" \/>\n<meta property=\"article:modified_time\" content=\"2025-06-22T03:10:32+00:00\" \/>\n<meta property=\"og:image\" content=\"https:\/\/radarservice.eu\/wp-content\/uploads\/2020\/09\/Escort_Redline_EX_International_display.png\" \/>\n\t<meta property=\"og:image:width\" content=\"780\" \/>\n\t<meta property=\"og:image:height\" content=\"440\" \/>\n\t<meta property=\"og:image:type\" content=\"image\/png\" \/>\n<meta name=\"twitter:card\" content=\"summary_large_image\" \/>\n<meta name=\"twitter:label1\" content=\"Szacowany czas czytania\" \/>\n\t<meta name=\"twitter:data1\" content=\"4 minuty\" \/>\n<script type=\"application\/ld+json\" class=\"yoast-schema-graph\">{\"@context\":\"https:\/\/schema.org\",\"@graph\":[{\"@type\":\"WebPage\",\"@id\":\"https:\/\/radarservice.eu\/pl\/produkt\/escort-redline-ex-international\/\",\"url\":\"https:\/\/radarservice.eu\/pl\/produkt\/escort-redline-ex-international\/\",\"name\":\"Escort RedLine EX International | Radar Service\",\"isPartOf\":{\"@id\":\"https:\/\/radarservice.eu\/pl\/#website\"},\"primaryImageOfPage\":{\"@id\":\"https:\/\/radarservice.eu\/pl\/produkt\/escort-redline-ex-international\/#primaryimage\"},\"image\":{\"@id\":\"https:\/\/radarservice.eu\/pl\/produkt\/escort-redline-ex-international\/#primaryimage\"},\"thumbnailUrl\":\"https:\/\/radarservice.eu\/wp-content\/uploads\/2020\/09\/Escort_Redline_EX_International_display.png\",\"datePublished\":\"2021-04-29T09:52:08+00:00\",\"dateModified\":\"2025-06-22T03:10:32+00:00\",\"description\":\"Detektor radaru Escort RedLine EX oferuje bardzo dobre ostrzeganie radarowe i najlepsz\u0105 mo\u017cliw\u0105 ochron\u0119 przed mobilnymi pu\u0142apkami pr\u0119dko\u015bci i pomiarami laserowymi.\",\"breadcrumb\":{\"@id\":\"https:\/\/radarservice.eu\/pl\/produkt\/escort-redline-ex-international\/#breadcrumb\"},\"inLanguage\":\"pl-PL\",\"potentialAction\":[{\"@type\":\"ReadAction\",\"target\":[\"https:\/\/radarservice.eu\/pl\/produkt\/escort-redline-ex-international\/\"]}]},{\"@type\":\"ImageObject\",\"inLanguage\":\"pl-PL\",\"@id\":\"https:\/\/radarservice.eu\/pl\/produkt\/escort-redline-ex-international\/#primaryimage\",\"url\":\"https:\/\/radarservice.eu\/wp-content\/uploads\/2020\/09\/Escort_Redline_EX_International_display.png\",\"contentUrl\":\"https:\/\/radarservice.eu\/wp-content\/uploads\/2020\/09\/Escort_Redline_EX_International_display.png\",\"width\":780,\"height\":440,\"caption\":\"Escort Redline EX International Wy\u015bwietlacz\"},{\"@type\":\"BreadcrumbList\",\"@id\":\"https:\/\/radarservice.eu\/pl\/produkt\/escort-redline-ex-international\/#breadcrumb\",\"itemListElement\":[{\"@type\":\"ListItem\",\"position\":1,\"name\":\"Sklep\",\"item\":\"https:\/\/radarservice.eu\/pl\/sklep\/\"},{\"@type\":\"ListItem\",\"position\":2,\"name\":\"Escort RedLine EX International\"}]},{\"@type\":\"WebSite\",\"@id\":\"https:\/\/radarservice.eu\/pl\/#website\",\"url\":\"https:\/\/radarservice.eu\/pl\/\",\"name\":\"Radar Service\",\"description\":\"Radar detector Laser jammer mobile fix\",\"publisher\":{\"@id\":\"https:\/\/radarservice.eu\/pl\/#organization\"},\"potentialAction\":[{\"@type\":\"SearchAction\",\"target\":{\"@type\":\"EntryPoint\",\"urlTemplate\":\"https:\/\/radarservice.eu\/pl\/?s={search_term_string}\"},\"query-input\":{\"@type\":\"PropertyValueSpecification\",\"valueRequired\":true,\"valueName\":\"search_term_string\"}}],\"inLanguage\":\"pl-PL\"},{\"@type\":\"Organization\",\"@id\":\"https:\/\/radarservice.eu\/pl\/#organization\",\"name\":\"RadarService\",\"url\":\"https:\/\/radarservice.eu\/pl\/\",\"logo\":{\"@type\":\"ImageObject\",\"inLanguage\":\"pl-PL\",\"@id\":\"https:\/\/radarservice.eu\/pl\/#\/schema\/logo\/image\/\",\"url\":\"https:\/\/radarservice.eu\/wp-content\/uploads\/2021\/03\/Radar_detector_service.png\",\"contentUrl\":\"https:\/\/radarservice.eu\/wp-content\/uploads\/2021\/03\/Radar_detector_service.png\",\"width\":174,\"height\":48,\"caption\":\"RadarService\"},\"image\":{\"@id\":\"https:\/\/radarservice.eu\/pl\/#\/schema\/logo\/image\/\"}}]}<\/script>\n<!-- \/ Yoast SEO plugin. -->","yoast_head_json":{"title":"Escort RedLine EX International | Radar Service","description":"Detektor radaru Escort RedLine EX oferuje bardzo dobre ostrzeganie radarowe i najlepsz\u0105 mo\u017cliw\u0105 ochron\u0119 przed mobilnymi pu\u0142apkami pr\u0119dko\u015bci i pomiarami laserowymi.","robots":{"index":"index","follow":"follow","max-snippet":"max-snippet:-1","max-image-preview":"max-image-preview:large","max-video-preview":"max-video-preview:-1"},"canonical":"https:\/\/radarservice.eu\/pl\/produkt\/escort-redline-ex-international\/","og_locale":"pl_PL","og_type":"article","og_title":"Escort RedLine EX International | Radar Service","og_description":"Detektor radaru Escort RedLine EX oferuje bardzo dobre ostrzeganie radarowe i najlepsz\u0105 mo\u017cliw\u0105 ochron\u0119 przed mobilnymi pu\u0142apkami pr\u0119dko\u015bci i pomiarami laserowymi.","og_url":"https:\/\/radarservice.eu\/pl\/produkt\/escort-redline-ex-international\/","og_site_name":"Radar Service","article_modified_time":"2025-06-22T03:10:32+00:00","og_image":[{"width":780,"height":440,"url":"https:\/\/radarservice.eu\/wp-content\/uploads\/2020\/09\/Escort_Redline_EX_International_display.png","type":"image\/png"}],"twitter_card":"summary_large_image","twitter_misc":{"Szacowany czas czytania":"4 minuty"},"schema":{"@context":"https:\/\/schema.org","@graph":[{"@type":"WebPage","@id":"https:\/\/radarservice.eu\/pl\/produkt\/escort-redline-ex-international\/","url":"https:\/\/radarservice.eu\/pl\/produkt\/escort-redline-ex-international\/","name":"Escort RedLine EX International | Radar Service","isPartOf":{"@id":"https:\/\/radarservice.eu\/pl\/#website"},"primaryImageOfPage":{"@id":"https:\/\/radarservice.eu\/pl\/produkt\/escort-redline-ex-international\/#primaryimage"},"image":{"@id":"https:\/\/radarservice.eu\/pl\/produkt\/escort-redline-ex-international\/#primaryimage"},"thumbnailUrl":"https:\/\/radarservice.eu\/wp-content\/uploads\/2020\/09\/Escort_Redline_EX_International_display.png","datePublished":"2021-04-29T09:52:08+00:00","dateModified":"2025-06-22T03:10:32+00:00","description":"Detektor radaru Escort RedLine EX oferuje bardzo dobre ostrzeganie radarowe i najlepsz\u0105 mo\u017cliw\u0105 ochron\u0119 przed mobilnymi pu\u0142apkami pr\u0119dko\u015bci i pomiarami laserowymi.","breadcrumb":{"@id":"https:\/\/radarservice.eu\/pl\/produkt\/escort-redline-ex-international\/#breadcrumb"},"inLanguage":"pl-PL","potentialAction":[{"@type":"ReadAction","target":["https:\/\/radarservice.eu\/pl\/produkt\/escort-redline-ex-international\/"]}]},{"@type":"ImageObject","inLanguage":"pl-PL","@id":"https:\/\/radarservice.eu\/pl\/produkt\/escort-redline-ex-international\/#primaryimage","url":"https:\/\/radarservice.eu\/wp-content\/uploads\/2020\/09\/Escort_Redline_EX_International_display.png","contentUrl":"https:\/\/radarservice.eu\/wp-content\/uploads\/2020\/09\/Escort_Redline_EX_International_display.png","width":780,"height":440,"caption":"Escort Redline EX International Wy\u015bwietlacz"},{"@type":"BreadcrumbList","@id":"https:\/\/radarservice.eu\/pl\/produkt\/escort-redline-ex-international\/#breadcrumb","itemListElement":[{"@type":"ListItem","position":1,"name":"Sklep","item":"https:\/\/radarservice.eu\/pl\/sklep\/"},{"@type":"ListItem","position":2,"name":"Escort RedLine EX International"}]},{"@type":"WebSite","@id":"https:\/\/radarservice.eu\/pl\/#website","url":"https:\/\/radarservice.eu\/pl\/","name":"Radar Service","description":"Radar detector Laser jammer mobile fix","publisher":{"@id":"https:\/\/radarservice.eu\/pl\/#organization"},"potentialAction":[{"@type":"SearchAction","target":{"@type":"EntryPoint","urlTemplate":"https:\/\/radarservice.eu\/pl\/?s={search_term_string}"},"query-input":{"@type":"PropertyValueSpecification","valueRequired":true,"valueName":"search_term_string"}}],"inLanguage":"pl-PL"},{"@type":"Organization","@id":"https:\/\/radarservice.eu\/pl\/#organization","name":"RadarService","url":"https:\/\/radarservice.eu\/pl\/","logo":{"@type":"ImageObject","inLanguage":"pl-PL","@id":"https:\/\/radarservice.eu\/pl\/#\/schema\/logo\/image\/","url":"https:\/\/radarservice.eu\/wp-content\/uploads\/2021\/03\/Radar_detector_service.png","contentUrl":"https:\/\/radarservice.eu\/wp-content\/uploads\/2021\/03\/Radar_detector_service.png","width":174,"height":48,"caption":"RadarService"},"image":{"@id":"https:\/\/radarservice.eu\/pl\/#\/schema\/logo\/image\/"}}]}},"_links":{"self":[{"href":"https:\/\/radarservice.eu\/pl\/wp-json\/wp\/v2\/product\/15826","targetHints":{"allow":["GET"]}}],"collection":[{"href":"https:\/\/radarservice.eu\/pl\/wp-json\/wp\/v2\/product"}],"about":[{"href":"https:\/\/radarservice.eu\/pl\/wp-json\/wp\/v2\/types\/product"}],"replies":[{"embeddable":true,"href":"https:\/\/radarservice.eu\/pl\/wp-json\/wp\/v2\/comments?post=15826"}],"wp:featuredmedia":[{"embeddable":true,"href":"https:\/\/radarservice.eu\/pl\/wp-json\/wp\/v2\/media\/15831"}],"wp:attachment":[{"href":"https:\/\/radarservice.eu\/pl\/wp-json\/wp\/v2\/media?parent=15826"}],"wp:term":[{"taxonomy":"product_brand","embeddable":true,"href":"https:\/\/radarservice.eu\/pl\/wp-json\/wp\/v2\/product_brand?post=15826"},{"taxonomy":"product_cat","embeddable":true,"href":"https:\/\/radarservice.eu\/pl\/wp-json\/wp\/v2\/product_cat?post=15826"},{"taxonomy":"product_tag","embeddable":true,"href":"https:\/\/radarservice.eu\/pl\/wp-json\/wp\/v2\/product_tag?post=15826"}],"curies":[{"name":"wp","href":"https:\/\/api.w.org\/{rel}","templated":true}]}}