{"id":15824,"date":"2021-04-29T11:47:19","date_gmt":"2021-04-29T09:47:19","guid":{"rendered":"https:\/\/radarservice.eu\/produkt\/mobiler-radarwarnera\/"},"modified":"2023-04-02T20:27:03","modified_gmt":"2023-04-02T18:27:03","slug":"mobiler-radarwarnera","status":"publish","type":"product","link":"https:\/\/radarservice.eu\/pl\/produkt\/mobiler-radarwarnera\/","title":{"rendered":"Stealth Mobile mobiler Radarwarnera"},"content":{"rendered":"<p>Stealth Mobile to \u015bredniej klasy przeno\u015bny detektor fotoradar\u00f3w, kt\u00f3ry ostrzega przed przeno\u015bnymi i sta\u0142ymi pu\u0142apkami pr\u0119dko\u015bci.<br \/>.<br \/>\nWbudowany odbiornik GPS jest wykorzystywany w po\u0142\u0105czeniu z preinstalowan\u0105 baz\u0105 danych do lokalizacji pu\u0142apek pr\u0119dko\u015bci i eliminacji fa\u0142szywych alarm\u00f3w.<\/p>\n<p>.<\/p>\n<p><strong>Uwaga:<\/strong> Stealth Mobile ma wbudowany odbiornik laserowy, ale dla bezpiecznej ochrony przed laserami zalecamy stosowanie aktywnego blokera lasera np. Genevo FF2 lub AL Priority.<\/p>\n<p><strong>Overview:<\/strong><br \/>\n+ Radar ostrzegawczy K- i Ka-band<br \/>.<br \/>\n+ Odbiornik GPS SiRF III z fabrycznie zainstalowan\u0105 baz\u0105 danych<br \/>.<br \/>\n+ T\u0142umienie fa\u0142szywych alarm\u00f3w GPS<br \/>\n+ Gniazdo s\u0142uchawkowe<\/p>\n<p><strong>Zakres dostawy:<\/strong><br \/>\n* Stealth Mobile Radar Detector<br \/>.<br \/>\n* Wspornik<br \/>\n* Kabel po\u0142\u0105czeniowy 12V do zapalniczki<\/p>\n","protected":false},"excerpt":{"rendered":"<p>Stealth Mobile to \u015bredniej klasy przeno\u015bny detektor fotoradar\u00f3w, kt\u00f3ry ostrzega przed przeno\u015bnymi i sta\u0142ymi pu\u0142apkami pr\u0119dko\u015bci.. Wbudowany odbiornik GPS jest wykorzystywany w po\u0142\u0105czeniu z preinstalowan\u0105 baz\u0105 danych do lokalizacji pu\u0142apek pr\u0119dko\u015bci i eliminacji fa\u0142szywych alarm\u00f3w. . Uwaga: Stealth Mobile ma wbudowany odbiornik laserowy, ale dla bezpiecznej ochrony przed laserami zalecamy stosowanie aktywnego blokera lasera np. [&#8230;]\n","protected":false},"featured_media":15825,"comment_status":"open","ping_status":"closed","template":"","meta":[],"product_brand":[],"product_cat":[1603,1677],"product_tag":[1586,1587,1679,1680,1678],"class_list":{"0":"post-15824","1":"product","2":"type-product","3":"status-publish","4":"has-post-thumbnail","6":"product_cat-przenosne-detektory-radarow","7":"product_cat-stealth-pl","8":"product_tag-detektor-radarowy","9":"product_tag-europa-pl","10":"product_tag-mobilne-pulapki-na-predkosc","11":"product_tag-stale-pulapki-na-predkosc","12":"product_tag-stealth-mobile-pl","14":"first","15":"instock","16":"sale","17":"taxable","18":"shipping-taxable","19":"purchasable","20":"product-type-simple"},"yoast_head":"<!-- This site is optimized with the Yoast SEO plugin v27.2 - https:\/\/yoast.com\/product\/yoast-seo-wordpress\/ -->\n<title>Stealth Mobile mobiler Radarwarnera | Radar Service<\/title>\n<meta name=\"description\" content=\"Stealth Mobile to \u015bredniej klasy przeno\u015bny detektor fotoradar\u00f3w, kt\u00f3ry ostrzega przed ruchomymi i sta\u0142ymi pu\u0142apkami pr\u0119dko\u015bci.\" \/>\n<meta name=\"robots\" content=\"index, follow, max-snippet:-1, max-image-preview:large, max-video-preview:-1\" \/>\n<link rel=\"canonical\" href=\"https:\/\/radarservice.eu\/pl\/produkt\/mobiler-radarwarnera\/\" \/>\n<meta property=\"og:locale\" content=\"pl_PL\" \/>\n<meta property=\"og:type\" content=\"article\" \/>\n<meta property=\"og:title\" content=\"Stealth Mobile mobiler Radarwarnera | Radar Service\" \/>\n<meta property=\"og:description\" content=\"Stealth Mobile to \u015bredniej klasy przeno\u015bny detektor fotoradar\u00f3w, kt\u00f3ry ostrzega przed ruchomymi i sta\u0142ymi pu\u0142apkami pr\u0119dko\u015bci.\" \/>\n<meta property=\"og:url\" content=\"https:\/\/radarservice.eu\/pl\/produkt\/mobiler-radarwarnera\/\" \/>\n<meta property=\"og:site_name\" content=\"Radar Service\" \/>\n<meta property=\"article:modified_time\" content=\"2023-04-02T18:27:03+00:00\" \/>\n<meta property=\"og:image\" content=\"https:\/\/radarservice.eu\/wp-content\/uploads\/2020\/09\/stealth_mobile.jpg\" \/>\n\t<meta property=\"og:image:width\" content=\"753\" \/>\n\t<meta property=\"og:image:height\" content=\"450\" \/>\n\t<meta property=\"og:image:type\" content=\"image\/jpeg\" \/>\n<meta name=\"twitter:card\" content=\"summary_large_image\" \/>\n<meta name=\"twitter:label1\" content=\"Szacowany czas czytania\" \/>\n\t<meta name=\"twitter:data1\" content=\"1 minuta\" \/>\n<script type=\"application\/ld+json\" class=\"yoast-schema-graph\">{\"@context\":\"https:\/\/schema.org\",\"@graph\":[{\"@type\":\"WebPage\",\"@id\":\"https:\/\/radarservice.eu\/pl\/produkt\/mobiler-radarwarnera\/\",\"url\":\"https:\/\/radarservice.eu\/pl\/produkt\/mobiler-radarwarnera\/\",\"name\":\"Stealth Mobile mobiler Radarwarnera | Radar Service\",\"isPartOf\":{\"@id\":\"https:\/\/radarservice.eu\/pl\/#website\"},\"primaryImageOfPage\":{\"@id\":\"https:\/\/radarservice.eu\/pl\/produkt\/mobiler-radarwarnera\/#primaryimage\"},\"image\":{\"@id\":\"https:\/\/radarservice.eu\/pl\/produkt\/mobiler-radarwarnera\/#primaryimage\"},\"thumbnailUrl\":\"https:\/\/radarservice.eu\/wp-content\/uploads\/2020\/09\/stealth_mobile.jpg\",\"datePublished\":\"2021-04-29T09:47:19+00:00\",\"dateModified\":\"2023-04-02T18:27:03+00:00\",\"description\":\"Stealth Mobile to \u015bredniej klasy przeno\u015bny detektor fotoradar\u00f3w, kt\u00f3ry ostrzega przed ruchomymi i sta\u0142ymi pu\u0142apkami pr\u0119dko\u015bci.\",\"breadcrumb\":{\"@id\":\"https:\/\/radarservice.eu\/pl\/produkt\/mobiler-radarwarnera\/#breadcrumb\"},\"inLanguage\":\"pl-PL\",\"potentialAction\":[{\"@type\":\"ReadAction\",\"target\":[\"https:\/\/radarservice.eu\/pl\/produkt\/mobiler-radarwarnera\/\"]}]},{\"@type\":\"ImageObject\",\"inLanguage\":\"pl-PL\",\"@id\":\"https:\/\/radarservice.eu\/pl\/produkt\/mobiler-radarwarnera\/#primaryimage\",\"url\":\"https:\/\/radarservice.eu\/wp-content\/uploads\/2020\/09\/stealth_mobile.jpg\",\"contentUrl\":\"https:\/\/radarservice.eu\/wp-content\/uploads\/2020\/09\/stealth_mobile.jpg\",\"width\":753,\"height\":450,\"caption\":\"Stealth Mobile\"},{\"@type\":\"BreadcrumbList\",\"@id\":\"https:\/\/radarservice.eu\/pl\/produkt\/mobiler-radarwarnera\/#breadcrumb\",\"itemListElement\":[{\"@type\":\"ListItem\",\"position\":1,\"name\":\"Sklep\",\"item\":\"https:\/\/radarservice.eu\/pl\/sklep\/\"},{\"@type\":\"ListItem\",\"position\":2,\"name\":\"Stealth Mobile mobiler Radarwarnera\"}]},{\"@type\":\"WebSite\",\"@id\":\"https:\/\/radarservice.eu\/pl\/#website\",\"url\":\"https:\/\/radarservice.eu\/pl\/\",\"name\":\"Radar Service\",\"description\":\"Radar detector Laser jammer mobile fix\",\"publisher\":{\"@id\":\"https:\/\/radarservice.eu\/pl\/#organization\"},\"potentialAction\":[{\"@type\":\"SearchAction\",\"target\":{\"@type\":\"EntryPoint\",\"urlTemplate\":\"https:\/\/radarservice.eu\/pl\/?s={search_term_string}\"},\"query-input\":{\"@type\":\"PropertyValueSpecification\",\"valueRequired\":true,\"valueName\":\"search_term_string\"}}],\"inLanguage\":\"pl-PL\"},{\"@type\":\"Organization\",\"@id\":\"https:\/\/radarservice.eu\/pl\/#organization\",\"name\":\"RadarService\",\"url\":\"https:\/\/radarservice.eu\/pl\/\",\"logo\":{\"@type\":\"ImageObject\",\"inLanguage\":\"pl-PL\",\"@id\":\"https:\/\/radarservice.eu\/pl\/#\/schema\/logo\/image\/\",\"url\":\"https:\/\/radarservice.eu\/wp-content\/uploads\/2021\/03\/Radar_detector_service.png\",\"contentUrl\":\"https:\/\/radarservice.eu\/wp-content\/uploads\/2021\/03\/Radar_detector_service.png\",\"width\":174,\"height\":48,\"caption\":\"RadarService\"},\"image\":{\"@id\":\"https:\/\/radarservice.eu\/pl\/#\/schema\/logo\/image\/\"}}]}<\/script>\n<!-- \/ Yoast SEO plugin. -->","yoast_head_json":{"title":"Stealth Mobile mobiler Radarwarnera | Radar Service","description":"Stealth Mobile to \u015bredniej klasy przeno\u015bny detektor fotoradar\u00f3w, kt\u00f3ry ostrzega przed ruchomymi i sta\u0142ymi pu\u0142apkami pr\u0119dko\u015bci.","robots":{"index":"index","follow":"follow","max-snippet":"max-snippet:-1","max-image-preview":"max-image-preview:large","max-video-preview":"max-video-preview:-1"},"canonical":"https:\/\/radarservice.eu\/pl\/produkt\/mobiler-radarwarnera\/","og_locale":"pl_PL","og_type":"article","og_title":"Stealth Mobile mobiler Radarwarnera | Radar Service","og_description":"Stealth Mobile to \u015bredniej klasy przeno\u015bny detektor fotoradar\u00f3w, kt\u00f3ry ostrzega przed ruchomymi i sta\u0142ymi pu\u0142apkami pr\u0119dko\u015bci.","og_url":"https:\/\/radarservice.eu\/pl\/produkt\/mobiler-radarwarnera\/","og_site_name":"Radar Service","article_modified_time":"2023-04-02T18:27:03+00:00","og_image":[{"width":753,"height":450,"url":"https:\/\/radarservice.eu\/wp-content\/uploads\/2020\/09\/stealth_mobile.jpg","type":"image\/jpeg"}],"twitter_card":"summary_large_image","twitter_misc":{"Szacowany czas czytania":"1 minuta"},"schema":{"@context":"https:\/\/schema.org","@graph":[{"@type":"WebPage","@id":"https:\/\/radarservice.eu\/pl\/produkt\/mobiler-radarwarnera\/","url":"https:\/\/radarservice.eu\/pl\/produkt\/mobiler-radarwarnera\/","name":"Stealth Mobile mobiler Radarwarnera | Radar Service","isPartOf":{"@id":"https:\/\/radarservice.eu\/pl\/#website"},"primaryImageOfPage":{"@id":"https:\/\/radarservice.eu\/pl\/produkt\/mobiler-radarwarnera\/#primaryimage"},"image":{"@id":"https:\/\/radarservice.eu\/pl\/produkt\/mobiler-radarwarnera\/#primaryimage"},"thumbnailUrl":"https:\/\/radarservice.eu\/wp-content\/uploads\/2020\/09\/stealth_mobile.jpg","datePublished":"2021-04-29T09:47:19+00:00","dateModified":"2023-04-02T18:27:03+00:00","description":"Stealth Mobile to \u015bredniej klasy przeno\u015bny detektor fotoradar\u00f3w, kt\u00f3ry ostrzega przed ruchomymi i sta\u0142ymi pu\u0142apkami pr\u0119dko\u015bci.","breadcrumb":{"@id":"https:\/\/radarservice.eu\/pl\/produkt\/mobiler-radarwarnera\/#breadcrumb"},"inLanguage":"pl-PL","potentialAction":[{"@type":"ReadAction","target":["https:\/\/radarservice.eu\/pl\/produkt\/mobiler-radarwarnera\/"]}]},{"@type":"ImageObject","inLanguage":"pl-PL","@id":"https:\/\/radarservice.eu\/pl\/produkt\/mobiler-radarwarnera\/#primaryimage","url":"https:\/\/radarservice.eu\/wp-content\/uploads\/2020\/09\/stealth_mobile.jpg","contentUrl":"https:\/\/radarservice.eu\/wp-content\/uploads\/2020\/09\/stealth_mobile.jpg","width":753,"height":450,"caption":"Stealth Mobile"},{"@type":"BreadcrumbList","@id":"https:\/\/radarservice.eu\/pl\/produkt\/mobiler-radarwarnera\/#breadcrumb","itemListElement":[{"@type":"ListItem","position":1,"name":"Sklep","item":"https:\/\/radarservice.eu\/pl\/sklep\/"},{"@type":"ListItem","position":2,"name":"Stealth Mobile mobiler Radarwarnera"}]},{"@type":"WebSite","@id":"https:\/\/radarservice.eu\/pl\/#website","url":"https:\/\/radarservice.eu\/pl\/","name":"Radar Service","description":"Radar detector Laser jammer mobile fix","publisher":{"@id":"https:\/\/radarservice.eu\/pl\/#organization"},"potentialAction":[{"@type":"SearchAction","target":{"@type":"EntryPoint","urlTemplate":"https:\/\/radarservice.eu\/pl\/?s={search_term_string}"},"query-input":{"@type":"PropertyValueSpecification","valueRequired":true,"valueName":"search_term_string"}}],"inLanguage":"pl-PL"},{"@type":"Organization","@id":"https:\/\/radarservice.eu\/pl\/#organization","name":"RadarService","url":"https:\/\/radarservice.eu\/pl\/","logo":{"@type":"ImageObject","inLanguage":"pl-PL","@id":"https:\/\/radarservice.eu\/pl\/#\/schema\/logo\/image\/","url":"https:\/\/radarservice.eu\/wp-content\/uploads\/2021\/03\/Radar_detector_service.png","contentUrl":"https:\/\/radarservice.eu\/wp-content\/uploads\/2021\/03\/Radar_detector_service.png","width":174,"height":48,"caption":"RadarService"},"image":{"@id":"https:\/\/radarservice.eu\/pl\/#\/schema\/logo\/image\/"}}]}},"_links":{"self":[{"href":"https:\/\/radarservice.eu\/pl\/wp-json\/wp\/v2\/product\/15824","targetHints":{"allow":["GET"]}}],"collection":[{"href":"https:\/\/radarservice.eu\/pl\/wp-json\/wp\/v2\/product"}],"about":[{"href":"https:\/\/radarservice.eu\/pl\/wp-json\/wp\/v2\/types\/product"}],"replies":[{"embeddable":true,"href":"https:\/\/radarservice.eu\/pl\/wp-json\/wp\/v2\/comments?post=15824"}],"wp:featuredmedia":[{"embeddable":true,"href":"https:\/\/radarservice.eu\/pl\/wp-json\/wp\/v2\/media\/15825"}],"wp:attachment":[{"href":"https:\/\/radarservice.eu\/pl\/wp-json\/wp\/v2\/media?parent=15824"}],"wp:term":[{"taxonomy":"product_brand","embeddable":true,"href":"https:\/\/radarservice.eu\/pl\/wp-json\/wp\/v2\/product_brand?post=15824"},{"taxonomy":"product_cat","embeddable":true,"href":"https:\/\/radarservice.eu\/pl\/wp-json\/wp\/v2\/product_cat?post=15824"},{"taxonomy":"product_tag","embeddable":true,"href":"https:\/\/radarservice.eu\/pl\/wp-json\/wp\/v2\/product_tag?post=15824"}],"curies":[{"name":"wp","href":"https:\/\/api.w.org\/{rel}","templated":true}]}}