{"id":15816,"date":"2021-04-29T11:32:59","date_gmt":"2021-04-29T09:32:59","guid":{"rendered":"https:\/\/radarservice.eu\/produkt\/target-lasertrack-lt-400\/"},"modified":"2021-04-29T11:32:59","modified_gmt":"2021-04-29T09:32:59","slug":"target-lasertrack-lt-400","status":"publish","type":"product","link":"https:\/\/radarservice.eu\/pl\/produkt\/target-lasertrack-lt-400\/","title":{"rendered":"Target Lasertrack LT-400"},"content":{"rendered":"<p>LT-400 jest \u015bredniej klasy jammer laserowy, kt\u00f3ry mo\u017ce by\u0107 u\u017cywany zar\u00f3wno jako blokada lasera i jako otwieracz gara\u017cu (wymaga dodatkowej jednostki odbiornika) <br \/>.<br \/>\nBlokada lasera LT-400 jest w pe\u0142ni automatyczna i uniemo\u017cliwia pomiary z u\u017cyciem pistoletu laserowego.<\/p>\n<p>.<\/p>\n<p>Kompaktowe rozmiary urz\u0105dzenia LaserTrack u\u0142atwiaj\u0105 jego instalacj\u0119 w poje\u017adzie.<\/p>\n<p><strong>Overview:<\/strong><br \/>\n+ funkcja jammer laser<br \/>\n+ funkcja automatycznego otwierania gara\u017cu<br \/>\n+ Wymiary: 73 x 38 x 19 mm<\/p>\n<p>.<\/p>\n<p><strong>Zakres dostawy:<\/strong><br \/>\n* LaserTrack LT400<br \/>\n* Jednostka audio<br \/>\n* Akcesoria monta\u017cowe wraz z zestawem kabli<br \/>\n* Instrukcja obs\u0142ugi<\/p>\n","protected":false},"excerpt":{"rendered":"<p>LT-400 jest \u015bredniej klasy jammer laserowy, kt\u00f3ry mo\u017ce by\u0107 u\u017cywany zar\u00f3wno jako blokada lasera i jako otwieracz gara\u017cu (wymaga dodatkowej jednostki odbiornika) . Blokada lasera LT-400 jest w pe\u0142ni automatyczna i uniemo\u017cliwia pomiary z u\u017cyciem pistoletu laserowego. . Kompaktowe rozmiary urz\u0105dzenia LaserTrack u\u0142atwiaj\u0105 jego instalacj\u0119 w poje\u017adzie. Overview: + funkcja jammer laser + funkcja automatycznego [&#8230;]\n","protected":false},"featured_media":15817,"comment_status":"open","ping_status":"closed","template":"","meta":[],"product_brand":[],"product_cat":[1599,1597],"product_tag":[1667,1666],"class_list":{"0":"post-15816","1":"product","2":"type-product","3":"status-publish","4":"has-post-thumbnail","6":"product_cat-target-pl","7":"product_cat-zaklocacze-laserowe","8":"product_tag-lt-400-pl","9":"product_tag-target-lasertrack-pl","11":"first","12":"outofstock","13":"taxable","14":"shipping-taxable","15":"purchasable","16":"product-type-simple"},"yoast_head":"<!-- This site is optimized with the Yoast SEO plugin v27.2 - https:\/\/yoast.com\/product\/yoast-seo-wordpress\/ -->\n<title>Target Lasertrack LT-400 | Radar Service<\/title>\n<meta name=\"description\" content=\"Blokada lasera LT-400 dzia\u0142a w pe\u0142ni automatycznie i uniemo\u017cliwia pomiary z u\u017cyciem pistoletu laserowego.\" \/>\n<meta name=\"robots\" content=\"index, follow, max-snippet:-1, max-image-preview:large, max-video-preview:-1\" \/>\n<link rel=\"canonical\" href=\"https:\/\/radarservice.eu\/pl\/produkt\/target-lasertrack-lt-400\/\" \/>\n<meta property=\"og:locale\" content=\"pl_PL\" \/>\n<meta property=\"og:type\" content=\"article\" \/>\n<meta property=\"og:title\" content=\"Target Lasertrack LT-400 | Radar Service\" \/>\n<meta property=\"og:description\" content=\"Blokada lasera LT-400 dzia\u0142a w pe\u0142ni automatycznie i uniemo\u017cliwia pomiary z u\u017cyciem pistoletu laserowego.\" \/>\n<meta property=\"og:url\" content=\"https:\/\/radarservice.eu\/pl\/produkt\/target-lasertrack-lt-400\/\" \/>\n<meta property=\"og:site_name\" content=\"Radar Service\" \/>\n<meta property=\"og:image\" content=\"https:\/\/radarservice.eu\/wp-content\/uploads\/2020\/09\/target_lasertrack_lt400.jpg\" \/>\n\t<meta property=\"og:image:width\" content=\"483\" \/>\n\t<meta property=\"og:image:height\" content=\"359\" \/>\n\t<meta property=\"og:image:type\" content=\"image\/jpeg\" \/>\n<meta name=\"twitter:card\" content=\"summary_large_image\" \/>\n<script type=\"application\/ld+json\" class=\"yoast-schema-graph\">{\"@context\":\"https:\/\/schema.org\",\"@graph\":[{\"@type\":\"WebPage\",\"@id\":\"https:\/\/radarservice.eu\/pl\/produkt\/target-lasertrack-lt-400\/\",\"url\":\"https:\/\/radarservice.eu\/pl\/produkt\/target-lasertrack-lt-400\/\",\"name\":\"Target Lasertrack LT-400 | Radar Service\",\"isPartOf\":{\"@id\":\"https:\/\/radarservice.eu\/pl\/#website\"},\"primaryImageOfPage\":{\"@id\":\"https:\/\/radarservice.eu\/pl\/produkt\/target-lasertrack-lt-400\/#primaryimage\"},\"image\":{\"@id\":\"https:\/\/radarservice.eu\/pl\/produkt\/target-lasertrack-lt-400\/#primaryimage\"},\"thumbnailUrl\":\"https:\/\/radarservice.eu\/wp-content\/uploads\/2020\/09\/target_lasertrack_lt400.jpg\",\"datePublished\":\"2021-04-29T09:32:59+00:00\",\"description\":\"Blokada lasera LT-400 dzia\u0142a w pe\u0142ni automatycznie i uniemo\u017cliwia pomiary z u\u017cyciem pistoletu laserowego.\",\"breadcrumb\":{\"@id\":\"https:\/\/radarservice.eu\/pl\/produkt\/target-lasertrack-lt-400\/#breadcrumb\"},\"inLanguage\":\"pl-PL\",\"potentialAction\":[{\"@type\":\"ReadAction\",\"target\":[\"https:\/\/radarservice.eu\/pl\/produkt\/target-lasertrack-lt-400\/\"]}]},{\"@type\":\"ImageObject\",\"inLanguage\":\"pl-PL\",\"@id\":\"https:\/\/radarservice.eu\/pl\/produkt\/target-lasertrack-lt-400\/#primaryimage\",\"url\":\"https:\/\/radarservice.eu\/wp-content\/uploads\/2020\/09\/target_lasertrack_lt400.jpg\",\"contentUrl\":\"https:\/\/radarservice.eu\/wp-content\/uploads\/2020\/09\/target_lasertrack_lt400.jpg\",\"width\":483,\"height\":359,\"caption\":\"Target Lasertrack LT400\"},{\"@type\":\"BreadcrumbList\",\"@id\":\"https:\/\/radarservice.eu\/pl\/produkt\/target-lasertrack-lt-400\/#breadcrumb\",\"itemListElement\":[{\"@type\":\"ListItem\",\"position\":1,\"name\":\"Sklep\",\"item\":\"https:\/\/radarservice.eu\/pl\/sklep\/\"},{\"@type\":\"ListItem\",\"position\":2,\"name\":\"Target Lasertrack LT-400\"}]},{\"@type\":\"WebSite\",\"@id\":\"https:\/\/radarservice.eu\/pl\/#website\",\"url\":\"https:\/\/radarservice.eu\/pl\/\",\"name\":\"Radar Service\",\"description\":\"Radar detector Laser jammer mobile fix\",\"publisher\":{\"@id\":\"https:\/\/radarservice.eu\/pl\/#organization\"},\"potentialAction\":[{\"@type\":\"SearchAction\",\"target\":{\"@type\":\"EntryPoint\",\"urlTemplate\":\"https:\/\/radarservice.eu\/pl\/?s={search_term_string}\"},\"query-input\":{\"@type\":\"PropertyValueSpecification\",\"valueRequired\":true,\"valueName\":\"search_term_string\"}}],\"inLanguage\":\"pl-PL\"},{\"@type\":\"Organization\",\"@id\":\"https:\/\/radarservice.eu\/pl\/#organization\",\"name\":\"RadarService\",\"url\":\"https:\/\/radarservice.eu\/pl\/\",\"logo\":{\"@type\":\"ImageObject\",\"inLanguage\":\"pl-PL\",\"@id\":\"https:\/\/radarservice.eu\/pl\/#\/schema\/logo\/image\/\",\"url\":\"https:\/\/radarservice.eu\/wp-content\/uploads\/2021\/03\/Radar_detector_service.png\",\"contentUrl\":\"https:\/\/radarservice.eu\/wp-content\/uploads\/2021\/03\/Radar_detector_service.png\",\"width\":174,\"height\":48,\"caption\":\"RadarService\"},\"image\":{\"@id\":\"https:\/\/radarservice.eu\/pl\/#\/schema\/logo\/image\/\"}}]}<\/script>\n<!-- \/ Yoast SEO plugin. -->","yoast_head_json":{"title":"Target Lasertrack LT-400 | Radar Service","description":"Blokada lasera LT-400 dzia\u0142a w pe\u0142ni automatycznie i uniemo\u017cliwia pomiary z u\u017cyciem pistoletu laserowego.","robots":{"index":"index","follow":"follow","max-snippet":"max-snippet:-1","max-image-preview":"max-image-preview:large","max-video-preview":"max-video-preview:-1"},"canonical":"https:\/\/radarservice.eu\/pl\/produkt\/target-lasertrack-lt-400\/","og_locale":"pl_PL","og_type":"article","og_title":"Target Lasertrack LT-400 | Radar Service","og_description":"Blokada lasera LT-400 dzia\u0142a w pe\u0142ni automatycznie i uniemo\u017cliwia pomiary z u\u017cyciem pistoletu laserowego.","og_url":"https:\/\/radarservice.eu\/pl\/produkt\/target-lasertrack-lt-400\/","og_site_name":"Radar Service","og_image":[{"width":483,"height":359,"url":"https:\/\/radarservice.eu\/wp-content\/uploads\/2020\/09\/target_lasertrack_lt400.jpg","type":"image\/jpeg"}],"twitter_card":"summary_large_image","schema":{"@context":"https:\/\/schema.org","@graph":[{"@type":"WebPage","@id":"https:\/\/radarservice.eu\/pl\/produkt\/target-lasertrack-lt-400\/","url":"https:\/\/radarservice.eu\/pl\/produkt\/target-lasertrack-lt-400\/","name":"Target Lasertrack LT-400 | Radar Service","isPartOf":{"@id":"https:\/\/radarservice.eu\/pl\/#website"},"primaryImageOfPage":{"@id":"https:\/\/radarservice.eu\/pl\/produkt\/target-lasertrack-lt-400\/#primaryimage"},"image":{"@id":"https:\/\/radarservice.eu\/pl\/produkt\/target-lasertrack-lt-400\/#primaryimage"},"thumbnailUrl":"https:\/\/radarservice.eu\/wp-content\/uploads\/2020\/09\/target_lasertrack_lt400.jpg","datePublished":"2021-04-29T09:32:59+00:00","description":"Blokada lasera LT-400 dzia\u0142a w pe\u0142ni automatycznie i uniemo\u017cliwia pomiary z u\u017cyciem pistoletu laserowego.","breadcrumb":{"@id":"https:\/\/radarservice.eu\/pl\/produkt\/target-lasertrack-lt-400\/#breadcrumb"},"inLanguage":"pl-PL","potentialAction":[{"@type":"ReadAction","target":["https:\/\/radarservice.eu\/pl\/produkt\/target-lasertrack-lt-400\/"]}]},{"@type":"ImageObject","inLanguage":"pl-PL","@id":"https:\/\/radarservice.eu\/pl\/produkt\/target-lasertrack-lt-400\/#primaryimage","url":"https:\/\/radarservice.eu\/wp-content\/uploads\/2020\/09\/target_lasertrack_lt400.jpg","contentUrl":"https:\/\/radarservice.eu\/wp-content\/uploads\/2020\/09\/target_lasertrack_lt400.jpg","width":483,"height":359,"caption":"Target Lasertrack LT400"},{"@type":"BreadcrumbList","@id":"https:\/\/radarservice.eu\/pl\/produkt\/target-lasertrack-lt-400\/#breadcrumb","itemListElement":[{"@type":"ListItem","position":1,"name":"Sklep","item":"https:\/\/radarservice.eu\/pl\/sklep\/"},{"@type":"ListItem","position":2,"name":"Target Lasertrack LT-400"}]},{"@type":"WebSite","@id":"https:\/\/radarservice.eu\/pl\/#website","url":"https:\/\/radarservice.eu\/pl\/","name":"Radar Service","description":"Radar detector Laser jammer mobile fix","publisher":{"@id":"https:\/\/radarservice.eu\/pl\/#organization"},"potentialAction":[{"@type":"SearchAction","target":{"@type":"EntryPoint","urlTemplate":"https:\/\/radarservice.eu\/pl\/?s={search_term_string}"},"query-input":{"@type":"PropertyValueSpecification","valueRequired":true,"valueName":"search_term_string"}}],"inLanguage":"pl-PL"},{"@type":"Organization","@id":"https:\/\/radarservice.eu\/pl\/#organization","name":"RadarService","url":"https:\/\/radarservice.eu\/pl\/","logo":{"@type":"ImageObject","inLanguage":"pl-PL","@id":"https:\/\/radarservice.eu\/pl\/#\/schema\/logo\/image\/","url":"https:\/\/radarservice.eu\/wp-content\/uploads\/2021\/03\/Radar_detector_service.png","contentUrl":"https:\/\/radarservice.eu\/wp-content\/uploads\/2021\/03\/Radar_detector_service.png","width":174,"height":48,"caption":"RadarService"},"image":{"@id":"https:\/\/radarservice.eu\/pl\/#\/schema\/logo\/image\/"}}]}},"_links":{"self":[{"href":"https:\/\/radarservice.eu\/pl\/wp-json\/wp\/v2\/product\/15816","targetHints":{"allow":["GET"]}}],"collection":[{"href":"https:\/\/radarservice.eu\/pl\/wp-json\/wp\/v2\/product"}],"about":[{"href":"https:\/\/radarservice.eu\/pl\/wp-json\/wp\/v2\/types\/product"}],"replies":[{"embeddable":true,"href":"https:\/\/radarservice.eu\/pl\/wp-json\/wp\/v2\/comments?post=15816"}],"wp:featuredmedia":[{"embeddable":true,"href":"https:\/\/radarservice.eu\/pl\/wp-json\/wp\/v2\/media\/15817"}],"wp:attachment":[{"href":"https:\/\/radarservice.eu\/pl\/wp-json\/wp\/v2\/media?parent=15816"}],"wp:term":[{"taxonomy":"product_brand","embeddable":true,"href":"https:\/\/radarservice.eu\/pl\/wp-json\/wp\/v2\/product_brand?post=15816"},{"taxonomy":"product_cat","embeddable":true,"href":"https:\/\/radarservice.eu\/pl\/wp-json\/wp\/v2\/product_cat?post=15816"},{"taxonomy":"product_tag","embeddable":true,"href":"https:\/\/radarservice.eu\/pl\/wp-json\/wp\/v2\/product_tag?post=15816"}],"curies":[{"name":"wp","href":"https:\/\/api.w.org\/{rel}","templated":true}]}}