{"id":15803,"date":"2021-04-29T11:18:52","date_gmt":"2021-04-29T09:18:52","guid":{"rendered":"https:\/\/radarservice.eu\/produkt\/valentine-one-rc-europawersja\/"},"modified":"2021-04-29T11:18:52","modified_gmt":"2021-04-29T09:18:52","slug":"valentine-one-rc-europawersja","status":"publish","type":"product","link":"https:\/\/radarservice.eu\/pl\/produkt\/valentine-one-rc-europawersja\/","title":{"rendered":"Valentine One RC Europawersja"},"content":{"rendered":"<p>Valentine One RC jest zewn\u0119trznym, ukrytym detektorem radaru. Dok\u0142adne skanowanie cz\u0119stotliwo\u015bci i wysoka czu\u0142o\u015b\u0107 zapewniaj\u0105 optymalne wykrywanie radar\u00f3w u\u017cywanych w Europie. Ci\u0105g\u0142y rozw\u00f3j wersji europejskiej poprawi\u0142 zar\u00f3wno czas ostrzegania, jak i t\u0142umienie fa\u0142szywych alarm\u00f3w.<\/p>\n<p>Je\u015bli chodzi o wykrywanie laserowe, V1 jest absolutnym szczytem linii. Nawet Traffic Observer systemy pomiarowe stosowane w Szwajcarii, cz\u0119sto jako cz\u0119\u015b\u0107-stacjonarnych, Valentine One wykrywa niezawodnie.<br \/>.<br \/>\nUwaga. Dla niezak\u0142\u00f3conego wykrywania lasera musi by\u0107 zainstalowany w komorze silnika koniecznie zapewni\u0107, \u017ce Valentine One ma swobodny &#8222;widok&#8221; do przodu. Je\u015bli nie jest to po\u017c\u0105dane lub mo\u017cliwe, zainstaluj dla ochrony lasera koniecznie dodatkowy bloker lasera.<\/p>\n<p>.<\/p>\n<p>Dostawa odbywa si\u0119 w ustawieniach europejskich, na \u017cyczenie mo\u017cemy zaprogramowa\u0107 Valentine One RC, jednak r\u00f3wnie\u017c indywidualnie wed\u0142ug Pa\u0144stwa wymaga\u0144.<\/p>\n<p><strong>Overview:<\/strong><br \/>\n+ wykrywacz radar\u00f3w klasy wy\u017cszej<br \/>\n+ bardzo dobra detekcja lasera<br \/>\n+ ostrze\u017cenie o pomiarze radarowym<br \/>\n+ ostrze\u017cenie o pomiarach laserowych<br \/>\n+ nadaje si\u0119 do stosowania w Europie<\/p>\n<p><strong>Przegl\u0105d cz\u0119stotliwo\u015bci:<\/strong><br \/>\n+ 9.410 (pasmo X)<br \/>\n+ 13.450 (KU-Band)<br \/>\n+ 24.125 (K-Band)<br \/>\n+ 34,360 (zesp\u00f3\u0142 KA)<\/p>\n<p><p><strong>Instalacja:<\/strong><br \/>\n+ instalacja jest w zale\u017cno\u015bci od typu pojazdu w oko\u0142o 2-4 godzin przez specjalistyczny warsztat do realizacji<\/p>\n<p>.<\/p>\n<p><strong>Zakres dostaw:<\/strong><br \/>\n* Valentine One RC wersja europejska (wersja zewn\u0119trzna)<br \/>\n* oddzielny wy\u015bwietlacz<br \/>\n* oddzielny modu\u0142 audio<br \/>\n* bardzo d\u0142ugi kabel zasilaj\u0105cy do pod\u0142\u0105czenia do sieci pok\u0142adowej<br \/>\n* Niemiecka instrukcja obs\u0142ugi<\/p>\n<p><strong>Uwaga:<\/strong> Valentine One RC ma bardzo dobry odbi\u00f3r lasera, ale dla bezpiecznej ochrony przed laserem zalecamy u\u017cycie aktywnego blokera lasera AL Priority lub Lasertrack Flare.<\/p>\n","protected":false},"excerpt":{"rendered":"<p>Valentine One RC jest zewn\u0119trznym, ukrytym detektorem radaru. Dok\u0142adne skanowanie cz\u0119stotliwo\u015bci i wysoka czu\u0142o\u015b\u0107 zapewniaj\u0105 optymalne wykrywanie radar\u00f3w u\u017cywanych w Europie. Ci\u0105g\u0142y rozw\u00f3j wersji europejskiej poprawi\u0142 zar\u00f3wno czas ostrzegania, jak i t\u0142umienie fa\u0142szywych alarm\u00f3w. Je\u015bli chodzi o wykrywanie laserowe, V1 jest absolutnym szczytem linii. Nawet Traffic Observer systemy pomiarowe stosowane w Szwajcarii, cz\u0119sto jako cz\u0119\u015b\u0107-stacjonarnych, [&#8230;]\n","protected":false},"featured_media":15804,"comment_status":"open","ping_status":"closed","template":"","meta":[],"product_brand":[],"product_cat":[1583,1654],"product_tag":[1612,1658,1657,1656],"class_list":{"0":"post-15803","1":"product","2":"type-product","3":"status-publish","4":"has-post-thumbnail","6":"product_cat-stale-detektory-radarowe","7":"product_cat-valentine-one-pl","8":"product_tag-staly-detektor-radarowy","9":"product_tag-v1-rc-pl","10":"product_tag-valentine-one-rc-pl","11":"product_tag-wersja-europejska-pl","13":"first","14":"instock","15":"taxable","16":"shipping-taxable","17":"purchasable","18":"product-type-simple"},"yoast_head":"<!-- This site is optimized with the Yoast SEO plugin v27.2 - https:\/\/yoast.com\/product\/yoast-seo-wordpress\/ -->\n<title>Valentine One RC Europawersja | Radar Service<\/title>\n<meta name=\"description\" content=\"Valentine One RC to detektor radaru do zewn\u0119trznej, ukrytej instalacji w komorze silnika.\" \/>\n<meta name=\"robots\" content=\"index, follow, max-snippet:-1, max-image-preview:large, max-video-preview:-1\" \/>\n<link rel=\"canonical\" href=\"https:\/\/radarservice.eu\/pl\/produkt\/valentine-one-rc-europawersja\/\" \/>\n<meta property=\"og:locale\" content=\"pl_PL\" \/>\n<meta property=\"og:type\" content=\"article\" \/>\n<meta property=\"og:title\" content=\"Valentine One RC Europawersja | Radar Service\" \/>\n<meta property=\"og:description\" content=\"Valentine One RC to detektor radaru do zewn\u0119trznej, ukrytej instalacji w komorze silnika.\" \/>\n<meta property=\"og:url\" content=\"https:\/\/radarservice.eu\/pl\/produkt\/valentine-one-rc-europawersja\/\" \/>\n<meta property=\"og:site_name\" content=\"Radar Service\" \/>\n<meta property=\"og:image\" content=\"https:\/\/radarservice.eu\/wp-content\/uploads\/2020\/09\/Valentine_One_RC.jpg\" \/>\n\t<meta property=\"og:image:width\" content=\"600\" \/>\n\t<meta property=\"og:image:height\" content=\"360\" \/>\n\t<meta property=\"og:image:type\" content=\"image\/jpeg\" \/>\n<meta name=\"twitter:card\" content=\"summary_large_image\" \/>\n<meta name=\"twitter:label1\" content=\"Szacowany czas czytania\" \/>\n\t<meta name=\"twitter:data1\" content=\"1 minuta\" \/>\n<script type=\"application\/ld+json\" class=\"yoast-schema-graph\">{\"@context\":\"https:\/\/schema.org\",\"@graph\":[{\"@type\":\"WebPage\",\"@id\":\"https:\/\/radarservice.eu\/pl\/produkt\/valentine-one-rc-europawersja\/\",\"url\":\"https:\/\/radarservice.eu\/pl\/produkt\/valentine-one-rc-europawersja\/\",\"name\":\"Valentine One RC Europawersja | Radar Service\",\"isPartOf\":{\"@id\":\"https:\/\/radarservice.eu\/pl\/#website\"},\"primaryImageOfPage\":{\"@id\":\"https:\/\/radarservice.eu\/pl\/produkt\/valentine-one-rc-europawersja\/#primaryimage\"},\"image\":{\"@id\":\"https:\/\/radarservice.eu\/pl\/produkt\/valentine-one-rc-europawersja\/#primaryimage\"},\"thumbnailUrl\":\"https:\/\/radarservice.eu\/wp-content\/uploads\/2020\/09\/Valentine_One_RC.jpg\",\"datePublished\":\"2021-04-29T09:18:52+00:00\",\"description\":\"Valentine One RC to detektor radaru do zewn\u0119trznej, ukrytej instalacji w komorze silnika.\",\"breadcrumb\":{\"@id\":\"https:\/\/radarservice.eu\/pl\/produkt\/valentine-one-rc-europawersja\/#breadcrumb\"},\"inLanguage\":\"pl-PL\",\"potentialAction\":[{\"@type\":\"ReadAction\",\"target\":[\"https:\/\/radarservice.eu\/pl\/produkt\/valentine-one-rc-europawersja\/\"]}]},{\"@type\":\"ImageObject\",\"inLanguage\":\"pl-PL\",\"@id\":\"https:\/\/radarservice.eu\/pl\/produkt\/valentine-one-rc-europawersja\/#primaryimage\",\"url\":\"https:\/\/radarservice.eu\/wp-content\/uploads\/2020\/09\/Valentine_One_RC.jpg\",\"contentUrl\":\"https:\/\/radarservice.eu\/wp-content\/uploads\/2020\/09\/Valentine_One_RC.jpg\",\"width\":600,\"height\":360,\"caption\":\"Valentine One RC\"},{\"@type\":\"BreadcrumbList\",\"@id\":\"https:\/\/radarservice.eu\/pl\/produkt\/valentine-one-rc-europawersja\/#breadcrumb\",\"itemListElement\":[{\"@type\":\"ListItem\",\"position\":1,\"name\":\"Sklep\",\"item\":\"https:\/\/radarservice.eu\/pl\/sklep\/\"},{\"@type\":\"ListItem\",\"position\":2,\"name\":\"Valentine One RC Europawersja\"}]},{\"@type\":\"WebSite\",\"@id\":\"https:\/\/radarservice.eu\/pl\/#website\",\"url\":\"https:\/\/radarservice.eu\/pl\/\",\"name\":\"Radar Service\",\"description\":\"Radar detector Laser jammer mobile fix\",\"publisher\":{\"@id\":\"https:\/\/radarservice.eu\/pl\/#organization\"},\"potentialAction\":[{\"@type\":\"SearchAction\",\"target\":{\"@type\":\"EntryPoint\",\"urlTemplate\":\"https:\/\/radarservice.eu\/pl\/?s={search_term_string}\"},\"query-input\":{\"@type\":\"PropertyValueSpecification\",\"valueRequired\":true,\"valueName\":\"search_term_string\"}}],\"inLanguage\":\"pl-PL\"},{\"@type\":\"Organization\",\"@id\":\"https:\/\/radarservice.eu\/pl\/#organization\",\"name\":\"RadarService\",\"url\":\"https:\/\/radarservice.eu\/pl\/\",\"logo\":{\"@type\":\"ImageObject\",\"inLanguage\":\"pl-PL\",\"@id\":\"https:\/\/radarservice.eu\/pl\/#\/schema\/logo\/image\/\",\"url\":\"https:\/\/radarservice.eu\/wp-content\/uploads\/2021\/03\/Radar_detector_service.png\",\"contentUrl\":\"https:\/\/radarservice.eu\/wp-content\/uploads\/2021\/03\/Radar_detector_service.png\",\"width\":174,\"height\":48,\"caption\":\"RadarService\"},\"image\":{\"@id\":\"https:\/\/radarservice.eu\/pl\/#\/schema\/logo\/image\/\"}}]}<\/script>\n<!-- \/ Yoast SEO plugin. -->","yoast_head_json":{"title":"Valentine One RC Europawersja | Radar Service","description":"Valentine One RC to detektor radaru do zewn\u0119trznej, ukrytej instalacji w komorze silnika.","robots":{"index":"index","follow":"follow","max-snippet":"max-snippet:-1","max-image-preview":"max-image-preview:large","max-video-preview":"max-video-preview:-1"},"canonical":"https:\/\/radarservice.eu\/pl\/produkt\/valentine-one-rc-europawersja\/","og_locale":"pl_PL","og_type":"article","og_title":"Valentine One RC Europawersja | Radar Service","og_description":"Valentine One RC to detektor radaru do zewn\u0119trznej, ukrytej instalacji w komorze silnika.","og_url":"https:\/\/radarservice.eu\/pl\/produkt\/valentine-one-rc-europawersja\/","og_site_name":"Radar Service","og_image":[{"width":600,"height":360,"url":"https:\/\/radarservice.eu\/wp-content\/uploads\/2020\/09\/Valentine_One_RC.jpg","type":"image\/jpeg"}],"twitter_card":"summary_large_image","twitter_misc":{"Szacowany czas czytania":"1 minuta"},"schema":{"@context":"https:\/\/schema.org","@graph":[{"@type":"WebPage","@id":"https:\/\/radarservice.eu\/pl\/produkt\/valentine-one-rc-europawersja\/","url":"https:\/\/radarservice.eu\/pl\/produkt\/valentine-one-rc-europawersja\/","name":"Valentine One RC Europawersja | Radar Service","isPartOf":{"@id":"https:\/\/radarservice.eu\/pl\/#website"},"primaryImageOfPage":{"@id":"https:\/\/radarservice.eu\/pl\/produkt\/valentine-one-rc-europawersja\/#primaryimage"},"image":{"@id":"https:\/\/radarservice.eu\/pl\/produkt\/valentine-one-rc-europawersja\/#primaryimage"},"thumbnailUrl":"https:\/\/radarservice.eu\/wp-content\/uploads\/2020\/09\/Valentine_One_RC.jpg","datePublished":"2021-04-29T09:18:52+00:00","description":"Valentine One RC to detektor radaru do zewn\u0119trznej, ukrytej instalacji w komorze silnika.","breadcrumb":{"@id":"https:\/\/radarservice.eu\/pl\/produkt\/valentine-one-rc-europawersja\/#breadcrumb"},"inLanguage":"pl-PL","potentialAction":[{"@type":"ReadAction","target":["https:\/\/radarservice.eu\/pl\/produkt\/valentine-one-rc-europawersja\/"]}]},{"@type":"ImageObject","inLanguage":"pl-PL","@id":"https:\/\/radarservice.eu\/pl\/produkt\/valentine-one-rc-europawersja\/#primaryimage","url":"https:\/\/radarservice.eu\/wp-content\/uploads\/2020\/09\/Valentine_One_RC.jpg","contentUrl":"https:\/\/radarservice.eu\/wp-content\/uploads\/2020\/09\/Valentine_One_RC.jpg","width":600,"height":360,"caption":"Valentine One RC"},{"@type":"BreadcrumbList","@id":"https:\/\/radarservice.eu\/pl\/produkt\/valentine-one-rc-europawersja\/#breadcrumb","itemListElement":[{"@type":"ListItem","position":1,"name":"Sklep","item":"https:\/\/radarservice.eu\/pl\/sklep\/"},{"@type":"ListItem","position":2,"name":"Valentine One RC Europawersja"}]},{"@type":"WebSite","@id":"https:\/\/radarservice.eu\/pl\/#website","url":"https:\/\/radarservice.eu\/pl\/","name":"Radar Service","description":"Radar detector Laser jammer mobile fix","publisher":{"@id":"https:\/\/radarservice.eu\/pl\/#organization"},"potentialAction":[{"@type":"SearchAction","target":{"@type":"EntryPoint","urlTemplate":"https:\/\/radarservice.eu\/pl\/?s={search_term_string}"},"query-input":{"@type":"PropertyValueSpecification","valueRequired":true,"valueName":"search_term_string"}}],"inLanguage":"pl-PL"},{"@type":"Organization","@id":"https:\/\/radarservice.eu\/pl\/#organization","name":"RadarService","url":"https:\/\/radarservice.eu\/pl\/","logo":{"@type":"ImageObject","inLanguage":"pl-PL","@id":"https:\/\/radarservice.eu\/pl\/#\/schema\/logo\/image\/","url":"https:\/\/radarservice.eu\/wp-content\/uploads\/2021\/03\/Radar_detector_service.png","contentUrl":"https:\/\/radarservice.eu\/wp-content\/uploads\/2021\/03\/Radar_detector_service.png","width":174,"height":48,"caption":"RadarService"},"image":{"@id":"https:\/\/radarservice.eu\/pl\/#\/schema\/logo\/image\/"}}]}},"_links":{"self":[{"href":"https:\/\/radarservice.eu\/pl\/wp-json\/wp\/v2\/product\/15803","targetHints":{"allow":["GET"]}}],"collection":[{"href":"https:\/\/radarservice.eu\/pl\/wp-json\/wp\/v2\/product"}],"about":[{"href":"https:\/\/radarservice.eu\/pl\/wp-json\/wp\/v2\/types\/product"}],"replies":[{"embeddable":true,"href":"https:\/\/radarservice.eu\/pl\/wp-json\/wp\/v2\/comments?post=15803"}],"wp:featuredmedia":[{"embeddable":true,"href":"https:\/\/radarservice.eu\/pl\/wp-json\/wp\/v2\/media\/15804"}],"wp:attachment":[{"href":"https:\/\/radarservice.eu\/pl\/wp-json\/wp\/v2\/media?parent=15803"}],"wp:term":[{"taxonomy":"product_brand","embeddable":true,"href":"https:\/\/radarservice.eu\/pl\/wp-json\/wp\/v2\/product_brand?post=15803"},{"taxonomy":"product_cat","embeddable":true,"href":"https:\/\/radarservice.eu\/pl\/wp-json\/wp\/v2\/product_cat?post=15803"},{"taxonomy":"product_tag","embeddable":true,"href":"https:\/\/radarservice.eu\/pl\/wp-json\/wp\/v2\/product_tag?post=15803"}],"curies":[{"name":"wp","href":"https:\/\/api.w.org\/{rel}","templated":true}]}}