{"id":15774,"date":"2021-04-29T10:38:08","date_gmt":"2021-04-29T08:38:08","guid":{"rendered":"https:\/\/radarservice.eu\/produkt\/antilaser-al-g9-rx-laserblocker\/"},"modified":"2021-04-29T10:38:08","modified_gmt":"2021-04-29T08:38:08","slug":"antilaser-al-g9-rx-laserblocker","status":"publish","type":"product","link":"https:\/\/radarservice.eu\/pl\/produkt\/antilaser-al-g9-rx-laserblocker\/","title":{"rendered":"Antilaser AL G9 RX Laserblocker"},"content":{"rendered":"<p>Nowy antylaser AL-G9 RX zosta\u0142 ponownie ulepszony w stosunku do swojego poprzednika AL-G9. Dla jeszcze skuteczniejszej ochrony przed broni\u0105 laserow\u0105, moc odbioru i nadawania AL-G9RX zosta\u0142a znacznie zwi\u0119kszona. AL-G9 to wielofunkcyjny system laserowy, kt\u00f3ry mo\u017ce by\u0107 u\u017cywany zar\u00f3wno jako czujnik parkowania, jak i zag\u0142uszacz laserowy.<\/p>\n<p><strong>Uwaga:<\/strong>Aby ca\u0142kowicie pokry\u0107 obszar pojazdu, zalecamy wersj\u0119 z 2 czujnikami do zastosowania w samochodzie lub SUV-ie. Chcesz chroni\u0107 tyln\u0105 pojazdu w uzupe\u0142nieniu do przodu pojazdu, trzeba 4 czujniki.<br \/>.<br \/>\nMotocykle potrzebuj\u0105 tylko prostej wersji z jednym czujnikiem lub dwoma czujnikami dla przedniej i tylnej ochrony.<\/p>\n<p>.<\/p>\n<p><strong>Overview:<\/strong><br \/>\n+ kompaktowy czujnik laserowy<br \/>\n+ laserowo wspomagany asystent parkowania<br \/>\n+ aktywna ingerencja lasera w pomiary laserowe<\/p>\n<p><strong>Zakres dostaw:<\/strong><br \/>\n* Czujnik(i) laserowy(e) (w zale\u017cno\u015bci od wyboru 1 \/ 2 \/ 4)<br \/>\n* Jednostka steruj\u0105ca<br \/>\n* Zestaw kabli &amp; Wy\u015bwietlacz LED<br \/>\n* Akcesoria monta\u017cowe (p\u0142yta monta\u017cowa, \u015bruby, opaski kablowe)<br \/>\n* Instrukcja obs\u0142ugi<br \/>\n* 2 lata gwarancji<\/p>\n","protected":false},"excerpt":{"rendered":"<p>Nowy antylaser AL-G9 RX zosta\u0142 ponownie ulepszony w stosunku do swojego poprzednika AL-G9. Dla jeszcze skuteczniejszej ochrony przed broni\u0105 laserow\u0105, moc odbioru i nadawania AL-G9RX zosta\u0142a znacznie zwi\u0119kszona. AL-G9 to wielofunkcyjny system laserowy, kt\u00f3ry mo\u017ce by\u0107 u\u017cywany zar\u00f3wno jako czujnik parkowania, jak i zag\u0142uszacz laserowy. Uwaga:Aby ca\u0142kowicie pokry\u0107 obszar pojazdu, zalecamy wersj\u0119 z 2 czujnikami [&#8230;]\n","protected":false},"featured_media":15775,"comment_status":"open","ping_status":"closed","template":"","meta":[],"product_brand":[],"product_cat":[1598],"product_tag":[1638,1634,1636,1637,1635],"class_list":{"0":"post-15774","1":"product","2":"type-product","3":"status-publish","4":"has-post-thumbnail","6":"product_cat-antilaser-pl","7":"product_tag-al-g9-rx-pl","8":"product_tag-anty-laser","9":"product_tag-blokada-lasera","10":"product_tag-slepy-laser","11":"product_tag-zagluszacz-laserowy","13":"first","14":"outofstock","15":"taxable","16":"shipping-taxable","17":"purchasable","18":"product-type-simple"},"yoast_head":"<!-- This site is optimized with the Yoast SEO plugin v27.2 - https:\/\/yoast.com\/product\/yoast-seo-wordpress\/ -->\n<title>Antilaser AL G9 RX Laserblocker | Radar Service<\/title>\n<meta name=\"description\" content=\"Antilaser AL G9 RX Laserblocker | Radar Service\" \/>\n<meta name=\"robots\" content=\"index, follow, max-snippet:-1, max-image-preview:large, max-video-preview:-1\" \/>\n<link rel=\"canonical\" href=\"https:\/\/radarservice.eu\/pl\/produkt\/antilaser-al-g9-rx-laserblocker\/\" \/>\n<meta property=\"og:locale\" content=\"pl_PL\" \/>\n<meta property=\"og:type\" content=\"article\" \/>\n<meta property=\"og:title\" content=\"Antilaser AL G9 RX Laserblocker | Radar Service\" \/>\n<meta property=\"og:description\" content=\"Antilaser AL G9 RX Laserblocker | Radar Service\" \/>\n<meta property=\"og:url\" content=\"https:\/\/radarservice.eu\/pl\/produkt\/antilaser-al-g9-rx-laserblocker\/\" \/>\n<meta property=\"og:site_name\" content=\"Radar Service\" \/>\n<meta property=\"og:image\" content=\"https:\/\/radarservice.eu\/wp-content\/uploads\/2020\/09\/alg_9rx.jpg\" \/>\n\t<meta property=\"og:image:width\" content=\"600\" \/>\n\t<meta property=\"og:image:height\" content=\"495\" \/>\n\t<meta property=\"og:image:type\" content=\"image\/jpeg\" \/>\n<meta name=\"twitter:card\" content=\"summary_large_image\" \/>\n<meta name=\"twitter:label1\" content=\"Szacowany czas czytania\" \/>\n\t<meta name=\"twitter:data1\" content=\"1 minuta\" \/>\n<script type=\"application\/ld+json\" class=\"yoast-schema-graph\">{\"@context\":\"https:\/\/schema.org\",\"@graph\":[{\"@type\":\"WebPage\",\"@id\":\"https:\/\/radarservice.eu\/pl\/produkt\/antilaser-al-g9-rx-laserblocker\/\",\"url\":\"https:\/\/radarservice.eu\/pl\/produkt\/antilaser-al-g9-rx-laserblocker\/\",\"name\":\"Antilaser AL G9 RX Laserblocker | Radar Service\",\"isPartOf\":{\"@id\":\"https:\/\/radarservice.eu\/pl\/#website\"},\"primaryImageOfPage\":{\"@id\":\"https:\/\/radarservice.eu\/pl\/produkt\/antilaser-al-g9-rx-laserblocker\/#primaryimage\"},\"image\":{\"@id\":\"https:\/\/radarservice.eu\/pl\/produkt\/antilaser-al-g9-rx-laserblocker\/#primaryimage\"},\"thumbnailUrl\":\"https:\/\/radarservice.eu\/wp-content\/uploads\/2020\/09\/alg_9rx.jpg\",\"datePublished\":\"2021-04-29T08:38:08+00:00\",\"description\":\"Antilaser AL G9 RX Laserblocker | Radar Service\",\"breadcrumb\":{\"@id\":\"https:\/\/radarservice.eu\/pl\/produkt\/antilaser-al-g9-rx-laserblocker\/#breadcrumb\"},\"inLanguage\":\"pl-PL\",\"potentialAction\":[{\"@type\":\"ReadAction\",\"target\":[\"https:\/\/radarservice.eu\/pl\/produkt\/antilaser-al-g9-rx-laserblocker\/\"]}]},{\"@type\":\"ImageObject\",\"inLanguage\":\"pl-PL\",\"@id\":\"https:\/\/radarservice.eu\/pl\/produkt\/antilaser-al-g9-rx-laserblocker\/#primaryimage\",\"url\":\"https:\/\/radarservice.eu\/wp-content\/uploads\/2020\/09\/alg_9rx.jpg\",\"contentUrl\":\"https:\/\/radarservice.eu\/wp-content\/uploads\/2020\/09\/alg_9rx.jpg\",\"width\":600,\"height\":495,\"caption\":\"Antilaser ALG 9 RX\"},{\"@type\":\"BreadcrumbList\",\"@id\":\"https:\/\/radarservice.eu\/pl\/produkt\/antilaser-al-g9-rx-laserblocker\/#breadcrumb\",\"itemListElement\":[{\"@type\":\"ListItem\",\"position\":1,\"name\":\"Sklep\",\"item\":\"https:\/\/radarservice.eu\/pl\/sklep\/\"},{\"@type\":\"ListItem\",\"position\":2,\"name\":\"Antilaser AL G9 RX Laserblocker\"}]},{\"@type\":\"WebSite\",\"@id\":\"https:\/\/radarservice.eu\/pl\/#website\",\"url\":\"https:\/\/radarservice.eu\/pl\/\",\"name\":\"Radar Service\",\"description\":\"Radar detector Laser jammer mobile fix\",\"publisher\":{\"@id\":\"https:\/\/radarservice.eu\/pl\/#organization\"},\"potentialAction\":[{\"@type\":\"SearchAction\",\"target\":{\"@type\":\"EntryPoint\",\"urlTemplate\":\"https:\/\/radarservice.eu\/pl\/?s={search_term_string}\"},\"query-input\":{\"@type\":\"PropertyValueSpecification\",\"valueRequired\":true,\"valueName\":\"search_term_string\"}}],\"inLanguage\":\"pl-PL\"},{\"@type\":\"Organization\",\"@id\":\"https:\/\/radarservice.eu\/pl\/#organization\",\"name\":\"RadarService\",\"url\":\"https:\/\/radarservice.eu\/pl\/\",\"logo\":{\"@type\":\"ImageObject\",\"inLanguage\":\"pl-PL\",\"@id\":\"https:\/\/radarservice.eu\/pl\/#\/schema\/logo\/image\/\",\"url\":\"https:\/\/radarservice.eu\/wp-content\/uploads\/2021\/03\/Radar_detector_service.png\",\"contentUrl\":\"https:\/\/radarservice.eu\/wp-content\/uploads\/2021\/03\/Radar_detector_service.png\",\"width\":174,\"height\":48,\"caption\":\"RadarService\"},\"image\":{\"@id\":\"https:\/\/radarservice.eu\/pl\/#\/schema\/logo\/image\/\"}}]}<\/script>\n<!-- \/ Yoast SEO plugin. -->","yoast_head_json":{"title":"Antilaser AL G9 RX Laserblocker | Radar Service","description":"Antilaser AL G9 RX Laserblocker | Radar Service","robots":{"index":"index","follow":"follow","max-snippet":"max-snippet:-1","max-image-preview":"max-image-preview:large","max-video-preview":"max-video-preview:-1"},"canonical":"https:\/\/radarservice.eu\/pl\/produkt\/antilaser-al-g9-rx-laserblocker\/","og_locale":"pl_PL","og_type":"article","og_title":"Antilaser AL G9 RX Laserblocker | Radar Service","og_description":"Antilaser AL G9 RX Laserblocker | Radar Service","og_url":"https:\/\/radarservice.eu\/pl\/produkt\/antilaser-al-g9-rx-laserblocker\/","og_site_name":"Radar Service","og_image":[{"width":600,"height":495,"url":"https:\/\/radarservice.eu\/wp-content\/uploads\/2020\/09\/alg_9rx.jpg","type":"image\/jpeg"}],"twitter_card":"summary_large_image","twitter_misc":{"Szacowany czas czytania":"1 minuta"},"schema":{"@context":"https:\/\/schema.org","@graph":[{"@type":"WebPage","@id":"https:\/\/radarservice.eu\/pl\/produkt\/antilaser-al-g9-rx-laserblocker\/","url":"https:\/\/radarservice.eu\/pl\/produkt\/antilaser-al-g9-rx-laserblocker\/","name":"Antilaser AL G9 RX Laserblocker | Radar Service","isPartOf":{"@id":"https:\/\/radarservice.eu\/pl\/#website"},"primaryImageOfPage":{"@id":"https:\/\/radarservice.eu\/pl\/produkt\/antilaser-al-g9-rx-laserblocker\/#primaryimage"},"image":{"@id":"https:\/\/radarservice.eu\/pl\/produkt\/antilaser-al-g9-rx-laserblocker\/#primaryimage"},"thumbnailUrl":"https:\/\/radarservice.eu\/wp-content\/uploads\/2020\/09\/alg_9rx.jpg","datePublished":"2021-04-29T08:38:08+00:00","description":"Antilaser AL G9 RX Laserblocker | Radar Service","breadcrumb":{"@id":"https:\/\/radarservice.eu\/pl\/produkt\/antilaser-al-g9-rx-laserblocker\/#breadcrumb"},"inLanguage":"pl-PL","potentialAction":[{"@type":"ReadAction","target":["https:\/\/radarservice.eu\/pl\/produkt\/antilaser-al-g9-rx-laserblocker\/"]}]},{"@type":"ImageObject","inLanguage":"pl-PL","@id":"https:\/\/radarservice.eu\/pl\/produkt\/antilaser-al-g9-rx-laserblocker\/#primaryimage","url":"https:\/\/radarservice.eu\/wp-content\/uploads\/2020\/09\/alg_9rx.jpg","contentUrl":"https:\/\/radarservice.eu\/wp-content\/uploads\/2020\/09\/alg_9rx.jpg","width":600,"height":495,"caption":"Antilaser ALG 9 RX"},{"@type":"BreadcrumbList","@id":"https:\/\/radarservice.eu\/pl\/produkt\/antilaser-al-g9-rx-laserblocker\/#breadcrumb","itemListElement":[{"@type":"ListItem","position":1,"name":"Sklep","item":"https:\/\/radarservice.eu\/pl\/sklep\/"},{"@type":"ListItem","position":2,"name":"Antilaser AL G9 RX Laserblocker"}]},{"@type":"WebSite","@id":"https:\/\/radarservice.eu\/pl\/#website","url":"https:\/\/radarservice.eu\/pl\/","name":"Radar Service","description":"Radar detector Laser jammer mobile fix","publisher":{"@id":"https:\/\/radarservice.eu\/pl\/#organization"},"potentialAction":[{"@type":"SearchAction","target":{"@type":"EntryPoint","urlTemplate":"https:\/\/radarservice.eu\/pl\/?s={search_term_string}"},"query-input":{"@type":"PropertyValueSpecification","valueRequired":true,"valueName":"search_term_string"}}],"inLanguage":"pl-PL"},{"@type":"Organization","@id":"https:\/\/radarservice.eu\/pl\/#organization","name":"RadarService","url":"https:\/\/radarservice.eu\/pl\/","logo":{"@type":"ImageObject","inLanguage":"pl-PL","@id":"https:\/\/radarservice.eu\/pl\/#\/schema\/logo\/image\/","url":"https:\/\/radarservice.eu\/wp-content\/uploads\/2021\/03\/Radar_detector_service.png","contentUrl":"https:\/\/radarservice.eu\/wp-content\/uploads\/2021\/03\/Radar_detector_service.png","width":174,"height":48,"caption":"RadarService"},"image":{"@id":"https:\/\/radarservice.eu\/pl\/#\/schema\/logo\/image\/"}}]}},"_links":{"self":[{"href":"https:\/\/radarservice.eu\/pl\/wp-json\/wp\/v2\/product\/15774","targetHints":{"allow":["GET"]}}],"collection":[{"href":"https:\/\/radarservice.eu\/pl\/wp-json\/wp\/v2\/product"}],"about":[{"href":"https:\/\/radarservice.eu\/pl\/wp-json\/wp\/v2\/types\/product"}],"replies":[{"embeddable":true,"href":"https:\/\/radarservice.eu\/pl\/wp-json\/wp\/v2\/comments?post=15774"}],"wp:featuredmedia":[{"embeddable":true,"href":"https:\/\/radarservice.eu\/pl\/wp-json\/wp\/v2\/media\/15775"}],"wp:attachment":[{"href":"https:\/\/radarservice.eu\/pl\/wp-json\/wp\/v2\/media?parent=15774"}],"wp:term":[{"taxonomy":"product_brand","embeddable":true,"href":"https:\/\/radarservice.eu\/pl\/wp-json\/wp\/v2\/product_brand?post=15774"},{"taxonomy":"product_cat","embeddable":true,"href":"https:\/\/radarservice.eu\/pl\/wp-json\/wp\/v2\/product_cat?post=15774"},{"taxonomy":"product_tag","embeddable":true,"href":"https:\/\/radarservice.eu\/pl\/wp-json\/wp\/v2\/product_tag?post=15774"}],"curies":[{"name":"wp","href":"https:\/\/api.w.org\/{rel}","templated":true}]}}