{"id":15772,"date":"2021-04-29T10:34:54","date_gmt":"2021-04-29T08:34:54","guid":{"rendered":"https:\/\/radarservice.eu\/produkt\/przypomnienie-gps-europa\/"},"modified":"2021-04-29T10:34:54","modified_gmt":"2021-04-29T08:34:54","slug":"przypomnienie-gps-europa","status":"publish","type":"product","link":"https:\/\/radarservice.eu\/pl\/produkt\/przypomnienie-gps-europa\/","title":{"rendered":"Przypomnienie GPS Europa"},"content":{"rendered":"<p>Zbli\u017caj\u0105c si\u0119 do fotoradaru, urz\u0105dzenie GPS Reminder emituje wyra\u017ane ostrze\u017cenie optyczne i akustyczne. Ostrze\u017cenie akustyczne jest sygnalizowane sygna\u0142em d\u017awi\u0119kowym i komunikatem g\u0142osowym w j\u0119zyku niemieckim. Zintegrowany czujnik ruchu automatycznie prze\u0142\u0105cza urz\u0105dzenie GPS Reminder w tryb gotowo\u015bci po 15 minutach bezczynno\u015bci i w pe\u0142ni automatycznie aktywuje je po ponownym rozpocz\u0119ciu jazdy. Dzi\u0119ki temu bateria jest chroniona i osi\u0105ga maksymalny czas pracy bez konieczno\u015bci \u0142adowania.<\/p>\n<p>.<\/p>\n<p><strong>Overview:<\/strong><br \/>\n+ Baza danych dla Europy zawieraj\u0105ca ponad 40 000 fotoradar\u00f3w<br \/>\n+ wyra\u017ane ostrze\u017cenie wizualne i d\u017awi\u0119kowe<br \/>\n+ ma\u0142y projekt<br \/>\n+ do 17 godzin zasilania z akumulatora litowo-jonowego<\/p>\n<p><strong>Zakres dostaw:<\/strong><br \/>\n* GPS Reminder<br \/>\n* preinstalowana baza danych Europy<br \/>\n* Kabel \u0142adowarki samochodowej (wej\u015bcie 12V, wyj\u015bcie 5V)<br \/>\n* Adapter 220V (wyj\u015bcie 5.3V, 500mA)<br \/>\n* 1100mA bateria litowo-jonowa<br \/>\n* Kabel po\u0142\u0105czeniowy USB<br \/>\n* Mata antypo\u015blizgowa<\/p>\n","protected":false},"excerpt":{"rendered":"<p>GPS Reminder Europe ostrzega Ci\u0119 przed ponad 40 000 sta\u0142ych pu\u0142apek pr\u0119dko\u015bci w ca\u0142ej Europie.<\/p>\n","protected":false},"featured_media":15773,"comment_status":"open","ping_status":"closed","template":"","meta":[],"product_brand":[],"product_cat":[1624],"product_tag":[1587,1631,1633,1632],"class_list":{"0":"post-15772","1":"product","2":"type-product","3":"status-publish","4":"has-post-thumbnail","6":"product_cat-detektory-poi-gps","7":"product_tag-europa-pl","8":"product_tag-gps-warner-pl","9":"product_tag-ostrzezenie-o-fotoradarach","10":"product_tag-przypomnienie-gps","12":"first","13":"onbackorder","14":"taxable","15":"shipping-taxable","16":"purchasable","17":"product-type-simple"},"yoast_head":"<!-- This site is optimized with the Yoast SEO plugin v27.2 - https:\/\/yoast.com\/product\/yoast-seo-wordpress\/ -->\n<title>Przypomnienie GPS Europa POI Warner Europa<\/title>\n<meta name=\"description\" content=\"GPS Reminder Europe ostrzega Ci\u0119 przed ponad 40 000 sta\u0142ych pu\u0142apek pr\u0119dko\u015bci w ca\u0142ej Europie.\" \/>\n<meta name=\"robots\" content=\"index, follow, max-snippet:-1, max-image-preview:large, max-video-preview:-1\" \/>\n<link rel=\"canonical\" href=\"https:\/\/radarservice.eu\/pl\/produkt\/przypomnienie-gps-europa\/\" \/>\n<meta property=\"og:locale\" content=\"pl_PL\" \/>\n<meta property=\"og:type\" content=\"article\" \/>\n<meta property=\"og:title\" content=\"Przypomnienie GPS Europa POI Warner Europa\" \/>\n<meta property=\"og:description\" content=\"GPS Reminder Europe ostrzega Ci\u0119 przed ponad 40 000 sta\u0142ych pu\u0142apek pr\u0119dko\u015bci w ca\u0142ej Europie.\" \/>\n<meta property=\"og:url\" content=\"https:\/\/radarservice.eu\/pl\/produkt\/przypomnienie-gps-europa\/\" \/>\n<meta property=\"og:site_name\" content=\"Radar Service\" \/>\n<meta property=\"og:image\" content=\"https:\/\/radarservice.eu\/wp-content\/uploads\/2019\/07\/gps_reminder.jpg\" \/>\n\t<meta property=\"og:image:width\" content=\"500\" \/>\n\t<meta property=\"og:image:height\" content=\"222\" \/>\n\t<meta property=\"og:image:type\" content=\"image\/jpeg\" \/>\n<meta name=\"twitter:card\" content=\"summary_large_image\" \/>\n<meta name=\"twitter:label1\" content=\"Szacowany czas czytania\" \/>\n\t<meta name=\"twitter:data1\" content=\"1 minuta\" \/>\n<script type=\"application\/ld+json\" class=\"yoast-schema-graph\">{\"@context\":\"https:\/\/schema.org\",\"@graph\":[{\"@type\":\"WebPage\",\"@id\":\"https:\/\/radarservice.eu\/pl\/produkt\/przypomnienie-gps-europa\/\",\"url\":\"https:\/\/radarservice.eu\/pl\/produkt\/przypomnienie-gps-europa\/\",\"name\":\"Przypomnienie GPS Europa POI Warner Europa\",\"isPartOf\":{\"@id\":\"https:\/\/radarservice.eu\/pl\/#website\"},\"primaryImageOfPage\":{\"@id\":\"https:\/\/radarservice.eu\/pl\/produkt\/przypomnienie-gps-europa\/#primaryimage\"},\"image\":{\"@id\":\"https:\/\/radarservice.eu\/pl\/produkt\/przypomnienie-gps-europa\/#primaryimage\"},\"thumbnailUrl\":\"https:\/\/radarservice.eu\/wp-content\/uploads\/2019\/07\/gps_reminder.jpg\",\"datePublished\":\"2021-04-29T08:34:54+00:00\",\"description\":\"GPS Reminder Europe ostrzega Ci\u0119 przed ponad 40 000 sta\u0142ych pu\u0142apek pr\u0119dko\u015bci w ca\u0142ej Europie.\",\"breadcrumb\":{\"@id\":\"https:\/\/radarservice.eu\/pl\/produkt\/przypomnienie-gps-europa\/#breadcrumb\"},\"inLanguage\":\"pl-PL\",\"potentialAction\":[{\"@type\":\"ReadAction\",\"target\":[\"https:\/\/radarservice.eu\/pl\/produkt\/przypomnienie-gps-europa\/\"]}]},{\"@type\":\"ImageObject\",\"inLanguage\":\"pl-PL\",\"@id\":\"https:\/\/radarservice.eu\/pl\/produkt\/przypomnienie-gps-europa\/#primaryimage\",\"url\":\"https:\/\/radarservice.eu\/wp-content\/uploads\/2019\/07\/gps_reminder.jpg\",\"contentUrl\":\"https:\/\/radarservice.eu\/wp-content\/uploads\/2019\/07\/gps_reminder.jpg\",\"width\":500,\"height\":222,\"caption\":\"GPS Reminder - POI Warner dla Europy\"},{\"@type\":\"BreadcrumbList\",\"@id\":\"https:\/\/radarservice.eu\/pl\/produkt\/przypomnienie-gps-europa\/#breadcrumb\",\"itemListElement\":[{\"@type\":\"ListItem\",\"position\":1,\"name\":\"Sklep\",\"item\":\"https:\/\/radarservice.eu\/pl\/sklep\/\"},{\"@type\":\"ListItem\",\"position\":2,\"name\":\"Przypomnienie GPS Europa\"}]},{\"@type\":\"WebSite\",\"@id\":\"https:\/\/radarservice.eu\/pl\/#website\",\"url\":\"https:\/\/radarservice.eu\/pl\/\",\"name\":\"Radar Service\",\"description\":\"Radar detector Laser jammer mobile fix\",\"publisher\":{\"@id\":\"https:\/\/radarservice.eu\/pl\/#organization\"},\"potentialAction\":[{\"@type\":\"SearchAction\",\"target\":{\"@type\":\"EntryPoint\",\"urlTemplate\":\"https:\/\/radarservice.eu\/pl\/?s={search_term_string}\"},\"query-input\":{\"@type\":\"PropertyValueSpecification\",\"valueRequired\":true,\"valueName\":\"search_term_string\"}}],\"inLanguage\":\"pl-PL\"},{\"@type\":\"Organization\",\"@id\":\"https:\/\/radarservice.eu\/pl\/#organization\",\"name\":\"RadarService\",\"url\":\"https:\/\/radarservice.eu\/pl\/\",\"logo\":{\"@type\":\"ImageObject\",\"inLanguage\":\"pl-PL\",\"@id\":\"https:\/\/radarservice.eu\/pl\/#\/schema\/logo\/image\/\",\"url\":\"https:\/\/radarservice.eu\/wp-content\/uploads\/2021\/03\/Radar_detector_service.png\",\"contentUrl\":\"https:\/\/radarservice.eu\/wp-content\/uploads\/2021\/03\/Radar_detector_service.png\",\"width\":174,\"height\":48,\"caption\":\"RadarService\"},\"image\":{\"@id\":\"https:\/\/radarservice.eu\/pl\/#\/schema\/logo\/image\/\"}}]}<\/script>\n<!-- \/ Yoast SEO plugin. -->","yoast_head_json":{"title":"Przypomnienie GPS Europa POI Warner Europa","description":"GPS Reminder Europe ostrzega Ci\u0119 przed ponad 40 000 sta\u0142ych pu\u0142apek pr\u0119dko\u015bci w ca\u0142ej Europie.","robots":{"index":"index","follow":"follow","max-snippet":"max-snippet:-1","max-image-preview":"max-image-preview:large","max-video-preview":"max-video-preview:-1"},"canonical":"https:\/\/radarservice.eu\/pl\/produkt\/przypomnienie-gps-europa\/","og_locale":"pl_PL","og_type":"article","og_title":"Przypomnienie GPS Europa POI Warner Europa","og_description":"GPS Reminder Europe ostrzega Ci\u0119 przed ponad 40 000 sta\u0142ych pu\u0142apek pr\u0119dko\u015bci w ca\u0142ej Europie.","og_url":"https:\/\/radarservice.eu\/pl\/produkt\/przypomnienie-gps-europa\/","og_site_name":"Radar Service","og_image":[{"width":500,"height":222,"url":"https:\/\/radarservice.eu\/wp-content\/uploads\/2019\/07\/gps_reminder.jpg","type":"image\/jpeg"}],"twitter_card":"summary_large_image","twitter_misc":{"Szacowany czas czytania":"1 minuta"},"schema":{"@context":"https:\/\/schema.org","@graph":[{"@type":"WebPage","@id":"https:\/\/radarservice.eu\/pl\/produkt\/przypomnienie-gps-europa\/","url":"https:\/\/radarservice.eu\/pl\/produkt\/przypomnienie-gps-europa\/","name":"Przypomnienie GPS Europa POI Warner Europa","isPartOf":{"@id":"https:\/\/radarservice.eu\/pl\/#website"},"primaryImageOfPage":{"@id":"https:\/\/radarservice.eu\/pl\/produkt\/przypomnienie-gps-europa\/#primaryimage"},"image":{"@id":"https:\/\/radarservice.eu\/pl\/produkt\/przypomnienie-gps-europa\/#primaryimage"},"thumbnailUrl":"https:\/\/radarservice.eu\/wp-content\/uploads\/2019\/07\/gps_reminder.jpg","datePublished":"2021-04-29T08:34:54+00:00","description":"GPS Reminder Europe ostrzega Ci\u0119 przed ponad 40 000 sta\u0142ych pu\u0142apek pr\u0119dko\u015bci w ca\u0142ej Europie.","breadcrumb":{"@id":"https:\/\/radarservice.eu\/pl\/produkt\/przypomnienie-gps-europa\/#breadcrumb"},"inLanguage":"pl-PL","potentialAction":[{"@type":"ReadAction","target":["https:\/\/radarservice.eu\/pl\/produkt\/przypomnienie-gps-europa\/"]}]},{"@type":"ImageObject","inLanguage":"pl-PL","@id":"https:\/\/radarservice.eu\/pl\/produkt\/przypomnienie-gps-europa\/#primaryimage","url":"https:\/\/radarservice.eu\/wp-content\/uploads\/2019\/07\/gps_reminder.jpg","contentUrl":"https:\/\/radarservice.eu\/wp-content\/uploads\/2019\/07\/gps_reminder.jpg","width":500,"height":222,"caption":"GPS Reminder - POI Warner dla Europy"},{"@type":"BreadcrumbList","@id":"https:\/\/radarservice.eu\/pl\/produkt\/przypomnienie-gps-europa\/#breadcrumb","itemListElement":[{"@type":"ListItem","position":1,"name":"Sklep","item":"https:\/\/radarservice.eu\/pl\/sklep\/"},{"@type":"ListItem","position":2,"name":"Przypomnienie GPS Europa"}]},{"@type":"WebSite","@id":"https:\/\/radarservice.eu\/pl\/#website","url":"https:\/\/radarservice.eu\/pl\/","name":"Radar Service","description":"Radar detector Laser jammer mobile fix","publisher":{"@id":"https:\/\/radarservice.eu\/pl\/#organization"},"potentialAction":[{"@type":"SearchAction","target":{"@type":"EntryPoint","urlTemplate":"https:\/\/radarservice.eu\/pl\/?s={search_term_string}"},"query-input":{"@type":"PropertyValueSpecification","valueRequired":true,"valueName":"search_term_string"}}],"inLanguage":"pl-PL"},{"@type":"Organization","@id":"https:\/\/radarservice.eu\/pl\/#organization","name":"RadarService","url":"https:\/\/radarservice.eu\/pl\/","logo":{"@type":"ImageObject","inLanguage":"pl-PL","@id":"https:\/\/radarservice.eu\/pl\/#\/schema\/logo\/image\/","url":"https:\/\/radarservice.eu\/wp-content\/uploads\/2021\/03\/Radar_detector_service.png","contentUrl":"https:\/\/radarservice.eu\/wp-content\/uploads\/2021\/03\/Radar_detector_service.png","width":174,"height":48,"caption":"RadarService"},"image":{"@id":"https:\/\/radarservice.eu\/pl\/#\/schema\/logo\/image\/"}}]}},"_links":{"self":[{"href":"https:\/\/radarservice.eu\/pl\/wp-json\/wp\/v2\/product\/15772","targetHints":{"allow":["GET"]}}],"collection":[{"href":"https:\/\/radarservice.eu\/pl\/wp-json\/wp\/v2\/product"}],"about":[{"href":"https:\/\/radarservice.eu\/pl\/wp-json\/wp\/v2\/types\/product"}],"replies":[{"embeddable":true,"href":"https:\/\/radarservice.eu\/pl\/wp-json\/wp\/v2\/comments?post=15772"}],"wp:featuredmedia":[{"embeddable":true,"href":"https:\/\/radarservice.eu\/pl\/wp-json\/wp\/v2\/media\/15773"}],"wp:attachment":[{"href":"https:\/\/radarservice.eu\/pl\/wp-json\/wp\/v2\/media?parent=15772"}],"wp:term":[{"taxonomy":"product_brand","embeddable":true,"href":"https:\/\/radarservice.eu\/pl\/wp-json\/wp\/v2\/product_brand?post=15772"},{"taxonomy":"product_cat","embeddable":true,"href":"https:\/\/radarservice.eu\/pl\/wp-json\/wp\/v2\/product_cat?post=15772"},{"taxonomy":"product_tag","embeddable":true,"href":"https:\/\/radarservice.eu\/pl\/wp-json\/wp\/v2\/product_tag?post=15772"}],"curies":[{"name":"wp","href":"https:\/\/api.w.org\/{rel}","templated":true}]}}