{"id":15761,"date":"2021-04-29T10:25:39","date_gmt":"2021-04-29T08:25:39","guid":{"rendered":"https:\/\/radarservice.eu\/produkt\/pakiet-detektorow-radarowych-dla-rtl-spiegeltv\/"},"modified":"2021-04-29T10:25:39","modified_gmt":"2021-04-29T08:25:39","slug":"pakiet-detektorow-radarowych-dla-rtl-spiegeltv","status":"publish","type":"product","link":"https:\/\/radarservice.eu\/pl\/produkt\/pakiet-detektorow-radarowych-dla-rtl-spiegeltv\/","title":{"rendered":"Pakiet detektor\u00f3w radarowych dla RTL SpiegelTV"},"content":{"rendered":"<p>Magazyn SpiegelTV doni\u00f3s\u0142 o naszych wykrywaczach radar\u00f3w pod tytu\u0142em &#8222;Wy\u017csze kary dla kierowc\u00f3w przekraczaj\u0105cych pr\u0119dko\u015b\u0107 &#8211; ulepszenia w wojnie z fotoradarami&#8221;. Wyniki test\u00f3w by\u0142y niezmiennie bardzo dobre. Ty r\u00f3wnie\u017c mo\u017cesz skorzysta\u0107 z naszego do\u015bwiadczenia i zam\u00f3wi\u0107 sw\u00f3j wszechstronny pakiet beztroski. Wy\u0142\u0105cznie na potrzeby transmisji, stworzyli\u015bmy kompletny pakiet na ka\u017cd\u0105 sytuacj\u0119.<\/p>\n<p>.<\/p>\n<p><strong>Kompozycja:<\/strong><br \/>\n+ mobilny detektor radar\u00f3w Navty P1 Premium, kt\u00f3ry chroni Ci\u0119 przed wszystkimi mobilnymi pomiarami radarowymi.<br \/>\n+ zag\u0142uszacz bariery \u015bwietlnej, kt\u00f3ra niezawodnie chroni przed tak zwanymi &#8222;statywami&#8221;<br \/>.<\/p>\n<p>Pakiet zawiera 2 urz\u0105dzenia o warto\u015bci 1198, &#8211; Euro przy zakupie indywidualnym. Z okazji transmisji otrzymasz teraz na wy\u0142\u0105czno\u015b\u0107 kompletny pakiet za 999,- euro.<\/p>\n<p><strong>Overview:<\/strong><br \/>\n+ mobilny detektor radar\u00f3w specjalnie dla Europy<br \/>.<br \/>\n+ 360 \u00b0 stopni wykrywania wszystkich \u017ar\u00f3de\u0142 radarowych w Europie (X \/ K \/ Ka-band \/ MultaRadar MRCD \/ MRCT \/ Moving)<br \/>\n+ Ostrze\u017cenie o pomiarach radarowych<br \/>\n+ Ostrze\u017cenie o pomiarach laserowych<br \/>\n+ Ostrze\u017cenie o stacjonarnych systemach pomiaru pr\u0119dko\u015bci<br \/>\n+ Ostrze\u017cenie o monitorowaniu czerwonego \u015bwiat\u0142a<br \/>\n+ Ostrze\u017cenie dla pomiar\u00f3w kontrolnych sekcji<br \/>\n+ mo\u017cliwo\u015b\u0107 aktualizacji przez z\u0142\u0105cze USB<br \/>\n+ baza danych EUROPA dotycz\u0105ca fotoradar\u00f3w stacjonarnych<br \/>\n+ w\u0142asne punkty zagro\u017cenia do przechowywania<\/p>\n<p><strong>Zakres dostaw:<\/strong><br \/>\n* Detektor radarowy Navty P1 Premium<br \/>\n* Akcesoria do monta\u017cu na przedniej szybie (przyssawki)<br \/>\n* zasilanie 12V z przy\u0142\u0105czem do zapalniczki<br \/>\n* Instrukcja obs\u0142ugi<br \/>\n* ESO zag\u0142uszacz barier \u015bwietlnych<\/p>\n","protected":false},"excerpt":{"rendered":"<p>Magazyn SpiegelTV doni\u00f3s\u0142 o naszych wykrywaczach radar\u00f3w pod tytu\u0142em &#8222;Wy\u017csze kary dla kierowc\u00f3w przekraczaj\u0105cych pr\u0119dko\u015b\u0107 &#8211; ulepszenia w wojnie z fotoradarami&#8221;. Wyniki test\u00f3w by\u0142y niezmiennie bardzo dobre. Ty r\u00f3wnie\u017c mo\u017cesz skorzysta\u0107 z naszego do\u015bwiadczenia i zam\u00f3wi\u0107 sw\u00f3j wszechstronny pakiet beztroski. Wy\u0142\u0105cznie na potrzeby transmisji, stworzyli\u015bmy kompletny pakiet na ka\u017cd\u0105 sytuacj\u0119. . Kompozycja: + mobilny detektor [&#8230;]\n","protected":false},"featured_media":15764,"comment_status":"open","ping_status":"closed","template":"","meta":[],"product_brand":[],"product_cat":[1604,1600],"product_tag":[1586,1615,1613,1614],"class_list":{"0":"post-15761","1":"product","2":"type-product","3":"status-publish","4":"has-post-thumbnail","6":"product_cat-navty-pl","7":"product_cat-zalecane-kompletne-pakiety","8":"product_tag-detektor-radarowy","9":"product_tag-reportaz-telewizyjny","10":"product_tag-rtl-pl","11":"product_tag-spiegel-tv-pl","13":"first","14":"instock","15":"sale","16":"taxable","17":"shipping-taxable","18":"purchasable","19":"product-type-simple"},"yoast_head":"<!-- This site is optimized with the Yoast SEO plugin v27.2 - https:\/\/yoast.com\/product\/yoast-seo-wordpress\/ -->\n<title>Pakiet detektor\u00f3w radarowych dla RTL SpiegelTV | Radar Service<\/title>\n<meta name=\"description\" content=\"Wszechstronny pakiet bezpiecze\u0144stwa - mobilna technologia ostrzegania radarowego do elastycznego zastosowania w wielu pojazdach.\" \/>\n<meta name=\"robots\" content=\"index, follow, max-snippet:-1, max-image-preview:large, max-video-preview:-1\" \/>\n<link rel=\"canonical\" href=\"https:\/\/radarservice.eu\/pl\/produkt\/pakiet-detektorow-radarowych-dla-rtl-spiegeltv\/\" \/>\n<meta property=\"og:locale\" content=\"pl_PL\" \/>\n<meta property=\"og:type\" content=\"article\" \/>\n<meta property=\"og:title\" content=\"Pakiet detektor\u00f3w radarowych dla RTL SpiegelTV | Radar Service\" \/>\n<meta property=\"og:description\" content=\"Wszechstronny pakiet bezpiecze\u0144stwa - mobilna technologia ostrzegania radarowego do elastycznego zastosowania w wielu pojazdach.\" \/>\n<meta property=\"og:url\" content=\"https:\/\/radarservice.eu\/pl\/produkt\/pakiet-detektorow-radarowych-dla-rtl-spiegeltv\/\" \/>\n<meta property=\"og:site_name\" content=\"Radar Service\" \/>\n<meta property=\"og:image\" content=\"https:\/\/radarservice.eu\/wp-content\/uploads\/2020\/09\/NAVTY-P1-Bentley-1.jpeg\" \/>\n\t<meta property=\"og:image:width\" content=\"2048\" \/>\n\t<meta property=\"og:image:height\" content=\"1353\" \/>\n\t<meta property=\"og:image:type\" content=\"image\/jpeg\" \/>\n<meta name=\"twitter:card\" content=\"summary_large_image\" \/>\n<meta name=\"twitter:label1\" content=\"Szacowany czas czytania\" \/>\n\t<meta name=\"twitter:data1\" content=\"1 minuta\" \/>\n<script type=\"application\/ld+json\" class=\"yoast-schema-graph\">{\"@context\":\"https:\/\/schema.org\",\"@graph\":[{\"@type\":\"WebPage\",\"@id\":\"https:\/\/radarservice.eu\/pl\/produkt\/pakiet-detektorow-radarowych-dla-rtl-spiegeltv\/\",\"url\":\"https:\/\/radarservice.eu\/pl\/produkt\/pakiet-detektorow-radarowych-dla-rtl-spiegeltv\/\",\"name\":\"Pakiet detektor\u00f3w radarowych dla RTL SpiegelTV | Radar Service\",\"isPartOf\":{\"@id\":\"https:\/\/radarservice.eu\/pl\/#website\"},\"primaryImageOfPage\":{\"@id\":\"https:\/\/radarservice.eu\/pl\/produkt\/pakiet-detektorow-radarowych-dla-rtl-spiegeltv\/#primaryimage\"},\"image\":{\"@id\":\"https:\/\/radarservice.eu\/pl\/produkt\/pakiet-detektorow-radarowych-dla-rtl-spiegeltv\/#primaryimage\"},\"thumbnailUrl\":\"https:\/\/radarservice.eu\/wp-content\/uploads\/2020\/09\/NAVTY-P1-Bentley-1.jpeg\",\"datePublished\":\"2021-04-29T08:25:39+00:00\",\"description\":\"Wszechstronny pakiet bezpiecze\u0144stwa - mobilna technologia ostrzegania radarowego do elastycznego zastosowania w wielu pojazdach.\",\"breadcrumb\":{\"@id\":\"https:\/\/radarservice.eu\/pl\/produkt\/pakiet-detektorow-radarowych-dla-rtl-spiegeltv\/#breadcrumb\"},\"inLanguage\":\"pl-PL\",\"potentialAction\":[{\"@type\":\"ReadAction\",\"target\":[\"https:\/\/radarservice.eu\/pl\/produkt\/pakiet-detektorow-radarowych-dla-rtl-spiegeltv\/\"]}]},{\"@type\":\"ImageObject\",\"inLanguage\":\"pl-PL\",\"@id\":\"https:\/\/radarservice.eu\/pl\/produkt\/pakiet-detektorow-radarowych-dla-rtl-spiegeltv\/#primaryimage\",\"url\":\"https:\/\/radarservice.eu\/wp-content\/uploads\/2020\/09\/NAVTY-P1-Bentley-1.jpeg\",\"contentUrl\":\"https:\/\/radarservice.eu\/wp-content\/uploads\/2020\/09\/NAVTY-P1-Bentley-1.jpeg\",\"width\":2048,\"height\":1353,\"caption\":\"Navty P1 Bentley\"},{\"@type\":\"BreadcrumbList\",\"@id\":\"https:\/\/radarservice.eu\/pl\/produkt\/pakiet-detektorow-radarowych-dla-rtl-spiegeltv\/#breadcrumb\",\"itemListElement\":[{\"@type\":\"ListItem\",\"position\":1,\"name\":\"Sklep\",\"item\":\"https:\/\/radarservice.eu\/pl\/sklep\/\"},{\"@type\":\"ListItem\",\"position\":2,\"name\":\"Pakiet detektor\u00f3w radarowych dla RTL SpiegelTV\"}]},{\"@type\":\"WebSite\",\"@id\":\"https:\/\/radarservice.eu\/pl\/#website\",\"url\":\"https:\/\/radarservice.eu\/pl\/\",\"name\":\"Radar Service\",\"description\":\"Radar detector Laser jammer mobile fix\",\"publisher\":{\"@id\":\"https:\/\/radarservice.eu\/pl\/#organization\"},\"potentialAction\":[{\"@type\":\"SearchAction\",\"target\":{\"@type\":\"EntryPoint\",\"urlTemplate\":\"https:\/\/radarservice.eu\/pl\/?s={search_term_string}\"},\"query-input\":{\"@type\":\"PropertyValueSpecification\",\"valueRequired\":true,\"valueName\":\"search_term_string\"}}],\"inLanguage\":\"pl-PL\"},{\"@type\":\"Organization\",\"@id\":\"https:\/\/radarservice.eu\/pl\/#organization\",\"name\":\"RadarService\",\"url\":\"https:\/\/radarservice.eu\/pl\/\",\"logo\":{\"@type\":\"ImageObject\",\"inLanguage\":\"pl-PL\",\"@id\":\"https:\/\/radarservice.eu\/pl\/#\/schema\/logo\/image\/\",\"url\":\"https:\/\/radarservice.eu\/wp-content\/uploads\/2021\/03\/Radar_detector_service.png\",\"contentUrl\":\"https:\/\/radarservice.eu\/wp-content\/uploads\/2021\/03\/Radar_detector_service.png\",\"width\":174,\"height\":48,\"caption\":\"RadarService\"},\"image\":{\"@id\":\"https:\/\/radarservice.eu\/pl\/#\/schema\/logo\/image\/\"}}]}<\/script>\n<!-- \/ Yoast SEO plugin. -->","yoast_head_json":{"title":"Pakiet detektor\u00f3w radarowych dla RTL SpiegelTV | Radar Service","description":"Wszechstronny pakiet bezpiecze\u0144stwa - mobilna technologia ostrzegania radarowego do elastycznego zastosowania w wielu pojazdach.","robots":{"index":"index","follow":"follow","max-snippet":"max-snippet:-1","max-image-preview":"max-image-preview:large","max-video-preview":"max-video-preview:-1"},"canonical":"https:\/\/radarservice.eu\/pl\/produkt\/pakiet-detektorow-radarowych-dla-rtl-spiegeltv\/","og_locale":"pl_PL","og_type":"article","og_title":"Pakiet detektor\u00f3w radarowych dla RTL SpiegelTV | Radar Service","og_description":"Wszechstronny pakiet bezpiecze\u0144stwa - mobilna technologia ostrzegania radarowego do elastycznego zastosowania w wielu pojazdach.","og_url":"https:\/\/radarservice.eu\/pl\/produkt\/pakiet-detektorow-radarowych-dla-rtl-spiegeltv\/","og_site_name":"Radar Service","og_image":[{"width":2048,"height":1353,"url":"https:\/\/radarservice.eu\/wp-content\/uploads\/2020\/09\/NAVTY-P1-Bentley-1.jpeg","type":"image\/jpeg"}],"twitter_card":"summary_large_image","twitter_misc":{"Szacowany czas czytania":"1 minuta"},"schema":{"@context":"https:\/\/schema.org","@graph":[{"@type":"WebPage","@id":"https:\/\/radarservice.eu\/pl\/produkt\/pakiet-detektorow-radarowych-dla-rtl-spiegeltv\/","url":"https:\/\/radarservice.eu\/pl\/produkt\/pakiet-detektorow-radarowych-dla-rtl-spiegeltv\/","name":"Pakiet detektor\u00f3w radarowych dla RTL SpiegelTV | Radar Service","isPartOf":{"@id":"https:\/\/radarservice.eu\/pl\/#website"},"primaryImageOfPage":{"@id":"https:\/\/radarservice.eu\/pl\/produkt\/pakiet-detektorow-radarowych-dla-rtl-spiegeltv\/#primaryimage"},"image":{"@id":"https:\/\/radarservice.eu\/pl\/produkt\/pakiet-detektorow-radarowych-dla-rtl-spiegeltv\/#primaryimage"},"thumbnailUrl":"https:\/\/radarservice.eu\/wp-content\/uploads\/2020\/09\/NAVTY-P1-Bentley-1.jpeg","datePublished":"2021-04-29T08:25:39+00:00","description":"Wszechstronny pakiet bezpiecze\u0144stwa - mobilna technologia ostrzegania radarowego do elastycznego zastosowania w wielu pojazdach.","breadcrumb":{"@id":"https:\/\/radarservice.eu\/pl\/produkt\/pakiet-detektorow-radarowych-dla-rtl-spiegeltv\/#breadcrumb"},"inLanguage":"pl-PL","potentialAction":[{"@type":"ReadAction","target":["https:\/\/radarservice.eu\/pl\/produkt\/pakiet-detektorow-radarowych-dla-rtl-spiegeltv\/"]}]},{"@type":"ImageObject","inLanguage":"pl-PL","@id":"https:\/\/radarservice.eu\/pl\/produkt\/pakiet-detektorow-radarowych-dla-rtl-spiegeltv\/#primaryimage","url":"https:\/\/radarservice.eu\/wp-content\/uploads\/2020\/09\/NAVTY-P1-Bentley-1.jpeg","contentUrl":"https:\/\/radarservice.eu\/wp-content\/uploads\/2020\/09\/NAVTY-P1-Bentley-1.jpeg","width":2048,"height":1353,"caption":"Navty P1 Bentley"},{"@type":"BreadcrumbList","@id":"https:\/\/radarservice.eu\/pl\/produkt\/pakiet-detektorow-radarowych-dla-rtl-spiegeltv\/#breadcrumb","itemListElement":[{"@type":"ListItem","position":1,"name":"Sklep","item":"https:\/\/radarservice.eu\/pl\/sklep\/"},{"@type":"ListItem","position":2,"name":"Pakiet detektor\u00f3w radarowych dla RTL SpiegelTV"}]},{"@type":"WebSite","@id":"https:\/\/radarservice.eu\/pl\/#website","url":"https:\/\/radarservice.eu\/pl\/","name":"Radar Service","description":"Radar detector Laser jammer mobile fix","publisher":{"@id":"https:\/\/radarservice.eu\/pl\/#organization"},"potentialAction":[{"@type":"SearchAction","target":{"@type":"EntryPoint","urlTemplate":"https:\/\/radarservice.eu\/pl\/?s={search_term_string}"},"query-input":{"@type":"PropertyValueSpecification","valueRequired":true,"valueName":"search_term_string"}}],"inLanguage":"pl-PL"},{"@type":"Organization","@id":"https:\/\/radarservice.eu\/pl\/#organization","name":"RadarService","url":"https:\/\/radarservice.eu\/pl\/","logo":{"@type":"ImageObject","inLanguage":"pl-PL","@id":"https:\/\/radarservice.eu\/pl\/#\/schema\/logo\/image\/","url":"https:\/\/radarservice.eu\/wp-content\/uploads\/2021\/03\/Radar_detector_service.png","contentUrl":"https:\/\/radarservice.eu\/wp-content\/uploads\/2021\/03\/Radar_detector_service.png","width":174,"height":48,"caption":"RadarService"},"image":{"@id":"https:\/\/radarservice.eu\/pl\/#\/schema\/logo\/image\/"}}]}},"_links":{"self":[{"href":"https:\/\/radarservice.eu\/pl\/wp-json\/wp\/v2\/product\/15761","targetHints":{"allow":["GET"]}}],"collection":[{"href":"https:\/\/radarservice.eu\/pl\/wp-json\/wp\/v2\/product"}],"about":[{"href":"https:\/\/radarservice.eu\/pl\/wp-json\/wp\/v2\/types\/product"}],"replies":[{"embeddable":true,"href":"https:\/\/radarservice.eu\/pl\/wp-json\/wp\/v2\/comments?post=15761"}],"wp:featuredmedia":[{"embeddable":true,"href":"https:\/\/radarservice.eu\/pl\/wp-json\/wp\/v2\/media\/15764"}],"wp:attachment":[{"href":"https:\/\/radarservice.eu\/pl\/wp-json\/wp\/v2\/media?parent=15761"}],"wp:term":[{"taxonomy":"product_brand","embeddable":true,"href":"https:\/\/radarservice.eu\/pl\/wp-json\/wp\/v2\/product_brand?post=15761"},{"taxonomy":"product_cat","embeddable":true,"href":"https:\/\/radarservice.eu\/pl\/wp-json\/wp\/v2\/product_cat?post=15761"},{"taxonomy":"product_tag","embeddable":true,"href":"https:\/\/radarservice.eu\/pl\/wp-json\/wp\/v2\/product_tag?post=15761"}],"curies":[{"name":"wp","href":"https:\/\/api.w.org\/{rel}","templated":true}]}}