{"id":15756,"date":"2021-04-29T10:23:29","date_gmt":"2021-04-29T08:23:29","guid":{"rendered":"https:\/\/radarservice.eu\/produkt\/kompletny-pakiet-do-instalacji-wysokiej-klasy-detektorow-radaru-genevo-assist-lasertrack-flare-eso-guard-pro\/"},"modified":"2026-04-22T20:11:41","modified_gmt":"2026-04-22T18:11:41","slug":"kompletny-pakiet-do-instalacji-wysokiej-klasy-detektorow-radaru-genevo-assist-lasertrack-flare-eso-guard-pro","status":"publish","type":"product","link":"https:\/\/radarservice.eu\/pl\/produkt\/kompletny-pakiet-do-instalacji-wysokiej-klasy-detektorow-radaru-genevo-assist-lasertrack-flare-eso-guard-pro\/","title":{"rendered":"Kompletny pakiet do instalacji wysokiej klasy detektor\u00f3w radaru (Genevo Assist | Lasertrack Flare | ESO Guard Pro)"},"content":{"rendered":"<p>Pakiet detektor\u00f3w radar\u00f3w zosta\u0142 zaprojektowany do instalacji zewn\u0119trznej i sk\u0142ada si\u0119 z absolutnie najlepszych urz\u0105dze\u0144 i zwyci\u0119zc\u00f3w test\u00f3w. Pakiet chroni Ci\u0119 w 100% przed kontrolami radarowymi i pomiarami laserowymi.<\/p>\n<p>.<\/p>\n<p>W r\u00f3\u017cnych testach w magazynach bran\u017cowych i telewizji, pakiet by\u0142 w stanie przekona\u0107.<\/p>\n<p>.<\/p>\n<p>Jako detektor radarowy przychodzi Genevo Assist Pro HDM do ochrony przed wszystkimi mobilnymi pomiarami radarowymi ostrze\u017cenie zale\u017cne od pr\u0119dko\u015bci.<br \/>.<br \/>\nGenevo Assist Pro HDM osi\u0105ga najlepsze wyniki prealert\u00f3w i wykrywa r\u00f3wnie\u017c nowe pu\u0142apki pr\u0119dko\u015bci MutaRadar (MRCD \/ MRCT \/ Moving) i Gasto (RT3 \/ RT4).<br \/>\nDo ochrony przed pomiarami laserowymi wykorzystywany jest Lasertrack Flare z najnowszym oprogramowaniem. Lasertrack Flare jest montowany w niepozornym uchwycie tablicy rejestracyjnej i dlatego mo\u017ce by\u0107 zainstalowany w spos\u00f3b niewidoczny.<br \/>\nZag\u0142uszacz barier \u015bwietlnych ESO Guard do obrony system\u00f3w pomiarowych ESO 1.0 i ESO 3.0 uzupe\u0142nia ca\u0142y pakiet i zapewnia doskona\u0142\u0105 ochron\u0119 og\u00f3ln\u0105.<\/p>\n<p>.<\/p>\n<p>Je\u015bli masz jakiekolwiek pytania dotycz\u0105ce doradztwa lub konfiguracji, prosimy o kontakt <a title=\"Formularz zapytania\" href=\"\/contact\" target=\"_blank\" rel=\"noopener noreferrer\">na pi\u015bmie<\/a> lub telefonicznie (+49 (0)40 \/ 228 590 32).<\/p>\n<p><strong>Overview:<\/strong><br \/>\n+ najlepszy stacjonarny detektor radaru na Europ\u0119<br \/>\n+ najmniejszy, niewidoczny laserowy wizjer<br \/>\n+ modu\u0142owa konstrukcja<br \/>\n+ pasmo X<br \/>\n+ pasmo K<br \/>\n+ KA band<br \/>\n+ MultaRadar (MRCD \/ MRCT \/ Moving)<br \/>\n+ Gatso (RT3 \/ RT4)<br \/>\n+ Ostrze\u017cenie o pomiarach radarowych<br \/>\n+ Ostrze\u017cenie o pomiarach laserowych<br \/>\n+ Ostrze\u017cenie o radarze stacjonarnym<br \/>\n+ Ostrze\u017cenie o monitorowaniu czerwonego \u015bwiat\u0142a<br \/>\n+ Ostrze\u017cenie dla pomiar\u00f3w kontrolnych sekcji<br \/>\n+ Mo\u017ce by\u0107 u\u017cywany jako laserowy asystent parkowania<br \/>\n+ ostrze\u017cenie o laserze lub aktywne zak\u0142\u00f3cenie lasera przed wszystkimi pomiarami laserowymi<br \/>\n+ legalne dzia\u0142anie jako czysty asystent parkowania aktywowany<br \/>\n+ zak\u0142\u00f3cenia ESO 3.0 bariery \u015bwietlne<br \/>\n+ technicznie nie do zlokalizowania<br \/>\n+ sygna\u0142y alarmowe w j\u0119zyku niemieckim<br \/>\n+ nadaje si\u0119 do stosowania w Europie<br \/>\n+ Konfiguracja na komputerze PC lub laptopie z niemieckoj\u0119zycznym oprogramowaniem konfiguracyjnym<br \/>\n+ Baza danych EUROPA dla fotoradar\u00f3w stacjonarnych jest ju\u017c wst\u0119pnie zainstalowana<\/p>\n<p><strong>Zakres dostaw:<\/strong><br \/>\n* Antena radarowa Genevo Assist Pro HDM+<br \/>\n* Laser blocker Lasertrack Flare<br \/>\n* ESO Stra\u017cnik zag\u0142uszacz barier \u015bwietlnych<br \/>\n* Modu\u0142 steruj\u0105cy dla odbiornik\u00f3w radarowych i laserowych<br \/>\n* Odbiornik GPS (z wysok\u0105 moc\u0105 odbiorcz\u0105 chipsetu SIRFIII)<br \/>\n* G\u0142o\u015bnik<br \/>\n* Zestawy kablowe, prze\u0142\u0105czniki z diod\u0105 LED<br \/>\n* Zestaw monta\u017cowy do mocowania wszystkich komponent\u00f3w<\/p>\n<p>.<\/p>\n<p><strong>Uwaga:<\/strong> Pakiet high-end powinien by\u0107 profesjonalnie zainstalowany w warsztacie. W poszukiwaniu odpowiedniego warsztatu ch\u0119tnie Pa\u0144stwu pomo\u017cemy, prosimy o kontakt <a title=\"Formularz zapytania ofertowego\" href=\"\/contact\" target=\"_blank\" rel=\"noopener noreferrer\">na pi\u015bmie<\/a> lub telefonicznie (+49 (0)40 \/ 228 590 32).<\/p>\n","protected":false},"excerpt":{"rendered":"<p>Kompletny pakiet detektora radaru jest montowany w niewidoczny spos\u00f3b w komorze silnika. Wszystkie urz\u0105dzenia s\u0105 zwyci\u0119zcami test\u00f3w i ka\u017cde z nich jest wiod\u0105ce w wykrywaniu lub zak\u0142\u00f3caniu dzia\u0142ania pu\u0142apek pr\u0119dko\u015bci. Pakiet chroni Ci\u0119 w 100% przed fotoradarami i pomiarami laserowymi i nie mo\u017ce by\u0107 wykryty przez policj\u0119.<\/p>\n","protected":false},"featured_media":15760,"comment_status":"open","ping_status":"closed","template":"","meta":[],"product_brand":[],"product_cat":[1583,1600],"product_tag":[1587,1590,1591,1594,1589,1595,1596,1593,1588,1612,1592],"class_list":{"0":"post-15756","1":"product","2":"type-product","3":"status-publish","4":"has-post-thumbnail","6":"product_cat-stale-detektory-radarowe","7":"product_cat-zalecane-kompletne-pakiety","8":"product_tag-europa-pl","9":"product_tag-genevo-pl","10":"product_tag-genevo-assist-pl","11":"product_tag-genevo-assist-hdm-pl","12":"product_tag-genevo-ff-pl","13":"product_tag-genevo-pro-pl","14":"product_tag-genevo-pro-hdm-pl","15":"product_tag-hamburg-pl","16":"product_tag-stala-instalacja","17":"product_tag-staly-detektor-radarowy","18":"product_tag-usluga-instalacyjna","20":"first","21":"instock","22":"sale","23":"taxable","24":"shipping-taxable","25":"purchasable","26":"product-type-simple"},"yoast_head":"<!-- This site is optimized with the Yoast SEO plugin v27.2 - https:\/\/yoast.com\/product\/yoast-seo-wordpress\/ -->\n<title>Pakiet instalacyjny detektor\u00f3w radarowych Genevo Assist | Lasertrack Flare | ESO Guard<\/title>\n<meta name=\"description\" content=\"Wysokiej klasy pakiet instalacyjny detektora radaru - 100% ochrona przed fotoradarami i pomiarami laserowymi w Europie.\" \/>\n<meta name=\"robots\" content=\"index, follow, max-snippet:-1, max-image-preview:large, max-video-preview:-1\" \/>\n<link rel=\"canonical\" href=\"https:\/\/radarservice.eu\/pl\/produkt\/kompletny-pakiet-do-instalacji-wysokiej-klasy-detektorow-radaru-genevo-assist-lasertrack-flare-eso-guard-pro\/\" \/>\n<meta property=\"og:locale\" content=\"pl_PL\" \/>\n<meta property=\"og:type\" content=\"article\" \/>\n<meta property=\"og:title\" content=\"Pakiet instalacyjny detektor\u00f3w radarowych Genevo Assist | Lasertrack Flare | ESO Guard\" \/>\n<meta property=\"og:description\" content=\"Wysokiej klasy pakiet instalacyjny detektora radaru - 100% ochrona przed fotoradarami i pomiarami laserowymi w Europie.\" \/>\n<meta property=\"og:url\" content=\"https:\/\/radarservice.eu\/pl\/produkt\/kompletny-pakiet-do-instalacji-wysokiej-klasy-detektorow-radaru-genevo-assist-lasertrack-flare-eso-guard-pro\/\" \/>\n<meta property=\"og:site_name\" content=\"Radar Service\" \/>\n<meta property=\"article:modified_time\" content=\"2026-04-22T18:11:41+00:00\" \/>\n<meta property=\"og:image\" content=\"https:\/\/radarservice.eu\/wp-content\/uploads\/2019\/07\/RD8000_Audi_A6.jpg\" \/>\n\t<meta property=\"og:image:width\" content=\"800\" \/>\n\t<meta property=\"og:image:height\" content=\"600\" \/>\n\t<meta property=\"og:image:type\" content=\"image\/jpeg\" \/>\n<meta name=\"twitter:card\" content=\"summary_large_image\" \/>\n<meta name=\"twitter:label1\" content=\"Szacowany czas czytania\" \/>\n\t<meta name=\"twitter:data1\" content=\"2 minuty\" \/>\n<script type=\"application\/ld+json\" class=\"yoast-schema-graph\">{\"@context\":\"https:\/\/schema.org\",\"@graph\":[{\"@type\":\"WebPage\",\"@id\":\"https:\/\/radarservice.eu\/pl\/produkt\/kompletny-pakiet-do-instalacji-wysokiej-klasy-detektorow-radaru-genevo-assist-lasertrack-flare-eso-guard-pro\/\",\"url\":\"https:\/\/radarservice.eu\/pl\/produkt\/kompletny-pakiet-do-instalacji-wysokiej-klasy-detektorow-radaru-genevo-assist-lasertrack-flare-eso-guard-pro\/\",\"name\":\"Pakiet instalacyjny detektor\u00f3w radarowych Genevo Assist | Lasertrack Flare | ESO Guard\",\"isPartOf\":{\"@id\":\"https:\/\/radarservice.eu\/pl\/#website\"},\"primaryImageOfPage\":{\"@id\":\"https:\/\/radarservice.eu\/pl\/produkt\/kompletny-pakiet-do-instalacji-wysokiej-klasy-detektorow-radaru-genevo-assist-lasertrack-flare-eso-guard-pro\/#primaryimage\"},\"image\":{\"@id\":\"https:\/\/radarservice.eu\/pl\/produkt\/kompletny-pakiet-do-instalacji-wysokiej-klasy-detektorow-radaru-genevo-assist-lasertrack-flare-eso-guard-pro\/#primaryimage\"},\"thumbnailUrl\":\"https:\/\/radarservice.eu\/wp-content\/uploads\/2019\/07\/RD8000_Audi_A6.jpg\",\"datePublished\":\"2021-04-29T08:23:29+00:00\",\"dateModified\":\"2026-04-22T18:11:41+00:00\",\"description\":\"Wysokiej klasy pakiet instalacyjny detektora radaru - 100% ochrona przed fotoradarami i pomiarami laserowymi w Europie.\",\"breadcrumb\":{\"@id\":\"https:\/\/radarservice.eu\/pl\/produkt\/kompletny-pakiet-do-instalacji-wysokiej-klasy-detektorow-radaru-genevo-assist-lasertrack-flare-eso-guard-pro\/#breadcrumb\"},\"inLanguage\":\"pl-PL\",\"potentialAction\":[{\"@type\":\"ReadAction\",\"target\":[\"https:\/\/radarservice.eu\/pl\/produkt\/kompletny-pakiet-do-instalacji-wysokiej-klasy-detektorow-radaru-genevo-assist-lasertrack-flare-eso-guard-pro\/\"]}]},{\"@type\":\"ImageObject\",\"inLanguage\":\"pl-PL\",\"@id\":\"https:\/\/radarservice.eu\/pl\/produkt\/kompletny-pakiet-do-instalacji-wysokiej-klasy-detektorow-radaru-genevo-assist-lasertrack-flare-eso-guard-pro\/#primaryimage\",\"url\":\"https:\/\/radarservice.eu\/wp-content\/uploads\/2019\/07\/RD8000_Audi_A6.jpg\",\"contentUrl\":\"https:\/\/radarservice.eu\/wp-content\/uploads\/2019\/07\/RD8000_Audi_A6.jpg\",\"width\":800,\"height\":600,\"caption\":\"Wysokiej klasy pakiet detektor\u00f3w radarowych\"},{\"@type\":\"BreadcrumbList\",\"@id\":\"https:\/\/radarservice.eu\/pl\/produkt\/kompletny-pakiet-do-instalacji-wysokiej-klasy-detektorow-radaru-genevo-assist-lasertrack-flare-eso-guard-pro\/#breadcrumb\",\"itemListElement\":[{\"@type\":\"ListItem\",\"position\":1,\"name\":\"Sklep\",\"item\":\"https:\/\/radarservice.eu\/pl\/sklep\/\"},{\"@type\":\"ListItem\",\"position\":2,\"name\":\"Kompletny pakiet do instalacji wysokiej klasy detektor\u00f3w radaru (Genevo Assist | Lasertrack Flare | ESO Guard Pro)\"}]},{\"@type\":\"WebSite\",\"@id\":\"https:\/\/radarservice.eu\/pl\/#website\",\"url\":\"https:\/\/radarservice.eu\/pl\/\",\"name\":\"Radar Service\",\"description\":\"Radar detector Laser jammer mobile fix\",\"publisher\":{\"@id\":\"https:\/\/radarservice.eu\/pl\/#organization\"},\"potentialAction\":[{\"@type\":\"SearchAction\",\"target\":{\"@type\":\"EntryPoint\",\"urlTemplate\":\"https:\/\/radarservice.eu\/pl\/?s={search_term_string}\"},\"query-input\":{\"@type\":\"PropertyValueSpecification\",\"valueRequired\":true,\"valueName\":\"search_term_string\"}}],\"inLanguage\":\"pl-PL\"},{\"@type\":\"Organization\",\"@id\":\"https:\/\/radarservice.eu\/pl\/#organization\",\"name\":\"RadarService\",\"url\":\"https:\/\/radarservice.eu\/pl\/\",\"logo\":{\"@type\":\"ImageObject\",\"inLanguage\":\"pl-PL\",\"@id\":\"https:\/\/radarservice.eu\/pl\/#\/schema\/logo\/image\/\",\"url\":\"https:\/\/radarservice.eu\/wp-content\/uploads\/2021\/03\/Radar_detector_service.png\",\"contentUrl\":\"https:\/\/radarservice.eu\/wp-content\/uploads\/2021\/03\/Radar_detector_service.png\",\"width\":174,\"height\":48,\"caption\":\"RadarService\"},\"image\":{\"@id\":\"https:\/\/radarservice.eu\/pl\/#\/schema\/logo\/image\/\"}}]}<\/script>\n<!-- \/ Yoast SEO plugin. -->","yoast_head_json":{"title":"Pakiet instalacyjny detektor\u00f3w radarowych Genevo Assist | Lasertrack Flare | ESO Guard","description":"Wysokiej klasy pakiet instalacyjny detektora radaru - 100% ochrona przed fotoradarami i pomiarami laserowymi w Europie.","robots":{"index":"index","follow":"follow","max-snippet":"max-snippet:-1","max-image-preview":"max-image-preview:large","max-video-preview":"max-video-preview:-1"},"canonical":"https:\/\/radarservice.eu\/pl\/produkt\/kompletny-pakiet-do-instalacji-wysokiej-klasy-detektorow-radaru-genevo-assist-lasertrack-flare-eso-guard-pro\/","og_locale":"pl_PL","og_type":"article","og_title":"Pakiet instalacyjny detektor\u00f3w radarowych Genevo Assist | Lasertrack Flare | ESO Guard","og_description":"Wysokiej klasy pakiet instalacyjny detektora radaru - 100% ochrona przed fotoradarami i pomiarami laserowymi w Europie.","og_url":"https:\/\/radarservice.eu\/pl\/produkt\/kompletny-pakiet-do-instalacji-wysokiej-klasy-detektorow-radaru-genevo-assist-lasertrack-flare-eso-guard-pro\/","og_site_name":"Radar Service","article_modified_time":"2026-04-22T18:11:41+00:00","og_image":[{"width":800,"height":600,"url":"https:\/\/radarservice.eu\/wp-content\/uploads\/2019\/07\/RD8000_Audi_A6.jpg","type":"image\/jpeg"}],"twitter_card":"summary_large_image","twitter_misc":{"Szacowany czas czytania":"2 minuty"},"schema":{"@context":"https:\/\/schema.org","@graph":[{"@type":"WebPage","@id":"https:\/\/radarservice.eu\/pl\/produkt\/kompletny-pakiet-do-instalacji-wysokiej-klasy-detektorow-radaru-genevo-assist-lasertrack-flare-eso-guard-pro\/","url":"https:\/\/radarservice.eu\/pl\/produkt\/kompletny-pakiet-do-instalacji-wysokiej-klasy-detektorow-radaru-genevo-assist-lasertrack-flare-eso-guard-pro\/","name":"Pakiet instalacyjny detektor\u00f3w radarowych Genevo Assist | Lasertrack Flare | ESO Guard","isPartOf":{"@id":"https:\/\/radarservice.eu\/pl\/#website"},"primaryImageOfPage":{"@id":"https:\/\/radarservice.eu\/pl\/produkt\/kompletny-pakiet-do-instalacji-wysokiej-klasy-detektorow-radaru-genevo-assist-lasertrack-flare-eso-guard-pro\/#primaryimage"},"image":{"@id":"https:\/\/radarservice.eu\/pl\/produkt\/kompletny-pakiet-do-instalacji-wysokiej-klasy-detektorow-radaru-genevo-assist-lasertrack-flare-eso-guard-pro\/#primaryimage"},"thumbnailUrl":"https:\/\/radarservice.eu\/wp-content\/uploads\/2019\/07\/RD8000_Audi_A6.jpg","datePublished":"2021-04-29T08:23:29+00:00","dateModified":"2026-04-22T18:11:41+00:00","description":"Wysokiej klasy pakiet instalacyjny detektora radaru - 100% ochrona przed fotoradarami i pomiarami laserowymi w Europie.","breadcrumb":{"@id":"https:\/\/radarservice.eu\/pl\/produkt\/kompletny-pakiet-do-instalacji-wysokiej-klasy-detektorow-radaru-genevo-assist-lasertrack-flare-eso-guard-pro\/#breadcrumb"},"inLanguage":"pl-PL","potentialAction":[{"@type":"ReadAction","target":["https:\/\/radarservice.eu\/pl\/produkt\/kompletny-pakiet-do-instalacji-wysokiej-klasy-detektorow-radaru-genevo-assist-lasertrack-flare-eso-guard-pro\/"]}]},{"@type":"ImageObject","inLanguage":"pl-PL","@id":"https:\/\/radarservice.eu\/pl\/produkt\/kompletny-pakiet-do-instalacji-wysokiej-klasy-detektorow-radaru-genevo-assist-lasertrack-flare-eso-guard-pro\/#primaryimage","url":"https:\/\/radarservice.eu\/wp-content\/uploads\/2019\/07\/RD8000_Audi_A6.jpg","contentUrl":"https:\/\/radarservice.eu\/wp-content\/uploads\/2019\/07\/RD8000_Audi_A6.jpg","width":800,"height":600,"caption":"Wysokiej klasy pakiet detektor\u00f3w radarowych"},{"@type":"BreadcrumbList","@id":"https:\/\/radarservice.eu\/pl\/produkt\/kompletny-pakiet-do-instalacji-wysokiej-klasy-detektorow-radaru-genevo-assist-lasertrack-flare-eso-guard-pro\/#breadcrumb","itemListElement":[{"@type":"ListItem","position":1,"name":"Sklep","item":"https:\/\/radarservice.eu\/pl\/sklep\/"},{"@type":"ListItem","position":2,"name":"Kompletny pakiet do instalacji wysokiej klasy detektor\u00f3w radaru (Genevo Assist | Lasertrack Flare | ESO Guard Pro)"}]},{"@type":"WebSite","@id":"https:\/\/radarservice.eu\/pl\/#website","url":"https:\/\/radarservice.eu\/pl\/","name":"Radar Service","description":"Radar detector Laser jammer mobile fix","publisher":{"@id":"https:\/\/radarservice.eu\/pl\/#organization"},"potentialAction":[{"@type":"SearchAction","target":{"@type":"EntryPoint","urlTemplate":"https:\/\/radarservice.eu\/pl\/?s={search_term_string}"},"query-input":{"@type":"PropertyValueSpecification","valueRequired":true,"valueName":"search_term_string"}}],"inLanguage":"pl-PL"},{"@type":"Organization","@id":"https:\/\/radarservice.eu\/pl\/#organization","name":"RadarService","url":"https:\/\/radarservice.eu\/pl\/","logo":{"@type":"ImageObject","inLanguage":"pl-PL","@id":"https:\/\/radarservice.eu\/pl\/#\/schema\/logo\/image\/","url":"https:\/\/radarservice.eu\/wp-content\/uploads\/2021\/03\/Radar_detector_service.png","contentUrl":"https:\/\/radarservice.eu\/wp-content\/uploads\/2021\/03\/Radar_detector_service.png","width":174,"height":48,"caption":"RadarService"},"image":{"@id":"https:\/\/radarservice.eu\/pl\/#\/schema\/logo\/image\/"}}]}},"_links":{"self":[{"href":"https:\/\/radarservice.eu\/pl\/wp-json\/wp\/v2\/product\/15756","targetHints":{"allow":["GET"]}}],"collection":[{"href":"https:\/\/radarservice.eu\/pl\/wp-json\/wp\/v2\/product"}],"about":[{"href":"https:\/\/radarservice.eu\/pl\/wp-json\/wp\/v2\/types\/product"}],"replies":[{"embeddable":true,"href":"https:\/\/radarservice.eu\/pl\/wp-json\/wp\/v2\/comments?post=15756"}],"wp:featuredmedia":[{"embeddable":true,"href":"https:\/\/radarservice.eu\/pl\/wp-json\/wp\/v2\/media\/15760"}],"wp:attachment":[{"href":"https:\/\/radarservice.eu\/pl\/wp-json\/wp\/v2\/media?parent=15756"}],"wp:term":[{"taxonomy":"product_brand","embeddable":true,"href":"https:\/\/radarservice.eu\/pl\/wp-json\/wp\/v2\/product_brand?post=15756"},{"taxonomy":"product_cat","embeddable":true,"href":"https:\/\/radarservice.eu\/pl\/wp-json\/wp\/v2\/product_cat?post=15756"},{"taxonomy":"product_tag","embeddable":true,"href":"https:\/\/radarservice.eu\/pl\/wp-json\/wp\/v2\/product_tag?post=15756"}],"curies":[{"name":"wp","href":"https:\/\/api.w.org\/{rel}","templated":true}]}}