{"id":15752,"date":"2021-04-29T10:20:18","date_gmt":"2021-04-29T08:20:18","guid":{"rendered":"https:\/\/radarservice.eu\/produkt\/stacjonarny-detektor-radarowy-genevo-assist-pro-hdm\/"},"modified":"2025-06-22T05:10:25","modified_gmt":"2025-06-22T03:10:25","slug":"stacjonarny-detektor-radarowy-genevo-assist-pro-hdm","status":"publish","type":"product","link":"https:\/\/radarservice.eu\/pl\/produkt\/stacjonarny-detektor-radarowy-genevo-assist-pro-hdm\/","title":{"rendered":"Stacjonarny detektor radarowy Genevo Assist Pro HDM+"},"content":{"rendered":"<p>Stacjonarny detektor radaru Genevo Assist HDM+ jest obecnie najlepszym urz\u0105dzeniem wbudowanym wysokiej klasy na rynku europejskim. Dzi\u0119ki modu\u0142owej budowie mo\u017cliwa jest p\u00f3\u017aniejsza rozbudowa systemu.<\/p>\n<p>Najlepsze wyniki przedalarmowe z minimalnym wska\u017anikiem fa\u0142szywych alarm\u00f3w sprawiaj\u0105, \u017ce Genevo Assist HDM+ jest absolutnie najlepszym urz\u0105dzeniem w\u015br\u00f3d wszystkich stacjonarnych detektor\u00f3w radaru.<br \/>.<br \/>\nGenevo jest specjalnym opracowaniem przeznaczonym do eksploatacji w krajach europejskich.<br \/>\nWy\u015bwietlacz magnetyczny i jednostka steruj\u0105ca mog\u0105 by\u0107 w ka\u017cdej chwili zdemontowane. Powoduje to natychmiastow\u0105 dezaktywacj\u0119 asystenta Genevo. Jest to szczeg\u00f3lnie zalecane w przypadku rezydencji po\u0142o\u017conych blisko granicy lub w przypadku cz\u0119stego przekraczania granicy z odpowiednimi kontrolami.<\/p>\n<p>.<\/p>\n<p>Mo\u017cliwo\u015bci ustawie\u0144 Genevo Assist s\u0105 niezr\u00f3wnane pod wzgl\u0119dem ich r\u00f3\u017cnorodno\u015bci. Niemniej jednak, r\u00f3wnie\u017c pocz\u0105tkuj\u0105cy mog\u0105 z \u0142atwo\u015bci\u0105 dostosowa\u0107 ustawienia do w\u0142asnych potrzeb. Specjalnie opracowane oprogramowanie umo\u017cliwia wygodn\u0105 konfiguracj\u0119 na domowym komputerze lub laptopie.<\/p>\n<p>.<\/p>\n<p>Ostrze\u017cenia s\u0105 albo przez niemiecki komunikat g\u0142osowy lub zwyk\u0142y sygna\u0142 d\u017awi\u0119kowy. Baza danych POI Genevo Assist jest preinstalowana bezp\u0142atnie i ostrzega Ci\u0119 przed sta\u0142ymi systemami monitorowania pr\u0119dko\u015bci i czerwonych \u015bwiate\u0142 w ca\u0142ej Europie.<\/p>\n<p>Baza danych POI Genevo Assist jest preinstalowana bezp\u0142atnie i ostrzega Ci\u0119 przed sta\u0142ymi systemami monitorowania pr\u0119dko\u015bci i czerwonych \u015bwiate\u0142 w ca\u0142ej Europie.<\/p>\n<p>Je\u015bli masz jakiekolwiek pytania dotycz\u0105ce doradztwa lub konfiguracji, prosimy o kontakt <a title=\"Formularz zapytania\" href=\"\/contact\" target=\"_blank\" rel=\"noopener noreferrer\">na pi\u015bmie<\/a> lub telefonicznie (+49 (0)40 \/ 228 590 32).<\/p>\n<p><strong>Overview:<\/strong><br \/>\n+ najlepszy stacjonarny detektor radaru na Europ\u0119<br \/>\n+ modu\u0142owa konstrukcja<br \/>\n+ pasmo X<br \/>\n+ pasmo K<br \/>\n+ KA band<br \/>\n+ MultaRadar (MRCD \/ MRCT \/ Moving)<br \/>\n+ Gatso (RT3 \/ RT4)<br \/>\n+ Ostrze\u017cenie o pomiarach laserowych<br \/>\n+ Ostrze\u017cenie o radarze stacjonarnym<br \/>\n+ Ostrze\u017cenie o monitorowaniu czerwonego \u015bwiat\u0142a<br \/>\n+ Ostrze\u017cenie dla pomiar\u00f3w kontrolnych sekcji<br \/>\n+ sygna\u0142y alarmowe w j\u0119zyku niemieckim<br \/>\n+ Odpowiedni do u\u017cytku w Europie<br \/>\n+ Konfiguracja na komputerze PC lub laptopie z niemieckoj\u0119zycznym oprogramowaniem konfiguracyjnym<br \/>\n+ Baza danych EUROPA dla fotoradar\u00f3w stacjonarnych jest ju\u017c wst\u0119pnie zainstalowana<\/p>\n<p><strong>Zakres dostaw:<\/strong><br \/>\n* Antena radarowa Genevo HDM+<br \/>\n* Modu\u0142 steruj\u0105cy dla radaru i odbiornika laserowego<br \/>.<br \/>\n* Odbiornik GPS (z chipsetem SIRFIII o wysokiej mocy odbiorczej)<br \/>\n* G\u0142o\u015bnik<br \/>\n* Zestaw monta\u017cowy do mocowania wszystkich element\u00f3w<\/p>\n","protected":false},"excerpt":{"rendered":"<p>Stacjonarny detektor radarowy Genevo Assist Pro HDM+ jest jednym z najlepszych, wysokiej klasy detektor\u00f3w radarowych przeznaczonych do u\u017cytku w Europie. Ostrzega r\u00f3wnie\u017c niezawodnie przed nowymi pu\u0142apkami pr\u0119dko\u015bci MultaRadar (MRCD \/ MRCT \/ Moving).<\/p>\n","protected":false},"featured_media":15741,"comment_status":"open","ping_status":"closed","template":"","meta":[],"product_brand":[],"product_cat":[1584,1583,1585],"product_tag":[1586,1587,1590,1591,1594,1589,1595,1596,1593,1588,1592],"class_list":{"0":"post-15752","1":"product","2":"type-product","3":"status-publish","4":"has-post-thumbnail","6":"product_cat-genevo-pl","7":"product_cat-stale-detektory-radarowe","8":"product_cat-zalecane-detektory-radaru","9":"product_tag-detektor-radarowy","10":"product_tag-europa-pl","11":"product_tag-genevo-pl","12":"product_tag-genevo-assist-pl","13":"product_tag-genevo-assist-hdm-pl","14":"product_tag-genevo-ff-pl","15":"product_tag-genevo-pro-pl","16":"product_tag-genevo-pro-hdm-pl","17":"product_tag-hamburg-pl","18":"product_tag-stala-instalacja","19":"product_tag-usluga-instalacyjna","21":"first","22":"instock","23":"sale","24":"taxable","25":"shipping-taxable","26":"purchasable","27":"product-type-variable","28":"has-default-attributes"},"yoast_head":"<!-- This site is optimized with the Yoast SEO plugin v27.2 - https:\/\/yoast.com\/product\/yoast-seo-wordpress\/ -->\n<title>Stacjonarny detektor radarowy Genevo Assist Pro HDM+<\/title>\n<meta name=\"description\" content=\"Stacjonarny detektor radaru Genevo Assist Pro HDM+ jest obecnie najlepszym wysokiej klasy kompletnym rozwi\u0105zaniem z MultaRadar i ostrze\u017ceniem Gatso.\" \/>\n<meta name=\"robots\" content=\"index, follow, max-snippet:-1, max-image-preview:large, max-video-preview:-1\" \/>\n<link rel=\"canonical\" href=\"https:\/\/radarservice.eu\/pl\/produkt\/stacjonarny-detektor-radarowy-genevo-assist-pro-hdm\/\" \/>\n<meta property=\"og:locale\" content=\"pl_PL\" \/>\n<meta property=\"og:type\" content=\"article\" \/>\n<meta property=\"og:title\" content=\"Stacjonarny detektor radarowy Genevo Assist Pro HDM+\" \/>\n<meta property=\"og:description\" content=\"Stacjonarny detektor radaru Genevo Assist Pro HDM+ jest obecnie najlepszym wysokiej klasy kompletnym rozwi\u0105zaniem z MultaRadar i ostrze\u017ceniem Gatso.\" \/>\n<meta property=\"og:url\" content=\"https:\/\/radarservice.eu\/pl\/produkt\/stacjonarny-detektor-radarowy-genevo-assist-pro-hdm\/\" \/>\n<meta property=\"og:site_name\" content=\"Radar Service\" \/>\n<meta property=\"article:modified_time\" content=\"2025-06-22T03:10:25+00:00\" \/>\n<meta property=\"og:image\" content=\"https:\/\/radarservice.eu\/wp-content\/uploads\/2020\/09\/Genevo-Assist-Pro-HDM-Verpackung.jpg\" \/>\n\t<meta property=\"og:image:width\" content=\"1600\" \/>\n\t<meta property=\"og:image:height\" content=\"1049\" \/>\n\t<meta property=\"og:image:type\" content=\"image\/jpeg\" \/>\n<meta name=\"twitter:card\" content=\"summary_large_image\" \/>\n<meta name=\"twitter:label1\" content=\"Szacowany czas czytania\" \/>\n\t<meta name=\"twitter:data1\" content=\"2 minuty\" \/>\n<script type=\"application\/ld+json\" class=\"yoast-schema-graph\">{\"@context\":\"https:\/\/schema.org\",\"@graph\":[{\"@type\":\"WebPage\",\"@id\":\"https:\/\/radarservice.eu\/pl\/produkt\/stacjonarny-detektor-radarowy-genevo-assist-pro-hdm\/\",\"url\":\"https:\/\/radarservice.eu\/pl\/produkt\/stacjonarny-detektor-radarowy-genevo-assist-pro-hdm\/\",\"name\":\"Stacjonarny detektor radarowy Genevo Assist Pro HDM+\",\"isPartOf\":{\"@id\":\"https:\/\/radarservice.eu\/pl\/#website\"},\"primaryImageOfPage\":{\"@id\":\"https:\/\/radarservice.eu\/pl\/produkt\/stacjonarny-detektor-radarowy-genevo-assist-pro-hdm\/#primaryimage\"},\"image\":{\"@id\":\"https:\/\/radarservice.eu\/pl\/produkt\/stacjonarny-detektor-radarowy-genevo-assist-pro-hdm\/#primaryimage\"},\"thumbnailUrl\":\"https:\/\/radarservice.eu\/wp-content\/uploads\/2020\/09\/Genevo-Assist-Pro-HDM-Verpackung.jpg\",\"datePublished\":\"2021-04-29T08:20:18+00:00\",\"dateModified\":\"2025-06-22T03:10:25+00:00\",\"description\":\"Stacjonarny detektor radaru Genevo Assist Pro HDM+ jest obecnie najlepszym wysokiej klasy kompletnym rozwi\u0105zaniem z MultaRadar i ostrze\u017ceniem Gatso.\",\"breadcrumb\":{\"@id\":\"https:\/\/radarservice.eu\/pl\/produkt\/stacjonarny-detektor-radarowy-genevo-assist-pro-hdm\/#breadcrumb\"},\"inLanguage\":\"pl-PL\",\"potentialAction\":[{\"@type\":\"ReadAction\",\"target\":[\"https:\/\/radarservice.eu\/pl\/produkt\/stacjonarny-detektor-radarowy-genevo-assist-pro-hdm\/\"]}]},{\"@type\":\"ImageObject\",\"inLanguage\":\"pl-PL\",\"@id\":\"https:\/\/radarservice.eu\/pl\/produkt\/stacjonarny-detektor-radarowy-genevo-assist-pro-hdm\/#primaryimage\",\"url\":\"https:\/\/radarservice.eu\/wp-content\/uploads\/2020\/09\/Genevo-Assist-Pro-HDM-Verpackung.jpg\",\"contentUrl\":\"https:\/\/radarservice.eu\/wp-content\/uploads\/2020\/09\/Genevo-Assist-Pro-HDM-Verpackung.jpg\",\"width\":1600,\"height\":1049,\"caption\":\"Genevo Assist Pro HDM Pakowanie\"},{\"@type\":\"BreadcrumbList\",\"@id\":\"https:\/\/radarservice.eu\/pl\/produkt\/stacjonarny-detektor-radarowy-genevo-assist-pro-hdm\/#breadcrumb\",\"itemListElement\":[{\"@type\":\"ListItem\",\"position\":1,\"name\":\"Sklep\",\"item\":\"https:\/\/radarservice.eu\/pl\/sklep\/\"},{\"@type\":\"ListItem\",\"position\":2,\"name\":\"Stacjonarny detektor radarowy Genevo Assist Pro HDM+\"}]},{\"@type\":\"WebSite\",\"@id\":\"https:\/\/radarservice.eu\/pl\/#website\",\"url\":\"https:\/\/radarservice.eu\/pl\/\",\"name\":\"Radar Service\",\"description\":\"Radar detector Laser jammer mobile fix\",\"publisher\":{\"@id\":\"https:\/\/radarservice.eu\/pl\/#organization\"},\"potentialAction\":[{\"@type\":\"SearchAction\",\"target\":{\"@type\":\"EntryPoint\",\"urlTemplate\":\"https:\/\/radarservice.eu\/pl\/?s={search_term_string}\"},\"query-input\":{\"@type\":\"PropertyValueSpecification\",\"valueRequired\":true,\"valueName\":\"search_term_string\"}}],\"inLanguage\":\"pl-PL\"},{\"@type\":\"Organization\",\"@id\":\"https:\/\/radarservice.eu\/pl\/#organization\",\"name\":\"RadarService\",\"url\":\"https:\/\/radarservice.eu\/pl\/\",\"logo\":{\"@type\":\"ImageObject\",\"inLanguage\":\"pl-PL\",\"@id\":\"https:\/\/radarservice.eu\/pl\/#\/schema\/logo\/image\/\",\"url\":\"https:\/\/radarservice.eu\/wp-content\/uploads\/2021\/03\/Radar_detector_service.png\",\"contentUrl\":\"https:\/\/radarservice.eu\/wp-content\/uploads\/2021\/03\/Radar_detector_service.png\",\"width\":174,\"height\":48,\"caption\":\"RadarService\"},\"image\":{\"@id\":\"https:\/\/radarservice.eu\/pl\/#\/schema\/logo\/image\/\"}}]}<\/script>\n<!-- \/ Yoast SEO plugin. -->","yoast_head_json":{"title":"Stacjonarny detektor radarowy Genevo Assist Pro HDM+","description":"Stacjonarny detektor radaru Genevo Assist Pro HDM+ jest obecnie najlepszym wysokiej klasy kompletnym rozwi\u0105zaniem z MultaRadar i ostrze\u017ceniem Gatso.","robots":{"index":"index","follow":"follow","max-snippet":"max-snippet:-1","max-image-preview":"max-image-preview:large","max-video-preview":"max-video-preview:-1"},"canonical":"https:\/\/radarservice.eu\/pl\/produkt\/stacjonarny-detektor-radarowy-genevo-assist-pro-hdm\/","og_locale":"pl_PL","og_type":"article","og_title":"Stacjonarny detektor radarowy Genevo Assist Pro HDM+","og_description":"Stacjonarny detektor radaru Genevo Assist Pro HDM+ jest obecnie najlepszym wysokiej klasy kompletnym rozwi\u0105zaniem z MultaRadar i ostrze\u017ceniem Gatso.","og_url":"https:\/\/radarservice.eu\/pl\/produkt\/stacjonarny-detektor-radarowy-genevo-assist-pro-hdm\/","og_site_name":"Radar Service","article_modified_time":"2025-06-22T03:10:25+00:00","og_image":[{"width":1600,"height":1049,"url":"https:\/\/radarservice.eu\/wp-content\/uploads\/2020\/09\/Genevo-Assist-Pro-HDM-Verpackung.jpg","type":"image\/jpeg"}],"twitter_card":"summary_large_image","twitter_misc":{"Szacowany czas czytania":"2 minuty"},"schema":{"@context":"https:\/\/schema.org","@graph":[{"@type":"WebPage","@id":"https:\/\/radarservice.eu\/pl\/produkt\/stacjonarny-detektor-radarowy-genevo-assist-pro-hdm\/","url":"https:\/\/radarservice.eu\/pl\/produkt\/stacjonarny-detektor-radarowy-genevo-assist-pro-hdm\/","name":"Stacjonarny detektor radarowy Genevo Assist Pro HDM+","isPartOf":{"@id":"https:\/\/radarservice.eu\/pl\/#website"},"primaryImageOfPage":{"@id":"https:\/\/radarservice.eu\/pl\/produkt\/stacjonarny-detektor-radarowy-genevo-assist-pro-hdm\/#primaryimage"},"image":{"@id":"https:\/\/radarservice.eu\/pl\/produkt\/stacjonarny-detektor-radarowy-genevo-assist-pro-hdm\/#primaryimage"},"thumbnailUrl":"https:\/\/radarservice.eu\/wp-content\/uploads\/2020\/09\/Genevo-Assist-Pro-HDM-Verpackung.jpg","datePublished":"2021-04-29T08:20:18+00:00","dateModified":"2025-06-22T03:10:25+00:00","description":"Stacjonarny detektor radaru Genevo Assist Pro HDM+ jest obecnie najlepszym wysokiej klasy kompletnym rozwi\u0105zaniem z MultaRadar i ostrze\u017ceniem Gatso.","breadcrumb":{"@id":"https:\/\/radarservice.eu\/pl\/produkt\/stacjonarny-detektor-radarowy-genevo-assist-pro-hdm\/#breadcrumb"},"inLanguage":"pl-PL","potentialAction":[{"@type":"ReadAction","target":["https:\/\/radarservice.eu\/pl\/produkt\/stacjonarny-detektor-radarowy-genevo-assist-pro-hdm\/"]}]},{"@type":"ImageObject","inLanguage":"pl-PL","@id":"https:\/\/radarservice.eu\/pl\/produkt\/stacjonarny-detektor-radarowy-genevo-assist-pro-hdm\/#primaryimage","url":"https:\/\/radarservice.eu\/wp-content\/uploads\/2020\/09\/Genevo-Assist-Pro-HDM-Verpackung.jpg","contentUrl":"https:\/\/radarservice.eu\/wp-content\/uploads\/2020\/09\/Genevo-Assist-Pro-HDM-Verpackung.jpg","width":1600,"height":1049,"caption":"Genevo Assist Pro HDM Pakowanie"},{"@type":"BreadcrumbList","@id":"https:\/\/radarservice.eu\/pl\/produkt\/stacjonarny-detektor-radarowy-genevo-assist-pro-hdm\/#breadcrumb","itemListElement":[{"@type":"ListItem","position":1,"name":"Sklep","item":"https:\/\/radarservice.eu\/pl\/sklep\/"},{"@type":"ListItem","position":2,"name":"Stacjonarny detektor radarowy Genevo Assist Pro HDM+"}]},{"@type":"WebSite","@id":"https:\/\/radarservice.eu\/pl\/#website","url":"https:\/\/radarservice.eu\/pl\/","name":"Radar Service","description":"Radar detector Laser jammer mobile fix","publisher":{"@id":"https:\/\/radarservice.eu\/pl\/#organization"},"potentialAction":[{"@type":"SearchAction","target":{"@type":"EntryPoint","urlTemplate":"https:\/\/radarservice.eu\/pl\/?s={search_term_string}"},"query-input":{"@type":"PropertyValueSpecification","valueRequired":true,"valueName":"search_term_string"}}],"inLanguage":"pl-PL"},{"@type":"Organization","@id":"https:\/\/radarservice.eu\/pl\/#organization","name":"RadarService","url":"https:\/\/radarservice.eu\/pl\/","logo":{"@type":"ImageObject","inLanguage":"pl-PL","@id":"https:\/\/radarservice.eu\/pl\/#\/schema\/logo\/image\/","url":"https:\/\/radarservice.eu\/wp-content\/uploads\/2021\/03\/Radar_detector_service.png","contentUrl":"https:\/\/radarservice.eu\/wp-content\/uploads\/2021\/03\/Radar_detector_service.png","width":174,"height":48,"caption":"RadarService"},"image":{"@id":"https:\/\/radarservice.eu\/pl\/#\/schema\/logo\/image\/"}}]}},"_links":{"self":[{"href":"https:\/\/radarservice.eu\/pl\/wp-json\/wp\/v2\/product\/15752","targetHints":{"allow":["GET"]}}],"collection":[{"href":"https:\/\/radarservice.eu\/pl\/wp-json\/wp\/v2\/product"}],"about":[{"href":"https:\/\/radarservice.eu\/pl\/wp-json\/wp\/v2\/types\/product"}],"replies":[{"embeddable":true,"href":"https:\/\/radarservice.eu\/pl\/wp-json\/wp\/v2\/comments?post=15752"}],"wp:featuredmedia":[{"embeddable":true,"href":"https:\/\/radarservice.eu\/pl\/wp-json\/wp\/v2\/media\/15741"}],"wp:attachment":[{"href":"https:\/\/radarservice.eu\/pl\/wp-json\/wp\/v2\/media?parent=15752"}],"wp:term":[{"taxonomy":"product_brand","embeddable":true,"href":"https:\/\/radarservice.eu\/pl\/wp-json\/wp\/v2\/product_brand?post=15752"},{"taxonomy":"product_cat","embeddable":true,"href":"https:\/\/radarservice.eu\/pl\/wp-json\/wp\/v2\/product_cat?post=15752"},{"taxonomy":"product_tag","embeddable":true,"href":"https:\/\/radarservice.eu\/pl\/wp-json\/wp\/v2\/product_tag?post=15752"}],"curies":[{"name":"wp","href":"https:\/\/api.w.org\/{rel}","templated":true}]}}