{"id":15749,"date":"2021-04-29T10:16:49","date_gmt":"2021-04-29T08:16:49","guid":{"rendered":"https:\/\/radarservice.eu\/produkt\/navty-p1-edycja-premium\/"},"modified":"2025-05-06T05:10:19","modified_gmt":"2025-05-06T03:10:19","slug":"navty-p1-edycja-premium","status":"publish","type":"product","link":"https:\/\/radarservice.eu\/pl\/produkt\/navty-p1-edycja-premium\/","title":{"rendered":"Navty P1 Edycja Premium"},"content":{"rendered":"<h2>Detektor radarowy Navty P1<\/h2>\n<p>Navty P1 Premium to pierwszy akcelerometr oparty na GPS z dodatkow\u0105 funkcj\u0105 wykrywania radar\u00f3w, kt\u00f3r\u0105 mo\u017cna aktywowa\u0107.<\/p>\n<p>.<\/p>\n<h3>Accelerometer \/ Performance Tracker<\/h3>\n<p>.<\/p>\n<p>Pomiar przyspieszenia pojazdu (0-100 \/ 0-200 km\/h) jest okre\u015blany za pomoc\u0105 wbudowanego odbiornika GPS i jest w pe\u0142ni automatyczny. <\/p>\n<h3>Detektor radarowy \/ detekcja laserowa<\/h3>\n<p>Navty P1 zosta\u0142 opracowany na rynek europejski i jest jednym z najlepszych wysokiej klasy detektor\u00f3w radar\u00f3w w Europie dzi\u0119ki nowej funkcji wykrywania radar\u00f3w i laser\u00f3w w czasie rzeczywistym. Navty P1 wyposa\u017cony jest w najnowsz\u0105 technologi\u0119 Multaradar 3D i wykrywa r\u00f3wnie\u017c nowe pu\u0142apki MultaRadar (MRCD \/ MRCT \/ Moving \/ Gatso RT3 \/ Gatso RT4) w Europie.<\/p>\n<p><iframe loading=\"lazy\" src=\"https:\/\/www.youtube-nocookie.com\/embed\/jrR6MXELtcw\" width=\"560\" height=\"315\" frameborder=\"0\" allowfullscreen=\"allowfullscreen\"><\/iframe><\/p>\n<h3>Technologia filtrowania w celu zwalczania fa\u0142szywych alarm\u00f3w<\/h3>\n<p>.<\/p>\n<p>Jeden z najlepszych i najbardziej zaawansowanych system\u00f3w filtrowania pozwala ograniczy\u0107 do minimum fa\u0142szywe alarmy, ale bez po\u015bwi\u0119cania czasu ostrzegania o rzeczywistych odczytach radaru.<\/p>\n<h3>Niewidzialny dla policji<\/h3>\n<p>.<\/p>\n<p>Technologia Stealth zapobiega namierzaniu przez policj\u0119 i chroni Ci\u0119 przed wykryciem. Nawet stosowane obecnie przez policj\u0119 detektory radaru VG2 i Spectre nie s\u0105 w stanie zlokalizowa\u0107 detektora radaru Navty P1. Dodatkowo, w przypadku og\u00f3lnej kontroli drogowej lub granicznej, funkcja radaru mo\u017ce zosta\u0107 wy\u0142\u0105czona jednym ruchem r\u0119ki.<\/p>\n<p>.<\/p>\n<h3>Przyjazne dla u\u017cytkownika ostrze\u017cenie w czterech j\u0119zykach<\/h3>\n<p>.<\/p>\n<p>Na wy\u015bwietlaczu i poprzez komunikaty g\u0142osowe otrzymujesz istotne informacje o przychodz\u0105cych komunikatach o fotoradarach. Wyra\u017ane symbole i dodatkowe informacje tekstowe stanowi\u0105 doskona\u0142e ostrze\u017cenie wizualne. Jasno\u015b\u0107 wy\u015bwietlacza mo\u017cna regulowa\u0107 stopniowo od jasnej do ciemnej. Inteligentne ustawienie pozwala na pod\u015bwietlanie wy\u015bwietlacza tylko w przypadku alarmu o niebezpiecze\u0144stwie, co jest bardzo wygodne podczas jazdy noc\u0105. Wy\u015bwietlacze wizualne i komunikaty g\u0142osowe s\u0105 dost\u0119pne w j\u0119zyku niemieckim, angielskim, francuskim lub hiszpa\u0144skim. <\/p>\n<p><iframe loading=\"lazy\" src=\"https:\/\/www.youtube-nocookie.com\/embed\/FMt9f86rG5U\" width=\"560\" height=\"315\" frameborder=\"0\" allowfullscreen=\"allowfullscreen\"><\/iframe><\/p>\n<h3>Darmowe aktualizacje dla fotoradar\u00f3w stacjonarnych<\/h3>\n<p>.<\/p>\n<p>Nieograniczone, bezp\u0142atne aktualizacje bazy danych GPS POI s\u0105 wliczone w cen\u0119 zakupu i nie ma p\u00f3\u017aniejszych koszt\u00f3w zwi\u0105zanych z drogimi abonamentami. Kamera pr\u0119dko\u015bci i aktualizacje oprogramowania sprz\u0119towego mog\u0105 by\u0107 \u0142atwo i szybko zainstalowane w ci\u0105gu kilku sekund poprzez pami\u0119\u0107 USB. Aktualizacj\u0119 mo\u017cna przeprowadzi\u0107 wygodnie w poje\u017adzie niezale\u017cnie od systemu operacyjnego (WIN \/ MacOS \/ Linux). Urz\u0105dzenie Navty P1 nie musi by\u0107 pod\u0142\u0105czone do komputera, aby dokona\u0107 aktualizacji.<\/p>\n<p>.<\/p>\n<h3>Zapisz swoje w\u0142asne miejsca zagro\u017cenia i automatyczne wyciszenie<\/h3>\n<p>.<\/p>\n<p>Za naci\u015bni\u0119ciem jednego przycisku mo\u017cesz zapisa\u0107 w urz\u0105dzeniu Navty P1 Premium w\u0142asne punkty niebezpieczne, kt\u00f3re w przysz\u0142o\u015bci b\u0119d\u0105 Ci\u0119 ostrzega\u0107, gdy si\u0119 do nich zbli\u017cysz. Lub naci\u015bnij przycisk wyciszenia w miejscu, w kt\u00f3rym nie chcesz otrzymywa\u0107 ostrze\u017ce\u0144 w przysz\u0142o\u015bci. Navty P1 zapami\u0119tuje wsp\u00f3\u0142rz\u0119dne GPS oraz cz\u0119stotliwo\u015b\u0107 radaru i wycisza alarm dla tej lokalizacji. Je\u015bli w przysz\u0142o\u015bci w tej lokalizacji zostanie odebrana inna cz\u0119stotliwo\u015b\u0107 radaru, Navty P1 nadal b\u0119dzie emitowa\u0142 alarm.<\/p>\n<p>.<\/p>\n<h3>Zakres dostawy i cechy<\/h3>\n<p>.<\/p>\n<p>Navty P1 jest dostarczany z aktualn\u0105 baz\u0105 danych i wy\u0142\u0105czon\u0105 funkcj\u0105 radaru, wi\u0119c jest legalnie sprzedawany i dostarczany jako akcelerometr. W razie potrzeby funkcja radaru mo\u017ce by\u0107 aktywowana przed dostaw\u0105. W tym celu prosimy o przes\u0142anie nam kr\u00f3tkiej wiadomo\u015bci e-mail z zapytaniem po otrzymaniu potwierdzenia zam\u00f3wienia. W zestawie znajduje si\u0119 uchwyt na przyssawk\u0119 oraz 12-woltowy kabel po\u0142\u0105czeniowy SmartCord do zapalniczki samochodowej. Uchwyt mocuje si\u0119 bezpiecznie do przedniej szyby i pozwala na szybki monta\u017c detektora radaru. Instrukcja obs\u0142ugi jest w j\u0119zyku angielskim, francuskim, niemieckim i hiszpa\u0144skim. <\/p>\n<h3>Przegl\u0105d funkcji i produkt\u00f3w<\/h3>\n<ul>.<\/p>\n<li>Pierwszy mobilny detektor radar\u00f3w z w pe\u0142ni automatycznym akcelerometrem (0-100 \/ 0-200 km\/h)<\/li>\n<p>.<\/p>\n<li>Ostrzeganie sta\u0142ych i ruchomych pu\u0142apek pr\u0119dko\u015bci oraz pomiary laserowe<\/li>\n<p>.<\/p>\n<li>Wiod\u0105cy na rynku filtr fa\u0142szywych alarm\u00f3w z redukcj\u0105 fa\u0142szywych alarm\u00f3w do minimum<\/li>\n<p>.<\/p>\n<li>Do\u017cywotnie, bezp\u0142atne aktualizacje w zestawie<\/li>\n<li>Sygna\u0142y alarmowe i ustawienia w j\u0119zyku niemieckim \/ angielskim \/ francuskim \/ hiszpa\u0144skim<\/li>\n<\/ul>\n","protected":false},"excerpt":{"rendered":"<h1>Navty P1 Premium Radar Detector<\/h1>\n<p>.<\/p>\n<p>Nowy Navty P1 to zar\u00f3wno legalny akcelerometr, jak i profesjonalny wykrywacz radar\u00f3w. Urz\u0105dzenie, przeznaczone do u\u017cytku w Europie, chroni przed radarami Laser, X, K, Ka oraz nowymi pu\u0142apkami radarowymi MultaRadar i Gatso. Navty P1, chroniony przez zaawansowan\u0105 technologi\u0119 stealth, nie mo\u017ce by\u0107 \u015bledzony przez policj\u0119 za pomoc\u0105 wykrywaczy radar\u00f3w.<\/p>\n<p>.<\/p>\n","protected":false},"featured_media":15750,"comment_status":"open","ping_status":"closed","template":"","meta":[],"product_brand":[],"product_cat":[1604,1603,1585],"product_tag":[1609,1586,1610,1607,1608,1611,1606,1605],"class_list":{"0":"post-15749","1":"product","2":"type-product","3":"status-publish","4":"has-post-thumbnail","6":"product_cat-navty-pl","7":"product_cat-przenosne-detektory-radarow","8":"product_cat-zalecane-detektory-radaru","9":"product_tag-detektor-laserowy","10":"product_tag-detektor-radarowy","11":"product_tag-gps-pl","12":"product_tag-navty-pl","13":"product_tag-p1-pl","14":"product_tag-poi-warnera","15":"product_tag-przyspieszeniomierz","16":"product_tag-sledzenie-wynikow","18":"first","19":"instock","20":"sale","21":"taxable","22":"shipping-taxable","23":"purchasable","24":"product-type-simple"},"yoast_head":"<!-- This site is optimized with the Yoast SEO plugin v27.2 - https:\/\/yoast.com\/product\/yoast-seo-wordpress\/ -->\n<title>Navty P1 Edycja Premium mobilny detektor radar\u00f3w dla Europy<\/title>\n<meta name=\"description\" content=\"Detektor radarowy i akcelerometr Navty P1 Premium. Ochrona przed pomiarami radarowymi i laserowymi, w tym nowe pu\u0142apki radarowe MultaRadar i Gatso.\" \/>\n<meta name=\"robots\" content=\"index, follow, max-snippet:-1, max-image-preview:large, max-video-preview:-1\" \/>\n<link rel=\"canonical\" href=\"https:\/\/radarservice.eu\/pl\/produkt\/navty-p1-edycja-premium\/\" \/>\n<meta property=\"og:locale\" content=\"pl_PL\" \/>\n<meta property=\"og:type\" content=\"article\" \/>\n<meta property=\"og:title\" content=\"Navty P1 Edycja Premium mobilny detektor radar\u00f3w dla Europy\" \/>\n<meta property=\"og:description\" content=\"Detektor radarowy i akcelerometr Navty P1 Premium. Ochrona przed pomiarami radarowymi i laserowymi, w tym nowe pu\u0142apki radarowe MultaRadar i Gatso.\" \/>\n<meta property=\"og:url\" content=\"https:\/\/radarservice.eu\/pl\/produkt\/navty-p1-edycja-premium\/\" \/>\n<meta property=\"og:site_name\" content=\"Radar Service\" \/>\n<meta property=\"article:modified_time\" content=\"2025-05-06T03:10:19+00:00\" \/>\n<meta property=\"og:image\" content=\"https:\/\/radarservice.eu\/wp-content\/uploads\/2020\/09\/NAVTY_P1_Radarwarner_800x562.jpg\" \/>\n\t<meta property=\"og:image:width\" content=\"800\" \/>\n\t<meta property=\"og:image:height\" content=\"562\" \/>\n\t<meta property=\"og:image:type\" content=\"image\/jpeg\" \/>\n<meta name=\"twitter:card\" content=\"summary_large_image\" \/>\n<meta name=\"twitter:label1\" content=\"Szacowany czas czytania\" \/>\n\t<meta name=\"twitter:data1\" content=\"3 minuty\" \/>\n<script type=\"application\/ld+json\" class=\"yoast-schema-graph\">{\"@context\":\"https:\/\/schema.org\",\"@graph\":[{\"@type\":\"WebPage\",\"@id\":\"https:\/\/radarservice.eu\/pl\/produkt\/navty-p1-edycja-premium\/\",\"url\":\"https:\/\/radarservice.eu\/pl\/produkt\/navty-p1-edycja-premium\/\",\"name\":\"Navty P1 Edycja Premium mobilny detektor radar\u00f3w dla Europy\",\"isPartOf\":{\"@id\":\"https:\/\/radarservice.eu\/pl\/#website\"},\"primaryImageOfPage\":{\"@id\":\"https:\/\/radarservice.eu\/pl\/produkt\/navty-p1-edycja-premium\/#primaryimage\"},\"image\":{\"@id\":\"https:\/\/radarservice.eu\/pl\/produkt\/navty-p1-edycja-premium\/#primaryimage\"},\"thumbnailUrl\":\"https:\/\/radarservice.eu\/wp-content\/uploads\/2020\/09\/NAVTY_P1_Radarwarner_800x562.jpg\",\"datePublished\":\"2021-04-29T08:16:49+00:00\",\"dateModified\":\"2025-05-06T03:10:19+00:00\",\"description\":\"Detektor radarowy i akcelerometr Navty P1 Premium. Ochrona przed pomiarami radarowymi i laserowymi, w tym nowe pu\u0142apki radarowe MultaRadar i Gatso.\",\"breadcrumb\":{\"@id\":\"https:\/\/radarservice.eu\/pl\/produkt\/navty-p1-edycja-premium\/#breadcrumb\"},\"inLanguage\":\"pl-PL\",\"potentialAction\":[{\"@type\":\"ReadAction\",\"target\":[\"https:\/\/radarservice.eu\/pl\/produkt\/navty-p1-edycja-premium\/\"]}]},{\"@type\":\"ImageObject\",\"inLanguage\":\"pl-PL\",\"@id\":\"https:\/\/radarservice.eu\/pl\/produkt\/navty-p1-edycja-premium\/#primaryimage\",\"url\":\"https:\/\/radarservice.eu\/wp-content\/uploads\/2020\/09\/NAVTY_P1_Radarwarner_800x562.jpg\",\"contentUrl\":\"https:\/\/radarservice.eu\/wp-content\/uploads\/2020\/09\/NAVTY_P1_Radarwarner_800x562.jpg\",\"width\":800,\"height\":562,\"caption\":\"Detektor radarowy NAVTY P1 Premium\"},{\"@type\":\"BreadcrumbList\",\"@id\":\"https:\/\/radarservice.eu\/pl\/produkt\/navty-p1-edycja-premium\/#breadcrumb\",\"itemListElement\":[{\"@type\":\"ListItem\",\"position\":1,\"name\":\"Sklep\",\"item\":\"https:\/\/radarservice.eu\/pl\/sklep\/\"},{\"@type\":\"ListItem\",\"position\":2,\"name\":\"Navty P1 Edycja Premium\"}]},{\"@type\":\"WebSite\",\"@id\":\"https:\/\/radarservice.eu\/pl\/#website\",\"url\":\"https:\/\/radarservice.eu\/pl\/\",\"name\":\"Radar Service\",\"description\":\"Radar detector Laser jammer mobile fix\",\"publisher\":{\"@id\":\"https:\/\/radarservice.eu\/pl\/#organization\"},\"potentialAction\":[{\"@type\":\"SearchAction\",\"target\":{\"@type\":\"EntryPoint\",\"urlTemplate\":\"https:\/\/radarservice.eu\/pl\/?s={search_term_string}\"},\"query-input\":{\"@type\":\"PropertyValueSpecification\",\"valueRequired\":true,\"valueName\":\"search_term_string\"}}],\"inLanguage\":\"pl-PL\"},{\"@type\":\"Organization\",\"@id\":\"https:\/\/radarservice.eu\/pl\/#organization\",\"name\":\"RadarService\",\"url\":\"https:\/\/radarservice.eu\/pl\/\",\"logo\":{\"@type\":\"ImageObject\",\"inLanguage\":\"pl-PL\",\"@id\":\"https:\/\/radarservice.eu\/pl\/#\/schema\/logo\/image\/\",\"url\":\"https:\/\/radarservice.eu\/wp-content\/uploads\/2021\/03\/Radar_detector_service.png\",\"contentUrl\":\"https:\/\/radarservice.eu\/wp-content\/uploads\/2021\/03\/Radar_detector_service.png\",\"width\":174,\"height\":48,\"caption\":\"RadarService\"},\"image\":{\"@id\":\"https:\/\/radarservice.eu\/pl\/#\/schema\/logo\/image\/\"}}]}<\/script>\n<!-- \/ Yoast SEO plugin. -->","yoast_head_json":{"title":"Navty P1 Edycja Premium mobilny detektor radar\u00f3w dla Europy","description":"Detektor radarowy i akcelerometr Navty P1 Premium. Ochrona przed pomiarami radarowymi i laserowymi, w tym nowe pu\u0142apki radarowe MultaRadar i Gatso.","robots":{"index":"index","follow":"follow","max-snippet":"max-snippet:-1","max-image-preview":"max-image-preview:large","max-video-preview":"max-video-preview:-1"},"canonical":"https:\/\/radarservice.eu\/pl\/produkt\/navty-p1-edycja-premium\/","og_locale":"pl_PL","og_type":"article","og_title":"Navty P1 Edycja Premium mobilny detektor radar\u00f3w dla Europy","og_description":"Detektor radarowy i akcelerometr Navty P1 Premium. Ochrona przed pomiarami radarowymi i laserowymi, w tym nowe pu\u0142apki radarowe MultaRadar i Gatso.","og_url":"https:\/\/radarservice.eu\/pl\/produkt\/navty-p1-edycja-premium\/","og_site_name":"Radar Service","article_modified_time":"2025-05-06T03:10:19+00:00","og_image":[{"width":800,"height":562,"url":"https:\/\/radarservice.eu\/wp-content\/uploads\/2020\/09\/NAVTY_P1_Radarwarner_800x562.jpg","type":"image\/jpeg"}],"twitter_card":"summary_large_image","twitter_misc":{"Szacowany czas czytania":"3 minuty"},"schema":{"@context":"https:\/\/schema.org","@graph":[{"@type":"WebPage","@id":"https:\/\/radarservice.eu\/pl\/produkt\/navty-p1-edycja-premium\/","url":"https:\/\/radarservice.eu\/pl\/produkt\/navty-p1-edycja-premium\/","name":"Navty P1 Edycja Premium mobilny detektor radar\u00f3w dla Europy","isPartOf":{"@id":"https:\/\/radarservice.eu\/pl\/#website"},"primaryImageOfPage":{"@id":"https:\/\/radarservice.eu\/pl\/produkt\/navty-p1-edycja-premium\/#primaryimage"},"image":{"@id":"https:\/\/radarservice.eu\/pl\/produkt\/navty-p1-edycja-premium\/#primaryimage"},"thumbnailUrl":"https:\/\/radarservice.eu\/wp-content\/uploads\/2020\/09\/NAVTY_P1_Radarwarner_800x562.jpg","datePublished":"2021-04-29T08:16:49+00:00","dateModified":"2025-05-06T03:10:19+00:00","description":"Detektor radarowy i akcelerometr Navty P1 Premium. Ochrona przed pomiarami radarowymi i laserowymi, w tym nowe pu\u0142apki radarowe MultaRadar i Gatso.","breadcrumb":{"@id":"https:\/\/radarservice.eu\/pl\/produkt\/navty-p1-edycja-premium\/#breadcrumb"},"inLanguage":"pl-PL","potentialAction":[{"@type":"ReadAction","target":["https:\/\/radarservice.eu\/pl\/produkt\/navty-p1-edycja-premium\/"]}]},{"@type":"ImageObject","inLanguage":"pl-PL","@id":"https:\/\/radarservice.eu\/pl\/produkt\/navty-p1-edycja-premium\/#primaryimage","url":"https:\/\/radarservice.eu\/wp-content\/uploads\/2020\/09\/NAVTY_P1_Radarwarner_800x562.jpg","contentUrl":"https:\/\/radarservice.eu\/wp-content\/uploads\/2020\/09\/NAVTY_P1_Radarwarner_800x562.jpg","width":800,"height":562,"caption":"Detektor radarowy NAVTY P1 Premium"},{"@type":"BreadcrumbList","@id":"https:\/\/radarservice.eu\/pl\/produkt\/navty-p1-edycja-premium\/#breadcrumb","itemListElement":[{"@type":"ListItem","position":1,"name":"Sklep","item":"https:\/\/radarservice.eu\/pl\/sklep\/"},{"@type":"ListItem","position":2,"name":"Navty P1 Edycja Premium"}]},{"@type":"WebSite","@id":"https:\/\/radarservice.eu\/pl\/#website","url":"https:\/\/radarservice.eu\/pl\/","name":"Radar Service","description":"Radar detector Laser jammer mobile fix","publisher":{"@id":"https:\/\/radarservice.eu\/pl\/#organization"},"potentialAction":[{"@type":"SearchAction","target":{"@type":"EntryPoint","urlTemplate":"https:\/\/radarservice.eu\/pl\/?s={search_term_string}"},"query-input":{"@type":"PropertyValueSpecification","valueRequired":true,"valueName":"search_term_string"}}],"inLanguage":"pl-PL"},{"@type":"Organization","@id":"https:\/\/radarservice.eu\/pl\/#organization","name":"RadarService","url":"https:\/\/radarservice.eu\/pl\/","logo":{"@type":"ImageObject","inLanguage":"pl-PL","@id":"https:\/\/radarservice.eu\/pl\/#\/schema\/logo\/image\/","url":"https:\/\/radarservice.eu\/wp-content\/uploads\/2021\/03\/Radar_detector_service.png","contentUrl":"https:\/\/radarservice.eu\/wp-content\/uploads\/2021\/03\/Radar_detector_service.png","width":174,"height":48,"caption":"RadarService"},"image":{"@id":"https:\/\/radarservice.eu\/pl\/#\/schema\/logo\/image\/"}}]}},"_links":{"self":[{"href":"https:\/\/radarservice.eu\/pl\/wp-json\/wp\/v2\/product\/15749","targetHints":{"allow":["GET"]}}],"collection":[{"href":"https:\/\/radarservice.eu\/pl\/wp-json\/wp\/v2\/product"}],"about":[{"href":"https:\/\/radarservice.eu\/pl\/wp-json\/wp\/v2\/types\/product"}],"replies":[{"embeddable":true,"href":"https:\/\/radarservice.eu\/pl\/wp-json\/wp\/v2\/comments?post=15749"}],"wp:featuredmedia":[{"embeddable":true,"href":"https:\/\/radarservice.eu\/pl\/wp-json\/wp\/v2\/media\/15750"}],"wp:attachment":[{"href":"https:\/\/radarservice.eu\/pl\/wp-json\/wp\/v2\/media?parent=15749"}],"wp:term":[{"taxonomy":"product_brand","embeddable":true,"href":"https:\/\/radarservice.eu\/pl\/wp-json\/wp\/v2\/product_brand?post=15749"},{"taxonomy":"product_cat","embeddable":true,"href":"https:\/\/radarservice.eu\/pl\/wp-json\/wp\/v2\/product_cat?post=15749"},{"taxonomy":"product_tag","embeddable":true,"href":"https:\/\/radarservice.eu\/pl\/wp-json\/wp\/v2\/product_tag?post=15749"}],"curies":[{"name":"wp","href":"https:\/\/api.w.org\/{rel}","templated":true}]}}