{"id":15744,"date":"2021-04-28T16:52:59","date_gmt":"2021-04-28T14:52:59","guid":{"rendered":"https:\/\/radarservice.eu\/produkt\/navty-p1-dozywotnia-edycja\/"},"modified":"2025-06-20T05:10:22","modified_gmt":"2025-06-20T03:10:22","slug":"navty-p1-dozywotnia-edycja","status":"publish","type":"product","link":"https:\/\/radarservice.eu\/pl\/produkt\/navty-p1-dozywotnia-edycja\/","title":{"rendered":"Navty P1 do\u017cywotnia edycja"},"content":{"rendered":"<p><strong>Navty P1 Lifetime to pierwszy akcelerometr oparty na GPS z mo\u017cliwo\u015bci\u0105 aktywacji dodatkowych funkcji wykrywania radaru i lasera. <\/strong><\/p>\n<p><strong>Accelerometer \/ Performance Tracker<\/strong><br \/>.<br \/>\nPomiar przyspieszenia pojazdu (0-100 \/ 0-200 km\/h) jest okre\u015blany za pomoc\u0105 wbudowanego odbiornika GPS i jest w pe\u0142ni automatyczny.<\/p>\n<p><strong>Detektor radarowy \/ detekcja laserowa<\/strong><br \/>\nNavty P1 zosta\u0142 opracowany na rynek europejski i jest jednym z najlepszych wysokiej klasy detektor\u00f3w radar\u00f3w w Europie dzi\u0119ki nowej funkcji wykrywania radar\u00f3w i laser\u00f3w w czasie rzeczywistym. P1 posiada najnowsz\u0105 technologi\u0119 Multaradar 3D i wykrywa r\u00f3wnie\u017c nowe systemy pomiarowe MultaRadar.<\/p>\n<p>.<\/p>\n<p>Jeden z najlepszych i najbardziej zaawansowanych system\u00f3w filtrowania pozwala ograniczy\u0107 do minimum fa\u0142szywe alarmy, nie trac\u0105c przy tym czasu na ostrzeganie o prawdziwych zagro\u017ceniach.<\/p>\n<p>Navty P1 jest wyposa\u017cony w funkcj\u0119 ostrzegania o radarach wy\u0142\u0105czon\u0105 jako akcelerometr. Oznacza to, \u017ce Navty P1 mo\u017cna u\u017cywa\u0107 legalnie we wszystkich krajach. W razie potrzeby, funkcja detektora radaru i detektora laserowego mo\u017ce by\u0107 aktywowana i dezaktywowana przez u\u017cytkownika w dowolnym momencie.<\/p>\n<p>.<\/p>\n<p>Pu\u0142apki radarowe s\u0105 zg\u0142aszane zar\u00f3wno na wy\u015bwietlaczu, jak i za pomoc\u0105 niemieckiego komunikatu g\u0142osowego. Kierowca otrzymuje szczeg\u00f3\u0142owe informacje o wykrytej pu\u0142apce pr\u0119dko\u015bci, ostrze\u017ceniu o punkcie POI lub pomiarze laserowym. W urz\u0105dzeniu Navty P1 mo\u017cna r\u00f3wnie\u017c zapisywa\u0107 lub usuwa\u0107 w\u0142asne lokalizacje GPS (POI), dzi\u0119ki czemu w tych miejscach b\u0119dzie emitowane ostrze\u017cenie d\u017awi\u0119kowe.<\/p>\n<p>.<\/p>\n<p>Navty P1 Lifetime mo\u017ce by\u0107 zaprogramowany zgodnie z wymaganiami za pomoc\u0105 niemieckiego menu, dzi\u0119ki czemu mo\u017ce by\u0107 dostosowany do szczeg\u00f3lnych wymaga\u0144 i preferencji klienta.<\/p>\n<p>.<\/p>\n<p><strong>Baza danych fotoradar\u00f3w \/ Aktualizacje<\/strong><br \/>.<br \/>\nOczywi\u015bcie obejmuje to r\u00f3wnie\u017c aktualizacj\u0119 bazy danych UE dla stacjonarnych fotoradar\u00f3w. Kamera pr\u0119dko\u015bci i aktualizacje oprogramowania sprz\u0119towego mog\u0105 by\u0107 \u0142atwo i szybko zainstalowane w ci\u0105gu kilku sekund za pomoc\u0105 pami\u0119ci USB. Aktualizacj\u0119 mo\u017cna przeprowadzi\u0107 wygodnie w poje\u017adzie, niezale\u017cnie od systemu operacyjnego (WIN \/ MacOS \/ Linux). Urz\u0105dzenie Navty P1 nie musi by\u0107 pod\u0142\u0105czone do komputera w celu przeprowadzenia aktualizacji.<\/p>\n<p><strong>Overview:<\/strong><br \/>\n+ pierwszy mobilny detektor radar\u00f3w z wbudowanym akcelerometrem<br \/>.<br \/>\n+ Akcelerometr (0-100 \/ 0-200 km\/h) &#8211; w pe\u0142ni automatycznie bez konieczno\u015bci naciskania przycisku!<br \/>\n+ 360\u00b0 stopni wykrywania radarowych i laserowych urz\u0105dze\u0144 pomiarowych w Europie<br \/>\n+ Ostrze\u017cenie przed radarowymi urz\u0105dzeniami pomiarowymi (X \/ K \/ KA band \/ MultaRadar MRCD \/ MultaRadar MRCT \/ MultaRadar Moving \/ Gatso RT3 \/ Gatso RT4)<br \/>\n+ Ostrze\u017cenie o pomiarach laserowych<br \/>\n+ Ostrze\u017cenie o radarze stacjonarnym<br \/>\n+ Ostrze\u017cenie o monitorowaniu czerwonego \u015bwiat\u0142a<br \/>\n+ Ostrze\u017cenie dla pomiar\u00f3w kontrolnych sekcji<br \/>\n+ Opcje konfiguracyjne poprzez niemieckie menu<br \/>\n+ Minimalizacja fa\u0142szywych alarm\u00f3w poprzez 2-krotne dostrojenie w pa\u015bmie K i 10-krotne dostrojenie w pa\u015bmie KA<br \/>\n+ podw\u00f3jny filtr fa\u0142szywych alarm\u00f3w oparty na GPS<br \/>\n+ mo\u017cliwo\u015b\u0107 aktualizacji poprzez pami\u0119\u0107 USB<br \/>\n+ Baza danych EUROPA dla fotoradar\u00f3w stacjonarnych jest ju\u017c wst\u0119pnie zainstalowana<br \/>\n+ Do\u017cywotnie aktualizacje bazy danych UE w zestawie<br \/>\n+ Alarmy i ustawienia ca\u0142kowicie w j\u0119zyku niemieckim<br \/>\n+ nadaje si\u0119 do stosowania w Europie<br \/>\n+ w\u0142asne punkty zagro\u017cenia do przechowywania<\/p>\n<p><strong>Zakres dostaw:<\/strong><br \/>\n* Navty P1 Do\u017cywotni detektor radar\u00f3w i tracker wydajno\u015bci<br \/>.<br \/>\n* Preinstalowana baza danych UE dla ca\u0142ej Europy<br \/>.<br \/>\n* Akcesoria do monta\u017cu na przedniej szybie (przyssawki)<br \/>\n* zasilacz 12V z gniazdem zapalniczki<\/p>\n","protected":false},"excerpt":{"rendered":"<p><strong>+ GPS Accelerometer\/Performance Tracker (0-100 \/ 0-200 km\/h)<br \/>\n+ do\u017cywotnie bezp\u0142atne aktualizacje<br \/>\n+ Detektor radarowy i laserowy, ostrzega przed mobilnymi pu\u0142apkami pr\u0119dko\u015bci (X-Band, K-Band, KA-Band, MultaRadar, Gatso i Laser)<br \/>\n+ Ostrze\u017cenia GPS POI o sta\u0142ych pu\u0142apkach pr\u0119dko\u015bci, fotoradarach \u015bwietlnych i nowych fotoradarach odcinkowych SectionControl<\/strong><\/p>\n<p>.<\/p>\n","protected":false},"featured_media":15748,"comment_status":"open","ping_status":"closed","template":"","meta":[],"product_brand":[],"product_cat":[1604,1603],"product_tag":[1609,1586,1610,1607,1608,1611,1606,1605],"class_list":{"0":"post-15744","1":"product","2":"type-product","3":"status-publish","4":"has-post-thumbnail","6":"product_cat-navty-pl","7":"product_cat-przenosne-detektory-radarow","8":"product_tag-detektor-laserowy","9":"product_tag-detektor-radarowy","10":"product_tag-gps-pl","11":"product_tag-navty-pl","12":"product_tag-p1-pl","13":"product_tag-poi-warnera","14":"product_tag-przyspieszeniomierz","15":"product_tag-sledzenie-wynikow","17":"first","18":"instock","19":"sale","20":"taxable","21":"shipping-taxable","22":"purchasable","23":"product-type-simple"},"yoast_head":"<!-- This site is optimized with the Yoast SEO plugin v27.2 - https:\/\/yoast.com\/product\/yoast-seo-wordpress\/ -->\n<title>Navty P1 do\u017cywotnia edycja mobiler Radarwarner<\/title>\n<meta name=\"description\" content=\"Detektor radarowy Navty P1 Lifetime jest pierwszym akcelerometrem opartym na GPS z dodatkow\u0105 detekcj\u0105 radaru i lasera.\" \/>\n<meta name=\"robots\" content=\"index, follow, max-snippet:-1, max-image-preview:large, max-video-preview:-1\" \/>\n<link rel=\"canonical\" href=\"https:\/\/radarservice.eu\/pl\/produkt\/navty-p1-dozywotnia-edycja\/\" \/>\n<meta property=\"og:locale\" content=\"pl_PL\" \/>\n<meta property=\"og:type\" content=\"article\" \/>\n<meta property=\"og:title\" content=\"Navty P1 do\u017cywotnia edycja mobiler Radarwarner\" \/>\n<meta property=\"og:description\" content=\"Detektor radarowy Navty P1 Lifetime jest pierwszym akcelerometrem opartym na GPS z dodatkow\u0105 detekcj\u0105 radaru i lasera.\" \/>\n<meta property=\"og:url\" content=\"https:\/\/radarservice.eu\/pl\/produkt\/navty-p1-dozywotnia-edycja\/\" \/>\n<meta property=\"og:site_name\" content=\"Radar Service\" \/>\n<meta property=\"article:modified_time\" content=\"2025-06-20T03:10:22+00:00\" \/>\n<meta property=\"og:image\" content=\"https:\/\/radarservice.eu\/wp-content\/uploads\/2020\/09\/navtyp1-car-1.jpg\" \/>\n\t<meta property=\"og:image:width\" content=\"1800\" \/>\n\t<meta property=\"og:image:height\" content=\"1265\" \/>\n\t<meta property=\"og:image:type\" content=\"image\/jpeg\" \/>\n<meta name=\"twitter:card\" content=\"summary_large_image\" \/>\n<meta name=\"twitter:label1\" content=\"Szacowany czas czytania\" \/>\n\t<meta name=\"twitter:data1\" content=\"3 minuty\" \/>\n<script type=\"application\/ld+json\" class=\"yoast-schema-graph\">{\"@context\":\"https:\/\/schema.org\",\"@graph\":[{\"@type\":\"WebPage\",\"@id\":\"https:\/\/radarservice.eu\/pl\/produkt\/navty-p1-dozywotnia-edycja\/\",\"url\":\"https:\/\/radarservice.eu\/pl\/produkt\/navty-p1-dozywotnia-edycja\/\",\"name\":\"Navty P1 do\u017cywotnia edycja mobiler Radarwarner\",\"isPartOf\":{\"@id\":\"https:\/\/radarservice.eu\/pl\/#website\"},\"primaryImageOfPage\":{\"@id\":\"https:\/\/radarservice.eu\/pl\/produkt\/navty-p1-dozywotnia-edycja\/#primaryimage\"},\"image\":{\"@id\":\"https:\/\/radarservice.eu\/pl\/produkt\/navty-p1-dozywotnia-edycja\/#primaryimage\"},\"thumbnailUrl\":\"https:\/\/radarservice.eu\/wp-content\/uploads\/2020\/09\/navtyp1-car-1.jpg\",\"datePublished\":\"2021-04-28T14:52:59+00:00\",\"dateModified\":\"2025-06-20T03:10:22+00:00\",\"description\":\"Detektor radarowy Navty P1 Lifetime jest pierwszym akcelerometrem opartym na GPS z dodatkow\u0105 detekcj\u0105 radaru i lasera.\",\"breadcrumb\":{\"@id\":\"https:\/\/radarservice.eu\/pl\/produkt\/navty-p1-dozywotnia-edycja\/#breadcrumb\"},\"inLanguage\":\"pl-PL\",\"potentialAction\":[{\"@type\":\"ReadAction\",\"target\":[\"https:\/\/radarservice.eu\/pl\/produkt\/navty-p1-dozywotnia-edycja\/\"]}]},{\"@type\":\"ImageObject\",\"inLanguage\":\"pl-PL\",\"@id\":\"https:\/\/radarservice.eu\/pl\/produkt\/navty-p1-dozywotnia-edycja\/#primaryimage\",\"url\":\"https:\/\/radarservice.eu\/wp-content\/uploads\/2020\/09\/navtyp1-car-1.jpg\",\"contentUrl\":\"https:\/\/radarservice.eu\/wp-content\/uploads\/2020\/09\/navtyp1-car-1.jpg\",\"width\":1800,\"height\":1265,\"caption\":\"Wykrywacz radar\u00f3w NAVTY P1\"},{\"@type\":\"BreadcrumbList\",\"@id\":\"https:\/\/radarservice.eu\/pl\/produkt\/navty-p1-dozywotnia-edycja\/#breadcrumb\",\"itemListElement\":[{\"@type\":\"ListItem\",\"position\":1,\"name\":\"Sklep\",\"item\":\"https:\/\/radarservice.eu\/pl\/sklep\/\"},{\"@type\":\"ListItem\",\"position\":2,\"name\":\"Navty P1 do\u017cywotnia edycja\"}]},{\"@type\":\"WebSite\",\"@id\":\"https:\/\/radarservice.eu\/pl\/#website\",\"url\":\"https:\/\/radarservice.eu\/pl\/\",\"name\":\"Radar Service\",\"description\":\"Radar detector Laser jammer mobile fix\",\"publisher\":{\"@id\":\"https:\/\/radarservice.eu\/pl\/#organization\"},\"potentialAction\":[{\"@type\":\"SearchAction\",\"target\":{\"@type\":\"EntryPoint\",\"urlTemplate\":\"https:\/\/radarservice.eu\/pl\/?s={search_term_string}\"},\"query-input\":{\"@type\":\"PropertyValueSpecification\",\"valueRequired\":true,\"valueName\":\"search_term_string\"}}],\"inLanguage\":\"pl-PL\"},{\"@type\":\"Organization\",\"@id\":\"https:\/\/radarservice.eu\/pl\/#organization\",\"name\":\"RadarService\",\"url\":\"https:\/\/radarservice.eu\/pl\/\",\"logo\":{\"@type\":\"ImageObject\",\"inLanguage\":\"pl-PL\",\"@id\":\"https:\/\/radarservice.eu\/pl\/#\/schema\/logo\/image\/\",\"url\":\"https:\/\/radarservice.eu\/wp-content\/uploads\/2021\/03\/Radar_detector_service.png\",\"contentUrl\":\"https:\/\/radarservice.eu\/wp-content\/uploads\/2021\/03\/Radar_detector_service.png\",\"width\":174,\"height\":48,\"caption\":\"RadarService\"},\"image\":{\"@id\":\"https:\/\/radarservice.eu\/pl\/#\/schema\/logo\/image\/\"}}]}<\/script>\n<!-- \/ Yoast SEO plugin. -->","yoast_head_json":{"title":"Navty P1 do\u017cywotnia edycja mobiler Radarwarner","description":"Detektor radarowy Navty P1 Lifetime jest pierwszym akcelerometrem opartym na GPS z dodatkow\u0105 detekcj\u0105 radaru i lasera.","robots":{"index":"index","follow":"follow","max-snippet":"max-snippet:-1","max-image-preview":"max-image-preview:large","max-video-preview":"max-video-preview:-1"},"canonical":"https:\/\/radarservice.eu\/pl\/produkt\/navty-p1-dozywotnia-edycja\/","og_locale":"pl_PL","og_type":"article","og_title":"Navty P1 do\u017cywotnia edycja mobiler Radarwarner","og_description":"Detektor radarowy Navty P1 Lifetime jest pierwszym akcelerometrem opartym na GPS z dodatkow\u0105 detekcj\u0105 radaru i lasera.","og_url":"https:\/\/radarservice.eu\/pl\/produkt\/navty-p1-dozywotnia-edycja\/","og_site_name":"Radar Service","article_modified_time":"2025-06-20T03:10:22+00:00","og_image":[{"width":1800,"height":1265,"url":"https:\/\/radarservice.eu\/wp-content\/uploads\/2020\/09\/navtyp1-car-1.jpg","type":"image\/jpeg"}],"twitter_card":"summary_large_image","twitter_misc":{"Szacowany czas czytania":"3 minuty"},"schema":{"@context":"https:\/\/schema.org","@graph":[{"@type":"WebPage","@id":"https:\/\/radarservice.eu\/pl\/produkt\/navty-p1-dozywotnia-edycja\/","url":"https:\/\/radarservice.eu\/pl\/produkt\/navty-p1-dozywotnia-edycja\/","name":"Navty P1 do\u017cywotnia edycja mobiler Radarwarner","isPartOf":{"@id":"https:\/\/radarservice.eu\/pl\/#website"},"primaryImageOfPage":{"@id":"https:\/\/radarservice.eu\/pl\/produkt\/navty-p1-dozywotnia-edycja\/#primaryimage"},"image":{"@id":"https:\/\/radarservice.eu\/pl\/produkt\/navty-p1-dozywotnia-edycja\/#primaryimage"},"thumbnailUrl":"https:\/\/radarservice.eu\/wp-content\/uploads\/2020\/09\/navtyp1-car-1.jpg","datePublished":"2021-04-28T14:52:59+00:00","dateModified":"2025-06-20T03:10:22+00:00","description":"Detektor radarowy Navty P1 Lifetime jest pierwszym akcelerometrem opartym na GPS z dodatkow\u0105 detekcj\u0105 radaru i lasera.","breadcrumb":{"@id":"https:\/\/radarservice.eu\/pl\/produkt\/navty-p1-dozywotnia-edycja\/#breadcrumb"},"inLanguage":"pl-PL","potentialAction":[{"@type":"ReadAction","target":["https:\/\/radarservice.eu\/pl\/produkt\/navty-p1-dozywotnia-edycja\/"]}]},{"@type":"ImageObject","inLanguage":"pl-PL","@id":"https:\/\/radarservice.eu\/pl\/produkt\/navty-p1-dozywotnia-edycja\/#primaryimage","url":"https:\/\/radarservice.eu\/wp-content\/uploads\/2020\/09\/navtyp1-car-1.jpg","contentUrl":"https:\/\/radarservice.eu\/wp-content\/uploads\/2020\/09\/navtyp1-car-1.jpg","width":1800,"height":1265,"caption":"Wykrywacz radar\u00f3w NAVTY P1"},{"@type":"BreadcrumbList","@id":"https:\/\/radarservice.eu\/pl\/produkt\/navty-p1-dozywotnia-edycja\/#breadcrumb","itemListElement":[{"@type":"ListItem","position":1,"name":"Sklep","item":"https:\/\/radarservice.eu\/pl\/sklep\/"},{"@type":"ListItem","position":2,"name":"Navty P1 do\u017cywotnia edycja"}]},{"@type":"WebSite","@id":"https:\/\/radarservice.eu\/pl\/#website","url":"https:\/\/radarservice.eu\/pl\/","name":"Radar Service","description":"Radar detector Laser jammer mobile fix","publisher":{"@id":"https:\/\/radarservice.eu\/pl\/#organization"},"potentialAction":[{"@type":"SearchAction","target":{"@type":"EntryPoint","urlTemplate":"https:\/\/radarservice.eu\/pl\/?s={search_term_string}"},"query-input":{"@type":"PropertyValueSpecification","valueRequired":true,"valueName":"search_term_string"}}],"inLanguage":"pl-PL"},{"@type":"Organization","@id":"https:\/\/radarservice.eu\/pl\/#organization","name":"RadarService","url":"https:\/\/radarservice.eu\/pl\/","logo":{"@type":"ImageObject","inLanguage":"pl-PL","@id":"https:\/\/radarservice.eu\/pl\/#\/schema\/logo\/image\/","url":"https:\/\/radarservice.eu\/wp-content\/uploads\/2021\/03\/Radar_detector_service.png","contentUrl":"https:\/\/radarservice.eu\/wp-content\/uploads\/2021\/03\/Radar_detector_service.png","width":174,"height":48,"caption":"RadarService"},"image":{"@id":"https:\/\/radarservice.eu\/pl\/#\/schema\/logo\/image\/"}}]}},"_links":{"self":[{"href":"https:\/\/radarservice.eu\/pl\/wp-json\/wp\/v2\/product\/15744","targetHints":{"allow":["GET"]}}],"collection":[{"href":"https:\/\/radarservice.eu\/pl\/wp-json\/wp\/v2\/product"}],"about":[{"href":"https:\/\/radarservice.eu\/pl\/wp-json\/wp\/v2\/types\/product"}],"replies":[{"embeddable":true,"href":"https:\/\/radarservice.eu\/pl\/wp-json\/wp\/v2\/comments?post=15744"}],"wp:featuredmedia":[{"embeddable":true,"href":"https:\/\/radarservice.eu\/pl\/wp-json\/wp\/v2\/media\/15748"}],"wp:attachment":[{"href":"https:\/\/radarservice.eu\/pl\/wp-json\/wp\/v2\/media?parent=15744"}],"wp:term":[{"taxonomy":"product_brand","embeddable":true,"href":"https:\/\/radarservice.eu\/pl\/wp-json\/wp\/v2\/product_brand?post=15744"},{"taxonomy":"product_cat","embeddable":true,"href":"https:\/\/radarservice.eu\/pl\/wp-json\/wp\/v2\/product_cat?post=15744"},{"taxonomy":"product_tag","embeddable":true,"href":"https:\/\/radarservice.eu\/pl\/wp-json\/wp\/v2\/product_tag?post=15744"}],"curies":[{"name":"wp","href":"https:\/\/api.w.org\/{rel}","templated":true}]}}