{"id":15740,"date":"2021-04-28T16:49:29","date_gmt":"2021-04-28T14:49:29","guid":{"rendered":"https:\/\/radarservice.eu\/produkt\/stala-instalacja-genevo-assist-pro-hdm-i-antilaser-priority-dual\/"},"modified":"2025-06-20T05:10:31","modified_gmt":"2025-06-20T03:10:31","slug":"stala-instalacja-genevo-assist-pro-hdm-i-antilaser-priority-dual","status":"publish","type":"product","link":"https:\/\/radarservice.eu\/pl\/produkt\/stala-instalacja-genevo-assist-pro-hdm-i-antilaser-priority-dual\/","title":{"rendered":"Sta\u0142a instalacja Genevo Assist Pro HDM+ i Antilaser Priority DUAL"},"content":{"rendered":"<h2>Monta\u017c na sta\u0142e detektora radaru Genevo Assist Pro HDM+ i zag\u0142uszacza laserowego antylaserowego ALP DUAL<\/h2>\n<p>.<\/p>\n<p><strong>Wykrywacz radarowy do monta\u017cu sta\u0142ego Genevo Assist Pro HDM+<\/strong><\/p>\n<p>.<\/p>\n<p>Stacjonarny detektor radaru Genevo Assist HDM+ jest obecnie najlepszym urz\u0105dzeniem wbudowanym wysokiej klasy na rynku europejskim. <\/p>\n<p>Najlepsze wyniki przedalarmowe z minimalnym wska\u017anikiem fa\u0142szywych alarm\u00f3w czyni\u0105 Genevo Assist HDM+ absolutnie najlepszym urz\u0105dzeniem w\u015br\u00f3d wszystkich stacjonarnych detektor\u00f3w radarowych.<\/p>\n<p>Wy\u015bwietlacz magnetyczny i jednostka steruj\u0105ca mog\u0105 by\u0107 usuni\u0119te w dowolnym momencie podczas kontroli policyjnej lub przekraczania granicy. Powoduje to natychmiastowe wy\u0142\u0105czenie asystenta Genevo. <\/p>\n<p>Mo\u017cliwo\u015bci ustawie\u0144 Genevo Assist Pro s\u0105 niezr\u00f3wnane w swojej r\u00f3\u017cnorodno\u015bci. Niemniej jednak, nawet pocz\u0105tkuj\u0105cy u\u017cytkownicy mog\u0105 z \u0142atwo\u015bci\u0105 dostosowa\u0107 ustawienia do w\u0142asnych potrzeb. Specjalnie opracowane oprogramowanie umo\u017cliwia wygodn\u0105 konfiguracj\u0119 na domowym komputerze lub laptopie.<\/p>\n<p>.<\/p>\n<p>Ostrze\u017cenia maj\u0105 posta\u0107 komunikat\u00f3w g\u0142osowych w j\u0119zyku niemieckim lub angielskim albo zwyk\u0142ego sygna\u0142u d\u017awi\u0119kowego. Baza danych GPS POI Genevo Assist jest preinstalowana bezp\u0142atnie i ostrzega Ci\u0119 o systemach monitorowania sta\u0142ej pr\u0119dko\u015bci i czerwonych \u015bwiate\u0142 w ca\u0142ej Europie.<\/p>\n<p\n\n\n<p><strong>Antilaser ALP Priority DUAL z 2 czujnikami zag\u0142uszacz laserowy<\/strong><\/p>\n<p>.<\/p>\n<p>Nowy antylaserowy AL-Priority zosta\u0142 ponownie ulepszony w por\u00f3wnaniu do swoich poprzednik\u00f3w AL-G8 &#038; AL-G9 i oferuje 100% ochron\u0119 przed kontrolami pr\u0119dko\u015bci z u\u017cyciem broni laserowej. Mimo bardzo ma\u0142ych wymiar\u00f3w czujnik\u00f3w ALP oferuje skuteczn\u0105 i efektywn\u0105 ochron\u0119 przed broni\u0105 laserow\u0105 i nowym Bliter Tag. Antilaser Laserblinder mo\u017ce by\u0107 u\u017cywany zar\u00f3wno jako czujnik parkowania i laser jammer mo\u017ce.<\/p>\n<p>.<\/p>\n","protected":false},"excerpt":{"rendered":"<p>Monta\u017c na sta\u0142e detektora radaru Genevo Assist Pro HDM+ i zag\u0142uszacza laserowego antylaserowego ALP DUAL . Wykrywacz radarowy do monta\u017cu sta\u0142ego Genevo Assist Pro HDM+ . Stacjonarny detektor radaru Genevo Assist HDM+ jest obecnie najlepszym urz\u0105dzeniem wbudowanym wysokiej klasy na rynku europejskim. Najlepsze wyniki przedalarmowe z minimalnym wska\u017anikiem fa\u0142szywych alarm\u00f3w czyni\u0105 Genevo Assist HDM+ absolutnie [&#8230;]\n","protected":false},"featured_media":15741,"comment_status":"open","ping_status":"closed","template":"","meta":[],"product_brand":[],"product_cat":[1598,1584,1600],"product_tag":[],"class_list":{"0":"post-15740","1":"product","2":"type-product","3":"status-publish","4":"has-post-thumbnail","6":"product_cat-antilaser-pl","7":"product_cat-genevo-pl","8":"product_cat-zalecane-kompletne-pakiety","10":"first","11":"instock","12":"sale","13":"taxable","14":"shipping-taxable","15":"purchasable","16":"product-type-simple"},"yoast_head":"<!-- This site is optimized with the Yoast SEO plugin v27.2 - https:\/\/yoast.com\/product\/yoast-seo-wordpress\/ -->\n<title>Sta\u0142a instalacja Genevo Assist Pro HDM+ i Antilaser Priority DUAL<\/title>\n<meta name=\"description\" content=\"Detektor radarowy Genevo Assist Pro HDM+ do monta\u017cu na sta\u0142e oraz zag\u0142uszacz laserowy antylaserowy ALP DUAL do ukrytego monta\u017cu w poje\u017adzie.\" \/>\n<meta name=\"robots\" content=\"index, follow, max-snippet:-1, max-image-preview:large, max-video-preview:-1\" \/>\n<link rel=\"canonical\" href=\"https:\/\/radarservice.eu\/pl\/produkt\/stala-instalacja-genevo-assist-pro-hdm-i-antilaser-priority-dual\/\" \/>\n<meta property=\"og:locale\" content=\"pl_PL\" \/>\n<meta property=\"og:type\" content=\"article\" \/>\n<meta property=\"og:title\" content=\"Sta\u0142a instalacja Genevo Assist Pro HDM+ i Antilaser Priority DUAL\" \/>\n<meta property=\"og:description\" content=\"Detektor radarowy Genevo Assist Pro HDM+ do monta\u017cu na sta\u0142e oraz zag\u0142uszacz laserowy antylaserowy ALP DUAL do ukrytego monta\u017cu w poje\u017adzie.\" \/>\n<meta property=\"og:url\" content=\"https:\/\/radarservice.eu\/pl\/produkt\/stala-instalacja-genevo-assist-pro-hdm-i-antilaser-priority-dual\/\" \/>\n<meta property=\"og:site_name\" content=\"Radar Service\" \/>\n<meta property=\"article:modified_time\" content=\"2025-06-20T03:10:31+00:00\" \/>\n<meta property=\"og:image\" content=\"https:\/\/radarservice.eu\/wp-content\/uploads\/2020\/09\/Genevo-Assist-Pro-HDM-Verpackung.jpg\" \/>\n\t<meta property=\"og:image:width\" content=\"1600\" \/>\n\t<meta property=\"og:image:height\" content=\"1049\" \/>\n\t<meta property=\"og:image:type\" content=\"image\/jpeg\" \/>\n<meta name=\"twitter:card\" content=\"summary_large_image\" \/>\n<meta name=\"twitter:label1\" content=\"Szacowany czas czytania\" \/>\n\t<meta name=\"twitter:data1\" content=\"1 minuta\" \/>\n<script type=\"application\/ld+json\" class=\"yoast-schema-graph\">{\"@context\":\"https:\/\/schema.org\",\"@graph\":[{\"@type\":\"WebPage\",\"@id\":\"https:\/\/radarservice.eu\/pl\/produkt\/stala-instalacja-genevo-assist-pro-hdm-i-antilaser-priority-dual\/\",\"url\":\"https:\/\/radarservice.eu\/pl\/produkt\/stala-instalacja-genevo-assist-pro-hdm-i-antilaser-priority-dual\/\",\"name\":\"Sta\u0142a instalacja Genevo Assist Pro HDM+ i Antilaser Priority DUAL\",\"isPartOf\":{\"@id\":\"https:\/\/radarservice.eu\/pl\/#website\"},\"primaryImageOfPage\":{\"@id\":\"https:\/\/radarservice.eu\/pl\/produkt\/stala-instalacja-genevo-assist-pro-hdm-i-antilaser-priority-dual\/#primaryimage\"},\"image\":{\"@id\":\"https:\/\/radarservice.eu\/pl\/produkt\/stala-instalacja-genevo-assist-pro-hdm-i-antilaser-priority-dual\/#primaryimage\"},\"thumbnailUrl\":\"https:\/\/radarservice.eu\/wp-content\/uploads\/2020\/09\/Genevo-Assist-Pro-HDM-Verpackung.jpg\",\"datePublished\":\"2021-04-28T14:49:29+00:00\",\"dateModified\":\"2025-06-20T03:10:31+00:00\",\"description\":\"Detektor radarowy Genevo Assist Pro HDM+ do monta\u017cu na sta\u0142e oraz zag\u0142uszacz laserowy antylaserowy ALP DUAL do ukrytego monta\u017cu w poje\u017adzie.\",\"breadcrumb\":{\"@id\":\"https:\/\/radarservice.eu\/pl\/produkt\/stala-instalacja-genevo-assist-pro-hdm-i-antilaser-priority-dual\/#breadcrumb\"},\"inLanguage\":\"pl-PL\",\"potentialAction\":[{\"@type\":\"ReadAction\",\"target\":[\"https:\/\/radarservice.eu\/pl\/produkt\/stala-instalacja-genevo-assist-pro-hdm-i-antilaser-priority-dual\/\"]}]},{\"@type\":\"ImageObject\",\"inLanguage\":\"pl-PL\",\"@id\":\"https:\/\/radarservice.eu\/pl\/produkt\/stala-instalacja-genevo-assist-pro-hdm-i-antilaser-priority-dual\/#primaryimage\",\"url\":\"https:\/\/radarservice.eu\/wp-content\/uploads\/2020\/09\/Genevo-Assist-Pro-HDM-Verpackung.jpg\",\"contentUrl\":\"https:\/\/radarservice.eu\/wp-content\/uploads\/2020\/09\/Genevo-Assist-Pro-HDM-Verpackung.jpg\",\"width\":1600,\"height\":1049,\"caption\":\"Genevo Assist Pro HDM Pakowanie\"},{\"@type\":\"BreadcrumbList\",\"@id\":\"https:\/\/radarservice.eu\/pl\/produkt\/stala-instalacja-genevo-assist-pro-hdm-i-antilaser-priority-dual\/#breadcrumb\",\"itemListElement\":[{\"@type\":\"ListItem\",\"position\":1,\"name\":\"Sklep\",\"item\":\"https:\/\/radarservice.eu\/pl\/sklep\/\"},{\"@type\":\"ListItem\",\"position\":2,\"name\":\"Sta\u0142a instalacja Genevo Assist Pro HDM+ i Antilaser Priority DUAL\"}]},{\"@type\":\"WebSite\",\"@id\":\"https:\/\/radarservice.eu\/pl\/#website\",\"url\":\"https:\/\/radarservice.eu\/pl\/\",\"name\":\"Radar Service\",\"description\":\"Radar detector Laser jammer mobile fix\",\"publisher\":{\"@id\":\"https:\/\/radarservice.eu\/pl\/#organization\"},\"potentialAction\":[{\"@type\":\"SearchAction\",\"target\":{\"@type\":\"EntryPoint\",\"urlTemplate\":\"https:\/\/radarservice.eu\/pl\/?s={search_term_string}\"},\"query-input\":{\"@type\":\"PropertyValueSpecification\",\"valueRequired\":true,\"valueName\":\"search_term_string\"}}],\"inLanguage\":\"pl-PL\"},{\"@type\":\"Organization\",\"@id\":\"https:\/\/radarservice.eu\/pl\/#organization\",\"name\":\"RadarService\",\"url\":\"https:\/\/radarservice.eu\/pl\/\",\"logo\":{\"@type\":\"ImageObject\",\"inLanguage\":\"pl-PL\",\"@id\":\"https:\/\/radarservice.eu\/pl\/#\/schema\/logo\/image\/\",\"url\":\"https:\/\/radarservice.eu\/wp-content\/uploads\/2021\/03\/Radar_detector_service.png\",\"contentUrl\":\"https:\/\/radarservice.eu\/wp-content\/uploads\/2021\/03\/Radar_detector_service.png\",\"width\":174,\"height\":48,\"caption\":\"RadarService\"},\"image\":{\"@id\":\"https:\/\/radarservice.eu\/pl\/#\/schema\/logo\/image\/\"}}]}<\/script>\n<!-- \/ Yoast SEO plugin. -->","yoast_head_json":{"title":"Sta\u0142a instalacja Genevo Assist Pro HDM+ i Antilaser Priority DUAL","description":"Detektor radarowy Genevo Assist Pro HDM+ do monta\u017cu na sta\u0142e oraz zag\u0142uszacz laserowy antylaserowy ALP DUAL do ukrytego monta\u017cu w poje\u017adzie.","robots":{"index":"index","follow":"follow","max-snippet":"max-snippet:-1","max-image-preview":"max-image-preview:large","max-video-preview":"max-video-preview:-1"},"canonical":"https:\/\/radarservice.eu\/pl\/produkt\/stala-instalacja-genevo-assist-pro-hdm-i-antilaser-priority-dual\/","og_locale":"pl_PL","og_type":"article","og_title":"Sta\u0142a instalacja Genevo Assist Pro HDM+ i Antilaser Priority DUAL","og_description":"Detektor radarowy Genevo Assist Pro HDM+ do monta\u017cu na sta\u0142e oraz zag\u0142uszacz laserowy antylaserowy ALP DUAL do ukrytego monta\u017cu w poje\u017adzie.","og_url":"https:\/\/radarservice.eu\/pl\/produkt\/stala-instalacja-genevo-assist-pro-hdm-i-antilaser-priority-dual\/","og_site_name":"Radar Service","article_modified_time":"2025-06-20T03:10:31+00:00","og_image":[{"width":1600,"height":1049,"url":"https:\/\/radarservice.eu\/wp-content\/uploads\/2020\/09\/Genevo-Assist-Pro-HDM-Verpackung.jpg","type":"image\/jpeg"}],"twitter_card":"summary_large_image","twitter_misc":{"Szacowany czas czytania":"1 minuta"},"schema":{"@context":"https:\/\/schema.org","@graph":[{"@type":"WebPage","@id":"https:\/\/radarservice.eu\/pl\/produkt\/stala-instalacja-genevo-assist-pro-hdm-i-antilaser-priority-dual\/","url":"https:\/\/radarservice.eu\/pl\/produkt\/stala-instalacja-genevo-assist-pro-hdm-i-antilaser-priority-dual\/","name":"Sta\u0142a instalacja Genevo Assist Pro HDM+ i Antilaser Priority DUAL","isPartOf":{"@id":"https:\/\/radarservice.eu\/pl\/#website"},"primaryImageOfPage":{"@id":"https:\/\/radarservice.eu\/pl\/produkt\/stala-instalacja-genevo-assist-pro-hdm-i-antilaser-priority-dual\/#primaryimage"},"image":{"@id":"https:\/\/radarservice.eu\/pl\/produkt\/stala-instalacja-genevo-assist-pro-hdm-i-antilaser-priority-dual\/#primaryimage"},"thumbnailUrl":"https:\/\/radarservice.eu\/wp-content\/uploads\/2020\/09\/Genevo-Assist-Pro-HDM-Verpackung.jpg","datePublished":"2021-04-28T14:49:29+00:00","dateModified":"2025-06-20T03:10:31+00:00","description":"Detektor radarowy Genevo Assist Pro HDM+ do monta\u017cu na sta\u0142e oraz zag\u0142uszacz laserowy antylaserowy ALP DUAL do ukrytego monta\u017cu w poje\u017adzie.","breadcrumb":{"@id":"https:\/\/radarservice.eu\/pl\/produkt\/stala-instalacja-genevo-assist-pro-hdm-i-antilaser-priority-dual\/#breadcrumb"},"inLanguage":"pl-PL","potentialAction":[{"@type":"ReadAction","target":["https:\/\/radarservice.eu\/pl\/produkt\/stala-instalacja-genevo-assist-pro-hdm-i-antilaser-priority-dual\/"]}]},{"@type":"ImageObject","inLanguage":"pl-PL","@id":"https:\/\/radarservice.eu\/pl\/produkt\/stala-instalacja-genevo-assist-pro-hdm-i-antilaser-priority-dual\/#primaryimage","url":"https:\/\/radarservice.eu\/wp-content\/uploads\/2020\/09\/Genevo-Assist-Pro-HDM-Verpackung.jpg","contentUrl":"https:\/\/radarservice.eu\/wp-content\/uploads\/2020\/09\/Genevo-Assist-Pro-HDM-Verpackung.jpg","width":1600,"height":1049,"caption":"Genevo Assist Pro HDM Pakowanie"},{"@type":"BreadcrumbList","@id":"https:\/\/radarservice.eu\/pl\/produkt\/stala-instalacja-genevo-assist-pro-hdm-i-antilaser-priority-dual\/#breadcrumb","itemListElement":[{"@type":"ListItem","position":1,"name":"Sklep","item":"https:\/\/radarservice.eu\/pl\/sklep\/"},{"@type":"ListItem","position":2,"name":"Sta\u0142a instalacja Genevo Assist Pro HDM+ i Antilaser Priority DUAL"}]},{"@type":"WebSite","@id":"https:\/\/radarservice.eu\/pl\/#website","url":"https:\/\/radarservice.eu\/pl\/","name":"Radar Service","description":"Radar detector Laser jammer mobile fix","publisher":{"@id":"https:\/\/radarservice.eu\/pl\/#organization"},"potentialAction":[{"@type":"SearchAction","target":{"@type":"EntryPoint","urlTemplate":"https:\/\/radarservice.eu\/pl\/?s={search_term_string}"},"query-input":{"@type":"PropertyValueSpecification","valueRequired":true,"valueName":"search_term_string"}}],"inLanguage":"pl-PL"},{"@type":"Organization","@id":"https:\/\/radarservice.eu\/pl\/#organization","name":"RadarService","url":"https:\/\/radarservice.eu\/pl\/","logo":{"@type":"ImageObject","inLanguage":"pl-PL","@id":"https:\/\/radarservice.eu\/pl\/#\/schema\/logo\/image\/","url":"https:\/\/radarservice.eu\/wp-content\/uploads\/2021\/03\/Radar_detector_service.png","contentUrl":"https:\/\/radarservice.eu\/wp-content\/uploads\/2021\/03\/Radar_detector_service.png","width":174,"height":48,"caption":"RadarService"},"image":{"@id":"https:\/\/radarservice.eu\/pl\/#\/schema\/logo\/image\/"}}]}},"_links":{"self":[{"href":"https:\/\/radarservice.eu\/pl\/wp-json\/wp\/v2\/product\/15740","targetHints":{"allow":["GET"]}}],"collection":[{"href":"https:\/\/radarservice.eu\/pl\/wp-json\/wp\/v2\/product"}],"about":[{"href":"https:\/\/radarservice.eu\/pl\/wp-json\/wp\/v2\/types\/product"}],"replies":[{"embeddable":true,"href":"https:\/\/radarservice.eu\/pl\/wp-json\/wp\/v2\/comments?post=15740"}],"wp:featuredmedia":[{"embeddable":true,"href":"https:\/\/radarservice.eu\/pl\/wp-json\/wp\/v2\/media\/15741"}],"wp:attachment":[{"href":"https:\/\/radarservice.eu\/pl\/wp-json\/wp\/v2\/media?parent=15740"}],"wp:term":[{"taxonomy":"product_brand","embeddable":true,"href":"https:\/\/radarservice.eu\/pl\/wp-json\/wp\/v2\/product_brand?post=15740"},{"taxonomy":"product_cat","embeddable":true,"href":"https:\/\/radarservice.eu\/pl\/wp-json\/wp\/v2\/product_cat?post=15740"},{"taxonomy":"product_tag","embeddable":true,"href":"https:\/\/radarservice.eu\/pl\/wp-json\/wp\/v2\/product_tag?post=15740"}],"curies":[{"name":"wp","href":"https:\/\/api.w.org\/{rel}","templated":true}]}}