{"id":15726,"date":"2021-04-28T16:08:37","date_gmt":"2021-04-28T14:08:37","guid":{"rendered":"https:\/\/radarservice.eu\/produkt\/stinger-vip-radarwarner-stinger-freedom-laser-fiberoptik\/"},"modified":"2021-04-28T16:08:37","modified_gmt":"2021-04-28T14:08:37","slug":"stinger-vip-radarwarner-stinger-freedom-laser-fiberoptik","status":"publish","type":"product","link":"https:\/\/radarservice.eu\/pl\/produkt\/stinger-vip-radarwarner-stinger-freedom-laser-fiberoptik\/","title":{"rendered":"Stinger VIP Radarwarner &#038; Stinger Freedom Laser Fiberoptik"},"content":{"rendered":"<h1>Stinger VIP Detektor Radarowy do monta\u017cu sta\u0142ego i Stinger Freedom Laser Fiber Optic<\/h1>\n<h3>STINGER VIP Detektor radarowy stacjonarny<\/h3>\n<p><strong>Niewidzialny detektor radaru do monta\u017cu podtynkowego<\/strong><br \/>.<br \/>\nStinger VIP mo\u017ce by\u0107 zainstalowany w spos\u00f3b niewidoczny w komorze silnika. Ostrze\u017cenia s\u0105 wy\u015bwietlane na nowoczesnym, dotykowym, kolorowym wy\u015bwietlaczu we wn\u0119trzu pojazdu. Dodatkowo rozlegaj\u0105 si\u0119 akustyczne sygna\u0142y ostrzegawcze. W razie potrzeby mo\u017cna r\u00f3wnie\u017c aktywowa\u0107 wyj\u015bcie g\u0142osowe dla ostrze\u017cenia. Dzi\u0119ki temu kierowca nie jest rozpraszany przez ruch uliczny. W razie potrzeby wy\u015bwietlacz mo\u017cna wyj\u0105\u0107 z uchwytu magnetycznego za pomoc\u0105 uchwytu. <\/p>\n<p><strong>Maksymalne bezpiecze\u0144stwo<\/strong><br \/>.<br \/>\nNiezawodnie wykrywane s\u0105 przeno\u015bne fotopu\u0142apki, dzia\u0142a laserowe, pomiary odcink\u00f3w kontrolnych, ruchome radary (z poruszaj\u0105cych si\u0119 pojazd\u00f3w), sta\u0142e fotopu\u0142apki i fotoradary. <\/p>\n<h3>STINGER VIP LASER<\/h3>\n<p>.<\/p>\n<p><strong>OPTIMAL LASER PROTECTION &#8211; TOTALLY INVISIBLE<\/strong><br \/>.<br \/>\nLasery Stinger w optyce \u015bwiat\u0142owodowej niezawodnie wykrywaj\u0105 i analizuj\u0105 pomiary laserowe w spos\u00f3b niewidoczny. Odbiornik i czujniki zak\u0142\u00f3ce\u0144 s\u0105 po\u0142\u0105czone w oddzielny kabel \u015bwiat\u0142owodowy o \u015brednicy ok. 2,7 mm (zag\u0142uszacz laserowy) i ok. 3,2 mm (odbiornik laserowy). Poprzez oddzielenie odbiornika i czujnika jammera, poszczeg\u00f3lne \u015bwiat\u0142owody mog\u0105 by\u0107 instalowane w spos\u00f3b niemal niewidoczny. <\/p>\n<p>Dla normalnego samochodu, co najmniej 1 odbiornik i 1 jammer laser (wersja pojedyncza) s\u0105 wymagane na przedniej cz\u0119\u015bci pojazdu. Dla wi\u0119kszego bezpiecze\u0144stwa i lepszego zasi\u0119gu, zalecamy 2 odbiornik i 2 jammers ka\u017cdy (DUAL VERSION). Dla samochod\u00f3w typu SUV lub van, prosz\u0119 wybra\u0107 wersj\u0119 DUAL z 2 odbiornikami i 2 czujnikami jammer na prz\u00f3d pojazdu dla niezawodnego dzia\u0142ania.    <\/p>\n<p><strong>Przysz\u0142o\u015bciowo odporny<\/strong><br \/>.<br \/>\nDzi\u0119ki modu\u0142owej budowie system mo\u017cna rozbudowa\u0107 o dodatkowe czujniki, aby w przysz\u0142o\u015bci zawsze by\u0107 w pe\u0142ni zabezpieczonym.<\/p>\n<p>\n","protected":false},"excerpt":{"rendered":"<p>Stinger VIP Detektor Radarowy do monta\u017cu sta\u0142ego i Stinger Freedom Laser Fiber Optic STINGER VIP Detektor radarowy stacjonarny Niewidzialny detektor radaru do monta\u017cu podtynkowego. Stinger VIP mo\u017ce by\u0107 zainstalowany w spos\u00f3b niewidoczny w komorze silnika. Ostrze\u017cenia s\u0105 wy\u015bwietlane na nowoczesnym, dotykowym, kolorowym wy\u015bwietlaczu we wn\u0119trzu pojazdu. Dodatkowo rozlegaj\u0105 si\u0119 akustyczne sygna\u0142y ostrzegawcze. W razie potrzeby [&#8230;]\n","protected":false},"featured_media":15727,"comment_status":"open","ping_status":"closed","template":"","meta":[],"product_brand":[],"product_cat":[1602,1600],"product_tag":[],"class_list":{"0":"post-15726","1":"product","2":"type-product","3":"status-publish","4":"has-post-thumbnail","6":"product_cat-stinger-pl","7":"product_cat-zalecane-kompletne-pakiety","9":"first","10":"instock","11":"sale","12":"taxable","13":"shipping-taxable","14":"purchasable","15":"product-type-simple"},"yoast_head":"<!-- This site is optimized with the Yoast SEO plugin v27.2 - https:\/\/yoast.com\/product\/yoast-seo-wordpress\/ -->\n<title>Stinger VIP Radarwarner &amp; Stinger Freedom Laser Fiberoptik<\/title>\n<meta name=\"description\" content=\"Stinger VIP - stacjonarny detektor radaru i zag\u0142uszacz laserowy do niewidocznego monta\u017cu w komorze silnika. Odpowiednie do stosowania w Europie.\" \/>\n<meta name=\"robots\" content=\"index, follow, max-snippet:-1, max-image-preview:large, max-video-preview:-1\" \/>\n<link rel=\"canonical\" href=\"https:\/\/radarservice.eu\/pl\/produkt\/stinger-vip-radarwarner-stinger-freedom-laser-fiberoptik\/\" \/>\n<meta property=\"og:locale\" content=\"pl_PL\" \/>\n<meta property=\"og:type\" content=\"article\" \/>\n<meta property=\"og:title\" content=\"Stinger VIP Radarwarner &amp; Stinger Freedom Laser Fiberoptik\" \/>\n<meta property=\"og:description\" content=\"Stinger VIP - stacjonarny detektor radaru i zag\u0142uszacz laserowy do niewidocznego monta\u017cu w komorze silnika. Odpowiednie do stosowania w Europie.\" \/>\n<meta property=\"og:url\" content=\"https:\/\/radarservice.eu\/pl\/produkt\/stinger-vip-radarwarner-stinger-freedom-laser-fiberoptik\/\" \/>\n<meta property=\"og:site_name\" content=\"Radar Service\" \/>\n<meta property=\"og:image\" content=\"https:\/\/radarservice.eu\/wp-content\/uploads\/2020\/11\/Stinger_VIP_display.jpg\" \/>\n\t<meta property=\"og:image:width\" content=\"580\" \/>\n\t<meta property=\"og:image:height\" content=\"370\" \/>\n\t<meta property=\"og:image:type\" content=\"image\/jpeg\" \/>\n<meta name=\"twitter:card\" content=\"summary_large_image\" \/>\n<meta name=\"twitter:label1\" content=\"Szacowany czas czytania\" \/>\n\t<meta name=\"twitter:data1\" content=\"1 minuta\" \/>\n<script type=\"application\/ld+json\" class=\"yoast-schema-graph\">{\"@context\":\"https:\/\/schema.org\",\"@graph\":[{\"@type\":\"WebPage\",\"@id\":\"https:\/\/radarservice.eu\/pl\/produkt\/stinger-vip-radarwarner-stinger-freedom-laser-fiberoptik\/\",\"url\":\"https:\/\/radarservice.eu\/pl\/produkt\/stinger-vip-radarwarner-stinger-freedom-laser-fiberoptik\/\",\"name\":\"Stinger VIP Radarwarner & Stinger Freedom Laser Fiberoptik\",\"isPartOf\":{\"@id\":\"https:\/\/radarservice.eu\/pl\/#website\"},\"primaryImageOfPage\":{\"@id\":\"https:\/\/radarservice.eu\/pl\/produkt\/stinger-vip-radarwarner-stinger-freedom-laser-fiberoptik\/#primaryimage\"},\"image\":{\"@id\":\"https:\/\/radarservice.eu\/pl\/produkt\/stinger-vip-radarwarner-stinger-freedom-laser-fiberoptik\/#primaryimage\"},\"thumbnailUrl\":\"https:\/\/radarservice.eu\/wp-content\/uploads\/2020\/11\/Stinger_VIP_display.jpg\",\"datePublished\":\"2021-04-28T14:08:37+00:00\",\"description\":\"Stinger VIP - stacjonarny detektor radaru i zag\u0142uszacz laserowy do niewidocznego monta\u017cu w komorze silnika. Odpowiednie do stosowania w Europie.\",\"breadcrumb\":{\"@id\":\"https:\/\/radarservice.eu\/pl\/produkt\/stinger-vip-radarwarner-stinger-freedom-laser-fiberoptik\/#breadcrumb\"},\"inLanguage\":\"pl-PL\",\"potentialAction\":[{\"@type\":\"ReadAction\",\"target\":[\"https:\/\/radarservice.eu\/pl\/produkt\/stinger-vip-radarwarner-stinger-freedom-laser-fiberoptik\/\"]}]},{\"@type\":\"ImageObject\",\"inLanguage\":\"pl-PL\",\"@id\":\"https:\/\/radarservice.eu\/pl\/produkt\/stinger-vip-radarwarner-stinger-freedom-laser-fiberoptik\/#primaryimage\",\"url\":\"https:\/\/radarservice.eu\/wp-content\/uploads\/2020\/11\/Stinger_VIP_display.jpg\",\"contentUrl\":\"https:\/\/radarservice.eu\/wp-content\/uploads\/2020\/11\/Stinger_VIP_display.jpg\",\"width\":580,\"height\":370,\"caption\":\"Stinger VIP stacjonarny detektor radar\u00f3w + zag\u0142uszacz laserowy\"},{\"@type\":\"BreadcrumbList\",\"@id\":\"https:\/\/radarservice.eu\/pl\/produkt\/stinger-vip-radarwarner-stinger-freedom-laser-fiberoptik\/#breadcrumb\",\"itemListElement\":[{\"@type\":\"ListItem\",\"position\":1,\"name\":\"Sklep\",\"item\":\"https:\/\/radarservice.eu\/pl\/sklep\/\"},{\"@type\":\"ListItem\",\"position\":2,\"name\":\"Stinger VIP Radarwarner &#038; Stinger Freedom Laser Fiberoptik\"}]},{\"@type\":\"WebSite\",\"@id\":\"https:\/\/radarservice.eu\/pl\/#website\",\"url\":\"https:\/\/radarservice.eu\/pl\/\",\"name\":\"Radar Service\",\"description\":\"Radar detector Laser jammer mobile fix\",\"publisher\":{\"@id\":\"https:\/\/radarservice.eu\/pl\/#organization\"},\"potentialAction\":[{\"@type\":\"SearchAction\",\"target\":{\"@type\":\"EntryPoint\",\"urlTemplate\":\"https:\/\/radarservice.eu\/pl\/?s={search_term_string}\"},\"query-input\":{\"@type\":\"PropertyValueSpecification\",\"valueRequired\":true,\"valueName\":\"search_term_string\"}}],\"inLanguage\":\"pl-PL\"},{\"@type\":\"Organization\",\"@id\":\"https:\/\/radarservice.eu\/pl\/#organization\",\"name\":\"RadarService\",\"url\":\"https:\/\/radarservice.eu\/pl\/\",\"logo\":{\"@type\":\"ImageObject\",\"inLanguage\":\"pl-PL\",\"@id\":\"https:\/\/radarservice.eu\/pl\/#\/schema\/logo\/image\/\",\"url\":\"https:\/\/radarservice.eu\/wp-content\/uploads\/2021\/03\/Radar_detector_service.png\",\"contentUrl\":\"https:\/\/radarservice.eu\/wp-content\/uploads\/2021\/03\/Radar_detector_service.png\",\"width\":174,\"height\":48,\"caption\":\"RadarService\"},\"image\":{\"@id\":\"https:\/\/radarservice.eu\/pl\/#\/schema\/logo\/image\/\"}}]}<\/script>\n<!-- \/ Yoast SEO plugin. -->","yoast_head_json":{"title":"Stinger VIP Radarwarner & Stinger Freedom Laser Fiberoptik","description":"Stinger VIP - stacjonarny detektor radaru i zag\u0142uszacz laserowy do niewidocznego monta\u017cu w komorze silnika. Odpowiednie do stosowania w Europie.","robots":{"index":"index","follow":"follow","max-snippet":"max-snippet:-1","max-image-preview":"max-image-preview:large","max-video-preview":"max-video-preview:-1"},"canonical":"https:\/\/radarservice.eu\/pl\/produkt\/stinger-vip-radarwarner-stinger-freedom-laser-fiberoptik\/","og_locale":"pl_PL","og_type":"article","og_title":"Stinger VIP Radarwarner & Stinger Freedom Laser Fiberoptik","og_description":"Stinger VIP - stacjonarny detektor radaru i zag\u0142uszacz laserowy do niewidocznego monta\u017cu w komorze silnika. Odpowiednie do stosowania w Europie.","og_url":"https:\/\/radarservice.eu\/pl\/produkt\/stinger-vip-radarwarner-stinger-freedom-laser-fiberoptik\/","og_site_name":"Radar Service","og_image":[{"width":580,"height":370,"url":"https:\/\/radarservice.eu\/wp-content\/uploads\/2020\/11\/Stinger_VIP_display.jpg","type":"image\/jpeg"}],"twitter_card":"summary_large_image","twitter_misc":{"Szacowany czas czytania":"1 minuta"},"schema":{"@context":"https:\/\/schema.org","@graph":[{"@type":"WebPage","@id":"https:\/\/radarservice.eu\/pl\/produkt\/stinger-vip-radarwarner-stinger-freedom-laser-fiberoptik\/","url":"https:\/\/radarservice.eu\/pl\/produkt\/stinger-vip-radarwarner-stinger-freedom-laser-fiberoptik\/","name":"Stinger VIP Radarwarner & Stinger Freedom Laser Fiberoptik","isPartOf":{"@id":"https:\/\/radarservice.eu\/pl\/#website"},"primaryImageOfPage":{"@id":"https:\/\/radarservice.eu\/pl\/produkt\/stinger-vip-radarwarner-stinger-freedom-laser-fiberoptik\/#primaryimage"},"image":{"@id":"https:\/\/radarservice.eu\/pl\/produkt\/stinger-vip-radarwarner-stinger-freedom-laser-fiberoptik\/#primaryimage"},"thumbnailUrl":"https:\/\/radarservice.eu\/wp-content\/uploads\/2020\/11\/Stinger_VIP_display.jpg","datePublished":"2021-04-28T14:08:37+00:00","description":"Stinger VIP - stacjonarny detektor radaru i zag\u0142uszacz laserowy do niewidocznego monta\u017cu w komorze silnika. Odpowiednie do stosowania w Europie.","breadcrumb":{"@id":"https:\/\/radarservice.eu\/pl\/produkt\/stinger-vip-radarwarner-stinger-freedom-laser-fiberoptik\/#breadcrumb"},"inLanguage":"pl-PL","potentialAction":[{"@type":"ReadAction","target":["https:\/\/radarservice.eu\/pl\/produkt\/stinger-vip-radarwarner-stinger-freedom-laser-fiberoptik\/"]}]},{"@type":"ImageObject","inLanguage":"pl-PL","@id":"https:\/\/radarservice.eu\/pl\/produkt\/stinger-vip-radarwarner-stinger-freedom-laser-fiberoptik\/#primaryimage","url":"https:\/\/radarservice.eu\/wp-content\/uploads\/2020\/11\/Stinger_VIP_display.jpg","contentUrl":"https:\/\/radarservice.eu\/wp-content\/uploads\/2020\/11\/Stinger_VIP_display.jpg","width":580,"height":370,"caption":"Stinger VIP stacjonarny detektor radar\u00f3w + zag\u0142uszacz laserowy"},{"@type":"BreadcrumbList","@id":"https:\/\/radarservice.eu\/pl\/produkt\/stinger-vip-radarwarner-stinger-freedom-laser-fiberoptik\/#breadcrumb","itemListElement":[{"@type":"ListItem","position":1,"name":"Sklep","item":"https:\/\/radarservice.eu\/pl\/sklep\/"},{"@type":"ListItem","position":2,"name":"Stinger VIP Radarwarner &#038; Stinger Freedom Laser Fiberoptik"}]},{"@type":"WebSite","@id":"https:\/\/radarservice.eu\/pl\/#website","url":"https:\/\/radarservice.eu\/pl\/","name":"Radar Service","description":"Radar detector Laser jammer mobile fix","publisher":{"@id":"https:\/\/radarservice.eu\/pl\/#organization"},"potentialAction":[{"@type":"SearchAction","target":{"@type":"EntryPoint","urlTemplate":"https:\/\/radarservice.eu\/pl\/?s={search_term_string}"},"query-input":{"@type":"PropertyValueSpecification","valueRequired":true,"valueName":"search_term_string"}}],"inLanguage":"pl-PL"},{"@type":"Organization","@id":"https:\/\/radarservice.eu\/pl\/#organization","name":"RadarService","url":"https:\/\/radarservice.eu\/pl\/","logo":{"@type":"ImageObject","inLanguage":"pl-PL","@id":"https:\/\/radarservice.eu\/pl\/#\/schema\/logo\/image\/","url":"https:\/\/radarservice.eu\/wp-content\/uploads\/2021\/03\/Radar_detector_service.png","contentUrl":"https:\/\/radarservice.eu\/wp-content\/uploads\/2021\/03\/Radar_detector_service.png","width":174,"height":48,"caption":"RadarService"},"image":{"@id":"https:\/\/radarservice.eu\/pl\/#\/schema\/logo\/image\/"}}]}},"_links":{"self":[{"href":"https:\/\/radarservice.eu\/pl\/wp-json\/wp\/v2\/product\/15726","targetHints":{"allow":["GET"]}}],"collection":[{"href":"https:\/\/radarservice.eu\/pl\/wp-json\/wp\/v2\/product"}],"about":[{"href":"https:\/\/radarservice.eu\/pl\/wp-json\/wp\/v2\/types\/product"}],"replies":[{"embeddable":true,"href":"https:\/\/radarservice.eu\/pl\/wp-json\/wp\/v2\/comments?post=15726"}],"wp:featuredmedia":[{"embeddable":true,"href":"https:\/\/radarservice.eu\/pl\/wp-json\/wp\/v2\/media\/15727"}],"wp:attachment":[{"href":"https:\/\/radarservice.eu\/pl\/wp-json\/wp\/v2\/media?parent=15726"}],"wp:term":[{"taxonomy":"product_brand","embeddable":true,"href":"https:\/\/radarservice.eu\/pl\/wp-json\/wp\/v2\/product_brand?post=15726"},{"taxonomy":"product_cat","embeddable":true,"href":"https:\/\/radarservice.eu\/pl\/wp-json\/wp\/v2\/product_cat?post=15726"},{"taxonomy":"product_tag","embeddable":true,"href":"https:\/\/radarservice.eu\/pl\/wp-json\/wp\/v2\/product_tag?post=15726"}],"curies":[{"name":"wp","href":"https:\/\/api.w.org\/{rel}","templated":true}]}}