{"id":15716,"date":"2021-04-27T17:15:16","date_gmt":"2021-04-27T15:15:16","guid":{"rendered":"https:\/\/radarservice.eu\/produkt\/usluga-instalacji-detektorow-radarow-i-zagluszarek-laserowych\/"},"modified":"2026-03-31T05:13:22","modified_gmt":"2026-03-31T03:13:22","slug":"usluga-instalacji-detektorow-radarow-i-zagluszarek-laserowych","status":"publish","type":"product","link":"https:\/\/radarservice.eu\/pl\/produkt\/usluga-instalacji-detektorow-radarow-i-zagluszarek-laserowych\/","title":{"rendered":"Us\u0142uga instalacji detektor\u00f3w radar\u00f3w i zag\u0142uszarek laserowych"},"content":{"rendered":"<h1>Serwis i warsztat monta\u017cu czujnik\u00f3w radarowych<\/h1>\n<p><strong>W\u0142asny serwis instalacyjny w Hamburgu<\/strong><\/p>\n<p>.<\/p>\n<p>W naszym warsztacie w Hamburgu wykonujemy profesjonalne instalacje wykrywaczy radar\u00f3w. Koszt r\u00f3\u017cni si\u0119 w zale\u017cno\u015bci od typu pojazdu i zakresu po\u017c\u0105danego pakietu instalacji detektora radaru.<br \/>\nW celu uzyskania oferty cenowej prosimy o kontakt mailowy lub telefoniczny. Tel: +49 (0)40 &#8211; 228 590 32<\/p>\n","protected":false},"excerpt":{"rendered":"<p>Serwis i warsztat monta\u017cu czujnik\u00f3w radarowych W\u0142asny serwis instalacyjny w Hamburgu . W naszym warsztacie w Hamburgu wykonujemy profesjonalne instalacje wykrywaczy radar\u00f3w. Koszt r\u00f3\u017cni si\u0119 w zale\u017cno\u015bci od typu pojazdu i zakresu po\u017c\u0105danego pakietu instalacji detektora radaru. W celu uzyskania oferty cenowej prosimy o kontakt mailowy lub telefoniczny. Tel: +49 (0)40 &#8211; 228 590 32<\/p>\n","protected":false},"featured_media":15717,"comment_status":"open","ping_status":"closed","template":"","meta":[],"product_brand":[],"product_cat":[2072,1583,1597,1600,1601],"product_tag":[],"class_list":{"0":"post-15716","1":"product","2":"type-product","3":"status-publish","4":"has-post-thumbnail","6":"product_cat-serwis-radarowy","7":"product_cat-stale-detektory-radarowe","8":"product_cat-zaklocacze-laserowe","9":"product_cat-zalecane-kompletne-pakiety","10":"product_cat-zalecane-zaklocenia","12":"first","13":"instock","14":"virtual","15":"taxable","16":"purchasable","17":"product-type-simple"},"yoast_head":"<!-- This site is optimized with the Yoast SEO plugin v27.2 - https:\/\/yoast.com\/product\/yoast-seo-wordpress\/ -->\n<title>Us\u0142uga instalacji detektor\u00f3w radar\u00f3w i zag\u0142uszarek laserowych w Hamburgu<\/title>\n<meta name=\"description\" content=\"Serwis i warsztat monta\u017cu czujnik\u00f3w radarowych. Jako do\u015bwiadczony serwis instalacyjny w Hamburgu od wielu lat zajmujemy si\u0119 monta\u017cem wykrywaczy radar\u00f3w i zag\u0142uszaczy laserowych.\" \/>\n<meta name=\"robots\" content=\"index, follow, max-snippet:-1, max-image-preview:large, max-video-preview:-1\" \/>\n<link rel=\"canonical\" href=\"https:\/\/radarservice.eu\/pl\/produkt\/usluga-instalacji-detektorow-radarow-i-zagluszarek-laserowych\/\" \/>\n<meta property=\"og:locale\" content=\"pl_PL\" \/>\n<meta property=\"og:type\" content=\"article\" \/>\n<meta property=\"og:title\" content=\"Us\u0142uga instalacji detektor\u00f3w radar\u00f3w i zag\u0142uszarek laserowych w Hamburgu\" \/>\n<meta property=\"og:description\" content=\"Serwis i warsztat monta\u017cu czujnik\u00f3w radarowych. Jako do\u015bwiadczony serwis instalacyjny w Hamburgu od wielu lat zajmujemy si\u0119 monta\u017cem wykrywaczy radar\u00f3w i zag\u0142uszaczy laserowych.\" \/>\n<meta property=\"og:url\" content=\"https:\/\/radarservice.eu\/pl\/produkt\/usluga-instalacji-detektorow-radarow-i-zagluszarek-laserowych\/\" \/>\n<meta property=\"og:site_name\" content=\"Radar Service\" \/>\n<meta property=\"article:modified_time\" content=\"2026-03-31T03:13:22+00:00\" \/>\n<meta property=\"og:image\" content=\"https:\/\/radarservice.eu\/wp-content\/uploads\/2020\/11\/McLaren_1280x853.jpg\" \/>\n\t<meta property=\"og:image:width\" content=\"1280\" \/>\n\t<meta property=\"og:image:height\" content=\"853\" \/>\n\t<meta property=\"og:image:type\" content=\"image\/jpeg\" \/>\n<meta name=\"twitter:card\" content=\"summary_large_image\" \/>\n<script type=\"application\/ld+json\" class=\"yoast-schema-graph\">{\"@context\":\"https:\/\/schema.org\",\"@graph\":[{\"@type\":\"WebPage\",\"@id\":\"https:\/\/radarservice.eu\/pl\/produkt\/usluga-instalacji-detektorow-radarow-i-zagluszarek-laserowych\/\",\"url\":\"https:\/\/radarservice.eu\/pl\/produkt\/usluga-instalacji-detektorow-radarow-i-zagluszarek-laserowych\/\",\"name\":\"Us\u0142uga instalacji detektor\u00f3w radar\u00f3w i zag\u0142uszarek laserowych w Hamburgu\",\"isPartOf\":{\"@id\":\"https:\/\/radarservice.eu\/pl\/#website\"},\"primaryImageOfPage\":{\"@id\":\"https:\/\/radarservice.eu\/pl\/produkt\/usluga-instalacji-detektorow-radarow-i-zagluszarek-laserowych\/#primaryimage\"},\"image\":{\"@id\":\"https:\/\/radarservice.eu\/pl\/produkt\/usluga-instalacji-detektorow-radarow-i-zagluszarek-laserowych\/#primaryimage\"},\"thumbnailUrl\":\"https:\/\/radarservice.eu\/wp-content\/uploads\/2020\/11\/McLaren_1280x853.jpg\",\"datePublished\":\"2021-04-27T15:15:16+00:00\",\"dateModified\":\"2026-03-31T03:13:22+00:00\",\"description\":\"Serwis i warsztat monta\u017cu czujnik\u00f3w radarowych. Jako do\u015bwiadczony serwis instalacyjny w Hamburgu od wielu lat zajmujemy si\u0119 monta\u017cem wykrywaczy radar\u00f3w i zag\u0142uszaczy laserowych.\",\"breadcrumb\":{\"@id\":\"https:\/\/radarservice.eu\/pl\/produkt\/usluga-instalacji-detektorow-radarow-i-zagluszarek-laserowych\/#breadcrumb\"},\"inLanguage\":\"pl-PL\",\"potentialAction\":[{\"@type\":\"ReadAction\",\"target\":[\"https:\/\/radarservice.eu\/pl\/produkt\/usluga-instalacji-detektorow-radarow-i-zagluszarek-laserowych\/\"]}]},{\"@type\":\"ImageObject\",\"inLanguage\":\"pl-PL\",\"@id\":\"https:\/\/radarservice.eu\/pl\/produkt\/usluga-instalacji-detektorow-radarow-i-zagluszarek-laserowych\/#primaryimage\",\"url\":\"https:\/\/radarservice.eu\/wp-content\/uploads\/2020\/11\/McLaren_1280x853.jpg\",\"contentUrl\":\"https:\/\/radarservice.eu\/wp-content\/uploads\/2020\/11\/McLaren_1280x853.jpg\",\"width\":1280,\"height\":853,\"caption\":\"Detektor radarowy Detektor radarowy auto samoch\u00f3d\"},{\"@type\":\"BreadcrumbList\",\"@id\":\"https:\/\/radarservice.eu\/pl\/produkt\/usluga-instalacji-detektorow-radarow-i-zagluszarek-laserowych\/#breadcrumb\",\"itemListElement\":[{\"@type\":\"ListItem\",\"position\":1,\"name\":\"Sklep\",\"item\":\"https:\/\/radarservice.eu\/pl\/sklep\/\"},{\"@type\":\"ListItem\",\"position\":2,\"name\":\"Us\u0142uga instalacji detektor\u00f3w radar\u00f3w i zag\u0142uszarek laserowych\"}]},{\"@type\":\"WebSite\",\"@id\":\"https:\/\/radarservice.eu\/pl\/#website\",\"url\":\"https:\/\/radarservice.eu\/pl\/\",\"name\":\"Radar Service\",\"description\":\"Radar detector Laser jammer mobile fix\",\"publisher\":{\"@id\":\"https:\/\/radarservice.eu\/pl\/#organization\"},\"potentialAction\":[{\"@type\":\"SearchAction\",\"target\":{\"@type\":\"EntryPoint\",\"urlTemplate\":\"https:\/\/radarservice.eu\/pl\/?s={search_term_string}\"},\"query-input\":{\"@type\":\"PropertyValueSpecification\",\"valueRequired\":true,\"valueName\":\"search_term_string\"}}],\"inLanguage\":\"pl-PL\"},{\"@type\":\"Organization\",\"@id\":\"https:\/\/radarservice.eu\/pl\/#organization\",\"name\":\"RadarService\",\"url\":\"https:\/\/radarservice.eu\/pl\/\",\"logo\":{\"@type\":\"ImageObject\",\"inLanguage\":\"pl-PL\",\"@id\":\"https:\/\/radarservice.eu\/pl\/#\/schema\/logo\/image\/\",\"url\":\"https:\/\/radarservice.eu\/wp-content\/uploads\/2021\/03\/Radar_detector_service.png\",\"contentUrl\":\"https:\/\/radarservice.eu\/wp-content\/uploads\/2021\/03\/Radar_detector_service.png\",\"width\":174,\"height\":48,\"caption\":\"RadarService\"},\"image\":{\"@id\":\"https:\/\/radarservice.eu\/pl\/#\/schema\/logo\/image\/\"}}]}<\/script>\n<!-- \/ Yoast SEO plugin. -->","yoast_head_json":{"title":"Us\u0142uga instalacji detektor\u00f3w radar\u00f3w i zag\u0142uszarek laserowych w Hamburgu","description":"Serwis i warsztat monta\u017cu czujnik\u00f3w radarowych. Jako do\u015bwiadczony serwis instalacyjny w Hamburgu od wielu lat zajmujemy si\u0119 monta\u017cem wykrywaczy radar\u00f3w i zag\u0142uszaczy laserowych.","robots":{"index":"index","follow":"follow","max-snippet":"max-snippet:-1","max-image-preview":"max-image-preview:large","max-video-preview":"max-video-preview:-1"},"canonical":"https:\/\/radarservice.eu\/pl\/produkt\/usluga-instalacji-detektorow-radarow-i-zagluszarek-laserowych\/","og_locale":"pl_PL","og_type":"article","og_title":"Us\u0142uga instalacji detektor\u00f3w radar\u00f3w i zag\u0142uszarek laserowych w Hamburgu","og_description":"Serwis i warsztat monta\u017cu czujnik\u00f3w radarowych. Jako do\u015bwiadczony serwis instalacyjny w Hamburgu od wielu lat zajmujemy si\u0119 monta\u017cem wykrywaczy radar\u00f3w i zag\u0142uszaczy laserowych.","og_url":"https:\/\/radarservice.eu\/pl\/produkt\/usluga-instalacji-detektorow-radarow-i-zagluszarek-laserowych\/","og_site_name":"Radar Service","article_modified_time":"2026-03-31T03:13:22+00:00","og_image":[{"width":1280,"height":853,"url":"https:\/\/radarservice.eu\/wp-content\/uploads\/2020\/11\/McLaren_1280x853.jpg","type":"image\/jpeg"}],"twitter_card":"summary_large_image","schema":{"@context":"https:\/\/schema.org","@graph":[{"@type":"WebPage","@id":"https:\/\/radarservice.eu\/pl\/produkt\/usluga-instalacji-detektorow-radarow-i-zagluszarek-laserowych\/","url":"https:\/\/radarservice.eu\/pl\/produkt\/usluga-instalacji-detektorow-radarow-i-zagluszarek-laserowych\/","name":"Us\u0142uga instalacji detektor\u00f3w radar\u00f3w i zag\u0142uszarek laserowych w Hamburgu","isPartOf":{"@id":"https:\/\/radarservice.eu\/pl\/#website"},"primaryImageOfPage":{"@id":"https:\/\/radarservice.eu\/pl\/produkt\/usluga-instalacji-detektorow-radarow-i-zagluszarek-laserowych\/#primaryimage"},"image":{"@id":"https:\/\/radarservice.eu\/pl\/produkt\/usluga-instalacji-detektorow-radarow-i-zagluszarek-laserowych\/#primaryimage"},"thumbnailUrl":"https:\/\/radarservice.eu\/wp-content\/uploads\/2020\/11\/McLaren_1280x853.jpg","datePublished":"2021-04-27T15:15:16+00:00","dateModified":"2026-03-31T03:13:22+00:00","description":"Serwis i warsztat monta\u017cu czujnik\u00f3w radarowych. Jako do\u015bwiadczony serwis instalacyjny w Hamburgu od wielu lat zajmujemy si\u0119 monta\u017cem wykrywaczy radar\u00f3w i zag\u0142uszaczy laserowych.","breadcrumb":{"@id":"https:\/\/radarservice.eu\/pl\/produkt\/usluga-instalacji-detektorow-radarow-i-zagluszarek-laserowych\/#breadcrumb"},"inLanguage":"pl-PL","potentialAction":[{"@type":"ReadAction","target":["https:\/\/radarservice.eu\/pl\/produkt\/usluga-instalacji-detektorow-radarow-i-zagluszarek-laserowych\/"]}]},{"@type":"ImageObject","inLanguage":"pl-PL","@id":"https:\/\/radarservice.eu\/pl\/produkt\/usluga-instalacji-detektorow-radarow-i-zagluszarek-laserowych\/#primaryimage","url":"https:\/\/radarservice.eu\/wp-content\/uploads\/2020\/11\/McLaren_1280x853.jpg","contentUrl":"https:\/\/radarservice.eu\/wp-content\/uploads\/2020\/11\/McLaren_1280x853.jpg","width":1280,"height":853,"caption":"Detektor radarowy Detektor radarowy auto samoch\u00f3d"},{"@type":"BreadcrumbList","@id":"https:\/\/radarservice.eu\/pl\/produkt\/usluga-instalacji-detektorow-radarow-i-zagluszarek-laserowych\/#breadcrumb","itemListElement":[{"@type":"ListItem","position":1,"name":"Sklep","item":"https:\/\/radarservice.eu\/pl\/sklep\/"},{"@type":"ListItem","position":2,"name":"Us\u0142uga instalacji detektor\u00f3w radar\u00f3w i zag\u0142uszarek laserowych"}]},{"@type":"WebSite","@id":"https:\/\/radarservice.eu\/pl\/#website","url":"https:\/\/radarservice.eu\/pl\/","name":"Radar Service","description":"Radar detector Laser jammer mobile fix","publisher":{"@id":"https:\/\/radarservice.eu\/pl\/#organization"},"potentialAction":[{"@type":"SearchAction","target":{"@type":"EntryPoint","urlTemplate":"https:\/\/radarservice.eu\/pl\/?s={search_term_string}"},"query-input":{"@type":"PropertyValueSpecification","valueRequired":true,"valueName":"search_term_string"}}],"inLanguage":"pl-PL"},{"@type":"Organization","@id":"https:\/\/radarservice.eu\/pl\/#organization","name":"RadarService","url":"https:\/\/radarservice.eu\/pl\/","logo":{"@type":"ImageObject","inLanguage":"pl-PL","@id":"https:\/\/radarservice.eu\/pl\/#\/schema\/logo\/image\/","url":"https:\/\/radarservice.eu\/wp-content\/uploads\/2021\/03\/Radar_detector_service.png","contentUrl":"https:\/\/radarservice.eu\/wp-content\/uploads\/2021\/03\/Radar_detector_service.png","width":174,"height":48,"caption":"RadarService"},"image":{"@id":"https:\/\/radarservice.eu\/pl\/#\/schema\/logo\/image\/"}}]}},"_links":{"self":[{"href":"https:\/\/radarservice.eu\/pl\/wp-json\/wp\/v2\/product\/15716","targetHints":{"allow":["GET"]}}],"collection":[{"href":"https:\/\/radarservice.eu\/pl\/wp-json\/wp\/v2\/product"}],"about":[{"href":"https:\/\/radarservice.eu\/pl\/wp-json\/wp\/v2\/types\/product"}],"replies":[{"embeddable":true,"href":"https:\/\/radarservice.eu\/pl\/wp-json\/wp\/v2\/comments?post=15716"}],"wp:featuredmedia":[{"embeddable":true,"href":"https:\/\/radarservice.eu\/pl\/wp-json\/wp\/v2\/media\/15717"}],"wp:attachment":[{"href":"https:\/\/radarservice.eu\/pl\/wp-json\/wp\/v2\/media?parent=15716"}],"wp:term":[{"taxonomy":"product_brand","embeddable":true,"href":"https:\/\/radarservice.eu\/pl\/wp-json\/wp\/v2\/product_brand?post=15716"},{"taxonomy":"product_cat","embeddable":true,"href":"https:\/\/radarservice.eu\/pl\/wp-json\/wp\/v2\/product_cat?post=15716"},{"taxonomy":"product_tag","embeddable":true,"href":"https:\/\/radarservice.eu\/pl\/wp-json\/wp\/v2\/product_tag?post=15716"}],"curies":[{"name":"wp","href":"https:\/\/api.w.org\/{rel}","templated":true}]}}