{"id":15708,"date":"2021-04-27T09:45:20","date_gmt":"2021-04-27T07:45:20","guid":{"rendered":"https:\/\/radarservice.eu\/produkt\/genevo-assist-pro-ii-m-hdm\/"},"modified":"2022-04-03T14:38:29","modified_gmt":"2022-04-03T12:38:29","slug":"genevo-assist-pro-ii-m-hdm","status":"publish","type":"product","link":"https:\/\/radarservice.eu\/pl\/produkt\/genevo-assist-pro-ii-m-hdm\/","title":{"rendered":"Genevo Assist Pro II M (HDM+)"},"content":{"rendered":"<p>Nowy Genevo Assist Pro 2 M to detektor radaru do ukrytej instalacji z nowym kolorowym wy\u015bwietlaczem OLED i pot\u0119\u017cn\u0105 anten\u0105 radarow\u0105 HDM+. Podczas projektowania szczeg\u00f3lny nacisk po\u0142o\u017cono na wysok\u0105 jako\u015b\u0107, \u0142atwo\u015b\u0107 obs\u0142ugi i prosty monta\u017c. Detektor radarowy sk\u0142ada si\u0119 z g\u0142\u00f3wnej jednostki steruj\u0105cej, anteny GPS, anteny radarowej, kolorowego wy\u015bwietlacza OLED oraz magnetycznego uchwytu do wy\u015bwietlacza.<\/p>\n<p>.<\/p>\n<h3>Wszystko w jednym: ochrona radarowa i laserowa<\/h3>\n<p>.<\/p>\n<p>Genevo Assist PRO 2 mo\u017ce by\u0107 pod\u0142\u0105czony do dodatkowego jammera laserowego. Mo\u017cesz wybra\u0107 pomi\u0119dzy Genevo FF, Antilaser Priority i Target LaserTrack. Zag\u0142uszacze laserowe mog\u0105 by\u0107 \u0142atwo kontrolowane z menu Genevo Assist.<\/p>\n<p>.<\/p>\n<h3>Dwie anteny, lepsza wydajno\u015b\u0107<\/h3>\n<p>Genevo Assist PRO 2 M jest wyposa\u017cony w anten\u0119 radarow\u0105 HDM+ i mo\u017ce by\u0107 opcjonalnie rozbudowany o drug\u0105 anten\u0119 radarow\u0105. W ten spos\u00f3b mo\u017cna r\u00f3wnie\u017c chroni\u0107 ty\u0142 pojazdu przed pomiarami od ty\u0142u. Do u\u017cytku w Niemczech, Austrii wystarczy antena HDM+, poniewa\u017c nie s\u0105 u\u017cywane radary. <\/p>\n<h3>Sterowanie ruchowe dla wygodnej obs\u0142ugi<\/h3>\n<p>.<\/p>\n<p>Nowy czujnik ruchu do obs\u0142ugi bezdotykowej umo\u017cliwia wygodn\u0105 obs\u0142ug\u0119. Na przyk\u0142ad, mo\u017cna wyciszy\u0107 alarm bez konieczno\u015bci szukania odpowiedniego przycisku podczas jazdy. Zamiast tego po prostu machnij r\u0119k\u0105.<br \/>\n<figure id=\"attachment_13956\" aria-describedby=\"caption-attachment-13956\" style=\"width: 450px\" class=\"wp-caption aligncenter\"><img loading=\"lazy\" decoding=\"async\" src=\"https:\/\/radarservice.eu\/wp-content\/uploads\/2021\/01\/pro2_gesture_control-e1610501972758.jpg\" alt=\"Genevo Assist Gesture Control\" width=\"450\" height=\"341\" class=\"size-full wp-image-15710\" \/><figcaption id=\"caption-attachment-13956\" class=\"wp-caption-text\">Genevo Assist Gesture Control<\/figcaption><\/figure>\n<h3>Baza danych POI z nieograniczon\u0105 ilo\u015bci\u0105 aktualizacji<\/h3>\n<p>Baza danych GPS, w tym do\u017cywotnie aktualizacje, jest wliczona w cen\u0119 zakupu. Obejmuje to sta\u0142e pu\u0142apki pr\u0119dko\u015bci, kontroli sekcji i fotoradary sygnalizacji \u015bwietlnej.<br \/>.<br \/>\n<br \/>Aktualizacje i ustawienia nigdy nie by\u0142y \u0142atwiejsze.<br \/>\nGenevo Asssit 2 jest \u0142atwy do aktualizacji i konfiguracji przy u\u017cyciu dowolnej pami\u0119ci USB. <\/p>\n<h3>Szybkie wy\u0142\u0105czenie podczas kontroli policyjnej<\/h3>\n<p>.<\/p>\n<p>Po prostu usu\u0144 nowy wy\u015bwietlacz magnetyczny, aby dezaktywowa\u0107 Genevo Assist 2. Podczas gdy u\u017cywanie Genevo Assist 2 jest legalne w niekt\u00f3rych krajach UE, w innych nie jest, dlatego urz\u0105dzenie posiada zdejmowany ekran. Oznacza to, \u017ce kiedy chcesz wy\u0142\u0105czy\u0107 urz\u0105dzenie, po prostu wyjmujesz ekran z magnetycznego uchwytu i chowasz go np. do kieszeni lub na tac\u0119. Urz\u0105dzenie staje si\u0119 wtedy nieaktywne i tylko Ty mo\u017cesz ponownie aktywowa\u0107 detektor radaru poprzez wy\u015bwietlacz. Je\u015bli chcesz usun\u0105\u0107 wy\u015bwietlacz wraz z uchwytem magnetycznym, to r\u00f3wnie\u017c nie stanowi to problemu. Pozostaje tylko \u0142adowarka micro USB w poje\u017adzie, kt\u00f3ry mo\u017cna u\u017cy\u0107, na przyk\u0142ad, do \u0142adowania smartfona.<br \/>\n<figure id=\"attachment_13953\" aria-describedby=\"caption-attachment-13953\" style=\"width: 900px\" class=\"wp-caption aligncenter\"><img loading=\"lazy\" decoding=\"async\" src=\"https:\/\/radarservice.eu\/wp-content\/uploads\/2021\/01\/installation_car.jpg\" alt=\"Genevo Assist Installation Radar Detector\" width=\"900\" height=\"518\" class=\"size-full wp-image-15714\" srcset=\"https:\/\/radarservice.eu\/wp-content\/uploads\/2021\/01\/installation_car.jpg 900w, https:\/\/radarservice.eu\/wp-content\/uploads\/2021\/01\/installation_car-300x173.jpg 300w, https:\/\/radarservice.eu\/wp-content\/uploads\/2021\/01\/installation_car-768x442.jpg 768w, https:\/\/radarservice.eu\/wp-content\/uploads\/2021\/01\/installation_car-510x294.jpg 510w\" sizes=\"auto, (max-width: 900px) 100vw, 900px\" \/><figcaption id=\"caption-attachment-13953\" class=\"wp-caption-text\">Genevo Assist Installation Radar Detector<\/figcaption><\/figure>\n<h3>Wymie\u0144 stare na nowe<\/h3>\n<p>Czy posiadasz stary radar wbudowany Genevo lub stary przeno\u015bny radar? Skorzystaj z naszego programu wymiany i wymie\u0144 sw\u00f3j stary detektor radaru na nowy Genevo Assist Pro 2 M. Skontaktuj si\u0119 z nami, aby uzyska\u0107 wi\u0119cej informacji. Je\u015bli szukasz najlepszego detektora na ca\u0142\u0105 Europ\u0119, Genevo PRO jest w\u0142a\u015bciwym wyborem!<\/p>\n<\/h3>\n<p>Kluczowe zalety urz\u0105dzenia Genevo Assist PRO II M:<\/h3>\n<p>.<\/p>\n<ul>.<\/p>\n<li>Najlepszy stosunek jako\u015bci do ceny<\/li>\n<p>.<\/p>\n<li>Pod\u0142\u0105cz jammer laserowy<\/li>\n<p>.<\/p>\n<li>Pod\u0142\u0105cz dwie anteny radarowe (1x antena HDM+ w zestawie)<\/li>\n<li>Wymienny wy\u015bwietlacz magnetyczny<\/li>\n<li>Wielokolorowy wy\u015bwietlacz OLED<\/li>\n<li>Czujnik ruchu do sterowania gestami<\/li>\n<li>\u0141atwa aktualizacja przez pami\u0119\u0107 USB<\/li>\n<li>Najbardziej przyjazne dla u\u017cytkownika menu<\/li>\n<li>Najlepsze czasy ostrzegania z wyprzedzeniem dzi\u0119ki nowej antenie HDM+<\/li>\n<li>Doskona\u0142y filtr fa\u0142szywych alarm\u00f3w<\/li>\n<li>Baza danych pu\u0142apek pr\u0119dko\u015bci POI dla ca\u0142ej Europy z nieograniczon\u0105 licencj\u0105 (bez koszt\u00f3w kontynuacji)<\/li>\n<li>odpowiednie dla Europy<\/li>\n<\/ul>\n","protected":false},"excerpt":{"rendered":"<p>Nowy stacjonarny detektor radaru Genevo Assist Pro 2 M jest najlepszym wysokiej klasy detektorem radaru i jest idealny do u\u017cytku w Europie. Dzi\u0119ki pot\u0119\u017cnej antenie HDM+, Genevo Assist 2 niezawodnie ostrzega przed nowymi pu\u0142apkami pr\u0119dko\u015bci MultaRadar (MRCD \/ MRCT \/ Moving) w Europie.<\/p>\n","protected":false},"featured_media":15715,"comment_status":"open","ping_status":"closed","template":"","meta":[],"product_brand":[],"product_cat":[1584,1583,1585],"product_tag":[1586,1587,1590,1591,1594,1589,1595,1596,1593,1588,1592],"class_list":{"0":"post-15708","1":"product","2":"type-product","3":"status-publish","4":"has-post-thumbnail","6":"product_cat-genevo-pl","7":"product_cat-stale-detektory-radarowe","8":"product_cat-zalecane-detektory-radaru","9":"product_tag-detektor-radarowy","10":"product_tag-europa-pl","11":"product_tag-genevo-pl","12":"product_tag-genevo-assist-pl","13":"product_tag-genevo-assist-hdm-pl","14":"product_tag-genevo-ff-pl","15":"product_tag-genevo-pro-pl","16":"product_tag-genevo-pro-hdm-pl","17":"product_tag-hamburg-pl","18":"product_tag-stala-instalacja","19":"product_tag-usluga-instalacyjna","21":"first","22":"instock","23":"sale","24":"taxable","25":"shipping-taxable","26":"purchasable","27":"product-type-variable","28":"has-default-attributes"},"yoast_head":"<!-- This site is optimized with the Yoast SEO plugin v27.2 - https:\/\/yoast.com\/product\/yoast-seo-wordpress\/ -->\n<title>Genevo Assist Pro II M (HDM+) ukryty stacjonarny detektor radaru<\/title>\n<meta name=\"description\" content=\"Stacjonarny detektor radaru Genevo Assist Pro HDM+ jest obecnie najlepszym wysokiej klasy kompletnym rozwi\u0105zaniem z MultaRadar i ostrze\u017ceniem Gatso.\" \/>\n<meta name=\"robots\" content=\"index, follow, max-snippet:-1, max-image-preview:large, max-video-preview:-1\" \/>\n<link rel=\"canonical\" href=\"https:\/\/radarservice.eu\/pl\/produkt\/genevo-assist-pro-ii-m-hdm\/\" \/>\n<meta property=\"og:locale\" content=\"pl_PL\" \/>\n<meta property=\"og:type\" content=\"article\" \/>\n<meta property=\"og:title\" content=\"Genevo Assist Pro II M (HDM+) ukryty stacjonarny detektor radaru\" \/>\n<meta property=\"og:description\" content=\"Stacjonarny detektor radaru Genevo Assist Pro HDM+ jest obecnie najlepszym wysokiej klasy kompletnym rozwi\u0105zaniem z MultaRadar i ostrze\u017ceniem Gatso.\" \/>\n<meta property=\"og:url\" content=\"https:\/\/radarservice.eu\/pl\/produkt\/genevo-assist-pro-ii-m-hdm\/\" \/>\n<meta property=\"og:site_name\" content=\"Radar Service\" \/>\n<meta property=\"article:modified_time\" content=\"2022-04-03T12:38:29+00:00\" \/>\n<meta property=\"og:image\" content=\"https:\/\/radarservice.eu\/wp-content\/uploads\/2021\/01\/multi_color_magnetic_display.jpg\" \/>\n\t<meta property=\"og:image:width\" content=\"1582\" \/>\n\t<meta property=\"og:image:height\" content=\"1092\" \/>\n\t<meta property=\"og:image:type\" content=\"image\/jpeg\" \/>\n<meta name=\"twitter:card\" content=\"summary_large_image\" \/>\n<meta name=\"twitter:label1\" content=\"Szacowany czas czytania\" \/>\n\t<meta name=\"twitter:data1\" content=\"3 minuty\" \/>\n<script type=\"application\/ld+json\" class=\"yoast-schema-graph\">{\"@context\":\"https:\/\/schema.org\",\"@graph\":[{\"@type\":\"WebPage\",\"@id\":\"https:\/\/radarservice.eu\/pl\/produkt\/genevo-assist-pro-ii-m-hdm\/\",\"url\":\"https:\/\/radarservice.eu\/pl\/produkt\/genevo-assist-pro-ii-m-hdm\/\",\"name\":\"Genevo Assist Pro II M (HDM+) ukryty stacjonarny detektor radaru\",\"isPartOf\":{\"@id\":\"https:\/\/radarservice.eu\/pl\/#website\"},\"primaryImageOfPage\":{\"@id\":\"https:\/\/radarservice.eu\/pl\/produkt\/genevo-assist-pro-ii-m-hdm\/#primaryimage\"},\"image\":{\"@id\":\"https:\/\/radarservice.eu\/pl\/produkt\/genevo-assist-pro-ii-m-hdm\/#primaryimage\"},\"thumbnailUrl\":\"https:\/\/radarservice.eu\/wp-content\/uploads\/2021\/01\/multi_color_magnetic_display.jpg\",\"datePublished\":\"2021-04-27T07:45:20+00:00\",\"dateModified\":\"2022-04-03T12:38:29+00:00\",\"description\":\"Stacjonarny detektor radaru Genevo Assist Pro HDM+ jest obecnie najlepszym wysokiej klasy kompletnym rozwi\u0105zaniem z MultaRadar i ostrze\u017ceniem Gatso.\",\"breadcrumb\":{\"@id\":\"https:\/\/radarservice.eu\/pl\/produkt\/genevo-assist-pro-ii-m-hdm\/#breadcrumb\"},\"inLanguage\":\"pl-PL\",\"potentialAction\":[{\"@type\":\"ReadAction\",\"target\":[\"https:\/\/radarservice.eu\/pl\/produkt\/genevo-assist-pro-ii-m-hdm\/\"]}]},{\"@type\":\"ImageObject\",\"inLanguage\":\"pl-PL\",\"@id\":\"https:\/\/radarservice.eu\/pl\/produkt\/genevo-assist-pro-ii-m-hdm\/#primaryimage\",\"url\":\"https:\/\/radarservice.eu\/wp-content\/uploads\/2021\/01\/multi_color_magnetic_display.jpg\",\"contentUrl\":\"https:\/\/radarservice.eu\/wp-content\/uploads\/2021\/01\/multi_color_magnetic_display.jpg\",\"width\":1582,\"height\":1092,\"caption\":\"Genevo Assist Pro II M\"},{\"@type\":\"BreadcrumbList\",\"@id\":\"https:\/\/radarservice.eu\/pl\/produkt\/genevo-assist-pro-ii-m-hdm\/#breadcrumb\",\"itemListElement\":[{\"@type\":\"ListItem\",\"position\":1,\"name\":\"Sklep\",\"item\":\"https:\/\/radarservice.eu\/pl\/sklep\/\"},{\"@type\":\"ListItem\",\"position\":2,\"name\":\"Genevo Assist Pro II M (HDM+)\"}]},{\"@type\":\"WebSite\",\"@id\":\"https:\/\/radarservice.eu\/pl\/#website\",\"url\":\"https:\/\/radarservice.eu\/pl\/\",\"name\":\"Radar Service\",\"description\":\"Radar detector Laser jammer mobile fix\",\"publisher\":{\"@id\":\"https:\/\/radarservice.eu\/pl\/#organization\"},\"potentialAction\":[{\"@type\":\"SearchAction\",\"target\":{\"@type\":\"EntryPoint\",\"urlTemplate\":\"https:\/\/radarservice.eu\/pl\/?s={search_term_string}\"},\"query-input\":{\"@type\":\"PropertyValueSpecification\",\"valueRequired\":true,\"valueName\":\"search_term_string\"}}],\"inLanguage\":\"pl-PL\"},{\"@type\":\"Organization\",\"@id\":\"https:\/\/radarservice.eu\/pl\/#organization\",\"name\":\"RadarService\",\"url\":\"https:\/\/radarservice.eu\/pl\/\",\"logo\":{\"@type\":\"ImageObject\",\"inLanguage\":\"pl-PL\",\"@id\":\"https:\/\/radarservice.eu\/pl\/#\/schema\/logo\/image\/\",\"url\":\"https:\/\/radarservice.eu\/wp-content\/uploads\/2021\/03\/Radar_detector_service.png\",\"contentUrl\":\"https:\/\/radarservice.eu\/wp-content\/uploads\/2021\/03\/Radar_detector_service.png\",\"width\":174,\"height\":48,\"caption\":\"RadarService\"},\"image\":{\"@id\":\"https:\/\/radarservice.eu\/pl\/#\/schema\/logo\/image\/\"}}]}<\/script>\n<!-- \/ Yoast SEO plugin. -->","yoast_head_json":{"title":"Genevo Assist Pro II M (HDM+) ukryty stacjonarny detektor radaru","description":"Stacjonarny detektor radaru Genevo Assist Pro HDM+ jest obecnie najlepszym wysokiej klasy kompletnym rozwi\u0105zaniem z MultaRadar i ostrze\u017ceniem Gatso.","robots":{"index":"index","follow":"follow","max-snippet":"max-snippet:-1","max-image-preview":"max-image-preview:large","max-video-preview":"max-video-preview:-1"},"canonical":"https:\/\/radarservice.eu\/pl\/produkt\/genevo-assist-pro-ii-m-hdm\/","og_locale":"pl_PL","og_type":"article","og_title":"Genevo Assist Pro II M (HDM+) ukryty stacjonarny detektor radaru","og_description":"Stacjonarny detektor radaru Genevo Assist Pro HDM+ jest obecnie najlepszym wysokiej klasy kompletnym rozwi\u0105zaniem z MultaRadar i ostrze\u017ceniem Gatso.","og_url":"https:\/\/radarservice.eu\/pl\/produkt\/genevo-assist-pro-ii-m-hdm\/","og_site_name":"Radar Service","article_modified_time":"2022-04-03T12:38:29+00:00","og_image":[{"width":1582,"height":1092,"url":"https:\/\/radarservice.eu\/wp-content\/uploads\/2021\/01\/multi_color_magnetic_display.jpg","type":"image\/jpeg"}],"twitter_card":"summary_large_image","twitter_misc":{"Szacowany czas czytania":"3 minuty"},"schema":{"@context":"https:\/\/schema.org","@graph":[{"@type":"WebPage","@id":"https:\/\/radarservice.eu\/pl\/produkt\/genevo-assist-pro-ii-m-hdm\/","url":"https:\/\/radarservice.eu\/pl\/produkt\/genevo-assist-pro-ii-m-hdm\/","name":"Genevo Assist Pro II M (HDM+) ukryty stacjonarny detektor radaru","isPartOf":{"@id":"https:\/\/radarservice.eu\/pl\/#website"},"primaryImageOfPage":{"@id":"https:\/\/radarservice.eu\/pl\/produkt\/genevo-assist-pro-ii-m-hdm\/#primaryimage"},"image":{"@id":"https:\/\/radarservice.eu\/pl\/produkt\/genevo-assist-pro-ii-m-hdm\/#primaryimage"},"thumbnailUrl":"https:\/\/radarservice.eu\/wp-content\/uploads\/2021\/01\/multi_color_magnetic_display.jpg","datePublished":"2021-04-27T07:45:20+00:00","dateModified":"2022-04-03T12:38:29+00:00","description":"Stacjonarny detektor radaru Genevo Assist Pro HDM+ jest obecnie najlepszym wysokiej klasy kompletnym rozwi\u0105zaniem z MultaRadar i ostrze\u017ceniem Gatso.","breadcrumb":{"@id":"https:\/\/radarservice.eu\/pl\/produkt\/genevo-assist-pro-ii-m-hdm\/#breadcrumb"},"inLanguage":"pl-PL","potentialAction":[{"@type":"ReadAction","target":["https:\/\/radarservice.eu\/pl\/produkt\/genevo-assist-pro-ii-m-hdm\/"]}]},{"@type":"ImageObject","inLanguage":"pl-PL","@id":"https:\/\/radarservice.eu\/pl\/produkt\/genevo-assist-pro-ii-m-hdm\/#primaryimage","url":"https:\/\/radarservice.eu\/wp-content\/uploads\/2021\/01\/multi_color_magnetic_display.jpg","contentUrl":"https:\/\/radarservice.eu\/wp-content\/uploads\/2021\/01\/multi_color_magnetic_display.jpg","width":1582,"height":1092,"caption":"Genevo Assist Pro II M"},{"@type":"BreadcrumbList","@id":"https:\/\/radarservice.eu\/pl\/produkt\/genevo-assist-pro-ii-m-hdm\/#breadcrumb","itemListElement":[{"@type":"ListItem","position":1,"name":"Sklep","item":"https:\/\/radarservice.eu\/pl\/sklep\/"},{"@type":"ListItem","position":2,"name":"Genevo Assist Pro II M (HDM+)"}]},{"@type":"WebSite","@id":"https:\/\/radarservice.eu\/pl\/#website","url":"https:\/\/radarservice.eu\/pl\/","name":"Radar Service","description":"Radar detector Laser jammer mobile fix","publisher":{"@id":"https:\/\/radarservice.eu\/pl\/#organization"},"potentialAction":[{"@type":"SearchAction","target":{"@type":"EntryPoint","urlTemplate":"https:\/\/radarservice.eu\/pl\/?s={search_term_string}"},"query-input":{"@type":"PropertyValueSpecification","valueRequired":true,"valueName":"search_term_string"}}],"inLanguage":"pl-PL"},{"@type":"Organization","@id":"https:\/\/radarservice.eu\/pl\/#organization","name":"RadarService","url":"https:\/\/radarservice.eu\/pl\/","logo":{"@type":"ImageObject","inLanguage":"pl-PL","@id":"https:\/\/radarservice.eu\/pl\/#\/schema\/logo\/image\/","url":"https:\/\/radarservice.eu\/wp-content\/uploads\/2021\/03\/Radar_detector_service.png","contentUrl":"https:\/\/radarservice.eu\/wp-content\/uploads\/2021\/03\/Radar_detector_service.png","width":174,"height":48,"caption":"RadarService"},"image":{"@id":"https:\/\/radarservice.eu\/pl\/#\/schema\/logo\/image\/"}}]}},"_links":{"self":[{"href":"https:\/\/radarservice.eu\/pl\/wp-json\/wp\/v2\/product\/15708","targetHints":{"allow":["GET"]}}],"collection":[{"href":"https:\/\/radarservice.eu\/pl\/wp-json\/wp\/v2\/product"}],"about":[{"href":"https:\/\/radarservice.eu\/pl\/wp-json\/wp\/v2\/types\/product"}],"replies":[{"embeddable":true,"href":"https:\/\/radarservice.eu\/pl\/wp-json\/wp\/v2\/comments?post=15708"}],"wp:featuredmedia":[{"embeddable":true,"href":"https:\/\/radarservice.eu\/pl\/wp-json\/wp\/v2\/media\/15715"}],"wp:attachment":[{"href":"https:\/\/radarservice.eu\/pl\/wp-json\/wp\/v2\/media?parent=15708"}],"wp:term":[{"taxonomy":"product_brand","embeddable":true,"href":"https:\/\/radarservice.eu\/pl\/wp-json\/wp\/v2\/product_brand?post=15708"},{"taxonomy":"product_cat","embeddable":true,"href":"https:\/\/radarservice.eu\/pl\/wp-json\/wp\/v2\/product_cat?post=15708"},{"taxonomy":"product_tag","embeddable":true,"href":"https:\/\/radarservice.eu\/pl\/wp-json\/wp\/v2\/product_tag?post=15708"}],"curies":[{"name":"wp","href":"https:\/\/api.w.org\/{rel}","templated":true}]}}