{"id":17717,"date":"2022-03-24T11:51:15","date_gmt":"2022-03-24T10:51:15","guid":{"rendered":"https:\/\/radarservice.eu\/ogolne-zasady-i-warunki\/"},"modified":"2022-03-24T11:51:16","modified_gmt":"2022-03-24T10:51:16","slug":"ogolne-zasady-i-warunki","status":"publish","type":"page","link":"https:\/\/radarservice.eu\/pl\/ogolne-zasady-i-warunki\/","title":{"rendered":"Og\u00f3lne zasady i warunki"},"content":{"rendered":"\n<h1 class=\"wp-block-heading\">Warunki og\u00f3lne z informacjami dla klient\u00f3w<\/h1>\n\n<h2 class=\"wp-block-heading\">Spis tre\u015bci<\/h2>\n\n<ol class=\"wp-block-list\"><li>Zakres<\/li><li>Zawarcie umowy<\/li><li>Prawo do odst\u0105pienia od umowy<\/li><li>Ceny i warunki p\u0142atno\u015bci<\/li><li>Warunki dostawy i wysy\u0142ki<\/li><li>Zachowanie tytu\u0142u<\/li><li>Odpowiedzialno\u015b\u0107 za wady (r\u0119kojmia)<\/li><li>Prawo w\u0142a\u015bciwe<\/li><li>Miejsce jurysdykcji<\/li><li>Alternatywne metody rozwi\u0105zywania spor\u00f3w<\/li><\/ol>\n\n<h2 class=\"wp-block-heading\">1) Zakres<\/h2>\n\n<p><strong>1.1<\/strong>Niniejsze Og\u00f3lne Warunki Handlowe (zwane dalej &#8222;OWH&#8221;) RadarService (zwanego dalej &#8222;Sprzedawc\u0105&#8221;) maj\u0105 zastosowanie do wszystkich um\u00f3w o dostaw\u0119 towar\u00f3w, kt\u00f3re konsument lub przedsi\u0119biorca (zwany dalej &#8222;Klientem&#8221;) zawiera ze Sprzedawc\u0105 w odniesieniu do towar\u00f3w prezentowanych przez Sprzedawc\u0119 w jego sklepie internetowym. O ile nie uzgodniono inaczej, nie wyra\u017ca si\u0119 zgody na w\u0142\u0105czanie w\u0142asnych warunk\u00f3w klienta.<\/p>\n\n<p><strong>1.2<\/strong>Konsumentem w rozumieniu niniejszych OWH jest ka\u017cda osoba fizyczna, kt\u00f3ra zawiera transakcj\u0119 prawn\u0105 w celach, kt\u00f3re w przewa\u017caj\u0105cej mierze nie s\u0105 zwi\u0105zane z dzia\u0142alno\u015bci\u0105 gospodarcz\u0105 ani samozatrudnieniem. Przedsi\u0119biorc\u0105 w rozumieniu niniejszych OWU jest osoba fizyczna, prawna lub sp\u00f3\u0142ka osobowa posiadaj\u0105ca zdolno\u015b\u0107 prawn\u0105, kt\u00f3ra przy zawieraniu czynno\u015bci prawnej dzia\u0142a w ramach swojej dzia\u0142alno\u015bci gospodarczej lub niezale\u017cnej dzia\u0142alno\u015bci zawodowej.<\/p>\n\n<h2 class=\"wp-block-heading\">2) Zawarcie umowy<\/h2>\n\n<p><strong>2.1<\/strong>Opisy produkt\u00f3w zawarte w sklepie internetowym Sprzedawcy nie stanowi\u0105 wi\u0105\u017c\u0105cych ofert ze strony Sprzedawcy, lecz s\u0142u\u017c\u0105 do z\u0142o\u017cenia wi\u0105\u017c\u0105cej oferty przez Klienta.<\/p>\n\n<p><strong>2.2<\/strong>Klient mo\u017ce z\u0142o\u017cy\u0107 Ofert\u0119 za po\u015brednictwem internetowego formularza zam\u00f3wienia zintegrowanego ze sklepem internetowym Sprzedawcy. Po umieszczeniu wybranych towar\u00f3w w wirtualnym koszyku i przej\u015bciu przez proces elektronicznego zamawiania, klient sk\u0142ada prawnie wi\u0105\u017c\u0105c\u0105 ofert\u0119 zawarcia umowy dotycz\u0105cej towar\u00f3w znajduj\u0105cych si\u0119 w koszyku, klikaj\u0105c przycisk ko\u0144cz\u0105cy proces zamawiania. Ponadto klient mo\u017ce r\u00f3wnie\u017c z\u0142o\u017cy\u0107 ofert\u0119 sprzedawcy telefonicznie, poczt\u0105 elektroniczn\u0105 lub za po\u015brednictwem formularza kontaktowego online.<\/p>\n\n<p><strong>2.3<\/strong>Sprzedawca mo\u017ce przyj\u0105\u0107 ofert\u0119 Klienta w ci\u0105gu pi\u0119ciu dni,<\/p>\n\n<ul class=\"wp-block-list\"><li>wysy\u0142aj\u0105c klientowi pisemne potwierdzenie zam\u00f3wienia lub potwierdzenie zam\u00f3wienia w formie tekstowej (faks lub e-mail), przy czym decyduj\u0105ce znaczenie ma otrzymanie potwierdzenia zam\u00f3wienia przez klienta, lub<\/li><li>poprzez dostarczenie zam\u00f3wionych towar\u00f3w do klienta, przy czym decyduj\u0105ce znaczenie ma w tym przypadku odbi\u00f3r towar\u00f3w przez klienta, lub<\/li><li>poprzez \u017c\u0105danie zap\u0142aty od klienta po z\u0142o\u017ceniu przez niego zam\u00f3wienia.<\/li><\/ul>\n\n<p>Je\u017celi istnieje kilka z wy\u017cej wymienionych mo\u017cliwo\u015bci, umowa zostanie zawarta w momencie, gdy jedna z nich wyst\u0105pi jako pierwsza. Termin przyj\u0119cia oferty rozpoczyna si\u0119 w dniu nast\u0119puj\u0105cym po wys\u0142aniu oferty przez klienta, a ko\u0144czy si\u0119 wraz z up\u0142ywem pi\u0105tego dnia od wys\u0142ania oferty. Je\u015bli sprzedawca nie przyjmie oferty klienta w powy\u017cszym terminie, b\u0119dzie to uznane za odrzucenie oferty, w wyniku czego klient przestanie by\u0107 zwi\u0105zany swoim o\u015bwiadczeniem woli.<\/p>\n\n<p><strong>2.4<\/strong>Je\u015bli wybrano metod\u0119 p\u0142atno\u015bci &#8222;Amazon Payments&#8221;, p\u0142atno\u015b\u0107 zostanie zrealizowana za po\u015brednictwem dostawcy us\u0142ug p\u0142atniczych Amazon Payments Europe s.c.a., 38 avenue John F. Kennedy, L-1855 Luxembourg (dalej: &#8222;Amazon&#8221;), zgodnie z Umow\u0105 u\u017cytkownika Amazon Payments Europe, z kt\u00f3r\u0105 mo\u017cna zapozna\u0107 si\u0119 na stronie https:\/\/payments.amazon.de\/help\/201751590. Je\u015bli klient wybierze &#8222;Amazon Payments&#8221; jako metod\u0119 p\u0142atno\u015bci podczas procesu sk\u0142adania zam\u00f3wienia online, wydaje r\u00f3wnie\u017c zlecenie p\u0142atnicze firmie Amazon, klikaj\u0105c przycisk ko\u0144cz\u0105cy proces sk\u0142adania zam\u00f3wienia. W takim przypadku sprzedawca deklaruje przyj\u0119cie oferty klienta ju\u017c w momencie, gdy klient uruchamia proces p\u0142atno\u015bci, klikaj\u0105c przycisk ko\u0144cz\u0105cy proces zamawiania.<\/p>\n\n<p><strong>2.5<\/strong>W przypadku z\u0142o\u017cenia oferty za po\u015brednictwem internetowego formularza zam\u00f3wienia Sprzedawcy, tekst umowy zostanie zapisany przez Sprzedawc\u0119 po zawarciu umowy i przekazany Klientowi w formie tekstowej (np. e-mail, faks lub list) po wys\u0142aniu zam\u00f3wienia Klienta. Sprzedawca nie b\u0119dzie udost\u0119pnia\u0142 tekstu umowy w spos\u00f3b wykraczaj\u0105cy poza ten zakres. Je\u017celi Klient przed z\u0142o\u017ceniem zam\u00f3wienia za\u0142o\u017cy\u0142 konto u\u017cytkownika w sklepie internetowym Sprzedawcy, dane dotycz\u0105ce zam\u00f3wienia zostan\u0105 zarchiwizowane na stronie internetowej Sprzedawcy i Klient b\u0119dzie mia\u0142 do nich bezp\u0142atny dost\u0119p za po\u015brednictwem swojego chronionego has\u0142em konta u\u017cytkownika po podaniu odpowiednich danych do logowania.<\/p>\n\n<p><strong>2.6<\/strong>Przed wi\u0105\u017c\u0105cym z\u0142o\u017ceniem zam\u00f3wienia za po\u015brednictwem internetowego formularza zam\u00f3wienia Sprzedawcy, Klient mo\u017ce zidentyfikowa\u0107 ewentualne b\u0142\u0119dy we wprowadzaniu danych poprzez uwa\u017cne przeczytanie informacji wy\u015bwietlanych na ekranie. Skutecznym \u015brodkiem technicznym s\u0142u\u017c\u0105cym do lepszego rozpoznawania b\u0142\u0119d\u00f3w wprowadzania danych mo\u017ce by\u0107 funkcja powi\u0119kszania przegl\u0105darki, za pomoc\u0105 kt\u00f3rej powi\u0119kszany jest ekran. Klient mo\u017ce poprawia\u0107 swoje wpisy w trakcie procesu elektronicznego sk\u0142adania zam\u00f3wienia, korzystaj\u0105c ze zwyk\u0142ych funkcji klawiatury i myszy, a\u017c do momentu klikni\u0119cia przycisku ko\u0144cz\u0105cego proces sk\u0142adania zam\u00f3wienia.<\/p>\n\n<p><strong>2.7<\/strong>Przy zawieraniu umowy mo\u017cna pos\u0142ugiwa\u0107 si\u0119 j\u0119zykiem niemieckim i angielskim.<\/p>\n\n<p><strong>2.8<\/strong>Realizacja zam\u00f3wie\u0144 i kontakt z u\u017cytkownikiem odbywa si\u0119 zazwyczaj za po\u015brednictwem poczty elektronicznej i automatycznej obs\u0142ugi zam\u00f3wie\u0144. Klient musi upewni\u0107 si\u0119, \u017ce adres e-mail podany przez niego w celu realizacji zam\u00f3wienia jest prawid\u0142owy, tak aby wiadomo\u015bci e-mail wysy\u0142ane przez sprzedawc\u0119 mog\u0142y by\u0107 odbierane na ten adres. W szczeg\u00f3lno\u015bci, w przypadku korzystania z filtr\u00f3w SPAM, Klient musi upewni\u0107 si\u0119, \u017ce wszystkie wiadomo\u015bci e-mail wysy\u0142ane przez Sprzedawc\u0119 lub osoby trzecie, kt\u00f3rym Sprzedawca zleci\u0142 realizacj\u0119 zam\u00f3wienia, mog\u0105 zosta\u0107 dostarczone.<\/p>\n\n<h2 class=\"wp-block-heading\">3) Prawo do odst\u0105pienia od umowy<\/h2>\n\n<p><strong>3.1<\/strong>Konsumentom zasadniczo przys\u0142uguje prawo do odst\u0105pienia od umowy.<\/p>\n\n<p><strong>3.2<\/strong>Wi\u0119cej informacji na temat prawa do odst\u0105pienia od umowy mo\u017cna znale\u017a\u0107 w zasadach odst\u0105pienia od umowy stosowanych przez Sprzedawc\u0119.<\/p>\n\n<h2 class=\"wp-block-heading\">4) Ceny i warunki p\u0142atno\u015bci<\/h2>\n\n<p><strong>4.1<\/strong>Je\u015bli w opisie produktu Sprzedawcy nie podano inaczej, podane ceny s\u0105 cenami \u0142\u0105cznymi, zawieraj\u0105cymi ustawowy podatek VAT. Wszelkie dodatkowe koszty dostawy i wysy\u0142ki zostan\u0105 podane oddzielnie w opisie danego produktu.<\/p>\n\n<p><strong>4.2<\/strong>W przypadku dostaw do kraj\u00f3w spoza Unii Europejskiej, w indywidualnych przypadkach mog\u0105 powsta\u0107 dodatkowe koszty, za kt\u00f3re Sprzedawca nie ponosi odpowiedzialno\u015bci i kt\u00f3re ponosi Klient. Nale\u017c\u0105 do nich na przyk\u0142ad koszty transferu \u015brodk\u00f3w pieni\u0119\u017cnych przez instytucje kredytowe (np. op\u0142aty za przelew, op\u0142aty za kurs wymiany walut) lub c\u0142a i podatki importowe (np. c\u0142a). Takie koszty mog\u0105 by\u0107 r\u00f3wnie\u017c ponoszone w zwi\u0105zku z transferem \u015brodk\u00f3w, je\u017celi dostawa nie jest realizowana do kraju spoza Unii Europejskiej, ale klient dokonuje p\u0142atno\u015bci z kraju spoza Unii Europejskiej.<\/p>\n\n<p><strong>4.3<\/strong>Informacje o opcjach p\u0142atno\u015bci zostan\u0105 podane Klientowi w sklepie internetowym Sprzedawcy.<\/p>\n\n<p><strong>4.4<\/strong>Je\u015bli uzgodniono przedp\u0142at\u0119 przelewem bankowym, p\u0142atno\u015b\u0107 jest wymagalna niezw\u0142ocznie po zawarciu umowy, chyba \u017ce strony uzgodni\u0142y p\u00f3\u017aniejszy termin p\u0142atno\u015bci.<\/p>\n\n<p><strong>4.5<\/strong>W przypadku dokonania p\u0142atno\u015bci za pomoc\u0105 metody p\u0142atno\u015bci oferowanej przez PayPal, p\u0142atno\u015b\u0107 zostanie zrealizowana za po\u015brednictwem dostawcy us\u0142ug p\u0142atniczych PayPal (Europe) S.\u00e0 r.l. et Cie, S.C.A., 22-24 Boulevard Royal, L-2449 Luxembourg (dalej: &#8222;PayPal&#8221;), z zastrze\u017ceniem Warunk\u00f3w korzystania z systemu PayPal, kt\u00f3re mo\u017cna znale\u017a\u0107 na stronie https:\/\/www.paypal.com\/de\/webapps\/mpp\/ua\/useragreement-full lub &#8211; je\u015bli klient nie posiada konta PayPal &#8211; z zastrze\u017ceniem Warunk\u00f3w p\u0142atno\u015bci bez konta PayPal, kt\u00f3re mo\u017cna znale\u017a\u0107 na stronie https:\/\/www.paypal.com\/de\/webapps\/mpp\/ua\/privacywax-full.<\/p>\n\n<h2 class=\"wp-block-heading\">5) Warunki dostawy i wysy\u0142ki<\/h2>\n\n<p><strong>5.1<\/strong>Dostawa towar\u00f3w odbywa si\u0119 poprzez wysy\u0142k\u0119 na adres dostawy podany przez klienta, chyba \u017ce uzgodniono inaczej. Decyduj\u0105ce znaczenie dla realizacji transakcji ma adres dostawy podany w procesie realizacji zam\u00f3wienia przez Sprzedawc\u0119.<\/p>\n\n<p><strong>5.2<\/strong>Je\u015bli firma przewozowa zwr\u00f3ci Sprzedawcy wys\u0142any towar, poniewa\u017c dostawa do Klienta nie by\u0142a mo\u017cliwa, Klient ponosi koszty nieudanej wysy\u0142ki. Nie dotyczy to sytuacji, gdy klient nie ponosi odpowiedzialno\u015bci za okoliczno\u015bci, kt\u00f3re doprowadzi\u0142y do niemo\u017cno\u015bci dostawy lub gdy klient tymczasowo nie m\u00f3g\u0142 przyj\u0105\u0107 oferowanej us\u0142ugi, chyba \u017ce sprzedawca z odpowiednim wyprzedzeniem powiadomi\u0142 klienta o tej us\u0142udze. Ponadto nie dotyczy to koszt\u00f3w zwrotu, je\u015bli klient skutecznie skorzysta z prawa do odst\u0105pienia od umowy. W przypadku skutecznego skorzystania przez Klienta z prawa do odst\u0105pienia od umowy, do koszt\u00f3w zwrotu towaru stosuje si\u0119 postanowienia zawarte w zasadach odst\u0105pienia od umowy stosowanych przez Sprzedawc\u0119.<\/p>\n\n<p><strong>5.3<\/strong>W przypadku odbioru w\u0142asnego Sprzedawca w pierwszej kolejno\u015bci poinformuje Klienta za po\u015brednictwem poczty elektronicznej, \u017ce zam\u00f3wiony przez Klienta towar jest gotowy do odbioru. Po otrzymaniu tej wiadomo\u015bci e-mail klient mo\u017ce odebra\u0107 towar z siedziby sprzedawcy po uzgodnieniu ze sprzedawc\u0105. W takim przypadku nie zostan\u0105 naliczone koszty wysy\u0142ki.<\/p>\n\n<h2 class=\"wp-block-heading\">6) Zachowanie tytu\u0142u<\/h2>\n\n<p>Je\u015bli sprzedawca dokona przedp\u0142aty, zachowuje prawo w\u0142asno\u015bci do dostarczonych towar\u00f3w do czasu uiszczenia pe\u0142nej nale\u017cnej ceny zakupu.<\/p>\n\n<h2 class=\"wp-block-heading\">7) Odpowiedzialno\u015b\u0107 za wady (r\u0119kojmia)<\/h2>\n\n<p><strong>7.1<\/strong>Je\u017celi zakupiony przedmiot jest wadliwy, obowi\u0105zuj\u0105 przepisy o ustawowej odpowiedzialno\u015bci za wady.<\/p>\n\n<p><strong>7.2<\/strong>Niezale\u017cnie od powy\u017cszego, do towar\u00f3w u\u017cywanych stosuje si\u0119 nast\u0119puj\u0105ce postanowienia: Roszczenia z tytu\u0142u wad s\u0105 wykluczone, je\u015bli wada ujawni si\u0119 dopiero po up\u0142ywie jednego roku od dostawy towar\u00f3w. Wady powsta\u0142e w ci\u0105gu jednego roku od dostawy towaru mo\u017cna reklamowa\u0107 w ustawowym terminie przedawnienia. Skr\u00f3cenie okresu odpowiedzialno\u015bci do jednego roku nie ma jednak zastosowania<\/p>\n\n<ul class=\"wp-block-list\"><li>dla element\u00f3w, kt\u00f3re zosta\u0142y u\u017cyte w budynku zgodnie z ich zwyczajowym przeznaczeniem i spowodowa\u0142y jego wadliwo\u015b\u0107,<\/li><li>w przypadku roszcze\u0144 odszkodowawczych i zwrotu wydatk\u00f3w klienta, jak r\u00f3wnie\u017c<\/li><li>w przypadku, gdy sprzedawca w spos\u00f3b nieuczciwy zatai\u0142 wad\u0119.<\/li><\/ul>\n\n<p><strong>7.3<\/strong>Klient jest proszony o zg\u0142aszanie dostawcy reklamacji dotycz\u0105cych dostarczonych towar\u00f3w z widocznymi uszkodzeniami transportowymi oraz o poinformowanie o tym sprzedawcy. Je\u015bli klient nie zastosuje si\u0119 do tego wymogu, nie b\u0119dzie to mia\u0142o wp\u0142ywu na jego ustawowe lub umowne roszczenia z tytu\u0142u wad.<\/p>\n\n<h2 class=\"wp-block-heading\">8) Prawo w\u0142a\u015bciwe<\/h2>\n\n<p>Wszelkie stosunki prawne mi\u0119dzy stronami podlegaj\u0105 prawu Republiki Federalnej Niemiec z wy\u0142\u0105czeniem przepis\u00f3w o mi\u0119dzynarodowej sprzeda\u017cy rzeczy ruchomych. W przypadku konsument\u00f3w ten wyb\u00f3r prawa ma zastosowanie tylko w takim zakresie, w jakim przyznana ochrona nie zosta\u0142a cofni\u0119ta przez bezwzgl\u0119dnie obowi\u0105zuj\u0105ce przepisy prawa pa\u0144stwa, w kt\u00f3rym konsument ma miejsce zwyk\u0142ego pobytu.<\/p>\n\n<h2 class=\"wp-block-heading\">9) Jurysdykcja<\/h2>\n\n<p>Je\u017celi klientem jest kupiec, osoba prawna prawa publicznego lub fundusz specjalny prawa publicznego z siedzib\u0105 na terytorium Republiki Federalnej Niemiec, wy\u0142\u0105czn\u0105 w\u0142a\u015bciwo\u015bci\u0105 miejscow\u0105 s\u0105du dla wszystkich spor\u00f3w wynikaj\u0105cych z niniejszej umowy jest siedziba sprzedawcy. Je\u015bli Klient ma swoj\u0105 siedzib\u0119 poza terytorium Republiki Federalnej Niemiec, siedziba Sprzedawcy jest wy\u0142\u0105cznym miejscem jurysdykcji dla wszystkich spor\u00f3w wynikaj\u0105cych z niniejszej umowy, je\u015bli umowa lub roszczenia wynikaj\u0105ce z umowy mog\u0105 by\u0107 przypisane do dzia\u0142alno\u015bci zawodowej lub handlowej Klienta. W powy\u017cszych przypadkach sprzedawca ma jednak prawo do wniesienia sprawy do s\u0105du w miejscu prowadzenia dzia\u0142alno\u015bci przez klienta.<\/p>\n\n<h2 class=\"wp-block-heading\">10) Alternatywne metody rozwi\u0105zywania spor\u00f3w<\/h2>\n\n<p><strong>10.1<\/strong>Komisja Europejska udost\u0119pnia w Internecie platform\u0119 do rozwi\u0105zywania spor\u00f3w online pod nast\u0119puj\u0105cym adresem: https:\/\/ec.europa.eu\/consumers\/odr<\/p>\n\n<p>Platforma ta s\u0142u\u017cy jako punkt kontaktowy do pozas\u0105dowego rozstrzygania spor\u00f3w wynikaj\u0105cych z internetowych um\u00f3w kupna lub um\u00f3w o \u015bwiadczenie us\u0142ug, w kt\u00f3rych stron\u0105 jest konsument.<\/p>\n\n<p><strong>10.2<\/strong>Sprzedawca nie jest zobowi\u0105zany ani nie chce uczestniczy\u0107 w post\u0119powaniu w sprawie rozstrzygania spor\u00f3w przed s\u0105dem polubownym dla konsument\u00f3w.<\/p>\n","protected":false},"excerpt":{"rendered":"<p>Warunki og\u00f3lne z informacjami dla klient\u00f3w Spis tre\u015bci Zakres Zawarcie umowy Prawo do odst\u0105pienia od umowy Ceny i warunki p\u0142atno\u015bci Warunki dostawy i wysy\u0142ki Zachowanie tytu\u0142u Odpowiedzialno\u015b\u0107 za wady (r\u0119kojmia) Prawo w\u0142a\u015bciwe Miejsce jurysdykcji Alternatywne metody rozwi\u0105zywania spor\u00f3w 1) Zakres 1.1Niniejsze Og\u00f3lne Warunki Handlowe (zwane dalej &#8222;OWH&#8221;) RadarService (zwanego dalej &#8222;Sprzedawc\u0105&#8221;) maj\u0105 zastosowanie do wszystkich [&#8230;]\n","protected":false},"author":1,"featured_media":0,"parent":0,"menu_order":810,"comment_status":"closed","ping_status":"closed","template":"","meta":{"footnotes":""},"class_list":["post-17717","page","type-page","status-publish","hentry"],"yoast_head":"<!-- This site is optimized with the Yoast SEO plugin v27.2 - https:\/\/yoast.com\/product\/yoast-seo-wordpress\/ -->\n<title>Og\u00f3lne zasady i warunki | Radar Service<\/title>\n<meta name=\"description\" content=\"Og\u00f3lne zasady i warunki | Radar Service\" \/>\n<meta name=\"robots\" content=\"noindex, nofollow\" \/>\n<meta property=\"og:locale\" content=\"pl_PL\" \/>\n<meta property=\"og:type\" content=\"article\" \/>\n<meta property=\"og:title\" content=\"Og\u00f3lne zasady i warunki | Radar Service\" \/>\n<meta property=\"og:description\" content=\"Og\u00f3lne zasady i warunki | Radar Service\" \/>\n<meta property=\"og:url\" content=\"https:\/\/radarservice.eu\/pl\/ogolne-zasady-i-warunki\/\" \/>\n<meta property=\"og:site_name\" content=\"Radar Service\" \/>\n<meta property=\"article:modified_time\" content=\"2022-03-24T10:51:16+00:00\" \/>\n<meta name=\"twitter:card\" content=\"summary_large_image\" \/>\n<meta name=\"twitter:label1\" content=\"Szacowany czas czytania\" \/>\n\t<meta name=\"twitter:data1\" content=\"10 minut\" \/>\n<script type=\"application\/ld+json\" class=\"yoast-schema-graph\">{\"@context\":\"https:\/\/schema.org\",\"@graph\":[{\"@type\":\"WebPage\",\"@id\":\"https:\/\/radarservice.eu\/pl\/ogolne-zasady-i-warunki\/\",\"url\":\"https:\/\/radarservice.eu\/pl\/ogolne-zasady-i-warunki\/\",\"name\":\"Og\u00f3lne zasady i warunki | Radar Service\",\"isPartOf\":{\"@id\":\"https:\/\/radarservice.eu\/pl\/#website\"},\"datePublished\":\"2022-03-24T10:51:15+00:00\",\"dateModified\":\"2022-03-24T10:51:16+00:00\",\"description\":\"Og\u00f3lne zasady i warunki | Radar Service\",\"inLanguage\":\"pl-PL\",\"potentialAction\":[{\"@type\":\"ReadAction\",\"target\":[\"https:\/\/radarservice.eu\/pl\/ogolne-zasady-i-warunki\/\"]}]},{\"@type\":\"WebSite\",\"@id\":\"https:\/\/radarservice.eu\/pl\/#website\",\"url\":\"https:\/\/radarservice.eu\/pl\/\",\"name\":\"Radar Service\",\"description\":\"Radar detector Laser jammer mobile fix\",\"publisher\":{\"@id\":\"https:\/\/radarservice.eu\/pl\/#organization\"},\"potentialAction\":[{\"@type\":\"SearchAction\",\"target\":{\"@type\":\"EntryPoint\",\"urlTemplate\":\"https:\/\/radarservice.eu\/pl\/?s={search_term_string}\"},\"query-input\":{\"@type\":\"PropertyValueSpecification\",\"valueRequired\":true,\"valueName\":\"search_term_string\"}}],\"inLanguage\":\"pl-PL\"},{\"@type\":\"Organization\",\"@id\":\"https:\/\/radarservice.eu\/pl\/#organization\",\"name\":\"RadarService\",\"url\":\"https:\/\/radarservice.eu\/pl\/\",\"logo\":{\"@type\":\"ImageObject\",\"inLanguage\":\"pl-PL\",\"@id\":\"https:\/\/radarservice.eu\/pl\/#\/schema\/logo\/image\/\",\"url\":\"https:\/\/radarservice.eu\/wp-content\/uploads\/2021\/03\/Radar_detector_service.png\",\"contentUrl\":\"https:\/\/radarservice.eu\/wp-content\/uploads\/2021\/03\/Radar_detector_service.png\",\"width\":174,\"height\":48,\"caption\":\"RadarService\"},\"image\":{\"@id\":\"https:\/\/radarservice.eu\/pl\/#\/schema\/logo\/image\/\"}}]}<\/script>\n<!-- \/ Yoast SEO plugin. -->","yoast_head_json":{"title":"Og\u00f3lne zasady i warunki | Radar Service","description":"Og\u00f3lne zasady i warunki | Radar Service","robots":{"index":"noindex","follow":"nofollow"},"og_locale":"pl_PL","og_type":"article","og_title":"Og\u00f3lne zasady i warunki | Radar Service","og_description":"Og\u00f3lne zasady i warunki | Radar Service","og_url":"https:\/\/radarservice.eu\/pl\/ogolne-zasady-i-warunki\/","og_site_name":"Radar Service","article_modified_time":"2022-03-24T10:51:16+00:00","twitter_card":"summary_large_image","twitter_misc":{"Szacowany czas czytania":"10 minut"},"schema":{"@context":"https:\/\/schema.org","@graph":[{"@type":"WebPage","@id":"https:\/\/radarservice.eu\/pl\/ogolne-zasady-i-warunki\/","url":"https:\/\/radarservice.eu\/pl\/ogolne-zasady-i-warunki\/","name":"Og\u00f3lne zasady i warunki | Radar Service","isPartOf":{"@id":"https:\/\/radarservice.eu\/pl\/#website"},"datePublished":"2022-03-24T10:51:15+00:00","dateModified":"2022-03-24T10:51:16+00:00","description":"Og\u00f3lne zasady i warunki | Radar Service","inLanguage":"pl-PL","potentialAction":[{"@type":"ReadAction","target":["https:\/\/radarservice.eu\/pl\/ogolne-zasady-i-warunki\/"]}]},{"@type":"WebSite","@id":"https:\/\/radarservice.eu\/pl\/#website","url":"https:\/\/radarservice.eu\/pl\/","name":"Radar Service","description":"Radar detector Laser jammer mobile fix","publisher":{"@id":"https:\/\/radarservice.eu\/pl\/#organization"},"potentialAction":[{"@type":"SearchAction","target":{"@type":"EntryPoint","urlTemplate":"https:\/\/radarservice.eu\/pl\/?s={search_term_string}"},"query-input":{"@type":"PropertyValueSpecification","valueRequired":true,"valueName":"search_term_string"}}],"inLanguage":"pl-PL"},{"@type":"Organization","@id":"https:\/\/radarservice.eu\/pl\/#organization","name":"RadarService","url":"https:\/\/radarservice.eu\/pl\/","logo":{"@type":"ImageObject","inLanguage":"pl-PL","@id":"https:\/\/radarservice.eu\/pl\/#\/schema\/logo\/image\/","url":"https:\/\/radarservice.eu\/wp-content\/uploads\/2021\/03\/Radar_detector_service.png","contentUrl":"https:\/\/radarservice.eu\/wp-content\/uploads\/2021\/03\/Radar_detector_service.png","width":174,"height":48,"caption":"RadarService"},"image":{"@id":"https:\/\/radarservice.eu\/pl\/#\/schema\/logo\/image\/"}}]}},"_links":{"self":[{"href":"https:\/\/radarservice.eu\/pl\/wp-json\/wp\/v2\/pages\/17717","targetHints":{"allow":["GET"]}}],"collection":[{"href":"https:\/\/radarservice.eu\/pl\/wp-json\/wp\/v2\/pages"}],"about":[{"href":"https:\/\/radarservice.eu\/pl\/wp-json\/wp\/v2\/types\/page"}],"author":[{"embeddable":true,"href":"https:\/\/radarservice.eu\/pl\/wp-json\/wp\/v2\/users\/1"}],"replies":[{"embeddable":true,"href":"https:\/\/radarservice.eu\/pl\/wp-json\/wp\/v2\/comments?post=17717"}],"version-history":[{"count":1,"href":"https:\/\/radarservice.eu\/pl\/wp-json\/wp\/v2\/pages\/17717\/revisions"}],"predecessor-version":[{"id":17718,"href":"https:\/\/radarservice.eu\/pl\/wp-json\/wp\/v2\/pages\/17717\/revisions\/17718"}],"wp:attachment":[{"href":"https:\/\/radarservice.eu\/pl\/wp-json\/wp\/v2\/media?parent=17717"}],"curies":[{"name":"wp","href":"https:\/\/api.w.org\/{rel}","templated":true}]}}