{"id":17598,"date":"2019-07-14T14:26:45","date_gmt":"2019-07-14T12:26:45","guid":{"rendered":"https:\/\/radarservice.eu\/contact\/"},"modified":"2022-04-03T12:31:25","modified_gmt":"2022-04-03T10:31:25","slug":"kontakt","status":"publish","type":"page","link":"https:\/\/radarservice.eu\/pl\/kontakt\/","title":{"rendered":"Kontakt"},"content":{"rendered":"  <div id=\"page-header-472641532\" class=\"page-header-wrapper\">\n  <div class=\"page-title dark normal-title\">\n\n        <div class=\"page-title-bg\">\n      <div class=\"title-bg fill bg-fill\"\n        data-parallax-container=\".page-title\"\n        data-parallax-background\n        data-parallax=\"-\">\n      <\/div>\n      <div class=\"title-overlay fill\"><\/div>\n    <\/div>\n    \n    <div class=\"page-title-inner container align-center text-center flex-row-col medium-flex-wrap\" >\n              <div class=\"title-wrapper uppercase is-large flex-col\">\n          <h1 class=\"entry-title mb-0\">\n            Kontakt          <\/h1>\n        <\/div>\n                    <div class=\"title-content flex-col\">\n              <\/div>\n    <\/div>\n\n     \n<style>\n#page-header-472641532 .page-title-inner {\n  min-height: 200px;\n}\n#page-header-472641532 .title-bg {\n  background-image: url(https:\/\/radarservice.eu\/wp-content\/uploads\/2022\/03\/callcenter-bdl-top.jpg);\n}\n<\/style>\n  <\/div>\n    <\/div>\n  \n\t<div id=\"gap-835590883\" class=\"gap-element clearfix\" style=\"display:block; height:auto;\">\n\t\t\n<style>\n#gap-835590883 {\n  padding-top: 40px;\n}\n<\/style>\n\t<\/div>\n\t\n<div class=\"row\"  id=\"row-188844736\">\n\n\t<div id=\"col-558983672\" class=\"col medium-6 large-6\"  >\n\t\t\t\t<div class=\"col-inner\"  >\n\t\t\t\n\t\t\t\n<div class=\"container section-title-container\" ><h3 class=\"section-title section-title-normal\"><b aria-hidden=\"true\"><\/b><span class=\"section-title-main\" >Najcz\u0119\u015bciej zadawane pytania<\/span><b aria-hidden=\"true\"><\/b><\/h3><\/div>\n<p class=\"lead\">Najcz\u0119\u015bciej zadawane pytania dotycz\u0105ce procesu zamawiania\n<\/p>\n<div class=\"accordion\">\n\t<div id=\"accordion-3690666744\" class=\"accordion-item\">\n\t\t<a id=\"accordion-3690666744-label\" class=\"accordion-title plain\" href=\"#accordion-item-jakie-s\u0105-koszty-wysy\u0142ki?\" aria-expanded=\"false\" aria-controls=\"accordion-3690666744-content\">\n\t\t\t<button class=\"toggle\" aria-label=\"Prze\u0142\u0105cznik\"><i class=\"icon-angle-down\" aria-hidden=\"true\"><\/i><\/button>\n\t\t\t<span>Jakie s\u0105 koszty wysy\u0142ki?<\/span>\n\t\t<\/a>\n\t\t<div id=\"accordion-3690666744-content\" class=\"accordion-inner\" aria-labelledby=\"accordion-3690666744-label\">\n\t\t\t\n<p>Na terenie Europy wysy\u0142amy bezp\u0142atnie w przypadku zam\u00f3wie\u0144 powy\u017cej 750 z\u0142. Za przesy\u0142k\u0119 ekspresow\u0105 pobieramy op\u0142at\u0119 w wysoko\u015bci 68 z\u0142.<\/p>\n\t\t<\/div>\n\t<\/div>\n\t\n\t<div id=\"accordion-1913334909\" class=\"accordion-item\">\n\t\t<a id=\"accordion-1913334909-label\" class=\"accordion-title plain\" href=\"#accordion-item-jakie-s\u0105-dost\u0119pne-opcje-p\u0142atno\u015bci?\" aria-expanded=\"false\" aria-controls=\"accordion-1913334909-content\">\n\t\t\t<button class=\"toggle\" aria-label=\"Prze\u0142\u0105cznik\"><i class=\"icon-angle-down\" aria-hidden=\"true\"><\/i><\/button>\n\t\t\t<span>Jakie s\u0105 dost\u0119pne opcje p\u0142atno\u015bci?<\/span>\n\t\t<\/a>\n\t\t<div id=\"accordion-1913334909-content\" class=\"accordion-inner\" aria-labelledby=\"accordion-1913334909-label\">\n\t\t\t\n<p>W naszym sklepie internetowym mo\u017cna p\u0142aci\u0107 kart\u0105 kredytow\u0105, przedp\u0142at\u0105 i bitcoinami. P\u0142atno\u015b\u0107 Paypal i p\u0142atno\u015b\u0107 za pobraniem s\u0105 mo\u017cliwe tylko po uzgodnieniu telefonicznym.\n<\/p>\n\t\t<\/div>\n\t<\/div>\n\t\n\t<div id=\"accordion-175033389\" class=\"accordion-item\">\n\t\t<a id=\"accordion-175033389-label\" class=\"accordion-title plain\" href=\"#accordion-item-jak-d\u0142ugo-trwa-dostawa?\" aria-expanded=\"false\" aria-controls=\"accordion-175033389-content\">\n\t\t\t<button class=\"toggle\" aria-label=\"Prze\u0142\u0105cznik\"><i class=\"icon-angle-down\" aria-hidden=\"true\"><\/i><\/button>\n\t\t\t<span>Jak d\u0142ugo trwa dostawa?<\/span>\n\t\t<\/a>\n\t\t<div id=\"accordion-175033389-content\" class=\"accordion-inner\" aria-labelledby=\"accordion-175033389-label\">\n\t\t\t\n<p>Czas dostawy wynosi ok. 3 dni robocze w przypadku wysy\u0142ki standardowej i ok. 1 dzie\u0144 roboczy w przypadku wysy\u0142ki ekspresowej. Przesy\u0142ka ekspresowa jest realizowana tego samego dnia roboczego, je\u015bli zam\u00f3wienie zostanie z\u0142o\u017cone do godziny 14:00.<\/p>\n\t\t<\/div>\n\t<\/div>\n\t\n\t<div id=\"accordion-634890747\" class=\"accordion-item\">\n\t\t<a id=\"accordion-634890747-label\" class=\"accordion-title plain\" href=\"#accordion-item-czy-dostawa-jest-neutralna?\" aria-expanded=\"false\" aria-controls=\"accordion-634890747-content\">\n\t\t\t<button class=\"toggle\" aria-label=\"Prze\u0142\u0105cznik\"><i class=\"icon-angle-down\" aria-hidden=\"true\"><\/i><\/button>\n\t\t\t<span>Czy dostawa jest neutralna?<\/span>\n\t\t<\/a>\n\t\t<div id=\"accordion-634890747-content\" class=\"accordion-inner\" aria-labelledby=\"accordion-634890747-label\">\n\t\t\t\n<p>Dostarczamy absolutnie dyskretnie i w neutralnym opakowaniu.\n<\/p>\n\t\t<\/div>\n\t<\/div>\n\t\n\t<div id=\"accordion-3451836710\" class=\"accordion-item\">\n\t\t<a id=\"accordion-3451836710-label\" class=\"accordion-title plain\" href=\"#accordion-item-jak-bezpieczny-jest-sklep-i-moje-dane?\" aria-expanded=\"false\" aria-controls=\"accordion-3451836710-content\">\n\t\t\t<button class=\"toggle\" aria-label=\"Prze\u0142\u0105cznik\"><i class=\"icon-angle-down\" aria-hidden=\"true\"><\/i><\/button>\n\t\t\t<span>Jak bezpieczny jest sklep i moje dane?<\/span>\n\t\t<\/a>\n\t\t<div id=\"accordion-3451836710-content\" class=\"accordion-inner\" aria-labelledby=\"accordion-3451836710-label\">\n\t\t\t\n<p>Transfer danych jest szyfrowany, a dane s\u0105 wykorzystywane wy\u0142\u0105cznie do realizacji zam\u00f3wienia.<\/p>\n\t\t<\/div>\n\t<\/div>\n\t\n\t<div id=\"accordion-1572392367\" class=\"accordion-item\">\n\t\t<a id=\"accordion-1572392367-label\" class=\"accordion-title plain\" href=\"#accordion-item-czy-otrzymam-faktur\u0119-za-zam\u00f3wienie?\" aria-expanded=\"false\" aria-controls=\"accordion-1572392367-content\">\n\t\t\t<button class=\"toggle\" aria-label=\"Prze\u0142\u0105cznik\"><i class=\"icon-angle-down\" aria-hidden=\"true\"><\/i><\/button>\n\t\t\t<span>Czy otrzymam faktur\u0119 za zam\u00f3wienie?<\/span>\n\t\t<\/a>\n\t\t<div id=\"accordion-1572392367-content\" class=\"accordion-inner\" aria-labelledby=\"accordion-1572392367-label\">\n\t\t\t\n<p>Tak, do ka\u017cdego zam\u00f3wienia tworzymy faktur\u0119, kt\u00f3ra jest wysy\u0142ana do Ciebie poczt\u0105 elektroniczn\u0105.<\/p>\n\t\t<\/div>\n\t<\/div>\n\t\n\t<div id=\"accordion-4242478089\" class=\"accordion-item\">\n\t\t<a id=\"accordion-4242478089-label\" class=\"accordion-title plain\" href=\"#accordion-item-czy-przys\u0142uguje-mi-gwarancja-na-towary?\" aria-expanded=\"false\" aria-controls=\"accordion-4242478089-content\">\n\t\t\t<button class=\"toggle\" aria-label=\"Prze\u0142\u0105cznik\"><i class=\"icon-angle-down\" aria-hidden=\"true\"><\/i><\/button>\n\t\t\t<span>Czy przys\u0142uguje mi gwarancja na towary?<\/span>\n\t\t<\/a>\n\t\t<div id=\"accordion-4242478089-content\" class=\"accordion-inner\" aria-labelledby=\"accordion-4242478089-label\">\n\t\t\t\n<p>Na wszystkie artyku\u0142y udzielamy gwarancji. W przypadku roszcze\u0144 z tytu\u0142u r\u0119kojmi lub gwarancji nale\u017cy wys\u0142a\u0107 do nas wiadomo\u015b\u0107 e-mail zawieraj\u0105c\u0105 numer zam\u00f3wienia\/faktury oraz, w stosownych przypadkach, numer seryjny urz\u0105dzenia.<\/p>\n\t\t<\/div>\n\t<\/div>\n\t\n<\/div>\n\t\t<\/div>\n\t\t\t\t\t<\/div>\n\n\t\n\n\t<div id=\"col-1939209974\" class=\"col medium-6 large-6\"  >\n\t\t\t\t<div class=\"col-inner\"  >\n\t\t\t\n\t\t\t\n<div class=\"container section-title-container\" ><h3 class=\"section-title section-title-normal\"><b aria-hidden=\"true\"><\/b><span class=\"section-title-main\" >Wy\u015blij nam wiadomo\u015b\u0107 e-mail<\/span><b aria-hidden=\"true\"><\/b><\/h3><\/div>\n\n<div class=\"wpcf7 no-js\" id=\"wpcf7-f17488-o1\" lang=\"pl-PL\" dir=\"ltr\" data-wpcf7-id=\"17488\">\n<div class=\"screen-reader-response\"><p role=\"status\" aria-live=\"polite\" aria-atomic=\"true\"><\/p> <ul><\/ul><\/div>\n<form action=\"\/pl\/wp-json\/wp\/v2\/pages\/17598#wpcf7-f17488-o1\" method=\"post\" class=\"wpcf7-form init\" aria-label=\"Formularz kontaktowy\" novalidate=\"novalidate\" data-status=\"init\">\n<fieldset class=\"hidden-fields-container\"><input type=\"hidden\" name=\"_wpcf7\" value=\"17488\" \/><input type=\"hidden\" name=\"_wpcf7_version\" value=\"6.1.5\" \/><input type=\"hidden\" name=\"_wpcf7_locale\" value=\"pl_PL\" \/><input type=\"hidden\" name=\"_wpcf7_unit_tag\" value=\"wpcf7-f17488-o1\" \/><input type=\"hidden\" name=\"_wpcf7_container_post\" value=\"0\" \/><input type=\"hidden\" name=\"_wpcf7_posted_data_hash\" value=\"\" \/><input type=\"hidden\" name=\"_wpcf7_recaptcha_response\" value=\"\" \/>\n<\/fieldset>\n<p><label> Imi\u0119 i nazwisko (wymagane)<br \/>\n<span class=\"wpcf7-form-control-wrap\" data-name=\"your-name\"><input size=\"40\" maxlength=\"400\" class=\"wpcf7-form-control wpcf7-text wpcf7-validates-as-required\" aria-required=\"true\" aria-invalid=\"false\" value=\"\" type=\"text\" name=\"your-name\" \/><\/span> <\/label>\n<\/p>\n<p><label> Tw\u00f3j adres e-mail (wymagane)<br \/>\n<span class=\"wpcf7-form-control-wrap\" data-name=\"your-email\"><input size=\"40\" maxlength=\"400\" class=\"wpcf7-form-control wpcf7-email wpcf7-validates-as-required wpcf7-text wpcf7-validates-as-email\" aria-required=\"true\" aria-invalid=\"false\" value=\"\" type=\"email\" name=\"your-email\" \/><\/span> <\/label>\n<\/p>\n<p><label> Temat (wymagane)<br \/>\n<span class=\"wpcf7-form-control-wrap\" data-name=\"your-subject\"><input size=\"40\" maxlength=\"400\" class=\"wpcf7-form-control wpcf7-text wpcf7-validates-as-required\" aria-required=\"true\" aria-invalid=\"false\" value=\"\" type=\"text\" name=\"your-subject\" \/><\/span> <\/label>\n<\/p>\n<p><label> Twoja wiadomo\u015b\u0107<br \/>\n<span class=\"wpcf7-form-control-wrap\" data-name=\"your-message\"><textarea cols=\"40\" rows=\"10\" maxlength=\"2000\" class=\"wpcf7-form-control wpcf7-textarea\" aria-invalid=\"false\" name=\"your-message\"><\/textarea><\/span> <\/label>\n<\/p>\n<p><input class=\"wpcf7-form-control wpcf7-submit has-spinner\" type=\"submit\" value=\"Wy\u015blij\" \/>\n<\/p><p style=\"display: none !important;\" class=\"akismet-fields-container\" data-prefix=\"_wpcf7_ak_\"><label>&#916;<textarea name=\"_wpcf7_ak_hp_textarea\" cols=\"45\" rows=\"8\" maxlength=\"100\"><\/textarea><\/label><input type=\"hidden\" id=\"ak_js_1\" name=\"_wpcf7_ak_js\" value=\"34\"\/><script>document.getElementById( \"ak_js_1\" ).setAttribute( \"value\", ( new Date() ).getTime() );<\/script><\/p><div class=\"wpcf7-response-output\" aria-hidden=\"true\"><\/div>\n<\/form>\n<\/div>\n\n\t\t<\/div>\n\t\t\t\t\t<\/div>\n\n\t\n<\/div>\n\t<div id=\"text-2143338159\" class=\"text\">\n\t\t\n<p><h3>INFOLINIA:<\/h3>\n<h4>Telefon: <a href=\"tel:00494022859032\">+49 (0)40 \/ 228 590 32<\/a> (angielski lub niemiecki)<\/h4>\n<p>Od poniedzia\u0142ku do pi\u0105tku<br \/> od 10.00 do 18.00<\/p>\n<\/p>\n\t\t\n<style>\n#text-2143338159 {\n  font-size: 1.5rem;\n  line-height: 1;\n  text-align: center;\n}\n<\/style>\n\t<\/div>\n\t\n\t<div id=\"gap-28814098\" class=\"gap-element clearfix\" style=\"display:block; height:auto;\">\n\t\t\n<style>\n#gap-28814098 {\n  padding-top: 40px;\n}\n<\/style>\n\t<\/div>\n\t\n","protected":false},"excerpt":{"rendered":"","protected":false},"author":1,"featured_media":0,"parent":0,"menu_order":190,"comment_status":"closed","ping_status":"closed","template":"page-blank.php","meta":{"footnotes":""},"class_list":["post-17598","page","type-page","status-publish","hentry"],"yoast_head":"<!-- This site is optimized with the Yoast SEO plugin v27.2 - https:\/\/yoast.com\/product\/yoast-seo-wordpress\/ -->\n<title>Kontakt | Radar Service<\/title>\n<meta name=\"description\" content=\"Kontakt | Radar Service\" \/>\n<meta name=\"robots\" content=\"noindex, nofollow\" \/>\n<meta property=\"og:locale\" content=\"pl_PL\" \/>\n<meta property=\"og:type\" content=\"article\" \/>\n<meta property=\"og:title\" content=\"Kontakt | Radar Service\" \/>\n<meta property=\"og:description\" content=\"Kontakt | Radar Service\" \/>\n<meta property=\"og:url\" content=\"https:\/\/radarservice.eu\/pl\/kontakt\/\" \/>\n<meta property=\"og:site_name\" content=\"Radar Service\" \/>\n<meta property=\"article:modified_time\" content=\"2022-04-03T10:31:25+00:00\" \/>\n<meta name=\"twitter:card\" content=\"summary_large_image\" \/>\n<meta name=\"twitter:label1\" content=\"Szacowany czas czytania\" \/>\n\t<meta name=\"twitter:data1\" content=\"2 minuty\" \/>\n<script type=\"application\/ld+json\" class=\"yoast-schema-graph\">{\"@context\":\"https:\/\/schema.org\",\"@graph\":[{\"@type\":\"WebPage\",\"@id\":\"https:\/\/radarservice.eu\/pl\/kontakt\/\",\"url\":\"https:\/\/radarservice.eu\/pl\/kontakt\/\",\"name\":\"Kontakt | Radar Service\",\"isPartOf\":{\"@id\":\"https:\/\/radarservice.eu\/pl\/#website\"},\"datePublished\":\"2019-07-14T12:26:45+00:00\",\"dateModified\":\"2022-04-03T10:31:25+00:00\",\"description\":\"Kontakt | Radar Service\",\"inLanguage\":\"pl-PL\",\"potentialAction\":[{\"@type\":\"ReadAction\",\"target\":[\"https:\/\/radarservice.eu\/pl\/kontakt\/\"]}]},{\"@type\":\"WebSite\",\"@id\":\"https:\/\/radarservice.eu\/pl\/#website\",\"url\":\"https:\/\/radarservice.eu\/pl\/\",\"name\":\"Radar Service\",\"description\":\"Radar detector Laser jammer mobile fix\",\"publisher\":{\"@id\":\"https:\/\/radarservice.eu\/pl\/#organization\"},\"potentialAction\":[{\"@type\":\"SearchAction\",\"target\":{\"@type\":\"EntryPoint\",\"urlTemplate\":\"https:\/\/radarservice.eu\/pl\/?s={search_term_string}\"},\"query-input\":{\"@type\":\"PropertyValueSpecification\",\"valueRequired\":true,\"valueName\":\"search_term_string\"}}],\"inLanguage\":\"pl-PL\"},{\"@type\":\"Organization\",\"@id\":\"https:\/\/radarservice.eu\/pl\/#organization\",\"name\":\"RadarService\",\"url\":\"https:\/\/radarservice.eu\/pl\/\",\"logo\":{\"@type\":\"ImageObject\",\"inLanguage\":\"pl-PL\",\"@id\":\"https:\/\/radarservice.eu\/pl\/#\/schema\/logo\/image\/\",\"url\":\"https:\/\/radarservice.eu\/wp-content\/uploads\/2021\/03\/Radar_detector_service.png\",\"contentUrl\":\"https:\/\/radarservice.eu\/wp-content\/uploads\/2021\/03\/Radar_detector_service.png\",\"width\":174,\"height\":48,\"caption\":\"RadarService\"},\"image\":{\"@id\":\"https:\/\/radarservice.eu\/pl\/#\/schema\/logo\/image\/\"}}]}<\/script>\n<!-- \/ Yoast SEO plugin. -->","yoast_head_json":{"title":"Kontakt | Radar Service","description":"Kontakt | Radar Service","robots":{"index":"noindex","follow":"nofollow"},"og_locale":"pl_PL","og_type":"article","og_title":"Kontakt | Radar Service","og_description":"Kontakt | Radar Service","og_url":"https:\/\/radarservice.eu\/pl\/kontakt\/","og_site_name":"Radar Service","article_modified_time":"2022-04-03T10:31:25+00:00","twitter_card":"summary_large_image","twitter_misc":{"Szacowany czas czytania":"2 minuty"},"schema":{"@context":"https:\/\/schema.org","@graph":[{"@type":"WebPage","@id":"https:\/\/radarservice.eu\/pl\/kontakt\/","url":"https:\/\/radarservice.eu\/pl\/kontakt\/","name":"Kontakt | Radar Service","isPartOf":{"@id":"https:\/\/radarservice.eu\/pl\/#website"},"datePublished":"2019-07-14T12:26:45+00:00","dateModified":"2022-04-03T10:31:25+00:00","description":"Kontakt | Radar Service","inLanguage":"pl-PL","potentialAction":[{"@type":"ReadAction","target":["https:\/\/radarservice.eu\/pl\/kontakt\/"]}]},{"@type":"WebSite","@id":"https:\/\/radarservice.eu\/pl\/#website","url":"https:\/\/radarservice.eu\/pl\/","name":"Radar Service","description":"Radar detector Laser jammer mobile fix","publisher":{"@id":"https:\/\/radarservice.eu\/pl\/#organization"},"potentialAction":[{"@type":"SearchAction","target":{"@type":"EntryPoint","urlTemplate":"https:\/\/radarservice.eu\/pl\/?s={search_term_string}"},"query-input":{"@type":"PropertyValueSpecification","valueRequired":true,"valueName":"search_term_string"}}],"inLanguage":"pl-PL"},{"@type":"Organization","@id":"https:\/\/radarservice.eu\/pl\/#organization","name":"RadarService","url":"https:\/\/radarservice.eu\/pl\/","logo":{"@type":"ImageObject","inLanguage":"pl-PL","@id":"https:\/\/radarservice.eu\/pl\/#\/schema\/logo\/image\/","url":"https:\/\/radarservice.eu\/wp-content\/uploads\/2021\/03\/Radar_detector_service.png","contentUrl":"https:\/\/radarservice.eu\/wp-content\/uploads\/2021\/03\/Radar_detector_service.png","width":174,"height":48,"caption":"RadarService"},"image":{"@id":"https:\/\/radarservice.eu\/pl\/#\/schema\/logo\/image\/"}}]}},"_links":{"self":[{"href":"https:\/\/radarservice.eu\/pl\/wp-json\/wp\/v2\/pages\/17598","targetHints":{"allow":["GET"]}}],"collection":[{"href":"https:\/\/radarservice.eu\/pl\/wp-json\/wp\/v2\/pages"}],"about":[{"href":"https:\/\/radarservice.eu\/pl\/wp-json\/wp\/v2\/types\/page"}],"author":[{"embeddable":true,"href":"https:\/\/radarservice.eu\/pl\/wp-json\/wp\/v2\/users\/1"}],"replies":[{"embeddable":true,"href":"https:\/\/radarservice.eu\/pl\/wp-json\/wp\/v2\/comments?post=17598"}],"version-history":[{"count":13,"href":"https:\/\/radarservice.eu\/pl\/wp-json\/wp\/v2\/pages\/17598\/revisions"}],"predecessor-version":[{"id":18369,"href":"https:\/\/radarservice.eu\/pl\/wp-json\/wp\/v2\/pages\/17598\/revisions\/18369"}],"wp:attachment":[{"href":"https:\/\/radarservice.eu\/pl\/wp-json\/wp\/v2\/media?parent=17598"}],"curies":[{"name":"wp","href":"https:\/\/api.w.org\/{rel}","templated":true}]}}