{"id":15259,"date":"2021-04-11T08:30:48","date_gmt":"2021-04-11T06:30:48","guid":{"rendered":"https:\/\/radarservice.eu\/produkt\/quintezz-xt7000-z2-euro\/"},"modified":"2021-04-11T08:30:48","modified_gmt":"2021-04-11T06:30:48","slug":"quintezz-xt7000-z2-euro","status":"publish","type":"product","link":"https:\/\/radarservice.eu\/nl\/product\/quintezz-xt7000-z2-euro\/","title":{"rendered":"Quintezz XT7000 Z2 Euro"},"content":{"rendered":"<p>Der mobile Radarwarner Quintezz XT7000 Z2 ist ein kosteng\u00fcnstiges Einsteigerger\u00e4t das sich f\u00fcr den Einsatz in Europa eignet.<br \/>\nOptimal f\u00fcr Fahrzeugf\u00fchrer die mit durchschnittlicher Performance auskommen und denen eine Grundabsicherung gen\u00fcgt.<\/p>\n<p><strong>Hiweis:<\/strong> Der Quintezz XT7000 Z2 verf\u00fcgt zwar \u00fcber einen Laserempfang, aber f\u00fcr einen sicheren Laserschutz empfehlen wir<br \/>\nden Einsatz eines aktiven Laserblockers z.B. Genevo FF2 oder AL Priority.<\/p>\n<p><strong>\u00dcbersicht:<\/strong><br \/>\n+ mobiler Radarwarner mit 12V Zigarettenanz\u00fcnderanschlu\u00df<br \/>\n+ X-, K-, KA- und Ku-Band<br \/>\n+ Ka-Schmalband f\u00fcr max. Leistung bei europ\u00e4ischen Multanova Radarger\u00e4ten<br \/>\n+ Ma\u00dfe: 34 x 75 x 117 (H\u00f6he x Breite x L\u00e4nge in mm)<\/p>\n<p><strong>Frequenzbereiche:<\/strong><br \/>\n+ X-Band &#8211; 9.41 GHz, 9.90 GHz, 10.525 GHz, 10.600 GHz<br \/>\n+ K-Band &#8211; 24.125 GHz, 24.150 GHz, 24.220 GHz<br \/>\n+ Ka-Band &#8211; 34.700 GHz \u00b1 1300 MHz<br \/>\n+ Ka Narrow &#8211; 34.00 GHz, 34.30 GHz, 34.36 GHz, 35.70 GHz<br \/>\n+ KU-Band &#8211; 13.450 GHz<\/p>\n<p><strong>Lieferumfang:<\/strong><br \/>\n* Quintezz XT7000 Z2 Radarwarner<br \/>\n* Halterung &amp; 12V Anschlusskabel<br \/>\n* Bedienungsanleitung<\/p>\n","protected":false},"excerpt":{"rendered":"<p>Der mobile Radarwarner Quintezz XT7000 Z2 ist ein kosteng\u00fcnstiges Einsteigerger\u00e4t das sich f\u00fcr den Einsatz in Europa eignet. Optimal f\u00fcr Fahrzeugf\u00fchrer die mit durchschnittlicher Performance auskommen und denen eine Grundabsicherung gen\u00fcgt. Hiweis: Der Quintezz XT7000 Z2 verf\u00fcgt zwar \u00fcber einen Laserempfang, aber f\u00fcr einen sicheren Laserschutz empfehlen wir den Einsatz eines aktiven Laserblockers z.B. Genevo [&#8230;]\n","protected":false},"featured_media":15260,"comment_status":"open","ping_status":"closed","template":"","meta":[],"product_brand":[],"product_cat":[1119,1200],"product_tag":[1202,1103,1201,1102],"class_list":{"0":"post-15259","1":"product","2":"type-product","3":"status-publish","4":"has-post-thumbnail","6":"product_cat-mobiele-radardetectoren","7":"product_cat-quintezz-nl","8":"product_tag-euro-nl","9":"product_tag-europa-nl","10":"product_tag-quintezz-xt7000-nl","11":"product_tag-radardetector","13":"first","14":"instock","15":"sale","16":"taxable","17":"shipping-taxable","18":"purchasable","19":"product-type-simple"},"yoast_head":"<!-- This site is optimized with the Yoast SEO plugin v27.2 - https:\/\/yoast.com\/product\/yoast-seo-wordpress\/ -->\n<title>Quintezz XT7000 Z2 Euro | Radar Service<\/title>\n<meta name=\"description\" content=\"De Quintezz XT7000 Z2 mobiele radardetector is een kosteneffectief instapmodel dat geschikt is voor gebruik in Europa.\" \/>\n<meta name=\"robots\" content=\"index, follow, max-snippet:-1, max-image-preview:large, max-video-preview:-1\" \/>\n<link rel=\"canonical\" href=\"https:\/\/radarservice.eu\/nl\/product\/quintezz-xt7000-z2-euro\/\" \/>\n<meta property=\"og:locale\" content=\"nl_NL\" \/>\n<meta property=\"og:type\" content=\"article\" \/>\n<meta property=\"og:title\" content=\"Quintezz XT7000 Z2 Euro | Radar Service\" \/>\n<meta property=\"og:description\" content=\"De Quintezz XT7000 Z2 mobiele radardetector is een kosteneffectief instapmodel dat geschikt is voor gebruik in Europa.\" \/>\n<meta property=\"og:url\" content=\"https:\/\/radarservice.eu\/nl\/product\/quintezz-xt7000-z2-euro\/\" \/>\n<meta property=\"og:site_name\" content=\"Radar Service\" \/>\n<meta property=\"og:image\" content=\"https:\/\/radarservice.eu\/wp-content\/uploads\/2020\/09\/quintezz_xt_7000.jpg\" \/>\n\t<meta property=\"og:image:width\" content=\"450\" \/>\n\t<meta property=\"og:image:height\" content=\"450\" \/>\n\t<meta property=\"og:image:type\" content=\"image\/jpeg\" \/>\n<meta name=\"twitter:card\" content=\"summary_large_image\" \/>\n<meta name=\"twitter:label1\" content=\"Geschatte leestijd\" \/>\n\t<meta name=\"twitter:data1\" content=\"1 minuut\" \/>\n<script type=\"application\/ld+json\" class=\"yoast-schema-graph\">{\"@context\":\"https:\/\/schema.org\",\"@graph\":[{\"@type\":\"WebPage\",\"@id\":\"https:\/\/radarservice.eu\/nl\/product\/quintezz-xt7000-z2-euro\/\",\"url\":\"https:\/\/radarservice.eu\/nl\/product\/quintezz-xt7000-z2-euro\/\",\"name\":\"Quintezz XT7000 Z2 Euro | Radar Service\",\"isPartOf\":{\"@id\":\"https:\/\/radarservice.eu\/nl\/#website\"},\"primaryImageOfPage\":{\"@id\":\"https:\/\/radarservice.eu\/nl\/product\/quintezz-xt7000-z2-euro\/#primaryimage\"},\"image\":{\"@id\":\"https:\/\/radarservice.eu\/nl\/product\/quintezz-xt7000-z2-euro\/#primaryimage\"},\"thumbnailUrl\":\"https:\/\/radarservice.eu\/wp-content\/uploads\/2020\/09\/quintezz_xt_7000.jpg\",\"datePublished\":\"2021-04-11T06:30:48+00:00\",\"description\":\"De Quintezz XT7000 Z2 mobiele radardetector is een kosteneffectief instapmodel dat geschikt is voor gebruik in Europa.\",\"breadcrumb\":{\"@id\":\"https:\/\/radarservice.eu\/nl\/product\/quintezz-xt7000-z2-euro\/#breadcrumb\"},\"inLanguage\":\"nl-NL\",\"potentialAction\":[{\"@type\":\"ReadAction\",\"target\":[\"https:\/\/radarservice.eu\/nl\/product\/quintezz-xt7000-z2-euro\/\"]}]},{\"@type\":\"ImageObject\",\"inLanguage\":\"nl-NL\",\"@id\":\"https:\/\/radarservice.eu\/nl\/product\/quintezz-xt7000-z2-euro\/#primaryimage\",\"url\":\"https:\/\/radarservice.eu\/wp-content\/uploads\/2020\/09\/quintezz_xt_7000.jpg\",\"contentUrl\":\"https:\/\/radarservice.eu\/wp-content\/uploads\/2020\/09\/quintezz_xt_7000.jpg\",\"width\":450,\"height\":450,\"caption\":\"Quintezz XT7000\"},{\"@type\":\"BreadcrumbList\",\"@id\":\"https:\/\/radarservice.eu\/nl\/product\/quintezz-xt7000-z2-euro\/#breadcrumb\",\"itemListElement\":[{\"@type\":\"ListItem\",\"position\":1,\"name\":\"Winkel\",\"item\":\"https:\/\/radarservice.eu\/nl\/winkel\/\"},{\"@type\":\"ListItem\",\"position\":2,\"name\":\"Quintezz XT7000 Z2 Euro\"}]},{\"@type\":\"WebSite\",\"@id\":\"https:\/\/radarservice.eu\/nl\/#website\",\"url\":\"https:\/\/radarservice.eu\/nl\/\",\"name\":\"Radar Service\",\"description\":\"Radar detector Laser jammer mobile fix\",\"publisher\":{\"@id\":\"https:\/\/radarservice.eu\/nl\/#organization\"},\"potentialAction\":[{\"@type\":\"SearchAction\",\"target\":{\"@type\":\"EntryPoint\",\"urlTemplate\":\"https:\/\/radarservice.eu\/nl\/?s={search_term_string}\"},\"query-input\":{\"@type\":\"PropertyValueSpecification\",\"valueRequired\":true,\"valueName\":\"search_term_string\"}}],\"inLanguage\":\"nl-NL\"},{\"@type\":\"Organization\",\"@id\":\"https:\/\/radarservice.eu\/nl\/#organization\",\"name\":\"RadarService\",\"url\":\"https:\/\/radarservice.eu\/nl\/\",\"logo\":{\"@type\":\"ImageObject\",\"inLanguage\":\"nl-NL\",\"@id\":\"https:\/\/radarservice.eu\/nl\/#\/schema\/logo\/image\/\",\"url\":\"https:\/\/radarservice.eu\/wp-content\/uploads\/2021\/03\/Radar_detector_service.png\",\"contentUrl\":\"https:\/\/radarservice.eu\/wp-content\/uploads\/2021\/03\/Radar_detector_service.png\",\"width\":174,\"height\":48,\"caption\":\"RadarService\"},\"image\":{\"@id\":\"https:\/\/radarservice.eu\/nl\/#\/schema\/logo\/image\/\"}}]}<\/script>\n<!-- \/ Yoast SEO plugin. -->","yoast_head_json":{"title":"Quintezz XT7000 Z2 Euro | Radar Service","description":"De Quintezz XT7000 Z2 mobiele radardetector is een kosteneffectief instapmodel dat geschikt is voor gebruik in Europa.","robots":{"index":"index","follow":"follow","max-snippet":"max-snippet:-1","max-image-preview":"max-image-preview:large","max-video-preview":"max-video-preview:-1"},"canonical":"https:\/\/radarservice.eu\/nl\/product\/quintezz-xt7000-z2-euro\/","og_locale":"nl_NL","og_type":"article","og_title":"Quintezz XT7000 Z2 Euro | Radar Service","og_description":"De Quintezz XT7000 Z2 mobiele radardetector is een kosteneffectief instapmodel dat geschikt is voor gebruik in Europa.","og_url":"https:\/\/radarservice.eu\/nl\/product\/quintezz-xt7000-z2-euro\/","og_site_name":"Radar Service","og_image":[{"width":450,"height":450,"url":"https:\/\/radarservice.eu\/wp-content\/uploads\/2020\/09\/quintezz_xt_7000.jpg","type":"image\/jpeg"}],"twitter_card":"summary_large_image","twitter_misc":{"Geschatte leestijd":"1 minuut"},"schema":{"@context":"https:\/\/schema.org","@graph":[{"@type":"WebPage","@id":"https:\/\/radarservice.eu\/nl\/product\/quintezz-xt7000-z2-euro\/","url":"https:\/\/radarservice.eu\/nl\/product\/quintezz-xt7000-z2-euro\/","name":"Quintezz XT7000 Z2 Euro | Radar Service","isPartOf":{"@id":"https:\/\/radarservice.eu\/nl\/#website"},"primaryImageOfPage":{"@id":"https:\/\/radarservice.eu\/nl\/product\/quintezz-xt7000-z2-euro\/#primaryimage"},"image":{"@id":"https:\/\/radarservice.eu\/nl\/product\/quintezz-xt7000-z2-euro\/#primaryimage"},"thumbnailUrl":"https:\/\/radarservice.eu\/wp-content\/uploads\/2020\/09\/quintezz_xt_7000.jpg","datePublished":"2021-04-11T06:30:48+00:00","description":"De Quintezz XT7000 Z2 mobiele radardetector is een kosteneffectief instapmodel dat geschikt is voor gebruik in Europa.","breadcrumb":{"@id":"https:\/\/radarservice.eu\/nl\/product\/quintezz-xt7000-z2-euro\/#breadcrumb"},"inLanguage":"nl-NL","potentialAction":[{"@type":"ReadAction","target":["https:\/\/radarservice.eu\/nl\/product\/quintezz-xt7000-z2-euro\/"]}]},{"@type":"ImageObject","inLanguage":"nl-NL","@id":"https:\/\/radarservice.eu\/nl\/product\/quintezz-xt7000-z2-euro\/#primaryimage","url":"https:\/\/radarservice.eu\/wp-content\/uploads\/2020\/09\/quintezz_xt_7000.jpg","contentUrl":"https:\/\/radarservice.eu\/wp-content\/uploads\/2020\/09\/quintezz_xt_7000.jpg","width":450,"height":450,"caption":"Quintezz XT7000"},{"@type":"BreadcrumbList","@id":"https:\/\/radarservice.eu\/nl\/product\/quintezz-xt7000-z2-euro\/#breadcrumb","itemListElement":[{"@type":"ListItem","position":1,"name":"Winkel","item":"https:\/\/radarservice.eu\/nl\/winkel\/"},{"@type":"ListItem","position":2,"name":"Quintezz XT7000 Z2 Euro"}]},{"@type":"WebSite","@id":"https:\/\/radarservice.eu\/nl\/#website","url":"https:\/\/radarservice.eu\/nl\/","name":"Radar Service","description":"Radar detector Laser jammer mobile fix","publisher":{"@id":"https:\/\/radarservice.eu\/nl\/#organization"},"potentialAction":[{"@type":"SearchAction","target":{"@type":"EntryPoint","urlTemplate":"https:\/\/radarservice.eu\/nl\/?s={search_term_string}"},"query-input":{"@type":"PropertyValueSpecification","valueRequired":true,"valueName":"search_term_string"}}],"inLanguage":"nl-NL"},{"@type":"Organization","@id":"https:\/\/radarservice.eu\/nl\/#organization","name":"RadarService","url":"https:\/\/radarservice.eu\/nl\/","logo":{"@type":"ImageObject","inLanguage":"nl-NL","@id":"https:\/\/radarservice.eu\/nl\/#\/schema\/logo\/image\/","url":"https:\/\/radarservice.eu\/wp-content\/uploads\/2021\/03\/Radar_detector_service.png","contentUrl":"https:\/\/radarservice.eu\/wp-content\/uploads\/2021\/03\/Radar_detector_service.png","width":174,"height":48,"caption":"RadarService"},"image":{"@id":"https:\/\/radarservice.eu\/nl\/#\/schema\/logo\/image\/"}}]}},"_links":{"self":[{"href":"https:\/\/radarservice.eu\/nl\/wp-json\/wp\/v2\/product\/15259","targetHints":{"allow":["GET"]}}],"collection":[{"href":"https:\/\/radarservice.eu\/nl\/wp-json\/wp\/v2\/product"}],"about":[{"href":"https:\/\/radarservice.eu\/nl\/wp-json\/wp\/v2\/types\/product"}],"replies":[{"embeddable":true,"href":"https:\/\/radarservice.eu\/nl\/wp-json\/wp\/v2\/comments?post=15259"}],"wp:featuredmedia":[{"embeddable":true,"href":"https:\/\/radarservice.eu\/nl\/wp-json\/wp\/v2\/media\/15260"}],"wp:attachment":[{"href":"https:\/\/radarservice.eu\/nl\/wp-json\/wp\/v2\/media?parent=15259"}],"wp:term":[{"taxonomy":"product_brand","embeddable":true,"href":"https:\/\/radarservice.eu\/nl\/wp-json\/wp\/v2\/product_brand?post=15259"},{"taxonomy":"product_cat","embeddable":true,"href":"https:\/\/radarservice.eu\/nl\/wp-json\/wp\/v2\/product_cat?post=15259"},{"taxonomy":"product_tag","embeddable":true,"href":"https:\/\/radarservice.eu\/nl\/wp-json\/wp\/v2\/product_tag?post=15259"}],"curies":[{"name":"wp","href":"https:\/\/api.w.org\/{rel}","templated":true}]}}