{"id":14887,"date":"2020-09-13T14:47:01","date_gmt":"2020-09-13T12:47:01","guid":{"rendered":"https:\/\/radarservice.eu\/produkt\/genevo-one-s-rilevatore-radar-2\/"},"modified":"2021-03-24T08:41:09","modified_gmt":"2021-03-24T07:41:09","slug":"genevo-one-s-rilevatore-radar-2","status":"publish","type":"product","link":"https:\/\/radarservice.eu\/it\/prodotto\/genevo-one-s-rilevatore-radar-2\/","title":{"rendered":"Genevo One S &#8211;  Rilevatore radar"},"content":{"rendered":"<p>Il rivelatore radar Genevo One S \u00e8 perfettamente adatto all&#8217;uso mobile del rivelatore radar.<br \/>\nIl Genevo One offre un ottimo avvertimento anticipato delle misurazioni di velocit\u00e0 mobili, nonch\u00e9 un avvertimento a livello europeo degli autovelox fissi.<\/p>\n<p>.<\/p>\n<p>Il Genevo S segnala le trappole di velocit\u00e0 sia sul display che per mezzo di un annuncio vocale tedesco. Il conducente riceve informazioni dettagliate sul rilevato<br \/>\ntrappola radar, avviso POI o misurazione laser. In caso di rilevamento radar, la forza del segnale viene visualizzata anche tramite un segnale acustico per indicare la distanza dalla trappola radar.<\/p>\n<p>.<\/p>\n<p>L&#8217;utente pu\u00f2 anche salvare o rimuovere le proprie posizioni GPS (POI) in modo che un avviso sonoro sia dato in queste posizioni, se lo si desidera.<\/p>\n<p>Il G1 pu\u00f2 essere programmato come richiesto utilizzando un menu tedesco, rendendolo adattabile alle particolari esigenze e desideri del cliente.<\/p>\n<p><strong>Panoramica:<\/strong><br \/>\n+ il rilevatore di radar mobile pi\u00f9 compatto con antenna radar per autovelox mobili e tecnologia GPS<br \/>.<br \/>\n+ 360 \u00b0 grado di rilevamento di tutte le fonti radar in Europa (X \/ K \/ Ka band)<br \/>\n+ Avviso di misure laser<br \/>\n+ Avviso di radar stazionario<br \/>\n+ Avviso di monitoraggio a luci rosse<br \/>\n+ Avviso per le misure di controllo della sezione<br \/>\n+ Possibilit\u00e0 di configurazione tramite il menu tedesco<br \/>\n+ aggiornabile tramite connessione USB<br \/> + database EUROPA per gli autovelox fissi<br \/>\n+ Il database EUROPA per gli autovelox fissi \u00e8 gi\u00e0 pre-installato<br \/>\n+ segnali di allarme e impostazioni completamente in tedesco<br \/>\n+ adatto per l&#8217;uso in Germania, Austria, Svizzera ed Europa occidentale<br \/>\n+ i propri punti di pericolo memorizzabili<\/p>\n<p><strong>Scopo della fornitura:<\/strong><br \/>\n* Rivelatore radar Genevo One S con ricevitore GPS integrato<br \/>.<br \/>\n* database UE preinstallato per tutta l&#8217;Europa<br \/>\n* Accessori per il montaggio sul parabrezza (ventose)<br \/>\n* Alimentazione 12V con collegamento all&#8217;accendisigari<br \/>\n* Istruzioni per l&#8217;uso in tedesco<br \/>\n* 24 mesi di garanzia<\/p>\n<p><strong>Nota:<\/strong> Il Genevo One ha una ricezione laser, ma per una protezione laser sicura raccomandiamo l&#8217;uso di un blocco laser attivo, ad esempio Antilaser ALP Priority o Lasertrack Flare.<\/p>\n","protected":false},"excerpt":{"rendered":"<p>Il rivelatore radar Genevo One S \u00e8 perfettamente adatto all&#8217;uso mobile del rivelatore radar. Il Genevo One offre un ottimo avvertimento anticipato delle misurazioni di velocit\u00e0 mobili, nonch\u00e9 un avvertimento a livello europeo degli autovelox fissi. . Il Genevo S segnala le trappole di velocit\u00e0 sia sul display che per mezzo di un annuncio vocale [&#8230;]\n","protected":false},"featured_media":14890,"comment_status":"open","ping_status":"closed","template":"","meta":[],"product_brand":[],"product_cat":[681,700],"product_tag":[684,840,839,841,683,771],"class_list":{"0":"post-14887","1":"product","2":"type-product","3":"status-publish","4":"has-post-thumbnail","6":"product_cat-genevo-italy","7":"product_cat-rilevatori-radar-mobili","8":"product_tag-europa-it","9":"product_tag-g1-it","10":"product_tag-genevo-one-it","11":"product_tag-genevo-one-s-it","12":"product_tag-rilevatore-radar","13":"product_tag-rivelatore-radar-mobile","15":"first","16":"instock","17":"taxable","18":"shipping-taxable","19":"purchasable","20":"product-type-simple"},"yoast_head":"<!-- This site is optimized with the Yoast SEO plugin v27.2 - https:\/\/yoast.com\/product\/yoast-seo-wordpress\/ -->\n<title>Genevo One S - Rilevatore radar | Radar Service<\/title>\n<meta name=\"description\" content=\"Genevo One S - Rilevatore radar | Radar Service\" \/>\n<meta name=\"robots\" content=\"index, follow, max-snippet:-1, max-image-preview:large, max-video-preview:-1\" \/>\n<link rel=\"canonical\" href=\"https:\/\/radarservice.eu\/it\/prodotto\/genevo-one-s-rilevatore-radar-2\/\" \/>\n<meta property=\"og:locale\" content=\"it_IT\" \/>\n<meta property=\"og:type\" content=\"article\" \/>\n<meta property=\"og:title\" content=\"Genevo One S - Rilevatore radar | Radar Service\" \/>\n<meta property=\"og:description\" content=\"Genevo One S - Rilevatore radar | Radar Service\" \/>\n<meta property=\"og:url\" content=\"https:\/\/radarservice.eu\/it\/prodotto\/genevo-one-s-rilevatore-radar-2\/\" \/>\n<meta property=\"og:site_name\" content=\"Radar Service\" \/>\n<meta property=\"article:modified_time\" content=\"2021-03-24T07:41:09+00:00\" \/>\n<meta property=\"og:image\" content=\"https:\/\/radarservice.eu\/wp-content\/uploads\/2020\/09\/Genevo_One_S_Packung.jpg\" \/>\n\t<meta property=\"og:image:width\" content=\"1600\" \/>\n\t<meta property=\"og:image:height\" content=\"1031\" \/>\n\t<meta property=\"og:image:type\" content=\"image\/jpeg\" \/>\n<meta name=\"twitter:card\" content=\"summary_large_image\" \/>\n<meta name=\"twitter:label1\" content=\"Tempo di lettura stimato\" \/>\n\t<meta name=\"twitter:data1\" content=\"2 minuti\" \/>\n<script type=\"application\/ld+json\" class=\"yoast-schema-graph\">{\"@context\":\"https:\/\/schema.org\",\"@graph\":[{\"@type\":\"WebPage\",\"@id\":\"https:\/\/radarservice.eu\/it\/prodotto\/genevo-one-s-rilevatore-radar-2\/\",\"url\":\"https:\/\/radarservice.eu\/it\/prodotto\/genevo-one-s-rilevatore-radar-2\/\",\"name\":\"Genevo One S - Rilevatore radar | Radar Service\",\"isPartOf\":{\"@id\":\"https:\/\/radarservice.eu\/it\/#website\"},\"primaryImageOfPage\":{\"@id\":\"https:\/\/radarservice.eu\/it\/prodotto\/genevo-one-s-rilevatore-radar-2\/#primaryimage\"},\"image\":{\"@id\":\"https:\/\/radarservice.eu\/it\/prodotto\/genevo-one-s-rilevatore-radar-2\/#primaryimage\"},\"thumbnailUrl\":\"https:\/\/radarservice.eu\/wp-content\/uploads\/2020\/09\/Genevo_One_S_Packung.jpg\",\"datePublished\":\"2020-09-13T12:47:01+00:00\",\"dateModified\":\"2021-03-24T07:41:09+00:00\",\"description\":\"Genevo One S - Rilevatore radar | Radar Service\",\"breadcrumb\":{\"@id\":\"https:\/\/radarservice.eu\/it\/prodotto\/genevo-one-s-rilevatore-radar-2\/#breadcrumb\"},\"inLanguage\":\"it-IT\",\"potentialAction\":[{\"@type\":\"ReadAction\",\"target\":[\"https:\/\/radarservice.eu\/it\/prodotto\/genevo-one-s-rilevatore-radar-2\/\"]}]},{\"@type\":\"ImageObject\",\"inLanguage\":\"it-IT\",\"@id\":\"https:\/\/radarservice.eu\/it\/prodotto\/genevo-one-s-rilevatore-radar-2\/#primaryimage\",\"url\":\"https:\/\/radarservice.eu\/wp-content\/uploads\/2020\/09\/Genevo_One_S_Packung.jpg\",\"contentUrl\":\"https:\/\/radarservice.eu\/wp-content\/uploads\/2020\/09\/Genevo_One_S_Packung.jpg\",\"width\":1600,\"height\":1031,\"caption\":\"Genevo One S Pacchetto\"},{\"@type\":\"BreadcrumbList\",\"@id\":\"https:\/\/radarservice.eu\/it\/prodotto\/genevo-one-s-rilevatore-radar-2\/#breadcrumb\",\"itemListElement\":[{\"@type\":\"ListItem\",\"position\":1,\"name\":\"Negozio\",\"item\":\"https:\/\/radarservice.eu\/it\/negozio\/\"},{\"@type\":\"ListItem\",\"position\":2,\"name\":\"Genevo One S &#8211; Rilevatore radar\"}]},{\"@type\":\"WebSite\",\"@id\":\"https:\/\/radarservice.eu\/it\/#website\",\"url\":\"https:\/\/radarservice.eu\/it\/\",\"name\":\"Radar Service\",\"description\":\"Radar detector Laser jammer mobile fix\",\"publisher\":{\"@id\":\"https:\/\/radarservice.eu\/it\/#organization\"},\"potentialAction\":[{\"@type\":\"SearchAction\",\"target\":{\"@type\":\"EntryPoint\",\"urlTemplate\":\"https:\/\/radarservice.eu\/it\/?s={search_term_string}\"},\"query-input\":{\"@type\":\"PropertyValueSpecification\",\"valueRequired\":true,\"valueName\":\"search_term_string\"}}],\"inLanguage\":\"it-IT\"},{\"@type\":\"Organization\",\"@id\":\"https:\/\/radarservice.eu\/it\/#organization\",\"name\":\"RadarService\",\"url\":\"https:\/\/radarservice.eu\/it\/\",\"logo\":{\"@type\":\"ImageObject\",\"inLanguage\":\"it-IT\",\"@id\":\"https:\/\/radarservice.eu\/it\/#\/schema\/logo\/image\/\",\"url\":\"https:\/\/radarservice.eu\/wp-content\/uploads\/2021\/03\/Radar_detector_service.png\",\"contentUrl\":\"https:\/\/radarservice.eu\/wp-content\/uploads\/2021\/03\/Radar_detector_service.png\",\"width\":174,\"height\":48,\"caption\":\"RadarService\"},\"image\":{\"@id\":\"https:\/\/radarservice.eu\/it\/#\/schema\/logo\/image\/\"}}]}<\/script>\n<!-- \/ Yoast SEO plugin. -->","yoast_head_json":{"title":"Genevo One S - Rilevatore radar | Radar Service","description":"Genevo One S - Rilevatore radar | Radar Service","robots":{"index":"index","follow":"follow","max-snippet":"max-snippet:-1","max-image-preview":"max-image-preview:large","max-video-preview":"max-video-preview:-1"},"canonical":"https:\/\/radarservice.eu\/it\/prodotto\/genevo-one-s-rilevatore-radar-2\/","og_locale":"it_IT","og_type":"article","og_title":"Genevo One S - Rilevatore radar | Radar Service","og_description":"Genevo One S - Rilevatore radar | Radar Service","og_url":"https:\/\/radarservice.eu\/it\/prodotto\/genevo-one-s-rilevatore-radar-2\/","og_site_name":"Radar Service","article_modified_time":"2021-03-24T07:41:09+00:00","og_image":[{"width":1600,"height":1031,"url":"https:\/\/radarservice.eu\/wp-content\/uploads\/2020\/09\/Genevo_One_S_Packung.jpg","type":"image\/jpeg"}],"twitter_card":"summary_large_image","twitter_misc":{"Tempo di lettura stimato":"2 minuti"},"schema":{"@context":"https:\/\/schema.org","@graph":[{"@type":"WebPage","@id":"https:\/\/radarservice.eu\/it\/prodotto\/genevo-one-s-rilevatore-radar-2\/","url":"https:\/\/radarservice.eu\/it\/prodotto\/genevo-one-s-rilevatore-radar-2\/","name":"Genevo One S - Rilevatore radar | Radar Service","isPartOf":{"@id":"https:\/\/radarservice.eu\/it\/#website"},"primaryImageOfPage":{"@id":"https:\/\/radarservice.eu\/it\/prodotto\/genevo-one-s-rilevatore-radar-2\/#primaryimage"},"image":{"@id":"https:\/\/radarservice.eu\/it\/prodotto\/genevo-one-s-rilevatore-radar-2\/#primaryimage"},"thumbnailUrl":"https:\/\/radarservice.eu\/wp-content\/uploads\/2020\/09\/Genevo_One_S_Packung.jpg","datePublished":"2020-09-13T12:47:01+00:00","dateModified":"2021-03-24T07:41:09+00:00","description":"Genevo One S - Rilevatore radar | Radar Service","breadcrumb":{"@id":"https:\/\/radarservice.eu\/it\/prodotto\/genevo-one-s-rilevatore-radar-2\/#breadcrumb"},"inLanguage":"it-IT","potentialAction":[{"@type":"ReadAction","target":["https:\/\/radarservice.eu\/it\/prodotto\/genevo-one-s-rilevatore-radar-2\/"]}]},{"@type":"ImageObject","inLanguage":"it-IT","@id":"https:\/\/radarservice.eu\/it\/prodotto\/genevo-one-s-rilevatore-radar-2\/#primaryimage","url":"https:\/\/radarservice.eu\/wp-content\/uploads\/2020\/09\/Genevo_One_S_Packung.jpg","contentUrl":"https:\/\/radarservice.eu\/wp-content\/uploads\/2020\/09\/Genevo_One_S_Packung.jpg","width":1600,"height":1031,"caption":"Genevo One S Pacchetto"},{"@type":"BreadcrumbList","@id":"https:\/\/radarservice.eu\/it\/prodotto\/genevo-one-s-rilevatore-radar-2\/#breadcrumb","itemListElement":[{"@type":"ListItem","position":1,"name":"Negozio","item":"https:\/\/radarservice.eu\/it\/negozio\/"},{"@type":"ListItem","position":2,"name":"Genevo One S &#8211; Rilevatore radar"}]},{"@type":"WebSite","@id":"https:\/\/radarservice.eu\/it\/#website","url":"https:\/\/radarservice.eu\/it\/","name":"Radar Service","description":"Radar detector Laser jammer mobile fix","publisher":{"@id":"https:\/\/radarservice.eu\/it\/#organization"},"potentialAction":[{"@type":"SearchAction","target":{"@type":"EntryPoint","urlTemplate":"https:\/\/radarservice.eu\/it\/?s={search_term_string}"},"query-input":{"@type":"PropertyValueSpecification","valueRequired":true,"valueName":"search_term_string"}}],"inLanguage":"it-IT"},{"@type":"Organization","@id":"https:\/\/radarservice.eu\/it\/#organization","name":"RadarService","url":"https:\/\/radarservice.eu\/it\/","logo":{"@type":"ImageObject","inLanguage":"it-IT","@id":"https:\/\/radarservice.eu\/it\/#\/schema\/logo\/image\/","url":"https:\/\/radarservice.eu\/wp-content\/uploads\/2021\/03\/Radar_detector_service.png","contentUrl":"https:\/\/radarservice.eu\/wp-content\/uploads\/2021\/03\/Radar_detector_service.png","width":174,"height":48,"caption":"RadarService"},"image":{"@id":"https:\/\/radarservice.eu\/it\/#\/schema\/logo\/image\/"}}]}},"_links":{"self":[{"href":"https:\/\/radarservice.eu\/it\/wp-json\/wp\/v2\/product\/14887","targetHints":{"allow":["GET"]}}],"collection":[{"href":"https:\/\/radarservice.eu\/it\/wp-json\/wp\/v2\/product"}],"about":[{"href":"https:\/\/radarservice.eu\/it\/wp-json\/wp\/v2\/types\/product"}],"replies":[{"embeddable":true,"href":"https:\/\/radarservice.eu\/it\/wp-json\/wp\/v2\/comments?post=14887"}],"wp:featuredmedia":[{"embeddable":true,"href":"https:\/\/radarservice.eu\/it\/wp-json\/wp\/v2\/media\/14890"}],"wp:attachment":[{"href":"https:\/\/radarservice.eu\/it\/wp-json\/wp\/v2\/media?parent=14887"}],"wp:term":[{"taxonomy":"product_brand","embeddable":true,"href":"https:\/\/radarservice.eu\/it\/wp-json\/wp\/v2\/product_brand?post=14887"},{"taxonomy":"product_cat","embeddable":true,"href":"https:\/\/radarservice.eu\/it\/wp-json\/wp\/v2\/product_cat?post=14887"},{"taxonomy":"product_tag","embeddable":true,"href":"https:\/\/radarservice.eu\/it\/wp-json\/wp\/v2\/product_tag?post=14887"}],"curies":[{"name":"wp","href":"https:\/\/api.w.org\/{rel}","templated":true}]}}