{"id":14876,"date":"2020-09-13T14:47:02","date_gmt":"2020-09-13T12:47:02","guid":{"rendered":"https:\/\/radarservice.eu\/produkt\/beltronics-975-europa-version\/"},"modified":"2020-09-13T14:47:02","modified_gmt":"2020-09-13T12:47:02","slug":"beltronics-975-europa-version","status":"publish","type":"product","link":"https:\/\/radarservice.eu\/it\/prodotto\/beltronics-975-europa-version\/","title":{"rendered":"Beltronics 975 Europa Version"},"content":{"rendered":"<p>Il Beltronics 975 Europe Version 2012 \u00e8 rispetto al Bel 966NEW circa il 20% pi\u00f9 potente e appositamente progettato per l&#8217;uso in Europa. Il rilevatore di radar a installazione fissa \u00e8 ideale come dispositivo economico entry-level per l&#8217;installazione nascosta. Grazie all&#8217;alloggiamento resistente agli spruzzi del BEL 975 Europe, un&#8217;installazione perfettamente invisibile non \u00e8 un problema. Il modulo ricevitore radar \u00e8 installato in un posto adatto nella parte anteriore del veicolo. Le avvertenze e le impostazioni sono fatte tramite un pannello di controllo molto piccolo all&#8217;interno del veicolo.<\/p>\n<p>.<\/p>\n<p><strong>Nota:<\/strong> Il Bel EVO 975 \u00e8 un rilevatore solo radar e non ha l&#8217;allarme laser. I moduli ricevitore laser originali opzionali non sono raccomandati in Europa. Se hai bisogno di una protezione laser, si raccomanda di utilizzare un blocco laser attivo, ad esempio Genevo FF2 o AL Priority.<\/p>\n<p><strong>Panoramica:<\/strong><br \/>\n+ BEL EVO 975 con il 20% di potenza in pi\u00f9 di Bel 966NEW<br \/>.<br \/>\n+ ultimo design per l&#8217;Europa versione 2012<br \/>\n+ X-, K-, KA- e banda Ku<br \/>\n+ Ka-banda stretta per le massime prestazioni con i radar europei Multanova<br \/>\n+ La banda K e la banda Ku possono essere spente premendo un pulsante<\/p>\n<p>.<\/p>\n<p><strong>Gamme di frequenza:<\/strong><br \/>\n+ Banda X &#8211; 10.525 GHz \u00b1 25 MHz<br \/>\n+ Banda K &#8211; 24,150 GHz \u00b1 100 MHz<br \/>\n+ Banda Ka &#8211; 34.700 GHz \u00b1 1300 MHz<br \/>\n+ Ka Narrow &#8211; 34.0, 34.3, 34.7 a 35.5 GHz \u00b1 80 MHz<br \/>\n+ Banda KU &#8211; 13.450 MHz<\/p>\n<p><strong>Scopo della fornitura:<\/strong><br \/>.<br \/>\n* antenna radar esterna Beltronics 975<br \/>\n* Unit\u00e0 di controllo con display<br \/>\n* Istruzioni per l&#8217;uso<br \/>\n* materiale di montaggio completo per l&#8217;installazione<\/p>\n","protected":false},"excerpt":{"rendered":"<p>Il Beltronics 975 Europe Version 2012 \u00e8 rispetto al Bel 966NEW circa il 20% pi\u00f9 potente e appositamente progettato per l&#8217;uso in Europa. Il rilevatore di radar a installazione fissa \u00e8 ideale come dispositivo economico entry-level per l&#8217;installazione nascosta. Grazie all&#8217;alloggiamento resistente agli spruzzi del BEL 975 Europe, un&#8217;installazione perfettamente invisibile non \u00e8 un problema. [&#8230;]\n","protected":false},"featured_media":14877,"comment_status":"open","ping_status":"closed","template":"","meta":[],"product_brand":[],"product_cat":[735,680],"product_tag":[812,736,829,685,830,683],"class_list":{"0":"post-14876","1":"product","2":"type-product","3":"status-publish","4":"has-post-thumbnail","6":"product_cat-beltronics-italy","7":"product_cat-rilevatori-radar-fissi","8":"product_tag-bel-it","9":"product_tag-beltronics-it","10":"product_tag-evo-975-it","11":"product_tag-installazione-fissa","12":"product_tag-nascosto","13":"product_tag-rilevatore-radar","15":"first","16":"onbackorder","17":"sale","18":"taxable","19":"shipping-taxable","20":"purchasable","21":"product-type-simple"},"yoast_head":"<!-- This site is optimized with the Yoast SEO plugin v27.2 - https:\/\/yoast.com\/product\/yoast-seo-wordpress\/ -->\n<title>Beltronics 975 Europa Version | Radar Service<\/title>\n<meta name=\"description\" content=\"Il rivelatore radar fisso Beltronics 975 \u00e8 ideale come un dispositivo economico entry-level per l&#039;installazione nascosta.\" \/>\n<meta name=\"robots\" content=\"index, follow, max-snippet:-1, max-image-preview:large, max-video-preview:-1\" \/>\n<link rel=\"canonical\" href=\"https:\/\/radarservice.eu\/it\/prodotto\/beltronics-975-europa-version\/\" \/>\n<meta property=\"og:locale\" content=\"it_IT\" \/>\n<meta property=\"og:type\" content=\"article\" \/>\n<meta property=\"og:title\" content=\"Beltronics 975 Europa Version | Radar Service\" \/>\n<meta property=\"og:description\" content=\"Il rivelatore radar fisso Beltronics 975 \u00e8 ideale come un dispositivo economico entry-level per l&#039;installazione nascosta.\" \/>\n<meta property=\"og:url\" content=\"https:\/\/radarservice.eu\/it\/prodotto\/beltronics-975-europa-version\/\" \/>\n<meta property=\"og:site_name\" content=\"Radar Service\" \/>\n<meta property=\"og:image\" content=\"https:\/\/radarservice.eu\/wp-content\/uploads\/2020\/09\/beltronics_target_966_2_1-1.jpg\" \/>\n\t<meta property=\"og:image:width\" content=\"340\" \/>\n\t<meta property=\"og:image:height\" content=\"340\" \/>\n\t<meta property=\"og:image:type\" content=\"image\/jpeg\" \/>\n<meta name=\"twitter:card\" content=\"summary_large_image\" \/>\n<meta name=\"twitter:label1\" content=\"Tempo di lettura stimato\" \/>\n\t<meta name=\"twitter:data1\" content=\"1 minuto\" \/>\n<script type=\"application\/ld+json\" class=\"yoast-schema-graph\">{\"@context\":\"https:\/\/schema.org\",\"@graph\":[{\"@type\":\"WebPage\",\"@id\":\"https:\/\/radarservice.eu\/it\/prodotto\/beltronics-975-europa-version\/\",\"url\":\"https:\/\/radarservice.eu\/it\/prodotto\/beltronics-975-europa-version\/\",\"name\":\"Beltronics 975 Europa Version | Radar Service\",\"isPartOf\":{\"@id\":\"https:\/\/radarservice.eu\/it\/#website\"},\"primaryImageOfPage\":{\"@id\":\"https:\/\/radarservice.eu\/it\/prodotto\/beltronics-975-europa-version\/#primaryimage\"},\"image\":{\"@id\":\"https:\/\/radarservice.eu\/it\/prodotto\/beltronics-975-europa-version\/#primaryimage\"},\"thumbnailUrl\":\"https:\/\/radarservice.eu\/wp-content\/uploads\/2020\/09\/beltronics_target_966_2_1-1.jpg\",\"datePublished\":\"2020-09-13T12:47:02+00:00\",\"description\":\"Il rivelatore radar fisso Beltronics 975 \u00e8 ideale come un dispositivo economico entry-level per l'installazione nascosta.\",\"breadcrumb\":{\"@id\":\"https:\/\/radarservice.eu\/it\/prodotto\/beltronics-975-europa-version\/#breadcrumb\"},\"inLanguage\":\"it-IT\",\"potentialAction\":[{\"@type\":\"ReadAction\",\"target\":[\"https:\/\/radarservice.eu\/it\/prodotto\/beltronics-975-europa-version\/\"]}]},{\"@type\":\"ImageObject\",\"inLanguage\":\"it-IT\",\"@id\":\"https:\/\/radarservice.eu\/it\/prodotto\/beltronics-975-europa-version\/#primaryimage\",\"url\":\"https:\/\/radarservice.eu\/wp-content\/uploads\/2020\/09\/beltronics_target_966_2_1-1.jpg\",\"contentUrl\":\"https:\/\/radarservice.eu\/wp-content\/uploads\/2020\/09\/beltronics_target_966_2_1-1.jpg\",\"width\":340,\"height\":340,\"caption\":\"Beltronics Target 966\"},{\"@type\":\"BreadcrumbList\",\"@id\":\"https:\/\/radarservice.eu\/it\/prodotto\/beltronics-975-europa-version\/#breadcrumb\",\"itemListElement\":[{\"@type\":\"ListItem\",\"position\":1,\"name\":\"Negozio\",\"item\":\"https:\/\/radarservice.eu\/it\/negozio\/\"},{\"@type\":\"ListItem\",\"position\":2,\"name\":\"Beltronics 975 Europa Version\"}]},{\"@type\":\"WebSite\",\"@id\":\"https:\/\/radarservice.eu\/it\/#website\",\"url\":\"https:\/\/radarservice.eu\/it\/\",\"name\":\"Radar Service\",\"description\":\"Radar detector Laser jammer mobile fix\",\"publisher\":{\"@id\":\"https:\/\/radarservice.eu\/it\/#organization\"},\"potentialAction\":[{\"@type\":\"SearchAction\",\"target\":{\"@type\":\"EntryPoint\",\"urlTemplate\":\"https:\/\/radarservice.eu\/it\/?s={search_term_string}\"},\"query-input\":{\"@type\":\"PropertyValueSpecification\",\"valueRequired\":true,\"valueName\":\"search_term_string\"}}],\"inLanguage\":\"it-IT\"},{\"@type\":\"Organization\",\"@id\":\"https:\/\/radarservice.eu\/it\/#organization\",\"name\":\"RadarService\",\"url\":\"https:\/\/radarservice.eu\/it\/\",\"logo\":{\"@type\":\"ImageObject\",\"inLanguage\":\"it-IT\",\"@id\":\"https:\/\/radarservice.eu\/it\/#\/schema\/logo\/image\/\",\"url\":\"https:\/\/radarservice.eu\/wp-content\/uploads\/2021\/03\/Radar_detector_service.png\",\"contentUrl\":\"https:\/\/radarservice.eu\/wp-content\/uploads\/2021\/03\/Radar_detector_service.png\",\"width\":174,\"height\":48,\"caption\":\"RadarService\"},\"image\":{\"@id\":\"https:\/\/radarservice.eu\/it\/#\/schema\/logo\/image\/\"}}]}<\/script>\n<!-- \/ Yoast SEO plugin. -->","yoast_head_json":{"title":"Beltronics 975 Europa Version | Radar Service","description":"Il rivelatore radar fisso Beltronics 975 \u00e8 ideale come un dispositivo economico entry-level per l'installazione nascosta.","robots":{"index":"index","follow":"follow","max-snippet":"max-snippet:-1","max-image-preview":"max-image-preview:large","max-video-preview":"max-video-preview:-1"},"canonical":"https:\/\/radarservice.eu\/it\/prodotto\/beltronics-975-europa-version\/","og_locale":"it_IT","og_type":"article","og_title":"Beltronics 975 Europa Version | Radar Service","og_description":"Il rivelatore radar fisso Beltronics 975 \u00e8 ideale come un dispositivo economico entry-level per l'installazione nascosta.","og_url":"https:\/\/radarservice.eu\/it\/prodotto\/beltronics-975-europa-version\/","og_site_name":"Radar Service","og_image":[{"width":340,"height":340,"url":"https:\/\/radarservice.eu\/wp-content\/uploads\/2020\/09\/beltronics_target_966_2_1-1.jpg","type":"image\/jpeg"}],"twitter_card":"summary_large_image","twitter_misc":{"Tempo di lettura stimato":"1 minuto"},"schema":{"@context":"https:\/\/schema.org","@graph":[{"@type":"WebPage","@id":"https:\/\/radarservice.eu\/it\/prodotto\/beltronics-975-europa-version\/","url":"https:\/\/radarservice.eu\/it\/prodotto\/beltronics-975-europa-version\/","name":"Beltronics 975 Europa Version | Radar Service","isPartOf":{"@id":"https:\/\/radarservice.eu\/it\/#website"},"primaryImageOfPage":{"@id":"https:\/\/radarservice.eu\/it\/prodotto\/beltronics-975-europa-version\/#primaryimage"},"image":{"@id":"https:\/\/radarservice.eu\/it\/prodotto\/beltronics-975-europa-version\/#primaryimage"},"thumbnailUrl":"https:\/\/radarservice.eu\/wp-content\/uploads\/2020\/09\/beltronics_target_966_2_1-1.jpg","datePublished":"2020-09-13T12:47:02+00:00","description":"Il rivelatore radar fisso Beltronics 975 \u00e8 ideale come un dispositivo economico entry-level per l'installazione nascosta.","breadcrumb":{"@id":"https:\/\/radarservice.eu\/it\/prodotto\/beltronics-975-europa-version\/#breadcrumb"},"inLanguage":"it-IT","potentialAction":[{"@type":"ReadAction","target":["https:\/\/radarservice.eu\/it\/prodotto\/beltronics-975-europa-version\/"]}]},{"@type":"ImageObject","inLanguage":"it-IT","@id":"https:\/\/radarservice.eu\/it\/prodotto\/beltronics-975-europa-version\/#primaryimage","url":"https:\/\/radarservice.eu\/wp-content\/uploads\/2020\/09\/beltronics_target_966_2_1-1.jpg","contentUrl":"https:\/\/radarservice.eu\/wp-content\/uploads\/2020\/09\/beltronics_target_966_2_1-1.jpg","width":340,"height":340,"caption":"Beltronics Target 966"},{"@type":"BreadcrumbList","@id":"https:\/\/radarservice.eu\/it\/prodotto\/beltronics-975-europa-version\/#breadcrumb","itemListElement":[{"@type":"ListItem","position":1,"name":"Negozio","item":"https:\/\/radarservice.eu\/it\/negozio\/"},{"@type":"ListItem","position":2,"name":"Beltronics 975 Europa Version"}]},{"@type":"WebSite","@id":"https:\/\/radarservice.eu\/it\/#website","url":"https:\/\/radarservice.eu\/it\/","name":"Radar Service","description":"Radar detector Laser jammer mobile fix","publisher":{"@id":"https:\/\/radarservice.eu\/it\/#organization"},"potentialAction":[{"@type":"SearchAction","target":{"@type":"EntryPoint","urlTemplate":"https:\/\/radarservice.eu\/it\/?s={search_term_string}"},"query-input":{"@type":"PropertyValueSpecification","valueRequired":true,"valueName":"search_term_string"}}],"inLanguage":"it-IT"},{"@type":"Organization","@id":"https:\/\/radarservice.eu\/it\/#organization","name":"RadarService","url":"https:\/\/radarservice.eu\/it\/","logo":{"@type":"ImageObject","inLanguage":"it-IT","@id":"https:\/\/radarservice.eu\/it\/#\/schema\/logo\/image\/","url":"https:\/\/radarservice.eu\/wp-content\/uploads\/2021\/03\/Radar_detector_service.png","contentUrl":"https:\/\/radarservice.eu\/wp-content\/uploads\/2021\/03\/Radar_detector_service.png","width":174,"height":48,"caption":"RadarService"},"image":{"@id":"https:\/\/radarservice.eu\/it\/#\/schema\/logo\/image\/"}}]}},"_links":{"self":[{"href":"https:\/\/radarservice.eu\/it\/wp-json\/wp\/v2\/product\/14876","targetHints":{"allow":["GET"]}}],"collection":[{"href":"https:\/\/radarservice.eu\/it\/wp-json\/wp\/v2\/product"}],"about":[{"href":"https:\/\/radarservice.eu\/it\/wp-json\/wp\/v2\/types\/product"}],"replies":[{"embeddable":true,"href":"https:\/\/radarservice.eu\/it\/wp-json\/wp\/v2\/comments?post=14876"}],"wp:featuredmedia":[{"embeddable":true,"href":"https:\/\/radarservice.eu\/it\/wp-json\/wp\/v2\/media\/14877"}],"wp:attachment":[{"href":"https:\/\/radarservice.eu\/it\/wp-json\/wp\/v2\/media?parent=14876"}],"wp:term":[{"taxonomy":"product_brand","embeddable":true,"href":"https:\/\/radarservice.eu\/it\/wp-json\/wp\/v2\/product_brand?post=14876"},{"taxonomy":"product_cat","embeddable":true,"href":"https:\/\/radarservice.eu\/it\/wp-json\/wp\/v2\/product_cat?post=14876"},{"taxonomy":"product_tag","embeddable":true,"href":"https:\/\/radarservice.eu\/it\/wp-json\/wp\/v2\/product_tag?post=14876"}],"curies":[{"name":"wp","href":"https:\/\/api.w.org\/{rel}","templated":true}]}}