{"id":14868,"date":"2020-09-13T14:47:02","date_gmt":"2020-09-13T12:47:02","guid":{"rendered":"https:\/\/radarservice.eu\/produkt\/beltronics-sti-r-plus-m-edizione\/"},"modified":"2024-03-21T14:16:01","modified_gmt":"2024-03-21T13:16:01","slug":"beltronics-sti-r-plus-m-edizione","status":"publish","type":"product","link":"https:\/\/radarservice.eu\/it\/prodotto\/beltronics-sti-r-plus-m-edizione\/","title":{"rendered":"Beltronics STI-R PLUS M Edizione"},"content":{"rendered":"<p>Beltronics STIR PLUS M Edition \u00e8 un rivelatore radar fisso di fascia alta e supporta nella versione &#8220;M&#8221; anche i nuovi autovelox Multaradar CD.<br \/>.<br \/>\nLa M Edition \u00e8 raccomandata per tutti i clienti che guidano in paesi con rilevatori Multaradar (ad esempio Paesi Bassi, Slovacchia e Austria).<\/p>\n<p>I sensori radar e laser migliorati raggiungono portate massime e tempi di avvertimento anticipati.<br \/>\nCon la nuova funzione AutoScan di BEL, il STI-R Plus M analizza permanentemente tutti i segnali in entrata, riducendo inutili falsi allarmi.<br \/>\nL&#8217;antenna radar esterna \u00e8 installata in modo invisibile nella parte anteriore del veicolo. La visualizzazione visiva e acustica avviene tramite un piccolo display e un altoparlante separato all&#8217;interno del veicolo.<br \/>\nI moduli di controllo e di visualizzazione possono anche essere installati in modo invisibile sotto il volante, il cruscotto o in un vano portaoggetti.<\/p>\n<p>.<\/p>\n<p>Il facile funzionamento e le indicazioni vocali digitali dell&#8217;avviso radar danno al conducente tutte le informazioni di cui ha bisogno e un facile accesso senza distrarlo dal traffico.<\/p>\n<p><strong>Panoramica:<\/strong><br \/>\n+ Rivelatore radar fisso con la massima affidabilit\u00e0<br \/>.<br \/>\n+ Rilevamento CD Multaradar<br \/>\n+ Avviso di misure laser<br \/>\n+ Attenzione per le misure di controllo della sezione<br \/>\n+ Avviso di radar stazionario<br \/>\n+ Avviso di monitoraggio a luci rosse<br \/>\n+ Avvertimento in funzione della velocit\u00e0 &amp; Modalit\u00e0 audio in citt\u00e0 (ulteriore riduzione dei falsi allarmi)<br \/>\n+ 100% invisibile per i rivelatori radar elettronici della polizia (es. Svizzera, Paesi Bassi)<br \/>\n+ regolazione automatica della luminosit\u00e0 del display<br \/>\n+ adatto per l&#8217;uso in Europa (particolarmente raccomandato per i Paesi Bassi, Slovacchia e Austria)<\/p>\n<p>.<\/p>\n<p><strong>Scopo della consegna:<\/strong><br \/>\n* Ricevitore radar STIR Plus M<br \/>\n* display separato<br \/>\n* Unit\u00e0 di controllo<br \/>\n* Unit\u00e0 di controllo<br \/>\n* Altoparlante<br \/>\n* Materiale di montaggio<br \/>\n* Manuale d&#8217;uso e istruzioni per l&#8217;installazione,<\/p>\n<p><strong>Nota:<\/strong> Il Bel STIR Plus M ha una protezione laser molto buona, ma per una protezione laser assolutamente sicura raccomandiamo l&#8217;uso di un blocco laser attivo come Genevo FF2 o AL Priority!<\/p>\n","protected":false},"excerpt":{"rendered":"<p>Beltronics STIR PLUS M Edition \u00e8 un rivelatore radar fisso di fascia alta e supporta nella versione &#8220;M&#8221; anche i nuovi autovelox Multaradar CD.. La M Edition \u00e8 raccomandata per tutti i clienti che guidano in paesi con rilevatori Multaradar (ad esempio Paesi Bassi, Slovacchia e Austria). I sensori radar e laser migliorati raggiungono portate [&#8230;]\n","protected":false},"featured_media":14869,"comment_status":"open","ping_status":"closed","template":"","meta":[],"product_brand":[],"product_cat":[735,680],"product_tag":[826,823,736,824,825,709],"class_list":{"0":"post-14868","1":"product","2":"type-product","3":"status-publish","4":"has-post-thumbnail","6":"product_cat-beltronics-italy","7":"product_cat-rilevatori-radar-fissi","8":"product_tag-allarme-laser","9":"product_tag-bel-sti-r-plus-m-edition-it","10":"product_tag-beltronics-it","11":"product_tag-multaradar-it","12":"product_tag-protezione-laser","13":"product_tag-rivelatore-radar-fisso","15":"first","16":"onbackorder","17":"taxable","18":"shipping-taxable","19":"purchasable","20":"product-type-simple"},"yoast_head":"<!-- This site is optimized with the Yoast SEO plugin v27.2 - https:\/\/yoast.com\/product\/yoast-seo-wordpress\/ -->\n<title>Beltronics STI-R PLUS M Edizione | Radar Service<\/title>\n<meta name=\"description\" content=\"Beltronics STIR PLUS M Edition \u00e8 un rivelatore radar fisso di fascia alta e rileva anche le nuove trappole radar Multaradar MRCD \/ MRCT \/ Moving.\" \/>\n<meta name=\"robots\" content=\"index, follow, max-snippet:-1, max-image-preview:large, max-video-preview:-1\" \/>\n<link rel=\"canonical\" href=\"https:\/\/radarservice.eu\/it\/prodotto\/beltronics-sti-r-plus-m-edizione\/\" \/>\n<meta property=\"og:locale\" content=\"it_IT\" \/>\n<meta property=\"og:type\" content=\"article\" \/>\n<meta property=\"og:title\" content=\"Beltronics STI-R PLUS M Edizione | Radar Service\" \/>\n<meta property=\"og:description\" content=\"Beltronics STIR PLUS M Edition \u00e8 un rivelatore radar fisso di fascia alta e rileva anche le nuove trappole radar Multaradar MRCD \/ MRCT \/ Moving.\" \/>\n<meta property=\"og:url\" content=\"https:\/\/radarservice.eu\/it\/prodotto\/beltronics-sti-r-plus-m-edizione\/\" \/>\n<meta property=\"og:site_name\" content=\"Radar Service\" \/>\n<meta property=\"article:modified_time\" content=\"2024-03-21T13:16:01+00:00\" \/>\n<meta property=\"og:image\" content=\"https:\/\/radarservice.eu\/wp-content\/uploads\/2020\/09\/bel_stir_plus_m.jpg\" \/>\n\t<meta property=\"og:image:width\" content=\"600\" \/>\n\t<meta property=\"og:image:height\" content=\"480\" \/>\n\t<meta property=\"og:image:type\" content=\"image\/jpeg\" \/>\n<meta name=\"twitter:card\" content=\"summary_large_image\" \/>\n<meta name=\"twitter:label1\" content=\"Tempo di lettura stimato\" \/>\n\t<meta name=\"twitter:data1\" content=\"2 minuti\" \/>\n<script type=\"application\/ld+json\" class=\"yoast-schema-graph\">{\"@context\":\"https:\/\/schema.org\",\"@graph\":[{\"@type\":\"WebPage\",\"@id\":\"https:\/\/radarservice.eu\/it\/prodotto\/beltronics-sti-r-plus-m-edizione\/\",\"url\":\"https:\/\/radarservice.eu\/it\/prodotto\/beltronics-sti-r-plus-m-edizione\/\",\"name\":\"Beltronics STI-R PLUS M Edizione | Radar Service\",\"isPartOf\":{\"@id\":\"https:\/\/radarservice.eu\/it\/#website\"},\"primaryImageOfPage\":{\"@id\":\"https:\/\/radarservice.eu\/it\/prodotto\/beltronics-sti-r-plus-m-edizione\/#primaryimage\"},\"image\":{\"@id\":\"https:\/\/radarservice.eu\/it\/prodotto\/beltronics-sti-r-plus-m-edizione\/#primaryimage\"},\"thumbnailUrl\":\"https:\/\/radarservice.eu\/wp-content\/uploads\/2020\/09\/bel_stir_plus_m.jpg\",\"datePublished\":\"2020-09-13T12:47:02+00:00\",\"dateModified\":\"2024-03-21T13:16:01+00:00\",\"description\":\"Beltronics STIR PLUS M Edition \u00e8 un rivelatore radar fisso di fascia alta e rileva anche le nuove trappole radar Multaradar MRCD \/ MRCT \/ Moving.\",\"breadcrumb\":{\"@id\":\"https:\/\/radarservice.eu\/it\/prodotto\/beltronics-sti-r-plus-m-edizione\/#breadcrumb\"},\"inLanguage\":\"it-IT\",\"potentialAction\":[{\"@type\":\"ReadAction\",\"target\":[\"https:\/\/radarservice.eu\/it\/prodotto\/beltronics-sti-r-plus-m-edizione\/\"]}]},{\"@type\":\"ImageObject\",\"inLanguage\":\"it-IT\",\"@id\":\"https:\/\/radarservice.eu\/it\/prodotto\/beltronics-sti-r-plus-m-edizione\/#primaryimage\",\"url\":\"https:\/\/radarservice.eu\/wp-content\/uploads\/2020\/09\/bel_stir_plus_m.jpg\",\"contentUrl\":\"https:\/\/radarservice.eu\/wp-content\/uploads\/2020\/09\/bel_stir_plus_m.jpg\",\"width\":600,\"height\":480,\"caption\":\"Rivelatore radar Bel STiR Plus M\"},{\"@type\":\"BreadcrumbList\",\"@id\":\"https:\/\/radarservice.eu\/it\/prodotto\/beltronics-sti-r-plus-m-edizione\/#breadcrumb\",\"itemListElement\":[{\"@type\":\"ListItem\",\"position\":1,\"name\":\"Negozio\",\"item\":\"https:\/\/radarservice.eu\/it\/negozio\/\"},{\"@type\":\"ListItem\",\"position\":2,\"name\":\"Beltronics STI-R PLUS M Edizione\"}]},{\"@type\":\"WebSite\",\"@id\":\"https:\/\/radarservice.eu\/it\/#website\",\"url\":\"https:\/\/radarservice.eu\/it\/\",\"name\":\"Radar Service\",\"description\":\"Radar detector Laser jammer mobile fix\",\"publisher\":{\"@id\":\"https:\/\/radarservice.eu\/it\/#organization\"},\"potentialAction\":[{\"@type\":\"SearchAction\",\"target\":{\"@type\":\"EntryPoint\",\"urlTemplate\":\"https:\/\/radarservice.eu\/it\/?s={search_term_string}\"},\"query-input\":{\"@type\":\"PropertyValueSpecification\",\"valueRequired\":true,\"valueName\":\"search_term_string\"}}],\"inLanguage\":\"it-IT\"},{\"@type\":\"Organization\",\"@id\":\"https:\/\/radarservice.eu\/it\/#organization\",\"name\":\"RadarService\",\"url\":\"https:\/\/radarservice.eu\/it\/\",\"logo\":{\"@type\":\"ImageObject\",\"inLanguage\":\"it-IT\",\"@id\":\"https:\/\/radarservice.eu\/it\/#\/schema\/logo\/image\/\",\"url\":\"https:\/\/radarservice.eu\/wp-content\/uploads\/2021\/03\/Radar_detector_service.png\",\"contentUrl\":\"https:\/\/radarservice.eu\/wp-content\/uploads\/2021\/03\/Radar_detector_service.png\",\"width\":174,\"height\":48,\"caption\":\"RadarService\"},\"image\":{\"@id\":\"https:\/\/radarservice.eu\/it\/#\/schema\/logo\/image\/\"}}]}<\/script>\n<!-- \/ Yoast SEO plugin. -->","yoast_head_json":{"title":"Beltronics STI-R PLUS M Edizione | Radar Service","description":"Beltronics STIR PLUS M Edition \u00e8 un rivelatore radar fisso di fascia alta e rileva anche le nuove trappole radar Multaradar MRCD \/ MRCT \/ Moving.","robots":{"index":"index","follow":"follow","max-snippet":"max-snippet:-1","max-image-preview":"max-image-preview:large","max-video-preview":"max-video-preview:-1"},"canonical":"https:\/\/radarservice.eu\/it\/prodotto\/beltronics-sti-r-plus-m-edizione\/","og_locale":"it_IT","og_type":"article","og_title":"Beltronics STI-R PLUS M Edizione | Radar Service","og_description":"Beltronics STIR PLUS M Edition \u00e8 un rivelatore radar fisso di fascia alta e rileva anche le nuove trappole radar Multaradar MRCD \/ MRCT \/ Moving.","og_url":"https:\/\/radarservice.eu\/it\/prodotto\/beltronics-sti-r-plus-m-edizione\/","og_site_name":"Radar Service","article_modified_time":"2024-03-21T13:16:01+00:00","og_image":[{"width":600,"height":480,"url":"https:\/\/radarservice.eu\/wp-content\/uploads\/2020\/09\/bel_stir_plus_m.jpg","type":"image\/jpeg"}],"twitter_card":"summary_large_image","twitter_misc":{"Tempo di lettura stimato":"2 minuti"},"schema":{"@context":"https:\/\/schema.org","@graph":[{"@type":"WebPage","@id":"https:\/\/radarservice.eu\/it\/prodotto\/beltronics-sti-r-plus-m-edizione\/","url":"https:\/\/radarservice.eu\/it\/prodotto\/beltronics-sti-r-plus-m-edizione\/","name":"Beltronics STI-R PLUS M Edizione | Radar Service","isPartOf":{"@id":"https:\/\/radarservice.eu\/it\/#website"},"primaryImageOfPage":{"@id":"https:\/\/radarservice.eu\/it\/prodotto\/beltronics-sti-r-plus-m-edizione\/#primaryimage"},"image":{"@id":"https:\/\/radarservice.eu\/it\/prodotto\/beltronics-sti-r-plus-m-edizione\/#primaryimage"},"thumbnailUrl":"https:\/\/radarservice.eu\/wp-content\/uploads\/2020\/09\/bel_stir_plus_m.jpg","datePublished":"2020-09-13T12:47:02+00:00","dateModified":"2024-03-21T13:16:01+00:00","description":"Beltronics STIR PLUS M Edition \u00e8 un rivelatore radar fisso di fascia alta e rileva anche le nuove trappole radar Multaradar MRCD \/ MRCT \/ Moving.","breadcrumb":{"@id":"https:\/\/radarservice.eu\/it\/prodotto\/beltronics-sti-r-plus-m-edizione\/#breadcrumb"},"inLanguage":"it-IT","potentialAction":[{"@type":"ReadAction","target":["https:\/\/radarservice.eu\/it\/prodotto\/beltronics-sti-r-plus-m-edizione\/"]}]},{"@type":"ImageObject","inLanguage":"it-IT","@id":"https:\/\/radarservice.eu\/it\/prodotto\/beltronics-sti-r-plus-m-edizione\/#primaryimage","url":"https:\/\/radarservice.eu\/wp-content\/uploads\/2020\/09\/bel_stir_plus_m.jpg","contentUrl":"https:\/\/radarservice.eu\/wp-content\/uploads\/2020\/09\/bel_stir_plus_m.jpg","width":600,"height":480,"caption":"Rivelatore radar Bel STiR Plus M"},{"@type":"BreadcrumbList","@id":"https:\/\/radarservice.eu\/it\/prodotto\/beltronics-sti-r-plus-m-edizione\/#breadcrumb","itemListElement":[{"@type":"ListItem","position":1,"name":"Negozio","item":"https:\/\/radarservice.eu\/it\/negozio\/"},{"@type":"ListItem","position":2,"name":"Beltronics STI-R PLUS M Edizione"}]},{"@type":"WebSite","@id":"https:\/\/radarservice.eu\/it\/#website","url":"https:\/\/radarservice.eu\/it\/","name":"Radar Service","description":"Radar detector Laser jammer mobile fix","publisher":{"@id":"https:\/\/radarservice.eu\/it\/#organization"},"potentialAction":[{"@type":"SearchAction","target":{"@type":"EntryPoint","urlTemplate":"https:\/\/radarservice.eu\/it\/?s={search_term_string}"},"query-input":{"@type":"PropertyValueSpecification","valueRequired":true,"valueName":"search_term_string"}}],"inLanguage":"it-IT"},{"@type":"Organization","@id":"https:\/\/radarservice.eu\/it\/#organization","name":"RadarService","url":"https:\/\/radarservice.eu\/it\/","logo":{"@type":"ImageObject","inLanguage":"it-IT","@id":"https:\/\/radarservice.eu\/it\/#\/schema\/logo\/image\/","url":"https:\/\/radarservice.eu\/wp-content\/uploads\/2021\/03\/Radar_detector_service.png","contentUrl":"https:\/\/radarservice.eu\/wp-content\/uploads\/2021\/03\/Radar_detector_service.png","width":174,"height":48,"caption":"RadarService"},"image":{"@id":"https:\/\/radarservice.eu\/it\/#\/schema\/logo\/image\/"}}]}},"_links":{"self":[{"href":"https:\/\/radarservice.eu\/it\/wp-json\/wp\/v2\/product\/14868","targetHints":{"allow":["GET"]}}],"collection":[{"href":"https:\/\/radarservice.eu\/it\/wp-json\/wp\/v2\/product"}],"about":[{"href":"https:\/\/radarservice.eu\/it\/wp-json\/wp\/v2\/types\/product"}],"replies":[{"embeddable":true,"href":"https:\/\/radarservice.eu\/it\/wp-json\/wp\/v2\/comments?post=14868"}],"wp:featuredmedia":[{"embeddable":true,"href":"https:\/\/radarservice.eu\/it\/wp-json\/wp\/v2\/media\/14869"}],"wp:attachment":[{"href":"https:\/\/radarservice.eu\/it\/wp-json\/wp\/v2\/media?parent=14868"}],"wp:term":[{"taxonomy":"product_brand","embeddable":true,"href":"https:\/\/radarservice.eu\/it\/wp-json\/wp\/v2\/product_brand?post=14868"},{"taxonomy":"product_cat","embeddable":true,"href":"https:\/\/radarservice.eu\/it\/wp-json\/wp\/v2\/product_cat?post=14868"},{"taxonomy":"product_tag","embeddable":true,"href":"https:\/\/radarservice.eu\/it\/wp-json\/wp\/v2\/product_tag?post=14868"}],"curies":[{"name":"wp","href":"https:\/\/api.w.org\/{rel}","templated":true}]}}