{"id":14845,"date":"2020-09-13T14:47:03","date_gmt":"2020-09-13T12:47:03","guid":{"rendered":"https:\/\/radarservice.eu\/produkt\/escort-max-360c-internazionale\/"},"modified":"2020-09-13T14:47:03","modified_gmt":"2020-09-13T12:47:03","slug":"escort-max-360c-internazionale","status":"publish","type":"product","link":"https:\/\/radarservice.eu\/it\/prodotto\/escort-max-360c-internazionale\/","title":{"rendered":"Escort MAX 360c internazionale"},"content":{"rendered":"<p>L&#8217;Escort Max 360c International dispone di un ricevitore radar avanzato che fornisce un avviso a lungo raggio su tutte le rilevazioni di fulmini. <\/p>\n<p>L&#8217;Escort MAX 360c \u00e8 dotato di un display OLED che permette impostazioni multiple di colore. \u00c8 possibile impostare il display su blu, verde, rosso o ambra. La luminosit\u00e0 del display pu\u00f2 essere impostata su scuro, minimo, medio, massimo o automatico.<\/p>\n<p>.<\/p>\n<p><strong>Nota:<\/strong> La Escort Max 360c ha una ricezione laser, ma per una protezione laser sicura raccomandiamo l&#8217;uso di un blocco laser attivo, ad esempio Antilaser ALP Priority o Lasertrack Flare!<\/p>\n<p><strong>Panoramica:<\/strong><br \/>\n+ rivelatore radar mobile con antenna radar HD<br \/>.<br \/>\n+ rilevamento CD Multaradar (importante per l&#8217;uso in Austria, Paesi Bassi &amp; Slovacchia)<br \/>\n+ 360 \u00b0 grado di rilevamento di tutte le fonti radar in Europa (X \/ K \/ Ka-band)<br \/>\n+ Avviso di misure laser<br \/>\n+ Avvertimento dei sistemi di misurazione della velocit\u00e0 stazionari<br \/>\n+ Avviso di monitoraggio a luci rosse<br \/>\n+ Attenzione per le misure di controllo delle sezioni (controlli di sezione)<br \/>\n+ Display OLED con diversi colori di sfondo<br \/>\n+ database EUROPA per gli autovelox fissi<br \/>\n+ i propri punti di pericolo memorizzabili<br \/>\n+ Software di aggiornamento per Windows e Mac<\/p>\n<p><strong>Scopo della fornitura:<\/strong><br \/>\n* Rilevatore radar Escort Max 360c con ricevitore GPS integrato<br \/>\n* Accessori per il montaggio sul parabrezza (ventose)<br \/>\n* Alimentazione 12V con connettore per accendisigari<br \/>.<br \/>\n* Manuale d&#8217;istruzioni<\/p>\n","protected":false},"excerpt":{"rendered":"<p>L&#8217;Escort Max 360c International dispone di un ricevitore radar avanzato che fornisce un avviso a lungo raggio su tutte le rilevazioni di fulmini. L&#8217;Escort MAX 360c \u00e8 dotato di un display OLED che permette impostazioni multiple di colore. \u00c8 possibile impostare il display su blu, verde, rosso o ambra. La luminosit\u00e0 del display pu\u00f2 essere [&#8230;]\n","protected":false},"featured_media":14846,"comment_status":"open","ping_status":"closed","template":"","meta":[],"product_brand":[],"product_cat":[770,700],"product_tag":[806,808,684,707,807,771,744],"class_list":{"0":"post-14845","1":"product","2":"type-product","3":"status-publish","4":"has-post-thumbnail","6":"product_cat-escort-italy","7":"product_cat-rilevatori-radar-mobili","8":"product_tag-escort-it","9":"product_tag-escort-max-360c-it","10":"product_tag-europa-it","11":"product_tag-gps-it","12":"product_tag-max-360c-it","13":"product_tag-rivelatore-radar-mobile","14":"product_tag-trappola-della-velocita","16":"first","17":"instock","18":"taxable","19":"shipping-taxable","20":"purchasable","21":"product-type-simple"},"yoast_head":"<!-- This site is optimized with the Yoast SEO plugin v27.2 - https:\/\/yoast.com\/product\/yoast-seo-wordpress\/ -->\n<title>Escort MAX 360c internazionale | Radar Service<\/title>\n<meta name=\"description\" content=\"L&#039;Escort Max 360c International ha un&#039;antenna radar moderna e avverte in modo affidabile le trappole di velocit\u00e0 mobili e le misurazioni laser.\" \/>\n<meta name=\"robots\" content=\"index, follow, max-snippet:-1, max-image-preview:large, max-video-preview:-1\" \/>\n<link rel=\"canonical\" href=\"https:\/\/radarservice.eu\/it\/prodotto\/escort-max-360c-internazionale\/\" \/>\n<meta property=\"og:locale\" content=\"it_IT\" \/>\n<meta property=\"og:type\" content=\"article\" \/>\n<meta property=\"og:title\" content=\"Escort MAX 360c internazionale | Radar Service\" \/>\n<meta property=\"og:description\" content=\"L&#039;Escort Max 360c International ha un&#039;antenna radar moderna e avverte in modo affidabile le trappole di velocit\u00e0 mobili e le misurazioni laser.\" \/>\n<meta property=\"og:url\" content=\"https:\/\/radarservice.eu\/it\/prodotto\/escort-max-360c-internazionale\/\" \/>\n<meta property=\"og:site_name\" content=\"Radar Service\" \/>\n<meta property=\"og:image\" content=\"https:\/\/radarservice.eu\/wp-content\/uploads\/2020\/09\/Escort_Max_360c_International_display.png\" \/>\n\t<meta property=\"og:image:width\" content=\"800\" \/>\n\t<meta property=\"og:image:height\" content=\"800\" \/>\n\t<meta property=\"og:image:type\" content=\"image\/png\" \/>\n<meta name=\"twitter:card\" content=\"summary_large_image\" \/>\n<meta name=\"twitter:label1\" content=\"Tempo di lettura stimato\" \/>\n\t<meta name=\"twitter:data1\" content=\"1 minuto\" \/>\n<script type=\"application\/ld+json\" class=\"yoast-schema-graph\">{\"@context\":\"https:\/\/schema.org\",\"@graph\":[{\"@type\":\"WebPage\",\"@id\":\"https:\/\/radarservice.eu\/it\/prodotto\/escort-max-360c-internazionale\/\",\"url\":\"https:\/\/radarservice.eu\/it\/prodotto\/escort-max-360c-internazionale\/\",\"name\":\"Escort MAX 360c internazionale | Radar Service\",\"isPartOf\":{\"@id\":\"https:\/\/radarservice.eu\/it\/#website\"},\"primaryImageOfPage\":{\"@id\":\"https:\/\/radarservice.eu\/it\/prodotto\/escort-max-360c-internazionale\/#primaryimage\"},\"image\":{\"@id\":\"https:\/\/radarservice.eu\/it\/prodotto\/escort-max-360c-internazionale\/#primaryimage\"},\"thumbnailUrl\":\"https:\/\/radarservice.eu\/wp-content\/uploads\/2020\/09\/Escort_Max_360c_International_display.png\",\"datePublished\":\"2020-09-13T12:47:03+00:00\",\"description\":\"L'Escort Max 360c International ha un'antenna radar moderna e avverte in modo affidabile le trappole di velocit\u00e0 mobili e le misurazioni laser.\",\"breadcrumb\":{\"@id\":\"https:\/\/radarservice.eu\/it\/prodotto\/escort-max-360c-internazionale\/#breadcrumb\"},\"inLanguage\":\"it-IT\",\"potentialAction\":[{\"@type\":\"ReadAction\",\"target\":[\"https:\/\/radarservice.eu\/it\/prodotto\/escort-max-360c-internazionale\/\"]}]},{\"@type\":\"ImageObject\",\"inLanguage\":\"it-IT\",\"@id\":\"https:\/\/radarservice.eu\/it\/prodotto\/escort-max-360c-internazionale\/#primaryimage\",\"url\":\"https:\/\/radarservice.eu\/wp-content\/uploads\/2020\/09\/Escort_Max_360c_International_display.png\",\"contentUrl\":\"https:\/\/radarservice.eu\/wp-content\/uploads\/2020\/09\/Escort_Max_360c_International_display.png\",\"width\":800,\"height\":800,\"caption\":\"Escort MAX 360c internazionale\"},{\"@type\":\"BreadcrumbList\",\"@id\":\"https:\/\/radarservice.eu\/it\/prodotto\/escort-max-360c-internazionale\/#breadcrumb\",\"itemListElement\":[{\"@type\":\"ListItem\",\"position\":1,\"name\":\"Negozio\",\"item\":\"https:\/\/radarservice.eu\/it\/negozio\/\"},{\"@type\":\"ListItem\",\"position\":2,\"name\":\"Escort MAX 360c internazionale\"}]},{\"@type\":\"WebSite\",\"@id\":\"https:\/\/radarservice.eu\/it\/#website\",\"url\":\"https:\/\/radarservice.eu\/it\/\",\"name\":\"Radar Service\",\"description\":\"Radar detector Laser jammer mobile fix\",\"publisher\":{\"@id\":\"https:\/\/radarservice.eu\/it\/#organization\"},\"potentialAction\":[{\"@type\":\"SearchAction\",\"target\":{\"@type\":\"EntryPoint\",\"urlTemplate\":\"https:\/\/radarservice.eu\/it\/?s={search_term_string}\"},\"query-input\":{\"@type\":\"PropertyValueSpecification\",\"valueRequired\":true,\"valueName\":\"search_term_string\"}}],\"inLanguage\":\"it-IT\"},{\"@type\":\"Organization\",\"@id\":\"https:\/\/radarservice.eu\/it\/#organization\",\"name\":\"RadarService\",\"url\":\"https:\/\/radarservice.eu\/it\/\",\"logo\":{\"@type\":\"ImageObject\",\"inLanguage\":\"it-IT\",\"@id\":\"https:\/\/radarservice.eu\/it\/#\/schema\/logo\/image\/\",\"url\":\"https:\/\/radarservice.eu\/wp-content\/uploads\/2021\/03\/Radar_detector_service.png\",\"contentUrl\":\"https:\/\/radarservice.eu\/wp-content\/uploads\/2021\/03\/Radar_detector_service.png\",\"width\":174,\"height\":48,\"caption\":\"RadarService\"},\"image\":{\"@id\":\"https:\/\/radarservice.eu\/it\/#\/schema\/logo\/image\/\"}}]}<\/script>\n<!-- \/ Yoast SEO plugin. -->","yoast_head_json":{"title":"Escort MAX 360c internazionale | Radar Service","description":"L'Escort Max 360c International ha un'antenna radar moderna e avverte in modo affidabile le trappole di velocit\u00e0 mobili e le misurazioni laser.","robots":{"index":"index","follow":"follow","max-snippet":"max-snippet:-1","max-image-preview":"max-image-preview:large","max-video-preview":"max-video-preview:-1"},"canonical":"https:\/\/radarservice.eu\/it\/prodotto\/escort-max-360c-internazionale\/","og_locale":"it_IT","og_type":"article","og_title":"Escort MAX 360c internazionale | Radar Service","og_description":"L'Escort Max 360c International ha un'antenna radar moderna e avverte in modo affidabile le trappole di velocit\u00e0 mobili e le misurazioni laser.","og_url":"https:\/\/radarservice.eu\/it\/prodotto\/escort-max-360c-internazionale\/","og_site_name":"Radar Service","og_image":[{"width":800,"height":800,"url":"https:\/\/radarservice.eu\/wp-content\/uploads\/2020\/09\/Escort_Max_360c_International_display.png","type":"image\/png"}],"twitter_card":"summary_large_image","twitter_misc":{"Tempo di lettura stimato":"1 minuto"},"schema":{"@context":"https:\/\/schema.org","@graph":[{"@type":"WebPage","@id":"https:\/\/radarservice.eu\/it\/prodotto\/escort-max-360c-internazionale\/","url":"https:\/\/radarservice.eu\/it\/prodotto\/escort-max-360c-internazionale\/","name":"Escort MAX 360c internazionale | Radar Service","isPartOf":{"@id":"https:\/\/radarservice.eu\/it\/#website"},"primaryImageOfPage":{"@id":"https:\/\/radarservice.eu\/it\/prodotto\/escort-max-360c-internazionale\/#primaryimage"},"image":{"@id":"https:\/\/radarservice.eu\/it\/prodotto\/escort-max-360c-internazionale\/#primaryimage"},"thumbnailUrl":"https:\/\/radarservice.eu\/wp-content\/uploads\/2020\/09\/Escort_Max_360c_International_display.png","datePublished":"2020-09-13T12:47:03+00:00","description":"L'Escort Max 360c International ha un'antenna radar moderna e avverte in modo affidabile le trappole di velocit\u00e0 mobili e le misurazioni laser.","breadcrumb":{"@id":"https:\/\/radarservice.eu\/it\/prodotto\/escort-max-360c-internazionale\/#breadcrumb"},"inLanguage":"it-IT","potentialAction":[{"@type":"ReadAction","target":["https:\/\/radarservice.eu\/it\/prodotto\/escort-max-360c-internazionale\/"]}]},{"@type":"ImageObject","inLanguage":"it-IT","@id":"https:\/\/radarservice.eu\/it\/prodotto\/escort-max-360c-internazionale\/#primaryimage","url":"https:\/\/radarservice.eu\/wp-content\/uploads\/2020\/09\/Escort_Max_360c_International_display.png","contentUrl":"https:\/\/radarservice.eu\/wp-content\/uploads\/2020\/09\/Escort_Max_360c_International_display.png","width":800,"height":800,"caption":"Escort MAX 360c internazionale"},{"@type":"BreadcrumbList","@id":"https:\/\/radarservice.eu\/it\/prodotto\/escort-max-360c-internazionale\/#breadcrumb","itemListElement":[{"@type":"ListItem","position":1,"name":"Negozio","item":"https:\/\/radarservice.eu\/it\/negozio\/"},{"@type":"ListItem","position":2,"name":"Escort MAX 360c internazionale"}]},{"@type":"WebSite","@id":"https:\/\/radarservice.eu\/it\/#website","url":"https:\/\/radarservice.eu\/it\/","name":"Radar Service","description":"Radar detector Laser jammer mobile fix","publisher":{"@id":"https:\/\/radarservice.eu\/it\/#organization"},"potentialAction":[{"@type":"SearchAction","target":{"@type":"EntryPoint","urlTemplate":"https:\/\/radarservice.eu\/it\/?s={search_term_string}"},"query-input":{"@type":"PropertyValueSpecification","valueRequired":true,"valueName":"search_term_string"}}],"inLanguage":"it-IT"},{"@type":"Organization","@id":"https:\/\/radarservice.eu\/it\/#organization","name":"RadarService","url":"https:\/\/radarservice.eu\/it\/","logo":{"@type":"ImageObject","inLanguage":"it-IT","@id":"https:\/\/radarservice.eu\/it\/#\/schema\/logo\/image\/","url":"https:\/\/radarservice.eu\/wp-content\/uploads\/2021\/03\/Radar_detector_service.png","contentUrl":"https:\/\/radarservice.eu\/wp-content\/uploads\/2021\/03\/Radar_detector_service.png","width":174,"height":48,"caption":"RadarService"},"image":{"@id":"https:\/\/radarservice.eu\/it\/#\/schema\/logo\/image\/"}}]}},"_links":{"self":[{"href":"https:\/\/radarservice.eu\/it\/wp-json\/wp\/v2\/product\/14845","targetHints":{"allow":["GET"]}}],"collection":[{"href":"https:\/\/radarservice.eu\/it\/wp-json\/wp\/v2\/product"}],"about":[{"href":"https:\/\/radarservice.eu\/it\/wp-json\/wp\/v2\/types\/product"}],"replies":[{"embeddable":true,"href":"https:\/\/radarservice.eu\/it\/wp-json\/wp\/v2\/comments?post=14845"}],"wp:featuredmedia":[{"embeddable":true,"href":"https:\/\/radarservice.eu\/it\/wp-json\/wp\/v2\/media\/14846"}],"wp:attachment":[{"href":"https:\/\/radarservice.eu\/it\/wp-json\/wp\/v2\/media?parent=14845"}],"wp:term":[{"taxonomy":"product_brand","embeddable":true,"href":"https:\/\/radarservice.eu\/it\/wp-json\/wp\/v2\/product_brand?post=14845"},{"taxonomy":"product_cat","embeddable":true,"href":"https:\/\/radarservice.eu\/it\/wp-json\/wp\/v2\/product_cat?post=14845"},{"taxonomy":"product_tag","embeddable":true,"href":"https:\/\/radarservice.eu\/it\/wp-json\/wp\/v2\/product_tag?post=14845"}],"curies":[{"name":"wp","href":"https:\/\/api.w.org\/{rel}","templated":true}]}}