{"id":14833,"date":"2020-09-13T14:47:03","date_gmt":"2020-09-13T12:47:03","guid":{"rendered":"https:\/\/radarservice.eu\/produkt\/genevo-ff-laser-jammer-bloccatore-laser\/"},"modified":"2020-09-13T14:47:03","modified_gmt":"2020-09-13T12:47:03","slug":"genevo-ff-laser-jammer-bloccatore-laser","status":"publish","type":"product","link":"https:\/\/radarservice.eu\/it\/prodotto\/genevo-ff-laser-jammer-bloccatore-laser\/","title":{"rendered":"Genevo FF Laser jammer | Bloccatore laser"},"content":{"rendered":"<p>Il nuovo sistema laser Genevo FF pu\u00f2 essere usato sia come un sensore di parcheggio legale e\/o come un disturbatore laser contro le misurazioni di velocit\u00e0 con pistole laser.<br \/>.<br \/>\nIl design molto piccolo dei sensori e il portatarga Genevo appositamente sviluppato per l&#8217;installazione invisibile standard permettono per la prima volta un&#8217;installazione completamente invisibile e allo stesso tempo semplice dei sensori di parcheggio e di disturbo laser.<br \/>\nLa funzione di disturbo laser pu\u00f2 anche essere disattivata irrevocabilmente al tocco di un pulsante e in conformit\u00e0 con StVO. Cos\u00ec, il funzionamento legale pu\u00f2 essere stabilito in qualsiasi momento.<\/p>\n<p><strong>Nota:<\/strong> Per coprire completamente la superficie del veicolo, si consiglia per l&#8217;uso su un&#8217;auto o SUV la versione Genevo FF2 con 2 sensori.<br \/>\nSe si desidera proteggere la parte posteriore del veicolo oltre alla parte anteriore del veicolo, si consiglia la versione FF2x2 per autovetture o SUV.<br \/>\nLe moto hanno bisogno solo della semplice versione Genevo FF con un sensore o del Genevo FF2 per la protezione anteriore e posteriore.<br \/>\nLa versione Genevo FF4 con 4 sensori \u00e8 raccomandata per camion e pullman e per la protezione anteriore e posteriore la versione FF4x4 con 8 sensori.<\/p>\n<p>.<\/p>\n<p><strong>Panoramica:<\/strong><br \/>\n+ sensori laser pi\u00f9 piccoli sul mercato<br \/>.<br \/>\n+ supporto speciale per la targa per un facile &amp; installazione invisibile (dimensioni supporto: 520mm x 110mm &#8211; standard UE, non adatto all&#8217;Austria)<br \/>\n+ pu\u00f2 essere usato come un assistente di parcheggio laser-assistito<br \/>\n+ Avviso laser o interferenza laser attiva contro tutte le misure laser<br \/>\n+ Il funzionamento legale come puro assistente di parcheggio pu\u00f2 essere attivato al tocco di un pulsante<br \/>\n+ marchio di prova CE ed E certificato<\/p>\n<p><strong>Scopo della fornitura:<\/strong><br \/>\n* Sensori laser (s\u00ec dopo la selezione 1 \/ 2 \/ 4 o 8 sensori)<br \/>\n* Unit\u00e0 di controllo<br \/>\n* Set di cavi con altoparlante e LED<\/p>\n","protected":false},"excerpt":{"rendered":"<p>Il nuovo sistema laser Genevo FF pu\u00f2 essere usato sia come un sensore di parcheggio legale e\/o come un disturbatore laser contro le misurazioni di velocit\u00e0 con pistole laser.. Il design molto piccolo dei sensori e il portatarga Genevo appositamente sviluppato per l&#8217;installazione invisibile standard permettono per la prima volta un&#8217;installazione completamente invisibile e allo [&#8230;]\n","protected":false},"featured_media":14834,"comment_status":"open","ping_status":"closed","template":"","meta":[],"product_brand":[],"product_cat":[694,681],"product_tag":[725,686,724,800,799],"class_list":{"0":"post-14833","1":"product","2":"type-product","3":"status-publish","4":"has-post-thumbnail","6":"product_cat-disturbatore-laser","7":"product_cat-genevo-italy","8":"product_tag-blocco-laser","9":"product_tag-genevo-ff-it","10":"product_tag-interferenza-laser","11":"product_tag-sensori-di-parcheggio","12":"product_tag-sensori-laser","14":"first","15":"onbackorder","16":"taxable","17":"shipping-taxable","18":"purchasable","19":"product-type-simple"},"yoast_head":"<!-- This site is optimized with the Yoast SEO plugin v27.2 - https:\/\/yoast.com\/product\/yoast-seo-wordpress\/ -->\n<title>Genevo FF Laser jammer | Bloccatore laser | Radar Service<\/title>\n<meta name=\"description\" content=\"Il Genevo FF Antilaser pu\u00f2 essere usato come un sensore di parcheggio legale e un blocco laser contro le misurazioni di velocit\u00e0 con pistole laser.\" \/>\n<meta name=\"robots\" content=\"index, follow, max-snippet:-1, max-image-preview:large, max-video-preview:-1\" \/>\n<link rel=\"canonical\" href=\"https:\/\/radarservice.eu\/it\/prodotto\/genevo-ff-laser-jammer-bloccatore-laser\/\" \/>\n<meta property=\"og:locale\" content=\"it_IT\" \/>\n<meta property=\"og:type\" content=\"article\" \/>\n<meta property=\"og:title\" content=\"Genevo FF Laser jammer | Bloccatore laser | Radar Service\" \/>\n<meta property=\"og:description\" content=\"Il Genevo FF Antilaser pu\u00f2 essere usato come un sensore di parcheggio legale e un blocco laser contro le misurazioni di velocit\u00e0 con pistole laser.\" \/>\n<meta property=\"og:url\" content=\"https:\/\/radarservice.eu\/it\/prodotto\/genevo-ff-laser-jammer-bloccatore-laser\/\" \/>\n<meta property=\"og:site_name\" content=\"Radar Service\" \/>\n<meta property=\"og:image\" content=\"https:\/\/radarservice.eu\/wp-content\/uploads\/2020\/09\/GENEVO_FF_Nummerschildhalterung.png\" \/>\n\t<meta property=\"og:image:width\" content=\"725\" \/>\n\t<meta property=\"og:image:height\" content=\"472\" \/>\n\t<meta property=\"og:image:type\" content=\"image\/png\" \/>\n<meta name=\"twitter:card\" content=\"summary_large_image\" \/>\n<meta name=\"twitter:label1\" content=\"Tempo di lettura stimato\" \/>\n\t<meta name=\"twitter:data1\" content=\"1 minuto\" \/>\n<script type=\"application\/ld+json\" class=\"yoast-schema-graph\">{\"@context\":\"https:\/\/schema.org\",\"@graph\":[{\"@type\":\"WebPage\",\"@id\":\"https:\/\/radarservice.eu\/it\/prodotto\/genevo-ff-laser-jammer-bloccatore-laser\/\",\"url\":\"https:\/\/radarservice.eu\/it\/prodotto\/genevo-ff-laser-jammer-bloccatore-laser\/\",\"name\":\"Genevo FF Laser jammer | Bloccatore laser | Radar Service\",\"isPartOf\":{\"@id\":\"https:\/\/radarservice.eu\/it\/#website\"},\"primaryImageOfPage\":{\"@id\":\"https:\/\/radarservice.eu\/it\/prodotto\/genevo-ff-laser-jammer-bloccatore-laser\/#primaryimage\"},\"image\":{\"@id\":\"https:\/\/radarservice.eu\/it\/prodotto\/genevo-ff-laser-jammer-bloccatore-laser\/#primaryimage\"},\"thumbnailUrl\":\"https:\/\/radarservice.eu\/wp-content\/uploads\/2020\/09\/GENEVO_FF_Nummerschildhalterung.png\",\"datePublished\":\"2020-09-13T12:47:03+00:00\",\"description\":\"Il Genevo FF Antilaser pu\u00f2 essere usato come un sensore di parcheggio legale e un blocco laser contro le misurazioni di velocit\u00e0 con pistole laser.\",\"breadcrumb\":{\"@id\":\"https:\/\/radarservice.eu\/it\/prodotto\/genevo-ff-laser-jammer-bloccatore-laser\/#breadcrumb\"},\"inLanguage\":\"it-IT\",\"potentialAction\":[{\"@type\":\"ReadAction\",\"target\":[\"https:\/\/radarservice.eu\/it\/prodotto\/genevo-ff-laser-jammer-bloccatore-laser\/\"]}]},{\"@type\":\"ImageObject\",\"inLanguage\":\"it-IT\",\"@id\":\"https:\/\/radarservice.eu\/it\/prodotto\/genevo-ff-laser-jammer-bloccatore-laser\/#primaryimage\",\"url\":\"https:\/\/radarservice.eu\/wp-content\/uploads\/2020\/09\/GENEVO_FF_Nummerschildhalterung.png\",\"contentUrl\":\"https:\/\/radarservice.eu\/wp-content\/uploads\/2020\/09\/GENEVO_FF_Nummerschildhalterung.png\",\"width\":725,\"height\":472,\"caption\":\"Porta scudo numerico GENEVO FF\"},{\"@type\":\"BreadcrumbList\",\"@id\":\"https:\/\/radarservice.eu\/it\/prodotto\/genevo-ff-laser-jammer-bloccatore-laser\/#breadcrumb\",\"itemListElement\":[{\"@type\":\"ListItem\",\"position\":1,\"name\":\"Negozio\",\"item\":\"https:\/\/radarservice.eu\/it\/negozio\/\"},{\"@type\":\"ListItem\",\"position\":2,\"name\":\"Genevo FF Laser jammer | Bloccatore laser\"}]},{\"@type\":\"WebSite\",\"@id\":\"https:\/\/radarservice.eu\/it\/#website\",\"url\":\"https:\/\/radarservice.eu\/it\/\",\"name\":\"Radar Service\",\"description\":\"Radar detector Laser jammer mobile fix\",\"publisher\":{\"@id\":\"https:\/\/radarservice.eu\/it\/#organization\"},\"potentialAction\":[{\"@type\":\"SearchAction\",\"target\":{\"@type\":\"EntryPoint\",\"urlTemplate\":\"https:\/\/radarservice.eu\/it\/?s={search_term_string}\"},\"query-input\":{\"@type\":\"PropertyValueSpecification\",\"valueRequired\":true,\"valueName\":\"search_term_string\"}}],\"inLanguage\":\"it-IT\"},{\"@type\":\"Organization\",\"@id\":\"https:\/\/radarservice.eu\/it\/#organization\",\"name\":\"RadarService\",\"url\":\"https:\/\/radarservice.eu\/it\/\",\"logo\":{\"@type\":\"ImageObject\",\"inLanguage\":\"it-IT\",\"@id\":\"https:\/\/radarservice.eu\/it\/#\/schema\/logo\/image\/\",\"url\":\"https:\/\/radarservice.eu\/wp-content\/uploads\/2021\/03\/Radar_detector_service.png\",\"contentUrl\":\"https:\/\/radarservice.eu\/wp-content\/uploads\/2021\/03\/Radar_detector_service.png\",\"width\":174,\"height\":48,\"caption\":\"RadarService\"},\"image\":{\"@id\":\"https:\/\/radarservice.eu\/it\/#\/schema\/logo\/image\/\"}}]}<\/script>\n<!-- \/ Yoast SEO plugin. -->","yoast_head_json":{"title":"Genevo FF Laser jammer | Bloccatore laser | Radar Service","description":"Il Genevo FF Antilaser pu\u00f2 essere usato come un sensore di parcheggio legale e un blocco laser contro le misurazioni di velocit\u00e0 con pistole laser.","robots":{"index":"index","follow":"follow","max-snippet":"max-snippet:-1","max-image-preview":"max-image-preview:large","max-video-preview":"max-video-preview:-1"},"canonical":"https:\/\/radarservice.eu\/it\/prodotto\/genevo-ff-laser-jammer-bloccatore-laser\/","og_locale":"it_IT","og_type":"article","og_title":"Genevo FF Laser jammer | Bloccatore laser | Radar Service","og_description":"Il Genevo FF Antilaser pu\u00f2 essere usato come un sensore di parcheggio legale e un blocco laser contro le misurazioni di velocit\u00e0 con pistole laser.","og_url":"https:\/\/radarservice.eu\/it\/prodotto\/genevo-ff-laser-jammer-bloccatore-laser\/","og_site_name":"Radar Service","og_image":[{"width":725,"height":472,"url":"https:\/\/radarservice.eu\/wp-content\/uploads\/2020\/09\/GENEVO_FF_Nummerschildhalterung.png","type":"image\/png"}],"twitter_card":"summary_large_image","twitter_misc":{"Tempo di lettura stimato":"1 minuto"},"schema":{"@context":"https:\/\/schema.org","@graph":[{"@type":"WebPage","@id":"https:\/\/radarservice.eu\/it\/prodotto\/genevo-ff-laser-jammer-bloccatore-laser\/","url":"https:\/\/radarservice.eu\/it\/prodotto\/genevo-ff-laser-jammer-bloccatore-laser\/","name":"Genevo FF Laser jammer | Bloccatore laser | Radar Service","isPartOf":{"@id":"https:\/\/radarservice.eu\/it\/#website"},"primaryImageOfPage":{"@id":"https:\/\/radarservice.eu\/it\/prodotto\/genevo-ff-laser-jammer-bloccatore-laser\/#primaryimage"},"image":{"@id":"https:\/\/radarservice.eu\/it\/prodotto\/genevo-ff-laser-jammer-bloccatore-laser\/#primaryimage"},"thumbnailUrl":"https:\/\/radarservice.eu\/wp-content\/uploads\/2020\/09\/GENEVO_FF_Nummerschildhalterung.png","datePublished":"2020-09-13T12:47:03+00:00","description":"Il Genevo FF Antilaser pu\u00f2 essere usato come un sensore di parcheggio legale e un blocco laser contro le misurazioni di velocit\u00e0 con pistole laser.","breadcrumb":{"@id":"https:\/\/radarservice.eu\/it\/prodotto\/genevo-ff-laser-jammer-bloccatore-laser\/#breadcrumb"},"inLanguage":"it-IT","potentialAction":[{"@type":"ReadAction","target":["https:\/\/radarservice.eu\/it\/prodotto\/genevo-ff-laser-jammer-bloccatore-laser\/"]}]},{"@type":"ImageObject","inLanguage":"it-IT","@id":"https:\/\/radarservice.eu\/it\/prodotto\/genevo-ff-laser-jammer-bloccatore-laser\/#primaryimage","url":"https:\/\/radarservice.eu\/wp-content\/uploads\/2020\/09\/GENEVO_FF_Nummerschildhalterung.png","contentUrl":"https:\/\/radarservice.eu\/wp-content\/uploads\/2020\/09\/GENEVO_FF_Nummerschildhalterung.png","width":725,"height":472,"caption":"Porta scudo numerico GENEVO FF"},{"@type":"BreadcrumbList","@id":"https:\/\/radarservice.eu\/it\/prodotto\/genevo-ff-laser-jammer-bloccatore-laser\/#breadcrumb","itemListElement":[{"@type":"ListItem","position":1,"name":"Negozio","item":"https:\/\/radarservice.eu\/it\/negozio\/"},{"@type":"ListItem","position":2,"name":"Genevo FF Laser jammer | Bloccatore laser"}]},{"@type":"WebSite","@id":"https:\/\/radarservice.eu\/it\/#website","url":"https:\/\/radarservice.eu\/it\/","name":"Radar Service","description":"Radar detector Laser jammer mobile fix","publisher":{"@id":"https:\/\/radarservice.eu\/it\/#organization"},"potentialAction":[{"@type":"SearchAction","target":{"@type":"EntryPoint","urlTemplate":"https:\/\/radarservice.eu\/it\/?s={search_term_string}"},"query-input":{"@type":"PropertyValueSpecification","valueRequired":true,"valueName":"search_term_string"}}],"inLanguage":"it-IT"},{"@type":"Organization","@id":"https:\/\/radarservice.eu\/it\/#organization","name":"RadarService","url":"https:\/\/radarservice.eu\/it\/","logo":{"@type":"ImageObject","inLanguage":"it-IT","@id":"https:\/\/radarservice.eu\/it\/#\/schema\/logo\/image\/","url":"https:\/\/radarservice.eu\/wp-content\/uploads\/2021\/03\/Radar_detector_service.png","contentUrl":"https:\/\/radarservice.eu\/wp-content\/uploads\/2021\/03\/Radar_detector_service.png","width":174,"height":48,"caption":"RadarService"},"image":{"@id":"https:\/\/radarservice.eu\/it\/#\/schema\/logo\/image\/"}}]}},"_links":{"self":[{"href":"https:\/\/radarservice.eu\/it\/wp-json\/wp\/v2\/product\/14833","targetHints":{"allow":["GET"]}}],"collection":[{"href":"https:\/\/radarservice.eu\/it\/wp-json\/wp\/v2\/product"}],"about":[{"href":"https:\/\/radarservice.eu\/it\/wp-json\/wp\/v2\/types\/product"}],"replies":[{"embeddable":true,"href":"https:\/\/radarservice.eu\/it\/wp-json\/wp\/v2\/comments?post=14833"}],"wp:featuredmedia":[{"embeddable":true,"href":"https:\/\/radarservice.eu\/it\/wp-json\/wp\/v2\/media\/14834"}],"wp:attachment":[{"href":"https:\/\/radarservice.eu\/it\/wp-json\/wp\/v2\/media?parent=14833"}],"wp:term":[{"taxonomy":"product_brand","embeddable":true,"href":"https:\/\/radarservice.eu\/it\/wp-json\/wp\/v2\/product_brand?post=14833"},{"taxonomy":"product_cat","embeddable":true,"href":"https:\/\/radarservice.eu\/it\/wp-json\/wp\/v2\/product_cat?post=14833"},{"taxonomy":"product_tag","embeddable":true,"href":"https:\/\/radarservice.eu\/it\/wp-json\/wp\/v2\/product_tag?post=14833"}],"curies":[{"name":"wp","href":"https:\/\/api.w.org\/{rel}","templated":true}]}}