{"id":14806,"date":"2020-09-13T14:47:04","date_gmt":"2020-09-13T12:47:04","guid":{"rendered":"https:\/\/radarservice.eu\/produkt\/escort-redline-ex-international-radarwarner\/"},"modified":"2026-05-03T04:43:28","modified_gmt":"2026-05-03T02:43:28","slug":"escort-redline-ex-international-radarwarner","status":"publish","type":"product","link":"https:\/\/radarservice.eu\/it\/prodotto\/escort-redline-ex-international-radarwarner\/","title":{"rendered":"Escort RedLine EX International"},"content":{"rendered":"<h2>Rivelatore radar internazionale Escort RedLine EX<\/h2>\n<p>.<\/p>\n<p>La serie RedLine di Scort \u00e8 uno dei rivelatori radar pi\u00f9 apprezzati negli ultimi anni e ha ricevuto molte recensioni positive da parte dei clienti. Con il rivelatore radar RedLine EX, Escort migliora un classico sviluppando un moderno display a colori e un filtro per i falsi allarmi migliorato.<\/p>\n<figure id=\"attachment_13938\" aria-describedby=\"caption-attachment-13938\" style=\"width: 600px\" class=\"wp-caption aligncenter\"><img loading=\"lazy\" decoding=\"async\" src=\"https:\/\/radarservice.eu\/wp-content\/uploads\/2020\/09\/Escort_Redline_Lieferumfang.jpg\" alt=\"Escort Redline EX Scope of Delivery\" width=\"600\" height=\"600\" class=\"size-full wp-image-14812\" srcset=\"https:\/\/radarservice.eu\/wp-content\/uploads\/2020\/09\/Escort_Redline_Lieferumfang.jpg 800w, https:\/\/radarservice.eu\/wp-content\/uploads\/2020\/09\/Escort_Redline_Lieferumfang-300x300.jpg 300w, https:\/\/radarservice.eu\/wp-content\/uploads\/2020\/09\/Escort_Redline_Lieferumfang-150x150.jpg 150w, https:\/\/radarservice.eu\/wp-content\/uploads\/2020\/09\/Escort_Redline_Lieferumfang-768x768.jpg 768w, https:\/\/radarservice.eu\/wp-content\/uploads\/2020\/09\/Escort_Redline_Lieferumfang-510x510.jpg 510w, https:\/\/radarservice.eu\/wp-content\/uploads\/2020\/09\/Escort_Redline_Lieferumfang-100x100.jpg 100w\" sizes=\"auto, (max-width: 600px) 100vw, 600px\" \/><figcaption id=\"caption-attachment-13938\" class=\"wp-caption-text\">Escort Redline EX Scope of Delivery<\/figcaption><\/figure>\n<h3>Filtro di falso allarme migliorato<\/h3>\n<p>Con l&#8217;introduzione dei sistemi di assistenza alla guida nelle auto moderne, sono sorti ulteriori problemi e frequenti falsi allarmi per i rilevatori radar.  Poich\u00e9 i sistemi di assistenza utilizzano frequenze simili alle trappole di velocit\u00e0 convenzionali. L&#8217;Escort RedLine EX rileva i segnali dei sistemi di assistenza alla guida e li separa dai segnali delle vere trappole di velocit\u00e0, evitando cos\u00ec inutili falsi allarmi.<\/p>\n<h3>Tecnologia AutoLearn<\/h3>\n<p>La funzione AutoLearn del RedLine EX combina le informazioni sulla posizione GPS con la gamma di frequenza unica dei segnali radar ricevuti. Questo permette al rilevatore di radar di rilevare automaticamente i falsi allarmi e di filtrarli in futuro. Sentirete meno falsi allarmi anche se non contrassegnate manualmente queste posizioni come falsi allarmi. Dopo solo tre occorrenze di un falso allarme nella stessa posizione, questa posizione sar\u00e0 filtrata completamente in modo automatico in futuro utilizzando il posizionamento GPS.<\/p>\n<p>.<\/p>\n<h3>Visualizzazione rapida dei pericoli<\/h3>\n<p>.<\/p>\n<p>Il nuovo display OLED offre una panoramica rapida e chiara delle informazioni rilevanti sugli allarmi di pericolo in arrivo. Simboli chiari e un LED aggiuntivo forniscono un perfetto avvertimento visivo per una protezione aggiuntiva. La luminosit\u00e0 del display pu\u00f2 essere regolata gradualmente da luminosa a scura e personalizzata in termini di colore.<\/p>\n<p>.<\/p>\n<h3>Due antenne per una ricezione perfetta<\/h3>\n<p>.<\/p>\n<p>Due antenne radar ti danno i primi avvisi possibili per tutte le frequenze europee. Le nuove trappole radar GATSO, Multaradar CT (MRCT) \/ Multaradar CD (MRCD) \/ MultaRadar Moving e Gatso sono anche rilevate in anticipo. Il Redline EX \u00e8 anche dotato di diversi sensori laser. Tra questi c&#8217;\u00e8 uno speciale ricevitore laser per rilevare una misura di velocit\u00e0 da dietro. L&#8217;elaborazione digitale del segnale brevettata analizza le trasmissioni in entrata e filtra il rumore, riducendo al minimo i falsi allarmi fastidiosi. <\/p>\n<h3>GPS POI Warner con database di autovelox Europa<\/h3>\n<p>.<\/p>\n<p>Il RedLine EX International viene fornito con un database precaricato di autovelox fissi e semafori e sezioni di controllo in tutta Europa. Con il ricevitore GPS integrato e il database europeo, anche le trappole di velocit\u00e0 fisse sono segnalate in modo affidabile. Gli aggiornamenti per il database possono essere scaricati e installati in qualsiasi momento. Avete bisogno di un abbonamento e di un computer basato su Windows\u00ae per aggiornare il database di RedLine EX. <\/p>\n<h3>Praticamente invisibile per il rilevamento<\/h3>\n<p>.<\/p>\n<p>La tecnologia TotalShield assicura che non puoi essere rintracciato.  Anche gli attuali rivelatori radar VG2 e Spectre usati dalla polizia non possono localizzare il rivelatore radar Escort. Con questo vantaggio aggiunto, \u00e8 possibile utilizzare l&#8217;Escort Redline EX senza preoccupazioni.<\/p>\n<p>.<\/p>\n<h3>Connetti lo smartphone via Bluetooth<\/h3>\n<p>Con l&#8217;interfaccia Bluetooth integrata, puoi facilmente accoppiare il rilevatore radar Escort con il tuo telefono e collegarlo all&#8217;app Escort Live. <\/p>\n<h3>Salva i tuoi punti pericolosi e auto mute<\/h3>\n<p>.<\/p>\n<p>Puoi salvare i tuoi punti di pericolo al tocco di un pulsante. Il RedLine EX vi avvertir\u00e0 in futuro in questi punti mentre vi avvicinate.  Oppure premi il tasto muto in un punto in cui non vuoi essere avvertito in futuro. Il Redline Radar Detector ricorder\u00e0 le coordinate GPS e la frequenza del radar e disattiver\u00e0 l&#8217;allarme la prossima volta che passerete davanti al luogo. Se una frequenza radar diversa viene ricevuta in quel luogo, per esempio a causa di un autovelox, l&#8217;Escort EX vi avviser\u00e0 comunque in futuro.<\/p>\n<p>.<\/p>\n<h3>Funzionamento user-friendly<\/h3>\n<p>.<\/p>\n<p>Il rivelatore radar RedLine EX rende facile per voi approfittare della sua grande tecnologia. Con due livelli di sensibilit\u00e0 preconfigurati, \u00e8 possibile impostare il rivelatore radar per l&#8217;uso in citt\u00e0 e in autostrada. L&#8217;avviso vocale digitale \u00e8 in inglese o spagnolo, e puoi usare la funzione mute per regolare il volume o spegnerlo del tutto.<\/p>\n<h3>SmartCord e custodia da viaggio<\/h3>\n<p>Il tuo Escort RedLine EX viene fornito con una custodia da viaggio e un cavo di collegamento SmartCord da 12 volt per l&#8217;accendisigari.  Il supporto avanzato si attacca saldamente al parabrezza e permette un montaggio rapido del rivelatore radar. Con il LED integrato nel cavo SmartCord, puoi vedere gli avvisi anche quando il display \u00e8 spento. <\/p>\n<p><strong>Nota:<\/strong> Mentre la Escort Redline ha una buona ricezione laser, si consiglia l&#8217;uso di un blocco laser attivo come AL Priority o LaserTrack Flare per una protezione laser sicura.<\/p>\n<p>.<\/p>\n","protected":false},"excerpt":{"rendered":"<h2>Escort RedLine EX International<\/h2>\n<p>Radar detector con Bluetooth, GPS e database per l&#8217;Europa. Rilevatore radar molto buono per l&#8217;uso in Europa.<br \/>\nAppositamente sintonizzato per l&#8217;uso in Europa, protezione da X, K, Ka, MultaRadar, trappole radar Gatso. <\/p>\n","protected":false},"featured_media":14811,"comment_status":"open","ping_status":"closed","template":"","meta":[],"product_brand":[],"product_cat":[770,700,682],"product_tag":[772,684,706,683,771],"class_list":{"0":"post-14806","1":"product","2":"type-product","3":"status-publish","4":"has-post-thumbnail","6":"product_cat-escort-italy","7":"product_cat-rilevatori-radar-mobili","8":"product_cat-rilevatori-radar-raccomandati","9":"product_tag-escort-redline-it","10":"product_tag-europa-it","11":"product_tag-rilevatore-laser","12":"product_tag-rilevatore-radar","13":"product_tag-rivelatore-radar-mobile","15":"first","16":"onbackorder","17":"sale","18":"taxable","19":"shipping-taxable","20":"purchasable","21":"product-type-simple"},"yoast_head":"<!-- This site is optimized with the Yoast SEO plugin v27.2 - https:\/\/yoast.com\/product\/yoast-seo-wordpress\/ -->\n<title>Escort RedLine EX International | Radar Service<\/title>\n<meta name=\"description\" content=\"Il rivelatore radar Escort RedLine EX offre un ottimo allarme radar e la migliore protezione possibile contro le trappole di velocit\u00e0 mobili e le misurazioni laser.\" \/>\n<meta name=\"robots\" content=\"index, follow, max-snippet:-1, max-image-preview:large, max-video-preview:-1\" \/>\n<link rel=\"canonical\" href=\"https:\/\/radarservice.eu\/it\/prodotto\/escort-redline-ex-international-radarwarner\/\" \/>\n<meta property=\"og:locale\" content=\"it_IT\" \/>\n<meta property=\"og:type\" content=\"article\" \/>\n<meta property=\"og:title\" content=\"Escort RedLine EX International | Radar Service\" \/>\n<meta property=\"og:description\" content=\"Il rivelatore radar Escort RedLine EX offre un ottimo allarme radar e la migliore protezione possibile contro le trappole di velocit\u00e0 mobili e le misurazioni laser.\" \/>\n<meta property=\"og:url\" content=\"https:\/\/radarservice.eu\/it\/prodotto\/escort-redline-ex-international-radarwarner\/\" \/>\n<meta property=\"og:site_name\" content=\"Radar Service\" \/>\n<meta property=\"article:modified_time\" content=\"2026-05-03T02:43:28+00:00\" \/>\n<meta property=\"og:image\" content=\"https:\/\/radarservice.eu\/wp-content\/uploads\/2020\/09\/Escort_Redline_EX_International_display.png\" \/>\n\t<meta property=\"og:image:width\" content=\"780\" \/>\n\t<meta property=\"og:image:height\" content=\"440\" \/>\n\t<meta property=\"og:image:type\" content=\"image\/png\" \/>\n<meta name=\"twitter:card\" content=\"summary_large_image\" \/>\n<meta name=\"twitter:label1\" content=\"Tempo di lettura stimato\" \/>\n\t<meta name=\"twitter:data1\" content=\"4 minuti\" \/>\n<script type=\"application\/ld+json\" class=\"yoast-schema-graph\">{\"@context\":\"https:\/\/schema.org\",\"@graph\":[{\"@type\":\"WebPage\",\"@id\":\"https:\/\/radarservice.eu\/it\/prodotto\/escort-redline-ex-international-radarwarner\/\",\"url\":\"https:\/\/radarservice.eu\/it\/prodotto\/escort-redline-ex-international-radarwarner\/\",\"name\":\"Escort RedLine EX International | Radar Service\",\"isPartOf\":{\"@id\":\"https:\/\/radarservice.eu\/it\/#website\"},\"primaryImageOfPage\":{\"@id\":\"https:\/\/radarservice.eu\/it\/prodotto\/escort-redline-ex-international-radarwarner\/#primaryimage\"},\"image\":{\"@id\":\"https:\/\/radarservice.eu\/it\/prodotto\/escort-redline-ex-international-radarwarner\/#primaryimage\"},\"thumbnailUrl\":\"https:\/\/radarservice.eu\/wp-content\/uploads\/2020\/09\/Escort_Redline_EX_International_display.png\",\"datePublished\":\"2020-09-13T12:47:04+00:00\",\"dateModified\":\"2026-05-03T02:43:28+00:00\",\"description\":\"Il rivelatore radar Escort RedLine EX offre un ottimo allarme radar e la migliore protezione possibile contro le trappole di velocit\u00e0 mobili e le misurazioni laser.\",\"breadcrumb\":{\"@id\":\"https:\/\/radarservice.eu\/it\/prodotto\/escort-redline-ex-international-radarwarner\/#breadcrumb\"},\"inLanguage\":\"it-IT\",\"potentialAction\":[{\"@type\":\"ReadAction\",\"target\":[\"https:\/\/radarservice.eu\/it\/prodotto\/escort-redline-ex-international-radarwarner\/\"]}]},{\"@type\":\"ImageObject\",\"inLanguage\":\"it-IT\",\"@id\":\"https:\/\/radarservice.eu\/it\/prodotto\/escort-redline-ex-international-radarwarner\/#primaryimage\",\"url\":\"https:\/\/radarservice.eu\/wp-content\/uploads\/2020\/09\/Escort_Redline_EX_International_display.png\",\"contentUrl\":\"https:\/\/radarservice.eu\/wp-content\/uploads\/2020\/09\/Escort_Redline_EX_International_display.png\",\"width\":780,\"height\":440,\"caption\":\"Escort Redline EX Display internazionale\"},{\"@type\":\"BreadcrumbList\",\"@id\":\"https:\/\/radarservice.eu\/it\/prodotto\/escort-redline-ex-international-radarwarner\/#breadcrumb\",\"itemListElement\":[{\"@type\":\"ListItem\",\"position\":1,\"name\":\"Negozio\",\"item\":\"https:\/\/radarservice.eu\/it\/negozio\/\"},{\"@type\":\"ListItem\",\"position\":2,\"name\":\"Escort RedLine EX International\"}]},{\"@type\":\"WebSite\",\"@id\":\"https:\/\/radarservice.eu\/it\/#website\",\"url\":\"https:\/\/radarservice.eu\/it\/\",\"name\":\"Radar Service\",\"description\":\"Radar detector Laser jammer mobile fix\",\"publisher\":{\"@id\":\"https:\/\/radarservice.eu\/it\/#organization\"},\"potentialAction\":[{\"@type\":\"SearchAction\",\"target\":{\"@type\":\"EntryPoint\",\"urlTemplate\":\"https:\/\/radarservice.eu\/it\/?s={search_term_string}\"},\"query-input\":{\"@type\":\"PropertyValueSpecification\",\"valueRequired\":true,\"valueName\":\"search_term_string\"}}],\"inLanguage\":\"it-IT\"},{\"@type\":\"Organization\",\"@id\":\"https:\/\/radarservice.eu\/it\/#organization\",\"name\":\"RadarService\",\"url\":\"https:\/\/radarservice.eu\/it\/\",\"logo\":{\"@type\":\"ImageObject\",\"inLanguage\":\"it-IT\",\"@id\":\"https:\/\/radarservice.eu\/it\/#\/schema\/logo\/image\/\",\"url\":\"https:\/\/radarservice.eu\/wp-content\/uploads\/2021\/03\/Radar_detector_service.png\",\"contentUrl\":\"https:\/\/radarservice.eu\/wp-content\/uploads\/2021\/03\/Radar_detector_service.png\",\"width\":174,\"height\":48,\"caption\":\"RadarService\"},\"image\":{\"@id\":\"https:\/\/radarservice.eu\/it\/#\/schema\/logo\/image\/\"}}]}<\/script>\n<!-- \/ Yoast SEO plugin. -->","yoast_head_json":{"title":"Escort RedLine EX International | Radar Service","description":"Il rivelatore radar Escort RedLine EX offre un ottimo allarme radar e la migliore protezione possibile contro le trappole di velocit\u00e0 mobili e le misurazioni laser.","robots":{"index":"index","follow":"follow","max-snippet":"max-snippet:-1","max-image-preview":"max-image-preview:large","max-video-preview":"max-video-preview:-1"},"canonical":"https:\/\/radarservice.eu\/it\/prodotto\/escort-redline-ex-international-radarwarner\/","og_locale":"it_IT","og_type":"article","og_title":"Escort RedLine EX International | Radar Service","og_description":"Il rivelatore radar Escort RedLine EX offre un ottimo allarme radar e la migliore protezione possibile contro le trappole di velocit\u00e0 mobili e le misurazioni laser.","og_url":"https:\/\/radarservice.eu\/it\/prodotto\/escort-redline-ex-international-radarwarner\/","og_site_name":"Radar Service","article_modified_time":"2026-05-03T02:43:28+00:00","og_image":[{"width":780,"height":440,"url":"https:\/\/radarservice.eu\/wp-content\/uploads\/2020\/09\/Escort_Redline_EX_International_display.png","type":"image\/png"}],"twitter_card":"summary_large_image","twitter_misc":{"Tempo di lettura stimato":"4 minuti"},"schema":{"@context":"https:\/\/schema.org","@graph":[{"@type":"WebPage","@id":"https:\/\/radarservice.eu\/it\/prodotto\/escort-redline-ex-international-radarwarner\/","url":"https:\/\/radarservice.eu\/it\/prodotto\/escort-redline-ex-international-radarwarner\/","name":"Escort RedLine EX International | Radar Service","isPartOf":{"@id":"https:\/\/radarservice.eu\/it\/#website"},"primaryImageOfPage":{"@id":"https:\/\/radarservice.eu\/it\/prodotto\/escort-redline-ex-international-radarwarner\/#primaryimage"},"image":{"@id":"https:\/\/radarservice.eu\/it\/prodotto\/escort-redline-ex-international-radarwarner\/#primaryimage"},"thumbnailUrl":"https:\/\/radarservice.eu\/wp-content\/uploads\/2020\/09\/Escort_Redline_EX_International_display.png","datePublished":"2020-09-13T12:47:04+00:00","dateModified":"2026-05-03T02:43:28+00:00","description":"Il rivelatore radar Escort RedLine EX offre un ottimo allarme radar e la migliore protezione possibile contro le trappole di velocit\u00e0 mobili e le misurazioni laser.","breadcrumb":{"@id":"https:\/\/radarservice.eu\/it\/prodotto\/escort-redline-ex-international-radarwarner\/#breadcrumb"},"inLanguage":"it-IT","potentialAction":[{"@type":"ReadAction","target":["https:\/\/radarservice.eu\/it\/prodotto\/escort-redline-ex-international-radarwarner\/"]}]},{"@type":"ImageObject","inLanguage":"it-IT","@id":"https:\/\/radarservice.eu\/it\/prodotto\/escort-redline-ex-international-radarwarner\/#primaryimage","url":"https:\/\/radarservice.eu\/wp-content\/uploads\/2020\/09\/Escort_Redline_EX_International_display.png","contentUrl":"https:\/\/radarservice.eu\/wp-content\/uploads\/2020\/09\/Escort_Redline_EX_International_display.png","width":780,"height":440,"caption":"Escort Redline EX Display internazionale"},{"@type":"BreadcrumbList","@id":"https:\/\/radarservice.eu\/it\/prodotto\/escort-redline-ex-international-radarwarner\/#breadcrumb","itemListElement":[{"@type":"ListItem","position":1,"name":"Negozio","item":"https:\/\/radarservice.eu\/it\/negozio\/"},{"@type":"ListItem","position":2,"name":"Escort RedLine EX International"}]},{"@type":"WebSite","@id":"https:\/\/radarservice.eu\/it\/#website","url":"https:\/\/radarservice.eu\/it\/","name":"Radar Service","description":"Radar detector Laser jammer mobile fix","publisher":{"@id":"https:\/\/radarservice.eu\/it\/#organization"},"potentialAction":[{"@type":"SearchAction","target":{"@type":"EntryPoint","urlTemplate":"https:\/\/radarservice.eu\/it\/?s={search_term_string}"},"query-input":{"@type":"PropertyValueSpecification","valueRequired":true,"valueName":"search_term_string"}}],"inLanguage":"it-IT"},{"@type":"Organization","@id":"https:\/\/radarservice.eu\/it\/#organization","name":"RadarService","url":"https:\/\/radarservice.eu\/it\/","logo":{"@type":"ImageObject","inLanguage":"it-IT","@id":"https:\/\/radarservice.eu\/it\/#\/schema\/logo\/image\/","url":"https:\/\/radarservice.eu\/wp-content\/uploads\/2021\/03\/Radar_detector_service.png","contentUrl":"https:\/\/radarservice.eu\/wp-content\/uploads\/2021\/03\/Radar_detector_service.png","width":174,"height":48,"caption":"RadarService"},"image":{"@id":"https:\/\/radarservice.eu\/it\/#\/schema\/logo\/image\/"}}]}},"_links":{"self":[{"href":"https:\/\/radarservice.eu\/it\/wp-json\/wp\/v2\/product\/14806","targetHints":{"allow":["GET"]}}],"collection":[{"href":"https:\/\/radarservice.eu\/it\/wp-json\/wp\/v2\/product"}],"about":[{"href":"https:\/\/radarservice.eu\/it\/wp-json\/wp\/v2\/types\/product"}],"replies":[{"embeddable":true,"href":"https:\/\/radarservice.eu\/it\/wp-json\/wp\/v2\/comments?post=14806"}],"wp:featuredmedia":[{"embeddable":true,"href":"https:\/\/radarservice.eu\/it\/wp-json\/wp\/v2\/media\/14811"}],"wp:attachment":[{"href":"https:\/\/radarservice.eu\/it\/wp-json\/wp\/v2\/media?parent=14806"}],"wp:term":[{"taxonomy":"product_brand","embeddable":true,"href":"https:\/\/radarservice.eu\/it\/wp-json\/wp\/v2\/product_brand?post=14806"},{"taxonomy":"product_cat","embeddable":true,"href":"https:\/\/radarservice.eu\/it\/wp-json\/wp\/v2\/product_cat?post=14806"},{"taxonomy":"product_tag","embeddable":true,"href":"https:\/\/radarservice.eu\/it\/wp-json\/wp\/v2\/product_tag?post=14806"}],"curies":[{"name":"wp","href":"https:\/\/api.w.org\/{rel}","templated":true}]}}