{"id":14800,"date":"2020-09-13T14:47:04","date_gmt":"2020-09-13T12:47:04","guid":{"rendered":"https:\/\/radarservice.eu\/produkt\/target-occhio-blu\/"},"modified":"2020-09-13T14:47:04","modified_gmt":"2020-09-13T12:47:04","slug":"target-occhio-blu","status":"publish","type":"product","link":"https:\/\/radarservice.eu\/it\/prodotto\/target-occhio-blu\/","title":{"rendered":"Target Blu Eye"},"content":{"rendered":"<p>Il Blu Eye \u00e8 il modo legale per rilevare i veicoli di emergenza e i posti di blocco. Inoltre, il Blu Eye avverte l&#8217;avvicinarsi di pattuglie civili, auto della polizia, ambulanze e camion dei pompieri. Blu Eye si basa sulla nuova rete radio TETRA utilizzata dalla polizia e dai servizi di emergenza nella maggior parte dei paesi dell&#8217;UE.<\/p>\n<p>Gli avvisi ottici e acustici sono dati tramite un piccolo pannello di controllo. La distanza da un veicolo d&#8217;emergenza pu\u00f2 essere letta tramite l&#8217;indicatore dell&#8217;intensit\u00e0 di ricezione.<br \/>\nLa sensibilit\u00e0 di ricezione pu\u00f2 anche essere impostata tramite il pannello di controllo, per questo si pu\u00f2 scegliere tra la modalit\u00e0 citt\u00e0 e autostrada. A seconda della sensibilit\u00e0, sono quindi possibili avvertimenti anticipati di alcuni 100 metri fino a un chilometro.<\/p>\n<p>.<\/p>\n<p><strong>Panoramica:<\/strong><br \/>\n+ Estremamente facile da usare<br \/>\n+ Dimensione compatta<br \/>\n+ Facile da installare<\/p>\n<p><strong>Scopo della consegna:<\/strong><br \/>\n* Obiettivo Blu Eye<br \/>\n* piccola unit\u00e0 di controllo e visualizzazione<br \/>.<br \/>\n* antenna esterna<br \/>\n* set di cavi<\/p>\n","protected":false},"excerpt":{"rendered":"<p>Il Blu Eye \u00e8 il modo legale per rilevare i veicoli di emergenza e i posti di blocco. Inoltre, il Blu Eye avverte l&#8217;avvicinarsi di pattuglie civili, auto della polizia, ambulanze e camion dei pompieri. Blu Eye si basa sulla nuova rete radio TETRA utilizzata dalla polizia e dai servizi di emergenza nella maggior parte [&#8230;]\n","protected":false},"featured_media":14803,"comment_status":"open","ping_status":"closed","template":"","meta":[],"product_brand":[],"product_cat":[680,696],"product_tag":[763,758,761,762,760,759,765,757,764],"class_list":{"0":"post-14800","1":"product","2":"type-product","3":"status-publish","4":"has-post-thumbnail","6":"product_cat-rilevatori-radar-fissi","7":"product_cat-target-italy","8":"product_tag-ambulanza","9":"product_tag-blu-eye-it","10":"product_tag-pattuglia-civile","11":"product_tag-polizia","12":"product_tag-rete-senza-fili","13":"product_tag-rete-tetra","14":"product_tag-servizio-di-salvataggio","15":"product_tag-target-it","16":"product_tag-vigili-del-fuoco","18":"first","19":"outofstock","20":"taxable","21":"shipping-taxable","22":"purchasable","23":"product-type-simple"},"yoast_head":"<!-- This site is optimized with the Yoast SEO plugin v27.2 - https:\/\/yoast.com\/product\/yoast-seo-wordpress\/ -->\n<title>Target Blu Eye | Radar Service<\/title>\n<meta name=\"description\" content=\"Il Target BluEye \u00e8 il modo legale per rilevare i veicoli di emergenza e i posti di blocco tramite la radio digitale.\" \/>\n<meta name=\"robots\" content=\"index, follow, max-snippet:-1, max-image-preview:large, max-video-preview:-1\" \/>\n<link rel=\"canonical\" href=\"https:\/\/radarservice.eu\/it\/prodotto\/target-occhio-blu\/\" \/>\n<meta property=\"og:locale\" content=\"it_IT\" \/>\n<meta property=\"og:type\" content=\"article\" \/>\n<meta property=\"og:title\" content=\"Target Blu Eye | Radar Service\" \/>\n<meta property=\"og:description\" content=\"Il Target BluEye \u00e8 il modo legale per rilevare i veicoli di emergenza e i posti di blocco tramite la radio digitale.\" \/>\n<meta property=\"og:url\" content=\"https:\/\/radarservice.eu\/it\/prodotto\/target-occhio-blu\/\" \/>\n<meta property=\"og:site_name\" content=\"Radar Service\" \/>\n<meta property=\"og:image\" content=\"https:\/\/radarservice.eu\/wp-content\/uploads\/2019\/07\/target_blu_eye_steuergeraet_bedienteil.jpg\" \/>\n\t<meta property=\"og:image:width\" content=\"486\" \/>\n\t<meta property=\"og:image:height\" content=\"252\" \/>\n\t<meta property=\"og:image:type\" content=\"image\/jpeg\" \/>\n<meta name=\"twitter:card\" content=\"summary_large_image\" \/>\n<meta name=\"twitter:label1\" content=\"Tempo di lettura stimato\" \/>\n\t<meta name=\"twitter:data1\" content=\"1 minuto\" \/>\n<script type=\"application\/ld+json\" class=\"yoast-schema-graph\">{\"@context\":\"https:\/\/schema.org\",\"@graph\":[{\"@type\":\"WebPage\",\"@id\":\"https:\/\/radarservice.eu\/it\/prodotto\/target-occhio-blu\/\",\"url\":\"https:\/\/radarservice.eu\/it\/prodotto\/target-occhio-blu\/\",\"name\":\"Target Blu Eye | Radar Service\",\"isPartOf\":{\"@id\":\"https:\/\/radarservice.eu\/it\/#website\"},\"primaryImageOfPage\":{\"@id\":\"https:\/\/radarservice.eu\/it\/prodotto\/target-occhio-blu\/#primaryimage\"},\"image\":{\"@id\":\"https:\/\/radarservice.eu\/it\/prodotto\/target-occhio-blu\/#primaryimage\"},\"thumbnailUrl\":\"https:\/\/radarservice.eu\/wp-content\/uploads\/2019\/07\/target_blu_eye_steuergeraet_bedienteil.jpg\",\"datePublished\":\"2020-09-13T12:47:04+00:00\",\"description\":\"Il Target BluEye \u00e8 il modo legale per rilevare i veicoli di emergenza e i posti di blocco tramite la radio digitale.\",\"breadcrumb\":{\"@id\":\"https:\/\/radarservice.eu\/it\/prodotto\/target-occhio-blu\/#breadcrumb\"},\"inLanguage\":\"it-IT\",\"potentialAction\":[{\"@type\":\"ReadAction\",\"target\":[\"https:\/\/radarservice.eu\/it\/prodotto\/target-occhio-blu\/\"]}]},{\"@type\":\"ImageObject\",\"inLanguage\":\"it-IT\",\"@id\":\"https:\/\/radarservice.eu\/it\/prodotto\/target-occhio-blu\/#primaryimage\",\"url\":\"https:\/\/radarservice.eu\/wp-content\/uploads\/2019\/07\/target_blu_eye_steuergeraet_bedienteil.jpg\",\"contentUrl\":\"https:\/\/radarservice.eu\/wp-content\/uploads\/2019\/07\/target_blu_eye_steuergeraet_bedienteil.jpg\",\"width\":486,\"height\":252,\"caption\":\"Unit\u00e0 di controllo Target Blu Eye + pannello di controllo\"},{\"@type\":\"BreadcrumbList\",\"@id\":\"https:\/\/radarservice.eu\/it\/prodotto\/target-occhio-blu\/#breadcrumb\",\"itemListElement\":[{\"@type\":\"ListItem\",\"position\":1,\"name\":\"Negozio\",\"item\":\"https:\/\/radarservice.eu\/it\/negozio\/\"},{\"@type\":\"ListItem\",\"position\":2,\"name\":\"Target Blu Eye\"}]},{\"@type\":\"WebSite\",\"@id\":\"https:\/\/radarservice.eu\/it\/#website\",\"url\":\"https:\/\/radarservice.eu\/it\/\",\"name\":\"Radar Service\",\"description\":\"Radar detector Laser jammer mobile fix\",\"publisher\":{\"@id\":\"https:\/\/radarservice.eu\/it\/#organization\"},\"potentialAction\":[{\"@type\":\"SearchAction\",\"target\":{\"@type\":\"EntryPoint\",\"urlTemplate\":\"https:\/\/radarservice.eu\/it\/?s={search_term_string}\"},\"query-input\":{\"@type\":\"PropertyValueSpecification\",\"valueRequired\":true,\"valueName\":\"search_term_string\"}}],\"inLanguage\":\"it-IT\"},{\"@type\":\"Organization\",\"@id\":\"https:\/\/radarservice.eu\/it\/#organization\",\"name\":\"RadarService\",\"url\":\"https:\/\/radarservice.eu\/it\/\",\"logo\":{\"@type\":\"ImageObject\",\"inLanguage\":\"it-IT\",\"@id\":\"https:\/\/radarservice.eu\/it\/#\/schema\/logo\/image\/\",\"url\":\"https:\/\/radarservice.eu\/wp-content\/uploads\/2021\/03\/Radar_detector_service.png\",\"contentUrl\":\"https:\/\/radarservice.eu\/wp-content\/uploads\/2021\/03\/Radar_detector_service.png\",\"width\":174,\"height\":48,\"caption\":\"RadarService\"},\"image\":{\"@id\":\"https:\/\/radarservice.eu\/it\/#\/schema\/logo\/image\/\"}}]}<\/script>\n<!-- \/ Yoast SEO plugin. -->","yoast_head_json":{"title":"Target Blu Eye | Radar Service","description":"Il Target BluEye \u00e8 il modo legale per rilevare i veicoli di emergenza e i posti di blocco tramite la radio digitale.","robots":{"index":"index","follow":"follow","max-snippet":"max-snippet:-1","max-image-preview":"max-image-preview:large","max-video-preview":"max-video-preview:-1"},"canonical":"https:\/\/radarservice.eu\/it\/prodotto\/target-occhio-blu\/","og_locale":"it_IT","og_type":"article","og_title":"Target Blu Eye | Radar Service","og_description":"Il Target BluEye \u00e8 il modo legale per rilevare i veicoli di emergenza e i posti di blocco tramite la radio digitale.","og_url":"https:\/\/radarservice.eu\/it\/prodotto\/target-occhio-blu\/","og_site_name":"Radar Service","og_image":[{"width":486,"height":252,"url":"https:\/\/radarservice.eu\/wp-content\/uploads\/2019\/07\/target_blu_eye_steuergeraet_bedienteil.jpg","type":"image\/jpeg"}],"twitter_card":"summary_large_image","twitter_misc":{"Tempo di lettura stimato":"1 minuto"},"schema":{"@context":"https:\/\/schema.org","@graph":[{"@type":"WebPage","@id":"https:\/\/radarservice.eu\/it\/prodotto\/target-occhio-blu\/","url":"https:\/\/radarservice.eu\/it\/prodotto\/target-occhio-blu\/","name":"Target Blu Eye | Radar Service","isPartOf":{"@id":"https:\/\/radarservice.eu\/it\/#website"},"primaryImageOfPage":{"@id":"https:\/\/radarservice.eu\/it\/prodotto\/target-occhio-blu\/#primaryimage"},"image":{"@id":"https:\/\/radarservice.eu\/it\/prodotto\/target-occhio-blu\/#primaryimage"},"thumbnailUrl":"https:\/\/radarservice.eu\/wp-content\/uploads\/2019\/07\/target_blu_eye_steuergeraet_bedienteil.jpg","datePublished":"2020-09-13T12:47:04+00:00","description":"Il Target BluEye \u00e8 il modo legale per rilevare i veicoli di emergenza e i posti di blocco tramite la radio digitale.","breadcrumb":{"@id":"https:\/\/radarservice.eu\/it\/prodotto\/target-occhio-blu\/#breadcrumb"},"inLanguage":"it-IT","potentialAction":[{"@type":"ReadAction","target":["https:\/\/radarservice.eu\/it\/prodotto\/target-occhio-blu\/"]}]},{"@type":"ImageObject","inLanguage":"it-IT","@id":"https:\/\/radarservice.eu\/it\/prodotto\/target-occhio-blu\/#primaryimage","url":"https:\/\/radarservice.eu\/wp-content\/uploads\/2019\/07\/target_blu_eye_steuergeraet_bedienteil.jpg","contentUrl":"https:\/\/radarservice.eu\/wp-content\/uploads\/2019\/07\/target_blu_eye_steuergeraet_bedienteil.jpg","width":486,"height":252,"caption":"Unit\u00e0 di controllo Target Blu Eye + pannello di controllo"},{"@type":"BreadcrumbList","@id":"https:\/\/radarservice.eu\/it\/prodotto\/target-occhio-blu\/#breadcrumb","itemListElement":[{"@type":"ListItem","position":1,"name":"Negozio","item":"https:\/\/radarservice.eu\/it\/negozio\/"},{"@type":"ListItem","position":2,"name":"Target Blu Eye"}]},{"@type":"WebSite","@id":"https:\/\/radarservice.eu\/it\/#website","url":"https:\/\/radarservice.eu\/it\/","name":"Radar Service","description":"Radar detector Laser jammer mobile fix","publisher":{"@id":"https:\/\/radarservice.eu\/it\/#organization"},"potentialAction":[{"@type":"SearchAction","target":{"@type":"EntryPoint","urlTemplate":"https:\/\/radarservice.eu\/it\/?s={search_term_string}"},"query-input":{"@type":"PropertyValueSpecification","valueRequired":true,"valueName":"search_term_string"}}],"inLanguage":"it-IT"},{"@type":"Organization","@id":"https:\/\/radarservice.eu\/it\/#organization","name":"RadarService","url":"https:\/\/radarservice.eu\/it\/","logo":{"@type":"ImageObject","inLanguage":"it-IT","@id":"https:\/\/radarservice.eu\/it\/#\/schema\/logo\/image\/","url":"https:\/\/radarservice.eu\/wp-content\/uploads\/2021\/03\/Radar_detector_service.png","contentUrl":"https:\/\/radarservice.eu\/wp-content\/uploads\/2021\/03\/Radar_detector_service.png","width":174,"height":48,"caption":"RadarService"},"image":{"@id":"https:\/\/radarservice.eu\/it\/#\/schema\/logo\/image\/"}}]}},"_links":{"self":[{"href":"https:\/\/radarservice.eu\/it\/wp-json\/wp\/v2\/product\/14800","targetHints":{"allow":["GET"]}}],"collection":[{"href":"https:\/\/radarservice.eu\/it\/wp-json\/wp\/v2\/product"}],"about":[{"href":"https:\/\/radarservice.eu\/it\/wp-json\/wp\/v2\/types\/product"}],"replies":[{"embeddable":true,"href":"https:\/\/radarservice.eu\/it\/wp-json\/wp\/v2\/comments?post=14800"}],"wp:featuredmedia":[{"embeddable":true,"href":"https:\/\/radarservice.eu\/it\/wp-json\/wp\/v2\/media\/14803"}],"wp:attachment":[{"href":"https:\/\/radarservice.eu\/it\/wp-json\/wp\/v2\/media?parent=14800"}],"wp:term":[{"taxonomy":"product_brand","embeddable":true,"href":"https:\/\/radarservice.eu\/it\/wp-json\/wp\/v2\/product_brand?post=14800"},{"taxonomy":"product_cat","embeddable":true,"href":"https:\/\/radarservice.eu\/it\/wp-json\/wp\/v2\/product_cat?post=14800"},{"taxonomy":"product_tag","embeddable":true,"href":"https:\/\/radarservice.eu\/it\/wp-json\/wp\/v2\/product_tag?post=14800"}],"curies":[{"name":"wp","href":"https:\/\/api.w.org\/{rel}","templated":true}]}}