{"id":14771,"date":"2020-09-13T14:47:05","date_gmt":"2020-09-13T12:47:05","guid":{"rendered":"https:\/\/radarservice.eu\/produkt\/beltronics-966-r-nuovo-rivelatore-radar-esterno\/"},"modified":"2020-09-13T14:47:05","modified_gmt":"2020-09-13T12:47:05","slug":"beltronics-966-r-nuovo-rivelatore-radar-esterno","status":"publish","type":"product","link":"https:\/\/radarservice.eu\/it\/prodotto\/beltronics-966-r-nuovo-rivelatore-radar-esterno\/","title":{"rendered":"Beltronics 966-R NUOVO rivelatore radar esterno"},"content":{"rendered":"<p>Il Bel 966-R \u00e8 appositamente progettato per l&#8217;uso in veicoli con parabrezza rivestito in metallo o in cabriolet e pu\u00f2 essere installato nascosto nel vano motore grazie alla custodia impermeabile. Grazie al design resistente alle intemperie del modulo ricevitore, non ci sono limiti alle possibilit\u00e0 di installazione.<br \/>\nIl modulo di visualizzazione ottica e acustica \u00e8 installato all&#8217;interno del veicolo.<\/p>\n<p>.<\/p>\n<p><strong>Panoramica:<\/strong><br \/>\n+ BEL EVO 966-R Nuovo rivelatore radar esterno fisso<br \/>\n+ X-, K-, KA- e banda Ku<br \/>\n+ Ka-banda stretta per le massime prestazioni con i radar europei Multanova<br \/>\n+ La banda K e la banda Ku possono essere spente premendo un pulsante<\/p>\n<p>.<\/p>\n<p><strong>Gamme di frequenza:<\/strong><br \/>\n+ Banda X &#8211; 10.525 GHz \u00b1 25 MHz<br \/>\n+ Banda K &#8211; 24,150 GHz \u00b1 100 MHz<br \/>\n+ Banda Ka &#8211; 34.700 GHz \u00b1 1300 MHz<br \/>\n+ Ka Narrow &#8211; 34.0, 34.3, 34.7 e 35.5 GHz \u00b1 80 MHz<br \/>\n+ Banda KU &#8211; 13.450 MHz<\/p>\n<p><strong>Scopo della fornitura:<\/strong><br \/>.<br \/>\n* antenna radar esterna Bel 966-R<br \/>\n* modulo di visualizzazione per l&#8217;interno del veicolo<br \/>\n* materiale di montaggio completo per l&#8217;installazione<br \/>\n* istruzioni per l&#8217;uso<\/p>\n","protected":false},"excerpt":{"rendered":"<p>Il Bel EVO 966 R New \u00e8 un rivelatore radar che \u00e8 stato usato con successo per anni ed \u00e8 molto economico rispetto ad altri rivelatori radar esterni.<\/p>\n","protected":false},"featured_media":14772,"comment_status":"open","ping_status":"closed","template":"","meta":[],"product_brand":[],"product_cat":[735,680],"product_tag":[737,736,709],"class_list":{"0":"post-14771","1":"product","2":"type-product","3":"status-publish","4":"has-post-thumbnail","6":"product_cat-beltronics-italy","7":"product_cat-rilevatori-radar-fissi","8":"product_tag-bel-966r-it","9":"product_tag-beltronics-it","10":"product_tag-rivelatore-radar-fisso","12":"first","13":"onbackorder","14":"sale","15":"taxable","16":"shipping-taxable","17":"purchasable","18":"product-type-simple"},"yoast_head":"<!-- This site is optimized with the Yoast SEO plugin v27.2 - https:\/\/yoast.com\/product\/yoast-seo-wordpress\/ -->\n<title>Radar Service<\/title>\n<meta name=\"description\" content=\"Il rivelatore radar Bel 966-R \u00e8 impermeabile e pu\u00f2 essere installato nascosto nel vano motore.\" \/>\n<meta name=\"robots\" content=\"index, follow, max-snippet:-1, max-image-preview:large, max-video-preview:-1\" \/>\n<link rel=\"canonical\" href=\"https:\/\/radarservice.eu\/it\/prodotto\/beltronics-966-r-nuovo-rivelatore-radar-esterno\/\" \/>\n<meta property=\"og:locale\" content=\"it_IT\" \/>\n<meta property=\"og:type\" content=\"article\" \/>\n<meta property=\"og:description\" content=\"Il rivelatore radar Bel 966-R \u00e8 impermeabile e pu\u00f2 essere installato nascosto nel vano motore.\" \/>\n<meta property=\"og:url\" content=\"https:\/\/radarservice.eu\/it\/prodotto\/beltronics-966-r-nuovo-rivelatore-radar-esterno\/\" \/>\n<meta property=\"og:site_name\" content=\"Radar Service\" \/>\n<meta property=\"og:image\" content=\"https:\/\/radarservice.eu\/wp-content\/uploads\/2020\/09\/beltronics_target_966_2_1.jpg\" \/>\n\t<meta property=\"og:image:width\" content=\"340\" \/>\n\t<meta property=\"og:image:height\" content=\"340\" \/>\n\t<meta property=\"og:image:type\" content=\"image\/jpeg\" \/>\n<meta name=\"twitter:card\" content=\"summary_large_image\" \/>\n<meta name=\"twitter:label1\" content=\"Tempo di lettura stimato\" \/>\n\t<meta name=\"twitter:data1\" content=\"1 minuto\" \/>\n<script type=\"application\/ld+json\" class=\"yoast-schema-graph\">{\"@context\":\"https:\/\/schema.org\",\"@graph\":[{\"@type\":\"WebPage\",\"@id\":\"https:\/\/radarservice.eu\/it\/prodotto\/beltronics-966-r-nuovo-rivelatore-radar-esterno\/\",\"url\":\"https:\/\/radarservice.eu\/it\/prodotto\/beltronics-966-r-nuovo-rivelatore-radar-esterno\/\",\"name\":\"\",\"isPartOf\":{\"@id\":\"https:\/\/radarservice.eu\/it\/#website\"},\"primaryImageOfPage\":{\"@id\":\"https:\/\/radarservice.eu\/it\/prodotto\/beltronics-966-r-nuovo-rivelatore-radar-esterno\/#primaryimage\"},\"image\":{\"@id\":\"https:\/\/radarservice.eu\/it\/prodotto\/beltronics-966-r-nuovo-rivelatore-radar-esterno\/#primaryimage\"},\"thumbnailUrl\":\"https:\/\/radarservice.eu\/wp-content\/uploads\/2020\/09\/beltronics_target_966_2_1.jpg\",\"datePublished\":\"2020-09-13T12:47:05+00:00\",\"description\":\"Il rivelatore radar Bel 966-R \u00e8 impermeabile e pu\u00f2 essere installato nascosto nel vano motore.\",\"breadcrumb\":{\"@id\":\"https:\/\/radarservice.eu\/it\/prodotto\/beltronics-966-r-nuovo-rivelatore-radar-esterno\/#breadcrumb\"},\"inLanguage\":\"it-IT\",\"potentialAction\":[{\"@type\":\"ReadAction\",\"target\":[\"https:\/\/radarservice.eu\/it\/prodotto\/beltronics-966-r-nuovo-rivelatore-radar-esterno\/\"]}]},{\"@type\":\"ImageObject\",\"inLanguage\":\"it-IT\",\"@id\":\"https:\/\/radarservice.eu\/it\/prodotto\/beltronics-966-r-nuovo-rivelatore-radar-esterno\/#primaryimage\",\"url\":\"https:\/\/radarservice.eu\/wp-content\/uploads\/2020\/09\/beltronics_target_966_2_1.jpg\",\"contentUrl\":\"https:\/\/radarservice.eu\/wp-content\/uploads\/2020\/09\/beltronics_target_966_2_1.jpg\",\"width\":340,\"height\":340,\"caption\":\"Beltronics Target 966 R\"},{\"@type\":\"BreadcrumbList\",\"@id\":\"https:\/\/radarservice.eu\/it\/prodotto\/beltronics-966-r-nuovo-rivelatore-radar-esterno\/#breadcrumb\",\"itemListElement\":[{\"@type\":\"ListItem\",\"position\":1,\"name\":\"Negozio\",\"item\":\"https:\/\/radarservice.eu\/it\/negozio\/\"},{\"@type\":\"ListItem\",\"position\":2,\"name\":\"Beltronics 966-R NUOVO rivelatore radar esterno\"}]},{\"@type\":\"WebSite\",\"@id\":\"https:\/\/radarservice.eu\/it\/#website\",\"url\":\"https:\/\/radarservice.eu\/it\/\",\"name\":\"Radar Service\",\"description\":\"Radar detector Laser jammer mobile fix\",\"publisher\":{\"@id\":\"https:\/\/radarservice.eu\/it\/#organization\"},\"potentialAction\":[{\"@type\":\"SearchAction\",\"target\":{\"@type\":\"EntryPoint\",\"urlTemplate\":\"https:\/\/radarservice.eu\/it\/?s={search_term_string}\"},\"query-input\":{\"@type\":\"PropertyValueSpecification\",\"valueRequired\":true,\"valueName\":\"search_term_string\"}}],\"inLanguage\":\"it-IT\"},{\"@type\":\"Organization\",\"@id\":\"https:\/\/radarservice.eu\/it\/#organization\",\"name\":\"RadarService\",\"url\":\"https:\/\/radarservice.eu\/it\/\",\"logo\":{\"@type\":\"ImageObject\",\"inLanguage\":\"it-IT\",\"@id\":\"https:\/\/radarservice.eu\/it\/#\/schema\/logo\/image\/\",\"url\":\"https:\/\/radarservice.eu\/wp-content\/uploads\/2021\/03\/Radar_detector_service.png\",\"contentUrl\":\"https:\/\/radarservice.eu\/wp-content\/uploads\/2021\/03\/Radar_detector_service.png\",\"width\":174,\"height\":48,\"caption\":\"RadarService\"},\"image\":{\"@id\":\"https:\/\/radarservice.eu\/it\/#\/schema\/logo\/image\/\"}}]}<\/script>\n<!-- \/ Yoast SEO plugin. -->","yoast_head_json":{"title":"Radar Service","description":"Il rivelatore radar Bel 966-R \u00e8 impermeabile e pu\u00f2 essere installato nascosto nel vano motore.","robots":{"index":"index","follow":"follow","max-snippet":"max-snippet:-1","max-image-preview":"max-image-preview:large","max-video-preview":"max-video-preview:-1"},"canonical":"https:\/\/radarservice.eu\/it\/prodotto\/beltronics-966-r-nuovo-rivelatore-radar-esterno\/","og_locale":"it_IT","og_type":"article","og_description":"Il rivelatore radar Bel 966-R \u00e8 impermeabile e pu\u00f2 essere installato nascosto nel vano motore.","og_url":"https:\/\/radarservice.eu\/it\/prodotto\/beltronics-966-r-nuovo-rivelatore-radar-esterno\/","og_site_name":"Radar Service","og_image":[{"width":340,"height":340,"url":"https:\/\/radarservice.eu\/wp-content\/uploads\/2020\/09\/beltronics_target_966_2_1.jpg","type":"image\/jpeg"}],"twitter_card":"summary_large_image","twitter_misc":{"Tempo di lettura stimato":"1 minuto"},"schema":{"@context":"https:\/\/schema.org","@graph":[{"@type":"WebPage","@id":"https:\/\/radarservice.eu\/it\/prodotto\/beltronics-966-r-nuovo-rivelatore-radar-esterno\/","url":"https:\/\/radarservice.eu\/it\/prodotto\/beltronics-966-r-nuovo-rivelatore-radar-esterno\/","name":"","isPartOf":{"@id":"https:\/\/radarservice.eu\/it\/#website"},"primaryImageOfPage":{"@id":"https:\/\/radarservice.eu\/it\/prodotto\/beltronics-966-r-nuovo-rivelatore-radar-esterno\/#primaryimage"},"image":{"@id":"https:\/\/radarservice.eu\/it\/prodotto\/beltronics-966-r-nuovo-rivelatore-radar-esterno\/#primaryimage"},"thumbnailUrl":"https:\/\/radarservice.eu\/wp-content\/uploads\/2020\/09\/beltronics_target_966_2_1.jpg","datePublished":"2020-09-13T12:47:05+00:00","description":"Il rivelatore radar Bel 966-R \u00e8 impermeabile e pu\u00f2 essere installato nascosto nel vano motore.","breadcrumb":{"@id":"https:\/\/radarservice.eu\/it\/prodotto\/beltronics-966-r-nuovo-rivelatore-radar-esterno\/#breadcrumb"},"inLanguage":"it-IT","potentialAction":[{"@type":"ReadAction","target":["https:\/\/radarservice.eu\/it\/prodotto\/beltronics-966-r-nuovo-rivelatore-radar-esterno\/"]}]},{"@type":"ImageObject","inLanguage":"it-IT","@id":"https:\/\/radarservice.eu\/it\/prodotto\/beltronics-966-r-nuovo-rivelatore-radar-esterno\/#primaryimage","url":"https:\/\/radarservice.eu\/wp-content\/uploads\/2020\/09\/beltronics_target_966_2_1.jpg","contentUrl":"https:\/\/radarservice.eu\/wp-content\/uploads\/2020\/09\/beltronics_target_966_2_1.jpg","width":340,"height":340,"caption":"Beltronics Target 966 R"},{"@type":"BreadcrumbList","@id":"https:\/\/radarservice.eu\/it\/prodotto\/beltronics-966-r-nuovo-rivelatore-radar-esterno\/#breadcrumb","itemListElement":[{"@type":"ListItem","position":1,"name":"Negozio","item":"https:\/\/radarservice.eu\/it\/negozio\/"},{"@type":"ListItem","position":2,"name":"Beltronics 966-R NUOVO rivelatore radar esterno"}]},{"@type":"WebSite","@id":"https:\/\/radarservice.eu\/it\/#website","url":"https:\/\/radarservice.eu\/it\/","name":"Radar Service","description":"Radar detector Laser jammer mobile fix","publisher":{"@id":"https:\/\/radarservice.eu\/it\/#organization"},"potentialAction":[{"@type":"SearchAction","target":{"@type":"EntryPoint","urlTemplate":"https:\/\/radarservice.eu\/it\/?s={search_term_string}"},"query-input":{"@type":"PropertyValueSpecification","valueRequired":true,"valueName":"search_term_string"}}],"inLanguage":"it-IT"},{"@type":"Organization","@id":"https:\/\/radarservice.eu\/it\/#organization","name":"RadarService","url":"https:\/\/radarservice.eu\/it\/","logo":{"@type":"ImageObject","inLanguage":"it-IT","@id":"https:\/\/radarservice.eu\/it\/#\/schema\/logo\/image\/","url":"https:\/\/radarservice.eu\/wp-content\/uploads\/2021\/03\/Radar_detector_service.png","contentUrl":"https:\/\/radarservice.eu\/wp-content\/uploads\/2021\/03\/Radar_detector_service.png","width":174,"height":48,"caption":"RadarService"},"image":{"@id":"https:\/\/radarservice.eu\/it\/#\/schema\/logo\/image\/"}}]}},"_links":{"self":[{"href":"https:\/\/radarservice.eu\/it\/wp-json\/wp\/v2\/product\/14771","targetHints":{"allow":["GET"]}}],"collection":[{"href":"https:\/\/radarservice.eu\/it\/wp-json\/wp\/v2\/product"}],"about":[{"href":"https:\/\/radarservice.eu\/it\/wp-json\/wp\/v2\/types\/product"}],"replies":[{"embeddable":true,"href":"https:\/\/radarservice.eu\/it\/wp-json\/wp\/v2\/comments?post=14771"}],"wp:featuredmedia":[{"embeddable":true,"href":"https:\/\/radarservice.eu\/it\/wp-json\/wp\/v2\/media\/14772"}],"wp:attachment":[{"href":"https:\/\/radarservice.eu\/it\/wp-json\/wp\/v2\/media?parent=14771"}],"wp:term":[{"taxonomy":"product_brand","embeddable":true,"href":"https:\/\/radarservice.eu\/it\/wp-json\/wp\/v2\/product_brand?post=14771"},{"taxonomy":"product_cat","embeddable":true,"href":"https:\/\/radarservice.eu\/it\/wp-json\/wp\/v2\/product_cat?post=14771"},{"taxonomy":"product_tag","embeddable":true,"href":"https:\/\/radarservice.eu\/it\/wp-json\/wp\/v2\/product_tag?post=14771"}],"curies":[{"name":"wp","href":"https:\/\/api.w.org\/{rel}","templated":true}]}}