{"id":14744,"date":"2020-09-13T14:47:06","date_gmt":"2020-09-13T12:47:06","guid":{"rendered":"https:\/\/radarservice.eu\/produkt\/pacchetto-completo-per-linstallazione-di-rivelatori-radar-di-fascia-alta-genevo-assist-lasertrack-flare-eso-guard-pro\/"},"modified":"2026-04-22T20:11:41","modified_gmt":"2026-04-22T18:11:41","slug":"pacchetto-completo-per-linstallazione-di-rivelatori-radar-di-fascia-alta-genevo-assist-lasertrack-flare-eso-guard-pro","status":"publish","type":"product","link":"https:\/\/radarservice.eu\/it\/prodotto\/pacchetto-completo-per-linstallazione-di-rivelatori-radar-di-fascia-alta-genevo-assist-lasertrack-flare-eso-guard-pro\/","title":{"rendered":"Pacchetto completo per l&#8217;installazione di rivelatori radar di fascia alta (Genevo Assist | Lasertrack Flare | ESO Guard Pro)"},"content":{"rendered":"<p>Il pacchetto di rivelatori radar \u00e8 stato progettato per l&#8217;installazione esterna ed \u00e8 composto dai migliori dispositivi in assoluto e dai vincitori dei test. Il pacchetto ti protegge al 100% dai controlli radar e dalle misurazioni laser.<\/p>\n<p>.<\/p>\n<p>In vari test su riviste specializzate e in televisione, il pacchetto \u00e8 riuscito a convincere.<\/p>\n<p>Come un rivelatore radar viene un Genevo Assist Pro HDM per proteggere contro tutte le misurazioni radar mobile velocit\u00e0-dipendente avviso.<br \/>\nIl Genevo Assist Pro HDM raggiunge i migliori risultati di pre-allarme e rileva anche le nuove trappole di velocit\u00e0 MutaRadar (MRCD \/ MRCT \/ Moving) e Gasto (RT3 \/ RT4).<br \/>\nUn Lasertrack Flare con l&#8217;ultimo software \u00e8 usato per proteggere dalle misurazioni laser. Il Lasertrack Flare \u00e8 installato in un porta targa poco appariscente e pu\u00f2 quindi essere installato in modo invisibile.<br \/>\nIl jammer a barriera luminosa ESO Guard per la difesa dei sistemi di misurazione ESO 1.0 e ESO 3.0 completa il pacchetto complessivo e fornisce una perfetta protezione generale.<\/p>\n<p>.<\/p>\n<p>Se avete domande sulla consulenza o la configurazione, non esitate a contattarci <a title=\"Inquiry form\" href=\"https:\/\/radarservice.eu\/contact\/\" target=\"_blank\" rel=\"noopener noreferrer\">per iscritto<\/a> o per telefono (+49 (0)40 \/ 228 590 32).<\/p>\n<p><strong>Panoramica:<\/strong><br \/>\n+ miglior rivelatore radar fisso per l&#8217;Europa<br \/>\n+ il pi\u00f9 piccolo, invisibile laser blinder<br \/>\n+ design modulare<br \/>\n+ banda X<br \/>\n+ banda K<br \/>\n+ banda KA<br \/>\n+ MultaRadar (MRCD \/ MRCT \/ Moving)<br \/>\n+ Gatso (RT3 \/ RT4)<br \/>\n+ Avviso di misure radar<br \/>\n+ Avviso di misure laser<br \/>\n+ Avviso di radar stazionario<br \/>\n+ Avviso di monitoraggio a luci rosse<br \/>\n+ Attenzione per le misure di controllo della sezione<br \/>\n+ Pu\u00f2 essere usato come un assistente di parcheggio basato sul laser<br \/>\n+ avviso laser o interferenza laser attiva contro tutte le misure laser<br \/>\n+ funzionamento legale come un puro assistente di parcheggio attivabile<br \/>\n+ interferenze ESO 3.0 barriere di luce<br \/>\n+ tecnicamente non localizzabile<br \/>\n+ segnali di allarme in tedesco<br \/>\n+ adatto all&#8217;uso in Europa<br \/>\n+ Configurazione su PC o laptop con software di configurazione in lingua tedesca<br \/>\n+ database EUROPA per gli autovelox fissi gi\u00e0 pre-installato<\/p>\n<p><strong>Scopo della fornitura:<\/strong><br \/>\n* Antenna radar Genevo Assist Pro HDM+<br \/>\n* Blocco laser Lasertrack Flare<br \/>\n* ESO Guard light barrier jammer<br \/>\n* Modulo di controllo per ricevitori radar e laser<br \/>\n* Ricevitore GPS (con chipset SIRFIII ad alta potenza di ricezione)<br \/>\n* Altoparlante<br \/>\n* Set di cavi, interruttori con LED<br \/>\n* Kit di montaggio per fissare tutti i componenti<\/p>\n<p>.<\/p>\n<p><strong>Nota:<\/strong> Il pacchetto high-end deve essere installato professionalmente in un&#8217;officina. Nella ricerca di un&#8217;officina adatta, siamo felici di aiutarvi, contattateci <a title=\"Inquiry form\" href=\"https:\/\/radarservice.eu\/contact\/\" target=\"_blank\" rel=\"noopener noreferrer\">per iscritto<\/a> o per telefono (+49 (0)40 \/ 228 590 32).<\/p>\n","protected":false},"excerpt":{"rendered":"<p>Il pacchetto completo del rilevatore di radar \u00e8 installato in modo invisibile nel vano motore. Tutti i dispositivi sono vincitori di test e ognuno conduce nel rilevamento o nell&#8217;interferenza delle trappole di velocit\u00e0. Il pacchetto ti protegge al 100% dagli autovelox e dalle misurazioni laser e non pu\u00f2 essere rilevato dalla polizia.<\/p>\n","protected":false},"featured_media":14749,"comment_status":"open","ping_status":"closed","template":"","meta":[],"product_brand":[],"product_cat":[697,680],"product_tag":[690,684,687,688,691,686,692,693,685,709,689],"class_list":{"0":"post-14744","1":"product","2":"type-product","3":"status-publish","4":"has-post-thumbnail","6":"product_cat-pacchetti-completi-raccomandati","7":"product_cat-rilevatori-radar-fissi","8":"product_tag-amburgo","9":"product_tag-europa-it","10":"product_tag-genevo-it","11":"product_tag-genevo-assist-it","12":"product_tag-genevo-assist-hdm-it","13":"product_tag-genevo-ff-it","14":"product_tag-genevo-pro-it","15":"product_tag-genevo-pro-hdm-it","16":"product_tag-installazione-fissa","17":"product_tag-rivelatore-radar-fisso","18":"product_tag-servizio-di-installazione","20":"first","21":"instock","22":"sale","23":"taxable","24":"shipping-taxable","25":"purchasable","26":"product-type-simple"},"yoast_head":"<!-- This site is optimized with the Yoast SEO plugin v27.2 - https:\/\/yoast.com\/product\/yoast-seo-wordpress\/ -->\n<title>Pacchetto di installazione del rivelatore radar Genevo Assist | Lasertrack Flare | ESO Guard<\/title>\n<meta name=\"description\" content=\"Pacchetto di installazione di rivelatori radar di alta gamma - protezione al 100% contro gli autovelox e le misurazioni laser in Europa.\" \/>\n<meta name=\"robots\" content=\"index, follow, max-snippet:-1, max-image-preview:large, max-video-preview:-1\" \/>\n<link rel=\"canonical\" href=\"https:\/\/radarservice.eu\/it\/prodotto\/pacchetto-completo-per-linstallazione-di-rivelatori-radar-di-fascia-alta-genevo-assist-lasertrack-flare-eso-guard-pro\/\" \/>\n<meta property=\"og:locale\" content=\"it_IT\" \/>\n<meta property=\"og:type\" content=\"article\" \/>\n<meta property=\"og:title\" content=\"Pacchetto di installazione del rivelatore radar Genevo Assist | Lasertrack Flare | ESO Guard\" \/>\n<meta property=\"og:description\" content=\"Pacchetto di installazione di rivelatori radar di alta gamma - protezione al 100% contro gli autovelox e le misurazioni laser in Europa.\" \/>\n<meta property=\"og:url\" content=\"https:\/\/radarservice.eu\/it\/prodotto\/pacchetto-completo-per-linstallazione-di-rivelatori-radar-di-fascia-alta-genevo-assist-lasertrack-flare-eso-guard-pro\/\" \/>\n<meta property=\"og:site_name\" content=\"Radar Service\" \/>\n<meta property=\"article:modified_time\" content=\"2026-04-22T18:11:41+00:00\" \/>\n<meta property=\"og:image\" content=\"https:\/\/radarservice.eu\/wp-content\/uploads\/2019\/07\/RD8000_Audi_A6.jpg\" \/>\n\t<meta property=\"og:image:width\" content=\"800\" \/>\n\t<meta property=\"og:image:height\" content=\"600\" \/>\n\t<meta property=\"og:image:type\" content=\"image\/jpeg\" \/>\n<meta name=\"twitter:card\" content=\"summary_large_image\" \/>\n<meta name=\"twitter:label1\" content=\"Tempo di lettura stimato\" \/>\n\t<meta name=\"twitter:data1\" content=\"2 minuti\" \/>\n<script type=\"application\/ld+json\" class=\"yoast-schema-graph\">{\"@context\":\"https:\/\/schema.org\",\"@graph\":[{\"@type\":\"WebPage\",\"@id\":\"https:\/\/radarservice.eu\/it\/prodotto\/pacchetto-completo-per-linstallazione-di-rivelatori-radar-di-fascia-alta-genevo-assist-lasertrack-flare-eso-guard-pro\/\",\"url\":\"https:\/\/radarservice.eu\/it\/prodotto\/pacchetto-completo-per-linstallazione-di-rivelatori-radar-di-fascia-alta-genevo-assist-lasertrack-flare-eso-guard-pro\/\",\"name\":\"Pacchetto di installazione del rivelatore radar Genevo Assist | Lasertrack Flare | ESO Guard\",\"isPartOf\":{\"@id\":\"https:\/\/radarservice.eu\/it\/#website\"},\"primaryImageOfPage\":{\"@id\":\"https:\/\/radarservice.eu\/it\/prodotto\/pacchetto-completo-per-linstallazione-di-rivelatori-radar-di-fascia-alta-genevo-assist-lasertrack-flare-eso-guard-pro\/#primaryimage\"},\"image\":{\"@id\":\"https:\/\/radarservice.eu\/it\/prodotto\/pacchetto-completo-per-linstallazione-di-rivelatori-radar-di-fascia-alta-genevo-assist-lasertrack-flare-eso-guard-pro\/#primaryimage\"},\"thumbnailUrl\":\"https:\/\/radarservice.eu\/wp-content\/uploads\/2019\/07\/RD8000_Audi_A6.jpg\",\"datePublished\":\"2020-09-13T12:47:06+00:00\",\"dateModified\":\"2026-04-22T18:11:41+00:00\",\"description\":\"Pacchetto di installazione di rivelatori radar di alta gamma - protezione al 100% contro gli autovelox e le misurazioni laser in Europa.\",\"breadcrumb\":{\"@id\":\"https:\/\/radarservice.eu\/it\/prodotto\/pacchetto-completo-per-linstallazione-di-rivelatori-radar-di-fascia-alta-genevo-assist-lasertrack-flare-eso-guard-pro\/#breadcrumb\"},\"inLanguage\":\"it-IT\",\"potentialAction\":[{\"@type\":\"ReadAction\",\"target\":[\"https:\/\/radarservice.eu\/it\/prodotto\/pacchetto-completo-per-linstallazione-di-rivelatori-radar-di-fascia-alta-genevo-assist-lasertrack-flare-eso-guard-pro\/\"]}]},{\"@type\":\"ImageObject\",\"inLanguage\":\"it-IT\",\"@id\":\"https:\/\/radarservice.eu\/it\/prodotto\/pacchetto-completo-per-linstallazione-di-rivelatori-radar-di-fascia-alta-genevo-assist-lasertrack-flare-eso-guard-pro\/#primaryimage\",\"url\":\"https:\/\/radarservice.eu\/wp-content\/uploads\/2019\/07\/RD8000_Audi_A6.jpg\",\"contentUrl\":\"https:\/\/radarservice.eu\/wp-content\/uploads\/2019\/07\/RD8000_Audi_A6.jpg\",\"width\":800,\"height\":600,\"caption\":\"Rilevatore radar di fascia alta\"},{\"@type\":\"BreadcrumbList\",\"@id\":\"https:\/\/radarservice.eu\/it\/prodotto\/pacchetto-completo-per-linstallazione-di-rivelatori-radar-di-fascia-alta-genevo-assist-lasertrack-flare-eso-guard-pro\/#breadcrumb\",\"itemListElement\":[{\"@type\":\"ListItem\",\"position\":1,\"name\":\"Negozio\",\"item\":\"https:\/\/radarservice.eu\/it\/negozio\/\"},{\"@type\":\"ListItem\",\"position\":2,\"name\":\"Pacchetto completo per l&#8217;installazione di rivelatori radar di fascia alta (Genevo Assist | Lasertrack Flare | ESO Guard Pro)\"}]},{\"@type\":\"WebSite\",\"@id\":\"https:\/\/radarservice.eu\/it\/#website\",\"url\":\"https:\/\/radarservice.eu\/it\/\",\"name\":\"Radar Service\",\"description\":\"Radar detector Laser jammer mobile fix\",\"publisher\":{\"@id\":\"https:\/\/radarservice.eu\/it\/#organization\"},\"potentialAction\":[{\"@type\":\"SearchAction\",\"target\":{\"@type\":\"EntryPoint\",\"urlTemplate\":\"https:\/\/radarservice.eu\/it\/?s={search_term_string}\"},\"query-input\":{\"@type\":\"PropertyValueSpecification\",\"valueRequired\":true,\"valueName\":\"search_term_string\"}}],\"inLanguage\":\"it-IT\"},{\"@type\":\"Organization\",\"@id\":\"https:\/\/radarservice.eu\/it\/#organization\",\"name\":\"RadarService\",\"url\":\"https:\/\/radarservice.eu\/it\/\",\"logo\":{\"@type\":\"ImageObject\",\"inLanguage\":\"it-IT\",\"@id\":\"https:\/\/radarservice.eu\/it\/#\/schema\/logo\/image\/\",\"url\":\"https:\/\/radarservice.eu\/wp-content\/uploads\/2021\/03\/Radar_detector_service.png\",\"contentUrl\":\"https:\/\/radarservice.eu\/wp-content\/uploads\/2021\/03\/Radar_detector_service.png\",\"width\":174,\"height\":48,\"caption\":\"RadarService\"},\"image\":{\"@id\":\"https:\/\/radarservice.eu\/it\/#\/schema\/logo\/image\/\"}}]}<\/script>\n<!-- \/ Yoast SEO plugin. -->","yoast_head_json":{"title":"Pacchetto di installazione del rivelatore radar Genevo Assist | Lasertrack Flare | ESO Guard","description":"Pacchetto di installazione di rivelatori radar di alta gamma - protezione al 100% contro gli autovelox e le misurazioni laser in Europa.","robots":{"index":"index","follow":"follow","max-snippet":"max-snippet:-1","max-image-preview":"max-image-preview:large","max-video-preview":"max-video-preview:-1"},"canonical":"https:\/\/radarservice.eu\/it\/prodotto\/pacchetto-completo-per-linstallazione-di-rivelatori-radar-di-fascia-alta-genevo-assist-lasertrack-flare-eso-guard-pro\/","og_locale":"it_IT","og_type":"article","og_title":"Pacchetto di installazione del rivelatore radar Genevo Assist | Lasertrack Flare | ESO Guard","og_description":"Pacchetto di installazione di rivelatori radar di alta gamma - protezione al 100% contro gli autovelox e le misurazioni laser in Europa.","og_url":"https:\/\/radarservice.eu\/it\/prodotto\/pacchetto-completo-per-linstallazione-di-rivelatori-radar-di-fascia-alta-genevo-assist-lasertrack-flare-eso-guard-pro\/","og_site_name":"Radar Service","article_modified_time":"2026-04-22T18:11:41+00:00","og_image":[{"width":800,"height":600,"url":"https:\/\/radarservice.eu\/wp-content\/uploads\/2019\/07\/RD8000_Audi_A6.jpg","type":"image\/jpeg"}],"twitter_card":"summary_large_image","twitter_misc":{"Tempo di lettura stimato":"2 minuti"},"schema":{"@context":"https:\/\/schema.org","@graph":[{"@type":"WebPage","@id":"https:\/\/radarservice.eu\/it\/prodotto\/pacchetto-completo-per-linstallazione-di-rivelatori-radar-di-fascia-alta-genevo-assist-lasertrack-flare-eso-guard-pro\/","url":"https:\/\/radarservice.eu\/it\/prodotto\/pacchetto-completo-per-linstallazione-di-rivelatori-radar-di-fascia-alta-genevo-assist-lasertrack-flare-eso-guard-pro\/","name":"Pacchetto di installazione del rivelatore radar Genevo Assist | Lasertrack Flare | ESO Guard","isPartOf":{"@id":"https:\/\/radarservice.eu\/it\/#website"},"primaryImageOfPage":{"@id":"https:\/\/radarservice.eu\/it\/prodotto\/pacchetto-completo-per-linstallazione-di-rivelatori-radar-di-fascia-alta-genevo-assist-lasertrack-flare-eso-guard-pro\/#primaryimage"},"image":{"@id":"https:\/\/radarservice.eu\/it\/prodotto\/pacchetto-completo-per-linstallazione-di-rivelatori-radar-di-fascia-alta-genevo-assist-lasertrack-flare-eso-guard-pro\/#primaryimage"},"thumbnailUrl":"https:\/\/radarservice.eu\/wp-content\/uploads\/2019\/07\/RD8000_Audi_A6.jpg","datePublished":"2020-09-13T12:47:06+00:00","dateModified":"2026-04-22T18:11:41+00:00","description":"Pacchetto di installazione di rivelatori radar di alta gamma - protezione al 100% contro gli autovelox e le misurazioni laser in Europa.","breadcrumb":{"@id":"https:\/\/radarservice.eu\/it\/prodotto\/pacchetto-completo-per-linstallazione-di-rivelatori-radar-di-fascia-alta-genevo-assist-lasertrack-flare-eso-guard-pro\/#breadcrumb"},"inLanguage":"it-IT","potentialAction":[{"@type":"ReadAction","target":["https:\/\/radarservice.eu\/it\/prodotto\/pacchetto-completo-per-linstallazione-di-rivelatori-radar-di-fascia-alta-genevo-assist-lasertrack-flare-eso-guard-pro\/"]}]},{"@type":"ImageObject","inLanguage":"it-IT","@id":"https:\/\/radarservice.eu\/it\/prodotto\/pacchetto-completo-per-linstallazione-di-rivelatori-radar-di-fascia-alta-genevo-assist-lasertrack-flare-eso-guard-pro\/#primaryimage","url":"https:\/\/radarservice.eu\/wp-content\/uploads\/2019\/07\/RD8000_Audi_A6.jpg","contentUrl":"https:\/\/radarservice.eu\/wp-content\/uploads\/2019\/07\/RD8000_Audi_A6.jpg","width":800,"height":600,"caption":"Rilevatore radar di fascia alta"},{"@type":"BreadcrumbList","@id":"https:\/\/radarservice.eu\/it\/prodotto\/pacchetto-completo-per-linstallazione-di-rivelatori-radar-di-fascia-alta-genevo-assist-lasertrack-flare-eso-guard-pro\/#breadcrumb","itemListElement":[{"@type":"ListItem","position":1,"name":"Negozio","item":"https:\/\/radarservice.eu\/it\/negozio\/"},{"@type":"ListItem","position":2,"name":"Pacchetto completo per l&#8217;installazione di rivelatori radar di fascia alta (Genevo Assist | Lasertrack Flare | ESO Guard Pro)"}]},{"@type":"WebSite","@id":"https:\/\/radarservice.eu\/it\/#website","url":"https:\/\/radarservice.eu\/it\/","name":"Radar Service","description":"Radar detector Laser jammer mobile fix","publisher":{"@id":"https:\/\/radarservice.eu\/it\/#organization"},"potentialAction":[{"@type":"SearchAction","target":{"@type":"EntryPoint","urlTemplate":"https:\/\/radarservice.eu\/it\/?s={search_term_string}"},"query-input":{"@type":"PropertyValueSpecification","valueRequired":true,"valueName":"search_term_string"}}],"inLanguage":"it-IT"},{"@type":"Organization","@id":"https:\/\/radarservice.eu\/it\/#organization","name":"RadarService","url":"https:\/\/radarservice.eu\/it\/","logo":{"@type":"ImageObject","inLanguage":"it-IT","@id":"https:\/\/radarservice.eu\/it\/#\/schema\/logo\/image\/","url":"https:\/\/radarservice.eu\/wp-content\/uploads\/2021\/03\/Radar_detector_service.png","contentUrl":"https:\/\/radarservice.eu\/wp-content\/uploads\/2021\/03\/Radar_detector_service.png","width":174,"height":48,"caption":"RadarService"},"image":{"@id":"https:\/\/radarservice.eu\/it\/#\/schema\/logo\/image\/"}}]}},"_links":{"self":[{"href":"https:\/\/radarservice.eu\/it\/wp-json\/wp\/v2\/product\/14744","targetHints":{"allow":["GET"]}}],"collection":[{"href":"https:\/\/radarservice.eu\/it\/wp-json\/wp\/v2\/product"}],"about":[{"href":"https:\/\/radarservice.eu\/it\/wp-json\/wp\/v2\/types\/product"}],"replies":[{"embeddable":true,"href":"https:\/\/radarservice.eu\/it\/wp-json\/wp\/v2\/comments?post=14744"}],"wp:featuredmedia":[{"embeddable":true,"href":"https:\/\/radarservice.eu\/it\/wp-json\/wp\/v2\/media\/14749"}],"wp:attachment":[{"href":"https:\/\/radarservice.eu\/it\/wp-json\/wp\/v2\/media?parent=14744"}],"wp:term":[{"taxonomy":"product_brand","embeddable":true,"href":"https:\/\/radarservice.eu\/it\/wp-json\/wp\/v2\/product_brand?post=14744"},{"taxonomy":"product_cat","embeddable":true,"href":"https:\/\/radarservice.eu\/it\/wp-json\/wp\/v2\/product_cat?post=14744"},{"taxonomy":"product_tag","embeddable":true,"href":"https:\/\/radarservice.eu\/it\/wp-json\/wp\/v2\/product_tag?post=14744"}],"curies":[{"name":"wp","href":"https:\/\/api.w.org\/{rel}","templated":true}]}}