{"id":14725,"date":"2020-11-24T01:00:06","date_gmt":"2020-11-24T00:00:06","guid":{"rendered":"https:\/\/radarservice.eu\/produkt\/genevo-gps-hdm-antenna-radar-genevo-ff2-laser-jammer\/"},"modified":"2020-11-24T01:00:06","modified_gmt":"2020-11-24T00:00:06","slug":"genevo-gps-hdm-antenna-radar-genevo-ff2-laser-jammer","status":"publish","type":"product","link":"https:\/\/radarservice.eu\/it\/prodotto\/genevo-gps-hdm-antenna-radar-genevo-ff2-laser-jammer\/","title":{"rendered":"GENEVO GPS+&#038; HDM+ ANTENNA RADAR &#038; GENEVO FF2 LASER JAMMER"},"content":{"rendered":"<h1>GENEVO GPS+ e HDM+ RADAR WARNER e GENEVO FF2 DISTURBATORI LASER<\/h1>\n<h2>Rilevatore radar Genevo GPS+ e HDM+<\/h2>\n<p>Il rivelatore radar senza fili Genevo HDM+ \u00e8 un piccolo e potente rivelatore radar fisso progettato per l&#8217;installazione nascosta nella parte anteriore del veicolo. Gli avvisi acustici e visivi sono forniti dal Genevo GPS+ POI Warner con indicazioni vocali in tedesco. Il Genevo GPS+ pu\u00f2 essere attaccato al parabrezza con delle ventose o posizionato comodamente nella console centrale. Il piccolo e potente sistema ti avverte in modo affidabile delle trappole di velocit\u00e0 (compreso il nuovo MultaRadar MRCD \/ MRCT \/ Moving e Gatso RT3 \/ RT4) in Europa.<\/p>\n<h2>Disturbatore laser Genevo FF2<\/h2>\n<p>Il sistema laser Genevo FF2 pu\u00f2 essere usato sia come un sensore di parcheggio legale o come un jammer laser contro le misurazioni di velocit\u00e0 con pistole laser.<br \/>.<br \/>\nIl design molto piccolo dei sensori permette un montaggio poco appariscente nella parte anteriore del veicolo. La funzione laser jammer pu\u00f2 essere disattivata in qualsiasi momento con la semplice pressione di un pulsante. Cos\u00ec, \u00e8 possibile un&#8217;operazione legale come puro aiuto al parcheggio.<\/p>\n","protected":false},"excerpt":{"rendered":"<p>GENEVO GPS+ e HDM+ RADAR WARNER e GENEVO FF2 DISTURBATORI LASER Rilevatore radar Genevo GPS+ e HDM+ Il rivelatore radar senza fili Genevo HDM+ \u00e8 un piccolo e potente rivelatore radar fisso progettato per l&#8217;installazione nascosta nella parte anteriore del veicolo. Gli avvisi acustici e visivi sono forniti dal Genevo GPS+ POI Warner con indicazioni [&#8230;]\n","protected":false},"featured_media":14729,"comment_status":"open","ping_status":"closed","template":"","meta":[],"product_brand":[],"product_cat":[681,697],"product_tag":[],"class_list":{"0":"post-14725","1":"product","2":"type-product","3":"status-publish","4":"has-post-thumbnail","6":"product_cat-genevo-italy","7":"product_cat-pacchetti-completi-raccomandati","9":"first","10":"instock","11":"sale","12":"taxable","13":"shipping-taxable","14":"purchasable","15":"product-type-simple"},"yoast_head":"<!-- This site is optimized with the Yoast SEO plugin v27.2 - https:\/\/yoast.com\/product\/yoast-seo-wordpress\/ -->\n<title>Radar Service<\/title>\n<meta name=\"description\" content=\"Affidabile pacchetto entry-level con rilevatore radar Genevo GPS+ HDM+ senza fili e jammer laser Genevo FF2 per installazione fissa nel veicolo.\" \/>\n<meta name=\"robots\" content=\"index, follow, max-snippet:-1, max-image-preview:large, max-video-preview:-1\" \/>\n<link rel=\"canonical\" href=\"https:\/\/radarservice.eu\/it\/prodotto\/genevo-gps-hdm-antenna-radar-genevo-ff2-laser-jammer\/\" \/>\n<meta property=\"og:locale\" content=\"it_IT\" \/>\n<meta property=\"og:type\" content=\"article\" \/>\n<meta property=\"og:description\" content=\"Affidabile pacchetto entry-level con rilevatore radar Genevo GPS+ HDM+ senza fili e jammer laser Genevo FF2 per installazione fissa nel veicolo.\" \/>\n<meta property=\"og:url\" content=\"https:\/\/radarservice.eu\/it\/prodotto\/genevo-gps-hdm-antenna-radar-genevo-ff2-laser-jammer\/\" \/>\n<meta property=\"og:site_name\" content=\"Radar Service\" \/>\n<meta property=\"og:image\" content=\"https:\/\/radarservice.eu\/wp-content\/uploads\/2020\/09\/genevo_gps_hdm_radar.jpg\" \/>\n\t<meta property=\"og:image:width\" content=\"990\" \/>\n\t<meta property=\"og:image:height\" content=\"720\" \/>\n\t<meta property=\"og:image:type\" content=\"image\/jpeg\" \/>\n<meta name=\"twitter:card\" content=\"summary_large_image\" \/>\n<meta name=\"twitter:label1\" content=\"Tempo di lettura stimato\" \/>\n\t<meta name=\"twitter:data1\" content=\"1 minuto\" \/>\n<script type=\"application\/ld+json\" class=\"yoast-schema-graph\">{\"@context\":\"https:\/\/schema.org\",\"@graph\":[{\"@type\":\"WebPage\",\"@id\":\"https:\/\/radarservice.eu\/it\/prodotto\/genevo-gps-hdm-antenna-radar-genevo-ff2-laser-jammer\/\",\"url\":\"https:\/\/radarservice.eu\/it\/prodotto\/genevo-gps-hdm-antenna-radar-genevo-ff2-laser-jammer\/\",\"name\":\"\",\"isPartOf\":{\"@id\":\"https:\/\/radarservice.eu\/it\/#website\"},\"primaryImageOfPage\":{\"@id\":\"https:\/\/radarservice.eu\/it\/prodotto\/genevo-gps-hdm-antenna-radar-genevo-ff2-laser-jammer\/#primaryimage\"},\"image\":{\"@id\":\"https:\/\/radarservice.eu\/it\/prodotto\/genevo-gps-hdm-antenna-radar-genevo-ff2-laser-jammer\/#primaryimage\"},\"thumbnailUrl\":\"https:\/\/radarservice.eu\/wp-content\/uploads\/2020\/09\/genevo_gps_hdm_radar.jpg\",\"datePublished\":\"2020-11-24T00:00:06+00:00\",\"description\":\"Affidabile pacchetto entry-level con rilevatore radar Genevo GPS+ HDM+ senza fili e jammer laser Genevo FF2 per installazione fissa nel veicolo.\",\"breadcrumb\":{\"@id\":\"https:\/\/radarservice.eu\/it\/prodotto\/genevo-gps-hdm-antenna-radar-genevo-ff2-laser-jammer\/#breadcrumb\"},\"inLanguage\":\"it-IT\",\"potentialAction\":[{\"@type\":\"ReadAction\",\"target\":[\"https:\/\/radarservice.eu\/it\/prodotto\/genevo-gps-hdm-antenna-radar-genevo-ff2-laser-jammer\/\"]}]},{\"@type\":\"ImageObject\",\"inLanguage\":\"it-IT\",\"@id\":\"https:\/\/radarservice.eu\/it\/prodotto\/genevo-gps-hdm-antenna-radar-genevo-ff2-laser-jammer\/#primaryimage\",\"url\":\"https:\/\/radarservice.eu\/wp-content\/uploads\/2020\/09\/genevo_gps_hdm_radar.jpg\",\"contentUrl\":\"https:\/\/radarservice.eu\/wp-content\/uploads\/2020\/09\/genevo_gps_hdm_radar.jpg\",\"width\":990,\"height\":720,\"caption\":\"Genevo HDM+ Pacchetto GPS\"},{\"@type\":\"BreadcrumbList\",\"@id\":\"https:\/\/radarservice.eu\/it\/prodotto\/genevo-gps-hdm-antenna-radar-genevo-ff2-laser-jammer\/#breadcrumb\",\"itemListElement\":[{\"@type\":\"ListItem\",\"position\":1,\"name\":\"Negozio\",\"item\":\"https:\/\/radarservice.eu\/it\/negozio\/\"},{\"@type\":\"ListItem\",\"position\":2,\"name\":\"GENEVO GPS+&#038; HDM+ ANTENNA RADAR &#038; GENEVO FF2 LASER JAMMER\"}]},{\"@type\":\"WebSite\",\"@id\":\"https:\/\/radarservice.eu\/it\/#website\",\"url\":\"https:\/\/radarservice.eu\/it\/\",\"name\":\"Radar Service\",\"description\":\"Radar detector Laser jammer mobile fix\",\"publisher\":{\"@id\":\"https:\/\/radarservice.eu\/it\/#organization\"},\"potentialAction\":[{\"@type\":\"SearchAction\",\"target\":{\"@type\":\"EntryPoint\",\"urlTemplate\":\"https:\/\/radarservice.eu\/it\/?s={search_term_string}\"},\"query-input\":{\"@type\":\"PropertyValueSpecification\",\"valueRequired\":true,\"valueName\":\"search_term_string\"}}],\"inLanguage\":\"it-IT\"},{\"@type\":\"Organization\",\"@id\":\"https:\/\/radarservice.eu\/it\/#organization\",\"name\":\"RadarService\",\"url\":\"https:\/\/radarservice.eu\/it\/\",\"logo\":{\"@type\":\"ImageObject\",\"inLanguage\":\"it-IT\",\"@id\":\"https:\/\/radarservice.eu\/it\/#\/schema\/logo\/image\/\",\"url\":\"https:\/\/radarservice.eu\/wp-content\/uploads\/2021\/03\/Radar_detector_service.png\",\"contentUrl\":\"https:\/\/radarservice.eu\/wp-content\/uploads\/2021\/03\/Radar_detector_service.png\",\"width\":174,\"height\":48,\"caption\":\"RadarService\"},\"image\":{\"@id\":\"https:\/\/radarservice.eu\/it\/#\/schema\/logo\/image\/\"}}]}<\/script>\n<!-- \/ Yoast SEO plugin. -->","yoast_head_json":{"title":"Radar Service","description":"Affidabile pacchetto entry-level con rilevatore radar Genevo GPS+ HDM+ senza fili e jammer laser Genevo FF2 per installazione fissa nel veicolo.","robots":{"index":"index","follow":"follow","max-snippet":"max-snippet:-1","max-image-preview":"max-image-preview:large","max-video-preview":"max-video-preview:-1"},"canonical":"https:\/\/radarservice.eu\/it\/prodotto\/genevo-gps-hdm-antenna-radar-genevo-ff2-laser-jammer\/","og_locale":"it_IT","og_type":"article","og_description":"Affidabile pacchetto entry-level con rilevatore radar Genevo GPS+ HDM+ senza fili e jammer laser Genevo FF2 per installazione fissa nel veicolo.","og_url":"https:\/\/radarservice.eu\/it\/prodotto\/genevo-gps-hdm-antenna-radar-genevo-ff2-laser-jammer\/","og_site_name":"Radar Service","og_image":[{"width":990,"height":720,"url":"https:\/\/radarservice.eu\/wp-content\/uploads\/2020\/09\/genevo_gps_hdm_radar.jpg","type":"image\/jpeg"}],"twitter_card":"summary_large_image","twitter_misc":{"Tempo di lettura stimato":"1 minuto"},"schema":{"@context":"https:\/\/schema.org","@graph":[{"@type":"WebPage","@id":"https:\/\/radarservice.eu\/it\/prodotto\/genevo-gps-hdm-antenna-radar-genevo-ff2-laser-jammer\/","url":"https:\/\/radarservice.eu\/it\/prodotto\/genevo-gps-hdm-antenna-radar-genevo-ff2-laser-jammer\/","name":"","isPartOf":{"@id":"https:\/\/radarservice.eu\/it\/#website"},"primaryImageOfPage":{"@id":"https:\/\/radarservice.eu\/it\/prodotto\/genevo-gps-hdm-antenna-radar-genevo-ff2-laser-jammer\/#primaryimage"},"image":{"@id":"https:\/\/radarservice.eu\/it\/prodotto\/genevo-gps-hdm-antenna-radar-genevo-ff2-laser-jammer\/#primaryimage"},"thumbnailUrl":"https:\/\/radarservice.eu\/wp-content\/uploads\/2020\/09\/genevo_gps_hdm_radar.jpg","datePublished":"2020-11-24T00:00:06+00:00","description":"Affidabile pacchetto entry-level con rilevatore radar Genevo GPS+ HDM+ senza fili e jammer laser Genevo FF2 per installazione fissa nel veicolo.","breadcrumb":{"@id":"https:\/\/radarservice.eu\/it\/prodotto\/genevo-gps-hdm-antenna-radar-genevo-ff2-laser-jammer\/#breadcrumb"},"inLanguage":"it-IT","potentialAction":[{"@type":"ReadAction","target":["https:\/\/radarservice.eu\/it\/prodotto\/genevo-gps-hdm-antenna-radar-genevo-ff2-laser-jammer\/"]}]},{"@type":"ImageObject","inLanguage":"it-IT","@id":"https:\/\/radarservice.eu\/it\/prodotto\/genevo-gps-hdm-antenna-radar-genevo-ff2-laser-jammer\/#primaryimage","url":"https:\/\/radarservice.eu\/wp-content\/uploads\/2020\/09\/genevo_gps_hdm_radar.jpg","contentUrl":"https:\/\/radarservice.eu\/wp-content\/uploads\/2020\/09\/genevo_gps_hdm_radar.jpg","width":990,"height":720,"caption":"Genevo HDM+ Pacchetto GPS"},{"@type":"BreadcrumbList","@id":"https:\/\/radarservice.eu\/it\/prodotto\/genevo-gps-hdm-antenna-radar-genevo-ff2-laser-jammer\/#breadcrumb","itemListElement":[{"@type":"ListItem","position":1,"name":"Negozio","item":"https:\/\/radarservice.eu\/it\/negozio\/"},{"@type":"ListItem","position":2,"name":"GENEVO GPS+&#038; HDM+ ANTENNA RADAR &#038; GENEVO FF2 LASER JAMMER"}]},{"@type":"WebSite","@id":"https:\/\/radarservice.eu\/it\/#website","url":"https:\/\/radarservice.eu\/it\/","name":"Radar Service","description":"Radar detector Laser jammer mobile fix","publisher":{"@id":"https:\/\/radarservice.eu\/it\/#organization"},"potentialAction":[{"@type":"SearchAction","target":{"@type":"EntryPoint","urlTemplate":"https:\/\/radarservice.eu\/it\/?s={search_term_string}"},"query-input":{"@type":"PropertyValueSpecification","valueRequired":true,"valueName":"search_term_string"}}],"inLanguage":"it-IT"},{"@type":"Organization","@id":"https:\/\/radarservice.eu\/it\/#organization","name":"RadarService","url":"https:\/\/radarservice.eu\/it\/","logo":{"@type":"ImageObject","inLanguage":"it-IT","@id":"https:\/\/radarservice.eu\/it\/#\/schema\/logo\/image\/","url":"https:\/\/radarservice.eu\/wp-content\/uploads\/2021\/03\/Radar_detector_service.png","contentUrl":"https:\/\/radarservice.eu\/wp-content\/uploads\/2021\/03\/Radar_detector_service.png","width":174,"height":48,"caption":"RadarService"},"image":{"@id":"https:\/\/radarservice.eu\/it\/#\/schema\/logo\/image\/"}}]}},"_links":{"self":[{"href":"https:\/\/radarservice.eu\/it\/wp-json\/wp\/v2\/product\/14725","targetHints":{"allow":["GET"]}}],"collection":[{"href":"https:\/\/radarservice.eu\/it\/wp-json\/wp\/v2\/product"}],"about":[{"href":"https:\/\/radarservice.eu\/it\/wp-json\/wp\/v2\/types\/product"}],"replies":[{"embeddable":true,"href":"https:\/\/radarservice.eu\/it\/wp-json\/wp\/v2\/comments?post=14725"}],"wp:featuredmedia":[{"embeddable":true,"href":"https:\/\/radarservice.eu\/it\/wp-json\/wp\/v2\/media\/14729"}],"wp:attachment":[{"href":"https:\/\/radarservice.eu\/it\/wp-json\/wp\/v2\/media?parent=14725"}],"wp:term":[{"taxonomy":"product_brand","embeddable":true,"href":"https:\/\/radarservice.eu\/it\/wp-json\/wp\/v2\/product_brand?post=14725"},{"taxonomy":"product_cat","embeddable":true,"href":"https:\/\/radarservice.eu\/it\/wp-json\/wp\/v2\/product_cat?post=14725"},{"taxonomy":"product_tag","embeddable":true,"href":"https:\/\/radarservice.eu\/it\/wp-json\/wp\/v2\/product_tag?post=14725"}],"curies":[{"name":"wp","href":"https:\/\/api.w.org\/{rel}","templated":true}]}}