{"id":14710,"date":"2020-11-24T01:18:19","date_gmt":"2020-11-24T00:18:19","guid":{"rendered":"https:\/\/radarservice.eu\/produkt\/target-lasertrack-flare\/"},"modified":"2021-03-18T13:57:56","modified_gmt":"2021-03-18T12:57:56","slug":"target-lasertrack-flare","status":"publish","type":"product","link":"https:\/\/radarservice.eu\/it\/prodotto\/target-lasertrack-flare\/","title":{"rendered":"Rilevatore radar Stinger VIP &#038; Stinger Freedom Laser a fibra ottica"},"content":{"rendered":"<h1>Target Lasertrack Flare Laser Jammer<\/h1>\n<h3>LaserTrack Flare &#8211; blocco laser definitivo contro le pistole laser<\/h3>\n<p>.<\/p>\n<p>LaserTrack Flare \u00e8 un telecomando innovativo e multifunzionale per porte di garage e cancelli, combinato con la tecnologia pi\u00f9 avanzata per proteggere dagli avvistamenti laser.  Come apriporta, il LaserTrack Flare pu\u00f2 essere acquistato e utilizzato legalmente in tutto il mondo<\/p>\n<p>.<\/p>\n<p><strong>Laser jammer \/ laser blocker<\/strong><br \/>.<br \/>\nI sensori laser del LaserTrack Flare sono potenti e molto piccoli. Questo permette ai sensori di essere installati in modo poco appariscente nella griglia del radiatore.<br \/>\nCon la funzione laser jammer attivata, il vostro veicolo \u00e8 protetto dalle misurazioni di velocit\u00e0 con un misuratore laser o una pistola laser. Non appena viene rilevata una misurazione, il LaserTrack Flare attiva uno scudo protettivo e il veicolo non \u00e8 misurabile. Un segnale di avvertimento acustico e visivo sul display indica che la modalit\u00e0 di protezione contro i laser \u00e8 attiva e quindi non \u00e8 possibile eseguire la misurazione della velocit\u00e0 con la pistola laser. Dopo 4 secondi la modalit\u00e0 di protezione si disattiva e il veicolo pu\u00f2 essere misurato. In questi 4 secondi hai abbastanza tempo per regolare la tua velocit\u00e0.<\/p>\n<p>.<\/p>\n<p><strong>Nuova tecnologia APR<\/strong><br \/>.<br \/>\nLa tecnologia APR calcola individualmente la frequenza degli impulsi mentre interferisce con la misurazione laser. Questo permette al Lasertrack Flare System di rimanere inosservato e non rilevabile dalle forze dell&#8217;ordine.<\/p>\n","protected":false},"excerpt":{"rendered":"<p>Target Lasertrack Flare Laser Jammer LaserTrack Flare &#8211; blocco laser definitivo contro le pistole laser . LaserTrack Flare \u00e8 un telecomando innovativo e multifunzionale per porte di garage e cancelli, combinato con la tecnologia pi\u00f9 avanzata per proteggere dagli avvistamenti laser. Come apriporta, il LaserTrack Flare pu\u00f2 essere acquistato e utilizzato legalmente in tutto il [&#8230;]\n","protected":false},"featured_media":14715,"comment_status":"open","ping_status":"closed","template":"","meta":[],"product_brand":[],"product_cat":[694,696],"product_tag":[],"class_list":{"0":"post-14710","1":"product","2":"type-product","3":"status-publish","4":"has-post-thumbnail","6":"product_cat-disturbatore-laser","7":"product_cat-target-italy","9":"first","10":"instock","11":"sale","12":"taxable","13":"shipping-taxable","14":"purchasable","15":"product-type-variable","16":"has-default-attributes"},"yoast_head":"<!-- This site is optimized with the Yoast SEO plugin v27.2 - https:\/\/yoast.com\/product\/yoast-seo-wordpress\/ -->\n<title>Rilevatore radar Stinger VIP &amp; Stinger Freedom Laser a fibra ottica | Radar Service<\/title>\n<meta name=\"description\" content=\"Rilevatore radar Stinger VIP &amp; Stinger Freedom Laser a fibra ottica | Radar Service\" \/>\n<meta name=\"robots\" content=\"index, follow, max-snippet:-1, max-image-preview:large, max-video-preview:-1\" \/>\n<link rel=\"canonical\" href=\"https:\/\/radarservice.eu\/it\/prodotto\/target-lasertrack-flare\/\" \/>\n<meta property=\"og:locale\" content=\"it_IT\" \/>\n<meta property=\"og:type\" content=\"article\" \/>\n<meta property=\"og:title\" content=\"Rilevatore radar Stinger VIP &amp; Stinger Freedom Laser a fibra ottica | Radar Service\" \/>\n<meta property=\"og:description\" content=\"Rilevatore radar Stinger VIP &amp; Stinger Freedom Laser a fibra ottica | Radar Service\" \/>\n<meta property=\"og:url\" content=\"https:\/\/radarservice.eu\/it\/prodotto\/target-lasertrack-flare\/\" \/>\n<meta property=\"og:site_name\" content=\"Radar Service\" \/>\n<meta property=\"article:modified_time\" content=\"2021-03-18T12:57:56+00:00\" \/>\n<meta property=\"og:image\" content=\"https:\/\/radarservice.eu\/wp-content\/uploads\/2020\/11\/Target_Lasertrack_Anti_laser_Jammer.jpg\" \/>\n\t<meta property=\"og:image:width\" content=\"1200\" \/>\n\t<meta property=\"og:image:height\" content=\"800\" \/>\n\t<meta property=\"og:image:type\" content=\"image\/jpeg\" \/>\n<meta name=\"twitter:card\" content=\"summary_large_image\" \/>\n<meta name=\"twitter:label1\" content=\"Tempo di lettura stimato\" \/>\n\t<meta name=\"twitter:data1\" content=\"1 minuto\" \/>\n<script type=\"application\/ld+json\" class=\"yoast-schema-graph\">{\"@context\":\"https:\/\/schema.org\",\"@graph\":[{\"@type\":\"WebPage\",\"@id\":\"https:\/\/radarservice.eu\/it\/prodotto\/target-lasertrack-flare\/\",\"url\":\"https:\/\/radarservice.eu\/it\/prodotto\/target-lasertrack-flare\/\",\"name\":\"Rilevatore radar Stinger VIP & Stinger Freedom Laser a fibra ottica | Radar Service\",\"isPartOf\":{\"@id\":\"https:\/\/radarservice.eu\/it\/#website\"},\"primaryImageOfPage\":{\"@id\":\"https:\/\/radarservice.eu\/it\/prodotto\/target-lasertrack-flare\/#primaryimage\"},\"image\":{\"@id\":\"https:\/\/radarservice.eu\/it\/prodotto\/target-lasertrack-flare\/#primaryimage\"},\"thumbnailUrl\":\"https:\/\/radarservice.eu\/wp-content\/uploads\/2020\/11\/Target_Lasertrack_Anti_laser_Jammer.jpg\",\"datePublished\":\"2020-11-24T00:18:19+00:00\",\"dateModified\":\"2021-03-18T12:57:56+00:00\",\"description\":\"Rilevatore radar Stinger VIP & Stinger Freedom Laser a fibra ottica | Radar Service\",\"breadcrumb\":{\"@id\":\"https:\/\/radarservice.eu\/it\/prodotto\/target-lasertrack-flare\/#breadcrumb\"},\"inLanguage\":\"it-IT\",\"potentialAction\":[{\"@type\":\"ReadAction\",\"target\":[\"https:\/\/radarservice.eu\/it\/prodotto\/target-lasertrack-flare\/\"]}]},{\"@type\":\"ImageObject\",\"inLanguage\":\"it-IT\",\"@id\":\"https:\/\/radarservice.eu\/it\/prodotto\/target-lasertrack-flare\/#primaryimage\",\"url\":\"https:\/\/radarservice.eu\/wp-content\/uploads\/2020\/11\/Target_Lasertrack_Anti_laser_Jammer.jpg\",\"contentUrl\":\"https:\/\/radarservice.eu\/wp-content\/uploads\/2020\/11\/Target_Lasertrack_Anti_laser_Jammer.jpg\",\"width\":1200,\"height\":800,\"caption\":\"Blocco laser lasertrack antilaser\"},{\"@type\":\"BreadcrumbList\",\"@id\":\"https:\/\/radarservice.eu\/it\/prodotto\/target-lasertrack-flare\/#breadcrumb\",\"itemListElement\":[{\"@type\":\"ListItem\",\"position\":1,\"name\":\"Negozio\",\"item\":\"https:\/\/radarservice.eu\/it\/negozio\/\"},{\"@type\":\"ListItem\",\"position\":2,\"name\":\"Rilevatore radar Stinger VIP &#038; Stinger Freedom Laser a fibra ottica\"}]},{\"@type\":\"WebSite\",\"@id\":\"https:\/\/radarservice.eu\/it\/#website\",\"url\":\"https:\/\/radarservice.eu\/it\/\",\"name\":\"Radar Service\",\"description\":\"Radar detector Laser jammer mobile fix\",\"publisher\":{\"@id\":\"https:\/\/radarservice.eu\/it\/#organization\"},\"potentialAction\":[{\"@type\":\"SearchAction\",\"target\":{\"@type\":\"EntryPoint\",\"urlTemplate\":\"https:\/\/radarservice.eu\/it\/?s={search_term_string}\"},\"query-input\":{\"@type\":\"PropertyValueSpecification\",\"valueRequired\":true,\"valueName\":\"search_term_string\"}}],\"inLanguage\":\"it-IT\"},{\"@type\":\"Organization\",\"@id\":\"https:\/\/radarservice.eu\/it\/#organization\",\"name\":\"RadarService\",\"url\":\"https:\/\/radarservice.eu\/it\/\",\"logo\":{\"@type\":\"ImageObject\",\"inLanguage\":\"it-IT\",\"@id\":\"https:\/\/radarservice.eu\/it\/#\/schema\/logo\/image\/\",\"url\":\"https:\/\/radarservice.eu\/wp-content\/uploads\/2021\/03\/Radar_detector_service.png\",\"contentUrl\":\"https:\/\/radarservice.eu\/wp-content\/uploads\/2021\/03\/Radar_detector_service.png\",\"width\":174,\"height\":48,\"caption\":\"RadarService\"},\"image\":{\"@id\":\"https:\/\/radarservice.eu\/it\/#\/schema\/logo\/image\/\"}}]}<\/script>\n<!-- \/ Yoast SEO plugin. -->","yoast_head_json":{"title":"Rilevatore radar Stinger VIP & Stinger Freedom Laser a fibra ottica | Radar Service","description":"Rilevatore radar Stinger VIP & Stinger Freedom Laser a fibra ottica | Radar Service","robots":{"index":"index","follow":"follow","max-snippet":"max-snippet:-1","max-image-preview":"max-image-preview:large","max-video-preview":"max-video-preview:-1"},"canonical":"https:\/\/radarservice.eu\/it\/prodotto\/target-lasertrack-flare\/","og_locale":"it_IT","og_type":"article","og_title":"Rilevatore radar Stinger VIP & Stinger Freedom Laser a fibra ottica | Radar Service","og_description":"Rilevatore radar Stinger VIP & Stinger Freedom Laser a fibra ottica | Radar Service","og_url":"https:\/\/radarservice.eu\/it\/prodotto\/target-lasertrack-flare\/","og_site_name":"Radar Service","article_modified_time":"2021-03-18T12:57:56+00:00","og_image":[{"width":1200,"height":800,"url":"https:\/\/radarservice.eu\/wp-content\/uploads\/2020\/11\/Target_Lasertrack_Anti_laser_Jammer.jpg","type":"image\/jpeg"}],"twitter_card":"summary_large_image","twitter_misc":{"Tempo di lettura stimato":"1 minuto"},"schema":{"@context":"https:\/\/schema.org","@graph":[{"@type":"WebPage","@id":"https:\/\/radarservice.eu\/it\/prodotto\/target-lasertrack-flare\/","url":"https:\/\/radarservice.eu\/it\/prodotto\/target-lasertrack-flare\/","name":"Rilevatore radar Stinger VIP & Stinger Freedom Laser a fibra ottica | Radar Service","isPartOf":{"@id":"https:\/\/radarservice.eu\/it\/#website"},"primaryImageOfPage":{"@id":"https:\/\/radarservice.eu\/it\/prodotto\/target-lasertrack-flare\/#primaryimage"},"image":{"@id":"https:\/\/radarservice.eu\/it\/prodotto\/target-lasertrack-flare\/#primaryimage"},"thumbnailUrl":"https:\/\/radarservice.eu\/wp-content\/uploads\/2020\/11\/Target_Lasertrack_Anti_laser_Jammer.jpg","datePublished":"2020-11-24T00:18:19+00:00","dateModified":"2021-03-18T12:57:56+00:00","description":"Rilevatore radar Stinger VIP & Stinger Freedom Laser a fibra ottica | Radar Service","breadcrumb":{"@id":"https:\/\/radarservice.eu\/it\/prodotto\/target-lasertrack-flare\/#breadcrumb"},"inLanguage":"it-IT","potentialAction":[{"@type":"ReadAction","target":["https:\/\/radarservice.eu\/it\/prodotto\/target-lasertrack-flare\/"]}]},{"@type":"ImageObject","inLanguage":"it-IT","@id":"https:\/\/radarservice.eu\/it\/prodotto\/target-lasertrack-flare\/#primaryimage","url":"https:\/\/radarservice.eu\/wp-content\/uploads\/2020\/11\/Target_Lasertrack_Anti_laser_Jammer.jpg","contentUrl":"https:\/\/radarservice.eu\/wp-content\/uploads\/2020\/11\/Target_Lasertrack_Anti_laser_Jammer.jpg","width":1200,"height":800,"caption":"Blocco laser lasertrack antilaser"},{"@type":"BreadcrumbList","@id":"https:\/\/radarservice.eu\/it\/prodotto\/target-lasertrack-flare\/#breadcrumb","itemListElement":[{"@type":"ListItem","position":1,"name":"Negozio","item":"https:\/\/radarservice.eu\/it\/negozio\/"},{"@type":"ListItem","position":2,"name":"Rilevatore radar Stinger VIP &#038; Stinger Freedom Laser a fibra ottica"}]},{"@type":"WebSite","@id":"https:\/\/radarservice.eu\/it\/#website","url":"https:\/\/radarservice.eu\/it\/","name":"Radar Service","description":"Radar detector Laser jammer mobile fix","publisher":{"@id":"https:\/\/radarservice.eu\/it\/#organization"},"potentialAction":[{"@type":"SearchAction","target":{"@type":"EntryPoint","urlTemplate":"https:\/\/radarservice.eu\/it\/?s={search_term_string}"},"query-input":{"@type":"PropertyValueSpecification","valueRequired":true,"valueName":"search_term_string"}}],"inLanguage":"it-IT"},{"@type":"Organization","@id":"https:\/\/radarservice.eu\/it\/#organization","name":"RadarService","url":"https:\/\/radarservice.eu\/it\/","logo":{"@type":"ImageObject","inLanguage":"it-IT","@id":"https:\/\/radarservice.eu\/it\/#\/schema\/logo\/image\/","url":"https:\/\/radarservice.eu\/wp-content\/uploads\/2021\/03\/Radar_detector_service.png","contentUrl":"https:\/\/radarservice.eu\/wp-content\/uploads\/2021\/03\/Radar_detector_service.png","width":174,"height":48,"caption":"RadarService"},"image":{"@id":"https:\/\/radarservice.eu\/it\/#\/schema\/logo\/image\/"}}]}},"_links":{"self":[{"href":"https:\/\/radarservice.eu\/it\/wp-json\/wp\/v2\/product\/14710","targetHints":{"allow":["GET"]}}],"collection":[{"href":"https:\/\/radarservice.eu\/it\/wp-json\/wp\/v2\/product"}],"about":[{"href":"https:\/\/radarservice.eu\/it\/wp-json\/wp\/v2\/types\/product"}],"replies":[{"embeddable":true,"href":"https:\/\/radarservice.eu\/it\/wp-json\/wp\/v2\/comments?post=14710"}],"wp:featuredmedia":[{"embeddable":true,"href":"https:\/\/radarservice.eu\/it\/wp-json\/wp\/v2\/media\/14715"}],"wp:attachment":[{"href":"https:\/\/radarservice.eu\/it\/wp-json\/wp\/v2\/media?parent=14710"}],"wp:term":[{"taxonomy":"product_brand","embeddable":true,"href":"https:\/\/radarservice.eu\/it\/wp-json\/wp\/v2\/product_brand?post=14710"},{"taxonomy":"product_cat","embeddable":true,"href":"https:\/\/radarservice.eu\/it\/wp-json\/wp\/v2\/product_cat?post=14710"},{"taxonomy":"product_tag","embeddable":true,"href":"https:\/\/radarservice.eu\/it\/wp-json\/wp\/v2\/product_tag?post=14710"}],"curies":[{"name":"wp","href":"https:\/\/api.w.org\/{rel}","templated":true}]}}