{"id":14702,"date":"2021-01-13T02:01:00","date_gmt":"2021-01-13T01:01:00","guid":{"rendered":"https:\/\/radarservice.eu\/produkt\/genevo-assist-pro-2-m-fisso-montaggio\/"},"modified":"2022-04-03T14:38:15","modified_gmt":"2022-04-03T12:38:15","slug":"genevo-assist-pro-2-m-fisso-montaggio","status":"publish","type":"product","link":"https:\/\/radarservice.eu\/it\/prodotto\/genevo-assist-pro-2-m-fisso-montaggio\/","title":{"rendered":"Genevo Assist Pro II M (HDM+)"},"content":{"rendered":"<p>Il nuovo Genevo Assist Pro 2 M \u00e8 un rivelatore radar per installazione nascosta con un nuovo display a colori OLED e la potente antenna radar HDM+. Durante lo sviluppo, \u00e8 stata data particolare enfasi all&#8217;alta qualit\u00e0, alla facilit\u00e0 d&#8217;uso e alla semplicit\u00e0 di installazione. Il rilevatore di radar \u00e8 composto dall&#8217;unit\u00e0 di controllo principale, antenna GPS, antenna radar, display a colori OLED e supporto magnetico per il display.<\/p>\n<p>.<\/p>\n<h3>Tutto in uno: protezione radar e laser<\/h3>\n<p>.<\/p>\n<p>Il Genevo Assist PRO 2 pu\u00f2 essere collegato a un disturbatore laser aggiuntivo. Puoi scegliere tra Genevo FF, Antilaser Priority e Target LaserTrack. I disturbatori laser possono essere facilmente controllati dal menu di Genevo Assist.<\/p>\n<h3>Due antenne, migliori prestazioni<\/h3>\n<p>Il Genevo Assist PRO 2 M viene fornito con l&#8217;antenna radar HDM+ e pu\u00f2 essere aggiornato opzionalmente con una seconda antenna radar. In questo modo si pu\u00f2 anche proteggere la parte posteriore del veicolo dalle misure da dietro. Per l&#8217;uso in Germania, Austria l&#8217;antenna HDM+ in dotazione \u00e8 sufficiente, dato che non vengono usate pistole radar. <\/p>\n<h3>Controllo di movimento per un funzionamento conveniente<\/h3>\n<p>.<\/p>\n<p>Il nuovo sensore di movimento per il funzionamento senza tocco permette un funzionamento comodo. Per esempio, \u00e8 possibile disattivare l&#8217;allarme senza cercare il pulsante giusto durante la guida. Basta agitare la mano, invece.<br \/>\n<figure id=\"attachment_13956\" aria-describedby=\"caption-attachment-13956\" style=\"width: 450px\" class=\"wp-caption aligncenter\"><img loading=\"lazy\" decoding=\"async\" src=\"https:\/\/radarservice.eu\/wp-content\/uploads\/2021\/01\/pro2_gesture_control-e1610501972758.jpg\" alt=\"Genevo Assist Gesture Control\" width=\"450\" height=\"341\" class=\"size-full wp-image-14704\" \/><figcaption id=\"caption-attachment-13956\" class=\"wp-caption-text\">Genevo Assist Gesture Control<\/figcaption><\/figure>\n<h3>DatabasePOI con aggiornamenti illimitati<\/h3>\n<p>Il database GPS, compresi gli aggiornamenti a vita, \u00e8 incluso nel prezzo di acquisto. Questo include le trappole fisse di velocit\u00e0, il controllo della sezione e le telecamere semaforiche di velocit\u00e0.<br \/>.<br \/>\n<br \/>Gli aggiornamenti e le impostazioni non sono mai stati cos\u00ec facili.<br \/>\nGenevo Asssit 2 \u00e8 facile da aggiornare e configurare utilizzando qualsiasi chiavetta USB. <\/p>\n<h3>Si disabilita rapidamente durante i controlli della polizia<\/h3>\n<p>.<\/p>\n<p>Semplicemente rimuovere il nuovo display magnetico per disattivare il Genevo Assist 2. Mentre \u00e8 legale usare il Genevo Assist 2 in alcuni paesi dell&#8217;UE, questo non \u00e8 il caso in altri, motivo per cui il dispositivo ha uno schermo rimovibile. Questo significa che quando hai bisogno di spegnere il dispositivo, devi semplicemente rimuovere lo schermo dal supporto magnetico e metterlo in tasca o nel vassoio, per esempio. Il dispositivo diventa quindi inattivo e solo voi potete riattivare il rilevatore di radar tramite il display. Se volete rimuovere il display compreso il supporto magnetico, anche questo non \u00e8 un problema. Rimane solo il caricabatterie micro USB nel veicolo, che si pu\u00f2 usare, per esempio, per ricaricare lo smartphone.<br \/>\n<figure id=\"attachment_13953\" aria-describedby=\"caption-attachment-13953\" style=\"width: 900px\" class=\"wp-caption aligncenter\"><img loading=\"lazy\" decoding=\"async\" src=\"https:\/\/radarservice.eu\/wp-content\/uploads\/2021\/01\/installation_car.jpg\" alt=\"Genevo Assist Installation Radar Detector\" width=\"900\" height=\"518\" class=\"size-full wp-image-14706\" srcset=\"https:\/\/radarservice.eu\/wp-content\/uploads\/2021\/01\/installation_car.jpg 900w, https:\/\/radarservice.eu\/wp-content\/uploads\/2021\/01\/installation_car-300x173.jpg 300w, https:\/\/radarservice.eu\/wp-content\/uploads\/2021\/01\/installation_car-768x442.jpg 768w, https:\/\/radarservice.eu\/wp-content\/uploads\/2021\/01\/installation_car-510x294.jpg 510w\" sizes=\"auto, (max-width: 900px) 100vw, 900px\" \/><figcaption id=\"caption-attachment-13953\" class=\"wp-caption-text\">Genevo Assist Installation Radar Detector<\/figcaption><\/figure>\n<h3>Cambiare \/ scambiare il vecchio con il nuovo<\/h3>\n<p>Si possiede un vecchio rivelatore radar incorporato Genevo o un vecchio rivelatore radar mobile? Allora approfitta del nostro programma di permuta e aggiorna il tuo vecchio rivelatore radar con il nuovo Genevo Assist Pro 2 M. Contattaci per maggiori informazioni. Se state cercando il miglior rilevatore per tutta l&#8217;Europa, Genevo PRO \u00e8 la scelta giusta!<br \/>\n<\/h3>\n<p>I vantaggi principali del Genevo Assist PRO II M:<\/h3>\n<ul>\n<li>Il miglior rapporto qualit\u00e0\/prezzo<\/li>\n<p>.<\/p>\n<li>Collegare il disturbatore laser<\/li>\n<p>.<\/p>\n<li>Collegare due antenne radar (1x antenna HDM+ inclusa)<\/li>\n<li>Display magnetico rimovibile<\/li>\n<li>Display OLED multicolore<\/li>\n<li>Sensore di movimento per il controllo dei gesti<\/li>\n<li>Facile da aggiornare tramite chiavetta USB<\/li>\n<li>Il menu pi\u00f9 facile da usare<\/li>\n<li>Migliori tempi di preavviso grazie alla nuova antenna HDM+<\/li>\n<li>Eccellente filtro per i falsi allarmi<\/li>\n<li>Poi database di autovelox per tutta l&#8217;Europa con licenza illimitata (senza costi di follow-up)<\/li>\n<p>.<\/p>\n<li>Adatto a Italia, Austria, Svizzera ed Europa<\/li>\n<p>.\n<\/ul>\n","protected":false},"excerpt":{"rendered":"<p>Il nuovo rivelatore radar fisso Genevo Assist Pro 2 M \u00e8 il miglior rivelatore radar di fascia alta ed \u00e8 perfetto per l&#8217;uso in Europa. Grazie alla potente antenna HDM+, il Genevo Assist 2 avverte in modo affidabile i nuovi autovelox MultaRadar (MRCD \/ MRCT \/ Moving) in Italia, Austria, Francia e Svizzera.<\/p>\n","protected":false},"featured_media":14707,"comment_status":"open","ping_status":"closed","template":"","meta":[],"product_brand":[],"product_cat":[681,680,682],"product_tag":[690,684,687,688,691,686,692,693,685,683,689],"class_list":{"0":"post-14702","1":"product","2":"type-product","3":"status-publish","4":"has-post-thumbnail","6":"product_cat-genevo-italy","7":"product_cat-rilevatori-radar-fissi","8":"product_cat-rilevatori-radar-raccomandati","9":"product_tag-amburgo","10":"product_tag-europa-it","11":"product_tag-genevo-it","12":"product_tag-genevo-assist-it","13":"product_tag-genevo-assist-hdm-it","14":"product_tag-genevo-ff-it","15":"product_tag-genevo-pro-it","16":"product_tag-genevo-pro-hdm-it","17":"product_tag-installazione-fissa","18":"product_tag-rilevatore-radar","19":"product_tag-servizio-di-installazione","21":"first","22":"instock","23":"sale","24":"taxable","25":"shipping-taxable","26":"purchasable","27":"product-type-variable","28":"has-default-attributes"},"yoast_head":"<!-- This site is optimized with the Yoast SEO plugin v27.2 - https:\/\/yoast.com\/product\/yoast-seo-wordpress\/ -->\n<title>Genevo Assist Pro II M (HDM+) rilevatore radar fisso nascosto<\/title>\n<meta name=\"description\" content=\"Il rilevatore radar fisso Genevo Assist Pro HDM+ \u00e8 attualmente la migliore soluzione completa di fascia alta con avviso MultaRadar e Gatso.\" \/>\n<meta name=\"robots\" content=\"index, follow, max-snippet:-1, max-image-preview:large, max-video-preview:-1\" \/>\n<link rel=\"canonical\" href=\"https:\/\/radarservice.eu\/it\/prodotto\/genevo-assist-pro-2-m-fisso-montaggio\/\" \/>\n<meta property=\"og:locale\" content=\"it_IT\" \/>\n<meta property=\"og:type\" content=\"article\" \/>\n<meta property=\"og:title\" content=\"Genevo Assist Pro II M (HDM+) rilevatore radar fisso nascosto\" \/>\n<meta property=\"og:description\" content=\"Il rilevatore radar fisso Genevo Assist Pro HDM+ \u00e8 attualmente la migliore soluzione completa di fascia alta con avviso MultaRadar e Gatso.\" \/>\n<meta property=\"og:url\" content=\"https:\/\/radarservice.eu\/it\/prodotto\/genevo-assist-pro-2-m-fisso-montaggio\/\" \/>\n<meta property=\"og:site_name\" content=\"Radar Service\" \/>\n<meta property=\"article:modified_time\" content=\"2022-04-03T12:38:15+00:00\" \/>\n<meta property=\"og:image\" content=\"https:\/\/radarservice.eu\/wp-content\/uploads\/2021\/01\/multi_color_magnetic_display.jpg\" \/>\n\t<meta property=\"og:image:width\" content=\"1582\" \/>\n\t<meta property=\"og:image:height\" content=\"1092\" \/>\n\t<meta property=\"og:image:type\" content=\"image\/jpeg\" \/>\n<meta name=\"twitter:card\" content=\"summary_large_image\" \/>\n<meta name=\"twitter:label1\" content=\"Tempo di lettura stimato\" \/>\n\t<meta name=\"twitter:data1\" content=\"3 minuti\" \/>\n<script type=\"application\/ld+json\" class=\"yoast-schema-graph\">{\"@context\":\"https:\/\/schema.org\",\"@graph\":[{\"@type\":\"WebPage\",\"@id\":\"https:\/\/radarservice.eu\/it\/prodotto\/genevo-assist-pro-2-m-fisso-montaggio\/\",\"url\":\"https:\/\/radarservice.eu\/it\/prodotto\/genevo-assist-pro-2-m-fisso-montaggio\/\",\"name\":\"Genevo Assist Pro II M (HDM+) rilevatore radar fisso nascosto\",\"isPartOf\":{\"@id\":\"https:\/\/radarservice.eu\/it\/#website\"},\"primaryImageOfPage\":{\"@id\":\"https:\/\/radarservice.eu\/it\/prodotto\/genevo-assist-pro-2-m-fisso-montaggio\/#primaryimage\"},\"image\":{\"@id\":\"https:\/\/radarservice.eu\/it\/prodotto\/genevo-assist-pro-2-m-fisso-montaggio\/#primaryimage\"},\"thumbnailUrl\":\"https:\/\/radarservice.eu\/wp-content\/uploads\/2021\/01\/multi_color_magnetic_display.jpg\",\"datePublished\":\"2021-01-13T01:01:00+00:00\",\"dateModified\":\"2022-04-03T12:38:15+00:00\",\"description\":\"Il rilevatore radar fisso Genevo Assist Pro HDM+ \u00e8 attualmente la migliore soluzione completa di fascia alta con avviso MultaRadar e Gatso.\",\"breadcrumb\":{\"@id\":\"https:\/\/radarservice.eu\/it\/prodotto\/genevo-assist-pro-2-m-fisso-montaggio\/#breadcrumb\"},\"inLanguage\":\"it-IT\",\"potentialAction\":[{\"@type\":\"ReadAction\",\"target\":[\"https:\/\/radarservice.eu\/it\/prodotto\/genevo-assist-pro-2-m-fisso-montaggio\/\"]}]},{\"@type\":\"ImageObject\",\"inLanguage\":\"it-IT\",\"@id\":\"https:\/\/radarservice.eu\/it\/prodotto\/genevo-assist-pro-2-m-fisso-montaggio\/#primaryimage\",\"url\":\"https:\/\/radarservice.eu\/wp-content\/uploads\/2021\/01\/multi_color_magnetic_display.jpg\",\"contentUrl\":\"https:\/\/radarservice.eu\/wp-content\/uploads\/2021\/01\/multi_color_magnetic_display.jpg\",\"width\":1582,\"height\":1092,\"caption\":\"Genevo Assist Pro II M\"},{\"@type\":\"BreadcrumbList\",\"@id\":\"https:\/\/radarservice.eu\/it\/prodotto\/genevo-assist-pro-2-m-fisso-montaggio\/#breadcrumb\",\"itemListElement\":[{\"@type\":\"ListItem\",\"position\":1,\"name\":\"Negozio\",\"item\":\"https:\/\/radarservice.eu\/it\/negozio\/\"},{\"@type\":\"ListItem\",\"position\":2,\"name\":\"Genevo Assist Pro II M (HDM+)\"}]},{\"@type\":\"WebSite\",\"@id\":\"https:\/\/radarservice.eu\/it\/#website\",\"url\":\"https:\/\/radarservice.eu\/it\/\",\"name\":\"Radar Service\",\"description\":\"Radar detector Laser jammer mobile fix\",\"publisher\":{\"@id\":\"https:\/\/radarservice.eu\/it\/#organization\"},\"potentialAction\":[{\"@type\":\"SearchAction\",\"target\":{\"@type\":\"EntryPoint\",\"urlTemplate\":\"https:\/\/radarservice.eu\/it\/?s={search_term_string}\"},\"query-input\":{\"@type\":\"PropertyValueSpecification\",\"valueRequired\":true,\"valueName\":\"search_term_string\"}}],\"inLanguage\":\"it-IT\"},{\"@type\":\"Organization\",\"@id\":\"https:\/\/radarservice.eu\/it\/#organization\",\"name\":\"RadarService\",\"url\":\"https:\/\/radarservice.eu\/it\/\",\"logo\":{\"@type\":\"ImageObject\",\"inLanguage\":\"it-IT\",\"@id\":\"https:\/\/radarservice.eu\/it\/#\/schema\/logo\/image\/\",\"url\":\"https:\/\/radarservice.eu\/wp-content\/uploads\/2021\/03\/Radar_detector_service.png\",\"contentUrl\":\"https:\/\/radarservice.eu\/wp-content\/uploads\/2021\/03\/Radar_detector_service.png\",\"width\":174,\"height\":48,\"caption\":\"RadarService\"},\"image\":{\"@id\":\"https:\/\/radarservice.eu\/it\/#\/schema\/logo\/image\/\"}}]}<\/script>\n<!-- \/ Yoast SEO plugin. -->","yoast_head_json":{"title":"Genevo Assist Pro II M (HDM+) rilevatore radar fisso nascosto","description":"Il rilevatore radar fisso Genevo Assist Pro HDM+ \u00e8 attualmente la migliore soluzione completa di fascia alta con avviso MultaRadar e Gatso.","robots":{"index":"index","follow":"follow","max-snippet":"max-snippet:-1","max-image-preview":"max-image-preview:large","max-video-preview":"max-video-preview:-1"},"canonical":"https:\/\/radarservice.eu\/it\/prodotto\/genevo-assist-pro-2-m-fisso-montaggio\/","og_locale":"it_IT","og_type":"article","og_title":"Genevo Assist Pro II M (HDM+) rilevatore radar fisso nascosto","og_description":"Il rilevatore radar fisso Genevo Assist Pro HDM+ \u00e8 attualmente la migliore soluzione completa di fascia alta con avviso MultaRadar e Gatso.","og_url":"https:\/\/radarservice.eu\/it\/prodotto\/genevo-assist-pro-2-m-fisso-montaggio\/","og_site_name":"Radar Service","article_modified_time":"2022-04-03T12:38:15+00:00","og_image":[{"width":1582,"height":1092,"url":"https:\/\/radarservice.eu\/wp-content\/uploads\/2021\/01\/multi_color_magnetic_display.jpg","type":"image\/jpeg"}],"twitter_card":"summary_large_image","twitter_misc":{"Tempo di lettura stimato":"3 minuti"},"schema":{"@context":"https:\/\/schema.org","@graph":[{"@type":"WebPage","@id":"https:\/\/radarservice.eu\/it\/prodotto\/genevo-assist-pro-2-m-fisso-montaggio\/","url":"https:\/\/radarservice.eu\/it\/prodotto\/genevo-assist-pro-2-m-fisso-montaggio\/","name":"Genevo Assist Pro II M (HDM+) rilevatore radar fisso nascosto","isPartOf":{"@id":"https:\/\/radarservice.eu\/it\/#website"},"primaryImageOfPage":{"@id":"https:\/\/radarservice.eu\/it\/prodotto\/genevo-assist-pro-2-m-fisso-montaggio\/#primaryimage"},"image":{"@id":"https:\/\/radarservice.eu\/it\/prodotto\/genevo-assist-pro-2-m-fisso-montaggio\/#primaryimage"},"thumbnailUrl":"https:\/\/radarservice.eu\/wp-content\/uploads\/2021\/01\/multi_color_magnetic_display.jpg","datePublished":"2021-01-13T01:01:00+00:00","dateModified":"2022-04-03T12:38:15+00:00","description":"Il rilevatore radar fisso Genevo Assist Pro HDM+ \u00e8 attualmente la migliore soluzione completa di fascia alta con avviso MultaRadar e Gatso.","breadcrumb":{"@id":"https:\/\/radarservice.eu\/it\/prodotto\/genevo-assist-pro-2-m-fisso-montaggio\/#breadcrumb"},"inLanguage":"it-IT","potentialAction":[{"@type":"ReadAction","target":["https:\/\/radarservice.eu\/it\/prodotto\/genevo-assist-pro-2-m-fisso-montaggio\/"]}]},{"@type":"ImageObject","inLanguage":"it-IT","@id":"https:\/\/radarservice.eu\/it\/prodotto\/genevo-assist-pro-2-m-fisso-montaggio\/#primaryimage","url":"https:\/\/radarservice.eu\/wp-content\/uploads\/2021\/01\/multi_color_magnetic_display.jpg","contentUrl":"https:\/\/radarservice.eu\/wp-content\/uploads\/2021\/01\/multi_color_magnetic_display.jpg","width":1582,"height":1092,"caption":"Genevo Assist Pro II M"},{"@type":"BreadcrumbList","@id":"https:\/\/radarservice.eu\/it\/prodotto\/genevo-assist-pro-2-m-fisso-montaggio\/#breadcrumb","itemListElement":[{"@type":"ListItem","position":1,"name":"Negozio","item":"https:\/\/radarservice.eu\/it\/negozio\/"},{"@type":"ListItem","position":2,"name":"Genevo Assist Pro II M (HDM+)"}]},{"@type":"WebSite","@id":"https:\/\/radarservice.eu\/it\/#website","url":"https:\/\/radarservice.eu\/it\/","name":"Radar Service","description":"Radar detector Laser jammer mobile fix","publisher":{"@id":"https:\/\/radarservice.eu\/it\/#organization"},"potentialAction":[{"@type":"SearchAction","target":{"@type":"EntryPoint","urlTemplate":"https:\/\/radarservice.eu\/it\/?s={search_term_string}"},"query-input":{"@type":"PropertyValueSpecification","valueRequired":true,"valueName":"search_term_string"}}],"inLanguage":"it-IT"},{"@type":"Organization","@id":"https:\/\/radarservice.eu\/it\/#organization","name":"RadarService","url":"https:\/\/radarservice.eu\/it\/","logo":{"@type":"ImageObject","inLanguage":"it-IT","@id":"https:\/\/radarservice.eu\/it\/#\/schema\/logo\/image\/","url":"https:\/\/radarservice.eu\/wp-content\/uploads\/2021\/03\/Radar_detector_service.png","contentUrl":"https:\/\/radarservice.eu\/wp-content\/uploads\/2021\/03\/Radar_detector_service.png","width":174,"height":48,"caption":"RadarService"},"image":{"@id":"https:\/\/radarservice.eu\/it\/#\/schema\/logo\/image\/"}}]}},"_links":{"self":[{"href":"https:\/\/radarservice.eu\/it\/wp-json\/wp\/v2\/product\/14702","targetHints":{"allow":["GET"]}}],"collection":[{"href":"https:\/\/radarservice.eu\/it\/wp-json\/wp\/v2\/product"}],"about":[{"href":"https:\/\/radarservice.eu\/it\/wp-json\/wp\/v2\/types\/product"}],"replies":[{"embeddable":true,"href":"https:\/\/radarservice.eu\/it\/wp-json\/wp\/v2\/comments?post=14702"}],"wp:featuredmedia":[{"embeddable":true,"href":"https:\/\/radarservice.eu\/it\/wp-json\/wp\/v2\/media\/14707"}],"wp:attachment":[{"href":"https:\/\/radarservice.eu\/it\/wp-json\/wp\/v2\/media?parent=14702"}],"wp:term":[{"taxonomy":"product_brand","embeddable":true,"href":"https:\/\/radarservice.eu\/it\/wp-json\/wp\/v2\/product_brand?post=14702"},{"taxonomy":"product_cat","embeddable":true,"href":"https:\/\/radarservice.eu\/it\/wp-json\/wp\/v2\/product_cat?post=14702"},{"taxonomy":"product_tag","embeddable":true,"href":"https:\/\/radarservice.eu\/it\/wp-json\/wp\/v2\/product_tag?post=14702"}],"curies":[{"name":"wp","href":"https:\/\/api.w.org\/{rel}","templated":true}]}}