{"id":19620,"date":"2024-12-20T16:02:43","date_gmt":"2024-12-20T15:02:43","guid":{"rendered":"https:\/\/radarservice.eu\/produkt\/whistler-gt-268xi-edition-france\/"},"modified":"2024-12-20T16:02:43","modified_gmt":"2024-12-20T15:02:43","slug":"whistler-gt-268xi-edition-france","status":"publish","type":"product","link":"https:\/\/radarservice.eu\/fr\/produit\/whistler-gt-268xi-edition-france\/","title":{"rendered":"WHISTLER GT-268Xi \u00c9DITION FRANCE"},"content":{"rendered":"<ul>\n<li>Le syst\u00e8me FDSR (Field Disturbance Sensor Rejection) combat les fausses alertes caus\u00e9es par les syst\u00e8mes de pr\u00e9vention des collisions et de d\u00e9tection des angles morts dans les v\u00e9hicules r\u00e9cents.<\/li>\n<li>TFSR (Traffic Flow Sensor Rejection) aide \u00e0 \u00e9liminer les alertes provenant des capteurs de flux de trafic bas\u00e9s sur un radar.<\/li>\n<li>L\u2019AFFICHAGE NUM\u00c9RIQUE PAR IC\u00d4NES fournit des symboles visuels distincts des alertes d\u00e9tect\u00e9es et des modes engag\u00e9s. L\u2019intensit\u00e9 du signal est indiqu\u00e9e par un chiffre (1-9).<\/li>\n<li>Le MODE Ka NARROW ne recherche que les fr\u00e9quences Ka suivantes : 34,0 GHz et 34,3 GHz<\/li>\n<li>D\u00c9TECTIONNE LES PISTOLET LASER EUROP\u00c9ENS (Traffipatrol XR, Riegl, Jenoptik, Laveg, Truspeed et autres).<\/li>\n<li>MODES LASER SELECTABLES permettant la s\u00e9lection de plusieurs segments de fr\u00e9quence d\u2019impulsion, y compris TRAFFIPATROL XR, LISD et les pistolets laser avec MODES STEALTH.<\/li>\n<li>MODES DE FILTRE X\/K Offrent des niveaux suppl\u00e9mentaires de rejet pour r\u00e9duire les fausses alertes caus\u00e9es par les syst\u00e8mes de surveillance du trafic par radar, y compris l\u2019assistant de changement de voie bas\u00e9 sur le radar.<\/li>\n<li>Les MODES FILTRE Ka offrent plusieurs niveaux de traitement du signal pour r\u00e9duire les fausses alertes caus\u00e9es par certains d\u00e9tecteurs de radars<br \/>\nL\u2019identifiant de signature laser exclusif WHISTLER (LSID) indique les impulsions par seconde (PPS) transmises par le laser de vitesse ou d\u2019autres formes de sources laser.<\/li>\n<li>D\u00c9TECTION DU MODE POP\u2122 : capacit\u00e9 avanc\u00e9e de d\u00e9tection de la vitesse r\u00e9pondant \u00e0 de brefs \u00e9clats de radar.<\/li>\n<li>PERISCOPES D\u2019ALERTE Les LED sur le dessus de l\u2019unit\u00e9 fournissent une alerte visuelle suppl\u00e9mentaire.<\/li>\n<li>COUVERTURE MAXX 360\u00b0 d\u00e9tecte l\u2019avant, les c\u00f4t\u00e9s et l\u2019arri\u00e8re.<\/li>\n<li>3 MODES VILLE (Ville, Ville 1, Ville 2) r\u00e9duisent la g\u00eane occasionn\u00e9e par les fausses alertes.<\/li>\n<li>L\u2019OBJECTIF HAUT GAIN offre un champ de vision plus large, ce qui signifie une meilleure port\u00e9e.<\/li>\n<li>LES ALERTS TONIQUES fournissent des alertes sonores pour les bandes re\u00e7ues.<\/li>\n<li>STAY ALERT\u2122 La fonction exclusive de Whistler qui teste votre vigilance lors de longs voyages.<\/li>\n<li>DIM \/ DARK MODES r\u00e9duit l\u2019\u00e9clairage de l\u2019\u00e9cran.<\/li>\n<li>MODES QUIET \/ AUTO QUIET r\u00e9duisent au silence les alertes audio<\/li>\n<li>ALERT PRIORITY affiche le signal le plus important lorsque plusieurs sont d\u00e9tect\u00e9s.<\/li>\n<li>SETTING SAVER enregistre les r\u00e9glages personnalis\u00e9s lorsque l\u2019appareil est \u00e9teint.<\/li>\n<li>L\u2019\u00c9CONOMISEUR DE BATTERIE DE V\u00c9HICULE \u00e9teint automatiquement votre d\u00e9tecteur si vous oubliez de l\u2019\u00e9teindre.<\/li>\n<li>D\u00c9TECTION VG-2 : lorsque cette fonction est activ\u00e9e, l\u2019appareil \u00e9met une alerte VG-2 lorsqu\u2019il est d\u00e9tect\u00e9.<\/li>\n<\/ul>\n","protected":false},"excerpt":{"rendered":"<p><strong>Whistler est un innovateur dans l\u2019\u00e9lectronique automobile depuis pr\u00e8s de 50 ans.<\/strong>\u00a0Au d\u00e9but des ann\u00e9es 1970, Whistler a lanc\u00e9 son premier d\u00e9tecteur de radar et est depuis lors un leader sur ce march\u00e9.<\/p>\n<p>La nouvelle Whistler GT 268 Xi offre une performance de d\u00e9tection radar am\u00e9lior\u00e9e pour l\u2019Europe par rapport \u00e0 la s\u00e9rie Whistler 130\/138 Xi.<\/p>\n<ul>\n<li>met en garde contre les radars mobiles<\/li>\n<li>met en garde contre les pistolets laser<\/li>\n<li>Puissance plus \u00e9lev\u00e9e \u00e0 la r\u00e9ception<\/li>\n<li>Type de montage : cockpit<\/li>\n<\/ul>\n<p>&nbsp;<\/p>\n","protected":false},"featured_media":19611,"comment_status":"open","ping_status":"closed","template":"","meta":[],"product_brand":[],"product_cat":[320,2422],"product_tag":[],"class_list":{"0":"post-19620","1":"product","2":"type-product","3":"status-publish","4":"has-post-thumbnail","6":"product_cat-detecteurs-de-radar-portable","7":"product_cat-whistler-fr","9":"first","10":"instock","11":"sale","12":"taxable","13":"shipping-taxable","14":"purchasable","15":"product-type-simple"},"yoast_head":"<!-- This site is optimized with the Yoast SEO plugin v27.2 - https:\/\/yoast.com\/product\/yoast-seo-wordpress\/ -->\n<title>WHISTLER GT-268Xi \u00c9DITION FRANCE | Radar Service<\/title>\n<meta name=\"description\" content=\"WHISTLER GT-268Xi \u00c9DITION FRANCE | Radar Service\" \/>\n<meta name=\"robots\" content=\"index, follow, max-snippet:-1, max-image-preview:large, max-video-preview:-1\" \/>\n<link rel=\"canonical\" href=\"https:\/\/radarservice.eu\/fr\/produit\/whistler-gt-268xi-edition-france\/\" \/>\n<meta property=\"og:locale\" content=\"fr_FR\" \/>\n<meta property=\"og:type\" content=\"article\" \/>\n<meta property=\"og:title\" content=\"WHISTLER GT-268Xi \u00c9DITION FRANCE | Radar Service\" \/>\n<meta property=\"og:description\" content=\"WHISTLER GT-268Xi \u00c9DITION FRANCE | Radar Service\" \/>\n<meta property=\"og:url\" content=\"https:\/\/radarservice.eu\/fr\/produit\/whistler-gt-268xi-edition-france\/\" \/>\n<meta property=\"og:site_name\" content=\"Radar Service\" \/>\n<meta property=\"og:image\" content=\"https:\/\/radarservice.eu\/wp-content\/uploads\/2024\/12\/whistler-radar-detector-gt-238xi-international.png\" \/>\n\t<meta property=\"og:image:width\" content=\"1200\" \/>\n\t<meta property=\"og:image:height\" content=\"984\" \/>\n\t<meta property=\"og:image:type\" content=\"image\/png\" \/>\n<meta name=\"twitter:card\" content=\"summary_large_image\" \/>\n<meta name=\"twitter:label1\" content=\"Dur\u00e9e de lecture estim\u00e9e\" \/>\n\t<meta name=\"twitter:data1\" content=\"2 minutes\" \/>\n<script type=\"application\/ld+json\" class=\"yoast-schema-graph\">{\"@context\":\"https:\/\/schema.org\",\"@graph\":[{\"@type\":\"WebPage\",\"@id\":\"https:\/\/radarservice.eu\/fr\/produit\/whistler-gt-268xi-edition-france\/\",\"url\":\"https:\/\/radarservice.eu\/fr\/produit\/whistler-gt-268xi-edition-france\/\",\"name\":\"WHISTLER GT-268Xi \u00c9DITION FRANCE | Radar Service\",\"isPartOf\":{\"@id\":\"https:\/\/radarservice.eu\/fr\/#website\"},\"primaryImageOfPage\":{\"@id\":\"https:\/\/radarservice.eu\/fr\/produit\/whistler-gt-268xi-edition-france\/#primaryimage\"},\"image\":{\"@id\":\"https:\/\/radarservice.eu\/fr\/produit\/whistler-gt-268xi-edition-france\/#primaryimage\"},\"thumbnailUrl\":\"https:\/\/radarservice.eu\/wp-content\/uploads\/2024\/12\/whistler-radar-detector-gt-238xi-international.png\",\"datePublished\":\"2024-12-20T15:02:43+00:00\",\"description\":\"WHISTLER GT-268Xi \u00c9DITION FRANCE | Radar Service\",\"breadcrumb\":{\"@id\":\"https:\/\/radarservice.eu\/fr\/produit\/whistler-gt-268xi-edition-france\/#breadcrumb\"},\"inLanguage\":\"fr-FR\",\"potentialAction\":[{\"@type\":\"ReadAction\",\"target\":[\"https:\/\/radarservice.eu\/fr\/produit\/whistler-gt-268xi-edition-france\/\"]}]},{\"@type\":\"ImageObject\",\"inLanguage\":\"fr-FR\",\"@id\":\"https:\/\/radarservice.eu\/fr\/produit\/whistler-gt-268xi-edition-france\/#primaryimage\",\"url\":\"https:\/\/radarservice.eu\/wp-content\/uploads\/2024\/12\/whistler-radar-detector-gt-238xi-international.png\",\"contentUrl\":\"https:\/\/radarservice.eu\/wp-content\/uploads\/2024\/12\/whistler-radar-detector-gt-238xi-international.png\",\"width\":1200,\"height\":984},{\"@type\":\"BreadcrumbList\",\"@id\":\"https:\/\/radarservice.eu\/fr\/produit\/whistler-gt-268xi-edition-france\/#breadcrumb\",\"itemListElement\":[{\"@type\":\"ListItem\",\"position\":1,\"name\":\"Boutique\",\"item\":\"https:\/\/radarservice.eu\/fr\/boutique\/\"},{\"@type\":\"ListItem\",\"position\":2,\"name\":\"WHISTLER GT-268Xi \u00c9DITION FRANCE\"}]},{\"@type\":\"WebSite\",\"@id\":\"https:\/\/radarservice.eu\/fr\/#website\",\"url\":\"https:\/\/radarservice.eu\/fr\/\",\"name\":\"Radar Service\",\"description\":\"Radar detector Laser jammer mobile fix\",\"publisher\":{\"@id\":\"https:\/\/radarservice.eu\/fr\/#organization\"},\"potentialAction\":[{\"@type\":\"SearchAction\",\"target\":{\"@type\":\"EntryPoint\",\"urlTemplate\":\"https:\/\/radarservice.eu\/fr\/?s={search_term_string}\"},\"query-input\":{\"@type\":\"PropertyValueSpecification\",\"valueRequired\":true,\"valueName\":\"search_term_string\"}}],\"inLanguage\":\"fr-FR\"},{\"@type\":\"Organization\",\"@id\":\"https:\/\/radarservice.eu\/fr\/#organization\",\"name\":\"RadarService\",\"url\":\"https:\/\/radarservice.eu\/fr\/\",\"logo\":{\"@type\":\"ImageObject\",\"inLanguage\":\"fr-FR\",\"@id\":\"https:\/\/radarservice.eu\/fr\/#\/schema\/logo\/image\/\",\"url\":\"https:\/\/radarservice.eu\/wp-content\/uploads\/2021\/03\/Radar_detector_service.png\",\"contentUrl\":\"https:\/\/radarservice.eu\/wp-content\/uploads\/2021\/03\/Radar_detector_service.png\",\"width\":174,\"height\":48,\"caption\":\"RadarService\"},\"image\":{\"@id\":\"https:\/\/radarservice.eu\/fr\/#\/schema\/logo\/image\/\"}}]}<\/script>\n<!-- \/ Yoast SEO plugin. -->","yoast_head_json":{"title":"WHISTLER GT-268Xi \u00c9DITION FRANCE | Radar Service","description":"WHISTLER GT-268Xi \u00c9DITION FRANCE | Radar Service","robots":{"index":"index","follow":"follow","max-snippet":"max-snippet:-1","max-image-preview":"max-image-preview:large","max-video-preview":"max-video-preview:-1"},"canonical":"https:\/\/radarservice.eu\/fr\/produit\/whistler-gt-268xi-edition-france\/","og_locale":"fr_FR","og_type":"article","og_title":"WHISTLER GT-268Xi \u00c9DITION FRANCE | Radar Service","og_description":"WHISTLER GT-268Xi \u00c9DITION FRANCE | Radar Service","og_url":"https:\/\/radarservice.eu\/fr\/produit\/whistler-gt-268xi-edition-france\/","og_site_name":"Radar Service","og_image":[{"width":1200,"height":984,"url":"https:\/\/radarservice.eu\/wp-content\/uploads\/2024\/12\/whistler-radar-detector-gt-238xi-international.png","type":"image\/png"}],"twitter_card":"summary_large_image","twitter_misc":{"Dur\u00e9e de lecture estim\u00e9e":"2 minutes"},"schema":{"@context":"https:\/\/schema.org","@graph":[{"@type":"WebPage","@id":"https:\/\/radarservice.eu\/fr\/produit\/whistler-gt-268xi-edition-france\/","url":"https:\/\/radarservice.eu\/fr\/produit\/whistler-gt-268xi-edition-france\/","name":"WHISTLER GT-268Xi \u00c9DITION FRANCE | Radar Service","isPartOf":{"@id":"https:\/\/radarservice.eu\/fr\/#website"},"primaryImageOfPage":{"@id":"https:\/\/radarservice.eu\/fr\/produit\/whistler-gt-268xi-edition-france\/#primaryimage"},"image":{"@id":"https:\/\/radarservice.eu\/fr\/produit\/whistler-gt-268xi-edition-france\/#primaryimage"},"thumbnailUrl":"https:\/\/radarservice.eu\/wp-content\/uploads\/2024\/12\/whistler-radar-detector-gt-238xi-international.png","datePublished":"2024-12-20T15:02:43+00:00","description":"WHISTLER GT-268Xi \u00c9DITION FRANCE | Radar Service","breadcrumb":{"@id":"https:\/\/radarservice.eu\/fr\/produit\/whistler-gt-268xi-edition-france\/#breadcrumb"},"inLanguage":"fr-FR","potentialAction":[{"@type":"ReadAction","target":["https:\/\/radarservice.eu\/fr\/produit\/whistler-gt-268xi-edition-france\/"]}]},{"@type":"ImageObject","inLanguage":"fr-FR","@id":"https:\/\/radarservice.eu\/fr\/produit\/whistler-gt-268xi-edition-france\/#primaryimage","url":"https:\/\/radarservice.eu\/wp-content\/uploads\/2024\/12\/whistler-radar-detector-gt-238xi-international.png","contentUrl":"https:\/\/radarservice.eu\/wp-content\/uploads\/2024\/12\/whistler-radar-detector-gt-238xi-international.png","width":1200,"height":984},{"@type":"BreadcrumbList","@id":"https:\/\/radarservice.eu\/fr\/produit\/whistler-gt-268xi-edition-france\/#breadcrumb","itemListElement":[{"@type":"ListItem","position":1,"name":"Boutique","item":"https:\/\/radarservice.eu\/fr\/boutique\/"},{"@type":"ListItem","position":2,"name":"WHISTLER GT-268Xi \u00c9DITION FRANCE"}]},{"@type":"WebSite","@id":"https:\/\/radarservice.eu\/fr\/#website","url":"https:\/\/radarservice.eu\/fr\/","name":"Radar Service","description":"Radar detector Laser jammer mobile fix","publisher":{"@id":"https:\/\/radarservice.eu\/fr\/#organization"},"potentialAction":[{"@type":"SearchAction","target":{"@type":"EntryPoint","urlTemplate":"https:\/\/radarservice.eu\/fr\/?s={search_term_string}"},"query-input":{"@type":"PropertyValueSpecification","valueRequired":true,"valueName":"search_term_string"}}],"inLanguage":"fr-FR"},{"@type":"Organization","@id":"https:\/\/radarservice.eu\/fr\/#organization","name":"RadarService","url":"https:\/\/radarservice.eu\/fr\/","logo":{"@type":"ImageObject","inLanguage":"fr-FR","@id":"https:\/\/radarservice.eu\/fr\/#\/schema\/logo\/image\/","url":"https:\/\/radarservice.eu\/wp-content\/uploads\/2021\/03\/Radar_detector_service.png","contentUrl":"https:\/\/radarservice.eu\/wp-content\/uploads\/2021\/03\/Radar_detector_service.png","width":174,"height":48,"caption":"RadarService"},"image":{"@id":"https:\/\/radarservice.eu\/fr\/#\/schema\/logo\/image\/"}}]}},"_links":{"self":[{"href":"https:\/\/radarservice.eu\/fr\/wp-json\/wp\/v2\/product\/19620","targetHints":{"allow":["GET"]}}],"collection":[{"href":"https:\/\/radarservice.eu\/fr\/wp-json\/wp\/v2\/product"}],"about":[{"href":"https:\/\/radarservice.eu\/fr\/wp-json\/wp\/v2\/types\/product"}],"replies":[{"embeddable":true,"href":"https:\/\/radarservice.eu\/fr\/wp-json\/wp\/v2\/comments?post=19620"}],"wp:featuredmedia":[{"embeddable":true,"href":"https:\/\/radarservice.eu\/fr\/wp-json\/wp\/v2\/media\/19611"}],"wp:attachment":[{"href":"https:\/\/radarservice.eu\/fr\/wp-json\/wp\/v2\/media?parent=19620"}],"wp:term":[{"taxonomy":"product_brand","embeddable":true,"href":"https:\/\/radarservice.eu\/fr\/wp-json\/wp\/v2\/product_brand?post=19620"},{"taxonomy":"product_cat","embeddable":true,"href":"https:\/\/radarservice.eu\/fr\/wp-json\/wp\/v2\/product_cat?post=19620"},{"taxonomy":"product_tag","embeddable":true,"href":"https:\/\/radarservice.eu\/fr\/wp-json\/wp\/v2\/product_tag?post=19620"}],"curies":[{"name":"wp","href":"https:\/\/api.w.org\/{rel}","templated":true}]}}