{"id":16425,"date":"2022-03-21T17:04:32","date_gmt":"2022-03-21T16:04:32","guid":{"rendered":"https:\/\/radarservice.eu\/produkt\/antilaser-alp-tx-capteur\/"},"modified":"2022-03-21T17:04:32","modified_gmt":"2022-03-21T16:04:32","slug":"antilaser-alp-tx-capteur","status":"publish","type":"product","link":"https:\/\/radarservice.eu\/fr\/produit\/antilaser-alp-tx-capteur\/","title":{"rendered":"Antilaser ALP TX Capteur"},"content":{"rendered":"<p>Le nouveau ALP TX a \u00e9t\u00e9 con\u00e7u pour offrir une meilleure protection aux clients. Le capteur est plus puissant de plus de 50 % par rapport aux capteurs normaux. Cela permet \u00e9galement de perturber de mani\u00e8re fiable le nouveau pistolet laser DragonEye. <\/p>\n<p>Remarque : actuellement (mars 2022), le DragonEye n&rsquo;est utilis\u00e9 que de mani\u00e8re isol\u00e9e en Gr\u00e8ce. Pour tous les autres pays europ\u00e9ens, vous n&rsquo;avez pas besoin de capteur TX. <\/p>\n<p>Contenu de la livraison :<br \/>\n* capteur ALP TX<br \/>\n* c\u00e2ble de raccordement<br \/>\n* Accessoires d&rsquo;installation<\/p>\n","protected":false},"excerpt":{"rendered":"<p>Le nouveau ALP TX a \u00e9t\u00e9 con\u00e7u pour offrir une meilleure protection aux clients. Le capteur est plus puissant de plus de 50 % par rapport aux capteurs normaux. Cela permet \u00e9galement de perturber de mani\u00e8re fiable le nouveau pistolet laser DragonEye. Remarque : actuellement (mars 2022), le DragonEye n&rsquo;est utilis\u00e9 que de mani\u00e8re isol\u00e9e [&#8230;]\n","protected":false},"featured_media":16410,"comment_status":"open","ping_status":"closed","template":"","meta":[],"product_brand":[],"product_cat":[316,285,324,327],"product_tag":[],"class_list":{"0":"post-16425","1":"product","2":"type-product","3":"status-publish","4":"has-post-thumbnail","6":"product_cat-accessoires","7":"product_cat-antilaser-france","8":"product_cat-brouilleur-laser","9":"product_cat-marques","11":"first","12":"instock","13":"taxable","14":"shipping-taxable","15":"purchasable","16":"product-type-variable","17":"has-default-attributes"},"yoast_head":"<!-- This site is optimized with the Yoast SEO plugin v27.2 - https:\/\/yoast.com\/product\/yoast-seo-wordpress\/ -->\n<title>Antilaser ALP TX Capteur | Radar Service<\/title>\n<meta name=\"description\" content=\"Antilaser ALP TX Capteur | Radar Service\" \/>\n<meta name=\"robots\" content=\"index, follow, max-snippet:-1, max-image-preview:large, max-video-preview:-1\" \/>\n<link rel=\"canonical\" href=\"https:\/\/radarservice.eu\/fr\/produit\/antilaser-alp-tx-capteur\/\" \/>\n<meta property=\"og:locale\" content=\"fr_FR\" \/>\n<meta property=\"og:type\" content=\"article\" \/>\n<meta property=\"og:title\" content=\"Antilaser ALP TX Capteur | Radar Service\" \/>\n<meta property=\"og:description\" content=\"Antilaser ALP TX Capteur | Radar Service\" \/>\n<meta property=\"og:url\" content=\"https:\/\/radarservice.eu\/fr\/produit\/antilaser-alp-tx-capteur\/\" \/>\n<meta property=\"og:site_name\" content=\"Radar Service\" \/>\n<meta property=\"og:image\" content=\"https:\/\/radarservice.eu\/wp-content\/uploads\/2022\/03\/TX-Sensor-Black_sensor.jpg\" \/>\n\t<meta property=\"og:image:width\" content=\"2332\" \/>\n\t<meta property=\"og:image:height\" content=\"2000\" \/>\n\t<meta property=\"og:image:type\" content=\"image\/jpeg\" \/>\n<meta name=\"twitter:card\" content=\"summary_large_image\" \/>\n<script type=\"application\/ld+json\" class=\"yoast-schema-graph\">{\"@context\":\"https:\/\/schema.org\",\"@graph\":[{\"@type\":\"WebPage\",\"@id\":\"https:\/\/radarservice.eu\/fr\/produit\/antilaser-alp-tx-capteur\/\",\"url\":\"https:\/\/radarservice.eu\/fr\/produit\/antilaser-alp-tx-capteur\/\",\"name\":\"Antilaser ALP TX Capteur | Radar Service\",\"isPartOf\":{\"@id\":\"https:\/\/radarservice.eu\/fr\/#website\"},\"primaryImageOfPage\":{\"@id\":\"https:\/\/radarservice.eu\/fr\/produit\/antilaser-alp-tx-capteur\/#primaryimage\"},\"image\":{\"@id\":\"https:\/\/radarservice.eu\/fr\/produit\/antilaser-alp-tx-capteur\/#primaryimage\"},\"thumbnailUrl\":\"https:\/\/radarservice.eu\/wp-content\/uploads\/2022\/03\/TX-Sensor-Black_sensor.jpg\",\"datePublished\":\"2022-03-21T16:04:32+00:00\",\"description\":\"Antilaser ALP TX Capteur | Radar Service\",\"breadcrumb\":{\"@id\":\"https:\/\/radarservice.eu\/fr\/produit\/antilaser-alp-tx-capteur\/#breadcrumb\"},\"inLanguage\":\"fr-FR\",\"potentialAction\":[{\"@type\":\"ReadAction\",\"target\":[\"https:\/\/radarservice.eu\/fr\/produit\/antilaser-alp-tx-capteur\/\"]}]},{\"@type\":\"ImageObject\",\"inLanguage\":\"fr-FR\",\"@id\":\"https:\/\/radarservice.eu\/fr\/produit\/antilaser-alp-tx-capteur\/#primaryimage\",\"url\":\"https:\/\/radarservice.eu\/wp-content\/uploads\/2022\/03\/TX-Sensor-Black_sensor.jpg\",\"contentUrl\":\"https:\/\/radarservice.eu\/wp-content\/uploads\/2022\/03\/TX-Sensor-Black_sensor.jpg\",\"width\":2332,\"height\":2000,\"caption\":\"Antilaser ALP TX capteur\"},{\"@type\":\"BreadcrumbList\",\"@id\":\"https:\/\/radarservice.eu\/fr\/produit\/antilaser-alp-tx-capteur\/#breadcrumb\",\"itemListElement\":[{\"@type\":\"ListItem\",\"position\":1,\"name\":\"Boutique\",\"item\":\"https:\/\/radarservice.eu\/fr\/boutique\/\"},{\"@type\":\"ListItem\",\"position\":2,\"name\":\"Antilaser ALP TX Capteur\"}]},{\"@type\":\"WebSite\",\"@id\":\"https:\/\/radarservice.eu\/fr\/#website\",\"url\":\"https:\/\/radarservice.eu\/fr\/\",\"name\":\"Radar Service\",\"description\":\"Radar detector Laser jammer mobile fix\",\"publisher\":{\"@id\":\"https:\/\/radarservice.eu\/fr\/#organization\"},\"potentialAction\":[{\"@type\":\"SearchAction\",\"target\":{\"@type\":\"EntryPoint\",\"urlTemplate\":\"https:\/\/radarservice.eu\/fr\/?s={search_term_string}\"},\"query-input\":{\"@type\":\"PropertyValueSpecification\",\"valueRequired\":true,\"valueName\":\"search_term_string\"}}],\"inLanguage\":\"fr-FR\"},{\"@type\":\"Organization\",\"@id\":\"https:\/\/radarservice.eu\/fr\/#organization\",\"name\":\"RadarService\",\"url\":\"https:\/\/radarservice.eu\/fr\/\",\"logo\":{\"@type\":\"ImageObject\",\"inLanguage\":\"fr-FR\",\"@id\":\"https:\/\/radarservice.eu\/fr\/#\/schema\/logo\/image\/\",\"url\":\"https:\/\/radarservice.eu\/wp-content\/uploads\/2021\/03\/Radar_detector_service.png\",\"contentUrl\":\"https:\/\/radarservice.eu\/wp-content\/uploads\/2021\/03\/Radar_detector_service.png\",\"width\":174,\"height\":48,\"caption\":\"RadarService\"},\"image\":{\"@id\":\"https:\/\/radarservice.eu\/fr\/#\/schema\/logo\/image\/\"}}]}<\/script>\n<!-- \/ Yoast SEO plugin. -->","yoast_head_json":{"title":"Antilaser ALP TX Capteur | Radar Service","description":"Antilaser ALP TX Capteur | Radar Service","robots":{"index":"index","follow":"follow","max-snippet":"max-snippet:-1","max-image-preview":"max-image-preview:large","max-video-preview":"max-video-preview:-1"},"canonical":"https:\/\/radarservice.eu\/fr\/produit\/antilaser-alp-tx-capteur\/","og_locale":"fr_FR","og_type":"article","og_title":"Antilaser ALP TX Capteur | Radar Service","og_description":"Antilaser ALP TX Capteur | Radar Service","og_url":"https:\/\/radarservice.eu\/fr\/produit\/antilaser-alp-tx-capteur\/","og_site_name":"Radar Service","og_image":[{"width":2332,"height":2000,"url":"https:\/\/radarservice.eu\/wp-content\/uploads\/2022\/03\/TX-Sensor-Black_sensor.jpg","type":"image\/jpeg"}],"twitter_card":"summary_large_image","schema":{"@context":"https:\/\/schema.org","@graph":[{"@type":"WebPage","@id":"https:\/\/radarservice.eu\/fr\/produit\/antilaser-alp-tx-capteur\/","url":"https:\/\/radarservice.eu\/fr\/produit\/antilaser-alp-tx-capteur\/","name":"Antilaser ALP TX Capteur | Radar Service","isPartOf":{"@id":"https:\/\/radarservice.eu\/fr\/#website"},"primaryImageOfPage":{"@id":"https:\/\/radarservice.eu\/fr\/produit\/antilaser-alp-tx-capteur\/#primaryimage"},"image":{"@id":"https:\/\/radarservice.eu\/fr\/produit\/antilaser-alp-tx-capteur\/#primaryimage"},"thumbnailUrl":"https:\/\/radarservice.eu\/wp-content\/uploads\/2022\/03\/TX-Sensor-Black_sensor.jpg","datePublished":"2022-03-21T16:04:32+00:00","description":"Antilaser ALP TX Capteur | Radar Service","breadcrumb":{"@id":"https:\/\/radarservice.eu\/fr\/produit\/antilaser-alp-tx-capteur\/#breadcrumb"},"inLanguage":"fr-FR","potentialAction":[{"@type":"ReadAction","target":["https:\/\/radarservice.eu\/fr\/produit\/antilaser-alp-tx-capteur\/"]}]},{"@type":"ImageObject","inLanguage":"fr-FR","@id":"https:\/\/radarservice.eu\/fr\/produit\/antilaser-alp-tx-capteur\/#primaryimage","url":"https:\/\/radarservice.eu\/wp-content\/uploads\/2022\/03\/TX-Sensor-Black_sensor.jpg","contentUrl":"https:\/\/radarservice.eu\/wp-content\/uploads\/2022\/03\/TX-Sensor-Black_sensor.jpg","width":2332,"height":2000,"caption":"Antilaser ALP TX capteur"},{"@type":"BreadcrumbList","@id":"https:\/\/radarservice.eu\/fr\/produit\/antilaser-alp-tx-capteur\/#breadcrumb","itemListElement":[{"@type":"ListItem","position":1,"name":"Boutique","item":"https:\/\/radarservice.eu\/fr\/boutique\/"},{"@type":"ListItem","position":2,"name":"Antilaser ALP TX Capteur"}]},{"@type":"WebSite","@id":"https:\/\/radarservice.eu\/fr\/#website","url":"https:\/\/radarservice.eu\/fr\/","name":"Radar Service","description":"Radar detector Laser jammer mobile fix","publisher":{"@id":"https:\/\/radarservice.eu\/fr\/#organization"},"potentialAction":[{"@type":"SearchAction","target":{"@type":"EntryPoint","urlTemplate":"https:\/\/radarservice.eu\/fr\/?s={search_term_string}"},"query-input":{"@type":"PropertyValueSpecification","valueRequired":true,"valueName":"search_term_string"}}],"inLanguage":"fr-FR"},{"@type":"Organization","@id":"https:\/\/radarservice.eu\/fr\/#organization","name":"RadarService","url":"https:\/\/radarservice.eu\/fr\/","logo":{"@type":"ImageObject","inLanguage":"fr-FR","@id":"https:\/\/radarservice.eu\/fr\/#\/schema\/logo\/image\/","url":"https:\/\/radarservice.eu\/wp-content\/uploads\/2021\/03\/Radar_detector_service.png","contentUrl":"https:\/\/radarservice.eu\/wp-content\/uploads\/2021\/03\/Radar_detector_service.png","width":174,"height":48,"caption":"RadarService"},"image":{"@id":"https:\/\/radarservice.eu\/fr\/#\/schema\/logo\/image\/"}}]}},"_links":{"self":[{"href":"https:\/\/radarservice.eu\/fr\/wp-json\/wp\/v2\/product\/16425","targetHints":{"allow":["GET"]}}],"collection":[{"href":"https:\/\/radarservice.eu\/fr\/wp-json\/wp\/v2\/product"}],"about":[{"href":"https:\/\/radarservice.eu\/fr\/wp-json\/wp\/v2\/types\/product"}],"replies":[{"embeddable":true,"href":"https:\/\/radarservice.eu\/fr\/wp-json\/wp\/v2\/comments?post=16425"}],"wp:featuredmedia":[{"embeddable":true,"href":"https:\/\/radarservice.eu\/fr\/wp-json\/wp\/v2\/media\/16410"}],"wp:attachment":[{"href":"https:\/\/radarservice.eu\/fr\/wp-json\/wp\/v2\/media?parent=16425"}],"wp:term":[{"taxonomy":"product_brand","embeddable":true,"href":"https:\/\/radarservice.eu\/fr\/wp-json\/wp\/v2\/product_brand?post=16425"},{"taxonomy":"product_cat","embeddable":true,"href":"https:\/\/radarservice.eu\/fr\/wp-json\/wp\/v2\/product_cat?post=16425"},{"taxonomy":"product_tag","embeddable":true,"href":"https:\/\/radarservice.eu\/fr\/wp-json\/wp\/v2\/product_tag?post=16425"}],"curies":[{"name":"wp","href":"https:\/\/api.w.org\/{rel}","templated":true}]}}