{"id":14699,"date":"2020-09-13T14:47:03","date_gmt":"2020-09-13T12:47:03","guid":{"rendered":"https:\/\/radarservice.eu\/produkt\/genevo-one-s-detecteur-de-radars-noir\/"},"modified":"2023-04-02T20:26:06","modified_gmt":"2023-04-02T18:26:06","slug":"genevo-one-s-detecteur-de-radars-noir","status":"publish","type":"product","link":"https:\/\/radarservice.eu\/fr\/produit\/genevo-one-s-detecteur-de-radars-noir\/","title":{"rendered":"Genevo One S &#8211; D\u00e9tecteur de radars noir"},"content":{"rendered":"<\/p>\n<p>Avec sa nouvelle antenne radar UHD, le Genevo G1 S Black Edition a \u00e9t\u00e9 sp\u00e9cialement d\u00e9velopp\u00e9 pour le march\u00e9 europ\u00e9en.<\/p>\n<p>.\n<\/p>\n<p>Si n\u00e9cessaire, un mode l\u00e9gal (affichage de la vitesse uniquement) peut \u00eatre activ\u00e9 sur le Genevo Black Edition par simple pression sur un bouton, d\u00e9sactivant ainsi la fonction d&rsquo;avertissement radar et laser non autoris\u00e9e. La fonction d&rsquo;avertissement radar peut \u00eatre r\u00e9activ\u00e9e ult\u00e9rieurement sur l&rsquo;ordinateur portable ou le PC domestique.<\/p>\n<p>.<\/p>\n<p>Le d\u00e9tecteur de radars Genevo One S Black est parfait pour une utilisation mobile du d\u00e9tecteur de radars. Il offre les meilleurs r\u00e9sultats de pr\u00e9-alerte pour les mesures de vitesse mobiles ainsi qu&rsquo;un avertissement \u00e0 l&rsquo;\u00e9chelle europ\u00e9enne des radars fixes.<br \/>.<br \/>\nLes mises \u00e0 jour permanentes de la base de donn\u00e9es de l&rsquo;UE pour les Radafallen fixes sont selbstverst\u00e4ndlich inclusive.<\/p>\n<p>.\n<\/p>\n<p>Le Genevo S Black signale les contr\u00f4les de vitesse \u00e0 la fois sur le nouvel \u00e9cran matriciel et au moyen d&rsquo;une annonce vocale en allemand. Le conducteur re\u00e7oit des informations d\u00e9taill\u00e9es sur les objets d\u00e9tect\u00e9s.<br \/>\npi\u00e8ge \u00e0 vitesse, alerte POI ou mesure laser. Dans le cas d&rsquo;une d\u00e9tection radar, la force du signal est \u00e9galement affich\u00e9e au moyen d&rsquo;un signal sonore pour indiquer la distance du pi\u00e8ge radar.<\/p>\n<p>.\n<\/p>\n<p>L&rsquo;utilisateur peut \u00e9galement sauvegarder ou supprimer ses propres emplacements GPS (POI) afin qu&rsquo;un avertissement sonore soit donn\u00e9 \u00e0 ces endroits si on le souhaite.<\/p>\n<p>.\n<\/p>\n<p>Le Genevo G1 S Black Edition peut \u00eatre programm\u00e9 selon les besoins \u00e0 l&rsquo;aide d&rsquo;un menu en allemand, ce qui le rend personnalisable en fonction des besoins et des pr\u00e9f\u00e9rences particuli\u00e8res du client.<\/p>\n<p><strong>Overview:<\/strong><br \/>\n+ le d\u00e9tecteur de radar mobile le plus compact avec antenne radar pour les radars mobiles ainsi que la technologie GPS<br \/>.<br \/>\n+ D\u00e9tection \u00e0 360 \u00b0 degr\u00e9s de toutes les sources de radar en Europe (bande X \/ K \/ Ka)<br \/>\n+ Avertissement de la mesure radar<br \/>\n+ Avertissement des mesures laser<br \/>\n+ Avertissement de radar stationnaire<br \/>\n+ Avertissement de la surveillance des feux rouges<br \/>\n+ Avertissement des mesures de contr\u00f4le de section<br \/> + Avertissement des mesures de contr\u00f4le de section<br \/>\n+ Possibilit\u00e9s de configuration par le biais du menu allemand<br \/>\n+ Mise \u00e0 jour via une connexion USB<br \/> + base de donn\u00e9es EUROPA pour les radars fixes<br \/>\n+ la base de donn\u00e9es EUROPA pour les radars fixes est d\u00e9j\u00e0 pr\u00e9install\u00e9e<br \/>\n+ Mises \u00e0 jour permanentes de la base de donn\u00e9es de l&rsquo;UE incluses<br \/>\n+ Signaux d&rsquo;alarme et r\u00e9glages enti\u00e8rement en allemand<br \/>\n+ adapt\u00e9 \u00e0 une utilisation en Europe<br \/>\n+ des points de danger propres stockables<\/p>\n<p><strong>Etendue de la fourniture :<\/strong><br \/>\n* D\u00e9tecteur de radar Genevo One S Black Edition avec r\u00e9cepteur GPS int\u00e9gr\u00e9<br \/>.<br \/>\n* Base de donn\u00e9es europ\u00e9enne pr\u00e9install\u00e9e pour toute l&rsquo;Europe<br \/>\n* Accessoires pour le montage sur le pare-brise (ventouses)<br \/>\n* Alimentation 12V avec connexion \u00e0 l&rsquo;allume-cigare<br \/>\n* Mode d&#8217;emploi allemand<br \/>\n* Garantie de 24 mois<\/p>\n<p><strong>Note : <\/strong>Le Genevo One S Black Edition dispose d&rsquo;une r\u00e9ception laser, mais pour une protection laser s\u00fbre, nous recommandons l&rsquo;utilisation d&rsquo;un bloqueur de laser actif, par exemple Antilaser ALP Priority ou Lasertrack Flare.<\/p>\n<p>.<\/p>\n","protected":false},"excerpt":{"rendered":"<p>Avec sa nouvelle antenne radar UHD, le Genevo G1 S Black Edition a \u00e9t\u00e9 sp\u00e9cialement d\u00e9velopp\u00e9 pour le march\u00e9 europ\u00e9en. . Si n\u00e9cessaire, un mode l\u00e9gal (affichage de la vitesse uniquement) peut \u00eatre activ\u00e9 sur le Genevo Black Edition par simple pression sur un bouton, d\u00e9sactivant ainsi la fonction d&rsquo;avertissement radar et laser non autoris\u00e9e. [&#8230;]\n","protected":false},"featured_media":14240,"comment_status":"open","ping_status":"closed","template":"","meta":[],"product_brand":[],"product_cat":[320,295],"product_tag":[642,678,424,679,436,467],"class_list":{"0":"post-14699","1":"product","2":"type-product","3":"status-publish","4":"has-post-thumbnail","6":"product_cat-detecteurs-de-radar-portable","7":"product_cat-genevo-france","8":"product_tag-avertisseur-de-radar-mobile","9":"product_tag-detecteur-de-radar-haut-de-gamme","10":"product_tag-europa-fr","11":"product_tag-gagnant-du-test","12":"product_tag-genevo-g1-s-black-edition-fr","13":"product_tag-genevo-one-s-black-edition-fr","15":"first","16":"instock","17":"taxable","18":"shipping-taxable","19":"purchasable","20":"product-type-simple"},"yoast_head":"<!-- This site is optimized with the Yoast SEO plugin v27.2 - https:\/\/yoast.com\/product\/yoast-seo-wordpress\/ -->\n<title>Genevo One S - D\u00e9tecteur de radars noir | Radar Service<\/title>\n<meta name=\"description\" content=\"Avec sa nouvelle antenne radar UHD, le Genevo G1 S Black Edition a \u00e9t\u00e9 sp\u00e9cialement con\u00e7u pour le march\u00e9 europ\u00e9en.\" \/>\n<meta name=\"robots\" content=\"index, follow, max-snippet:-1, max-image-preview:large, max-video-preview:-1\" \/>\n<link rel=\"canonical\" href=\"https:\/\/radarservice.eu\/fr\/produit\/genevo-one-s-detecteur-de-radars-noir\/\" \/>\n<meta property=\"og:locale\" content=\"fr_FR\" \/>\n<meta property=\"og:type\" content=\"article\" \/>\n<meta property=\"og:title\" content=\"Genevo One S - D\u00e9tecteur de radars noir | Radar Service\" \/>\n<meta property=\"og:description\" content=\"Avec sa nouvelle antenne radar UHD, le Genevo G1 S Black Edition a \u00e9t\u00e9 sp\u00e9cialement con\u00e7u pour le march\u00e9 europ\u00e9en.\" \/>\n<meta property=\"og:url\" content=\"https:\/\/radarservice.eu\/fr\/produit\/genevo-one-s-detecteur-de-radars-noir\/\" \/>\n<meta property=\"og:site_name\" content=\"Radar Service\" \/>\n<meta property=\"article:modified_time\" content=\"2023-04-02T18:26:06+00:00\" \/>\n<meta property=\"og:image\" content=\"https:\/\/radarservice.eu\/wp-content\/uploads\/2020\/09\/genevo-black-edition-radarwarner.jpg\" \/>\n\t<meta property=\"og:image:width\" content=\"800\" \/>\n\t<meta property=\"og:image:height\" content=\"636\" \/>\n\t<meta property=\"og:image:type\" content=\"image\/jpeg\" \/>\n<meta name=\"twitter:card\" content=\"summary_large_image\" \/>\n<meta name=\"twitter:label1\" content=\"Dur\u00e9e de lecture estim\u00e9e\" \/>\n\t<meta name=\"twitter:data1\" content=\"3 minutes\" \/>\n<script type=\"application\/ld+json\" class=\"yoast-schema-graph\">{\"@context\":\"https:\/\/schema.org\",\"@graph\":[{\"@type\":\"WebPage\",\"@id\":\"https:\/\/radarservice.eu\/fr\/produit\/genevo-one-s-detecteur-de-radars-noir\/\",\"url\":\"https:\/\/radarservice.eu\/fr\/produit\/genevo-one-s-detecteur-de-radars-noir\/\",\"name\":\"Genevo One S - D\u00e9tecteur de radars noir | Radar Service\",\"isPartOf\":{\"@id\":\"https:\/\/radarservice.eu\/fr\/#website\"},\"primaryImageOfPage\":{\"@id\":\"https:\/\/radarservice.eu\/fr\/produit\/genevo-one-s-detecteur-de-radars-noir\/#primaryimage\"},\"image\":{\"@id\":\"https:\/\/radarservice.eu\/fr\/produit\/genevo-one-s-detecteur-de-radars-noir\/#primaryimage\"},\"thumbnailUrl\":\"https:\/\/radarservice.eu\/wp-content\/uploads\/2020\/09\/genevo-black-edition-radarwarner.jpg\",\"datePublished\":\"2020-09-13T12:47:03+00:00\",\"dateModified\":\"2023-04-02T18:26:06+00:00\",\"description\":\"Avec sa nouvelle antenne radar UHD, le Genevo G1 S Black Edition a \u00e9t\u00e9 sp\u00e9cialement con\u00e7u pour le march\u00e9 europ\u00e9en.\",\"breadcrumb\":{\"@id\":\"https:\/\/radarservice.eu\/fr\/produit\/genevo-one-s-detecteur-de-radars-noir\/#breadcrumb\"},\"inLanguage\":\"fr-FR\",\"potentialAction\":[{\"@type\":\"ReadAction\",\"target\":[\"https:\/\/radarservice.eu\/fr\/produit\/genevo-one-s-detecteur-de-radars-noir\/\"]}]},{\"@type\":\"ImageObject\",\"inLanguage\":\"fr-FR\",\"@id\":\"https:\/\/radarservice.eu\/fr\/produit\/genevo-one-s-detecteur-de-radars-noir\/#primaryimage\",\"url\":\"https:\/\/radarservice.eu\/wp-content\/uploads\/2020\/09\/genevo-black-edition-radarwarner.jpg\",\"contentUrl\":\"https:\/\/radarservice.eu\/wp-content\/uploads\/2020\/09\/genevo-black-edition-radarwarner.jpg\",\"width\":800,\"height\":636,\"caption\":\"Genevo One S - D\u00e9tecteur de radars noir\"},{\"@type\":\"BreadcrumbList\",\"@id\":\"https:\/\/radarservice.eu\/fr\/produit\/genevo-one-s-detecteur-de-radars-noir\/#breadcrumb\",\"itemListElement\":[{\"@type\":\"ListItem\",\"position\":1,\"name\":\"Boutique\",\"item\":\"https:\/\/radarservice.eu\/fr\/boutique\/\"},{\"@type\":\"ListItem\",\"position\":2,\"name\":\"Genevo One S &#8211; D\u00e9tecteur de radars noir\"}]},{\"@type\":\"WebSite\",\"@id\":\"https:\/\/radarservice.eu\/fr\/#website\",\"url\":\"https:\/\/radarservice.eu\/fr\/\",\"name\":\"Radar Service\",\"description\":\"Radar detector Laser jammer mobile fix\",\"publisher\":{\"@id\":\"https:\/\/radarservice.eu\/fr\/#organization\"},\"potentialAction\":[{\"@type\":\"SearchAction\",\"target\":{\"@type\":\"EntryPoint\",\"urlTemplate\":\"https:\/\/radarservice.eu\/fr\/?s={search_term_string}\"},\"query-input\":{\"@type\":\"PropertyValueSpecification\",\"valueRequired\":true,\"valueName\":\"search_term_string\"}}],\"inLanguage\":\"fr-FR\"},{\"@type\":\"Organization\",\"@id\":\"https:\/\/radarservice.eu\/fr\/#organization\",\"name\":\"RadarService\",\"url\":\"https:\/\/radarservice.eu\/fr\/\",\"logo\":{\"@type\":\"ImageObject\",\"inLanguage\":\"fr-FR\",\"@id\":\"https:\/\/radarservice.eu\/fr\/#\/schema\/logo\/image\/\",\"url\":\"https:\/\/radarservice.eu\/wp-content\/uploads\/2021\/03\/Radar_detector_service.png\",\"contentUrl\":\"https:\/\/radarservice.eu\/wp-content\/uploads\/2021\/03\/Radar_detector_service.png\",\"width\":174,\"height\":48,\"caption\":\"RadarService\"},\"image\":{\"@id\":\"https:\/\/radarservice.eu\/fr\/#\/schema\/logo\/image\/\"}}]}<\/script>\n<!-- \/ Yoast SEO plugin. -->","yoast_head_json":{"title":"Genevo One S - D\u00e9tecteur de radars noir | Radar Service","description":"Avec sa nouvelle antenne radar UHD, le Genevo G1 S Black Edition a \u00e9t\u00e9 sp\u00e9cialement con\u00e7u pour le march\u00e9 europ\u00e9en.","robots":{"index":"index","follow":"follow","max-snippet":"max-snippet:-1","max-image-preview":"max-image-preview:large","max-video-preview":"max-video-preview:-1"},"canonical":"https:\/\/radarservice.eu\/fr\/produit\/genevo-one-s-detecteur-de-radars-noir\/","og_locale":"fr_FR","og_type":"article","og_title":"Genevo One S - D\u00e9tecteur de radars noir | Radar Service","og_description":"Avec sa nouvelle antenne radar UHD, le Genevo G1 S Black Edition a \u00e9t\u00e9 sp\u00e9cialement con\u00e7u pour le march\u00e9 europ\u00e9en.","og_url":"https:\/\/radarservice.eu\/fr\/produit\/genevo-one-s-detecteur-de-radars-noir\/","og_site_name":"Radar Service","article_modified_time":"2023-04-02T18:26:06+00:00","og_image":[{"width":800,"height":636,"url":"https:\/\/radarservice.eu\/wp-content\/uploads\/2020\/09\/genevo-black-edition-radarwarner.jpg","type":"image\/jpeg"}],"twitter_card":"summary_large_image","twitter_misc":{"Dur\u00e9e de lecture estim\u00e9e":"3 minutes"},"schema":{"@context":"https:\/\/schema.org","@graph":[{"@type":"WebPage","@id":"https:\/\/radarservice.eu\/fr\/produit\/genevo-one-s-detecteur-de-radars-noir\/","url":"https:\/\/radarservice.eu\/fr\/produit\/genevo-one-s-detecteur-de-radars-noir\/","name":"Genevo One S - D\u00e9tecteur de radars noir | Radar Service","isPartOf":{"@id":"https:\/\/radarservice.eu\/fr\/#website"},"primaryImageOfPage":{"@id":"https:\/\/radarservice.eu\/fr\/produit\/genevo-one-s-detecteur-de-radars-noir\/#primaryimage"},"image":{"@id":"https:\/\/radarservice.eu\/fr\/produit\/genevo-one-s-detecteur-de-radars-noir\/#primaryimage"},"thumbnailUrl":"https:\/\/radarservice.eu\/wp-content\/uploads\/2020\/09\/genevo-black-edition-radarwarner.jpg","datePublished":"2020-09-13T12:47:03+00:00","dateModified":"2023-04-02T18:26:06+00:00","description":"Avec sa nouvelle antenne radar UHD, le Genevo G1 S Black Edition a \u00e9t\u00e9 sp\u00e9cialement con\u00e7u pour le march\u00e9 europ\u00e9en.","breadcrumb":{"@id":"https:\/\/radarservice.eu\/fr\/produit\/genevo-one-s-detecteur-de-radars-noir\/#breadcrumb"},"inLanguage":"fr-FR","potentialAction":[{"@type":"ReadAction","target":["https:\/\/radarservice.eu\/fr\/produit\/genevo-one-s-detecteur-de-radars-noir\/"]}]},{"@type":"ImageObject","inLanguage":"fr-FR","@id":"https:\/\/radarservice.eu\/fr\/produit\/genevo-one-s-detecteur-de-radars-noir\/#primaryimage","url":"https:\/\/radarservice.eu\/wp-content\/uploads\/2020\/09\/genevo-black-edition-radarwarner.jpg","contentUrl":"https:\/\/radarservice.eu\/wp-content\/uploads\/2020\/09\/genevo-black-edition-radarwarner.jpg","width":800,"height":636,"caption":"Genevo One S - D\u00e9tecteur de radars noir"},{"@type":"BreadcrumbList","@id":"https:\/\/radarservice.eu\/fr\/produit\/genevo-one-s-detecteur-de-radars-noir\/#breadcrumb","itemListElement":[{"@type":"ListItem","position":1,"name":"Boutique","item":"https:\/\/radarservice.eu\/fr\/boutique\/"},{"@type":"ListItem","position":2,"name":"Genevo One S &#8211; D\u00e9tecteur de radars noir"}]},{"@type":"WebSite","@id":"https:\/\/radarservice.eu\/fr\/#website","url":"https:\/\/radarservice.eu\/fr\/","name":"Radar Service","description":"Radar detector Laser jammer mobile fix","publisher":{"@id":"https:\/\/radarservice.eu\/fr\/#organization"},"potentialAction":[{"@type":"SearchAction","target":{"@type":"EntryPoint","urlTemplate":"https:\/\/radarservice.eu\/fr\/?s={search_term_string}"},"query-input":{"@type":"PropertyValueSpecification","valueRequired":true,"valueName":"search_term_string"}}],"inLanguage":"fr-FR"},{"@type":"Organization","@id":"https:\/\/radarservice.eu\/fr\/#organization","name":"RadarService","url":"https:\/\/radarservice.eu\/fr\/","logo":{"@type":"ImageObject","inLanguage":"fr-FR","@id":"https:\/\/radarservice.eu\/fr\/#\/schema\/logo\/image\/","url":"https:\/\/radarservice.eu\/wp-content\/uploads\/2021\/03\/Radar_detector_service.png","contentUrl":"https:\/\/radarservice.eu\/wp-content\/uploads\/2021\/03\/Radar_detector_service.png","width":174,"height":48,"caption":"RadarService"},"image":{"@id":"https:\/\/radarservice.eu\/fr\/#\/schema\/logo\/image\/"}}]}},"_links":{"self":[{"href":"https:\/\/radarservice.eu\/fr\/wp-json\/wp\/v2\/product\/14699","targetHints":{"allow":["GET"]}}],"collection":[{"href":"https:\/\/radarservice.eu\/fr\/wp-json\/wp\/v2\/product"}],"about":[{"href":"https:\/\/radarservice.eu\/fr\/wp-json\/wp\/v2\/types\/product"}],"replies":[{"embeddable":true,"href":"https:\/\/radarservice.eu\/fr\/wp-json\/wp\/v2\/comments?post=14699"}],"wp:featuredmedia":[{"embeddable":true,"href":"https:\/\/radarservice.eu\/fr\/wp-json\/wp\/v2\/media\/14240"}],"wp:attachment":[{"href":"https:\/\/radarservice.eu\/fr\/wp-json\/wp\/v2\/media?parent=14699"}],"wp:term":[{"taxonomy":"product_brand","embeddable":true,"href":"https:\/\/radarservice.eu\/fr\/wp-json\/wp\/v2\/product_brand?post=14699"},{"taxonomy":"product_cat","embeddable":true,"href":"https:\/\/radarservice.eu\/fr\/wp-json\/wp\/v2\/product_cat?post=14699"},{"taxonomy":"product_tag","embeddable":true,"href":"https:\/\/radarservice.eu\/fr\/wp-json\/wp\/v2\/product_tag?post=14699"}],"curies":[{"name":"wp","href":"https:\/\/api.w.org\/{rel}","templated":true}]}}