{"id":14686,"date":"2020-09-13T14:47:06","date_gmt":"2020-09-13T12:47:06","guid":{"rendered":"https:\/\/radarservice.eu\/produkt\/genevo-assist-pro-hdm-detecteur-de-radar-fixe\/"},"modified":"2025-12-27T15:21:36","modified_gmt":"2025-12-27T14:21:36","slug":"genevo-assist-pro-hdm-detecteur-de-radar-fixe","status":"publish","type":"product","link":"https:\/\/radarservice.eu\/fr\/produit\/genevo-assist-pro-hdm-detecteur-de-radar-fixe\/","title":{"rendered":"Genevo Assist Pro HDM+ D\u00e9tecteur de radar fixe"},"content":{"rendered":"<p>Le d\u00e9tecteur de radars fixes Genevo Assist HDM+ est actuellement le meilleur appareil int\u00e9gr\u00e9 haut de gamme pour le march\u00e9 europ\u00e9en. Gr\u00e2ce \u00e0 sa conception modulaire, il est possible d&rsquo;\u00e9tendre le syst\u00e8me \u00e0 une date ult\u00e9rieure.<br \/>\n<br \/>Les meilleurs r\u00e9sultats de pr\u00e9-alarme avec un taux de fausses alarmes minimal font du Genevo Assist HDM+ le meilleur appareil absolu de tous les d\u00e9tecteurs de radar fixes.<br \/>.<br \/>\nLe Genevo est un d\u00e9veloppement europ\u00e9en et a \u00e9t\u00e9 sp\u00e9cialement con\u00e7u pour fonctionner en Allemagne\/Autriche\/Suisse ainsi que dans d&rsquo;autres pays europ\u00e9ens.<br \/>\nL&rsquo;unit\u00e9 d&rsquo;affichage et de commande magn\u00e9tique peut \u00eatre retir\u00e9e \u00e0 tout moment. Cela d\u00e9sactive imm\u00e9diatement l&rsquo;assistance Genevo. Ceci est particuli\u00e8rement recommand\u00e9 pour les r\u00e9sidences proches de la fronti\u00e8re ou les passages fr\u00e9quents de la fronti\u00e8re avec des contr\u00f4les correspondants.<\/p>\n<p>.<\/p>\n<p>Les options de r\u00e9glage du Genevo Assist sont d&rsquo;une vari\u00e9t\u00e9 in\u00e9gal\u00e9e. N\u00e9anmoins, il est \u00e9galement possible pour les d\u00e9butants d&rsquo;adapter facilement les param\u00e8tres \u00e0 leurs propres besoins. Un logiciel sp\u00e9cialement d\u00e9velopp\u00e9 permet une configuration pratique sur le PC ou l&rsquo;ordinateur portable de la maison.<\/p>\n<p>.\n<\/p>\n<p>Les avertissements se font soit par annonce vocale en allemand, soit par simple bip. La base de donn\u00e9es de POI de Genevo Assist est pr\u00e9-install\u00e9e gratuitement et vous avertit des syst\u00e8mes fixes de surveillance de la vitesse et des feux rouges dans toute l&rsquo;Europe.<\/p>\n<p>La base de donn\u00e9es de POI de Genevo Assist est pr\u00e9-install\u00e9e gratuitement et vous avertit des syst\u00e8mes fixes de surveillance de la vitesse et des feux rouges dans toute l&rsquo;Europe.\n<\/p>\n<p>Si vous avez des questions sur les conseils ou la configuration, n&rsquo;h\u00e9sitez pas \u00e0 nous contacter <a title=\"Inquiry form\" href=\"https:\/\/radarservice.eu\/fr\/contact\/\" target=\"_blank\" rel=\"noopener noreferrer\">par \u00e9crit<\/a> ou par t\u00e9l\u00e9phone (+49 (0)40 \/ 228 590 32).<\/p>\n<p><strong>Overview:<\/strong><br \/>\n+ meilleur d\u00e9tecteur de radar fixe pour l&rsquo;Europe<br \/>\n+ conception modulaire<br \/>\n+ bande X<br \/>\n+ bande K<br \/>\n+ bande KA<br \/>\n+ MultaRadar (MRCD \/ MRCT \/ Moving)<br \/>\n+ Gatso (RT3 \/ RT4)<br \/>\n+ Avertissement des mesures laser<br \/>\n+ Avertissement de radar stationnaire<br \/>\n+ Avertissement de la surveillance des feux rouges<br \/>\n+ Avertissement pour les mesures de contr\u00f4le de section<br \/>\n+ signaux d&rsquo;alarme en allemand<br \/>\n+ Convient pour une utilisation en Europe<br \/>\n+ Configuration sur PC ou ordinateur portable avec un logiciel de configuration en langue allemande<br \/>\n+ base de donn\u00e9es EUROPA pour les radars fixes d\u00e9j\u00e0 pr\u00e9-install\u00e9s<\/p>\n<p><strong>Etendue de la fourniture :<\/strong><br \/>\n* Antenne radar Genevo HDM+<br \/>\n* Module de contr\u00f4le pour r\u00e9cepteur radar et laser<br \/>.<br \/>\n* R\u00e9cepteur GPS (avec puce SIRFIII \u00e0 haute puissance de r\u00e9ception).<br \/>\n* Haut-parleur<br \/>\n* Kit de montage pour la fixation de tous les composants<\/p>\n<p>.<\/p>\n","protected":false},"excerpt":{"rendered":"<p>Le d\u00e9tecteur de radar fixe Genevo Assist Pro HDM+ est l&rsquo;un des meilleurs d\u00e9tecteurs de radar haut de gamme \u00e0 utiliser en Europe. Il signale \u00e9galement de mani\u00e8re fiable les nouveaux radars MultaRadar (MRCD \/ MRCT \/ Moving).<\/p>\n","protected":false},"featured_media":14114,"comment_status":"open","ping_status":"closed","template":"","meta":[],"product_brand":[],"product_cat":[331,318,295],"product_tag":[424,575,442,444,447,440,468,471,576,577,408],"class_list":{"0":"post-14686","1":"product","2":"type-product","3":"status-publish","4":"has-post-thumbnail","6":"product_cat-detecteurs-de-radar-fixes-invisible","7":"product_cat-detecteurs-de-radar-recommandes","8":"product_cat-genevo-france","9":"product_tag-europa-fr","10":"product_tag-festeinbau-fr","11":"product_tag-genevo-fr","12":"product_tag-genevo-assist-fr","13":"product_tag-genevo-assist-hdm-fr","14":"product_tag-genevo-ff-fr","15":"product_tag-genevo-pro-fr","16":"product_tag-genevo-pro-hdm-fr","17":"product_tag-hamburg-fr","18":"product_tag-radarwarner-fr","19":"product_tag-service-dinstallation","21":"first","22":"instock","23":"sale","24":"taxable","25":"shipping-taxable","26":"purchasable","27":"product-type-variable","28":"has-default-attributes"},"yoast_head":"<!-- This site is optimized with the Yoast SEO plugin v27.2 - https:\/\/yoast.com\/product\/yoast-seo-wordpress\/ -->\n<title>Genevo Assist Pro HDM+ D\u00e9tecteur de radar fixe<\/title>\n<meta name=\"description\" content=\"Le d\u00e9tecteur de radar fixe Genevo Assist Pro HDM+ est actuellement la meilleure solution compl\u00e8te haut de gamme avec l&#039;avertissement MultaRadar et Gatso.\" \/>\n<meta name=\"robots\" content=\"index, follow, max-snippet:-1, max-image-preview:large, max-video-preview:-1\" \/>\n<link rel=\"canonical\" href=\"https:\/\/radarservice.eu\/fr\/produit\/genevo-assist-pro-hdm-detecteur-de-radar-fixe\/\" \/>\n<meta property=\"og:locale\" content=\"fr_FR\" \/>\n<meta property=\"og:type\" content=\"article\" \/>\n<meta property=\"og:title\" content=\"Genevo Assist Pro HDM+ D\u00e9tecteur de radar fixe\" \/>\n<meta property=\"og:description\" content=\"Le d\u00e9tecteur de radar fixe Genevo Assist Pro HDM+ est actuellement la meilleure solution compl\u00e8te haut de gamme avec l&#039;avertissement MultaRadar et Gatso.\" \/>\n<meta property=\"og:url\" content=\"https:\/\/radarservice.eu\/fr\/produit\/genevo-assist-pro-hdm-detecteur-de-radar-fixe\/\" \/>\n<meta property=\"og:site_name\" content=\"Radar Service\" \/>\n<meta property=\"article:modified_time\" content=\"2025-12-27T14:21:36+00:00\" \/>\n<meta property=\"og:image\" content=\"https:\/\/radarservice.eu\/wp-content\/uploads\/2020\/09\/Genevo-Assist-Pro-HDM-Verpackung.jpg\" \/>\n\t<meta property=\"og:image:width\" content=\"1600\" \/>\n\t<meta property=\"og:image:height\" content=\"1049\" \/>\n\t<meta property=\"og:image:type\" content=\"image\/jpeg\" \/>\n<meta name=\"twitter:card\" content=\"summary_large_image\" \/>\n<meta name=\"twitter:label1\" content=\"Dur\u00e9e de lecture estim\u00e9e\" \/>\n\t<meta name=\"twitter:data1\" content=\"2 minutes\" \/>\n<script type=\"application\/ld+json\" class=\"yoast-schema-graph\">{\"@context\":\"https:\/\/schema.org\",\"@graph\":[{\"@type\":\"WebPage\",\"@id\":\"https:\/\/radarservice.eu\/fr\/produit\/genevo-assist-pro-hdm-detecteur-de-radar-fixe\/\",\"url\":\"https:\/\/radarservice.eu\/fr\/produit\/genevo-assist-pro-hdm-detecteur-de-radar-fixe\/\",\"name\":\"Genevo Assist Pro HDM+ D\u00e9tecteur de radar fixe\",\"isPartOf\":{\"@id\":\"https:\/\/radarservice.eu\/fr\/#website\"},\"primaryImageOfPage\":{\"@id\":\"https:\/\/radarservice.eu\/fr\/produit\/genevo-assist-pro-hdm-detecteur-de-radar-fixe\/#primaryimage\"},\"image\":{\"@id\":\"https:\/\/radarservice.eu\/fr\/produit\/genevo-assist-pro-hdm-detecteur-de-radar-fixe\/#primaryimage\"},\"thumbnailUrl\":\"https:\/\/radarservice.eu\/wp-content\/uploads\/2020\/09\/Genevo-Assist-Pro-HDM-Verpackung.jpg\",\"datePublished\":\"2020-09-13T12:47:06+00:00\",\"dateModified\":\"2025-12-27T14:21:36+00:00\",\"description\":\"Le d\u00e9tecteur de radar fixe Genevo Assist Pro HDM+ est actuellement la meilleure solution compl\u00e8te haut de gamme avec l'avertissement MultaRadar et Gatso.\",\"breadcrumb\":{\"@id\":\"https:\/\/radarservice.eu\/fr\/produit\/genevo-assist-pro-hdm-detecteur-de-radar-fixe\/#breadcrumb\"},\"inLanguage\":\"fr-FR\",\"potentialAction\":[{\"@type\":\"ReadAction\",\"target\":[\"https:\/\/radarservice.eu\/fr\/produit\/genevo-assist-pro-hdm-detecteur-de-radar-fixe\/\"]}]},{\"@type\":\"ImageObject\",\"inLanguage\":\"fr-FR\",\"@id\":\"https:\/\/radarservice.eu\/fr\/produit\/genevo-assist-pro-hdm-detecteur-de-radar-fixe\/#primaryimage\",\"url\":\"https:\/\/radarservice.eu\/wp-content\/uploads\/2020\/09\/Genevo-Assist-Pro-HDM-Verpackung.jpg\",\"contentUrl\":\"https:\/\/radarservice.eu\/wp-content\/uploads\/2020\/09\/Genevo-Assist-Pro-HDM-Verpackung.jpg\",\"width\":1600,\"height\":1049,\"caption\":\"Genevo Assist Pro EMBALLAGE HDM\"},{\"@type\":\"BreadcrumbList\",\"@id\":\"https:\/\/radarservice.eu\/fr\/produit\/genevo-assist-pro-hdm-detecteur-de-radar-fixe\/#breadcrumb\",\"itemListElement\":[{\"@type\":\"ListItem\",\"position\":1,\"name\":\"Boutique\",\"item\":\"https:\/\/radarservice.eu\/fr\/boutique\/\"},{\"@type\":\"ListItem\",\"position\":2,\"name\":\"Genevo Assist Pro HDM+ D\u00e9tecteur de radar fixe\"}]},{\"@type\":\"WebSite\",\"@id\":\"https:\/\/radarservice.eu\/fr\/#website\",\"url\":\"https:\/\/radarservice.eu\/fr\/\",\"name\":\"Radar Service\",\"description\":\"Radar detector Laser jammer mobile fix\",\"publisher\":{\"@id\":\"https:\/\/radarservice.eu\/fr\/#organization\"},\"potentialAction\":[{\"@type\":\"SearchAction\",\"target\":{\"@type\":\"EntryPoint\",\"urlTemplate\":\"https:\/\/radarservice.eu\/fr\/?s={search_term_string}\"},\"query-input\":{\"@type\":\"PropertyValueSpecification\",\"valueRequired\":true,\"valueName\":\"search_term_string\"}}],\"inLanguage\":\"fr-FR\"},{\"@type\":\"Organization\",\"@id\":\"https:\/\/radarservice.eu\/fr\/#organization\",\"name\":\"RadarService\",\"url\":\"https:\/\/radarservice.eu\/fr\/\",\"logo\":{\"@type\":\"ImageObject\",\"inLanguage\":\"fr-FR\",\"@id\":\"https:\/\/radarservice.eu\/fr\/#\/schema\/logo\/image\/\",\"url\":\"https:\/\/radarservice.eu\/wp-content\/uploads\/2021\/03\/Radar_detector_service.png\",\"contentUrl\":\"https:\/\/radarservice.eu\/wp-content\/uploads\/2021\/03\/Radar_detector_service.png\",\"width\":174,\"height\":48,\"caption\":\"RadarService\"},\"image\":{\"@id\":\"https:\/\/radarservice.eu\/fr\/#\/schema\/logo\/image\/\"}}]}<\/script>\n<!-- \/ Yoast SEO plugin. -->","yoast_head_json":{"title":"Genevo Assist Pro HDM+ D\u00e9tecteur de radar fixe","description":"Le d\u00e9tecteur de radar fixe Genevo Assist Pro HDM+ est actuellement la meilleure solution compl\u00e8te haut de gamme avec l'avertissement MultaRadar et Gatso.","robots":{"index":"index","follow":"follow","max-snippet":"max-snippet:-1","max-image-preview":"max-image-preview:large","max-video-preview":"max-video-preview:-1"},"canonical":"https:\/\/radarservice.eu\/fr\/produit\/genevo-assist-pro-hdm-detecteur-de-radar-fixe\/","og_locale":"fr_FR","og_type":"article","og_title":"Genevo Assist Pro HDM+ D\u00e9tecteur de radar fixe","og_description":"Le d\u00e9tecteur de radar fixe Genevo Assist Pro HDM+ est actuellement la meilleure solution compl\u00e8te haut de gamme avec l'avertissement MultaRadar et Gatso.","og_url":"https:\/\/radarservice.eu\/fr\/produit\/genevo-assist-pro-hdm-detecteur-de-radar-fixe\/","og_site_name":"Radar Service","article_modified_time":"2025-12-27T14:21:36+00:00","og_image":[{"width":1600,"height":1049,"url":"https:\/\/radarservice.eu\/wp-content\/uploads\/2020\/09\/Genevo-Assist-Pro-HDM-Verpackung.jpg","type":"image\/jpeg"}],"twitter_card":"summary_large_image","twitter_misc":{"Dur\u00e9e de lecture estim\u00e9e":"2 minutes"},"schema":{"@context":"https:\/\/schema.org","@graph":[{"@type":"WebPage","@id":"https:\/\/radarservice.eu\/fr\/produit\/genevo-assist-pro-hdm-detecteur-de-radar-fixe\/","url":"https:\/\/radarservice.eu\/fr\/produit\/genevo-assist-pro-hdm-detecteur-de-radar-fixe\/","name":"Genevo Assist Pro HDM+ D\u00e9tecteur de radar fixe","isPartOf":{"@id":"https:\/\/radarservice.eu\/fr\/#website"},"primaryImageOfPage":{"@id":"https:\/\/radarservice.eu\/fr\/produit\/genevo-assist-pro-hdm-detecteur-de-radar-fixe\/#primaryimage"},"image":{"@id":"https:\/\/radarservice.eu\/fr\/produit\/genevo-assist-pro-hdm-detecteur-de-radar-fixe\/#primaryimage"},"thumbnailUrl":"https:\/\/radarservice.eu\/wp-content\/uploads\/2020\/09\/Genevo-Assist-Pro-HDM-Verpackung.jpg","datePublished":"2020-09-13T12:47:06+00:00","dateModified":"2025-12-27T14:21:36+00:00","description":"Le d\u00e9tecteur de radar fixe Genevo Assist Pro HDM+ est actuellement la meilleure solution compl\u00e8te haut de gamme avec l'avertissement MultaRadar et Gatso.","breadcrumb":{"@id":"https:\/\/radarservice.eu\/fr\/produit\/genevo-assist-pro-hdm-detecteur-de-radar-fixe\/#breadcrumb"},"inLanguage":"fr-FR","potentialAction":[{"@type":"ReadAction","target":["https:\/\/radarservice.eu\/fr\/produit\/genevo-assist-pro-hdm-detecteur-de-radar-fixe\/"]}]},{"@type":"ImageObject","inLanguage":"fr-FR","@id":"https:\/\/radarservice.eu\/fr\/produit\/genevo-assist-pro-hdm-detecteur-de-radar-fixe\/#primaryimage","url":"https:\/\/radarservice.eu\/wp-content\/uploads\/2020\/09\/Genevo-Assist-Pro-HDM-Verpackung.jpg","contentUrl":"https:\/\/radarservice.eu\/wp-content\/uploads\/2020\/09\/Genevo-Assist-Pro-HDM-Verpackung.jpg","width":1600,"height":1049,"caption":"Genevo Assist Pro EMBALLAGE HDM"},{"@type":"BreadcrumbList","@id":"https:\/\/radarservice.eu\/fr\/produit\/genevo-assist-pro-hdm-detecteur-de-radar-fixe\/#breadcrumb","itemListElement":[{"@type":"ListItem","position":1,"name":"Boutique","item":"https:\/\/radarservice.eu\/fr\/boutique\/"},{"@type":"ListItem","position":2,"name":"Genevo Assist Pro HDM+ D\u00e9tecteur de radar fixe"}]},{"@type":"WebSite","@id":"https:\/\/radarservice.eu\/fr\/#website","url":"https:\/\/radarservice.eu\/fr\/","name":"Radar Service","description":"Radar detector Laser jammer mobile fix","publisher":{"@id":"https:\/\/radarservice.eu\/fr\/#organization"},"potentialAction":[{"@type":"SearchAction","target":{"@type":"EntryPoint","urlTemplate":"https:\/\/radarservice.eu\/fr\/?s={search_term_string}"},"query-input":{"@type":"PropertyValueSpecification","valueRequired":true,"valueName":"search_term_string"}}],"inLanguage":"fr-FR"},{"@type":"Organization","@id":"https:\/\/radarservice.eu\/fr\/#organization","name":"RadarService","url":"https:\/\/radarservice.eu\/fr\/","logo":{"@type":"ImageObject","inLanguage":"fr-FR","@id":"https:\/\/radarservice.eu\/fr\/#\/schema\/logo\/image\/","url":"https:\/\/radarservice.eu\/wp-content\/uploads\/2021\/03\/Radar_detector_service.png","contentUrl":"https:\/\/radarservice.eu\/wp-content\/uploads\/2021\/03\/Radar_detector_service.png","width":174,"height":48,"caption":"RadarService"},"image":{"@id":"https:\/\/radarservice.eu\/fr\/#\/schema\/logo\/image\/"}}]}},"_links":{"self":[{"href":"https:\/\/radarservice.eu\/fr\/wp-json\/wp\/v2\/product\/14686","targetHints":{"allow":["GET"]}}],"collection":[{"href":"https:\/\/radarservice.eu\/fr\/wp-json\/wp\/v2\/product"}],"about":[{"href":"https:\/\/radarservice.eu\/fr\/wp-json\/wp\/v2\/types\/product"}],"replies":[{"embeddable":true,"href":"https:\/\/radarservice.eu\/fr\/wp-json\/wp\/v2\/comments?post=14686"}],"wp:featuredmedia":[{"embeddable":true,"href":"https:\/\/radarservice.eu\/fr\/wp-json\/wp\/v2\/media\/14114"}],"wp:attachment":[{"href":"https:\/\/radarservice.eu\/fr\/wp-json\/wp\/v2\/media?parent=14686"}],"wp:term":[{"taxonomy":"product_brand","embeddable":true,"href":"https:\/\/radarservice.eu\/fr\/wp-json\/wp\/v2\/product_brand?post=14686"},{"taxonomy":"product_cat","embeddable":true,"href":"https:\/\/radarservice.eu\/fr\/wp-json\/wp\/v2\/product_cat?post=14686"},{"taxonomy":"product_tag","embeddable":true,"href":"https:\/\/radarservice.eu\/fr\/wp-json\/wp\/v2\/product_tag?post=14686"}],"curies":[{"name":"wp","href":"https:\/\/api.w.org\/{rel}","templated":true}]}}