{"id":14641,"date":"2020-09-10T14:25:19","date_gmt":"2020-09-10T12:25:19","guid":{"rendered":"https:\/\/radarservice.eu\/produkt\/detecteur-de-radars-escort-9500ix-europe\/"},"modified":"2024-11-10T11:28:03","modified_gmt":"2024-11-10T10:28:03","slug":"detecteur-de-radars-escort-9500ix-europe","status":"publish","type":"product","link":"https:\/\/radarservice.eu\/fr\/produit\/detecteur-de-radars-escort-9500ix-europe\/","title":{"rendered":"D\u00e9tecteur de radars Escort 9500iX Europe"},"content":{"rendered":"<p>L\u2019avertisseur radar Escort 9500ix vous offre une parfaite protection contre les pi\u00e8ges radar, les mesures au laser et tous les radars fixes dans toute l\u2019Europe. Avec l\u2019Escort 9500 iX EU, la soci\u00e9t\u00e9 Escort offre une alternative aux avertisseurs de radars Bel et Valentine One. Gr\u00e2ce \u00e0 un r\u00e9cepteur radar et laser nouvellement d\u00e9velopp\u00e9 en combinaison avec la puce GPS int\u00e9gr\u00e9e, les fausses alarmes ont pu \u00eatre r\u00e9duites au minimum.<\/p>\n<p>Le GPS 9500iX n\u2019est pas seulement un simple avertisseur de radar GPS qui indique les radars fixes, mais aussi un avertisseur radar et laser actif qui met en garde contre les contr\u00f4les radars mobiles. Selon la m\u00e9thode de mesure et l\u2019appareil radar, l\u2019Escort 9500 Europe met en garde environ 200 &#8211; 500 m\u00e8tres contre une mesure radar et laser. Ces distances d\u2019avertissement sont comparables \u00e0 d\u2019autres appareils de pointe.<\/p>\n<p><strong>\u00e9vente:<\/strong><br \/>\n+ avertisseur radar mobile <br \/>\n+ \u00e9cran de texte en haute r\u00e9solution<br \/>\nD\u00e9tection + 360\u00b0 degr\u00e9s de toutes les sources radar en Europe (bande X \/ K \/ Ka) <br \/>\n+ avertissement des radars <br \/>\n+ mise en garde contre les mesures laser <br \/>\n+ mise en garde contre les radars fixes <br \/>\n+ Avertissement contre la surveillance de la lumi\u00e8re rouge<br \/>\n+ avertissement pour les mesures section control (contr\u00f4les de section) <br \/>\n+ mise \u00e0 jour avec connexion USB <br \/>\n+ la base de donn\u00e9es EUROPA pour les radars fixes est d\u00e9j\u00e0 pr\u00e9install\u00e9e<br \/>\n+ convient pour une utilisation en Europe.<br \/>\n+ points de danger propres <br \/>\n+ dimensions (LxLxH en mm) : 70 x 115 x 32<\/p>\n<p><strong>r\u00e9fr\u00e9quences:<\/strong><br \/>\n+ 10.525-10.575 GHz (bande X) <br \/>\n+ 24.050-24.250 GHz (K-Band &#8211; SuperWide) <br \/>\nS\u00e9lectionnable dans:<br \/>\n+ 24.050-24.110 GHz (bande K 1) <br \/>\n+ 24.111-24.185 GHz (bande K 2) <br \/>\n+ 24.186-24.250 GHz (bande K 3) <br \/>\n+ 33.400-36.000 GHz (bande KA &#8211; SuperWide) <br \/>\nS\u00e9lectionnable dans:<br \/>\n+ 33.720-33.910 GHz (bande KA 1) <br \/>\n+ 34.200-34.390 GHz (bande KA 2) <br \/>\n+ 34.700-34.790 GHz (bande KA 3) <br \/>\n+ 35.400-35.590 GHz (bande KA 4) <\/p>\n<p><strong>approvisionnement:<\/strong><br \/>\n* Escort 9500 iX Radar avertisseur version europ\u00e9enne<br \/>\n* Bo\u00eete de voyage<br \/>\n* Support pare-brise (ventouses) <br \/>\n* C\u00e2ble de raccordement \u00e9lectrique 12V pour allume-cigare<br \/>\n* Mode d\u2019emploi<\/p>\n<p><strong>Note: <\/strong> L\u2019Escort 9500ix Europe dispose d\u2019une r\u00e9ception laser, mais pour une protection au laser s\u00fbre, nous recommandons l\u2019utilisation d\u2019un bloquant laser actif.B. Antilaser ALP Priority ou Lasertrack Flare.<\/p>\n","protected":false},"excerpt":{"rendered":"<p>\u27a8 Escort 9500ix EU D\u00e9tecteur de radar commander maintenant !<\/p>\n","protected":false},"featured_media":14232,"comment_status":"open","ping_status":"closed","template":"","meta":[],"product_brand":[],"product_cat":[320,293],"product_tag":[665,413,424,669,577,668],"class_list":{"0":"post-14641","1":"product","2":"type-product","3":"status-publish","4":"has-post-thumbnail","6":"product_cat-detecteurs-de-radar-portable","7":"product_cat-escort-france","8":"product_tag-alerte-laser","9":"product_tag-escort-9500ix-fr","10":"product_tag-europa-fr","11":"product_tag-les-radars-fixes","12":"product_tag-radarwarner-fr","13":"product_tag-recepteur-gps","15":"first","16":"onbackorder","17":"taxable","18":"shipping-taxable","19":"purchasable","20":"product-type-simple"},"yoast_head":"<!-- This site is optimized with the Yoast SEO plugin v27.2 - https:\/\/yoast.com\/product\/yoast-seo-wordpress\/ -->\n<title>D\u00e9tecteur de radars Escort 9500iX Europe | Radar Service<\/title>\n<meta name=\"description\" content=\"D\u00e9tecteur de radars Escort 9500iX Europe | Radar Service\" \/>\n<meta name=\"robots\" content=\"index, follow, max-snippet:-1, max-image-preview:large, max-video-preview:-1\" \/>\n<link rel=\"canonical\" href=\"https:\/\/radarservice.eu\/fr\/produit\/detecteur-de-radars-escort-9500ix-europe\/\" \/>\n<meta property=\"og:locale\" content=\"fr_FR\" \/>\n<meta property=\"og:type\" content=\"article\" \/>\n<meta property=\"og:title\" content=\"D\u00e9tecteur de radars Escort 9500iX Europe | Radar Service\" \/>\n<meta property=\"og:description\" content=\"D\u00e9tecteur de radars Escort 9500iX Europe | Radar Service\" \/>\n<meta property=\"og:url\" content=\"https:\/\/radarservice.eu\/fr\/produit\/detecteur-de-radars-escort-9500ix-europe\/\" \/>\n<meta property=\"og:site_name\" content=\"Radar Service\" \/>\n<meta property=\"article:modified_time\" content=\"2024-11-10T10:28:03+00:00\" \/>\n<meta property=\"og:image\" content=\"https:\/\/radarservice.eu\/wp-content\/uploads\/2020\/09\/Escort_9500ix_EU_solo.jpg\" \/>\n\t<meta property=\"og:image:width\" content=\"500\" \/>\n\t<meta property=\"og:image:height\" content=\"500\" \/>\n\t<meta property=\"og:image:type\" content=\"image\/jpeg\" \/>\n<meta name=\"twitter:card\" content=\"summary_large_image\" \/>\n<meta name=\"twitter:label1\" content=\"Dur\u00e9e de lecture estim\u00e9e\" \/>\n\t<meta name=\"twitter:data1\" content=\"2 minutes\" \/>\n<script type=\"application\/ld+json\" class=\"yoast-schema-graph\">{\"@context\":\"https:\/\/schema.org\",\"@graph\":[{\"@type\":\"WebPage\",\"@id\":\"https:\/\/radarservice.eu\/fr\/produit\/detecteur-de-radars-escort-9500ix-europe\/\",\"url\":\"https:\/\/radarservice.eu\/fr\/produit\/detecteur-de-radars-escort-9500ix-europe\/\",\"name\":\"D\u00e9tecteur de radars Escort 9500iX Europe | Radar Service\",\"isPartOf\":{\"@id\":\"https:\/\/radarservice.eu\/fr\/#website\"},\"primaryImageOfPage\":{\"@id\":\"https:\/\/radarservice.eu\/fr\/produit\/detecteur-de-radars-escort-9500ix-europe\/#primaryimage\"},\"image\":{\"@id\":\"https:\/\/radarservice.eu\/fr\/produit\/detecteur-de-radars-escort-9500ix-europe\/#primaryimage\"},\"thumbnailUrl\":\"https:\/\/radarservice.eu\/wp-content\/uploads\/2020\/09\/Escort_9500ix_EU_solo.jpg\",\"datePublished\":\"2020-09-10T12:25:19+00:00\",\"dateModified\":\"2024-11-10T10:28:03+00:00\",\"description\":\"D\u00e9tecteur de radars Escort 9500iX Europe | Radar Service\",\"breadcrumb\":{\"@id\":\"https:\/\/radarservice.eu\/fr\/produit\/detecteur-de-radars-escort-9500ix-europe\/#breadcrumb\"},\"inLanguage\":\"fr-FR\",\"potentialAction\":[{\"@type\":\"ReadAction\",\"target\":[\"https:\/\/radarservice.eu\/fr\/produit\/detecteur-de-radars-escort-9500ix-europe\/\"]}]},{\"@type\":\"ImageObject\",\"inLanguage\":\"fr-FR\",\"@id\":\"https:\/\/radarservice.eu\/fr\/produit\/detecteur-de-radars-escort-9500ix-europe\/#primaryimage\",\"url\":\"https:\/\/radarservice.eu\/wp-content\/uploads\/2020\/09\/Escort_9500ix_EU_solo.jpg\",\"contentUrl\":\"https:\/\/radarservice.eu\/wp-content\/uploads\/2020\/09\/Escort_9500ix_EU_solo.jpg\",\"width\":500,\"height\":500,\"caption\":\"Escortes 9500ix Europe\"},{\"@type\":\"BreadcrumbList\",\"@id\":\"https:\/\/radarservice.eu\/fr\/produit\/detecteur-de-radars-escort-9500ix-europe\/#breadcrumb\",\"itemListElement\":[{\"@type\":\"ListItem\",\"position\":1,\"name\":\"Boutique\",\"item\":\"https:\/\/radarservice.eu\/fr\/boutique\/\"},{\"@type\":\"ListItem\",\"position\":2,\"name\":\"D\u00e9tecteur de radars Escort 9500iX Europe\"}]},{\"@type\":\"WebSite\",\"@id\":\"https:\/\/radarservice.eu\/fr\/#website\",\"url\":\"https:\/\/radarservice.eu\/fr\/\",\"name\":\"Radar Service\",\"description\":\"Radar detector Laser jammer mobile fix\",\"publisher\":{\"@id\":\"https:\/\/radarservice.eu\/fr\/#organization\"},\"potentialAction\":[{\"@type\":\"SearchAction\",\"target\":{\"@type\":\"EntryPoint\",\"urlTemplate\":\"https:\/\/radarservice.eu\/fr\/?s={search_term_string}\"},\"query-input\":{\"@type\":\"PropertyValueSpecification\",\"valueRequired\":true,\"valueName\":\"search_term_string\"}}],\"inLanguage\":\"fr-FR\"},{\"@type\":\"Organization\",\"@id\":\"https:\/\/radarservice.eu\/fr\/#organization\",\"name\":\"RadarService\",\"url\":\"https:\/\/radarservice.eu\/fr\/\",\"logo\":{\"@type\":\"ImageObject\",\"inLanguage\":\"fr-FR\",\"@id\":\"https:\/\/radarservice.eu\/fr\/#\/schema\/logo\/image\/\",\"url\":\"https:\/\/radarservice.eu\/wp-content\/uploads\/2021\/03\/Radar_detector_service.png\",\"contentUrl\":\"https:\/\/radarservice.eu\/wp-content\/uploads\/2021\/03\/Radar_detector_service.png\",\"width\":174,\"height\":48,\"caption\":\"RadarService\"},\"image\":{\"@id\":\"https:\/\/radarservice.eu\/fr\/#\/schema\/logo\/image\/\"}}]}<\/script>\n<!-- \/ Yoast SEO plugin. -->","yoast_head_json":{"title":"D\u00e9tecteur de radars Escort 9500iX Europe | Radar Service","description":"D\u00e9tecteur de radars Escort 9500iX Europe | Radar Service","robots":{"index":"index","follow":"follow","max-snippet":"max-snippet:-1","max-image-preview":"max-image-preview:large","max-video-preview":"max-video-preview:-1"},"canonical":"https:\/\/radarservice.eu\/fr\/produit\/detecteur-de-radars-escort-9500ix-europe\/","og_locale":"fr_FR","og_type":"article","og_title":"D\u00e9tecteur de radars Escort 9500iX Europe | Radar Service","og_description":"D\u00e9tecteur de radars Escort 9500iX Europe | Radar Service","og_url":"https:\/\/radarservice.eu\/fr\/produit\/detecteur-de-radars-escort-9500ix-europe\/","og_site_name":"Radar Service","article_modified_time":"2024-11-10T10:28:03+00:00","og_image":[{"width":500,"height":500,"url":"https:\/\/radarservice.eu\/wp-content\/uploads\/2020\/09\/Escort_9500ix_EU_solo.jpg","type":"image\/jpeg"}],"twitter_card":"summary_large_image","twitter_misc":{"Dur\u00e9e de lecture estim\u00e9e":"2 minutes"},"schema":{"@context":"https:\/\/schema.org","@graph":[{"@type":"WebPage","@id":"https:\/\/radarservice.eu\/fr\/produit\/detecteur-de-radars-escort-9500ix-europe\/","url":"https:\/\/radarservice.eu\/fr\/produit\/detecteur-de-radars-escort-9500ix-europe\/","name":"D\u00e9tecteur de radars Escort 9500iX Europe | Radar Service","isPartOf":{"@id":"https:\/\/radarservice.eu\/fr\/#website"},"primaryImageOfPage":{"@id":"https:\/\/radarservice.eu\/fr\/produit\/detecteur-de-radars-escort-9500ix-europe\/#primaryimage"},"image":{"@id":"https:\/\/radarservice.eu\/fr\/produit\/detecteur-de-radars-escort-9500ix-europe\/#primaryimage"},"thumbnailUrl":"https:\/\/radarservice.eu\/wp-content\/uploads\/2020\/09\/Escort_9500ix_EU_solo.jpg","datePublished":"2020-09-10T12:25:19+00:00","dateModified":"2024-11-10T10:28:03+00:00","description":"D\u00e9tecteur de radars Escort 9500iX Europe | Radar Service","breadcrumb":{"@id":"https:\/\/radarservice.eu\/fr\/produit\/detecteur-de-radars-escort-9500ix-europe\/#breadcrumb"},"inLanguage":"fr-FR","potentialAction":[{"@type":"ReadAction","target":["https:\/\/radarservice.eu\/fr\/produit\/detecteur-de-radars-escort-9500ix-europe\/"]}]},{"@type":"ImageObject","inLanguage":"fr-FR","@id":"https:\/\/radarservice.eu\/fr\/produit\/detecteur-de-radars-escort-9500ix-europe\/#primaryimage","url":"https:\/\/radarservice.eu\/wp-content\/uploads\/2020\/09\/Escort_9500ix_EU_solo.jpg","contentUrl":"https:\/\/radarservice.eu\/wp-content\/uploads\/2020\/09\/Escort_9500ix_EU_solo.jpg","width":500,"height":500,"caption":"Escortes 9500ix Europe"},{"@type":"BreadcrumbList","@id":"https:\/\/radarservice.eu\/fr\/produit\/detecteur-de-radars-escort-9500ix-europe\/#breadcrumb","itemListElement":[{"@type":"ListItem","position":1,"name":"Boutique","item":"https:\/\/radarservice.eu\/fr\/boutique\/"},{"@type":"ListItem","position":2,"name":"D\u00e9tecteur de radars Escort 9500iX Europe"}]},{"@type":"WebSite","@id":"https:\/\/radarservice.eu\/fr\/#website","url":"https:\/\/radarservice.eu\/fr\/","name":"Radar Service","description":"Radar detector Laser jammer mobile fix","publisher":{"@id":"https:\/\/radarservice.eu\/fr\/#organization"},"potentialAction":[{"@type":"SearchAction","target":{"@type":"EntryPoint","urlTemplate":"https:\/\/radarservice.eu\/fr\/?s={search_term_string}"},"query-input":{"@type":"PropertyValueSpecification","valueRequired":true,"valueName":"search_term_string"}}],"inLanguage":"fr-FR"},{"@type":"Organization","@id":"https:\/\/radarservice.eu\/fr\/#organization","name":"RadarService","url":"https:\/\/radarservice.eu\/fr\/","logo":{"@type":"ImageObject","inLanguage":"fr-FR","@id":"https:\/\/radarservice.eu\/fr\/#\/schema\/logo\/image\/","url":"https:\/\/radarservice.eu\/wp-content\/uploads\/2021\/03\/Radar_detector_service.png","contentUrl":"https:\/\/radarservice.eu\/wp-content\/uploads\/2021\/03\/Radar_detector_service.png","width":174,"height":48,"caption":"RadarService"},"image":{"@id":"https:\/\/radarservice.eu\/fr\/#\/schema\/logo\/image\/"}}]}},"_links":{"self":[{"href":"https:\/\/radarservice.eu\/fr\/wp-json\/wp\/v2\/product\/14641","targetHints":{"allow":["GET"]}}],"collection":[{"href":"https:\/\/radarservice.eu\/fr\/wp-json\/wp\/v2\/product"}],"about":[{"href":"https:\/\/radarservice.eu\/fr\/wp-json\/wp\/v2\/types\/product"}],"replies":[{"embeddable":true,"href":"https:\/\/radarservice.eu\/fr\/wp-json\/wp\/v2\/comments?post=14641"}],"wp:featuredmedia":[{"embeddable":true,"href":"https:\/\/radarservice.eu\/fr\/wp-json\/wp\/v2\/media\/14232"}],"wp:attachment":[{"href":"https:\/\/radarservice.eu\/fr\/wp-json\/wp\/v2\/media?parent=14641"}],"wp:term":[{"taxonomy":"product_brand","embeddable":true,"href":"https:\/\/radarservice.eu\/fr\/wp-json\/wp\/v2\/product_brand?post=14641"},{"taxonomy":"product_cat","embeddable":true,"href":"https:\/\/radarservice.eu\/fr\/wp-json\/wp\/v2\/product_cat?post=14641"},{"taxonomy":"product_tag","embeddable":true,"href":"https:\/\/radarservice.eu\/fr\/wp-json\/wp\/v2\/product_tag?post=14641"}],"curies":[{"name":"wp","href":"https:\/\/api.w.org\/{rel}","templated":true}]}}