{"id":14639,"date":"2020-09-13T14:47:02","date_gmt":"2020-09-13T12:47:02","guid":{"rendered":"https:\/\/radarservice.eu\/produkt\/cheetah-c150-gps-warner-pour-leurope\/"},"modified":"2021-03-18T11:20:52","modified_gmt":"2021-03-18T10:20:52","slug":"cheetah-c150-gps-warner-pour-leurope","status":"publish","type":"product","link":"https:\/\/radarservice.eu\/fr\/produit\/cheetah-c150-gps-warner-pour-leurope\/","title":{"rendered":"Cheetah C150 GPS Warner pour l\u2019Europe"},"content":{"rendered":"<p>Le Cheetah C150 est un avertisseur GPS pour l\u2019affichage de syst\u00e8mes de mesure de vitesse fixes et de surveillance des feux rouges.<br \/>\nLa fr\u00e9quence des bruits d\u2019avertissement augmente automatiquement \u00e0 l\u2019approche d\u2019un syst\u00e8me de mesure. Le passage direct du syst\u00e8me de mesure est marqu\u00e9 par un gong suppl\u00e9mentaire.<br \/>\nLa base de donn\u00e9es peut \u00eatre mise \u00e0 jour \u00e0 l\u2019aide d\u2019une interface USB et comprend des installations fixes dans toute l\u2019Europe.<\/p>\n<p><strong>\u00e9vente:<\/strong><br \/>\n+ indicateur de tachom\u00e8tre GPS (votre vitesse actuelle est d\u00e9termin\u00e9e et affich\u00e9e par GPS) <br \/>\n+ mise en garde contre les contr\u00f4les de vitesse stationnaires <br \/>\n+ alerte sur la surveillance des feux rouges<br \/>\n+ avertissement pour les mesures section control (contr\u00f4les de section) <br \/>\n+ Avertissement en fonction de la direction (avertisseur dans le sens de la marche) <br \/>\n+ alarme automatique avec une base de donn\u00e9es obsol\u00e8te<br \/>\n+ Ajouter &amp; supprimer des points de danger (max. 100) <br \/>\n+ prise casque pour motos<\/p>\n<p><strong>approvisionnement:<\/strong><br \/>\n* Cheetah C150 GPS Warner<br \/>\n* 12V c\u00e2ble d\u2019allume-cigare <br \/>\n* Logiciel d\u2019updat<\/p>\n","protected":false},"excerpt":{"rendered":"<p>Le Cheetah C150 est un avertisseur GPS pour l\u2019affichage de syst\u00e8mes de mesure de vitesse fixes et de surveillance des feux rouges. La fr\u00e9quence des bruits d\u2019avertissement augmente automatiquement \u00e0 l\u2019approche d\u2019un syst\u00e8me de mesure. Le passage direct du syst\u00e8me de mesure est marqu\u00e9 par un gong suppl\u00e9mentaire. La base de donn\u00e9es peut \u00eatre mise [&#8230;]\n","protected":false},"featured_media":14288,"comment_status":"open","ping_status":"closed","template":"","meta":[],"product_brand":[],"product_cat":[330,290],"product_tag":[385,424,631,577],"class_list":{"0":"post-14639","1":"product","2":"type-product","3":"status-publish","4":"has-post-thumbnail","6":"product_cat-avertisseur-radar-gps","7":"product_cat-cheetah-france","8":"product_tag-cheetah-c150-fr","9":"product_tag-europa-fr","10":"product_tag-gps-warner-fr","11":"product_tag-radarwarner-fr","13":"first","14":"outofstock","15":"taxable","16":"shipping-taxable","17":"purchasable","18":"product-type-simple"},"yoast_head":"<!-- This site is optimized with the Yoast SEO plugin v27.2 - https:\/\/yoast.com\/product\/yoast-seo-wordpress\/ -->\n<title>Cheetah C150 GPS Warner pour l\u2019Europe | Radar Service<\/title>\n<meta name=\"description\" content=\"Le Cheetah C150 est un avertisseur GPS pour l\u2019affichage de syst\u00e8mes de mesure de vitesse fixes et de surveillance des feux rouges.\" \/>\n<meta name=\"robots\" content=\"index, follow, max-snippet:-1, max-image-preview:large, max-video-preview:-1\" \/>\n<link rel=\"canonical\" href=\"https:\/\/radarservice.eu\/fr\/produit\/cheetah-c150-gps-warner-pour-leurope\/\" \/>\n<meta property=\"og:locale\" content=\"fr_FR\" \/>\n<meta property=\"og:type\" content=\"article\" \/>\n<meta property=\"og:title\" content=\"Cheetah C150 GPS Warner pour l\u2019Europe | Radar Service\" \/>\n<meta property=\"og:description\" content=\"Le Cheetah C150 est un avertisseur GPS pour l\u2019affichage de syst\u00e8mes de mesure de vitesse fixes et de surveillance des feux rouges.\" \/>\n<meta property=\"og:url\" content=\"https:\/\/radarservice.eu\/fr\/produit\/cheetah-c150-gps-warner-pour-leurope\/\" \/>\n<meta property=\"og:site_name\" content=\"Radar Service\" \/>\n<meta property=\"article:modified_time\" content=\"2021-03-18T10:20:52+00:00\" \/>\n<meta property=\"og:image\" content=\"https:\/\/radarservice.eu\/wp-content\/uploads\/2020\/09\/cheetah_c150.jpg\" \/>\n\t<meta property=\"og:image:width\" content=\"903\" \/>\n\t<meta property=\"og:image:height\" content=\"569\" \/>\n\t<meta property=\"og:image:type\" content=\"image\/jpeg\" \/>\n<meta name=\"twitter:card\" content=\"summary_large_image\" \/>\n<meta name=\"twitter:label1\" content=\"Dur\u00e9e de lecture estim\u00e9e\" \/>\n\t<meta name=\"twitter:data1\" content=\"1 minute\" \/>\n<script type=\"application\/ld+json\" class=\"yoast-schema-graph\">{\"@context\":\"https:\/\/schema.org\",\"@graph\":[{\"@type\":\"WebPage\",\"@id\":\"https:\/\/radarservice.eu\/fr\/produit\/cheetah-c150-gps-warner-pour-leurope\/\",\"url\":\"https:\/\/radarservice.eu\/fr\/produit\/cheetah-c150-gps-warner-pour-leurope\/\",\"name\":\"Cheetah C150 GPS Warner pour l\u2019Europe | Radar Service\",\"isPartOf\":{\"@id\":\"https:\/\/radarservice.eu\/fr\/#website\"},\"primaryImageOfPage\":{\"@id\":\"https:\/\/radarservice.eu\/fr\/produit\/cheetah-c150-gps-warner-pour-leurope\/#primaryimage\"},\"image\":{\"@id\":\"https:\/\/radarservice.eu\/fr\/produit\/cheetah-c150-gps-warner-pour-leurope\/#primaryimage\"},\"thumbnailUrl\":\"https:\/\/radarservice.eu\/wp-content\/uploads\/2020\/09\/cheetah_c150.jpg\",\"datePublished\":\"2020-09-13T12:47:02+00:00\",\"dateModified\":\"2021-03-18T10:20:52+00:00\",\"description\":\"Le Cheetah C150 est un avertisseur GPS pour l\u2019affichage de syst\u00e8mes de mesure de vitesse fixes et de surveillance des feux rouges.\",\"breadcrumb\":{\"@id\":\"https:\/\/radarservice.eu\/fr\/produit\/cheetah-c150-gps-warner-pour-leurope\/#breadcrumb\"},\"inLanguage\":\"fr-FR\",\"potentialAction\":[{\"@type\":\"ReadAction\",\"target\":[\"https:\/\/radarservice.eu\/fr\/produit\/cheetah-c150-gps-warner-pour-leurope\/\"]}]},{\"@type\":\"ImageObject\",\"inLanguage\":\"fr-FR\",\"@id\":\"https:\/\/radarservice.eu\/fr\/produit\/cheetah-c150-gps-warner-pour-leurope\/#primaryimage\",\"url\":\"https:\/\/radarservice.eu\/wp-content\/uploads\/2020\/09\/cheetah_c150.jpg\",\"contentUrl\":\"https:\/\/radarservice.eu\/wp-content\/uploads\/2020\/09\/cheetah_c150.jpg\",\"width\":903,\"height\":569,\"caption\":\"Cheetah C150\"},{\"@type\":\"BreadcrumbList\",\"@id\":\"https:\/\/radarservice.eu\/fr\/produit\/cheetah-c150-gps-warner-pour-leurope\/#breadcrumb\",\"itemListElement\":[{\"@type\":\"ListItem\",\"position\":1,\"name\":\"Boutique\",\"item\":\"https:\/\/radarservice.eu\/fr\/boutique\/\"},{\"@type\":\"ListItem\",\"position\":2,\"name\":\"Cheetah C150 GPS Warner pour l\u2019Europe\"}]},{\"@type\":\"WebSite\",\"@id\":\"https:\/\/radarservice.eu\/fr\/#website\",\"url\":\"https:\/\/radarservice.eu\/fr\/\",\"name\":\"Radar Service\",\"description\":\"Radar detector Laser jammer mobile fix\",\"publisher\":{\"@id\":\"https:\/\/radarservice.eu\/fr\/#organization\"},\"potentialAction\":[{\"@type\":\"SearchAction\",\"target\":{\"@type\":\"EntryPoint\",\"urlTemplate\":\"https:\/\/radarservice.eu\/fr\/?s={search_term_string}\"},\"query-input\":{\"@type\":\"PropertyValueSpecification\",\"valueRequired\":true,\"valueName\":\"search_term_string\"}}],\"inLanguage\":\"fr-FR\"},{\"@type\":\"Organization\",\"@id\":\"https:\/\/radarservice.eu\/fr\/#organization\",\"name\":\"RadarService\",\"url\":\"https:\/\/radarservice.eu\/fr\/\",\"logo\":{\"@type\":\"ImageObject\",\"inLanguage\":\"fr-FR\",\"@id\":\"https:\/\/radarservice.eu\/fr\/#\/schema\/logo\/image\/\",\"url\":\"https:\/\/radarservice.eu\/wp-content\/uploads\/2021\/03\/Radar_detector_service.png\",\"contentUrl\":\"https:\/\/radarservice.eu\/wp-content\/uploads\/2021\/03\/Radar_detector_service.png\",\"width\":174,\"height\":48,\"caption\":\"RadarService\"},\"image\":{\"@id\":\"https:\/\/radarservice.eu\/fr\/#\/schema\/logo\/image\/\"}}]}<\/script>\n<!-- \/ Yoast SEO plugin. -->","yoast_head_json":{"title":"Cheetah C150 GPS Warner pour l\u2019Europe | Radar Service","description":"Le Cheetah C150 est un avertisseur GPS pour l\u2019affichage de syst\u00e8mes de mesure de vitesse fixes et de surveillance des feux rouges.","robots":{"index":"index","follow":"follow","max-snippet":"max-snippet:-1","max-image-preview":"max-image-preview:large","max-video-preview":"max-video-preview:-1"},"canonical":"https:\/\/radarservice.eu\/fr\/produit\/cheetah-c150-gps-warner-pour-leurope\/","og_locale":"fr_FR","og_type":"article","og_title":"Cheetah C150 GPS Warner pour l\u2019Europe | Radar Service","og_description":"Le Cheetah C150 est un avertisseur GPS pour l\u2019affichage de syst\u00e8mes de mesure de vitesse fixes et de surveillance des feux rouges.","og_url":"https:\/\/radarservice.eu\/fr\/produit\/cheetah-c150-gps-warner-pour-leurope\/","og_site_name":"Radar Service","article_modified_time":"2021-03-18T10:20:52+00:00","og_image":[{"width":903,"height":569,"url":"https:\/\/radarservice.eu\/wp-content\/uploads\/2020\/09\/cheetah_c150.jpg","type":"image\/jpeg"}],"twitter_card":"summary_large_image","twitter_misc":{"Dur\u00e9e de lecture estim\u00e9e":"1 minute"},"schema":{"@context":"https:\/\/schema.org","@graph":[{"@type":"WebPage","@id":"https:\/\/radarservice.eu\/fr\/produit\/cheetah-c150-gps-warner-pour-leurope\/","url":"https:\/\/radarservice.eu\/fr\/produit\/cheetah-c150-gps-warner-pour-leurope\/","name":"Cheetah C150 GPS Warner pour l\u2019Europe | Radar Service","isPartOf":{"@id":"https:\/\/radarservice.eu\/fr\/#website"},"primaryImageOfPage":{"@id":"https:\/\/radarservice.eu\/fr\/produit\/cheetah-c150-gps-warner-pour-leurope\/#primaryimage"},"image":{"@id":"https:\/\/radarservice.eu\/fr\/produit\/cheetah-c150-gps-warner-pour-leurope\/#primaryimage"},"thumbnailUrl":"https:\/\/radarservice.eu\/wp-content\/uploads\/2020\/09\/cheetah_c150.jpg","datePublished":"2020-09-13T12:47:02+00:00","dateModified":"2021-03-18T10:20:52+00:00","description":"Le Cheetah C150 est un avertisseur GPS pour l\u2019affichage de syst\u00e8mes de mesure de vitesse fixes et de surveillance des feux rouges.","breadcrumb":{"@id":"https:\/\/radarservice.eu\/fr\/produit\/cheetah-c150-gps-warner-pour-leurope\/#breadcrumb"},"inLanguage":"fr-FR","potentialAction":[{"@type":"ReadAction","target":["https:\/\/radarservice.eu\/fr\/produit\/cheetah-c150-gps-warner-pour-leurope\/"]}]},{"@type":"ImageObject","inLanguage":"fr-FR","@id":"https:\/\/radarservice.eu\/fr\/produit\/cheetah-c150-gps-warner-pour-leurope\/#primaryimage","url":"https:\/\/radarservice.eu\/wp-content\/uploads\/2020\/09\/cheetah_c150.jpg","contentUrl":"https:\/\/radarservice.eu\/wp-content\/uploads\/2020\/09\/cheetah_c150.jpg","width":903,"height":569,"caption":"Cheetah C150"},{"@type":"BreadcrumbList","@id":"https:\/\/radarservice.eu\/fr\/produit\/cheetah-c150-gps-warner-pour-leurope\/#breadcrumb","itemListElement":[{"@type":"ListItem","position":1,"name":"Boutique","item":"https:\/\/radarservice.eu\/fr\/boutique\/"},{"@type":"ListItem","position":2,"name":"Cheetah C150 GPS Warner pour l\u2019Europe"}]},{"@type":"WebSite","@id":"https:\/\/radarservice.eu\/fr\/#website","url":"https:\/\/radarservice.eu\/fr\/","name":"Radar Service","description":"Radar detector Laser jammer mobile fix","publisher":{"@id":"https:\/\/radarservice.eu\/fr\/#organization"},"potentialAction":[{"@type":"SearchAction","target":{"@type":"EntryPoint","urlTemplate":"https:\/\/radarservice.eu\/fr\/?s={search_term_string}"},"query-input":{"@type":"PropertyValueSpecification","valueRequired":true,"valueName":"search_term_string"}}],"inLanguage":"fr-FR"},{"@type":"Organization","@id":"https:\/\/radarservice.eu\/fr\/#organization","name":"RadarService","url":"https:\/\/radarservice.eu\/fr\/","logo":{"@type":"ImageObject","inLanguage":"fr-FR","@id":"https:\/\/radarservice.eu\/fr\/#\/schema\/logo\/image\/","url":"https:\/\/radarservice.eu\/wp-content\/uploads\/2021\/03\/Radar_detector_service.png","contentUrl":"https:\/\/radarservice.eu\/wp-content\/uploads\/2021\/03\/Radar_detector_service.png","width":174,"height":48,"caption":"RadarService"},"image":{"@id":"https:\/\/radarservice.eu\/fr\/#\/schema\/logo\/image\/"}}]}},"_links":{"self":[{"href":"https:\/\/radarservice.eu\/fr\/wp-json\/wp\/v2\/product\/14639","targetHints":{"allow":["GET"]}}],"collection":[{"href":"https:\/\/radarservice.eu\/fr\/wp-json\/wp\/v2\/product"}],"about":[{"href":"https:\/\/radarservice.eu\/fr\/wp-json\/wp\/v2\/types\/product"}],"replies":[{"embeddable":true,"href":"https:\/\/radarservice.eu\/fr\/wp-json\/wp\/v2\/comments?post=14639"}],"wp:featuredmedia":[{"embeddable":true,"href":"https:\/\/radarservice.eu\/fr\/wp-json\/wp\/v2\/media\/14288"}],"wp:attachment":[{"href":"https:\/\/radarservice.eu\/fr\/wp-json\/wp\/v2\/media?parent=14639"}],"wp:term":[{"taxonomy":"product_brand","embeddable":true,"href":"https:\/\/radarservice.eu\/fr\/wp-json\/wp\/v2\/product_brand?post=14639"},{"taxonomy":"product_cat","embeddable":true,"href":"https:\/\/radarservice.eu\/fr\/wp-json\/wp\/v2\/product_cat?post=14639"},{"taxonomy":"product_tag","embeddable":true,"href":"https:\/\/radarservice.eu\/fr\/wp-json\/wp\/v2\/product_tag?post=14639"}],"curies":[{"name":"wp","href":"https:\/\/api.w.org\/{rel}","templated":true}]}}