{"id":14635,"date":"2020-09-13T14:47:02","date_gmt":"2020-09-13T12:47:02","guid":{"rendered":"https:\/\/radarservice.eu\/produkt\/beltronics-975-version-europa\/"},"modified":"2022-09-02T17:42:43","modified_gmt":"2022-09-02T15:42:43","slug":"beltronics-975-version-europa","status":"publish","type":"product","link":"https:\/\/radarservice.eu\/fr\/produit\/beltronics-975-version-europa\/","title":{"rendered":"Beltronics 975 Version Europa"},"content":{"rendered":"<p>La version 2012 de l\u2019Europe Beltronics 975 est 20% plus performante que le Bel 966NEW et est particuli\u00e8rement adapt\u00e9e \u00e0 une utilisation en Europe. L\u2019avertisseur de radar \u00e0 montage fixe est id\u00e9al comme un appareil d\u2019entr\u00e9e de gamme bon march\u00e9 pour l\u2019installation cach\u00e9e. Gr\u00e2ce au bo\u00eetier prot\u00e9g\u00e9 par les \u00e9claboussures du BEL 975 Europa, une installation invisible parfaite n\u2019est pas un probl\u00e8me. Le module de r\u00e9ception radar est install\u00e9 dans un endroit appropri\u00e9 dans l\u2019avant du v\u00e9hicule. Les avertissements et les r\u00e9glages sont effectu\u00e9s par un tr\u00e8s petit panneau de commande \u00e0 l\u2019int\u00e9rieur du v\u00e9hicule.<\/p>\n<p><strong>Selon:<\/strong> Le Bel EVO 975 est un simple avertisseur de radars et ne dispose d\u2019aucun avertissement laser. Les modules de r\u00e9ception laser originaux disponibles en option ne sont pas recommand\u00e9s en Europe. Si vous avez besoin d\u2019une protection laser, il est recommand\u00e9 d\u2019utiliser un bloquant laser actif z.B. Genevo FF2 ou AL Priority.<\/p>\n<p><strong>\u00e9vente:<\/strong><br \/>\n+ BEL EVO 975 avec une puissance sup\u00e9rieure de 20% \u00e0 celle de Bel 966NEW<br \/>\n+ version la plus r\u00e9cente pour Europa version 2012<br \/>\nBandes X, K, KA et Ku<br \/>\n+ bande \u00e9troite Ka pour des performances max. sur les radars multanova europ\u00e9ens<br \/>\n+ bande K et la bande Ku d\u00e9brancher en appuyant sur un bouton<\/p>\n<p><strong> fr\u00e9quence:<\/strong><br \/>\n+ bande X &#8211; 10.525 GHz \u00b1 25 MHz<br \/>\nBande K &#8211; 24.150 GHz \u00b1 100 MHz<br \/>\n+ bande ka &#8211; 34.700 GHz \u00b1 1300 MHz<br \/>\n+ Ka Narrow &#8211; 34.0, 34.3, 34.7 a 35.5 GHz \u00b1 80 MHz<br \/>\n+ bande KU &#8211; 13.450 MHz<\/p>\n<p><strong>approvisionnement:<\/strong><br \/>\n* Antenne radar externe Beltronics 975<br \/>\n* Unit\u00e9 de commande avec \u00e9cran<br \/>\n* Mode d\u2019emploi <br \/>\n* Mat\u00e9riel de montage complet pour l\u2019installation<\/p>\n","protected":false},"excerpt":{"rendered":"<p>La version 2012 de l\u2019Europe Beltronics 975 est 20% plus performante que le Bel 966NEW et est particuli\u00e8rement adapt\u00e9e \u00e0 une utilisation en Europe. L\u2019avertisseur de radar \u00e0 montage fixe est id\u00e9al comme un appareil d\u2019entr\u00e9e de gamme bon march\u00e9 pour l\u2019installation cach\u00e9e. Gr\u00e2ce au bo\u00eetier prot\u00e9g\u00e9 par les \u00e9claboussures du BEL 975 Europa, une [&#8230;]\n","protected":false},"featured_media":14276,"comment_status":"open","ping_status":"closed","template":"","meta":[],"product_brand":[],"product_cat":[287,331],"product_tag":[343,361,404,575,666,577],"class_list":{"0":"post-14635","1":"product","2":"type-product","3":"status-publish","4":"has-post-thumbnail","6":"product_cat-beltronics-france","7":"product_cat-detecteurs-de-radar-fixes-invisible","8":"product_tag-bel-fr","9":"product_tag-beltronics-fr","10":"product_tag-evo-975-fr","11":"product_tag-festeinbau-fr","12":"product_tag-invisible","13":"product_tag-radarwarner-fr","15":"first","16":"onbackorder","17":"sale","18":"taxable","19":"shipping-taxable","20":"purchasable","21":"product-type-simple"},"yoast_head":"<!-- This site is optimized with the Yoast SEO plugin v27.2 - https:\/\/yoast.com\/product\/yoast-seo-wordpress\/ -->\n<title>Beltronics 975 Version Europa | Radar Service<\/title>\n<meta name=\"description\" content=\"L\u2019avertisseur de radars Beltronics 975 est id\u00e9al pour \u00eatre un appareil d\u2019entr\u00e9e de gamme bon march\u00e9 pour l\u2019installation cach\u00e9e.\" \/>\n<meta name=\"robots\" content=\"index, follow, max-snippet:-1, max-image-preview:large, max-video-preview:-1\" \/>\n<link rel=\"canonical\" href=\"https:\/\/radarservice.eu\/fr\/produit\/beltronics-975-version-europa\/\" \/>\n<meta property=\"og:locale\" content=\"fr_FR\" \/>\n<meta property=\"og:type\" content=\"article\" \/>\n<meta property=\"og:title\" content=\"Beltronics 975 Version Europa | Radar Service\" \/>\n<meta property=\"og:description\" content=\"L\u2019avertisseur de radars Beltronics 975 est id\u00e9al pour \u00eatre un appareil d\u2019entr\u00e9e de gamme bon march\u00e9 pour l\u2019installation cach\u00e9e.\" \/>\n<meta property=\"og:url\" content=\"https:\/\/radarservice.eu\/fr\/produit\/beltronics-975-version-europa\/\" \/>\n<meta property=\"og:site_name\" content=\"Radar Service\" \/>\n<meta property=\"article:modified_time\" content=\"2022-09-02T15:42:43+00:00\" \/>\n<meta property=\"og:image\" content=\"https:\/\/radarservice.eu\/wp-content\/uploads\/2020\/09\/beltronics_target_966_2_1-1.jpg\" \/>\n\t<meta property=\"og:image:width\" content=\"340\" \/>\n\t<meta property=\"og:image:height\" content=\"340\" \/>\n\t<meta property=\"og:image:type\" content=\"image\/jpeg\" \/>\n<meta name=\"twitter:card\" content=\"summary_large_image\" \/>\n<meta name=\"twitter:label1\" content=\"Dur\u00e9e de lecture estim\u00e9e\" \/>\n\t<meta name=\"twitter:data1\" content=\"1 minute\" \/>\n<script type=\"application\/ld+json\" class=\"yoast-schema-graph\">{\"@context\":\"https:\/\/schema.org\",\"@graph\":[{\"@type\":\"WebPage\",\"@id\":\"https:\/\/radarservice.eu\/fr\/produit\/beltronics-975-version-europa\/\",\"url\":\"https:\/\/radarservice.eu\/fr\/produit\/beltronics-975-version-europa\/\",\"name\":\"Beltronics 975 Version Europa | Radar Service\",\"isPartOf\":{\"@id\":\"https:\/\/radarservice.eu\/fr\/#website\"},\"primaryImageOfPage\":{\"@id\":\"https:\/\/radarservice.eu\/fr\/produit\/beltronics-975-version-europa\/#primaryimage\"},\"image\":{\"@id\":\"https:\/\/radarservice.eu\/fr\/produit\/beltronics-975-version-europa\/#primaryimage\"},\"thumbnailUrl\":\"https:\/\/radarservice.eu\/wp-content\/uploads\/2020\/09\/beltronics_target_966_2_1-1.jpg\",\"datePublished\":\"2020-09-13T12:47:02+00:00\",\"dateModified\":\"2022-09-02T15:42:43+00:00\",\"description\":\"L\u2019avertisseur de radars Beltronics 975 est id\u00e9al pour \u00eatre un appareil d\u2019entr\u00e9e de gamme bon march\u00e9 pour l\u2019installation cach\u00e9e.\",\"breadcrumb\":{\"@id\":\"https:\/\/radarservice.eu\/fr\/produit\/beltronics-975-version-europa\/#breadcrumb\"},\"inLanguage\":\"fr-FR\",\"potentialAction\":[{\"@type\":\"ReadAction\",\"target\":[\"https:\/\/radarservice.eu\/fr\/produit\/beltronics-975-version-europa\/\"]}]},{\"@type\":\"ImageObject\",\"inLanguage\":\"fr-FR\",\"@id\":\"https:\/\/radarservice.eu\/fr\/produit\/beltronics-975-version-europa\/#primaryimage\",\"url\":\"https:\/\/radarservice.eu\/wp-content\/uploads\/2020\/09\/beltronics_target_966_2_1-1.jpg\",\"contentUrl\":\"https:\/\/radarservice.eu\/wp-content\/uploads\/2020\/09\/beltronics_target_966_2_1-1.jpg\",\"width\":340,\"height\":340,\"caption\":\"Beltronics Target 966\"},{\"@type\":\"BreadcrumbList\",\"@id\":\"https:\/\/radarservice.eu\/fr\/produit\/beltronics-975-version-europa\/#breadcrumb\",\"itemListElement\":[{\"@type\":\"ListItem\",\"position\":1,\"name\":\"Boutique\",\"item\":\"https:\/\/radarservice.eu\/fr\/boutique\/\"},{\"@type\":\"ListItem\",\"position\":2,\"name\":\"Beltronics 975 Version Europa\"}]},{\"@type\":\"WebSite\",\"@id\":\"https:\/\/radarservice.eu\/fr\/#website\",\"url\":\"https:\/\/radarservice.eu\/fr\/\",\"name\":\"Radar Service\",\"description\":\"Radar detector Laser jammer mobile fix\",\"publisher\":{\"@id\":\"https:\/\/radarservice.eu\/fr\/#organization\"},\"potentialAction\":[{\"@type\":\"SearchAction\",\"target\":{\"@type\":\"EntryPoint\",\"urlTemplate\":\"https:\/\/radarservice.eu\/fr\/?s={search_term_string}\"},\"query-input\":{\"@type\":\"PropertyValueSpecification\",\"valueRequired\":true,\"valueName\":\"search_term_string\"}}],\"inLanguage\":\"fr-FR\"},{\"@type\":\"Organization\",\"@id\":\"https:\/\/radarservice.eu\/fr\/#organization\",\"name\":\"RadarService\",\"url\":\"https:\/\/radarservice.eu\/fr\/\",\"logo\":{\"@type\":\"ImageObject\",\"inLanguage\":\"fr-FR\",\"@id\":\"https:\/\/radarservice.eu\/fr\/#\/schema\/logo\/image\/\",\"url\":\"https:\/\/radarservice.eu\/wp-content\/uploads\/2021\/03\/Radar_detector_service.png\",\"contentUrl\":\"https:\/\/radarservice.eu\/wp-content\/uploads\/2021\/03\/Radar_detector_service.png\",\"width\":174,\"height\":48,\"caption\":\"RadarService\"},\"image\":{\"@id\":\"https:\/\/radarservice.eu\/fr\/#\/schema\/logo\/image\/\"}}]}<\/script>\n<!-- \/ Yoast SEO plugin. -->","yoast_head_json":{"title":"Beltronics 975 Version Europa | Radar Service","description":"L\u2019avertisseur de radars Beltronics 975 est id\u00e9al pour \u00eatre un appareil d\u2019entr\u00e9e de gamme bon march\u00e9 pour l\u2019installation cach\u00e9e.","robots":{"index":"index","follow":"follow","max-snippet":"max-snippet:-1","max-image-preview":"max-image-preview:large","max-video-preview":"max-video-preview:-1"},"canonical":"https:\/\/radarservice.eu\/fr\/produit\/beltronics-975-version-europa\/","og_locale":"fr_FR","og_type":"article","og_title":"Beltronics 975 Version Europa | Radar Service","og_description":"L\u2019avertisseur de radars Beltronics 975 est id\u00e9al pour \u00eatre un appareil d\u2019entr\u00e9e de gamme bon march\u00e9 pour l\u2019installation cach\u00e9e.","og_url":"https:\/\/radarservice.eu\/fr\/produit\/beltronics-975-version-europa\/","og_site_name":"Radar Service","article_modified_time":"2022-09-02T15:42:43+00:00","og_image":[{"width":340,"height":340,"url":"https:\/\/radarservice.eu\/wp-content\/uploads\/2020\/09\/beltronics_target_966_2_1-1.jpg","type":"image\/jpeg"}],"twitter_card":"summary_large_image","twitter_misc":{"Dur\u00e9e de lecture estim\u00e9e":"1 minute"},"schema":{"@context":"https:\/\/schema.org","@graph":[{"@type":"WebPage","@id":"https:\/\/radarservice.eu\/fr\/produit\/beltronics-975-version-europa\/","url":"https:\/\/radarservice.eu\/fr\/produit\/beltronics-975-version-europa\/","name":"Beltronics 975 Version Europa | Radar Service","isPartOf":{"@id":"https:\/\/radarservice.eu\/fr\/#website"},"primaryImageOfPage":{"@id":"https:\/\/radarservice.eu\/fr\/produit\/beltronics-975-version-europa\/#primaryimage"},"image":{"@id":"https:\/\/radarservice.eu\/fr\/produit\/beltronics-975-version-europa\/#primaryimage"},"thumbnailUrl":"https:\/\/radarservice.eu\/wp-content\/uploads\/2020\/09\/beltronics_target_966_2_1-1.jpg","datePublished":"2020-09-13T12:47:02+00:00","dateModified":"2022-09-02T15:42:43+00:00","description":"L\u2019avertisseur de radars Beltronics 975 est id\u00e9al pour \u00eatre un appareil d\u2019entr\u00e9e de gamme bon march\u00e9 pour l\u2019installation cach\u00e9e.","breadcrumb":{"@id":"https:\/\/radarservice.eu\/fr\/produit\/beltronics-975-version-europa\/#breadcrumb"},"inLanguage":"fr-FR","potentialAction":[{"@type":"ReadAction","target":["https:\/\/radarservice.eu\/fr\/produit\/beltronics-975-version-europa\/"]}]},{"@type":"ImageObject","inLanguage":"fr-FR","@id":"https:\/\/radarservice.eu\/fr\/produit\/beltronics-975-version-europa\/#primaryimage","url":"https:\/\/radarservice.eu\/wp-content\/uploads\/2020\/09\/beltronics_target_966_2_1-1.jpg","contentUrl":"https:\/\/radarservice.eu\/wp-content\/uploads\/2020\/09\/beltronics_target_966_2_1-1.jpg","width":340,"height":340,"caption":"Beltronics Target 966"},{"@type":"BreadcrumbList","@id":"https:\/\/radarservice.eu\/fr\/produit\/beltronics-975-version-europa\/#breadcrumb","itemListElement":[{"@type":"ListItem","position":1,"name":"Boutique","item":"https:\/\/radarservice.eu\/fr\/boutique\/"},{"@type":"ListItem","position":2,"name":"Beltronics 975 Version Europa"}]},{"@type":"WebSite","@id":"https:\/\/radarservice.eu\/fr\/#website","url":"https:\/\/radarservice.eu\/fr\/","name":"Radar Service","description":"Radar detector Laser jammer mobile fix","publisher":{"@id":"https:\/\/radarservice.eu\/fr\/#organization"},"potentialAction":[{"@type":"SearchAction","target":{"@type":"EntryPoint","urlTemplate":"https:\/\/radarservice.eu\/fr\/?s={search_term_string}"},"query-input":{"@type":"PropertyValueSpecification","valueRequired":true,"valueName":"search_term_string"}}],"inLanguage":"fr-FR"},{"@type":"Organization","@id":"https:\/\/radarservice.eu\/fr\/#organization","name":"RadarService","url":"https:\/\/radarservice.eu\/fr\/","logo":{"@type":"ImageObject","inLanguage":"fr-FR","@id":"https:\/\/radarservice.eu\/fr\/#\/schema\/logo\/image\/","url":"https:\/\/radarservice.eu\/wp-content\/uploads\/2021\/03\/Radar_detector_service.png","contentUrl":"https:\/\/radarservice.eu\/wp-content\/uploads\/2021\/03\/Radar_detector_service.png","width":174,"height":48,"caption":"RadarService"},"image":{"@id":"https:\/\/radarservice.eu\/fr\/#\/schema\/logo\/image\/"}}]}},"_links":{"self":[{"href":"https:\/\/radarservice.eu\/fr\/wp-json\/wp\/v2\/product\/14635","targetHints":{"allow":["GET"]}}],"collection":[{"href":"https:\/\/radarservice.eu\/fr\/wp-json\/wp\/v2\/product"}],"about":[{"href":"https:\/\/radarservice.eu\/fr\/wp-json\/wp\/v2\/types\/product"}],"replies":[{"embeddable":true,"href":"https:\/\/radarservice.eu\/fr\/wp-json\/wp\/v2\/comments?post=14635"}],"wp:featuredmedia":[{"embeddable":true,"href":"https:\/\/radarservice.eu\/fr\/wp-json\/wp\/v2\/media\/14276"}],"wp:attachment":[{"href":"https:\/\/radarservice.eu\/fr\/wp-json\/wp\/v2\/media?parent=14635"}],"wp:term":[{"taxonomy":"product_brand","embeddable":true,"href":"https:\/\/radarservice.eu\/fr\/wp-json\/wp\/v2\/product_brand?post=14635"},{"taxonomy":"product_cat","embeddable":true,"href":"https:\/\/radarservice.eu\/fr\/wp-json\/wp\/v2\/product_cat?post=14635"},{"taxonomy":"product_tag","embeddable":true,"href":"https:\/\/radarservice.eu\/fr\/wp-json\/wp\/v2\/product_tag?post=14635"}],"curies":[{"name":"wp","href":"https:\/\/api.w.org\/{rel}","templated":true}]}}