{"id":14613,"date":"2020-09-13T14:47:02","date_gmt":"2020-09-13T12:47:02","guid":{"rendered":"https:\/\/radarservice.eu\/produkt\/brouilleur-laser-blind-m27-m47-xtreme\/"},"modified":"2021-03-18T11:21:58","modified_gmt":"2021-03-18T10:21:58","slug":"brouilleur-laser-blind-m27-m47-xtreme","status":"publish","type":"product","link":"https:\/\/radarservice.eu\/fr\/produit\/brouilleur-laser-blind-m27-m47-xtreme\/","title":{"rendered":"Brouilleur laser Blind M27 &#038; M47 XTREME"},"content":{"rendered":"<p>L\u2019aveugle M27 &amp; M47 X-TREME est le pr\u00e9d\u00e9cesseur de l\u2019aveugle HP 905 et continue de miser sur les LED pour la protection laser. L\u2019utilisation en Europe n\u2019est donc que partiellement recommand\u00e9e.<br \/>\nLe successeur HP905 fonctionne avec des diodes laser et est donc presque 100 fois plus puissant et nettement plus petit dans les dimensions.<br \/>\nLe M27 &amp; M47 peut \u00eatre configur\u00e9 \u00e0 la fois en tant qu\u2019assistant de stationnement, avertisseur laser ou en tant que perturbateur laser. <\/p>\n<p><strong>\u00e9vente:<\/strong><br \/>\n+ Parking Assist \/ Jamming \/ Detection mode r\u00e9glable<br \/>\n+ bo\u00eetier de capteur \u00e9tanche <br \/>\n+ alarme acoustique <br \/>\n+ Dimensions du capteur : 90,0 x 17,0 x 50,0 mm<\/p>\n<p><strong>approvisionnement:<\/strong><br \/>\n* D\u00e9tecteurs aveugles<br \/>\n* Unit\u00e9 de commande avec connexion USB <br \/>\n* Haut-parleur<br \/>\n* Mat\u00e9riel de montage <br \/>\n* Mode d\u2019emploi<\/p>\n<p><strong>Selon:<\/strong> pour une utilisation en Europe de l\u2019Ouest, nous recommandons les bloquants laser h\u00f4p\u00e9s HP905, Genevo FF2 ou AL Priority.<\/p>\n","protected":false},"excerpt":{"rendered":"<p>L\u2019aveugle M27 &amp; M47 X-TREME est le pr\u00e9d\u00e9cesseur de l\u2019aveugle HP 905 et continue de miser sur les LED pour la protection laser. L\u2019utilisation en Europe n\u2019est donc que partiellement recommand\u00e9e. Le successeur HP905 fonctionne avec des diodes laser et est donc presque 100 fois plus puissant et nettement plus petit dans les dimensions. Le [&#8230;]\n","protected":false},"featured_media":14248,"comment_status":"open","ping_status":"closed","template":"","meta":[],"product_brand":[],"product_cat":[288,324],"product_tag":[629,628,357,366,498,497],"class_list":{"0":"post-14613","1":"product","2":"type-product","3":"status-publish","4":"has-post-thumbnail","6":"product_cat-blinder-france","7":"product_cat-brouilleur-laser","8":"product_tag-bables-laser-fr","9":"product_tag-bables-laser","10":"product_tag-blinder-fr","11":"product_tag-blinder-x-treme-fr","12":"product_tag-m27-fr","13":"product_tag-m47-fr","15":"first","16":"outofstock","17":"taxable","18":"shipping-taxable","19":"purchasable","20":"product-type-simple"},"yoast_head":"<!-- This site is optimized with the Yoast SEO plugin v27.2 - https:\/\/yoast.com\/product\/yoast-seo-wordpress\/ -->\n<title>Brouilleur laser Blind M27 &amp; M47 XTREME | Radar Service<\/title>\n<meta name=\"description\" content=\"Brouilleur laser Blind M27 &amp; M47 XTREME | Radar Service\" \/>\n<meta name=\"robots\" content=\"index, follow, max-snippet:-1, max-image-preview:large, max-video-preview:-1\" \/>\n<link rel=\"canonical\" href=\"https:\/\/radarservice.eu\/fr\/produit\/brouilleur-laser-blind-m27-m47-xtreme\/\" \/>\n<meta property=\"og:locale\" content=\"fr_FR\" \/>\n<meta property=\"og:type\" content=\"article\" \/>\n<meta property=\"og:title\" content=\"Brouilleur laser Blind M27 &amp; M47 XTREME | Radar Service\" \/>\n<meta property=\"og:description\" content=\"Brouilleur laser Blind M27 &amp; M47 XTREME | Radar Service\" \/>\n<meta property=\"og:url\" content=\"https:\/\/radarservice.eu\/fr\/produit\/brouilleur-laser-blind-m27-m47-xtreme\/\" \/>\n<meta property=\"og:site_name\" content=\"Radar Service\" \/>\n<meta property=\"article:modified_time\" content=\"2021-03-18T10:21:58+00:00\" \/>\n<meta property=\"og:image\" content=\"https:\/\/radarservice.eu\/wp-content\/uploads\/2020\/09\/blinder_m27_xtreme.jpg\" \/>\n\t<meta property=\"og:image:width\" content=\"750\" \/>\n\t<meta property=\"og:image:height\" content=\"563\" \/>\n\t<meta property=\"og:image:type\" content=\"image\/jpeg\" \/>\n<meta name=\"twitter:card\" content=\"summary_large_image\" \/>\n<meta name=\"twitter:label1\" content=\"Dur\u00e9e de lecture estim\u00e9e\" \/>\n\t<meta name=\"twitter:data1\" content=\"1 minute\" \/>\n<script type=\"application\/ld+json\" class=\"yoast-schema-graph\">{\"@context\":\"https:\/\/schema.org\",\"@graph\":[{\"@type\":\"WebPage\",\"@id\":\"https:\/\/radarservice.eu\/fr\/produit\/brouilleur-laser-blind-m27-m47-xtreme\/\",\"url\":\"https:\/\/radarservice.eu\/fr\/produit\/brouilleur-laser-blind-m27-m47-xtreme\/\",\"name\":\"Brouilleur laser Blind M27 & M47 XTREME | Radar Service\",\"isPartOf\":{\"@id\":\"https:\/\/radarservice.eu\/fr\/#website\"},\"primaryImageOfPage\":{\"@id\":\"https:\/\/radarservice.eu\/fr\/produit\/brouilleur-laser-blind-m27-m47-xtreme\/#primaryimage\"},\"image\":{\"@id\":\"https:\/\/radarservice.eu\/fr\/produit\/brouilleur-laser-blind-m27-m47-xtreme\/#primaryimage\"},\"thumbnailUrl\":\"https:\/\/radarservice.eu\/wp-content\/uploads\/2020\/09\/blinder_m27_xtreme.jpg\",\"datePublished\":\"2020-09-13T12:47:02+00:00\",\"dateModified\":\"2021-03-18T10:21:58+00:00\",\"description\":\"Brouilleur laser Blind M27 & M47 XTREME | Radar Service\",\"breadcrumb\":{\"@id\":\"https:\/\/radarservice.eu\/fr\/produit\/brouilleur-laser-blind-m27-m47-xtreme\/#breadcrumb\"},\"inLanguage\":\"fr-FR\",\"potentialAction\":[{\"@type\":\"ReadAction\",\"target\":[\"https:\/\/radarservice.eu\/fr\/produit\/brouilleur-laser-blind-m27-m47-xtreme\/\"]}]},{\"@type\":\"ImageObject\",\"inLanguage\":\"fr-FR\",\"@id\":\"https:\/\/radarservice.eu\/fr\/produit\/brouilleur-laser-blind-m27-m47-xtreme\/#primaryimage\",\"url\":\"https:\/\/radarservice.eu\/wp-content\/uploads\/2020\/09\/blinder_m27_xtreme.jpg\",\"contentUrl\":\"https:\/\/radarservice.eu\/wp-content\/uploads\/2020\/09\/blinder_m27_xtreme.jpg\",\"width\":750,\"height\":563,\"caption\":\"Brouilleur laser M27 xtreme\"},{\"@type\":\"BreadcrumbList\",\"@id\":\"https:\/\/radarservice.eu\/fr\/produit\/brouilleur-laser-blind-m27-m47-xtreme\/#breadcrumb\",\"itemListElement\":[{\"@type\":\"ListItem\",\"position\":1,\"name\":\"Boutique\",\"item\":\"https:\/\/radarservice.eu\/fr\/boutique\/\"},{\"@type\":\"ListItem\",\"position\":2,\"name\":\"Brouilleur laser Blind M27 &#038; M47 XTREME\"}]},{\"@type\":\"WebSite\",\"@id\":\"https:\/\/radarservice.eu\/fr\/#website\",\"url\":\"https:\/\/radarservice.eu\/fr\/\",\"name\":\"Radar Service\",\"description\":\"Radar detector Laser jammer mobile fix\",\"publisher\":{\"@id\":\"https:\/\/radarservice.eu\/fr\/#organization\"},\"potentialAction\":[{\"@type\":\"SearchAction\",\"target\":{\"@type\":\"EntryPoint\",\"urlTemplate\":\"https:\/\/radarservice.eu\/fr\/?s={search_term_string}\"},\"query-input\":{\"@type\":\"PropertyValueSpecification\",\"valueRequired\":true,\"valueName\":\"search_term_string\"}}],\"inLanguage\":\"fr-FR\"},{\"@type\":\"Organization\",\"@id\":\"https:\/\/radarservice.eu\/fr\/#organization\",\"name\":\"RadarService\",\"url\":\"https:\/\/radarservice.eu\/fr\/\",\"logo\":{\"@type\":\"ImageObject\",\"inLanguage\":\"fr-FR\",\"@id\":\"https:\/\/radarservice.eu\/fr\/#\/schema\/logo\/image\/\",\"url\":\"https:\/\/radarservice.eu\/wp-content\/uploads\/2021\/03\/Radar_detector_service.png\",\"contentUrl\":\"https:\/\/radarservice.eu\/wp-content\/uploads\/2021\/03\/Radar_detector_service.png\",\"width\":174,\"height\":48,\"caption\":\"RadarService\"},\"image\":{\"@id\":\"https:\/\/radarservice.eu\/fr\/#\/schema\/logo\/image\/\"}}]}<\/script>\n<!-- \/ Yoast SEO plugin. -->","yoast_head_json":{"title":"Brouilleur laser Blind M27 & M47 XTREME | Radar Service","description":"Brouilleur laser Blind M27 & M47 XTREME | Radar Service","robots":{"index":"index","follow":"follow","max-snippet":"max-snippet:-1","max-image-preview":"max-image-preview:large","max-video-preview":"max-video-preview:-1"},"canonical":"https:\/\/radarservice.eu\/fr\/produit\/brouilleur-laser-blind-m27-m47-xtreme\/","og_locale":"fr_FR","og_type":"article","og_title":"Brouilleur laser Blind M27 & M47 XTREME | Radar Service","og_description":"Brouilleur laser Blind M27 & M47 XTREME | Radar Service","og_url":"https:\/\/radarservice.eu\/fr\/produit\/brouilleur-laser-blind-m27-m47-xtreme\/","og_site_name":"Radar Service","article_modified_time":"2021-03-18T10:21:58+00:00","og_image":[{"width":750,"height":563,"url":"https:\/\/radarservice.eu\/wp-content\/uploads\/2020\/09\/blinder_m27_xtreme.jpg","type":"image\/jpeg"}],"twitter_card":"summary_large_image","twitter_misc":{"Dur\u00e9e de lecture estim\u00e9e":"1 minute"},"schema":{"@context":"https:\/\/schema.org","@graph":[{"@type":"WebPage","@id":"https:\/\/radarservice.eu\/fr\/produit\/brouilleur-laser-blind-m27-m47-xtreme\/","url":"https:\/\/radarservice.eu\/fr\/produit\/brouilleur-laser-blind-m27-m47-xtreme\/","name":"Brouilleur laser Blind M27 & M47 XTREME | Radar Service","isPartOf":{"@id":"https:\/\/radarservice.eu\/fr\/#website"},"primaryImageOfPage":{"@id":"https:\/\/radarservice.eu\/fr\/produit\/brouilleur-laser-blind-m27-m47-xtreme\/#primaryimage"},"image":{"@id":"https:\/\/radarservice.eu\/fr\/produit\/brouilleur-laser-blind-m27-m47-xtreme\/#primaryimage"},"thumbnailUrl":"https:\/\/radarservice.eu\/wp-content\/uploads\/2020\/09\/blinder_m27_xtreme.jpg","datePublished":"2020-09-13T12:47:02+00:00","dateModified":"2021-03-18T10:21:58+00:00","description":"Brouilleur laser Blind M27 & M47 XTREME | Radar Service","breadcrumb":{"@id":"https:\/\/radarservice.eu\/fr\/produit\/brouilleur-laser-blind-m27-m47-xtreme\/#breadcrumb"},"inLanguage":"fr-FR","potentialAction":[{"@type":"ReadAction","target":["https:\/\/radarservice.eu\/fr\/produit\/brouilleur-laser-blind-m27-m47-xtreme\/"]}]},{"@type":"ImageObject","inLanguage":"fr-FR","@id":"https:\/\/radarservice.eu\/fr\/produit\/brouilleur-laser-blind-m27-m47-xtreme\/#primaryimage","url":"https:\/\/radarservice.eu\/wp-content\/uploads\/2020\/09\/blinder_m27_xtreme.jpg","contentUrl":"https:\/\/radarservice.eu\/wp-content\/uploads\/2020\/09\/blinder_m27_xtreme.jpg","width":750,"height":563,"caption":"Brouilleur laser M27 xtreme"},{"@type":"BreadcrumbList","@id":"https:\/\/radarservice.eu\/fr\/produit\/brouilleur-laser-blind-m27-m47-xtreme\/#breadcrumb","itemListElement":[{"@type":"ListItem","position":1,"name":"Boutique","item":"https:\/\/radarservice.eu\/fr\/boutique\/"},{"@type":"ListItem","position":2,"name":"Brouilleur laser Blind M27 &#038; M47 XTREME"}]},{"@type":"WebSite","@id":"https:\/\/radarservice.eu\/fr\/#website","url":"https:\/\/radarservice.eu\/fr\/","name":"Radar Service","description":"Radar detector Laser jammer mobile fix","publisher":{"@id":"https:\/\/radarservice.eu\/fr\/#organization"},"potentialAction":[{"@type":"SearchAction","target":{"@type":"EntryPoint","urlTemplate":"https:\/\/radarservice.eu\/fr\/?s={search_term_string}"},"query-input":{"@type":"PropertyValueSpecification","valueRequired":true,"valueName":"search_term_string"}}],"inLanguage":"fr-FR"},{"@type":"Organization","@id":"https:\/\/radarservice.eu\/fr\/#organization","name":"RadarService","url":"https:\/\/radarservice.eu\/fr\/","logo":{"@type":"ImageObject","inLanguage":"fr-FR","@id":"https:\/\/radarservice.eu\/fr\/#\/schema\/logo\/image\/","url":"https:\/\/radarservice.eu\/wp-content\/uploads\/2021\/03\/Radar_detector_service.png","contentUrl":"https:\/\/radarservice.eu\/wp-content\/uploads\/2021\/03\/Radar_detector_service.png","width":174,"height":48,"caption":"RadarService"},"image":{"@id":"https:\/\/radarservice.eu\/fr\/#\/schema\/logo\/image\/"}}]}},"_links":{"self":[{"href":"https:\/\/radarservice.eu\/fr\/wp-json\/wp\/v2\/product\/14613","targetHints":{"allow":["GET"]}}],"collection":[{"href":"https:\/\/radarservice.eu\/fr\/wp-json\/wp\/v2\/product"}],"about":[{"href":"https:\/\/radarservice.eu\/fr\/wp-json\/wp\/v2\/types\/product"}],"replies":[{"embeddable":true,"href":"https:\/\/radarservice.eu\/fr\/wp-json\/wp\/v2\/comments?post=14613"}],"wp:featuredmedia":[{"embeddable":true,"href":"https:\/\/radarservice.eu\/fr\/wp-json\/wp\/v2\/media\/14248"}],"wp:attachment":[{"href":"https:\/\/radarservice.eu\/fr\/wp-json\/wp\/v2\/media?parent=14613"}],"wp:term":[{"taxonomy":"product_brand","embeddable":true,"href":"https:\/\/radarservice.eu\/fr\/wp-json\/wp\/v2\/product_brand?post=14613"},{"taxonomy":"product_cat","embeddable":true,"href":"https:\/\/radarservice.eu\/fr\/wp-json\/wp\/v2\/product_cat?post=14613"},{"taxonomy":"product_tag","embeddable":true,"href":"https:\/\/radarservice.eu\/fr\/wp-json\/wp\/v2\/product_tag?post=14613"}],"curies":[{"name":"wp","href":"https:\/\/api.w.org\/{rel}","templated":true}]}}