{"id":14612,"date":"2020-09-13T14:47:02","date_gmt":"2020-09-13T12:47:02","guid":{"rendered":"https:\/\/radarservice.eu\/produkt\/canbus-interface-pour-les-vehicules-mercedes-benz\/"},"modified":"2021-03-18T11:21:37","modified_gmt":"2021-03-18T10:21:37","slug":"canbus-interface-pour-les-vehicules-mercedes-benz","status":"publish","type":"product","link":"https:\/\/radarservice.eu\/fr\/produit\/canbus-interface-pour-les-vehicules-mercedes-benz\/","title":{"rendered":"CANbus interface pour les v\u00e9hicules Mercedes-Benz"},"content":{"rendered":"<p>CANbus interface pour STiR Plus et Mercedes-Benz, pour connecter le syst\u00e8me d\u2019alarme radar \u00e0 l\u2019indicateur de bord Mercedes-Benz et au syst\u00e8me de commande du volant.<\/p>\n<p><strong>\u00e9vente:<\/strong><br \/>\n+ tous les messages radar ou alertes apparaissent directement dans le cockpit mercedes<br \/>\n+ utilisation compl\u00e8te possible sur le volant <br \/>\nLes modules d\u2019affichage et de commande originaux STiR Plus peuvent \u00eatre install\u00e9s de mani\u00e8re compl\u00e8tement invisible<br \/>\n+ connexion facile au syst\u00e8me CANbus de votre v\u00e9hicule Mercedes-Benz<\/p>\n<p><strong>approvisionnement:<\/strong><br \/>\n* Module CANbus<br \/>\n* Les instructions d\u2019installation pour votre mod\u00e8le respectif sont fournies<\/p>\n<p><strong>compatibilis\u00e9:<\/strong><br \/>\n* Mercedes Classe C (\u00e0 partir de Bj. 2008) <br \/>\n* Mercedes CL (\u00e0 partir de Bj. 2007) <br \/>\n* Mercedes CLS (\u00e0 partir de Bj. 2009) <br \/>\n* Mercedes E-Klasse (\u00e0 partir de Bj. 2009) <br \/>\n* Mercedes GL (\u00e0 partir de Bj. 2006) <br \/>\n* Mercedes GLK (\u00e0 partir de Bj. 2008) <br \/>\n* Mercedes ML (\u00e0 partir de Bj. 2006) <br \/>\n* Mercedes R-Klasse (\u00e0 partir de Bj. 2006) <br \/>\n* Mercedes Classe S (\u00e0 partir de Bj. 2007) <br \/>\n* Mercedes SL (\u00e0 partir de Bj. 2004) <\/p>\n","protected":false},"excerpt":{"rendered":"<p>CANbus interface pour STiR Plus et Mercedes-Benz, pour connecter le syst\u00e8me d\u2019alarme radar \u00e0 l\u2019indicateur de bord Mercedes-Benz et au syst\u00e8me de commande du volant. \u00e9vente: + tous les messages radar ou alertes apparaissent directement dans le cockpit mercedes + utilisation compl\u00e8te possible sur le volant Les modules d\u2019affichage et de commande originaux STiR Plus [&#8230;]\n","protected":false},"featured_media":14244,"comment_status":"open","ping_status":"closed","template":"","meta":[],"product_brand":[],"product_cat":[316,287],"product_tag":[343,361,376,491,577,531],"class_list":{"0":"post-14612","1":"product","2":"type-product","3":"status-publish","4":"has-post-thumbnail","6":"product_cat-accessoires","7":"product_cat-beltronics-france","8":"product_tag-bel-fr","9":"product_tag-beltronics-fr","10":"product_tag-canbus-fr","11":"product_tag-mercedes-benz-fr","12":"product_tag-radarwarner-fr","13":"product_tag-sti-r-fr","15":"first","16":"onbackorder","17":"taxable","18":"shipping-taxable","19":"purchasable","20":"product-type-simple"},"yoast_head":"<!-- This site is optimized with the Yoast SEO plugin v27.2 - https:\/\/yoast.com\/product\/yoast-seo-wordpress\/ -->\n<title>CANbus interface pour les v\u00e9hicules Mercedes-Benz | Radar Service<\/title>\n<meta name=\"description\" content=\"L\u2019interface CANbus pour STiR Plus et Mercedes-Benz permet de connecter l\u2019avertisseur radar \u00e0 l\u2019interface Mercedes.\" \/>\n<meta name=\"robots\" content=\"index, follow, max-snippet:-1, max-image-preview:large, max-video-preview:-1\" \/>\n<link rel=\"canonical\" href=\"https:\/\/radarservice.eu\/fr\/produit\/canbus-interface-pour-les-vehicules-mercedes-benz\/\" \/>\n<meta property=\"og:locale\" content=\"fr_FR\" \/>\n<meta property=\"og:type\" content=\"article\" \/>\n<meta property=\"og:title\" content=\"CANbus interface pour les v\u00e9hicules Mercedes-Benz | Radar Service\" \/>\n<meta property=\"og:description\" content=\"L\u2019interface CANbus pour STiR Plus et Mercedes-Benz permet de connecter l\u2019avertisseur radar \u00e0 l\u2019interface Mercedes.\" \/>\n<meta property=\"og:url\" content=\"https:\/\/radarservice.eu\/fr\/produit\/canbus-interface-pour-les-vehicules-mercedes-benz\/\" \/>\n<meta property=\"og:site_name\" content=\"Radar Service\" \/>\n<meta property=\"article:modified_time\" content=\"2021-03-18T10:21:37+00:00\" \/>\n<meta property=\"og:image\" content=\"https:\/\/radarservice.eu\/wp-content\/uploads\/2020\/09\/canbus_mercedes_beltronics.jpg\" \/>\n\t<meta property=\"og:image:width\" content=\"712\" \/>\n\t<meta property=\"og:image:height\" content=\"400\" \/>\n\t<meta property=\"og:image:type\" content=\"image\/jpeg\" \/>\n<meta name=\"twitter:card\" content=\"summary_large_image\" \/>\n<meta name=\"twitter:label1\" content=\"Dur\u00e9e de lecture estim\u00e9e\" \/>\n\t<meta name=\"twitter:data1\" content=\"1 minute\" \/>\n<script type=\"application\/ld+json\" class=\"yoast-schema-graph\">{\"@context\":\"https:\/\/schema.org\",\"@graph\":[{\"@type\":\"WebPage\",\"@id\":\"https:\/\/radarservice.eu\/fr\/produit\/canbus-interface-pour-les-vehicules-mercedes-benz\/\",\"url\":\"https:\/\/radarservice.eu\/fr\/produit\/canbus-interface-pour-les-vehicules-mercedes-benz\/\",\"name\":\"CANbus interface pour les v\u00e9hicules Mercedes-Benz | Radar Service\",\"isPartOf\":{\"@id\":\"https:\/\/radarservice.eu\/fr\/#website\"},\"primaryImageOfPage\":{\"@id\":\"https:\/\/radarservice.eu\/fr\/produit\/canbus-interface-pour-les-vehicules-mercedes-benz\/#primaryimage\"},\"image\":{\"@id\":\"https:\/\/radarservice.eu\/fr\/produit\/canbus-interface-pour-les-vehicules-mercedes-benz\/#primaryimage\"},\"thumbnailUrl\":\"https:\/\/radarservice.eu\/wp-content\/uploads\/2020\/09\/canbus_mercedes_beltronics.jpg\",\"datePublished\":\"2020-09-13T12:47:02+00:00\",\"dateModified\":\"2021-03-18T10:21:37+00:00\",\"description\":\"L\u2019interface CANbus pour STiR Plus et Mercedes-Benz permet de connecter l\u2019avertisseur radar \u00e0 l\u2019interface Mercedes.\",\"breadcrumb\":{\"@id\":\"https:\/\/radarservice.eu\/fr\/produit\/canbus-interface-pour-les-vehicules-mercedes-benz\/#breadcrumb\"},\"inLanguage\":\"fr-FR\",\"potentialAction\":[{\"@type\":\"ReadAction\",\"target\":[\"https:\/\/radarservice.eu\/fr\/produit\/canbus-interface-pour-les-vehicules-mercedes-benz\/\"]}]},{\"@type\":\"ImageObject\",\"inLanguage\":\"fr-FR\",\"@id\":\"https:\/\/radarservice.eu\/fr\/produit\/canbus-interface-pour-les-vehicules-mercedes-benz\/#primaryimage\",\"url\":\"https:\/\/radarservice.eu\/wp-content\/uploads\/2020\/09\/canbus_mercedes_beltronics.jpg\",\"contentUrl\":\"https:\/\/radarservice.eu\/wp-content\/uploads\/2020\/09\/canbus_mercedes_beltronics.jpg\",\"width\":712,\"height\":400,\"caption\":\"Canbus Mercedes Beltronics\"},{\"@type\":\"BreadcrumbList\",\"@id\":\"https:\/\/radarservice.eu\/fr\/produit\/canbus-interface-pour-les-vehicules-mercedes-benz\/#breadcrumb\",\"itemListElement\":[{\"@type\":\"ListItem\",\"position\":1,\"name\":\"Boutique\",\"item\":\"https:\/\/radarservice.eu\/fr\/boutique\/\"},{\"@type\":\"ListItem\",\"position\":2,\"name\":\"CANbus interface pour les v\u00e9hicules Mercedes-Benz\"}]},{\"@type\":\"WebSite\",\"@id\":\"https:\/\/radarservice.eu\/fr\/#website\",\"url\":\"https:\/\/radarservice.eu\/fr\/\",\"name\":\"Radar Service\",\"description\":\"Radar detector Laser jammer mobile fix\",\"publisher\":{\"@id\":\"https:\/\/radarservice.eu\/fr\/#organization\"},\"potentialAction\":[{\"@type\":\"SearchAction\",\"target\":{\"@type\":\"EntryPoint\",\"urlTemplate\":\"https:\/\/radarservice.eu\/fr\/?s={search_term_string}\"},\"query-input\":{\"@type\":\"PropertyValueSpecification\",\"valueRequired\":true,\"valueName\":\"search_term_string\"}}],\"inLanguage\":\"fr-FR\"},{\"@type\":\"Organization\",\"@id\":\"https:\/\/radarservice.eu\/fr\/#organization\",\"name\":\"RadarService\",\"url\":\"https:\/\/radarservice.eu\/fr\/\",\"logo\":{\"@type\":\"ImageObject\",\"inLanguage\":\"fr-FR\",\"@id\":\"https:\/\/radarservice.eu\/fr\/#\/schema\/logo\/image\/\",\"url\":\"https:\/\/radarservice.eu\/wp-content\/uploads\/2021\/03\/Radar_detector_service.png\",\"contentUrl\":\"https:\/\/radarservice.eu\/wp-content\/uploads\/2021\/03\/Radar_detector_service.png\",\"width\":174,\"height\":48,\"caption\":\"RadarService\"},\"image\":{\"@id\":\"https:\/\/radarservice.eu\/fr\/#\/schema\/logo\/image\/\"}}]}<\/script>\n<!-- \/ Yoast SEO plugin. -->","yoast_head_json":{"title":"CANbus interface pour les v\u00e9hicules Mercedes-Benz | Radar Service","description":"L\u2019interface CANbus pour STiR Plus et Mercedes-Benz permet de connecter l\u2019avertisseur radar \u00e0 l\u2019interface Mercedes.","robots":{"index":"index","follow":"follow","max-snippet":"max-snippet:-1","max-image-preview":"max-image-preview:large","max-video-preview":"max-video-preview:-1"},"canonical":"https:\/\/radarservice.eu\/fr\/produit\/canbus-interface-pour-les-vehicules-mercedes-benz\/","og_locale":"fr_FR","og_type":"article","og_title":"CANbus interface pour les v\u00e9hicules Mercedes-Benz | Radar Service","og_description":"L\u2019interface CANbus pour STiR Plus et Mercedes-Benz permet de connecter l\u2019avertisseur radar \u00e0 l\u2019interface Mercedes.","og_url":"https:\/\/radarservice.eu\/fr\/produit\/canbus-interface-pour-les-vehicules-mercedes-benz\/","og_site_name":"Radar Service","article_modified_time":"2021-03-18T10:21:37+00:00","og_image":[{"width":712,"height":400,"url":"https:\/\/radarservice.eu\/wp-content\/uploads\/2020\/09\/canbus_mercedes_beltronics.jpg","type":"image\/jpeg"}],"twitter_card":"summary_large_image","twitter_misc":{"Dur\u00e9e de lecture estim\u00e9e":"1 minute"},"schema":{"@context":"https:\/\/schema.org","@graph":[{"@type":"WebPage","@id":"https:\/\/radarservice.eu\/fr\/produit\/canbus-interface-pour-les-vehicules-mercedes-benz\/","url":"https:\/\/radarservice.eu\/fr\/produit\/canbus-interface-pour-les-vehicules-mercedes-benz\/","name":"CANbus interface pour les v\u00e9hicules Mercedes-Benz | Radar Service","isPartOf":{"@id":"https:\/\/radarservice.eu\/fr\/#website"},"primaryImageOfPage":{"@id":"https:\/\/radarservice.eu\/fr\/produit\/canbus-interface-pour-les-vehicules-mercedes-benz\/#primaryimage"},"image":{"@id":"https:\/\/radarservice.eu\/fr\/produit\/canbus-interface-pour-les-vehicules-mercedes-benz\/#primaryimage"},"thumbnailUrl":"https:\/\/radarservice.eu\/wp-content\/uploads\/2020\/09\/canbus_mercedes_beltronics.jpg","datePublished":"2020-09-13T12:47:02+00:00","dateModified":"2021-03-18T10:21:37+00:00","description":"L\u2019interface CANbus pour STiR Plus et Mercedes-Benz permet de connecter l\u2019avertisseur radar \u00e0 l\u2019interface Mercedes.","breadcrumb":{"@id":"https:\/\/radarservice.eu\/fr\/produit\/canbus-interface-pour-les-vehicules-mercedes-benz\/#breadcrumb"},"inLanguage":"fr-FR","potentialAction":[{"@type":"ReadAction","target":["https:\/\/radarservice.eu\/fr\/produit\/canbus-interface-pour-les-vehicules-mercedes-benz\/"]}]},{"@type":"ImageObject","inLanguage":"fr-FR","@id":"https:\/\/radarservice.eu\/fr\/produit\/canbus-interface-pour-les-vehicules-mercedes-benz\/#primaryimage","url":"https:\/\/radarservice.eu\/wp-content\/uploads\/2020\/09\/canbus_mercedes_beltronics.jpg","contentUrl":"https:\/\/radarservice.eu\/wp-content\/uploads\/2020\/09\/canbus_mercedes_beltronics.jpg","width":712,"height":400,"caption":"Canbus Mercedes Beltronics"},{"@type":"BreadcrumbList","@id":"https:\/\/radarservice.eu\/fr\/produit\/canbus-interface-pour-les-vehicules-mercedes-benz\/#breadcrumb","itemListElement":[{"@type":"ListItem","position":1,"name":"Boutique","item":"https:\/\/radarservice.eu\/fr\/boutique\/"},{"@type":"ListItem","position":2,"name":"CANbus interface pour les v\u00e9hicules Mercedes-Benz"}]},{"@type":"WebSite","@id":"https:\/\/radarservice.eu\/fr\/#website","url":"https:\/\/radarservice.eu\/fr\/","name":"Radar Service","description":"Radar detector Laser jammer mobile fix","publisher":{"@id":"https:\/\/radarservice.eu\/fr\/#organization"},"potentialAction":[{"@type":"SearchAction","target":{"@type":"EntryPoint","urlTemplate":"https:\/\/radarservice.eu\/fr\/?s={search_term_string}"},"query-input":{"@type":"PropertyValueSpecification","valueRequired":true,"valueName":"search_term_string"}}],"inLanguage":"fr-FR"},{"@type":"Organization","@id":"https:\/\/radarservice.eu\/fr\/#organization","name":"RadarService","url":"https:\/\/radarservice.eu\/fr\/","logo":{"@type":"ImageObject","inLanguage":"fr-FR","@id":"https:\/\/radarservice.eu\/fr\/#\/schema\/logo\/image\/","url":"https:\/\/radarservice.eu\/wp-content\/uploads\/2021\/03\/Radar_detector_service.png","contentUrl":"https:\/\/radarservice.eu\/wp-content\/uploads\/2021\/03\/Radar_detector_service.png","width":174,"height":48,"caption":"RadarService"},"image":{"@id":"https:\/\/radarservice.eu\/fr\/#\/schema\/logo\/image\/"}}]}},"_links":{"self":[{"href":"https:\/\/radarservice.eu\/fr\/wp-json\/wp\/v2\/product\/14612","targetHints":{"allow":["GET"]}}],"collection":[{"href":"https:\/\/radarservice.eu\/fr\/wp-json\/wp\/v2\/product"}],"about":[{"href":"https:\/\/radarservice.eu\/fr\/wp-json\/wp\/v2\/types\/product"}],"replies":[{"embeddable":true,"href":"https:\/\/radarservice.eu\/fr\/wp-json\/wp\/v2\/comments?post=14612"}],"wp:featuredmedia":[{"embeddable":true,"href":"https:\/\/radarservice.eu\/fr\/wp-json\/wp\/v2\/media\/14244"}],"wp:attachment":[{"href":"https:\/\/radarservice.eu\/fr\/wp-json\/wp\/v2\/media?parent=14612"}],"wp:term":[{"taxonomy":"product_brand","embeddable":true,"href":"https:\/\/radarservice.eu\/fr\/wp-json\/wp\/v2\/product_brand?post=14612"},{"taxonomy":"product_cat","embeddable":true,"href":"https:\/\/radarservice.eu\/fr\/wp-json\/wp\/v2\/product_cat?post=14612"},{"taxonomy":"product_tag","embeddable":true,"href":"https:\/\/radarservice.eu\/fr\/wp-json\/wp\/v2\/product_tag?post=14612"}],"curies":[{"name":"wp","href":"https:\/\/api.w.org\/{rel}","templated":true}]}}