{"id":14611,"date":"2020-09-13T14:47:03","date_gmt":"2020-09-13T12:47:03","guid":{"rendered":"https:\/\/radarservice.eu\/produkt\/escort-8500ci-plus\/"},"modified":"2021-03-18T11:20:31","modified_gmt":"2021-03-18T10:20:31","slug":"escort-8500ci-plus","status":"publish","type":"product","link":"https:\/\/radarservice.eu\/fr\/produit\/escort-8500ci-plus\/","title":{"rendered":"ESCORT 8500ci PLUS"},"content":{"rendered":"<p> L\u2019ESCORT 8500ci PLUS est un avertisseur de radar \u00e0 infestation avec des r\u00e9glages sp\u00e9ciaux de bande K pour les fausses alarmes, l\u2019alerte laser et l\u2019indicateur de radar GPS.<br \/>\nLes r\u00e9glages avanc\u00e9s de la bande K permettent d\u2019adapter le 8500ci Plus aux besoins sp\u00e9cifiques \u00e0 chaque pays et de r\u00e9duire les fausses alertes. En outre, en appuyant sur un bouton, on peut stocker les fausses alarmes et donc les exclure en cas de nouveau passage. La version europ\u00e9enne a \u00e9t\u00e9 sp\u00e9cialement optimis\u00e9e pour une utilisation en Europe, notamment pour l\u2019Allemagne, l\u2019Autriche, la France, l\u2019Italie et les Pays-Bas. En outre, la nouvelle Escort 8500ci Plus met \u00e9galement en garde contre les syst\u00e8mes de vitesse stationnaires, section Control et Ampelblitzer dans toute l\u2019Europe.<\/p>\n<p>L\u2019unit\u00e9 de r\u00e9cepteur de l\u2019Escort 8500ci est install\u00e9e de mani\u00e8re invisible dans l\u2019avant du v\u00e9hicule et l\u2019affichage se fait par un petit \u00e9cran avec une pi\u00e8ce de commande int\u00e9gr\u00e9e. L\u2019\u00e9l\u00e9ment graphique est tr\u00e8s petit et peut \u00e9galement \u00eatre mont\u00e9 dans un cendrier ou un autre rev\u00eatement.<\/p>\n<p>L\u2019alarme sonore est assur\u00e9e par une seule voix et vous fournit \u00e9galement des informations sur la source d\u2019alarme d\u00e9d\u00e9cr\u00e9\u00e9e z.B. bande de fr\u00e9quence ou laser.<\/p>\n<p><strong>\u00e9vente:<\/strong><br \/>\n+ avertisseur de radar fixe pour montage invisible<br \/>\n+ mise en garde contre les mesures laser <br \/>\n+ avertissement pour les mesures section control (contr\u00f4les de section) <br \/>\n+ mise en garde contre les radars fixes <br \/>\n+ alerte sur la surveillance de la lumi\u00e8re rouge stationnaire<br \/>\n+ Filtres auto-scan \/ ville \/ autoroute activables (r\u00e9duit les fausses alarmes) <br \/>\n+ r\u00e9glage automatique de la luminosit\u00e9 de l\u2019\u00e9cran <br \/>\n+ convient pour une utilisation en Europe<\/p>\n<p><strong>approvisionnement:<\/strong><br \/>\n* Escort 8500ci R\u00e9cepteur radar &amp; laser<br \/>\n* Module d\u2019affichage et de commande s\u00e9par\u00e9<br \/>\n* Unit\u00e9 de commande avec haut-parleur<br \/>\n* Mat\u00e9riel de montage <br \/>\n* Mode d\u2019emploi et d\u2019installation<\/p>\n<p><strong>Note: <\/strong> L\u2019Escort 8500ci dispose d\u2019une r\u00e9ception laser, mais pour une protection laser s\u00fbre, nous recommandons l\u2019utilisation d\u2019un bloquant laser actif.B. Antilaser ALP Priority ou Lasertrack Flare !<\/p>\n","protected":false},"excerpt":{"rendered":"<p>L\u2019ESCORT 8500ci PLUS est un avertisseur de radar \u00e0 infestation avec des r\u00e9glages sp\u00e9ciaux de bande K pour les fausses alarmes, l\u2019alerte laser et l\u2019indicateur de radar GPS. Les r\u00e9glages avanc\u00e9s de la bande K permettent d\u2019adapter le 8500ci Plus aux besoins sp\u00e9cifiques \u00e0 chaque pays et de r\u00e9duire les fausses alertes. En outre, en [&#8230;]\n","protected":false},"featured_media":14220,"comment_status":"open","ping_status":"closed","template":"","meta":[],"product_brand":[],"product_cat":[331,293],"product_tag":[626,625,391,577],"class_list":{"0":"post-14611","1":"product","2":"type-product","3":"status-publish","4":"has-post-thumbnail","6":"product_cat-detecteurs-de-radar-fixes-invisible","7":"product_cat-escort-france","8":"product_tag-detecteur-de-laser","9":"product_tag-detecteur-de-radar-fixe","10":"product_tag-escort-8500ci-plus-fr","11":"product_tag-radarwarner-fr","13":"first","14":"instock","15":"taxable","16":"shipping-taxable","17":"purchasable","18":"product-type-simple"},"yoast_head":"<!-- This site is optimized with the Yoast SEO plugin v27.2 - https:\/\/yoast.com\/product\/yoast-seo-wordpress\/ -->\n<title>ESCORT 8500ci PLUS | Radar Service<\/title>\n<meta name=\"description\" content=\"L\u2019ESCORT 8500ci PLUS est un avertisseur radar invisible avec radar, alerte laser et radar GPS.g\" \/>\n<meta name=\"robots\" content=\"index, follow, max-snippet:-1, max-image-preview:large, max-video-preview:-1\" \/>\n<link rel=\"canonical\" href=\"https:\/\/radarservice.eu\/fr\/produit\/escort-8500ci-plus\/\" \/>\n<meta property=\"og:locale\" content=\"fr_FR\" \/>\n<meta property=\"og:type\" content=\"article\" \/>\n<meta property=\"og:title\" content=\"ESCORT 8500ci PLUS | Radar Service\" \/>\n<meta property=\"og:description\" content=\"L\u2019ESCORT 8500ci PLUS est un avertisseur radar invisible avec radar, alerte laser et radar GPS.g\" \/>\n<meta property=\"og:url\" content=\"https:\/\/radarservice.eu\/fr\/produit\/escort-8500ci-plus\/\" \/>\n<meta property=\"og:site_name\" content=\"Radar Service\" \/>\n<meta property=\"article:modified_time\" content=\"2021-03-18T10:20:31+00:00\" \/>\n<meta property=\"og:image\" content=\"https:\/\/radarservice.eu\/wp-content\/uploads\/2020\/09\/escort8500ci_plus_set.jpg\" \/>\n\t<meta property=\"og:image:width\" content=\"531\" \/>\n\t<meta property=\"og:image:height\" content=\"379\" \/>\n\t<meta property=\"og:image:type\" content=\"image\/jpeg\" \/>\n<meta name=\"twitter:card\" content=\"summary_large_image\" \/>\n<meta name=\"twitter:label1\" content=\"Dur\u00e9e de lecture estim\u00e9e\" \/>\n\t<meta name=\"twitter:data1\" content=\"2 minutes\" \/>\n<script type=\"application\/ld+json\" class=\"yoast-schema-graph\">{\"@context\":\"https:\/\/schema.org\",\"@graph\":[{\"@type\":\"WebPage\",\"@id\":\"https:\/\/radarservice.eu\/fr\/produit\/escort-8500ci-plus\/\",\"url\":\"https:\/\/radarservice.eu\/fr\/produit\/escort-8500ci-plus\/\",\"name\":\"ESCORT 8500ci PLUS | Radar Service\",\"isPartOf\":{\"@id\":\"https:\/\/radarservice.eu\/fr\/#website\"},\"primaryImageOfPage\":{\"@id\":\"https:\/\/radarservice.eu\/fr\/produit\/escort-8500ci-plus\/#primaryimage\"},\"image\":{\"@id\":\"https:\/\/radarservice.eu\/fr\/produit\/escort-8500ci-plus\/#primaryimage\"},\"thumbnailUrl\":\"https:\/\/radarservice.eu\/wp-content\/uploads\/2020\/09\/escort8500ci_plus_set.jpg\",\"datePublished\":\"2020-09-13T12:47:03+00:00\",\"dateModified\":\"2021-03-18T10:20:31+00:00\",\"description\":\"L\u2019ESCORT 8500ci PLUS est un avertisseur radar invisible avec radar, alerte laser et radar GPS.g\",\"breadcrumb\":{\"@id\":\"https:\/\/radarservice.eu\/fr\/produit\/escort-8500ci-plus\/#breadcrumb\"},\"inLanguage\":\"fr-FR\",\"potentialAction\":[{\"@type\":\"ReadAction\",\"target\":[\"https:\/\/radarservice.eu\/fr\/produit\/escort-8500ci-plus\/\"]}]},{\"@type\":\"ImageObject\",\"inLanguage\":\"fr-FR\",\"@id\":\"https:\/\/radarservice.eu\/fr\/produit\/escort-8500ci-plus\/#primaryimage\",\"url\":\"https:\/\/radarservice.eu\/wp-content\/uploads\/2020\/09\/escort8500ci_plus_set.jpg\",\"contentUrl\":\"https:\/\/radarservice.eu\/wp-content\/uploads\/2020\/09\/escort8500ci_plus_set.jpg\",\"width\":531,\"height\":379,\"caption\":\"Escort 8500ci Plus\"},{\"@type\":\"BreadcrumbList\",\"@id\":\"https:\/\/radarservice.eu\/fr\/produit\/escort-8500ci-plus\/#breadcrumb\",\"itemListElement\":[{\"@type\":\"ListItem\",\"position\":1,\"name\":\"Boutique\",\"item\":\"https:\/\/radarservice.eu\/fr\/boutique\/\"},{\"@type\":\"ListItem\",\"position\":2,\"name\":\"ESCORT 8500ci PLUS\"}]},{\"@type\":\"WebSite\",\"@id\":\"https:\/\/radarservice.eu\/fr\/#website\",\"url\":\"https:\/\/radarservice.eu\/fr\/\",\"name\":\"Radar Service\",\"description\":\"Radar detector Laser jammer mobile fix\",\"publisher\":{\"@id\":\"https:\/\/radarservice.eu\/fr\/#organization\"},\"potentialAction\":[{\"@type\":\"SearchAction\",\"target\":{\"@type\":\"EntryPoint\",\"urlTemplate\":\"https:\/\/radarservice.eu\/fr\/?s={search_term_string}\"},\"query-input\":{\"@type\":\"PropertyValueSpecification\",\"valueRequired\":true,\"valueName\":\"search_term_string\"}}],\"inLanguage\":\"fr-FR\"},{\"@type\":\"Organization\",\"@id\":\"https:\/\/radarservice.eu\/fr\/#organization\",\"name\":\"RadarService\",\"url\":\"https:\/\/radarservice.eu\/fr\/\",\"logo\":{\"@type\":\"ImageObject\",\"inLanguage\":\"fr-FR\",\"@id\":\"https:\/\/radarservice.eu\/fr\/#\/schema\/logo\/image\/\",\"url\":\"https:\/\/radarservice.eu\/wp-content\/uploads\/2021\/03\/Radar_detector_service.png\",\"contentUrl\":\"https:\/\/radarservice.eu\/wp-content\/uploads\/2021\/03\/Radar_detector_service.png\",\"width\":174,\"height\":48,\"caption\":\"RadarService\"},\"image\":{\"@id\":\"https:\/\/radarservice.eu\/fr\/#\/schema\/logo\/image\/\"}}]}<\/script>\n<!-- \/ Yoast SEO plugin. -->","yoast_head_json":{"title":"ESCORT 8500ci PLUS | Radar Service","description":"L\u2019ESCORT 8500ci PLUS est un avertisseur radar invisible avec radar, alerte laser et radar GPS.g","robots":{"index":"index","follow":"follow","max-snippet":"max-snippet:-1","max-image-preview":"max-image-preview:large","max-video-preview":"max-video-preview:-1"},"canonical":"https:\/\/radarservice.eu\/fr\/produit\/escort-8500ci-plus\/","og_locale":"fr_FR","og_type":"article","og_title":"ESCORT 8500ci PLUS | Radar Service","og_description":"L\u2019ESCORT 8500ci PLUS est un avertisseur radar invisible avec radar, alerte laser et radar GPS.g","og_url":"https:\/\/radarservice.eu\/fr\/produit\/escort-8500ci-plus\/","og_site_name":"Radar Service","article_modified_time":"2021-03-18T10:20:31+00:00","og_image":[{"width":531,"height":379,"url":"https:\/\/radarservice.eu\/wp-content\/uploads\/2020\/09\/escort8500ci_plus_set.jpg","type":"image\/jpeg"}],"twitter_card":"summary_large_image","twitter_misc":{"Dur\u00e9e de lecture estim\u00e9e":"2 minutes"},"schema":{"@context":"https:\/\/schema.org","@graph":[{"@type":"WebPage","@id":"https:\/\/radarservice.eu\/fr\/produit\/escort-8500ci-plus\/","url":"https:\/\/radarservice.eu\/fr\/produit\/escort-8500ci-plus\/","name":"ESCORT 8500ci PLUS | Radar Service","isPartOf":{"@id":"https:\/\/radarservice.eu\/fr\/#website"},"primaryImageOfPage":{"@id":"https:\/\/radarservice.eu\/fr\/produit\/escort-8500ci-plus\/#primaryimage"},"image":{"@id":"https:\/\/radarservice.eu\/fr\/produit\/escort-8500ci-plus\/#primaryimage"},"thumbnailUrl":"https:\/\/radarservice.eu\/wp-content\/uploads\/2020\/09\/escort8500ci_plus_set.jpg","datePublished":"2020-09-13T12:47:03+00:00","dateModified":"2021-03-18T10:20:31+00:00","description":"L\u2019ESCORT 8500ci PLUS est un avertisseur radar invisible avec radar, alerte laser et radar GPS.g","breadcrumb":{"@id":"https:\/\/radarservice.eu\/fr\/produit\/escort-8500ci-plus\/#breadcrumb"},"inLanguage":"fr-FR","potentialAction":[{"@type":"ReadAction","target":["https:\/\/radarservice.eu\/fr\/produit\/escort-8500ci-plus\/"]}]},{"@type":"ImageObject","inLanguage":"fr-FR","@id":"https:\/\/radarservice.eu\/fr\/produit\/escort-8500ci-plus\/#primaryimage","url":"https:\/\/radarservice.eu\/wp-content\/uploads\/2020\/09\/escort8500ci_plus_set.jpg","contentUrl":"https:\/\/radarservice.eu\/wp-content\/uploads\/2020\/09\/escort8500ci_plus_set.jpg","width":531,"height":379,"caption":"Escort 8500ci Plus"},{"@type":"BreadcrumbList","@id":"https:\/\/radarservice.eu\/fr\/produit\/escort-8500ci-plus\/#breadcrumb","itemListElement":[{"@type":"ListItem","position":1,"name":"Boutique","item":"https:\/\/radarservice.eu\/fr\/boutique\/"},{"@type":"ListItem","position":2,"name":"ESCORT 8500ci PLUS"}]},{"@type":"WebSite","@id":"https:\/\/radarservice.eu\/fr\/#website","url":"https:\/\/radarservice.eu\/fr\/","name":"Radar Service","description":"Radar detector Laser jammer mobile fix","publisher":{"@id":"https:\/\/radarservice.eu\/fr\/#organization"},"potentialAction":[{"@type":"SearchAction","target":{"@type":"EntryPoint","urlTemplate":"https:\/\/radarservice.eu\/fr\/?s={search_term_string}"},"query-input":{"@type":"PropertyValueSpecification","valueRequired":true,"valueName":"search_term_string"}}],"inLanguage":"fr-FR"},{"@type":"Organization","@id":"https:\/\/radarservice.eu\/fr\/#organization","name":"RadarService","url":"https:\/\/radarservice.eu\/fr\/","logo":{"@type":"ImageObject","inLanguage":"fr-FR","@id":"https:\/\/radarservice.eu\/fr\/#\/schema\/logo\/image\/","url":"https:\/\/radarservice.eu\/wp-content\/uploads\/2021\/03\/Radar_detector_service.png","contentUrl":"https:\/\/radarservice.eu\/wp-content\/uploads\/2021\/03\/Radar_detector_service.png","width":174,"height":48,"caption":"RadarService"},"image":{"@id":"https:\/\/radarservice.eu\/fr\/#\/schema\/logo\/image\/"}}]}},"_links":{"self":[{"href":"https:\/\/radarservice.eu\/fr\/wp-json\/wp\/v2\/product\/14611","targetHints":{"allow":["GET"]}}],"collection":[{"href":"https:\/\/radarservice.eu\/fr\/wp-json\/wp\/v2\/product"}],"about":[{"href":"https:\/\/radarservice.eu\/fr\/wp-json\/wp\/v2\/types\/product"}],"replies":[{"embeddable":true,"href":"https:\/\/radarservice.eu\/fr\/wp-json\/wp\/v2\/comments?post=14611"}],"wp:featuredmedia":[{"embeddable":true,"href":"https:\/\/radarservice.eu\/fr\/wp-json\/wp\/v2\/media\/14220"}],"wp:attachment":[{"href":"https:\/\/radarservice.eu\/fr\/wp-json\/wp\/v2\/media?parent=14611"}],"wp:term":[{"taxonomy":"product_brand","embeddable":true,"href":"https:\/\/radarservice.eu\/fr\/wp-json\/wp\/v2\/product_brand?post=14611"},{"taxonomy":"product_cat","embeddable":true,"href":"https:\/\/radarservice.eu\/fr\/wp-json\/wp\/v2\/product_cat?post=14611"},{"taxonomy":"product_tag","embeddable":true,"href":"https:\/\/radarservice.eu\/fr\/wp-json\/wp\/v2\/product_tag?post=14611"}],"curies":[{"name":"wp","href":"https:\/\/api.w.org\/{rel}","templated":true}]}}